{"id":4626,"date":"2024-04-01T08:19:48","date_gmt":"2024-04-01T08:19:48","guid":{"rendered":"https:\/\/comprehensiveliquor.com\/?post_type=product&#038;p=4626"},"modified":"2024-05-29T15:44:07","modified_gmt":"2024-05-29T15:44:07","slug":"jack-daniels-x-mclaren-mclxjd-2024-edition-tennessee-whisky","status":"publish","type":"product","link":"https:\/\/comprehensiveliquor.com\/ar\/product\/jack-daniels-x-mclaren-mclxjd-2024-edition-tennessee-whisky\/","title":{"rendered":"\u0648\u064a\u0633\u0643\u064a \u062a\u064a\u0646\u064a\u0633\u064a \u0645\u0646 \u062c\u0627\u0643 \u062f\u0627\u0646\u064a\u0627\u0644\u0632 \u00d7 \u0645\u0627\u0643\u0644\u0627\u0631\u064a\u0646 (McLxJD) \u0625\u0635\u062f\u0627\u0631 2024"},"content":{"rendered":"<h2>\u0648\u064a\u0633\u0643\u064a \u062a\u064a\u0646\u064a\u0633\u064a \u0645\u0646 \u062c\u0627\u0643 \u062f\u0627\u0646\u064a\u0627\u0644\u0632 x \u0645\u0627\u0643\u0644\u0627\u0631\u064a\u0646 McLxJD \u0625\u0635\u062f\u0627\u0631 2024<\/h2>\n<p>\u0648\u064a\u0633\u0643\u064a \u062c\u0627\u0643 \u062f\u0627\u0646\u064a\u0644\u0632 \u00d7 \u0645\u0627\u0643\u0644\u0627\u0631\u064a\u0646 McLxJD \u0625\u0635\u062f\u0627\u0631 \u0627\u0644\u0628\u0631\u0645\u064a\u0644 \u0627\u0644\u0648\u0627\u062d\u062f 2024 \u0645\u0646 \u062a\u064a\u0646\u064a\u0633\u064a<br \/>\n\u0627\u062d\u062a\u0641\u0627\u0644\u0627\u064b \u0628\u0634\u0631\u0627\u0643\u0629 \u062c\u0627\u0643 \u062f\u0627\u0646\u064a\u0627\u0644 \u0645\u0639 \u0641\u0631\u064a\u0642 \u0645\u0627\u0643\u0644\u0627\u0631\u064a\u0646 \u0644\u0644\u0641\u0648\u0631\u0645\u0648\u0644\u0627 1\u060c \u0623\u0635\u0628\u062d \u0628\u0625\u0645\u0643\u0627\u0646 \u0639\u0634\u0627\u0642 \u0627\u0644\u0639\u0644\u0627\u0645\u0629 \u0627\u0644\u062a\u062c\u0627\u0631\u064a\u0629 \u0627\u0644\u0622\u0646 \u0627\u0642\u062a\u0646\u0627\u0621 \u0642\u0637\u0639\u0629 \u0645\u0646 \u062a\u0627\u0631\u064a\u062e\u0647\u0627 - \u0641\u064a \u0632\u062c\u0627\u062c\u0629. \u064a\u064f\u062e\u0644\u0651\u062f \u062a\u0635\u0645\u064a\u0645 \u0647\u0630\u0647 \u0627\u0644\u0632\u062c\u0627\u062c\u0629 \u0645\u062d\u062f\u0648\u062f\u0629 \u0627\u0644\u0625\u0635\u062f\u0627\u0631 \u0644\u0648\u064a\u0633\u0643\u064a \u062c\u0627\u0643 \u062f\u0627\u0646\u064a\u0627\u0644 \u062a\u064a\u0646\u064a\u0633\u064a \u0630\u0643\u0631\u0649 \u0627\u0644\u0645\u0624\u0633\u0633\u064a\u0646 \u0627\u0644\u0631\u0627\u0626\u062f\u064a\u0646 \u0648\u0631\u0627\u0621 \u0643\u0644\u062a\u0627 \u0627\u0644\u0639\u0644\u0627\u0645\u062a\u064a\u0646 \u0627\u0644\u062a\u062c\u0627\u0631\u064a\u062a\u064a\u0646 \u0627\u0644\u0634\u0647\u064a\u0631\u062a\u064a\u0646: \u0627\u0644\u0633\u064a\u062f \u062c\u0627\u0643 \u062f\u0627\u0646\u064a\u0627\u0644 \u0646\u0641\u0633\u0647 \u0648\u0628\u0631\u0648\u0633 \u0645\u0627\u0643\u0644\u0627\u0631\u064a\u0646.<\/p>\n<p>\u0633\u062a\u062a\u0648\u0641\u0631 \u0647\u0630\u0647 \u0627\u0644\u0632\u062c\u0627\u062c\u0629 \u0630\u0627\u062a \u0627\u0644\u0625\u0635\u062f\u0627\u0631 \u0627\u0644\u0645\u062d\u062f\u0648\u062f \u0641\u064a \u0645\u062f\u0646 \u0645\u062e\u062a\u0627\u0631\u0629 \u0645\u0646 \u0645\u062f\u0646 \u0633\u0628\u0627\u0642\u0627\u062a \u0627\u0644\u0641\u0648\u0631\u0645\u0648\u0644\u0627 1 \u062d\u0648\u0644 \u0627\u0644\u0639\u0627\u0644\u0645 \u0627\u0628\u062a\u062f\u0627\u0621\u064b \u0645\u0646 \u0641\u0628\u0631\u0627\u064a\u0631 2024.<\/p>\n<p>A Tennessee \u00e1llambeli Lynchburgban \u00e9l\u0151 Jeff Arnett mesterlep\u00e1rl\u00f3 el\u0151sz\u00f6r minden sz\u00e1z hord\u00f3b\u00f3l v\u00e1laszt ki egyet egyedi \u00e9s kifejez\u0151 tulajdons\u00e1gai alapj\u00e1n. Miut\u00e1n ezeket a k\u00fcl\u00f6nleges hord\u00f3kat azonos\u00edtott\u00e1k, a lep\u00e1rl\u00f3 rikshaw-jainak legtetej\u00e9re ker\u00fclnek, ahol a sz\u00e9ls\u0151s\u00e9ges h\u0151m\u00e9rs\u00e9klet-v\u00e1ltoz\u00e1sok dr\u00e1mai k\u00f6lcs\u00f6nhat\u00e1sokat tesznek lehet\u0151v\u00e9 a whisky \u00e9s a fa k\u00f6z\u00f6tt (a t\u00f6rv\u00e9ny szerint a \u201etennessee whiskyt\u201d \u00faj, elszenes\u00edtett amerikai t\u00f6lgyfahord\u00f3kban kell \u00e9rlelni).<\/p>\n<p>\u0645\u0639\u062a\u0642 \u0644\u0645\u062f\u0629 4 \u0633\u0646\u0648\u0627\u062a \u0641\u064a \u0628\u0631\u0627\u0645\u064a\u0644 \u062c\u062f\u064a\u062f\u0629 \u0645\u0646 \u062e\u0634\u0628 \u0627\u0644\u0628\u0644\u0648\u0637 \u0627\u0644\u0645\u062d\u0631\u0648\u0642.<\/p>\n<p>&nbsp;<\/p>\n<h3><u>\u0645\u0644\u0627\u062d\u0638\u0627\u062a \u0627\u0644\u062a\u0630\u0648\u0642<\/u><\/h3>\n<ul>\n<li>\u0643\u0631\u0627\u0645\u064a\u0644 \u0645\u0639 \u0644\u0645\u062d\u0627\u062a \u062e\u0641\u064a\u0641\u0629 \u0645\u0646 \u0627\u0644\u0645\u0648\u0632<\/li>\n<li>\u0645\u0632\u064a\u062c \u0645\u062a\u0648\u0633\u0637 \u200b\u200b\u0627\u0644\u0642\u0648\u0627\u0645 \u0645\u0646 \u0646\u0643\u0647\u0627\u062a \u0627\u0644\u0643\u0631\u0627\u0645\u064a\u0644 \u0648\u0627\u0644\u0641\u0627\u0646\u064a\u0644\u064a\u0627 \u0648\u0627\u0644\u0628\u0644\u0648\u0637 \u0627\u0644\u0645\u062d\u0645\u0635 \u0627\u0644\u0645\u062a\u0648\u0627\u0632\u0646\u0629.<\/li>\n<li>\u0643\u0631\u064a\u0645\u0629 \u0648\u0646\u0638\u064a\u0641\u0629<\/li>\n<\/ul>\n<p><u>MASH BILL<\/u><\/p>\n<ul>\n<li>80% Corn<\/li>\n<li>12% Rye<\/li>\n<li>8% Malt<\/li>\n<\/ul>\n<h4><\/h4>\n<h4>\u0635\u0641\u0627\u062a<\/h4>\n<table>\n<tbody>\n<tr>\n<td><strong>Distillery<\/strong><\/td>\n<td><a title=\"Jack Daniel\u2019s distillery\" href=\"https:\/\/www.jackdaniels.com\/visit-distillery\" target=\"_blank\" rel=\"noopener\">Jack Daniel\u2019s distillery<\/a><\/td>\n<\/tr>\n<tr>\n<td><strong>Size<\/strong><\/td>\n<td>1 LT<\/td>\n<\/tr>\n<tr>\n<td><strong>ABV<\/strong><\/td>\n<td>40%<\/td>\n<\/tr>\n<tr>\n<td><strong>Region<\/strong><\/td>\n<td><a title=\"Tennessee whiskey\" href=\"https:\/\/comprehensiveliquor.com\/ar\/product-category\/tennessee-whiskey\/\">Tennessee<\/a><\/td>\n<\/tr>\n<\/tbody>\n<\/table>\n<p>&nbsp;<\/p>","protected":false},"excerpt":{"rendered":"<p>\u0648\u064a\u0633\u0643\u064a \u062c\u0627\u0643 \u062f\u0627\u0646\u064a\u0644\u0632 \u0648\u0645\u0627\u0643\u0644\u0627\u0631\u064a\u0646 McLxJD 2024 \u0625\u0635\u062f\u0627\u0631 \u0627\u0644\u0628\u0631\u0645\u064a\u0644 \u0627\u0644\u0648\u0627\u062d\u062f \u0645\u0646 \u062a\u064a\u0646\u064a\u0633\u064a\u060c \u062a\u0643\u0631\u064a\u0645\u0627\u064b \u0644\u062a\u0639\u0627\u0648\u0646 \u062c\u0627\u0643 \u062f\u0627\u0646\u064a\u0644\u0632 \u0645\u0639 \u0641\u0631\u064a\u0642 \u0645\u0627\u0643\u0644\u0627\u0631\u064a\u0646 \u0644\u0644\u0641\u0648\u0631\u0645\u0648\u0644\u0627 1.<\/p>","protected":false},"featured_media":4629,"comment_status":"closed","ping_status":"closed","template":"","meta":{"site-sidebar-layout":"default","site-content-layout":"","ast-site-content-layout":"default","site-content-style":"default","site-sidebar-style":"default","ast-global-header-display":"","ast-banner-title-visibility":"","ast-main-header-display":"","ast-hfb-above-header-display":"","ast-hfb-below-header-display":"","ast-hfb-mobile-header-display":"","site-post-title":"","ast-breadcrumbs-content":"","ast-featured-img":"","footer-sml-layout":"","ast-disable-related-posts":"","theme-transparent-header-meta":"default","adv-header-id-meta":"","stick-header-meta":"","header-above-stick-meta":"","header-main-stick-meta":"","header-below-stick-meta":"","astra-migrate-meta-layouts":"set","ast-page-background-enabled":"default","ast-page-background-meta":{"desktop":{"background-color":"","background-image":"","background-repeat":"repeat","background-position":"center center","background-size":"auto","background-attachment":"scroll","background-type":"","background-media":"","overlay-type":"","overlay-color":"","overlay-opacity":"","overlay-gradient":""},"tablet":{"background-color":"","background-image":"","background-repeat":"repeat","background-position":"center center","background-size":"auto","background-attachment":"scroll","background-type":"","background-media":"","overlay-type":"","overlay-color":"","overlay-opacity":"","overlay-gradient":""},"mobile":{"background-color":"","background-image":"","background-repeat":"repeat","background-position":"center center","background-size":"auto","background-attachment":"scroll","background-type":"","background-media":"","overlay-type":"","overlay-color":"","overlay-opacity":"","overlay-gradient":""}},"ast-content-background-meta":{"desktop":{"background-color":"var(--ast-global-color-5)","background-image":"","background-repeat":"repeat","background-position":"center center","background-size":"auto","background-attachment":"scroll","background-type":"","background-media":"","overlay-type":"","overlay-color":"","overlay-opacity":"","overlay-gradient":""},"tablet":{"background-color":"var(--ast-global-color-5)","background-image":"","background-repeat":"repeat","background-position":"center center","background-size":"auto","background-attachment":"scroll","background-type":"","background-media":"","overlay-type":"","overlay-color":"","overlay-opacity":"","overlay-gradient":""},"mobile":{"background-color":"var(--ast-global-color-5)","background-image":"","background-repeat":"repeat","background-position":"center center","background-size":"auto","background-attachment":"scroll","background-type":"","background-media":"","overlay-type":"","overlay-color":"","overlay-opacity":"","overlay-gradient":""}}},"product_brand":[],"product_cat":[65],"product_tag":[],"class_list":{"0":"post-4626","1":"product","2":"type-product","3":"status-publish","4":"has-post-thumbnail","6":"product_cat-tennessee-whiskey","7":"desktop-align-center","8":"tablet-align-left","9":"mobile-align-left","11":"first","12":"instock","13":"shipping-taxable","14":"purchasable","15":"product-type-simple"},"yoast_head":"<!-- This site is optimized with the Yoast SEO Premium plugin v24.7 (Yoast SEO v27.4) - https:\/\/yoast.com\/product\/yoast-seo-premium-wordpress\/ -->\n<title>Jack Daniel&#039;s x McLaren McLxJD 2024 Edition Tennessee Whisky<\/title>\n<meta name=\"description\" content=\"Jack Daniels and McLaren McLxJD 2024 Single Barrel Edition Tennessee Whiskey In honor of Jack Daniel&#039;s collaboration with the McLaren Formula One team,\" \/>\n<meta name=\"robots\" content=\"index, follow, max-snippet:-1, max-image-preview:large, max-video-preview:-1\" \/>\n<link rel=\"canonical\" href=\"https:\/\/comprehensiveliquor.com\/ar\/product\/jack-daniels-x-mclaren-mclxjd-2024-edition-tennessee-whisky\/\" \/>\n<meta property=\"og:locale\" content=\"ar_AR\" \/>\n<meta property=\"og:type\" content=\"article\" \/>\n<meta property=\"og:title\" content=\"Jack Daniel&#039;s x McLaren McLxJD 2024 Edition Tennessee Whisky\" \/>\n<meta property=\"og:description\" content=\"Jack Daniels and McLaren McLxJD 2024 Single Barrel Edition Tennessee Whiskey In honor of Jack Daniel&#039;s collaboration with the McLaren Formula One team,\" \/>\n<meta property=\"og:url\" content=\"https:\/\/comprehensiveliquor.com\/ar\/product\/jack-daniels-x-mclaren-mclxjd-2024-edition-tennessee-whisky\/\" \/>\n<meta property=\"og:site_name\" content=\"Comprehensive Liquor\" \/>\n<meta property=\"article:modified_time\" content=\"2024-05-29T15:44:07+00:00\" \/>\n<meta property=\"og:image\" content=\"https:\/\/comprehensiveliquor.com\/wp-content\/uploads\/2024\/04\/image_2024-04-01_091018818.png\" \/>\n\t<meta property=\"og:image:width\" content=\"447\" \/>\n\t<meta property=\"og:image:height\" content=\"559\" \/>\n\t<meta property=\"og:image:type\" content=\"image\/png\" \/>\n<meta name=\"twitter:card\" content=\"summary_large_image\" \/>\n<meta name=\"twitter:label1\" content=\"\u0648\u0642\u062a \u0627\u0644\u0642\u0631\u0627\u0621\u0629 \u0627\u0644\u0645\u064f\u0642\u062f\u0651\u0631\" \/>\n\t<meta name=\"twitter:data1\" content=\"\u062f\u0642\u064a\u0642\u0629 \u0648\u0627\u062d\u062f\u0629\" \/>\n<script type=\"application\/ld+json\" class=\"yoast-schema-graph\">{\"@context\":\"https:\\\/\\\/schema.org\",\"@graph\":[{\"@type\":\"WebPage\",\"@id\":\"https:\\\/\\\/comprehensiveliquor.com\\\/product\\\/jack-daniels-x-mclaren-mclxjd-2024-edition-tennessee-whisky\\\/\",\"url\":\"https:\\\/\\\/comprehensiveliquor.com\\\/product\\\/jack-daniels-x-mclaren-mclxjd-2024-edition-tennessee-whisky\\\/\",\"name\":\"Jack Daniel's x McLaren McLxJD 2024 Edition Tennessee Whisky\",\"isPartOf\":{\"@id\":\"https:\\\/\\\/comprehensiveliquor.com\\\/#website\"},\"primaryImageOfPage\":{\"@id\":\"https:\\\/\\\/comprehensiveliquor.com\\\/product\\\/jack-daniels-x-mclaren-mclxjd-2024-edition-tennessee-whisky\\\/#primaryimage\"},\"image\":{\"@id\":\"https:\\\/\\\/comprehensiveliquor.com\\\/product\\\/jack-daniels-x-mclaren-mclxjd-2024-edition-tennessee-whisky\\\/#primaryimage\"},\"thumbnailUrl\":\"https:\\\/\\\/comprehensiveliquor.com\\\/wp-content\\\/uploads\\\/2024\\\/04\\\/image_2024-04-01_091018818.png\",\"datePublished\":\"2024-04-01T08:19:48+00:00\",\"dateModified\":\"2024-05-29T15:44:07+00:00\",\"description\":\"Jack Daniels and McLaren McLxJD 2024 Single Barrel Edition Tennessee Whiskey In honor of Jack Daniel's collaboration with the McLaren Formula One team,\",\"breadcrumb\":{\"@id\":\"https:\\\/\\\/comprehensiveliquor.com\\\/product\\\/jack-daniels-x-mclaren-mclxjd-2024-edition-tennessee-whisky\\\/#breadcrumb\"},\"inLanguage\":\"ar\",\"potentialAction\":[{\"@type\":\"ReadAction\",\"target\":[\"https:\\\/\\\/comprehensiveliquor.com\\\/product\\\/jack-daniels-x-mclaren-mclxjd-2024-edition-tennessee-whisky\\\/\"]}]},{\"@type\":\"ImageObject\",\"inLanguage\":\"ar\",\"@id\":\"https:\\\/\\\/comprehensiveliquor.com\\\/product\\\/jack-daniels-x-mclaren-mclxjd-2024-edition-tennessee-whisky\\\/#primaryimage\",\"url\":\"https:\\\/\\\/comprehensiveliquor.com\\\/wp-content\\\/uploads\\\/2024\\\/04\\\/image_2024-04-01_091018818.png\",\"contentUrl\":\"https:\\\/\\\/comprehensiveliquor.com\\\/wp-content\\\/uploads\\\/2024\\\/04\\\/image_2024-04-01_091018818.png\",\"width\":447,\"height\":559,\"caption\":\"#image_title\"},{\"@type\":\"BreadcrumbList\",\"@id\":\"https:\\\/\\\/comprehensiveliquor.com\\\/product\\\/jack-daniels-x-mclaren-mclxjd-2024-edition-tennessee-whisky\\\/#breadcrumb\",\"itemListElement\":[{\"@type\":\"ListItem\",\"position\":1,\"name\":\"Home\",\"item\":\"https:\\\/\\\/comprehensiveliquor.com\\\/\"},{\"@type\":\"ListItem\",\"position\":2,\"name\":\"Shop\",\"item\":\"https:\\\/\\\/comprehensiveliquor.com\\\/shop\\\/\"},{\"@type\":\"ListItem\",\"position\":3,\"name\":\"Jack Daniel&#8217;s x McLaren McLxJD 2024 Edition Tennessee Whisky\"}]},{\"@type\":\"WebSite\",\"@id\":\"https:\\\/\\\/comprehensiveliquor.com\\\/#website\",\"url\":\"https:\\\/\\\/comprehensiveliquor.com\\\/\",\"name\":\"Comprehensive Liquor\",\"description\":\"Best Liquor Store\",\"publisher\":{\"@id\":\"https:\\\/\\\/comprehensiveliquor.com\\\/#organization\"},\"alternateName\":\"Comprehensive Liquor Store\",\"potentialAction\":[{\"@type\":\"SearchAction\",\"target\":{\"@type\":\"EntryPoint\",\"urlTemplate\":\"https:\\\/\\\/comprehensiveliquor.com\\\/?s={search_term_string}\"},\"query-input\":{\"@type\":\"PropertyValueSpecification\",\"valueRequired\":true,\"valueName\":\"search_term_string\"}}],\"inLanguage\":\"ar\"},{\"@type\":\"Organization\",\"@id\":\"https:\\\/\\\/comprehensiveliquor.com\\\/#organization\",\"name\":\"Comprehensive Liquor\",\"alternateName\":\"Comprehensive Liquor Store\",\"url\":\"https:\\\/\\\/comprehensiveliquor.com\\\/\",\"logo\":{\"@type\":\"ImageObject\",\"inLanguage\":\"ar\",\"@id\":\"https:\\\/\\\/comprehensiveliquor.com\\\/#\\\/schema\\\/logo\\\/image\\\/\",\"url\":\"https:\\\/\\\/comprehensiveliquor.com\\\/wp-content\\\/uploads\\\/2024\\\/03\\\/cropped-image_2024-03-26_131408877.png\",\"contentUrl\":\"https:\\\/\\\/comprehensiveliquor.com\\\/wp-content\\\/uploads\\\/2024\\\/03\\\/cropped-image_2024-03-26_131408877.png\",\"width\":378,\"height\":263,\"caption\":\"Comprehensive Liquor\"},\"image\":{\"@id\":\"https:\\\/\\\/comprehensiveliquor.com\\\/#\\\/schema\\\/logo\\\/image\\\/\"}}]}<\/script>\n<!-- \/ Yoast SEO Premium plugin. -->","yoast_head_json":{"title":"\u0648\u064a\u0633\u0643\u064a \u062a\u064a\u0646\u064a\u0633\u064a \u0645\u0646 \u062c\u0627\u0643 \u062f\u0627\u0646\u064a\u0627\u0644\u0632 \u00d7 \u0645\u0627\u0643\u0644\u0627\u0631\u064a\u0646 (McLxJD) \u0625\u0635\u062f\u0627\u0631 2024","description":"\u0648\u064a\u0633\u0643\u064a \u062c\u0627\u0643 \u062f\u0627\u0646\u064a\u0644\u0632 \u0648\u0645\u0627\u0643\u0644\u0627\u0631\u064a\u0646 McLxJD 2024 \u0625\u0635\u062f\u0627\u0631 \u0627\u0644\u0628\u0631\u0645\u064a\u0644 \u0627\u0644\u0648\u0627\u062d\u062f \u0645\u0646 \u062a\u064a\u0646\u064a\u0633\u064a\u060c \u062a\u0643\u0631\u064a\u0645\u0627\u064b \u0644\u062a\u0639\u0627\u0648\u0646 \u062c\u0627\u0643 \u062f\u0627\u0646\u064a\u0644\u0632 \u0645\u0639 \u0641\u0631\u064a\u0642 \u0645\u0627\u0643\u0644\u0627\u0631\u064a\u0646 \u0644\u0644\u0641\u0648\u0631\u0645\u0648\u0644\u0627 1.","robots":{"index":"index","follow":"follow","max-snippet":"max-snippet:-1","max-image-preview":"max-image-preview:large","max-video-preview":"max-video-preview:-1"},"canonical":"https:\/\/comprehensiveliquor.com\/ar\/product\/jack-daniels-x-mclaren-mclxjd-2024-edition-tennessee-whisky\/","og_locale":"ar_AR","og_type":"article","og_title":"Jack Daniel's x McLaren McLxJD 2024 Edition Tennessee Whisky","og_description":"Jack Daniels and McLaren McLxJD 2024 Single Barrel Edition Tennessee Whiskey In honor of Jack Daniel's collaboration with the McLaren Formula One team,","og_url":"https:\/\/comprehensiveliquor.com\/ar\/product\/jack-daniels-x-mclaren-mclxjd-2024-edition-tennessee-whisky\/","og_site_name":"Comprehensive Liquor","article_modified_time":"2024-05-29T15:44:07+00:00","og_image":[{"width":447,"height":559,"url":"https:\/\/comprehensiveliquor.com\/wp-content\/uploads\/2024\/04\/image_2024-04-01_091018818.png","type":"image\/png"}],"twitter_card":"summary_large_image","twitter_misc":{"\u0648\u0642\u062a \u0627\u0644\u0642\u0631\u0627\u0621\u0629 \u0627\u0644\u0645\u064f\u0642\u062f\u0651\u0631":"\u062f\u0642\u064a\u0642\u0629 \u0648\u0627\u062d\u062f\u0629"},"schema":{"@context":"https:\/\/schema.org","@graph":[{"@type":"WebPage","@id":"https:\/\/comprehensiveliquor.com\/product\/jack-daniels-x-mclaren-mclxjd-2024-edition-tennessee-whisky\/","url":"https:\/\/comprehensiveliquor.com\/product\/jack-daniels-x-mclaren-mclxjd-2024-edition-tennessee-whisky\/","name":"\u0648\u064a\u0633\u0643\u064a \u062a\u064a\u0646\u064a\u0633\u064a \u0645\u0646 \u062c\u0627\u0643 \u062f\u0627\u0646\u064a\u0627\u0644\u0632 \u00d7 \u0645\u0627\u0643\u0644\u0627\u0631\u064a\u0646 (McLxJD) \u0625\u0635\u062f\u0627\u0631 2024","isPartOf":{"@id":"https:\/\/comprehensiveliquor.com\/#website"},"primaryImageOfPage":{"@id":"https:\/\/comprehensiveliquor.com\/product\/jack-daniels-x-mclaren-mclxjd-2024-edition-tennessee-whisky\/#primaryimage"},"image":{"@id":"https:\/\/comprehensiveliquor.com\/product\/jack-daniels-x-mclaren-mclxjd-2024-edition-tennessee-whisky\/#primaryimage"},"thumbnailUrl":"https:\/\/comprehensiveliquor.com\/wp-content\/uploads\/2024\/04\/image_2024-04-01_091018818.png","datePublished":"2024-04-01T08:19:48+00:00","dateModified":"2024-05-29T15:44:07+00:00","description":"\u0648\u064a\u0633\u0643\u064a \u062c\u0627\u0643 \u062f\u0627\u0646\u064a\u0644\u0632 \u0648\u0645\u0627\u0643\u0644\u0627\u0631\u064a\u0646 McLxJD 2024 \u0625\u0635\u062f\u0627\u0631 \u0627\u0644\u0628\u0631\u0645\u064a\u0644 \u0627\u0644\u0648\u0627\u062d\u062f \u0645\u0646 \u062a\u064a\u0646\u064a\u0633\u064a\u060c \u062a\u0643\u0631\u064a\u0645\u0627\u064b \u0644\u062a\u0639\u0627\u0648\u0646 \u062c\u0627\u0643 \u062f\u0627\u0646\u064a\u0644\u0632 \u0645\u0639 \u0641\u0631\u064a\u0642 \u0645\u0627\u0643\u0644\u0627\u0631\u064a\u0646 \u0644\u0644\u0641\u0648\u0631\u0645\u0648\u0644\u0627 1.","breadcrumb":{"@id":"https:\/\/comprehensiveliquor.com\/product\/jack-daniels-x-mclaren-mclxjd-2024-edition-tennessee-whisky\/#breadcrumb"},"inLanguage":"ar","potentialAction":[{"@type":"ReadAction","target":["https:\/\/comprehensiveliquor.com\/product\/jack-daniels-x-mclaren-mclxjd-2024-edition-tennessee-whisky\/"]}]},{"@type":"ImageObject","inLanguage":"ar","@id":"https:\/\/comprehensiveliquor.com\/product\/jack-daniels-x-mclaren-mclxjd-2024-edition-tennessee-whisky\/#primaryimage","url":"https:\/\/comprehensiveliquor.com\/wp-content\/uploads\/2024\/04\/image_2024-04-01_091018818.png","contentUrl":"https:\/\/comprehensiveliquor.com\/wp-content\/uploads\/2024\/04\/image_2024-04-01_091018818.png","width":447,"height":559,"caption":"#image_title"},{"@type":"BreadcrumbList","@id":"https:\/\/comprehensiveliquor.com\/product\/jack-daniels-x-mclaren-mclxjd-2024-edition-tennessee-whisky\/#breadcrumb","itemListElement":[{"@type":"ListItem","position":1,"name":"Home","item":"https:\/\/comprehensiveliquor.com\/"},{"@type":"ListItem","position":2,"name":"Shop","item":"https:\/\/comprehensiveliquor.com\/shop\/"},{"@type":"ListItem","position":3,"name":"Jack Daniel&#8217;s x McLaren McLxJD 2024 Edition Tennessee Whisky"}]},{"@type":"WebSite","@id":"https:\/\/comprehensiveliquor.com\/#website","url":"https:\/\/comprehensiveliquor.com\/","name":"\u0627\u0644\u0645\u0634\u0631\u0648\u0628\u0627\u062a \u0627\u0644\u0643\u062d\u0648\u0644\u064a\u0629 \u0627\u0644\u0634\u0627\u0645\u0644\u0629","description":"Best Liquor Store","publisher":{"@id":"https:\/\/comprehensiveliquor.com\/#organization"},"alternateName":"Comprehensive Liquor Store","potentialAction":[{"@type":"SearchAction","target":{"@type":"EntryPoint","urlTemplate":"https:\/\/comprehensiveliquor.com\/?s={search_term_string}"},"query-input":{"@type":"PropertyValueSpecification","valueRequired":true,"valueName":"search_term_string"}}],"inLanguage":"ar"},{"@type":"Organization","@id":"https:\/\/comprehensiveliquor.com\/#organization","name":"\u0627\u0644\u0645\u0634\u0631\u0648\u0628\u0627\u062a \u0627\u0644\u0643\u062d\u0648\u0644\u064a\u0629 \u0627\u0644\u0634\u0627\u0645\u0644\u0629","alternateName":"Comprehensive Liquor Store","url":"https:\/\/comprehensiveliquor.com\/","logo":{"@type":"ImageObject","inLanguage":"ar","@id":"https:\/\/comprehensiveliquor.com\/#\/schema\/logo\/image\/","url":"https:\/\/comprehensiveliquor.com\/wp-content\/uploads\/2024\/03\/cropped-image_2024-03-26_131408877.png","contentUrl":"https:\/\/comprehensiveliquor.com\/wp-content\/uploads\/2024\/03\/cropped-image_2024-03-26_131408877.png","width":378,"height":263,"caption":"Comprehensive Liquor"},"image":{"@id":"https:\/\/comprehensiveliquor.com\/#\/schema\/logo\/image\/"}}]}},"_links":{"self":[{"href":"https:\/\/comprehensiveliquor.com\/ar\/wp-json\/wp\/v2\/product\/4626","targetHints":{"allow":["GET"]}}],"collection":[{"href":"https:\/\/comprehensiveliquor.com\/ar\/wp-json\/wp\/v2\/product"}],"about":[{"href":"https:\/\/comprehensiveliquor.com\/ar\/wp-json\/wp\/v2\/types\/product"}],"replies":[{"embeddable":true,"href":"https:\/\/comprehensiveliquor.com\/ar\/wp-json\/wp\/v2\/comments?post=4626"}],"wp:featuredmedia":[{"embeddable":true,"href":"https:\/\/comprehensiveliquor.com\/ar\/wp-json\/wp\/v2\/media\/4629"}],"wp:attachment":[{"href":"https:\/\/comprehensiveliquor.com\/ar\/wp-json\/wp\/v2\/media?parent=4626"}],"wp:term":[{"taxonomy":"product_brand","embeddable":true,"href":"https:\/\/comprehensiveliquor.com\/ar\/wp-json\/wp\/v2\/product_brand?post=4626"},{"taxonomy":"product_cat","embeddable":true,"href":"https:\/\/comprehensiveliquor.com\/ar\/wp-json\/wp\/v2\/product_cat?post=4626"},{"taxonomy":"product_tag","embeddable":true,"href":"https:\/\/comprehensiveliquor.com\/ar\/wp-json\/wp\/v2\/product_tag?post=4626"}],"curies":[{"name":"wp","href":"https:\/\/api.w.org\/{rel}","templated":true}]}}