{"id":1968,"date":"2022-10-14T21:20:28","date_gmt":"2022-10-14T21:20:28","guid":{"rendered":"https:\/\/comprehensiveliquor.com\/?page_id=1968"},"modified":"2022-10-23T11:59:30","modified_gmt":"2022-10-23T11:59:30","slug":"prepravni-informace","status":"publish","type":"page","link":"https:\/\/comprehensiveliquor.com\/cs\/prepravni-informace\/","title":{"rendered":"Informace o odesl\u00e1n\u00ed"},"content":{"rendered":"<p>Chcete-li zjistit cenu dopravy p\u0159ed n\u00e1kupem, pou\u017eijte pros\u00edm p\u0159i placen\u00ed na\u0161i kalkula\u010dku dopravy. Vyberte si polo\u017eky, kter\u00e9 chcete zakoupit. Sta\u010d\u00ed zadat sv\u00e9 PS\u010c na str\u00e1nce souhrnu objedn\u00e1vky a kalkula\u010dka vypo\u010d\u00edt\u00e1 n\u00e1klady na dopravu k va\u0161emu PS\u010c.<\/p>\n\n\n\n<p><strong>Pou\u017e\u00edv\u00e1me kombinaci slu\u017eeb UPS a FedEx<\/strong>&nbsp;doru\u010dit v\u0161echny bal\u00edky. Dopravce nezas\u00edl\u00e1 do P.O. schr\u00e1nek, ale zas\u00edl\u00e1 na v\u0161echny reziden\u010dn\u00ed a firemn\u00ed adresy.<\/p>\n\n\n\n<p><strong>Z\u00e1konn\u00fd po\u017eadavek na v\u011bk<\/strong>\u00a0Ka\u017ed\u00e1 z\u00e1silka alkoholu mus\u00ed b\u00fdt podeps\u00e1na dosp\u011blou osobou, kter\u00e1 je <strong>81 let nebo star\u0161\u00ed.<\/strong>\u00a0\u017d\u00e1dn\u00e9 v\u00fdjimky. Z\u00e1silky alkoholu jsou odes\u00edl\u00e1ny s\u00a0<strong>\u201eVy\u017eadov\u00e1n podpis dosp\u011bl\u00e9 osoby\u201c<\/strong>\u00a0ustanoven\u00ed a b\u011b\u017en\u00fd dopravce pou\u017eit\u00fd k doru\u010den\u00ed je povinen si p\u0159ed doru\u010den\u00edm zbo\u017e\u00ed vy\u017e\u00e1dat a ov\u011b\u0159it pr\u016fkaz toto\u017enosti.<\/p>\n\n\n\n<p><strong>Vy\u017eaduje se podpis dosp\u011bl\u00e9 osoby<\/strong>\u00a0P\u0159i doru\u010den\u00ed mus\u00ed b\u00fdt v\u0161echny n\u00e1kupy provedeny osobami star\u0161\u00edmi 18 let. Dopravce bude vy\u017eadovat doklad o v\u011bku a u v\u0161ech doru\u010den\u00ed je vy\u017eadov\u00e1n podpis. Z\u00e1silku mohou p\u0159evz\u00edt pouze osoby star\u0161\u00ed 18 let.<\/p>\n\n\n\n<p><a href=\"https:\/\/www.fedex.com\/en-cm\/home.html\" target=\"_blank\" rel=\"noopener\" title=\"\">FedEx<\/a><strong><strong> <\/strong><\/strong>a <strong>UPS<\/strong> Nedoru\u010d\u00ed se osob\u00e1m pod vlivem alkoholu. Pijte pros\u00edm zodpov\u011bdn\u011b. Pokud nikdo star\u0161\u00ed 18 let nebude k dispozici k podpisu z\u00e1silky, nebude zanech\u00e1na. Proto doporu\u010dujeme zaslat ji na adresu do pr\u00e1ce nebo firmy. Nedoru\u010dujeme na adresy P.O. Box, FPO nebo APO.<\/p>\n\n\n\n<h4 class=\"wp-block-heading\">Zas\u00edl\u00e1te do m\u00e9 zem\u011b nebo st\u00e1tu?<\/h4>\n\n\n\n<p>Zas\u00edl\u00e1me do Evropy, Asie, Kanady a USA, pokud to z\u00e1kony povoluj\u00ed k zas\u00edl\u00e1n\u00ed alkoholick\u00fdch v\u00fdrobk\u016f do va\u0161eho st\u00e1tu nebo okresu.<\/p>\n\n\n\n<h4 class=\"wp-block-heading\">M\u016f\u017ee se moje dodac\u00ed adresa p\u0159i objedn\u00e1vce li\u0161it od m\u00e9 faktura\u010dn\u00ed adresy?<\/h4>\n\n\n\n<p>Ano, m\u016f\u017eete si objednat zbo\u017e\u00ed a nechat si ho doru\u010dit na jinou adresu, ne\u017e je va\u0161e faktura\u010dn\u00ed adresa.<\/p>\n\n\n\n<h4 class=\"wp-block-heading\">When will my order be shipped?<\/h4>\n\n\n\n<p>Jakmile potvrd\u00edme platbu, za\u010dneme zpracov\u00e1vat va\u0161i objedn\u00e1vku, co\u017e trv\u00e1 maxim\u00e1ln\u011b 12 hodin, ne\u017e bude va\u0161e objedn\u00e1vka p\u0159ipravena k odesl\u00e1n\u00ed. Zbo\u017e\u00ed odes\u00edl\u00e1me n\u00e1sleduj\u00edc\u00ed pracovn\u00ed den a na omylem zakoupen\u00e9 zbo\u017e\u00ed se vztahuje 14denn\u00ed lh\u016fta pro vr\u00e1cen\u00ed. Zbo\u017e\u00ed mus\u00ed b\u00fdt zape\u010det\u011bno z v\u00fdroby a v p\u016fvodn\u00edm stavu. Kupuj\u00edc\u00ed v\u0161ech alkoholick\u00fdch n\u00e1poj\u016f prohla\u0161uje, \u017ee jedn\u00e1 v souladu s m\u00edstn\u00edmi a st\u00e1tn\u00edmi z\u00e1kony t\u00fdkaj\u00edc\u00edmi se n\u00e1kupu.<\/p>\n\n\n\n<h4 class=\"wp-block-heading\">Doba dod\u00e1n\u00ed.<\/h4>\n\n\n\n<p>V r\u00e1mci USA (Spojen\u00e9 st\u00e1ty) dod\u00e1v\u00e1me 3 a\u017e 4 pracovn\u00ed dny, v\u00a0<strong>Canada,\u00a0<\/strong>3 a\u017e 5 palc\u016f\u00a0<strong>Asia<\/strong>, 2 a\u017e 3 v Evrop\u011b a 3 a\u017e 7 dn\u00ed do\u00a0<strong>lo\u010f do Austr\u00e1lie<\/strong>, v z\u00e1vislosti na poloze z\u00e1kazn\u00edka.<\/p>","protected":false},"excerpt":{"rendered":"<p>To find out your shipping cost before purchasing, please use our shipping calculator at check out. Pick the items you would like to purchase. Just enter your zip code on the order summary page and it will calculate shipping charges to your zip code. We use a combination of UPS and FedEx&nbsp;to deliver all packages. [&hellip;]<\/p>\n","protected":false},"author":1,"featured_media":0,"parent":0,"menu_order":0,"comment_status":"closed","ping_status":"closed","template":"","meta":{"site-sidebar-layout":"default","site-content-layout":"","ast-site-content-layout":"default","site-content-style":"default","site-sidebar-style":"default","ast-global-header-display":"","ast-banner-title-visibility":"","ast-main-header-display":"","ast-hfb-above-header-display":"","ast-hfb-below-header-display":"","ast-hfb-mobile-header-display":"","site-post-title":"","ast-breadcrumbs-content":"","ast-featured-img":"","footer-sml-layout":"","ast-disable-related-posts":"","theme-transparent-header-meta":"","adv-header-id-meta":"","stick-header-meta":"","header-above-stick-meta":"","header-main-stick-meta":"","header-below-stick-meta":"","astra-migrate-meta-layouts":"default","ast-page-background-enabled":"default","ast-page-background-meta":{"desktop":{"background-color":"","background-image":"","background-repeat":"repeat","background-position":"center center","background-size":"auto","background-attachment":"scroll","background-type":"","background-media":"","overlay-type":"","overlay-color":"","overlay-opacity":"","overlay-gradient":""},"tablet":{"background-color":"","background-image":"","background-repeat":"repeat","background-position":"center center","background-size":"auto","background-attachment":"scroll","background-type":"","background-media":"","overlay-type":"","overlay-color":"","overlay-opacity":"","overlay-gradient":""},"mobile":{"background-color":"","background-image":"","background-repeat":"repeat","background-position":"center center","background-size":"auto","background-attachment":"scroll","background-type":"","background-media":"","overlay-type":"","overlay-color":"","overlay-opacity":"","overlay-gradient":""}},"ast-content-background-meta":{"desktop":{"background-color":"var(--ast-global-color-5)","background-image":"","background-repeat":"repeat","background-position":"center center","background-size":"auto","background-attachment":"scroll","background-type":"","background-media":"","overlay-type":"","overlay-color":"","overlay-opacity":"","overlay-gradient":""},"tablet":{"background-color":"var(--ast-global-color-5)","background-image":"","background-repeat":"repeat","background-position":"center center","background-size":"auto","background-attachment":"scroll","background-type":"","background-media":"","overlay-type":"","overlay-color":"","overlay-opacity":"","overlay-gradient":""},"mobile":{"background-color":"var(--ast-global-color-5)","background-image":"","background-repeat":"repeat","background-position":"center center","background-size":"auto","background-attachment":"scroll","background-type":"","background-media":"","overlay-type":"","overlay-color":"","overlay-opacity":"","overlay-gradient":""}},"footnotes":""},"class_list":["post-1968","page","type-page","status-publish","hentry"],"yoast_head":"<!-- This site is optimized with the Yoast SEO Premium plugin v24.7 (Yoast SEO v27.3) - https:\/\/yoast.com\/product\/yoast-seo-premium-wordpress\/ -->\n<title>Shipping Information | Comprehensive Liquor<\/title>\n<meta name=\"description\" content=\"To find out your shipping cost before purchasing, please use our shipping calculator at check out. Pick the items you would like to purchase. Just enter\" \/>\n<meta name=\"robots\" content=\"index, follow, max-snippet:-1, max-image-preview:large, max-video-preview:-1\" \/>\n<link rel=\"canonical\" href=\"https:\/\/comprehensiveliquor.com\/cs\/prepravni-informace\/\" \/>\n<meta property=\"og:locale\" content=\"cs_CZ\" \/>\n<meta property=\"og:type\" content=\"article\" \/>\n<meta property=\"og:title\" content=\"Shipping Information\" \/>\n<meta property=\"og:description\" content=\"To find out your shipping cost before purchasing, please use our shipping calculator at check out. Pick the items you would like to purchase. Just enter\" \/>\n<meta property=\"og:url\" content=\"https:\/\/comprehensiveliquor.com\/cs\/prepravni-informace\/\" \/>\n<meta property=\"og:site_name\" content=\"Comprehensive Liquor\" \/>\n<meta property=\"article:modified_time\" content=\"2022-10-23T11:59:30+00:00\" \/>\n<meta name=\"twitter:card\" content=\"summary_large_image\" \/>\n<meta name=\"twitter:label1\" content=\"Odhadovan\u00e1 doba \u010dten\u00ed\" \/>\n\t<meta name=\"twitter:data1\" content=\"2 minuty\" \/>\n<script type=\"application\/ld+json\" class=\"yoast-schema-graph\">{\"@context\":\"https:\\\/\\\/schema.org\",\"@graph\":[{\"@type\":\"WebPage\",\"@id\":\"https:\\\/\\\/comprehensiveliquor.com\\\/shipping-information\\\/\",\"url\":\"https:\\\/\\\/comprehensiveliquor.com\\\/shipping-information\\\/\",\"name\":\"Shipping Information | Comprehensive Liquor\",\"isPartOf\":{\"@id\":\"https:\\\/\\\/comprehensiveliquor.com\\\/#website\"},\"datePublished\":\"2022-10-14T21:20:28+00:00\",\"dateModified\":\"2022-10-23T11:59:30+00:00\",\"description\":\"To find out your shipping cost before purchasing, please use our shipping calculator at check out. Pick the items you would like to purchase. Just enter\",\"breadcrumb\":{\"@id\":\"https:\\\/\\\/comprehensiveliquor.com\\\/shipping-information\\\/#breadcrumb\"},\"inLanguage\":\"cs\",\"potentialAction\":[{\"@type\":\"ReadAction\",\"target\":[\"https:\\\/\\\/comprehensiveliquor.com\\\/shipping-information\\\/\"]}]},{\"@type\":\"BreadcrumbList\",\"@id\":\"https:\\\/\\\/comprehensiveliquor.com\\\/shipping-information\\\/#breadcrumb\",\"itemListElement\":[{\"@type\":\"ListItem\",\"position\":1,\"name\":\"Home\",\"item\":\"https:\\\/\\\/comprehensiveliquor.com\\\/\"},{\"@type\":\"ListItem\",\"position\":2,\"name\":\"Shipping Information\"}]},{\"@type\":\"WebSite\",\"@id\":\"https:\\\/\\\/comprehensiveliquor.com\\\/#website\",\"url\":\"https:\\\/\\\/comprehensiveliquor.com\\\/\",\"name\":\"Comprehensive Liquor\",\"description\":\"Best Liquor Store\",\"publisher\":{\"@id\":\"https:\\\/\\\/comprehensiveliquor.com\\\/#organization\"},\"alternateName\":\"Comprehensive Liquor Store\",\"potentialAction\":[{\"@type\":\"SearchAction\",\"target\":{\"@type\":\"EntryPoint\",\"urlTemplate\":\"https:\\\/\\\/comprehensiveliquor.com\\\/?s={search_term_string}\"},\"query-input\":{\"@type\":\"PropertyValueSpecification\",\"valueRequired\":true,\"valueName\":\"search_term_string\"}}],\"inLanguage\":\"cs\"},{\"@type\":\"Organization\",\"@id\":\"https:\\\/\\\/comprehensiveliquor.com\\\/#organization\",\"name\":\"Comprehensive Liquor\",\"alternateName\":\"Comprehensive Liquor Store\",\"url\":\"https:\\\/\\\/comprehensiveliquor.com\\\/\",\"logo\":{\"@type\":\"ImageObject\",\"inLanguage\":\"cs\",\"@id\":\"https:\\\/\\\/comprehensiveliquor.com\\\/#\\\/schema\\\/logo\\\/image\\\/\",\"url\":\"https:\\\/\\\/comprehensiveliquor.com\\\/wp-content\\\/uploads\\\/2024\\\/03\\\/cropped-image_2024-03-26_131408877.png\",\"contentUrl\":\"https:\\\/\\\/comprehensiveliquor.com\\\/wp-content\\\/uploads\\\/2024\\\/03\\\/cropped-image_2024-03-26_131408877.png\",\"width\":378,\"height\":263,\"caption\":\"Comprehensive Liquor\"},\"image\":{\"@id\":\"https:\\\/\\\/comprehensiveliquor.com\\\/#\\\/schema\\\/logo\\\/image\\\/\"}}]}<\/script>\n<!-- \/ Yoast SEO Premium plugin. -->","yoast_head_json":{"title":"Shipping Information | Comprehensive Liquor","description":"Chcete-li zjistit cenu dopravy p\u0159ed n\u00e1kupem, pou\u017eijte pros\u00edm p\u0159i placen\u00ed na\u0161i kalkula\u010dku dopravy. Vyberte si polo\u017eky, kter\u00e9 chcete zakoupit. Sta\u010d\u00ed zadat","robots":{"index":"index","follow":"follow","max-snippet":"max-snippet:-1","max-image-preview":"max-image-preview:large","max-video-preview":"max-video-preview:-1"},"canonical":"https:\/\/comprehensiveliquor.com\/cs\/prepravni-informace\/","og_locale":"cs_CZ","og_type":"article","og_title":"Shipping Information","og_description":"To find out your shipping cost before purchasing, please use our shipping calculator at check out. Pick the items you would like to purchase. Just enter","og_url":"https:\/\/comprehensiveliquor.com\/cs\/prepravni-informace\/","og_site_name":"Comprehensive Liquor","article_modified_time":"2022-10-23T11:59:30+00:00","twitter_card":"summary_large_image","twitter_misc":{"Odhadovan\u00e1 doba \u010dten\u00ed":"2 minuty"},"schema":{"@context":"https:\/\/schema.org","@graph":[{"@type":"WebPage","@id":"https:\/\/comprehensiveliquor.com\/shipping-information\/","url":"https:\/\/comprehensiveliquor.com\/shipping-information\/","name":"Shipping Information | Comprehensive Liquor","isPartOf":{"@id":"https:\/\/comprehensiveliquor.com\/#website"},"datePublished":"2022-10-14T21:20:28+00:00","dateModified":"2022-10-23T11:59:30+00:00","description":"Chcete-li zjistit cenu dopravy p\u0159ed n\u00e1kupem, pou\u017eijte pros\u00edm p\u0159i placen\u00ed na\u0161i kalkula\u010dku dopravy. Vyberte si polo\u017eky, kter\u00e9 chcete zakoupit. Sta\u010d\u00ed zadat","breadcrumb":{"@id":"https:\/\/comprehensiveliquor.com\/shipping-information\/#breadcrumb"},"inLanguage":"cs","potentialAction":[{"@type":"ReadAction","target":["https:\/\/comprehensiveliquor.com\/shipping-information\/"]}]},{"@type":"BreadcrumbList","@id":"https:\/\/comprehensiveliquor.com\/shipping-information\/#breadcrumb","itemListElement":[{"@type":"ListItem","position":1,"name":"Home","item":"https:\/\/comprehensiveliquor.com\/"},{"@type":"ListItem","position":2,"name":"Shipping Information"}]},{"@type":"WebSite","@id":"https:\/\/comprehensiveliquor.com\/#website","url":"https:\/\/comprehensiveliquor.com\/","name":"Komplexn\u00ed lik\u00e9r","description":"Best Liquor Store","publisher":{"@id":"https:\/\/comprehensiveliquor.com\/#organization"},"alternateName":"Comprehensive Liquor Store","potentialAction":[{"@type":"SearchAction","target":{"@type":"EntryPoint","urlTemplate":"https:\/\/comprehensiveliquor.com\/?s={search_term_string}"},"query-input":{"@type":"PropertyValueSpecification","valueRequired":true,"valueName":"search_term_string"}}],"inLanguage":"cs"},{"@type":"Organization","@id":"https:\/\/comprehensiveliquor.com\/#organization","name":"Komplexn\u00ed lik\u00e9r","alternateName":"Comprehensive Liquor Store","url":"https:\/\/comprehensiveliquor.com\/","logo":{"@type":"ImageObject","inLanguage":"cs","@id":"https:\/\/comprehensiveliquor.com\/#\/schema\/logo\/image\/","url":"https:\/\/comprehensiveliquor.com\/wp-content\/uploads\/2024\/03\/cropped-image_2024-03-26_131408877.png","contentUrl":"https:\/\/comprehensiveliquor.com\/wp-content\/uploads\/2024\/03\/cropped-image_2024-03-26_131408877.png","width":378,"height":263,"caption":"Comprehensive Liquor"},"image":{"@id":"https:\/\/comprehensiveliquor.com\/#\/schema\/logo\/image\/"}}]}},"_links":{"self":[{"href":"https:\/\/comprehensiveliquor.com\/cs\/wp-json\/wp\/v2\/pages\/1968","targetHints":{"allow":["GET"]}}],"collection":[{"href":"https:\/\/comprehensiveliquor.com\/cs\/wp-json\/wp\/v2\/pages"}],"about":[{"href":"https:\/\/comprehensiveliquor.com\/cs\/wp-json\/wp\/v2\/types\/page"}],"author":[{"embeddable":true,"href":"https:\/\/comprehensiveliquor.com\/cs\/wp-json\/wp\/v2\/users\/1"}],"replies":[{"embeddable":true,"href":"https:\/\/comprehensiveliquor.com\/cs\/wp-json\/wp\/v2\/comments?post=1968"}],"version-history":[{"count":0,"href":"https:\/\/comprehensiveliquor.com\/cs\/wp-json\/wp\/v2\/pages\/1968\/revisions"}],"wp:attachment":[{"href":"https:\/\/comprehensiveliquor.com\/cs\/wp-json\/wp\/v2\/media?parent=1968"}],"curies":[{"name":"wp","href":"https:\/\/api.w.org\/{rel}","templated":true}]}}