{"id":2037,"date":"2022-10-15T00:03:18","date_gmt":"2022-10-15T00:03:18","guid":{"rendered":"https:\/\/comprehensiveliquor.com\/?post_type=product&#038;p=2037"},"modified":"2023-08-19T21:51:16","modified_gmt":"2023-08-19T21:51:16","slug":"hampden-estate-4-year-old-hlcf-classic-overproof-rum","status":"publish","type":"product","link":"https:\/\/comprehensiveliquor.com\/cs\/product\/hampden-estate-4-year-old-hlcf-classic-overproof-rum\/","title":{"rendered":"Hampden Estate 4 Year Old HLCF Classic Overproof Rum"},"content":{"rendered":"<h2 style=\"color: #252525;\">Hampden Estate 4 Year Old HLCF Classic Overproof Rum<\/h2>\n<p style=\"color: #252525;\">A high-ester Hampden Estate Jamaican rum, HLCF stands for Hampden Light Continental Flavoured, one of many distillate styles made at the Hampden Estate distillery, where rum has been made since 1753.<\/p>\n<p style=\"color: #252525;\">Hampden HLCF Classic Overproof is a four-year-old pot-distilled rum bottled at 60% without any added sugar or colourings.<\/p>\n<p style=\"color: #252525;\">Hampden&#8217;s HLCF Classic Overproof rum has a high ester content of around 400-600 gr\/hlpa; for this release, the ester content is 476 gr\/hlpa, in no small part due to the long wild yeast fermentations practised at the distillery.<\/p>\n<p style=\"color: #252525;\">An epic overproof rum,\u00a0full of Jamaica&#8217;s estery delights.<\/p>","protected":false},"excerpt":{"rendered":"<p>Hampden Estate 4 Year Old HLCF Classic Overproof Rum A high-ester Hampden Estate Jamaican rum, HLCF stands for Hampden Light Continental Flavoured, one of many distillate styles made at the Hampden Estate distillery, where rum has been made since 1753. Hampden HLCF Classic Overproof is a four-year-old pot-distilled rum bottled at 60% without any added [&hellip;]<\/p>\n","protected":false},"featured_media":2038,"comment_status":"open","ping_status":"closed","template":"","meta":{"site-sidebar-layout":"default","site-content-layout":"default","ast-site-content-layout":"default","site-content-style":"default","site-sidebar-style":"default","ast-global-header-display":"","ast-banner-title-visibility":"","ast-main-header-display":"","ast-hfb-above-header-display":"","ast-hfb-below-header-display":"","ast-hfb-mobile-header-display":"","site-post-title":"","ast-breadcrumbs-content":"","ast-featured-img":"","footer-sml-layout":"","ast-disable-related-posts":"","theme-transparent-header-meta":"default","adv-header-id-meta":"","stick-header-meta":"","header-above-stick-meta":"","header-main-stick-meta":"","header-below-stick-meta":"","astra-migrate-meta-layouts":"default","ast-page-background-enabled":"default","ast-page-background-meta":{"desktop":{"background-color":"","background-image":"","background-repeat":"repeat","background-position":"center center","background-size":"auto","background-attachment":"scroll","background-type":"","background-media":"","overlay-type":"","overlay-color":"","overlay-opacity":"","overlay-gradient":""},"tablet":{"background-color":"","background-image":"","background-repeat":"repeat","background-position":"center center","background-size":"auto","background-attachment":"scroll","background-type":"","background-media":"","overlay-type":"","overlay-color":"","overlay-opacity":"","overlay-gradient":""},"mobile":{"background-color":"","background-image":"","background-repeat":"repeat","background-position":"center center","background-size":"auto","background-attachment":"scroll","background-type":"","background-media":"","overlay-type":"","overlay-color":"","overlay-opacity":"","overlay-gradient":""}},"ast-content-background-meta":{"desktop":{"background-color":"var(--ast-global-color-5)","background-image":"","background-repeat":"repeat","background-position":"center center","background-size":"auto","background-attachment":"scroll","background-type":"","background-media":"","overlay-type":"","overlay-color":"","overlay-opacity":"","overlay-gradient":""},"tablet":{"background-color":"var(--ast-global-color-5)","background-image":"","background-repeat":"repeat","background-position":"center center","background-size":"auto","background-attachment":"scroll","background-type":"","background-media":"","overlay-type":"","overlay-color":"","overlay-opacity":"","overlay-gradient":""},"mobile":{"background-color":"var(--ast-global-color-5)","background-image":"","background-repeat":"repeat","background-position":"center center","background-size":"auto","background-attachment":"scroll","background-type":"","background-media":"","overlay-type":"","overlay-color":"","overlay-opacity":"","overlay-gradient":""}}},"product_brand":[],"product_cat":[58,50],"product_tag":[],"class_list":{"0":"post-2037","1":"product","2":"type-product","3":"status-publish","4":"has-post-thumbnail","6":"product_cat-limited-edition","7":"product_cat-rum","8":"desktop-align-center","9":"tablet-align-left","10":"mobile-align-left","12":"first","13":"instock","14":"shipping-taxable","15":"purchasable","16":"product-type-simple"},"yoast_head":"<!-- This site is optimized with the Yoast SEO Premium plugin v24.7 (Yoast SEO v27.3) - https:\/\/yoast.com\/product\/yoast-seo-premium-wordpress\/ -->\n<title>Hampden Estate 4 Year Old HLCF Classic Overproof Rum<\/title>\n<meta name=\"description\" content=\"Hampden Estate 4 Year Old HLCF Classic Overproof Rum A high-ester Hampden Estate Jamaican rum, HLCF stands for Hampden Light Continental Flavoured, one of\" \/>\n<meta name=\"robots\" content=\"index, follow, max-snippet:-1, max-image-preview:large, max-video-preview:-1\" \/>\n<link rel=\"canonical\" href=\"https:\/\/comprehensiveliquor.com\/cs\/product\/hampden-estate-4-year-old-hlcf-classic-overproof-rum\/\" \/>\n<meta property=\"og:locale\" content=\"cs_CZ\" \/>\n<meta property=\"og:type\" content=\"article\" \/>\n<meta property=\"og:title\" content=\"Hampden Estate 4 Year Old HLCF Classic Overproof Rum\" \/>\n<meta property=\"og:description\" content=\"Hampden Estate 4 Year Old HLCF Classic Overproof Rum A high-ester Hampden Estate Jamaican rum, HLCF stands for Hampden Light Continental Flavoured, one of\" \/>\n<meta property=\"og:url\" content=\"https:\/\/comprehensiveliquor.com\/cs\/product\/hampden-estate-4-year-old-hlcf-classic-overproof-rum\/\" \/>\n<meta property=\"og:site_name\" content=\"Comprehensive Liquor\" \/>\n<meta property=\"article:modified_time\" content=\"2023-08-19T21:51:16+00:00\" \/>\n<meta property=\"og:image\" content=\"https:\/\/comprehensiveliquor.com\/wp-content\/uploads\/2022\/10\/image_2022-10-15_010137329.png\" \/>\n\t<meta property=\"og:image:width\" content=\"360\" \/>\n\t<meta property=\"og:image:height\" content=\"506\" \/>\n\t<meta property=\"og:image:type\" content=\"image\/png\" \/>\n<meta name=\"twitter:card\" content=\"summary_large_image\" \/>\n<meta name=\"twitter:label1\" content=\"Odhadovan\u00e1 doba \u010dten\u00ed\" \/>\n\t<meta name=\"twitter:data1\" content=\"1 minuta\" \/>\n<script type=\"application\/ld+json\" class=\"yoast-schema-graph\">{\"@context\":\"https:\\\/\\\/schema.org\",\"@graph\":[{\"@type\":\"WebPage\",\"@id\":\"https:\\\/\\\/comprehensiveliquor.com\\\/product\\\/hampden-estate-4-year-old-hlcf-classic-overproof-rum\\\/\",\"url\":\"https:\\\/\\\/comprehensiveliquor.com\\\/product\\\/hampden-estate-4-year-old-hlcf-classic-overproof-rum\\\/\",\"name\":\"Hampden Estate 4 Year Old HLCF Classic Overproof Rum\",\"isPartOf\":{\"@id\":\"https:\\\/\\\/comprehensiveliquor.com\\\/#website\"},\"primaryImageOfPage\":{\"@id\":\"https:\\\/\\\/comprehensiveliquor.com\\\/product\\\/hampden-estate-4-year-old-hlcf-classic-overproof-rum\\\/#primaryimage\"},\"image\":{\"@id\":\"https:\\\/\\\/comprehensiveliquor.com\\\/product\\\/hampden-estate-4-year-old-hlcf-classic-overproof-rum\\\/#primaryimage\"},\"thumbnailUrl\":\"https:\\\/\\\/comprehensiveliquor.com\\\/wp-content\\\/uploads\\\/2022\\\/10\\\/image_2022-10-15_010137329.png\",\"datePublished\":\"2022-10-15T00:03:18+00:00\",\"dateModified\":\"2023-08-19T21:51:16+00:00\",\"description\":\"Hampden Estate 4 Year Old HLCF Classic Overproof Rum A high-ester Hampden Estate Jamaican rum, HLCF stands for Hampden Light Continental Flavoured, one of\",\"breadcrumb\":{\"@id\":\"https:\\\/\\\/comprehensiveliquor.com\\\/product\\\/hampden-estate-4-year-old-hlcf-classic-overproof-rum\\\/#breadcrumb\"},\"inLanguage\":\"cs\",\"potentialAction\":[{\"@type\":\"ReadAction\",\"target\":[\"https:\\\/\\\/comprehensiveliquor.com\\\/product\\\/hampden-estate-4-year-old-hlcf-classic-overproof-rum\\\/\"]}]},{\"@type\":\"ImageObject\",\"inLanguage\":\"cs\",\"@id\":\"https:\\\/\\\/comprehensiveliquor.com\\\/product\\\/hampden-estate-4-year-old-hlcf-classic-overproof-rum\\\/#primaryimage\",\"url\":\"https:\\\/\\\/comprehensiveliquor.com\\\/wp-content\\\/uploads\\\/2022\\\/10\\\/image_2022-10-15_010137329.png\",\"contentUrl\":\"https:\\\/\\\/comprehensiveliquor.com\\\/wp-content\\\/uploads\\\/2022\\\/10\\\/image_2022-10-15_010137329.png\",\"width\":360,\"height\":506,\"caption\":\"Hampden Estate 4 Year Old HLCF Classic Overproof Rum\"},{\"@type\":\"BreadcrumbList\",\"@id\":\"https:\\\/\\\/comprehensiveliquor.com\\\/product\\\/hampden-estate-4-year-old-hlcf-classic-overproof-rum\\\/#breadcrumb\",\"itemListElement\":[{\"@type\":\"ListItem\",\"position\":1,\"name\":\"Home\",\"item\":\"https:\\\/\\\/comprehensiveliquor.com\\\/\"},{\"@type\":\"ListItem\",\"position\":2,\"name\":\"Shop\",\"item\":\"https:\\\/\\\/comprehensiveliquor.com\\\/shop\\\/\"},{\"@type\":\"ListItem\",\"position\":3,\"name\":\"Hampden Estate 4 Year Old HLCF Classic Overproof Rum\"}]},{\"@type\":\"WebSite\",\"@id\":\"https:\\\/\\\/comprehensiveliquor.com\\\/#website\",\"url\":\"https:\\\/\\\/comprehensiveliquor.com\\\/\",\"name\":\"Comprehensive Liquor\",\"description\":\"Best Liquor Store\",\"publisher\":{\"@id\":\"https:\\\/\\\/comprehensiveliquor.com\\\/#organization\"},\"alternateName\":\"Comprehensive Liquor Store\",\"potentialAction\":[{\"@type\":\"SearchAction\",\"target\":{\"@type\":\"EntryPoint\",\"urlTemplate\":\"https:\\\/\\\/comprehensiveliquor.com\\\/?s={search_term_string}\"},\"query-input\":{\"@type\":\"PropertyValueSpecification\",\"valueRequired\":true,\"valueName\":\"search_term_string\"}}],\"inLanguage\":\"cs\"},{\"@type\":\"Organization\",\"@id\":\"https:\\\/\\\/comprehensiveliquor.com\\\/#organization\",\"name\":\"Comprehensive Liquor\",\"alternateName\":\"Comprehensive Liquor Store\",\"url\":\"https:\\\/\\\/comprehensiveliquor.com\\\/\",\"logo\":{\"@type\":\"ImageObject\",\"inLanguage\":\"cs\",\"@id\":\"https:\\\/\\\/comprehensiveliquor.com\\\/#\\\/schema\\\/logo\\\/image\\\/\",\"url\":\"https:\\\/\\\/comprehensiveliquor.com\\\/wp-content\\\/uploads\\\/2024\\\/03\\\/cropped-image_2024-03-26_131408877.png\",\"contentUrl\":\"https:\\\/\\\/comprehensiveliquor.com\\\/wp-content\\\/uploads\\\/2024\\\/03\\\/cropped-image_2024-03-26_131408877.png\",\"width\":378,\"height\":263,\"caption\":\"Comprehensive Liquor\"},\"image\":{\"@id\":\"https:\\\/\\\/comprehensiveliquor.com\\\/#\\\/schema\\\/logo\\\/image\\\/\"}}]}<\/script>\n<!-- \/ Yoast SEO Premium plugin. -->","yoast_head_json":{"title":"Hampden Estate 4 Year Old HLCF Classic Overproof Rum","description":"Hampden Estate 4 Year Old HLCF Classic Overproof Rum A high-ester Hampden Estate Jamaican rum, HLCF stands for Hampden Light Continental Flavoured, one of","robots":{"index":"index","follow":"follow","max-snippet":"max-snippet:-1","max-image-preview":"max-image-preview:large","max-video-preview":"max-video-preview:-1"},"canonical":"https:\/\/comprehensiveliquor.com\/cs\/product\/hampden-estate-4-year-old-hlcf-classic-overproof-rum\/","og_locale":"cs_CZ","og_type":"article","og_title":"Hampden Estate 4 Year Old HLCF Classic Overproof Rum","og_description":"Hampden Estate 4 Year Old HLCF Classic Overproof Rum A high-ester Hampden Estate Jamaican rum, HLCF stands for Hampden Light Continental Flavoured, one of","og_url":"https:\/\/comprehensiveliquor.com\/cs\/product\/hampden-estate-4-year-old-hlcf-classic-overproof-rum\/","og_site_name":"Comprehensive Liquor","article_modified_time":"2023-08-19T21:51:16+00:00","og_image":[{"width":360,"height":506,"url":"https:\/\/comprehensiveliquor.com\/wp-content\/uploads\/2022\/10\/image_2022-10-15_010137329.png","type":"image\/png"}],"twitter_card":"summary_large_image","twitter_misc":{"Odhadovan\u00e1 doba \u010dten\u00ed":"1 minuta"},"schema":{"@context":"https:\/\/schema.org","@graph":[{"@type":"WebPage","@id":"https:\/\/comprehensiveliquor.com\/product\/hampden-estate-4-year-old-hlcf-classic-overproof-rum\/","url":"https:\/\/comprehensiveliquor.com\/product\/hampden-estate-4-year-old-hlcf-classic-overproof-rum\/","name":"Hampden Estate 4 Year Old HLCF Classic Overproof Rum","isPartOf":{"@id":"https:\/\/comprehensiveliquor.com\/#website"},"primaryImageOfPage":{"@id":"https:\/\/comprehensiveliquor.com\/product\/hampden-estate-4-year-old-hlcf-classic-overproof-rum\/#primaryimage"},"image":{"@id":"https:\/\/comprehensiveliquor.com\/product\/hampden-estate-4-year-old-hlcf-classic-overproof-rum\/#primaryimage"},"thumbnailUrl":"https:\/\/comprehensiveliquor.com\/wp-content\/uploads\/2022\/10\/image_2022-10-15_010137329.png","datePublished":"2022-10-15T00:03:18+00:00","dateModified":"2023-08-19T21:51:16+00:00","description":"Hampden Estate 4 Year Old HLCF Classic Overproof Rum A high-ester Hampden Estate Jamaican rum, HLCF stands for Hampden Light Continental Flavoured, one of","breadcrumb":{"@id":"https:\/\/comprehensiveliquor.com\/product\/hampden-estate-4-year-old-hlcf-classic-overproof-rum\/#breadcrumb"},"inLanguage":"cs","potentialAction":[{"@type":"ReadAction","target":["https:\/\/comprehensiveliquor.com\/product\/hampden-estate-4-year-old-hlcf-classic-overproof-rum\/"]}]},{"@type":"ImageObject","inLanguage":"cs","@id":"https:\/\/comprehensiveliquor.com\/product\/hampden-estate-4-year-old-hlcf-classic-overproof-rum\/#primaryimage","url":"https:\/\/comprehensiveliquor.com\/wp-content\/uploads\/2022\/10\/image_2022-10-15_010137329.png","contentUrl":"https:\/\/comprehensiveliquor.com\/wp-content\/uploads\/2022\/10\/image_2022-10-15_010137329.png","width":360,"height":506,"caption":"Hampden Estate 4 Year Old HLCF Classic Overproof Rum"},{"@type":"BreadcrumbList","@id":"https:\/\/comprehensiveliquor.com\/product\/hampden-estate-4-year-old-hlcf-classic-overproof-rum\/#breadcrumb","itemListElement":[{"@type":"ListItem","position":1,"name":"Home","item":"https:\/\/comprehensiveliquor.com\/"},{"@type":"ListItem","position":2,"name":"Shop","item":"https:\/\/comprehensiveliquor.com\/shop\/"},{"@type":"ListItem","position":3,"name":"Hampden Estate 4 Year Old HLCF Classic Overproof Rum"}]},{"@type":"WebSite","@id":"https:\/\/comprehensiveliquor.com\/#website","url":"https:\/\/comprehensiveliquor.com\/","name":"Komplexn\u00ed lik\u00e9r","description":"Best Liquor Store","publisher":{"@id":"https:\/\/comprehensiveliquor.com\/#organization"},"alternateName":"Comprehensive Liquor Store","potentialAction":[{"@type":"SearchAction","target":{"@type":"EntryPoint","urlTemplate":"https:\/\/comprehensiveliquor.com\/?s={search_term_string}"},"query-input":{"@type":"PropertyValueSpecification","valueRequired":true,"valueName":"search_term_string"}}],"inLanguage":"cs"},{"@type":"Organization","@id":"https:\/\/comprehensiveliquor.com\/#organization","name":"Komplexn\u00ed lik\u00e9r","alternateName":"Comprehensive Liquor Store","url":"https:\/\/comprehensiveliquor.com\/","logo":{"@type":"ImageObject","inLanguage":"cs","@id":"https:\/\/comprehensiveliquor.com\/#\/schema\/logo\/image\/","url":"https:\/\/comprehensiveliquor.com\/wp-content\/uploads\/2024\/03\/cropped-image_2024-03-26_131408877.png","contentUrl":"https:\/\/comprehensiveliquor.com\/wp-content\/uploads\/2024\/03\/cropped-image_2024-03-26_131408877.png","width":378,"height":263,"caption":"Comprehensive Liquor"},"image":{"@id":"https:\/\/comprehensiveliquor.com\/#\/schema\/logo\/image\/"}}]}},"_links":{"self":[{"href":"https:\/\/comprehensiveliquor.com\/cs\/wp-json\/wp\/v2\/product\/2037","targetHints":{"allow":["GET"]}}],"collection":[{"href":"https:\/\/comprehensiveliquor.com\/cs\/wp-json\/wp\/v2\/product"}],"about":[{"href":"https:\/\/comprehensiveliquor.com\/cs\/wp-json\/wp\/v2\/types\/product"}],"replies":[{"embeddable":true,"href":"https:\/\/comprehensiveliquor.com\/cs\/wp-json\/wp\/v2\/comments?post=2037"}],"wp:featuredmedia":[{"embeddable":true,"href":"https:\/\/comprehensiveliquor.com\/cs\/wp-json\/wp\/v2\/media\/2038"}],"wp:attachment":[{"href":"https:\/\/comprehensiveliquor.com\/cs\/wp-json\/wp\/v2\/media?parent=2037"}],"wp:term":[{"taxonomy":"product_brand","embeddable":true,"href":"https:\/\/comprehensiveliquor.com\/cs\/wp-json\/wp\/v2\/product_brand?post=2037"},{"taxonomy":"product_cat","embeddable":true,"href":"https:\/\/comprehensiveliquor.com\/cs\/wp-json\/wp\/v2\/product_cat?post=2037"},{"taxonomy":"product_tag","embeddable":true,"href":"https:\/\/comprehensiveliquor.com\/cs\/wp-json\/wp\/v2\/product_tag?post=2037"}],"curies":[{"name":"wp","href":"https:\/\/api.w.org\/{rel}","templated":true}]}}