{"id":2047,"date":"2022-10-15T00:22:18","date_gmt":"2022-10-15T00:22:18","guid":{"rendered":"https:\/\/comprehensiveliquor.com\/?post_type=product&#038;p=2047"},"modified":"2022-10-15T00:22:18","modified_gmt":"2022-10-15T00:22:18","slug":"takamaka-zepis-kreol","status":"publish","type":"product","link":"https:\/\/comprehensiveliquor.com\/cs\/product\/takamaka-zepis-kreol\/","title":{"rendered":"Takamaka Zepis Creole"},"content":{"rendered":"<h4 style=\"color: #252525;\"><strong>Sm\u011bs seychelsk\u00e9ho a bajansk\u00e9ho rumu, lahvov\u00e1n\u00ed z pal\u00edrny 70cl\/43%<\/strong><\/h4>\n<p style=\"color: #252525;\">Kolekce m\u00edchan\u00fdch rum\u016f Takamaka St. Andre poch\u00e1z\u00ed z... <span style=\"color: #252525;\">Trois\u00a0<\/span><span style=\"font-weight: 400; color: #252525;\">Fr\u00e8res<\/span><span style=\"color: #252525;\">\u00a0distillery<\/span>, na kr\u00e1sn\u00e9m ostrov\u011b\u00a0<span style=\"color: #252525;\">Mah\u00e9<\/span>\u00a0na Seychel\u00e1ch.<\/p>\n<p style=\"color: #252525;\">Takamaka Zepis Kreol je sm\u011bs melasov\u00fdch rum\u016f destilovan\u00fdch v kel\u00edmc\u00edch i v kolon\u00e1ch, kter\u00e1 byla \u201elisov\u00e1na\u201c s jemn\u00fdmi \u010d\u00e1sticemi d\u0159eva z sud\u016f po merlotu a pot\u00e9 sm\u00edch\u00e1na s 8let\u00fdm rumem z pal\u00edrny Foursquare na Barbadosu. Jak se dalo o\u010dek\u00e1vat, jedn\u00e1 se o hlubok\u00fd, komplexn\u00ed rum s mnoha chut\u011bmi.<\/p>\n<h5 style=\"color: #252525;\"><strong style=\"color: #252525;\">Ofici\u00e1ln\u00ed degusta\u010dn\u00ed pozn\u00e1mky:<\/strong><\/h5>\n<p style=\"color: #252525;\">Skute\u010dn\u00e1 hloubka chuti s bohat\u00fdm dubov\u00fdm charakterem, dopln\u011bn\u00e1 m\u00edstn\u00ed sko\u0159ic\u00ed, mu\u0161k\u00e1tov\u00fdm o\u0159\u00ed\u0161kem, h\u0159eb\u00ed\u010dkem a Quatre Epices, s lehce n\u00e1znakem ostrovn\u00ed sladkosti.<\/p>\n<p style=\"color: #252525;\">Neobsahuje \u017e\u00e1dn\u00e1 um\u011bl\u00e1 barviva ani aromata a obsah alkoholu je 43 % filtrov\u00e1n bez chlazen\u00ed. Ko\u0159en\u011bn\u00fd rum prav\u00e9ho seychelsk\u00e9ho p\u016fvodu, kter\u00fd lze pod\u00e1vat dlouho i kr\u00e1tce, ale v\u017edy ho p\u0159el\u00e9v\u00e1me ledem.<\/p>\n<h5>Atributy<\/h5>\n<table>\n<tbody>\n<tr>\n<td><strong>Distillery<\/strong><\/td>\n<td>Takamaka<\/td>\n<\/tr>\n<tr>\n<td><strong>Bottler<\/strong><\/td>\n<td>Distillery<\/td>\n<\/tr>\n<tr>\n<td><strong>Series<\/strong><\/td>\n<td>St Andre Series<\/td>\n<\/tr>\n<tr>\n<td><strong>Country<\/strong><\/td>\n<td>Seychelles<\/td>\n<\/tr>\n<tr>\n<td><strong>Bottle Size<\/strong><\/td>\n<td>70cl<\/td>\n<\/tr>\n<tr>\n<td><strong>ABV<\/strong><\/td>\n<td>43%<\/td>\n<\/tr>\n<\/tbody>\n<\/table>\n<p>&nbsp;<\/p>","protected":false},"excerpt":{"rendered":"<p>Blended Seychelles and Bajan RumDistillery Bottling 70cl\/43% The Takamaka St. Andre collection of blended rums comes from the Trois\u00a0Fr\u00e8res\u00a0distillery, on the beautiful island of\u00a0Mah\u00e9\u00a0in the Seychelles. Takamaka Zepis Kreol is a blend of both pot and column-distilled molasses rums that has been &#8220;pressed&#8221; with ex-merlot wine cask wood fines and then blended with an 8-year-old [&hellip;]<\/p>\n","protected":false},"featured_media":2048,"comment_status":"open","ping_status":"closed","template":"","meta":{"site-sidebar-layout":"default","site-content-layout":"default","ast-site-content-layout":"default","site-content-style":"default","site-sidebar-style":"default","ast-global-header-display":"","ast-banner-title-visibility":"","ast-main-header-display":"","ast-hfb-above-header-display":"","ast-hfb-below-header-display":"","ast-hfb-mobile-header-display":"","site-post-title":"","ast-breadcrumbs-content":"","ast-featured-img":"","footer-sml-layout":"","ast-disable-related-posts":"","theme-transparent-header-meta":"default","adv-header-id-meta":"","stick-header-meta":"","header-above-stick-meta":"","header-main-stick-meta":"","header-below-stick-meta":"","astra-migrate-meta-layouts":"default","ast-page-background-enabled":"default","ast-page-background-meta":{"desktop":{"background-color":"","background-image":"","background-repeat":"repeat","background-position":"center center","background-size":"auto","background-attachment":"scroll","background-type":"","background-media":"","overlay-type":"","overlay-color":"","overlay-opacity":"","overlay-gradient":""},"tablet":{"background-color":"","background-image":"","background-repeat":"repeat","background-position":"center center","background-size":"auto","background-attachment":"scroll","background-type":"","background-media":"","overlay-type":"","overlay-color":"","overlay-opacity":"","overlay-gradient":""},"mobile":{"background-color":"","background-image":"","background-repeat":"repeat","background-position":"center center","background-size":"auto","background-attachment":"scroll","background-type":"","background-media":"","overlay-type":"","overlay-color":"","overlay-opacity":"","overlay-gradient":""}},"ast-content-background-meta":{"desktop":{"background-color":"var(--ast-global-color-5)","background-image":"","background-repeat":"repeat","background-position":"center center","background-size":"auto","background-attachment":"scroll","background-type":"","background-media":"","overlay-type":"","overlay-color":"","overlay-opacity":"","overlay-gradient":""},"tablet":{"background-color":"var(--ast-global-color-5)","background-image":"","background-repeat":"repeat","background-position":"center center","background-size":"auto","background-attachment":"scroll","background-type":"","background-media":"","overlay-type":"","overlay-color":"","overlay-opacity":"","overlay-gradient":""},"mobile":{"background-color":"var(--ast-global-color-5)","background-image":"","background-repeat":"repeat","background-position":"center center","background-size":"auto","background-attachment":"scroll","background-type":"","background-media":"","overlay-type":"","overlay-color":"","overlay-opacity":"","overlay-gradient":""}}},"product_brand":[],"product_cat":[24,50],"product_tag":[],"class_list":{"0":"post-2047","1":"product","2":"type-product","3":"status-publish","4":"has-post-thumbnail","6":"product_cat-new-arrivals","7":"product_cat-rum","8":"desktop-align-center","9":"tablet-align-left","10":"mobile-align-left","12":"first","13":"instock","14":"shipping-taxable","15":"purchasable","16":"product-type-simple"},"yoast_head":"<!-- This site is optimized with the Yoast SEO Premium plugin v24.7 (Yoast SEO v27.3) - https:\/\/yoast.com\/product\/yoast-seo-premium-wordpress\/ -->\n<title>Takamaka Zepis Kreol<\/title>\n<meta name=\"description\" content=\"Blended Seychelles and Bajan RumDistillery Bottling 70cl\/43% The Takamaka St. Andre collection of blended rums comes from the Trois\u00a0Fr\u00e8res\u00a0distillery, on\" \/>\n<meta name=\"robots\" content=\"index, follow, max-snippet:-1, max-image-preview:large, max-video-preview:-1\" \/>\n<link rel=\"canonical\" href=\"https:\/\/comprehensiveliquor.com\/cs\/product\/takamaka-zepis-kreol\/\" \/>\n<meta property=\"og:locale\" content=\"cs_CZ\" \/>\n<meta property=\"og:type\" content=\"article\" \/>\n<meta property=\"og:title\" content=\"Takamaka Zepis Kreol\" \/>\n<meta property=\"og:description\" content=\"Blended Seychelles and Bajan RumDistillery Bottling 70cl\/43% The Takamaka St. Andre collection of blended rums comes from the Trois\u00a0Fr\u00e8res\u00a0distillery, on\" \/>\n<meta property=\"og:url\" content=\"https:\/\/comprehensiveliquor.com\/cs\/product\/takamaka-zepis-kreol\/\" \/>\n<meta property=\"og:site_name\" content=\"Comprehensive Liquor\" \/>\n<meta property=\"og:image\" content=\"https:\/\/comprehensiveliquor.com\/wp-content\/uploads\/2022\/10\/image_2022-10-15_011920193.png\" \/>\n\t<meta property=\"og:image:width\" content=\"360\" \/>\n\t<meta property=\"og:image:height\" content=\"541\" \/>\n\t<meta property=\"og:image:type\" content=\"image\/png\" \/>\n<meta name=\"twitter:card\" content=\"summary_large_image\" \/>\n<meta name=\"twitter:label1\" content=\"Odhadovan\u00e1 doba \u010dten\u00ed\" \/>\n\t<meta name=\"twitter:data1\" content=\"1 minuta\" \/>\n<script type=\"application\/ld+json\" class=\"yoast-schema-graph\">{\"@context\":\"https:\\\/\\\/schema.org\",\"@graph\":[{\"@type\":\"WebPage\",\"@id\":\"https:\\\/\\\/comprehensiveliquor.com\\\/product\\\/takamaka-zepis-kreol\\\/\",\"url\":\"https:\\\/\\\/comprehensiveliquor.com\\\/product\\\/takamaka-zepis-kreol\\\/\",\"name\":\"Takamaka Zepis Kreol\",\"isPartOf\":{\"@id\":\"https:\\\/\\\/comprehensiveliquor.com\\\/#website\"},\"primaryImageOfPage\":{\"@id\":\"https:\\\/\\\/comprehensiveliquor.com\\\/product\\\/takamaka-zepis-kreol\\\/#primaryimage\"},\"image\":{\"@id\":\"https:\\\/\\\/comprehensiveliquor.com\\\/product\\\/takamaka-zepis-kreol\\\/#primaryimage\"},\"thumbnailUrl\":\"https:\\\/\\\/comprehensiveliquor.com\\\/wp-content\\\/uploads\\\/2022\\\/10\\\/image_2022-10-15_011920193.png\",\"datePublished\":\"2022-10-15T00:22:18+00:00\",\"description\":\"Blended Seychelles and Bajan RumDistillery Bottling 70cl\\\/43% The Takamaka St. Andre collection of blended rums comes from the Trois\u00a0Fr\u00e8res\u00a0distillery, on\",\"breadcrumb\":{\"@id\":\"https:\\\/\\\/comprehensiveliquor.com\\\/product\\\/takamaka-zepis-kreol\\\/#breadcrumb\"},\"inLanguage\":\"cs\",\"potentialAction\":[{\"@type\":\"ReadAction\",\"target\":[\"https:\\\/\\\/comprehensiveliquor.com\\\/product\\\/takamaka-zepis-kreol\\\/\"]}]},{\"@type\":\"ImageObject\",\"inLanguage\":\"cs\",\"@id\":\"https:\\\/\\\/comprehensiveliquor.com\\\/product\\\/takamaka-zepis-kreol\\\/#primaryimage\",\"url\":\"https:\\\/\\\/comprehensiveliquor.com\\\/wp-content\\\/uploads\\\/2022\\\/10\\\/image_2022-10-15_011920193.png\",\"contentUrl\":\"https:\\\/\\\/comprehensiveliquor.com\\\/wp-content\\\/uploads\\\/2022\\\/10\\\/image_2022-10-15_011920193.png\",\"width\":360,\"height\":541},{\"@type\":\"BreadcrumbList\",\"@id\":\"https:\\\/\\\/comprehensiveliquor.com\\\/product\\\/takamaka-zepis-kreol\\\/#breadcrumb\",\"itemListElement\":[{\"@type\":\"ListItem\",\"position\":1,\"name\":\"Home\",\"item\":\"https:\\\/\\\/comprehensiveliquor.com\\\/\"},{\"@type\":\"ListItem\",\"position\":2,\"name\":\"Shop\",\"item\":\"https:\\\/\\\/comprehensiveliquor.com\\\/shop\\\/\"},{\"@type\":\"ListItem\",\"position\":3,\"name\":\"Takamaka Zepis Kreol\"}]},{\"@type\":\"WebSite\",\"@id\":\"https:\\\/\\\/comprehensiveliquor.com\\\/#website\",\"url\":\"https:\\\/\\\/comprehensiveliquor.com\\\/\",\"name\":\"Comprehensive Liquor\",\"description\":\"Best Liquor Store\",\"publisher\":{\"@id\":\"https:\\\/\\\/comprehensiveliquor.com\\\/#organization\"},\"alternateName\":\"Comprehensive Liquor Store\",\"potentialAction\":[{\"@type\":\"SearchAction\",\"target\":{\"@type\":\"EntryPoint\",\"urlTemplate\":\"https:\\\/\\\/comprehensiveliquor.com\\\/?s={search_term_string}\"},\"query-input\":{\"@type\":\"PropertyValueSpecification\",\"valueRequired\":true,\"valueName\":\"search_term_string\"}}],\"inLanguage\":\"cs\"},{\"@type\":\"Organization\",\"@id\":\"https:\\\/\\\/comprehensiveliquor.com\\\/#organization\",\"name\":\"Comprehensive Liquor\",\"alternateName\":\"Comprehensive Liquor Store\",\"url\":\"https:\\\/\\\/comprehensiveliquor.com\\\/\",\"logo\":{\"@type\":\"ImageObject\",\"inLanguage\":\"cs\",\"@id\":\"https:\\\/\\\/comprehensiveliquor.com\\\/#\\\/schema\\\/logo\\\/image\\\/\",\"url\":\"https:\\\/\\\/comprehensiveliquor.com\\\/wp-content\\\/uploads\\\/2024\\\/03\\\/cropped-image_2024-03-26_131408877.png\",\"contentUrl\":\"https:\\\/\\\/comprehensiveliquor.com\\\/wp-content\\\/uploads\\\/2024\\\/03\\\/cropped-image_2024-03-26_131408877.png\",\"width\":378,\"height\":263,\"caption\":\"Comprehensive Liquor\"},\"image\":{\"@id\":\"https:\\\/\\\/comprehensiveliquor.com\\\/#\\\/schema\\\/logo\\\/image\\\/\"}}]}<\/script>\n<!-- \/ Yoast SEO Premium plugin. -->","yoast_head_json":{"title":"Takamaka Zepis Creole","description":"Sm\u011bs seychelsk\u00fdch a bajansk\u00fdch rum\u016f, lahvov\u00e1n\u00ed 70 cl\/43 %. Kolekce m\u00edchan\u00fdch rum\u016f Takamaka St. Andre poch\u00e1z\u00ed z pal\u00edrny Trois Fr\u00e8res na...","robots":{"index":"index","follow":"follow","max-snippet":"max-snippet:-1","max-image-preview":"max-image-preview:large","max-video-preview":"max-video-preview:-1"},"canonical":"https:\/\/comprehensiveliquor.com\/cs\/product\/takamaka-zepis-kreol\/","og_locale":"cs_CZ","og_type":"article","og_title":"Takamaka Zepis Kreol","og_description":"Blended Seychelles and Bajan RumDistillery Bottling 70cl\/43% The Takamaka St. Andre collection of blended rums comes from the Trois\u00a0Fr\u00e8res\u00a0distillery, on","og_url":"https:\/\/comprehensiveliquor.com\/cs\/product\/takamaka-zepis-kreol\/","og_site_name":"Comprehensive Liquor","og_image":[{"width":360,"height":541,"url":"https:\/\/comprehensiveliquor.com\/wp-content\/uploads\/2022\/10\/image_2022-10-15_011920193.png","type":"image\/png"}],"twitter_card":"summary_large_image","twitter_misc":{"Odhadovan\u00e1 doba \u010dten\u00ed":"1 minuta"},"schema":{"@context":"https:\/\/schema.org","@graph":[{"@type":"WebPage","@id":"https:\/\/comprehensiveliquor.com\/product\/takamaka-zepis-kreol\/","url":"https:\/\/comprehensiveliquor.com\/product\/takamaka-zepis-kreol\/","name":"Takamaka Zepis Creole","isPartOf":{"@id":"https:\/\/comprehensiveliquor.com\/#website"},"primaryImageOfPage":{"@id":"https:\/\/comprehensiveliquor.com\/product\/takamaka-zepis-kreol\/#primaryimage"},"image":{"@id":"https:\/\/comprehensiveliquor.com\/product\/takamaka-zepis-kreol\/#primaryimage"},"thumbnailUrl":"https:\/\/comprehensiveliquor.com\/wp-content\/uploads\/2022\/10\/image_2022-10-15_011920193.png","datePublished":"2022-10-15T00:22:18+00:00","description":"Sm\u011bs seychelsk\u00fdch a bajansk\u00fdch rum\u016f, lahvov\u00e1n\u00ed 70 cl\/43 %. Kolekce m\u00edchan\u00fdch rum\u016f Takamaka St. Andre poch\u00e1z\u00ed z pal\u00edrny Trois Fr\u00e8res na...","breadcrumb":{"@id":"https:\/\/comprehensiveliquor.com\/product\/takamaka-zepis-kreol\/#breadcrumb"},"inLanguage":"cs","potentialAction":[{"@type":"ReadAction","target":["https:\/\/comprehensiveliquor.com\/product\/takamaka-zepis-kreol\/"]}]},{"@type":"ImageObject","inLanguage":"cs","@id":"https:\/\/comprehensiveliquor.com\/product\/takamaka-zepis-kreol\/#primaryimage","url":"https:\/\/comprehensiveliquor.com\/wp-content\/uploads\/2022\/10\/image_2022-10-15_011920193.png","contentUrl":"https:\/\/comprehensiveliquor.com\/wp-content\/uploads\/2022\/10\/image_2022-10-15_011920193.png","width":360,"height":541},{"@type":"BreadcrumbList","@id":"https:\/\/comprehensiveliquor.com\/product\/takamaka-zepis-kreol\/#breadcrumb","itemListElement":[{"@type":"ListItem","position":1,"name":"Home","item":"https:\/\/comprehensiveliquor.com\/"},{"@type":"ListItem","position":2,"name":"Shop","item":"https:\/\/comprehensiveliquor.com\/shop\/"},{"@type":"ListItem","position":3,"name":"Takamaka Zepis Kreol"}]},{"@type":"WebSite","@id":"https:\/\/comprehensiveliquor.com\/#website","url":"https:\/\/comprehensiveliquor.com\/","name":"Komplexn\u00ed lik\u00e9r","description":"Best Liquor Store","publisher":{"@id":"https:\/\/comprehensiveliquor.com\/#organization"},"alternateName":"Comprehensive Liquor Store","potentialAction":[{"@type":"SearchAction","target":{"@type":"EntryPoint","urlTemplate":"https:\/\/comprehensiveliquor.com\/?s={search_term_string}"},"query-input":{"@type":"PropertyValueSpecification","valueRequired":true,"valueName":"search_term_string"}}],"inLanguage":"cs"},{"@type":"Organization","@id":"https:\/\/comprehensiveliquor.com\/#organization","name":"Komplexn\u00ed lik\u00e9r","alternateName":"Comprehensive Liquor Store","url":"https:\/\/comprehensiveliquor.com\/","logo":{"@type":"ImageObject","inLanguage":"cs","@id":"https:\/\/comprehensiveliquor.com\/#\/schema\/logo\/image\/","url":"https:\/\/comprehensiveliquor.com\/wp-content\/uploads\/2024\/03\/cropped-image_2024-03-26_131408877.png","contentUrl":"https:\/\/comprehensiveliquor.com\/wp-content\/uploads\/2024\/03\/cropped-image_2024-03-26_131408877.png","width":378,"height":263,"caption":"Comprehensive Liquor"},"image":{"@id":"https:\/\/comprehensiveliquor.com\/#\/schema\/logo\/image\/"}}]}},"_links":{"self":[{"href":"https:\/\/comprehensiveliquor.com\/cs\/wp-json\/wp\/v2\/product\/2047","targetHints":{"allow":["GET"]}}],"collection":[{"href":"https:\/\/comprehensiveliquor.com\/cs\/wp-json\/wp\/v2\/product"}],"about":[{"href":"https:\/\/comprehensiveliquor.com\/cs\/wp-json\/wp\/v2\/types\/product"}],"replies":[{"embeddable":true,"href":"https:\/\/comprehensiveliquor.com\/cs\/wp-json\/wp\/v2\/comments?post=2047"}],"wp:featuredmedia":[{"embeddable":true,"href":"https:\/\/comprehensiveliquor.com\/cs\/wp-json\/wp\/v2\/media\/2048"}],"wp:attachment":[{"href":"https:\/\/comprehensiveliquor.com\/cs\/wp-json\/wp\/v2\/media?parent=2047"}],"wp:term":[{"taxonomy":"product_brand","embeddable":true,"href":"https:\/\/comprehensiveliquor.com\/cs\/wp-json\/wp\/v2\/product_brand?post=2047"},{"taxonomy":"product_cat","embeddable":true,"href":"https:\/\/comprehensiveliquor.com\/cs\/wp-json\/wp\/v2\/product_cat?post=2047"},{"taxonomy":"product_tag","embeddable":true,"href":"https:\/\/comprehensiveliquor.com\/cs\/wp-json\/wp\/v2\/product_tag?post=2047"}],"curies":[{"name":"wp","href":"https:\/\/api.w.org\/{rel}","templated":true}]}}