{"id":2295,"date":"2022-10-16T18:17:14","date_gmt":"2022-10-16T18:17:14","guid":{"rendered":"https:\/\/comprehensiveliquor.com\/?post_type=product&#038;p=2295"},"modified":"2023-09-29T06:45:43","modified_gmt":"2023-09-29T06:45:43","slug":"the-one-colheita-cask-finished-whisky-lakes-distillery","status":"publish","type":"product","link":"https:\/\/comprehensiveliquor.com\/cs\/product\/the-one-colheita-cask-finished-whisky-lakes-distillery\/","title":{"rendered":"The One Colheita Cask Finished Whisky | Lakes Distillery"},"content":{"rendered":"<h2 class=\"product-single__title\" style=\"color: #252525;\">The One Colheita Cask Finished Whisky <strong style=\"color: #252525;\">70cl<\/strong><\/h2>\n<p style=\"color: #252525;\">The Lakes Distillery&#8217;s The One series of blended whiskies takes another step with this Colheita Cask Finished blend, which has been bottled at 46.6% without colouring or chill filtration.<\/p>\n<p style=\"color: #252525;\">The word &#8220;colheita&#8221; means &#8220;harvest&#8221; in its native Portugal, where it is used to refer to grapes and wines from a single year that are destined to become vintage Port. After marrying together The Lakes spirit with selected single malt and grain whiskies from Islay, Speyside and the Highlands, the assemblage is married in Colheita port casks to add an extra layer of fruity flavour to The One Colheita Cask Finished blend.<\/p>\n<p style=\"color: #252525;\">Colheita (Col-yate-a) means \u201charvest\u201d, referring to the exclusive use of grapes from a single crop to create a vintage port.<\/p>\n<p style=\"color: #252525;\">singular blend of The Lakes Single Malt and select grain and malt Scotch whiskies from the Highlands, Speyside, and Islay is then finished in rare Colheita casks to create this rich and warming expression of The One.<\/p>\n<p style=\"color: #252525;\">Peach cobbler, fresh apricot, and a whiff of autumnal smoke on the nose lead to a palate of ripe plums, vanilla custard, and warming cinnamon with a rich and comforting finish.<\/p>\n<p style=\"color: #252525;\">Non-chill filtered for a richer mouthfeel and fuller flavor, with only the natural colors derived from our oak casks in every bottle.<\/p>\n<p>&nbsp;<\/p>\n<h2><strong>Ofici\u00e1ln\u00ed degusta\u010dn\u00ed pozn\u00e1mky<\/strong><\/h2>\n<p><strong>Nos:\u00a0<\/strong>Peach cobbler, fresh apricots, whiff of autumnal smoke.<\/p>\n<p>Palate:\u00a0Ripe plums, vanilla custard, and warming cinnamon.<\/p>\n<p>Finish:\u00a0Rich and comforting.<\/p>\n<p>&nbsp;<\/p>\n<h5>Atributy<\/h5>\n<table>\n<tbody>\n<tr>\n<td><strong>Distillery<\/strong><\/td>\n<td><a title=\"The Lakes Distillery\" href=\"https:\/\/www.keswick.org\/what-to-do\/attractions\/the-lakes-distillery\" target=\"_blank\" rel=\"noopener\">The Lakes Distillery<\/a><\/td>\n<\/tr>\n<tr>\n<td><b>Kategorie<\/b><\/td>\n<td><a title=\"Anglick\u00e1 whisky\" href=\"https:\/\/comprehensiveliquor.com\/cs\/product-category\/english-whisky\/\">Anglick\u00e1 whisky<\/a><\/td>\n<\/tr>\n<tr>\n<td><strong>Series<\/strong><\/td>\n<td>The One<\/td>\n<\/tr>\n<tr>\n<td><strong>Country<\/strong><\/td>\n<td>England<\/td>\n<\/tr>\n<tr>\n<td><strong>Limitovan\u00e1 edice<\/strong><\/td>\n<td>Yes<\/td>\n<\/tr>\n<tr>\n<td><strong>Cask Type<\/strong><\/td>\n<td>Colheita Cask\u00a0Finish<\/td>\n<\/tr>\n<tr>\n<td><strong>Bottle Size<\/strong><\/td>\n<td>70cl<\/td>\n<\/tr>\n<tr>\n<td><strong>ABV<\/strong><\/td>\n<td>46.6%<\/td>\n<\/tr>\n<\/tbody>\n<\/table>","protected":false},"excerpt":{"rendered":"<p>The One Colheita Cask Finished Whisky 70cl The Lakes Distillery&#8217;s The One series of blended whiskies takes another step with this Colheita Cask Finished blend, which has been bottled at 46.6% without colouring or chill filtration. The word &#8220;colheita&#8221; means &#8220;harvest&#8221; in its native Portugal, where it is used to refer to grapes and wines [&hellip;]<\/p>\n","protected":false},"featured_media":2296,"comment_status":"open","ping_status":"closed","template":"","meta":{"site-sidebar-layout":"default","site-content-layout":"default","ast-site-content-layout":"default","site-content-style":"default","site-sidebar-style":"default","ast-global-header-display":"","ast-banner-title-visibility":"","ast-main-header-display":"","ast-hfb-above-header-display":"","ast-hfb-below-header-display":"","ast-hfb-mobile-header-display":"","site-post-title":"","ast-breadcrumbs-content":"","ast-featured-img":"","footer-sml-layout":"","ast-disable-related-posts":"","theme-transparent-header-meta":"default","adv-header-id-meta":"","stick-header-meta":"","header-above-stick-meta":"","header-main-stick-meta":"","header-below-stick-meta":"","astra-migrate-meta-layouts":"set","ast-page-background-enabled":"default","ast-page-background-meta":{"desktop":{"background-color":"","background-image":"","background-repeat":"repeat","background-position":"center center","background-size":"auto","background-attachment":"scroll","background-type":"","background-media":"","overlay-type":"","overlay-color":"","overlay-opacity":"","overlay-gradient":""},"tablet":{"background-color":"","background-image":"","background-repeat":"repeat","background-position":"center center","background-size":"auto","background-attachment":"scroll","background-type":"","background-media":"","overlay-type":"","overlay-color":"","overlay-opacity":"","overlay-gradient":""},"mobile":{"background-color":"","background-image":"","background-repeat":"repeat","background-position":"center center","background-size":"auto","background-attachment":"scroll","background-type":"","background-media":"","overlay-type":"","overlay-color":"","overlay-opacity":"","overlay-gradient":""}},"ast-content-background-meta":{"desktop":{"background-color":"var(--ast-global-color-5)","background-image":"","background-repeat":"repeat","background-position":"center center","background-size":"auto","background-attachment":"scroll","background-type":"","background-media":"","overlay-type":"","overlay-color":"","overlay-opacity":"","overlay-gradient":""},"tablet":{"background-color":"var(--ast-global-color-5)","background-image":"","background-repeat":"repeat","background-position":"center center","background-size":"auto","background-attachment":"scroll","background-type":"","background-media":"","overlay-type":"","overlay-color":"","overlay-opacity":"","overlay-gradient":""},"mobile":{"background-color":"var(--ast-global-color-5)","background-image":"","background-repeat":"repeat","background-position":"center center","background-size":"auto","background-attachment":"scroll","background-type":"","background-media":"","overlay-type":"","overlay-color":"","overlay-opacity":"","overlay-gradient":""}}},"product_brand":[],"product_cat":[28,43,24,46,27],"product_tag":[],"class_list":{"0":"post-2295","1":"product","2":"type-product","3":"status-publish","4":"has-post-thumbnail","6":"product_cat-blended-whisky","7":"product_cat-english-whisky","8":"product_cat-new-arrivals","9":"product_cat-whisky","10":"product_cat-world-whisky","11":"desktop-align-center","12":"tablet-align-left","13":"mobile-align-left","15":"first","16":"instock","17":"shipping-taxable","18":"purchasable","19":"product-type-simple"},"yoast_head":"<!-- This site is optimized with the Yoast SEO Premium plugin v24.7 (Yoast SEO v27.3) - https:\/\/yoast.com\/product\/yoast-seo-premium-wordpress\/ -->\n<title>The One Colheita Cask Finished Whisky | Lakes Distillery<\/title>\n<meta name=\"description\" content=\"The One Colheita Cask Finished Whisky 70cl The Lakes Distillery&#039;s The One series of blended whiskies takes another step with this Colheita Cask Finished\" \/>\n<meta name=\"robots\" content=\"index, follow, max-snippet:-1, max-image-preview:large, max-video-preview:-1\" \/>\n<link rel=\"canonical\" href=\"https:\/\/comprehensiveliquor.com\/cs\/product\/the-one-colheita-cask-finished-whisky-lakes-distillery\/\" \/>\n<meta property=\"og:locale\" content=\"cs_CZ\" \/>\n<meta property=\"og:type\" content=\"article\" \/>\n<meta property=\"og:title\" content=\"The One Colheita Cask Finished Whisky | Lakes Distillery\" \/>\n<meta property=\"og:description\" content=\"The One Colheita Cask Finished Whisky 70cl The Lakes Distillery&#039;s The One series of blended whiskies takes another step with this Colheita Cask Finished\" \/>\n<meta property=\"og:url\" content=\"https:\/\/comprehensiveliquor.com\/cs\/product\/the-one-colheita-cask-finished-whisky-lakes-distillery\/\" \/>\n<meta property=\"og:site_name\" content=\"Comprehensive Liquor\" \/>\n<meta property=\"article:modified_time\" content=\"2023-09-29T06:45:43+00:00\" \/>\n<meta property=\"og:image\" content=\"https:\/\/comprehensiveliquor.com\/wp-content\/uploads\/2022\/10\/image_2022-10-16_191402618.png\" \/>\n\t<meta property=\"og:image:width\" content=\"360\" \/>\n\t<meta property=\"og:image:height\" content=\"541\" \/>\n\t<meta property=\"og:image:type\" content=\"image\/png\" \/>\n<meta name=\"twitter:card\" content=\"summary_large_image\" \/>\n<meta name=\"twitter:label1\" content=\"Odhadovan\u00e1 doba \u010dten\u00ed\" \/>\n\t<meta name=\"twitter:data1\" content=\"1 minuta\" \/>\n<script type=\"application\/ld+json\" class=\"yoast-schema-graph\">{\"@context\":\"https:\\\/\\\/schema.org\",\"@graph\":[{\"@type\":\"WebPage\",\"@id\":\"https:\\\/\\\/comprehensiveliquor.com\\\/product\\\/the-one-colheita-cask-finished-whisky-lakes-distillery\\\/\",\"url\":\"https:\\\/\\\/comprehensiveliquor.com\\\/product\\\/the-one-colheita-cask-finished-whisky-lakes-distillery\\\/\",\"name\":\"The One Colheita Cask Finished Whisky | Lakes Distillery\",\"isPartOf\":{\"@id\":\"https:\\\/\\\/comprehensiveliquor.com\\\/#website\"},\"primaryImageOfPage\":{\"@id\":\"https:\\\/\\\/comprehensiveliquor.com\\\/product\\\/the-one-colheita-cask-finished-whisky-lakes-distillery\\\/#primaryimage\"},\"image\":{\"@id\":\"https:\\\/\\\/comprehensiveliquor.com\\\/product\\\/the-one-colheita-cask-finished-whisky-lakes-distillery\\\/#primaryimage\"},\"thumbnailUrl\":\"https:\\\/\\\/comprehensiveliquor.com\\\/wp-content\\\/uploads\\\/2022\\\/10\\\/image_2022-10-16_191402618.png\",\"datePublished\":\"2022-10-16T18:17:14+00:00\",\"dateModified\":\"2023-09-29T06:45:43+00:00\",\"description\":\"The One Colheita Cask Finished Whisky 70cl The Lakes Distillery's The One series of blended whiskies takes another step with this Colheita Cask Finished\",\"breadcrumb\":{\"@id\":\"https:\\\/\\\/comprehensiveliquor.com\\\/product\\\/the-one-colheita-cask-finished-whisky-lakes-distillery\\\/#breadcrumb\"},\"inLanguage\":\"cs\",\"potentialAction\":[{\"@type\":\"ReadAction\",\"target\":[\"https:\\\/\\\/comprehensiveliquor.com\\\/product\\\/the-one-colheita-cask-finished-whisky-lakes-distillery\\\/\"]}]},{\"@type\":\"ImageObject\",\"inLanguage\":\"cs\",\"@id\":\"https:\\\/\\\/comprehensiveliquor.com\\\/product\\\/the-one-colheita-cask-finished-whisky-lakes-distillery\\\/#primaryimage\",\"url\":\"https:\\\/\\\/comprehensiveliquor.com\\\/wp-content\\\/uploads\\\/2022\\\/10\\\/image_2022-10-16_191402618.png\",\"contentUrl\":\"https:\\\/\\\/comprehensiveliquor.com\\\/wp-content\\\/uploads\\\/2022\\\/10\\\/image_2022-10-16_191402618.png\",\"width\":360,\"height\":541,\"caption\":\"The One Colheita Cask Finished Whisky Lakes\"},{\"@type\":\"BreadcrumbList\",\"@id\":\"https:\\\/\\\/comprehensiveliquor.com\\\/product\\\/the-one-colheita-cask-finished-whisky-lakes-distillery\\\/#breadcrumb\",\"itemListElement\":[{\"@type\":\"ListItem\",\"position\":1,\"name\":\"Home\",\"item\":\"https:\\\/\\\/comprehensiveliquor.com\\\/\"},{\"@type\":\"ListItem\",\"position\":2,\"name\":\"Shop\",\"item\":\"https:\\\/\\\/comprehensiveliquor.com\\\/shop\\\/\"},{\"@type\":\"ListItem\",\"position\":3,\"name\":\"The One Colheita Cask Finished Whisky | Lakes Distillery\"}]},{\"@type\":\"WebSite\",\"@id\":\"https:\\\/\\\/comprehensiveliquor.com\\\/#website\",\"url\":\"https:\\\/\\\/comprehensiveliquor.com\\\/\",\"name\":\"Comprehensive Liquor\",\"description\":\"Best Liquor Store\",\"publisher\":{\"@id\":\"https:\\\/\\\/comprehensiveliquor.com\\\/#organization\"},\"alternateName\":\"Comprehensive Liquor Store\",\"potentialAction\":[{\"@type\":\"SearchAction\",\"target\":{\"@type\":\"EntryPoint\",\"urlTemplate\":\"https:\\\/\\\/comprehensiveliquor.com\\\/?s={search_term_string}\"},\"query-input\":{\"@type\":\"PropertyValueSpecification\",\"valueRequired\":true,\"valueName\":\"search_term_string\"}}],\"inLanguage\":\"cs\"},{\"@type\":\"Organization\",\"@id\":\"https:\\\/\\\/comprehensiveliquor.com\\\/#organization\",\"name\":\"Comprehensive Liquor\",\"alternateName\":\"Comprehensive Liquor Store\",\"url\":\"https:\\\/\\\/comprehensiveliquor.com\\\/\",\"logo\":{\"@type\":\"ImageObject\",\"inLanguage\":\"cs\",\"@id\":\"https:\\\/\\\/comprehensiveliquor.com\\\/#\\\/schema\\\/logo\\\/image\\\/\",\"url\":\"https:\\\/\\\/comprehensiveliquor.com\\\/wp-content\\\/uploads\\\/2024\\\/03\\\/cropped-image_2024-03-26_131408877.png\",\"contentUrl\":\"https:\\\/\\\/comprehensiveliquor.com\\\/wp-content\\\/uploads\\\/2024\\\/03\\\/cropped-image_2024-03-26_131408877.png\",\"width\":378,\"height\":263,\"caption\":\"Comprehensive Liquor\"},\"image\":{\"@id\":\"https:\\\/\\\/comprehensiveliquor.com\\\/#\\\/schema\\\/logo\\\/image\\\/\"}}]}<\/script>\n<!-- \/ Yoast SEO Premium plugin. -->","yoast_head_json":{"title":"The One Colheita Cask Finished Whisky | Lakes Distillery","description":"The One Colheita Cask Finished Whisky 70cl The Lakes Distillery's The One series of blended whiskies takes another step with this Colheita Cask Finished","robots":{"index":"index","follow":"follow","max-snippet":"max-snippet:-1","max-image-preview":"max-image-preview:large","max-video-preview":"max-video-preview:-1"},"canonical":"https:\/\/comprehensiveliquor.com\/cs\/product\/the-one-colheita-cask-finished-whisky-lakes-distillery\/","og_locale":"cs_CZ","og_type":"article","og_title":"The One Colheita Cask Finished Whisky | Lakes Distillery","og_description":"The One Colheita Cask Finished Whisky 70cl The Lakes Distillery's The One series of blended whiskies takes another step with this Colheita Cask Finished","og_url":"https:\/\/comprehensiveliquor.com\/cs\/product\/the-one-colheita-cask-finished-whisky-lakes-distillery\/","og_site_name":"Comprehensive Liquor","article_modified_time":"2023-09-29T06:45:43+00:00","og_image":[{"width":360,"height":541,"url":"https:\/\/comprehensiveliquor.com\/wp-content\/uploads\/2022\/10\/image_2022-10-16_191402618.png","type":"image\/png"}],"twitter_card":"summary_large_image","twitter_misc":{"Odhadovan\u00e1 doba \u010dten\u00ed":"1 minuta"},"schema":{"@context":"https:\/\/schema.org","@graph":[{"@type":"WebPage","@id":"https:\/\/comprehensiveliquor.com\/product\/the-one-colheita-cask-finished-whisky-lakes-distillery\/","url":"https:\/\/comprehensiveliquor.com\/product\/the-one-colheita-cask-finished-whisky-lakes-distillery\/","name":"The One Colheita Cask Finished Whisky | Lakes Distillery","isPartOf":{"@id":"https:\/\/comprehensiveliquor.com\/#website"},"primaryImageOfPage":{"@id":"https:\/\/comprehensiveliquor.com\/product\/the-one-colheita-cask-finished-whisky-lakes-distillery\/#primaryimage"},"image":{"@id":"https:\/\/comprehensiveliquor.com\/product\/the-one-colheita-cask-finished-whisky-lakes-distillery\/#primaryimage"},"thumbnailUrl":"https:\/\/comprehensiveliquor.com\/wp-content\/uploads\/2022\/10\/image_2022-10-16_191402618.png","datePublished":"2022-10-16T18:17:14+00:00","dateModified":"2023-09-29T06:45:43+00:00","description":"The One Colheita Cask Finished Whisky 70cl The Lakes Distillery's The One series of blended whiskies takes another step with this Colheita Cask Finished","breadcrumb":{"@id":"https:\/\/comprehensiveliquor.com\/product\/the-one-colheita-cask-finished-whisky-lakes-distillery\/#breadcrumb"},"inLanguage":"cs","potentialAction":[{"@type":"ReadAction","target":["https:\/\/comprehensiveliquor.com\/product\/the-one-colheita-cask-finished-whisky-lakes-distillery\/"]}]},{"@type":"ImageObject","inLanguage":"cs","@id":"https:\/\/comprehensiveliquor.com\/product\/the-one-colheita-cask-finished-whisky-lakes-distillery\/#primaryimage","url":"https:\/\/comprehensiveliquor.com\/wp-content\/uploads\/2022\/10\/image_2022-10-16_191402618.png","contentUrl":"https:\/\/comprehensiveliquor.com\/wp-content\/uploads\/2022\/10\/image_2022-10-16_191402618.png","width":360,"height":541,"caption":"The One Colheita Cask Finished Whisky Lakes"},{"@type":"BreadcrumbList","@id":"https:\/\/comprehensiveliquor.com\/product\/the-one-colheita-cask-finished-whisky-lakes-distillery\/#breadcrumb","itemListElement":[{"@type":"ListItem","position":1,"name":"Home","item":"https:\/\/comprehensiveliquor.com\/"},{"@type":"ListItem","position":2,"name":"Shop","item":"https:\/\/comprehensiveliquor.com\/shop\/"},{"@type":"ListItem","position":3,"name":"The One Colheita Cask Finished Whisky | Lakes Distillery"}]},{"@type":"WebSite","@id":"https:\/\/comprehensiveliquor.com\/#website","url":"https:\/\/comprehensiveliquor.com\/","name":"Komplexn\u00ed lik\u00e9r","description":"Best Liquor Store","publisher":{"@id":"https:\/\/comprehensiveliquor.com\/#organization"},"alternateName":"Comprehensive Liquor Store","potentialAction":[{"@type":"SearchAction","target":{"@type":"EntryPoint","urlTemplate":"https:\/\/comprehensiveliquor.com\/?s={search_term_string}"},"query-input":{"@type":"PropertyValueSpecification","valueRequired":true,"valueName":"search_term_string"}}],"inLanguage":"cs"},{"@type":"Organization","@id":"https:\/\/comprehensiveliquor.com\/#organization","name":"Komplexn\u00ed lik\u00e9r","alternateName":"Comprehensive Liquor Store","url":"https:\/\/comprehensiveliquor.com\/","logo":{"@type":"ImageObject","inLanguage":"cs","@id":"https:\/\/comprehensiveliquor.com\/#\/schema\/logo\/image\/","url":"https:\/\/comprehensiveliquor.com\/wp-content\/uploads\/2024\/03\/cropped-image_2024-03-26_131408877.png","contentUrl":"https:\/\/comprehensiveliquor.com\/wp-content\/uploads\/2024\/03\/cropped-image_2024-03-26_131408877.png","width":378,"height":263,"caption":"Comprehensive Liquor"},"image":{"@id":"https:\/\/comprehensiveliquor.com\/#\/schema\/logo\/image\/"}}]}},"_links":{"self":[{"href":"https:\/\/comprehensiveliquor.com\/cs\/wp-json\/wp\/v2\/product\/2295","targetHints":{"allow":["GET"]}}],"collection":[{"href":"https:\/\/comprehensiveliquor.com\/cs\/wp-json\/wp\/v2\/product"}],"about":[{"href":"https:\/\/comprehensiveliquor.com\/cs\/wp-json\/wp\/v2\/types\/product"}],"replies":[{"embeddable":true,"href":"https:\/\/comprehensiveliquor.com\/cs\/wp-json\/wp\/v2\/comments?post=2295"}],"wp:featuredmedia":[{"embeddable":true,"href":"https:\/\/comprehensiveliquor.com\/cs\/wp-json\/wp\/v2\/media\/2296"}],"wp:attachment":[{"href":"https:\/\/comprehensiveliquor.com\/cs\/wp-json\/wp\/v2\/media?parent=2295"}],"wp:term":[{"taxonomy":"product_brand","embeddable":true,"href":"https:\/\/comprehensiveliquor.com\/cs\/wp-json\/wp\/v2\/product_brand?post=2295"},{"taxonomy":"product_cat","embeddable":true,"href":"https:\/\/comprehensiveliquor.com\/cs\/wp-json\/wp\/v2\/product_cat?post=2295"},{"taxonomy":"product_tag","embeddable":true,"href":"https:\/\/comprehensiveliquor.com\/cs\/wp-json\/wp\/v2\/product_tag?post=2295"}],"curies":[{"name":"wp","href":"https:\/\/api.w.org\/{rel}","templated":true}]}}