{"id":2456,"date":"2022-10-17T19:59:18","date_gmt":"2022-10-17T19:59:18","guid":{"rendered":"https:\/\/comprehensiveliquor.com\/?post_type=product&#038;p=2456"},"modified":"2025-06-14T12:39:23","modified_gmt":"2025-06-14T12:39:23","slug":"martell-lor-de-jean-cognac-70cl","status":"publish","type":"product","link":"https:\/\/comprehensiveliquor.com\/cs\/product\/martell-lor-de-jean-cognac-70cl\/","title":{"rendered":"Ko\u0148ak Martell L'Or De Jean 70cl"},"content":{"rendered":"<h2 style=\"color: #252525;\"><strong style=\"color: #252525;\">Martell L&#8217;Or De Jean Cognac 70cl, France<\/strong><\/h2>\n<p>L\u2019Or de Jean Martell je obzvl\u00e1\u0161t\u011b vynikaj\u00edc\u00ed ko\u0148ak. Tento ko\u0148ak se vyr\u00e1b\u00ed z eaux-de-vie z oblast\u00ed Grande Champagne a Borderies a skl\u00e1d\u00e1 se z eaux-de-vie star\u00fdch a\u017e 100 let. Kone\u010dn\u00fdm produktem je lahodn\u011b vyzr\u00e1l\u00e1 kombinace chut\u00ed, kter\u00e1 vezme patro na smyslovou cestu. Na prvn\u00ed pohled obdivujte hlubok\u00e9, oslniv\u00e9 odst\u00edny ko\u0148aku ukryt\u00e9 v pe\u010dliv\u011b vyroben\u00e9 lahvi. A\u017e ho pak ochutn\u00e1te, budete fascinov\u00e1ni dokonalou harmoni\u00ed zachycenou ve sm\u011bsi v\u00edce ne\u017e 400 r\u016fzn\u00fdch eaux-de-vie \u2013 \u010dist\u00e9 kouzlo. Christophe Valtaud, sklepmistr, prozrazuje:<\/p>\n<p style=\"color: #252525;\">\u201eL\u2019Or de Jean Martell je podle m\u00e9ho n\u00e1zoru typick\u00fdm ko\u0148akem Martell.\u201c L\u2019Or nab\u00edz\u00ed \u00fa\u017easnou kombinaci aromatick\u00e9 bohatosti a s\u00edly s t\u011blem Borderies a strukturou Grande Champagne.\u201c<\/p>\n<p>Zna\u010dka Martell, zalo\u017een\u00e1 v roce 1715, je jedn\u00edm z nejstar\u0161\u00edch ko\u0148akov\u00fdch dom\u016f. Dnes je tato zna\u010dka v pop\u0159ed\u00ed v\u00fdroby ko\u0148aku a m\u00e1 silnou mezin\u00e1rodn\u00ed pov\u011bst. Charakteristick\u00e1 destila\u010dn\u00ed technika, kterou Martell pou\u017e\u00edv\u00e1, neobsahuje \u017e\u00e1dn\u00e9 kontaminanty, co\u017e umo\u017e\u0148uje eaux-de-vie absorbovat bohat\u00e9 vonn\u00e9 t\u00f3ny z bourbonov\u00e9ho sudu.<\/p>\n<p>Prezentace l\u00e1hve<\/p>\n<p>Prezentace lahve zasazen\u00e9 do n\u00e1dhern\u00e9 k\u0159i\u0161\u0165\u00e1lov\u00e9 karafy s n\u00e1zvem L\u2019Or de Jean Martell je pro znalce ko\u0148aku jist\u011b sb\u011bratelsk\u00fdm kouskem. Jak u\u017e n\u00e1zev napov\u00edd\u00e1, tento ko\u0148ak zt\u011bles\u0148uje opulentnost a eleganci. L\u00e1hev ve tvaru slzy zauj\u00edm\u00e1 v\u00fdrazn\u00e9 zlat\u00e9 pouzdro, kter\u00e9 ko\u0148ak pln\u011b vynik\u00e1. Dlouh\u00e9 zlat\u00e9 hrdlo a k\u0159i\u0161\u0165\u00e1lov\u00e1 z\u00e1tka lahve d\u00e1le podtrhuj\u00ed jej\u00ed okouzluj\u00edc\u00ed estetiku. Na zlat\u00e9m pouzd\u0159e a sklen\u011bn\u00e9 z\u00e1tce, stejn\u011b jako na nem\u00e9n\u011b honosn\u00e9m stojanu a prezenta\u010dn\u00ed krabi\u010dce, se nach\u00e1zej\u00ed ru\u010dn\u011b grav\u00edrovan\u00e9 v\u00edry. Je z\u0159ejm\u00e9, \u017ee ka\u017ed\u00fd detail byl zohledn\u011bn. Od designu karafy a\u017e po ru\u010dn\u00ed v\u00fdrobu nektaru, kter\u00fd se v n\u00ed nach\u00e1z\u00ed, je tento ko\u0148ak skute\u010dn\u00fdm um\u011bleck\u00fdm d\u00edlem.<\/p>\n<p>&nbsp;<\/p>\n<h5 class=\"beautify__page-heading _hasToggle\">Atributy<\/h5>\n<div id=\"ih__addition-3418\" class=\"productView-addition-tabContent is-open\">\n<table class=\"productView-addition-table table\">\n<tbody class=\"table-tbody\">\n<tr class=\"productView-info-row--cfProductOf\">\n<td><strong>Kategorie<\/strong><\/td>\n<td>\n<div class=\"productView-info-value productView-info-value--cfProductOf\">\n<p class=\"woocommerce-products-header__title page-title\"><a title=\"Cognac-Armagnac\" href=\"https:\/\/comprehensiveliquor.com\/cs\/product-category\/cognac-armagnac\/\">Cognac-Armagnac<\/a><\/p>\n<\/div>\n<\/td>\n<\/tr>\n<tr class=\"productView-info-row--cfVarietalType\">\n<td>\n<div class=\"productView-info-name productView-info-name--cfVarietalType\"><strong>Odr\u016fda\/Typ<\/strong><\/div>\n<\/td>\n<td>\n<div class=\"productView-info-value productView-info-value--cfVarietalType\"><a title=\"cognac-brand\" href=\"https:\/\/www.spiritacademy.it\/en\/568-cognac-brand\" target=\"_blank\" rel=\"noopener\">Cognac<\/a><\/div>\n<\/td>\n<\/tr>\n<tr class=\"productView-info-row--cfSize\">\n<td>\n<div class=\"productView-info-name productView-info-name--cfSize\"><strong>Size<\/strong><\/div>\n<\/td>\n<td>\n<div class=\"productView-info-value productView-info-value--cfSize\">70cl<\/div>\n<\/td>\n<\/tr>\n<\/tbody>\n<\/table>\n<\/div>","protected":false},"excerpt":{"rendered":"<p>Martell L&#8217;Or De Jean Cognac 70cl, France L&#8217;Or de Jean Martell is a particularly outstanding Cognac. This Cognac is made from eaux-de-vie from the terroirs of Grande Champagne and Borderies and is composed of eaux-de-vie up to 100 years old. The end product is a delectably matured combination of flavors that takes the palate on [&hellip;]<\/p>\n","protected":false},"featured_media":2457,"comment_status":"open","ping_status":"closed","template":"","meta":{"site-sidebar-layout":"default","site-content-layout":"default","ast-site-content-layout":"default","site-content-style":"default","site-sidebar-style":"default","ast-global-header-display":"","ast-banner-title-visibility":"","ast-main-header-display":"","ast-hfb-above-header-display":"","ast-hfb-below-header-display":"","ast-hfb-mobile-header-display":"","site-post-title":"","ast-breadcrumbs-content":"","ast-featured-img":"","footer-sml-layout":"","ast-disable-related-posts":"","theme-transparent-header-meta":"default","adv-header-id-meta":"","stick-header-meta":"","header-above-stick-meta":"","header-main-stick-meta":"","header-below-stick-meta":"","astra-migrate-meta-layouts":"set","ast-page-background-enabled":"default","ast-page-background-meta":{"desktop":{"background-color":"","background-image":"","background-repeat":"repeat","background-position":"center center","background-size":"auto","background-attachment":"scroll","background-type":"","background-media":"","overlay-type":"","overlay-color":"","overlay-opacity":"","overlay-gradient":""},"tablet":{"background-color":"","background-image":"","background-repeat":"repeat","background-position":"center center","background-size":"auto","background-attachment":"scroll","background-type":"","background-media":"","overlay-type":"","overlay-color":"","overlay-opacity":"","overlay-gradient":""},"mobile":{"background-color":"","background-image":"","background-repeat":"repeat","background-position":"center center","background-size":"auto","background-attachment":"scroll","background-type":"","background-media":"","overlay-type":"","overlay-color":"","overlay-opacity":"","overlay-gradient":""}},"ast-content-background-meta":{"desktop":{"background-color":"var(--ast-global-color-5)","background-image":"","background-repeat":"repeat","background-position":"center center","background-size":"auto","background-attachment":"scroll","background-type":"","background-media":"","overlay-type":"","overlay-color":"","overlay-opacity":"","overlay-gradient":""},"tablet":{"background-color":"var(--ast-global-color-5)","background-image":"","background-repeat":"repeat","background-position":"center center","background-size":"auto","background-attachment":"scroll","background-type":"","background-media":"","overlay-type":"","overlay-color":"","overlay-opacity":"","overlay-gradient":""},"mobile":{"background-color":"var(--ast-global-color-5)","background-image":"","background-repeat":"repeat","background-position":"center center","background-size":"auto","background-attachment":"scroll","background-type":"","background-media":"","overlay-type":"","overlay-color":"","overlay-opacity":"","overlay-gradient":""}}},"product_brand":[],"product_cat":[51],"product_tag":[],"class_list":{"0":"post-2456","1":"product","2":"type-product","3":"status-publish","4":"has-post-thumbnail","6":"product_cat-cognac-armagnac","7":"desktop-align-center","8":"tablet-align-left","9":"mobile-align-left","11":"first","12":"instock","13":"shipping-taxable","14":"purchasable","15":"product-type-simple"},"yoast_head":"<!-- This site is optimized with the Yoast SEO Premium plugin v24.7 (Yoast SEO v27.3) - https:\/\/yoast.com\/product\/yoast-seo-premium-wordpress\/ -->\n<title>Martell L&#039;Or De Jean Cognac 70cl<\/title>\n<meta name=\"description\" content=\"Martell L&#039;Or de Jean Martell Cognac, This Cognac is made from eaux-de-vie from the terroirs of Grande Champagne and Borderies and is composed...\" \/>\n<meta name=\"robots\" content=\"index, follow, max-snippet:-1, max-image-preview:large, max-video-preview:-1\" \/>\n<link rel=\"canonical\" href=\"https:\/\/comprehensiveliquor.com\/cs\/product\/martell-lor-de-jean-cognac-70cl\/\" \/>\n<meta property=\"og:locale\" content=\"cs_CZ\" \/>\n<meta property=\"og:type\" content=\"article\" \/>\n<meta property=\"og:title\" content=\"Martell L&#039;Or De Jean Cognac 70cl\" \/>\n<meta property=\"og:description\" content=\"Martell L&#039;Or de Jean Martell Cognac, This Cognac is made from eaux-de-vie from the terroirs of Grande Champagne and Borderies and is composed...\" \/>\n<meta property=\"og:url\" content=\"https:\/\/comprehensiveliquor.com\/cs\/product\/martell-lor-de-jean-cognac-70cl\/\" \/>\n<meta property=\"og:site_name\" content=\"Comprehensive Liquor\" \/>\n<meta property=\"article:modified_time\" content=\"2025-06-14T12:39:23+00:00\" \/>\n<meta property=\"og:image\" content=\"https:\/\/comprehensiveliquor.com\/wp-content\/uploads\/2022\/10\/image_2022-10-17_205653386.png\" \/>\n\t<meta property=\"og:image:width\" content=\"640\" \/>\n\t<meta property=\"og:image:height\" content=\"960\" \/>\n\t<meta property=\"og:image:type\" content=\"image\/png\" \/>\n<meta name=\"twitter:card\" content=\"summary_large_image\" \/>\n<meta name=\"twitter:label1\" content=\"Odhadovan\u00e1 doba \u010dten\u00ed\" \/>\n\t<meta name=\"twitter:data1\" content=\"2 minuty\" \/>\n<script type=\"application\/ld+json\" class=\"yoast-schema-graph\">{\"@context\":\"https:\\\/\\\/schema.org\",\"@graph\":[{\"@type\":\"WebPage\",\"@id\":\"https:\\\/\\\/comprehensiveliquor.com\\\/product\\\/martell-lor-de-jean-cognac-70cl\\\/\",\"url\":\"https:\\\/\\\/comprehensiveliquor.com\\\/product\\\/martell-lor-de-jean-cognac-70cl\\\/\",\"name\":\"Martell L'Or De Jean Cognac 70cl\",\"isPartOf\":{\"@id\":\"https:\\\/\\\/comprehensiveliquor.com\\\/#website\"},\"primaryImageOfPage\":{\"@id\":\"https:\\\/\\\/comprehensiveliquor.com\\\/product\\\/martell-lor-de-jean-cognac-70cl\\\/#primaryimage\"},\"image\":{\"@id\":\"https:\\\/\\\/comprehensiveliquor.com\\\/product\\\/martell-lor-de-jean-cognac-70cl\\\/#primaryimage\"},\"thumbnailUrl\":\"https:\\\/\\\/comprehensiveliquor.com\\\/wp-content\\\/uploads\\\/2022\\\/10\\\/image_2022-10-17_205653386.png\",\"datePublished\":\"2022-10-17T19:59:18+00:00\",\"dateModified\":\"2025-06-14T12:39:23+00:00\",\"description\":\"Martell L'Or de Jean Martell Cognac, This Cognac is made from eaux-de-vie from the terroirs of Grande Champagne and Borderies and is composed...\",\"breadcrumb\":{\"@id\":\"https:\\\/\\\/comprehensiveliquor.com\\\/product\\\/martell-lor-de-jean-cognac-70cl\\\/#breadcrumb\"},\"inLanguage\":\"cs\",\"potentialAction\":[{\"@type\":\"ReadAction\",\"target\":[\"https:\\\/\\\/comprehensiveliquor.com\\\/product\\\/martell-lor-de-jean-cognac-70cl\\\/\"]}]},{\"@type\":\"ImageObject\",\"inLanguage\":\"cs\",\"@id\":\"https:\\\/\\\/comprehensiveliquor.com\\\/product\\\/martell-lor-de-jean-cognac-70cl\\\/#primaryimage\",\"url\":\"https:\\\/\\\/comprehensiveliquor.com\\\/wp-content\\\/uploads\\\/2022\\\/10\\\/image_2022-10-17_205653386.png\",\"contentUrl\":\"https:\\\/\\\/comprehensiveliquor.com\\\/wp-content\\\/uploads\\\/2022\\\/10\\\/image_2022-10-17_205653386.png\",\"width\":640,\"height\":960,\"caption\":\"Martell L'Or De Jean\"},{\"@type\":\"BreadcrumbList\",\"@id\":\"https:\\\/\\\/comprehensiveliquor.com\\\/product\\\/martell-lor-de-jean-cognac-70cl\\\/#breadcrumb\",\"itemListElement\":[{\"@type\":\"ListItem\",\"position\":1,\"name\":\"Home\",\"item\":\"https:\\\/\\\/comprehensiveliquor.com\\\/\"},{\"@type\":\"ListItem\",\"position\":2,\"name\":\"Shop\",\"item\":\"https:\\\/\\\/comprehensiveliquor.com\\\/shop\\\/\"},{\"@type\":\"ListItem\",\"position\":3,\"name\":\"Martell L&#8217;Or De Jean Cognac 70cl\"}]},{\"@type\":\"WebSite\",\"@id\":\"https:\\\/\\\/comprehensiveliquor.com\\\/#website\",\"url\":\"https:\\\/\\\/comprehensiveliquor.com\\\/\",\"name\":\"Comprehensive Liquor\",\"description\":\"Best Liquor Store\",\"publisher\":{\"@id\":\"https:\\\/\\\/comprehensiveliquor.com\\\/#organization\"},\"alternateName\":\"Comprehensive Liquor Store\",\"potentialAction\":[{\"@type\":\"SearchAction\",\"target\":{\"@type\":\"EntryPoint\",\"urlTemplate\":\"https:\\\/\\\/comprehensiveliquor.com\\\/?s={search_term_string}\"},\"query-input\":{\"@type\":\"PropertyValueSpecification\",\"valueRequired\":true,\"valueName\":\"search_term_string\"}}],\"inLanguage\":\"cs\"},{\"@type\":\"Organization\",\"@id\":\"https:\\\/\\\/comprehensiveliquor.com\\\/#organization\",\"name\":\"Comprehensive Liquor\",\"alternateName\":\"Comprehensive Liquor Store\",\"url\":\"https:\\\/\\\/comprehensiveliquor.com\\\/\",\"logo\":{\"@type\":\"ImageObject\",\"inLanguage\":\"cs\",\"@id\":\"https:\\\/\\\/comprehensiveliquor.com\\\/#\\\/schema\\\/logo\\\/image\\\/\",\"url\":\"https:\\\/\\\/comprehensiveliquor.com\\\/wp-content\\\/uploads\\\/2024\\\/03\\\/cropped-image_2024-03-26_131408877.png\",\"contentUrl\":\"https:\\\/\\\/comprehensiveliquor.com\\\/wp-content\\\/uploads\\\/2024\\\/03\\\/cropped-image_2024-03-26_131408877.png\",\"width\":378,\"height\":263,\"caption\":\"Comprehensive Liquor\"},\"image\":{\"@id\":\"https:\\\/\\\/comprehensiveliquor.com\\\/#\\\/schema\\\/logo\\\/image\\\/\"}}]}<\/script>\n<!-- \/ Yoast SEO Premium plugin. -->","yoast_head_json":{"title":"Martell L'Or De Jean Cognac 70cl","description":"Ko\u0148ak Martell L'Or de Jean Martell. Tento ko\u0148ak je vyroben z eaux-de-vie z oblast\u00ed Grande Champagne a Borderies a je slo\u017een...","robots":{"index":"index","follow":"follow","max-snippet":"max-snippet:-1","max-image-preview":"max-image-preview:large","max-video-preview":"max-video-preview:-1"},"canonical":"https:\/\/comprehensiveliquor.com\/cs\/product\/martell-lor-de-jean-cognac-70cl\/","og_locale":"cs_CZ","og_type":"article","og_title":"Martell L'Or De Jean Cognac 70cl","og_description":"Martell L'Or de Jean Martell Cognac, This Cognac is made from eaux-de-vie from the terroirs of Grande Champagne and Borderies and is composed...","og_url":"https:\/\/comprehensiveliquor.com\/cs\/product\/martell-lor-de-jean-cognac-70cl\/","og_site_name":"Comprehensive Liquor","article_modified_time":"2025-06-14T12:39:23+00:00","og_image":[{"width":640,"height":960,"url":"https:\/\/comprehensiveliquor.com\/wp-content\/uploads\/2022\/10\/image_2022-10-17_205653386.png","type":"image\/png"}],"twitter_card":"summary_large_image","twitter_misc":{"Odhadovan\u00e1 doba \u010dten\u00ed":"2 minuty"},"schema":{"@context":"https:\/\/schema.org","@graph":[{"@type":"WebPage","@id":"https:\/\/comprehensiveliquor.com\/product\/martell-lor-de-jean-cognac-70cl\/","url":"https:\/\/comprehensiveliquor.com\/product\/martell-lor-de-jean-cognac-70cl\/","name":"Martell L'Or De Jean Cognac 70cl","isPartOf":{"@id":"https:\/\/comprehensiveliquor.com\/#website"},"primaryImageOfPage":{"@id":"https:\/\/comprehensiveliquor.com\/product\/martell-lor-de-jean-cognac-70cl\/#primaryimage"},"image":{"@id":"https:\/\/comprehensiveliquor.com\/product\/martell-lor-de-jean-cognac-70cl\/#primaryimage"},"thumbnailUrl":"https:\/\/comprehensiveliquor.com\/wp-content\/uploads\/2022\/10\/image_2022-10-17_205653386.png","datePublished":"2022-10-17T19:59:18+00:00","dateModified":"2025-06-14T12:39:23+00:00","description":"Ko\u0148ak Martell L'Or de Jean Martell. Tento ko\u0148ak je vyroben z eaux-de-vie z oblast\u00ed Grande Champagne a Borderies a je slo\u017een...","breadcrumb":{"@id":"https:\/\/comprehensiveliquor.com\/product\/martell-lor-de-jean-cognac-70cl\/#breadcrumb"},"inLanguage":"cs","potentialAction":[{"@type":"ReadAction","target":["https:\/\/comprehensiveliquor.com\/product\/martell-lor-de-jean-cognac-70cl\/"]}]},{"@type":"ImageObject","inLanguage":"cs","@id":"https:\/\/comprehensiveliquor.com\/product\/martell-lor-de-jean-cognac-70cl\/#primaryimage","url":"https:\/\/comprehensiveliquor.com\/wp-content\/uploads\/2022\/10\/image_2022-10-17_205653386.png","contentUrl":"https:\/\/comprehensiveliquor.com\/wp-content\/uploads\/2022\/10\/image_2022-10-17_205653386.png","width":640,"height":960,"caption":"Martell L'Or De Jean"},{"@type":"BreadcrumbList","@id":"https:\/\/comprehensiveliquor.com\/product\/martell-lor-de-jean-cognac-70cl\/#breadcrumb","itemListElement":[{"@type":"ListItem","position":1,"name":"Home","item":"https:\/\/comprehensiveliquor.com\/"},{"@type":"ListItem","position":2,"name":"Shop","item":"https:\/\/comprehensiveliquor.com\/shop\/"},{"@type":"ListItem","position":3,"name":"Martell L&#8217;Or De Jean Cognac 70cl"}]},{"@type":"WebSite","@id":"https:\/\/comprehensiveliquor.com\/#website","url":"https:\/\/comprehensiveliquor.com\/","name":"Komplexn\u00ed lik\u00e9r","description":"Best Liquor Store","publisher":{"@id":"https:\/\/comprehensiveliquor.com\/#organization"},"alternateName":"Comprehensive Liquor Store","potentialAction":[{"@type":"SearchAction","target":{"@type":"EntryPoint","urlTemplate":"https:\/\/comprehensiveliquor.com\/?s={search_term_string}"},"query-input":{"@type":"PropertyValueSpecification","valueRequired":true,"valueName":"search_term_string"}}],"inLanguage":"cs"},{"@type":"Organization","@id":"https:\/\/comprehensiveliquor.com\/#organization","name":"Komplexn\u00ed lik\u00e9r","alternateName":"Comprehensive Liquor Store","url":"https:\/\/comprehensiveliquor.com\/","logo":{"@type":"ImageObject","inLanguage":"cs","@id":"https:\/\/comprehensiveliquor.com\/#\/schema\/logo\/image\/","url":"https:\/\/comprehensiveliquor.com\/wp-content\/uploads\/2024\/03\/cropped-image_2024-03-26_131408877.png","contentUrl":"https:\/\/comprehensiveliquor.com\/wp-content\/uploads\/2024\/03\/cropped-image_2024-03-26_131408877.png","width":378,"height":263,"caption":"Comprehensive Liquor"},"image":{"@id":"https:\/\/comprehensiveliquor.com\/#\/schema\/logo\/image\/"}}]}},"_links":{"self":[{"href":"https:\/\/comprehensiveliquor.com\/cs\/wp-json\/wp\/v2\/product\/2456","targetHints":{"allow":["GET"]}}],"collection":[{"href":"https:\/\/comprehensiveliquor.com\/cs\/wp-json\/wp\/v2\/product"}],"about":[{"href":"https:\/\/comprehensiveliquor.com\/cs\/wp-json\/wp\/v2\/types\/product"}],"replies":[{"embeddable":true,"href":"https:\/\/comprehensiveliquor.com\/cs\/wp-json\/wp\/v2\/comments?post=2456"}],"wp:featuredmedia":[{"embeddable":true,"href":"https:\/\/comprehensiveliquor.com\/cs\/wp-json\/wp\/v2\/media\/2457"}],"wp:attachment":[{"href":"https:\/\/comprehensiveliquor.com\/cs\/wp-json\/wp\/v2\/media?parent=2456"}],"wp:term":[{"taxonomy":"product_brand","embeddable":true,"href":"https:\/\/comprehensiveliquor.com\/cs\/wp-json\/wp\/v2\/product_brand?post=2456"},{"taxonomy":"product_cat","embeddable":true,"href":"https:\/\/comprehensiveliquor.com\/cs\/wp-json\/wp\/v2\/product_cat?post=2456"},{"taxonomy":"product_tag","embeddable":true,"href":"https:\/\/comprehensiveliquor.com\/cs\/wp-json\/wp\/v2\/product_tag?post=2456"}],"curies":[{"name":"wp","href":"https:\/\/api.w.org\/{rel}","templated":true}]}}