{"id":2480,"date":"2022-10-17T21:35:24","date_gmt":"2022-10-17T21:35:24","guid":{"rendered":"https:\/\/comprehensiveliquor.com\/?post_type=product&#038;p=2480"},"modified":"2025-11-13T07:19:41","modified_gmt":"2025-11-13T07:19:41","slug":"ben-nevis-25-year-old-that-boutique-y-whisky-company-batch-16-50cl","status":"publish","type":"product","link":"https:\/\/comprehensiveliquor.com\/cs\/product\/ben-nevis-25-year-old-that-boutique-y-whisky-company-batch-16-50cl\/","title":{"rendered":"Ben Nevis 25 Year Old | That Boutique-y Whisky Company Batch 16 50cl"},"content":{"rendered":"<h2>Batch 16 50cl by That Boutique-y Whisky Company <strong>50cl \/ 47.9%<\/strong><\/h2>\n<p>To commemorate their 10-year anniversary, That Boutique-y Whisky Company bottled a single cask of 25-year-old Ben Nevis in 2022.<\/p>\n<p>This Ben Nevis, aged 25 years, came from a single sherry butt that yielded 783 half-liter bottles at 47.9% ABV. The 25-year-old Ben Nevis was very special, so this will no doubt be in extremely high demand.<\/p>\n<p>&nbsp;<\/p>\n<h5>Atributy<\/h5>\n<table>\n<tbody>\n<tr>\n<td><strong>Distillery<\/strong><\/td>\n<td>Ben Nevis<\/td>\n<\/tr>\n<tr>\n<td><strong>Bottler<\/strong><\/td>\n<td>That Boutique-y Whisky Company<\/td>\n<\/tr>\n<tr>\n<td><strong>Series<\/strong><\/td>\n<td>Batch 16 &#8211; 10th Anniversary<\/td>\n<\/tr>\n<tr>\n<td><strong>Country<\/strong><\/td>\n<td>Scotland<\/td>\n<\/tr>\n<tr>\n<td><strong>Region<\/strong><\/td>\n<td>Highland<\/td>\n<\/tr>\n<tr>\n<td><strong>Age<\/strong><\/td>\n<td>25<\/td>\n<\/tr>\n<tr>\n<td><strong>Cask Typee<\/strong><\/td>\n<td>Sherry Butt<\/td>\n<\/tr>\n<tr>\n<td><strong>Limitovan\u00e1 edice<\/strong><\/td>\n<td>Yes<\/td>\n<\/tr>\n<tr>\n<td><strong>Bottled Produced<\/strong><\/td>\n<td>783<\/td>\n<\/tr>\n<tr>\n<td><strong>Bottle Size<\/strong><\/td>\n<td>50cl<\/td>\n<\/tr>\n<tr>\n<td><strong>ABV<\/strong><\/td>\n<td>55.8%<\/td>\n<\/tr>\n<\/tbody>\n<\/table>","protected":false},"excerpt":{"rendered":"<p>Batch 16 50cl by That Boutique-y Whisky Company 50cl \/ 47.9% To commemorate their 10-year anniversary, That Boutique-y Whisky Company bottled a single cask of 25-year-old Ben Nevis in 2022. This Ben Nevis, aged 25 years, came from a single sherry butt that yielded 783 half-liter bottles at 47.9% ABV. The 25-year-old Ben Nevis was [&hellip;]<\/p>\n","protected":false},"featured_media":2481,"comment_status":"open","ping_status":"closed","template":"","meta":{"site-sidebar-layout":"default","site-content-layout":"default","ast-site-content-layout":"default","site-content-style":"default","site-sidebar-style":"default","ast-global-header-display":"","ast-banner-title-visibility":"","ast-main-header-display":"","ast-hfb-above-header-display":"","ast-hfb-below-header-display":"","ast-hfb-mobile-header-display":"","site-post-title":"","ast-breadcrumbs-content":"","ast-featured-img":"","footer-sml-layout":"","ast-disable-related-posts":"","theme-transparent-header-meta":"default","adv-header-id-meta":"","stick-header-meta":"","header-above-stick-meta":"","header-main-stick-meta":"","header-below-stick-meta":"","astra-migrate-meta-layouts":"set","ast-page-background-enabled":"default","ast-page-background-meta":{"desktop":{"background-color":"","background-image":"","background-repeat":"repeat","background-position":"center center","background-size":"auto","background-attachment":"scroll","background-type":"","background-media":"","overlay-type":"","overlay-color":"","overlay-opacity":"","overlay-gradient":""},"tablet":{"background-color":"","background-image":"","background-repeat":"repeat","background-position":"center center","background-size":"auto","background-attachment":"scroll","background-type":"","background-media":"","overlay-type":"","overlay-color":"","overlay-opacity":"","overlay-gradient":""},"mobile":{"background-color":"","background-image":"","background-repeat":"repeat","background-position":"center center","background-size":"auto","background-attachment":"scroll","background-type":"","background-media":"","overlay-type":"","overlay-color":"","overlay-opacity":"","overlay-gradient":""}},"ast-content-background-meta":{"desktop":{"background-color":"var(--ast-global-color-5)","background-image":"","background-repeat":"repeat","background-position":"center center","background-size":"auto","background-attachment":"scroll","background-type":"","background-media":"","overlay-type":"","overlay-color":"","overlay-opacity":"","overlay-gradient":""},"tablet":{"background-color":"var(--ast-global-color-5)","background-image":"","background-repeat":"repeat","background-position":"center center","background-size":"auto","background-attachment":"scroll","background-type":"","background-media":"","overlay-type":"","overlay-color":"","overlay-opacity":"","overlay-gradient":""},"mobile":{"background-color":"var(--ast-global-color-5)","background-image":"","background-repeat":"repeat","background-position":"center center","background-size":"auto","background-attachment":"scroll","background-type":"","background-media":"","overlay-type":"","overlay-color":"","overlay-opacity":"","overlay-gradient":""}}},"product_brand":[],"product_cat":[64,66,39,46,27],"product_tag":[],"class_list":{"0":"post-2480","1":"product","2":"type-product","3":"status-publish","4":"has-post-thumbnail","6":"product_cat-highland","7":"product_cat-independent-bottling","8":"product_cat-scotch-whisky","9":"product_cat-whisky","10":"product_cat-world-whisky","11":"desktop-align-center","12":"tablet-align-left","13":"mobile-align-left","15":"first","16":"instock","17":"shipping-taxable","18":"purchasable","19":"product-type-simple"},"yoast_head":"<!-- This site is optimized with the Yoast SEO Premium plugin v24.7 (Yoast SEO v27.3) - https:\/\/yoast.com\/product\/yoast-seo-premium-wordpress\/ -->\n<title>Buy Ben Nevis 25 Year Old Whisky 50cl Online<\/title>\n<meta name=\"description\" content=\"Shop Ben Nevis 25 Year Old Whisky 50cl \u2014 a rare and smooth single malt perfect for collectors. Fast shipping and secure checkout available now!\" \/>\n<meta name=\"robots\" content=\"index, follow, max-snippet:-1, max-image-preview:large, max-video-preview:-1\" \/>\n<link rel=\"canonical\" href=\"https:\/\/comprehensiveliquor.com\/cs\/product\/ben-nevis-25-year-old-that-boutique-y-whisky-company-batch-16-50cl\/\" \/>\n<meta property=\"og:locale\" content=\"cs_CZ\" \/>\n<meta property=\"og:type\" content=\"article\" \/>\n<meta property=\"og:title\" content=\"Ben Nevis 25 Year Old | That Boutique-y Whisky Company Batch 16 50cl\" \/>\n<meta property=\"og:description\" content=\"Shop Ben Nevis 25 Year Old Whisky 50cl \u2014 a rare and smooth single malt perfect for collectors. Fast shipping and secure checkout available now!\" \/>\n<meta property=\"og:url\" content=\"https:\/\/comprehensiveliquor.com\/cs\/product\/ben-nevis-25-year-old-that-boutique-y-whisky-company-batch-16-50cl\/\" \/>\n<meta property=\"og:site_name\" content=\"Comprehensive Liquor\" \/>\n<meta property=\"article:modified_time\" content=\"2025-11-13T07:19:41+00:00\" \/>\n<meta property=\"og:image\" content=\"https:\/\/comprehensiveliquor.com\/wp-content\/uploads\/2022\/10\/image_2022-10-17_223047216.png\" \/>\n\t<meta property=\"og:image:width\" content=\"360\" \/>\n\t<meta property=\"og:image:height\" content=\"518\" \/>\n\t<meta property=\"og:image:type\" content=\"image\/png\" \/>\n<meta name=\"twitter:card\" content=\"summary_large_image\" \/>\n<meta name=\"twitter:label1\" content=\"Odhadovan\u00e1 doba \u010dten\u00ed\" \/>\n\t<meta name=\"twitter:data1\" content=\"1 minuta\" \/>\n<script type=\"application\/ld+json\" class=\"yoast-schema-graph\">{\"@context\":\"https:\\\/\\\/schema.org\",\"@graph\":[{\"@type\":\"WebPage\",\"@id\":\"https:\\\/\\\/comprehensiveliquor.com\\\/product\\\/ben-nevis-25-year-old-that-boutique-y-whisky-company-batch-16-50cl\\\/\",\"url\":\"https:\\\/\\\/comprehensiveliquor.com\\\/product\\\/ben-nevis-25-year-old-that-boutique-y-whisky-company-batch-16-50cl\\\/\",\"name\":\"Buy Ben Nevis 25 Year Old Whisky 50cl Online\",\"isPartOf\":{\"@id\":\"https:\\\/\\\/comprehensiveliquor.com\\\/#website\"},\"primaryImageOfPage\":{\"@id\":\"https:\\\/\\\/comprehensiveliquor.com\\\/product\\\/ben-nevis-25-year-old-that-boutique-y-whisky-company-batch-16-50cl\\\/#primaryimage\"},\"image\":{\"@id\":\"https:\\\/\\\/comprehensiveliquor.com\\\/product\\\/ben-nevis-25-year-old-that-boutique-y-whisky-company-batch-16-50cl\\\/#primaryimage\"},\"thumbnailUrl\":\"https:\\\/\\\/comprehensiveliquor.com\\\/wp-content\\\/uploads\\\/2022\\\/10\\\/image_2022-10-17_223047216.png\",\"datePublished\":\"2022-10-17T21:35:24+00:00\",\"dateModified\":\"2025-11-13T07:19:41+00:00\",\"description\":\"Shop Ben Nevis 25 Year Old Whisky 50cl \u2014 a rare and smooth single malt perfect for collectors. Fast shipping and secure checkout available now!\",\"breadcrumb\":{\"@id\":\"https:\\\/\\\/comprehensiveliquor.com\\\/product\\\/ben-nevis-25-year-old-that-boutique-y-whisky-company-batch-16-50cl\\\/#breadcrumb\"},\"inLanguage\":\"cs\",\"potentialAction\":[{\"@type\":\"ReadAction\",\"target\":[\"https:\\\/\\\/comprehensiveliquor.com\\\/product\\\/ben-nevis-25-year-old-that-boutique-y-whisky-company-batch-16-50cl\\\/\"]}]},{\"@type\":\"ImageObject\",\"inLanguage\":\"cs\",\"@id\":\"https:\\\/\\\/comprehensiveliquor.com\\\/product\\\/ben-nevis-25-year-old-that-boutique-y-whisky-company-batch-16-50cl\\\/#primaryimage\",\"url\":\"https:\\\/\\\/comprehensiveliquor.com\\\/wp-content\\\/uploads\\\/2022\\\/10\\\/image_2022-10-17_223047216.png\",\"contentUrl\":\"https:\\\/\\\/comprehensiveliquor.com\\\/wp-content\\\/uploads\\\/2022\\\/10\\\/image_2022-10-17_223047216.png\",\"width\":360,\"height\":518,\"caption\":\"Buy Ben Nevis 25 Year Old Whisky 50cl Online Bottle\"},{\"@type\":\"BreadcrumbList\",\"@id\":\"https:\\\/\\\/comprehensiveliquor.com\\\/product\\\/ben-nevis-25-year-old-that-boutique-y-whisky-company-batch-16-50cl\\\/#breadcrumb\",\"itemListElement\":[{\"@type\":\"ListItem\",\"position\":1,\"name\":\"Home\",\"item\":\"https:\\\/\\\/comprehensiveliquor.com\\\/\"},{\"@type\":\"ListItem\",\"position\":2,\"name\":\"Shop\",\"item\":\"https:\\\/\\\/comprehensiveliquor.com\\\/shop\\\/\"},{\"@type\":\"ListItem\",\"position\":3,\"name\":\"Ben Nevis 25 Year Old | That Boutique-y Whisky Company Batch 16 50cl\"}]},{\"@type\":\"WebSite\",\"@id\":\"https:\\\/\\\/comprehensiveliquor.com\\\/#website\",\"url\":\"https:\\\/\\\/comprehensiveliquor.com\\\/\",\"name\":\"Comprehensive Liquor\",\"description\":\"Best Liquor Store\",\"publisher\":{\"@id\":\"https:\\\/\\\/comprehensiveliquor.com\\\/#organization\"},\"alternateName\":\"Comprehensive Liquor Store\",\"potentialAction\":[{\"@type\":\"SearchAction\",\"target\":{\"@type\":\"EntryPoint\",\"urlTemplate\":\"https:\\\/\\\/comprehensiveliquor.com\\\/?s={search_term_string}\"},\"query-input\":{\"@type\":\"PropertyValueSpecification\",\"valueRequired\":true,\"valueName\":\"search_term_string\"}}],\"inLanguage\":\"cs\"},{\"@type\":\"Organization\",\"@id\":\"https:\\\/\\\/comprehensiveliquor.com\\\/#organization\",\"name\":\"Comprehensive Liquor\",\"alternateName\":\"Comprehensive Liquor Store\",\"url\":\"https:\\\/\\\/comprehensiveliquor.com\\\/\",\"logo\":{\"@type\":\"ImageObject\",\"inLanguage\":\"cs\",\"@id\":\"https:\\\/\\\/comprehensiveliquor.com\\\/#\\\/schema\\\/logo\\\/image\\\/\",\"url\":\"https:\\\/\\\/comprehensiveliquor.com\\\/wp-content\\\/uploads\\\/2024\\\/03\\\/cropped-image_2024-03-26_131408877.png\",\"contentUrl\":\"https:\\\/\\\/comprehensiveliquor.com\\\/wp-content\\\/uploads\\\/2024\\\/03\\\/cropped-image_2024-03-26_131408877.png\",\"width\":378,\"height\":263,\"caption\":\"Comprehensive Liquor\"},\"image\":{\"@id\":\"https:\\\/\\\/comprehensiveliquor.com\\\/#\\\/schema\\\/logo\\\/image\\\/\"}}]}<\/script>\n<!-- \/ Yoast SEO Premium plugin. -->","yoast_head_json":{"title":"Buy Ben Nevis 25 Year Old Whisky 50cl Online","description":"Shop Ben Nevis 25 Year Old Whisky 50cl \u2014 a rare and smooth single malt perfect for collectors. Fast shipping and secure checkout available now!","robots":{"index":"index","follow":"follow","max-snippet":"max-snippet:-1","max-image-preview":"max-image-preview:large","max-video-preview":"max-video-preview:-1"},"canonical":"https:\/\/comprehensiveliquor.com\/cs\/product\/ben-nevis-25-year-old-that-boutique-y-whisky-company-batch-16-50cl\/","og_locale":"cs_CZ","og_type":"article","og_title":"Ben Nevis 25 Year Old | That Boutique-y Whisky Company Batch 16 50cl","og_description":"Shop Ben Nevis 25 Year Old Whisky 50cl \u2014 a rare and smooth single malt perfect for collectors. Fast shipping and secure checkout available now!","og_url":"https:\/\/comprehensiveliquor.com\/cs\/product\/ben-nevis-25-year-old-that-boutique-y-whisky-company-batch-16-50cl\/","og_site_name":"Comprehensive Liquor","article_modified_time":"2025-11-13T07:19:41+00:00","og_image":[{"width":360,"height":518,"url":"https:\/\/comprehensiveliquor.com\/wp-content\/uploads\/2022\/10\/image_2022-10-17_223047216.png","type":"image\/png"}],"twitter_card":"summary_large_image","twitter_misc":{"Odhadovan\u00e1 doba \u010dten\u00ed":"1 minuta"},"schema":{"@context":"https:\/\/schema.org","@graph":[{"@type":"WebPage","@id":"https:\/\/comprehensiveliquor.com\/product\/ben-nevis-25-year-old-that-boutique-y-whisky-company-batch-16-50cl\/","url":"https:\/\/comprehensiveliquor.com\/product\/ben-nevis-25-year-old-that-boutique-y-whisky-company-batch-16-50cl\/","name":"Buy Ben Nevis 25 Year Old Whisky 50cl Online","isPartOf":{"@id":"https:\/\/comprehensiveliquor.com\/#website"},"primaryImageOfPage":{"@id":"https:\/\/comprehensiveliquor.com\/product\/ben-nevis-25-year-old-that-boutique-y-whisky-company-batch-16-50cl\/#primaryimage"},"image":{"@id":"https:\/\/comprehensiveliquor.com\/product\/ben-nevis-25-year-old-that-boutique-y-whisky-company-batch-16-50cl\/#primaryimage"},"thumbnailUrl":"https:\/\/comprehensiveliquor.com\/wp-content\/uploads\/2022\/10\/image_2022-10-17_223047216.png","datePublished":"2022-10-17T21:35:24+00:00","dateModified":"2025-11-13T07:19:41+00:00","description":"Shop Ben Nevis 25 Year Old Whisky 50cl \u2014 a rare and smooth single malt perfect for collectors. Fast shipping and secure checkout available now!","breadcrumb":{"@id":"https:\/\/comprehensiveliquor.com\/product\/ben-nevis-25-year-old-that-boutique-y-whisky-company-batch-16-50cl\/#breadcrumb"},"inLanguage":"cs","potentialAction":[{"@type":"ReadAction","target":["https:\/\/comprehensiveliquor.com\/product\/ben-nevis-25-year-old-that-boutique-y-whisky-company-batch-16-50cl\/"]}]},{"@type":"ImageObject","inLanguage":"cs","@id":"https:\/\/comprehensiveliquor.com\/product\/ben-nevis-25-year-old-that-boutique-y-whisky-company-batch-16-50cl\/#primaryimage","url":"https:\/\/comprehensiveliquor.com\/wp-content\/uploads\/2022\/10\/image_2022-10-17_223047216.png","contentUrl":"https:\/\/comprehensiveliquor.com\/wp-content\/uploads\/2022\/10\/image_2022-10-17_223047216.png","width":360,"height":518,"caption":"Buy Ben Nevis 25 Year Old Whisky 50cl Online Bottle"},{"@type":"BreadcrumbList","@id":"https:\/\/comprehensiveliquor.com\/product\/ben-nevis-25-year-old-that-boutique-y-whisky-company-batch-16-50cl\/#breadcrumb","itemListElement":[{"@type":"ListItem","position":1,"name":"Home","item":"https:\/\/comprehensiveliquor.com\/"},{"@type":"ListItem","position":2,"name":"Shop","item":"https:\/\/comprehensiveliquor.com\/shop\/"},{"@type":"ListItem","position":3,"name":"Ben Nevis 25 Year Old | That Boutique-y Whisky Company Batch 16 50cl"}]},{"@type":"WebSite","@id":"https:\/\/comprehensiveliquor.com\/#website","url":"https:\/\/comprehensiveliquor.com\/","name":"Komplexn\u00ed lik\u00e9r","description":"Best Liquor Store","publisher":{"@id":"https:\/\/comprehensiveliquor.com\/#organization"},"alternateName":"Comprehensive Liquor Store","potentialAction":[{"@type":"SearchAction","target":{"@type":"EntryPoint","urlTemplate":"https:\/\/comprehensiveliquor.com\/?s={search_term_string}"},"query-input":{"@type":"PropertyValueSpecification","valueRequired":true,"valueName":"search_term_string"}}],"inLanguage":"cs"},{"@type":"Organization","@id":"https:\/\/comprehensiveliquor.com\/#organization","name":"Komplexn\u00ed lik\u00e9r","alternateName":"Comprehensive Liquor Store","url":"https:\/\/comprehensiveliquor.com\/","logo":{"@type":"ImageObject","inLanguage":"cs","@id":"https:\/\/comprehensiveliquor.com\/#\/schema\/logo\/image\/","url":"https:\/\/comprehensiveliquor.com\/wp-content\/uploads\/2024\/03\/cropped-image_2024-03-26_131408877.png","contentUrl":"https:\/\/comprehensiveliquor.com\/wp-content\/uploads\/2024\/03\/cropped-image_2024-03-26_131408877.png","width":378,"height":263,"caption":"Comprehensive Liquor"},"image":{"@id":"https:\/\/comprehensiveliquor.com\/#\/schema\/logo\/image\/"}}]}},"_links":{"self":[{"href":"https:\/\/comprehensiveliquor.com\/cs\/wp-json\/wp\/v2\/product\/2480","targetHints":{"allow":["GET"]}}],"collection":[{"href":"https:\/\/comprehensiveliquor.com\/cs\/wp-json\/wp\/v2\/product"}],"about":[{"href":"https:\/\/comprehensiveliquor.com\/cs\/wp-json\/wp\/v2\/types\/product"}],"replies":[{"embeddable":true,"href":"https:\/\/comprehensiveliquor.com\/cs\/wp-json\/wp\/v2\/comments?post=2480"}],"wp:featuredmedia":[{"embeddable":true,"href":"https:\/\/comprehensiveliquor.com\/cs\/wp-json\/wp\/v2\/media\/2481"}],"wp:attachment":[{"href":"https:\/\/comprehensiveliquor.com\/cs\/wp-json\/wp\/v2\/media?parent=2480"}],"wp:term":[{"taxonomy":"product_brand","embeddable":true,"href":"https:\/\/comprehensiveliquor.com\/cs\/wp-json\/wp\/v2\/product_brand?post=2480"},{"taxonomy":"product_cat","embeddable":true,"href":"https:\/\/comprehensiveliquor.com\/cs\/wp-json\/wp\/v2\/product_cat?post=2480"},{"taxonomy":"product_tag","embeddable":true,"href":"https:\/\/comprehensiveliquor.com\/cs\/wp-json\/wp\/v2\/product_tag?post=2480"}],"curies":[{"name":"wp","href":"https:\/\/api.w.org\/{rel}","templated":true}]}}