{"id":2502,"date":"2022-10-17T22:29:54","date_gmt":"2022-10-17T22:29:54","guid":{"rendered":"https:\/\/comprehensiveliquor.com\/?post_type=product&#038;p=2502"},"modified":"2025-11-14T10:21:10","modified_gmt":"2025-11-14T10:21:10","slug":"tomatin-1993-2022-28-lety-125-vyroci","status":"publish","type":"product","link":"https:\/\/comprehensiveliquor.com\/cs\/product\/tomatin-1993-2022-28-lety-125-vyroci\/","title":{"rendered":"Tomatin 1993-2022 | 28 Year Old 125th Anniversary"},"content":{"rendered":"<h2 class=\"product-single__title\" style=\"color: #252525;\">Tomatin 1993-2022: 28 Year Old 125th Anniversary<\/h2>\n<p style=\"color: #252525;\">This Tomatin 1993 single cask 28-year-old came from a single cask picked by Tomatin&#8217;s Master Distiller Graham Eunson, an Oloroso sherry butt Cask 6810 that yielded a total of 501 bottles at its impressive cask strength of 57.3%. This handsomely presented Tomatin is an impressively potent symphony of classic, multi-layered sherry flavors and deserves serious attention in the glass.<\/p>\n<p>This rare single malt Oloroso Sherry butt has been personally selected by Master Distiller, Graham Eunson to mark the 125th Anniversary of <a title=\"Tomatin Distillery\" href=\"https:\/\/en.wikipedia.org\/wiki\/Tomatin_distillery\" target=\"_blank\" rel=\"noopener\">Tomatin Distillery<\/a>.<\/p>\n<p>&nbsp;<\/p>\n<h3><strong>Ofici\u00e1ln\u00ed degusta\u010dn\u00ed pozn\u00e1mky<\/strong><\/h3>\n<p><strong style=\"color: #252525;\">Nos:\u00a0<\/strong>Similar to the type of cask that would have been used in 1897, this is a great example of a whisky that takes time to open up. Initially, the nose is very soft, with hints of furniture wax, hessian, and engine oil. Emerging notes of very old oloroso sherry bring a complex mix of fruit and nut flavors: figs, raisins, plums, pear tarte tatin, and frangipane. Growing ever bolder, aromas of coffee liqueur, flamed orange, caramel, and black walnut bitters show a darker side before herbal notes of pipe tobacco and eucalyptus.<\/p>\n<p><strong style=\"color: #252525;\">Patro<\/strong>: Massive sherry notes coat the palate, along with walnut, almond, raisins (almost like PX), and citrus in the form of tangerine. This is followed by a wave of European oak spice, toffee, and dark chocolate. In time, a liquorice flavor develops, along with a hint of Assam tea.<\/p>\n<p><strong style=\"color: #252525;\">Dokon\u010dit<\/strong>: deep and rich. A brief dryness from the Assam Tea note is replaced by the reappearance of raisins and chocolate.<\/p>\n<p>&nbsp;<\/p>\n<h4>Atributy<\/h4>\n<table>\n<tbody>\n<tr>\n<td><strong>Kategorie<\/strong><\/td>\n<td><a title=\"Scotch Whiskey\" href=\"https:\/\/comprehensiveliquor.com\/cs\/product-category\/scotch-whisky\/\">Scotch Whiskey<\/a><\/td>\n<\/tr>\n<tr>\n<td><strong>Distillery<\/strong><\/td>\n<td><a title=\"Tomatin\" href=\"https:\/\/www.whisky.com\/whisky-database\/distilleries\/details\/tomatin.html\" target=\"_blank\" rel=\"noopener\">Tomatin<\/a><\/td>\n<\/tr>\n<tr>\n<td><strong>Series<\/strong><\/td>\n<td>125th Anniversary<\/td>\n<\/tr>\n<tr>\n<td><strong>Country<\/strong><\/td>\n<td>Scotland<\/td>\n<\/tr>\n<tr>\n<td><strong>Region<\/strong><\/td>\n<td>Highland<\/td>\n<\/tr>\n<tr>\n<td><strong>Age<\/strong><\/td>\n<td>28<\/td>\n<\/tr>\n<tr>\n<td><strong>Limitovan\u00e1 edice<\/strong><\/td>\n<td>Yes<\/td>\n<\/tr>\n<tr>\n<td><strong>Bottles Produced<\/strong><\/td>\n<td>501<\/td>\n<\/tr>\n<tr>\n<td><strong>Cask Number<\/strong><\/td>\n<td>6810<\/td>\n<\/tr>\n<tr>\n<td><strong>Cask Type<\/strong><\/td>\n<td>Oloroso Sherry Butt<\/td>\n<\/tr>\n<tr>\n<td><strong>Bottle Size<\/strong><\/td>\n<td>70cl<\/td>\n<\/tr>\n<tr>\n<td><strong>ABV<\/strong><\/td>\n<td>57.3%<\/td>\n<\/tr>\n<\/tbody>\n<\/table>","protected":false},"excerpt":{"rendered":"<p>Tomatin 125th Anniversary 1993: A rare single malt Scotch whisky cask was selected by Master Distiller Graham Eunson to mark the 125th anniversary of Tomatin Distillery.<\/p>","protected":false},"featured_media":2503,"comment_status":"open","ping_status":"closed","template":"","meta":{"site-sidebar-layout":"default","site-content-layout":"default","ast-site-content-layout":"default","site-content-style":"default","site-sidebar-style":"default","ast-global-header-display":"","ast-banner-title-visibility":"","ast-main-header-display":"","ast-hfb-above-header-display":"","ast-hfb-below-header-display":"","ast-hfb-mobile-header-display":"","site-post-title":"","ast-breadcrumbs-content":"","ast-featured-img":"","footer-sml-layout":"","ast-disable-related-posts":"","theme-transparent-header-meta":"default","adv-header-id-meta":"","stick-header-meta":"","header-above-stick-meta":"","header-main-stick-meta":"","header-below-stick-meta":"","astra-migrate-meta-layouts":"set","ast-page-background-enabled":"default","ast-page-background-meta":{"desktop":{"background-color":"","background-image":"","background-repeat":"repeat","background-position":"center center","background-size":"auto","background-attachment":"scroll","background-type":"","background-media":"","overlay-type":"","overlay-color":"","overlay-opacity":"","overlay-gradient":""},"tablet":{"background-color":"","background-image":"","background-repeat":"repeat","background-position":"center center","background-size":"auto","background-attachment":"scroll","background-type":"","background-media":"","overlay-type":"","overlay-color":"","overlay-opacity":"","overlay-gradient":""},"mobile":{"background-color":"","background-image":"","background-repeat":"repeat","background-position":"center center","background-size":"auto","background-attachment":"scroll","background-type":"","background-media":"","overlay-type":"","overlay-color":"","overlay-opacity":"","overlay-gradient":""}},"ast-content-background-meta":{"desktop":{"background-color":"var(--ast-global-color-5)","background-image":"","background-repeat":"repeat","background-position":"center center","background-size":"auto","background-attachment":"scroll","background-type":"","background-media":"","overlay-type":"","overlay-color":"","overlay-opacity":"","overlay-gradient":""},"tablet":{"background-color":"var(--ast-global-color-5)","background-image":"","background-repeat":"repeat","background-position":"center center","background-size":"auto","background-attachment":"scroll","background-type":"","background-media":"","overlay-type":"","overlay-color":"","overlay-opacity":"","overlay-gradient":""},"mobile":{"background-color":"var(--ast-global-color-5)","background-image":"","background-repeat":"repeat","background-position":"center center","background-size":"auto","background-attachment":"scroll","background-type":"","background-media":"","overlay-type":"","overlay-color":"","overlay-opacity":"","overlay-gradient":""}}},"product_brand":[],"product_cat":[58,24,39,27],"product_tag":[104,107],"class_list":{"0":"post-2502","1":"product","2":"type-product","3":"status-publish","4":"has-post-thumbnail","6":"product_cat-limited-edition","7":"product_cat-new-arrivals","8":"product_cat-scotch-whisky","9":"product_cat-world-whisky","10":"product_tag-buy-scotch-whisky-online","11":"product_tag-buy-tomatin-single-malt-scotch-whisky","12":"desktop-align-center","13":"tablet-align-left","14":"mobile-align-left","16":"first","17":"instock","18":"shipping-taxable","19":"purchasable","20":"product-type-simple"},"yoast_head":"<!-- This site is optimized with the Yoast SEO Premium plugin v24.7 (Yoast SEO v27.3) - https:\/\/yoast.com\/product\/yoast-seo-premium-wordpress\/ -->\n<title>Tomatin 28 Year 125th Anniversary | Buy Online<\/title>\n<meta name=\"description\" content=\"Shop Tomatin 28 Year 125th Anniversary, a rare 1993\u20132022 limited release crafted for collectors. Premium Highland whisky available now. Order today.\" \/>\n<meta name=\"robots\" content=\"index, follow, max-snippet:-1, max-image-preview:large, max-video-preview:-1\" \/>\n<link rel=\"canonical\" href=\"https:\/\/comprehensiveliquor.com\/cs\/product\/tomatin-1993-2022-28-lety-125-vyroci\/\" \/>\n<meta property=\"og:locale\" content=\"cs_CZ\" \/>\n<meta property=\"og:type\" content=\"article\" \/>\n<meta property=\"og:title\" content=\"Tomatin 1993-2022 | 28 Year Old 125th Anniversary\" \/>\n<meta property=\"og:description\" content=\"Shop Tomatin 28 Year 125th Anniversary, a rare 1993\u20132022 limited release crafted for collectors. Premium Highland whisky available now. Order today.\" \/>\n<meta property=\"og:url\" content=\"https:\/\/comprehensiveliquor.com\/cs\/product\/tomatin-1993-2022-28-lety-125-vyroci\/\" \/>\n<meta property=\"og:site_name\" content=\"Comprehensive Liquor\" \/>\n<meta property=\"article:modified_time\" content=\"2025-11-14T10:21:10+00:00\" \/>\n<meta property=\"og:image\" content=\"https:\/\/comprehensiveliquor.com\/wp-content\/uploads\/2022\/10\/image_2022-10-17_232609496.png\" \/>\n\t<meta property=\"og:image:width\" content=\"480\" \/>\n\t<meta property=\"og:image:height\" content=\"600\" \/>\n\t<meta property=\"og:image:type\" content=\"image\/png\" \/>\n<meta name=\"twitter:card\" content=\"summary_large_image\" \/>\n<meta name=\"twitter:label1\" content=\"Odhadovan\u00e1 doba \u010dten\u00ed\" \/>\n\t<meta name=\"twitter:data1\" content=\"2 minuty\" \/>\n<script type=\"application\/ld+json\" class=\"yoast-schema-graph\">{\"@context\":\"https:\\\/\\\/schema.org\",\"@graph\":[{\"@type\":\"WebPage\",\"@id\":\"https:\\\/\\\/comprehensiveliquor.com\\\/product\\\/tomatin-1993-2022-28-year-old-125th-anniversary\\\/\",\"url\":\"https:\\\/\\\/comprehensiveliquor.com\\\/product\\\/tomatin-1993-2022-28-year-old-125th-anniversary\\\/\",\"name\":\"Tomatin 28 Year 125th Anniversary | Buy Online\",\"isPartOf\":{\"@id\":\"https:\\\/\\\/comprehensiveliquor.com\\\/#website\"},\"primaryImageOfPage\":{\"@id\":\"https:\\\/\\\/comprehensiveliquor.com\\\/product\\\/tomatin-1993-2022-28-year-old-125th-anniversary\\\/#primaryimage\"},\"image\":{\"@id\":\"https:\\\/\\\/comprehensiveliquor.com\\\/product\\\/tomatin-1993-2022-28-year-old-125th-anniversary\\\/#primaryimage\"},\"thumbnailUrl\":\"https:\\\/\\\/comprehensiveliquor.com\\\/wp-content\\\/uploads\\\/2022\\\/10\\\/image_2022-10-17_232609496.png\",\"datePublished\":\"2022-10-17T22:29:54+00:00\",\"dateModified\":\"2025-11-14T10:21:10+00:00\",\"description\":\"Shop Tomatin 28 Year 125th Anniversary, a rare 1993\u20132022 limited release crafted for collectors. Premium Highland whisky available now. Order today.\",\"breadcrumb\":{\"@id\":\"https:\\\/\\\/comprehensiveliquor.com\\\/product\\\/tomatin-1993-2022-28-year-old-125th-anniversary\\\/#breadcrumb\"},\"inLanguage\":\"cs\",\"potentialAction\":[{\"@type\":\"ReadAction\",\"target\":[\"https:\\\/\\\/comprehensiveliquor.com\\\/product\\\/tomatin-1993-2022-28-year-old-125th-anniversary\\\/\"]}]},{\"@type\":\"ImageObject\",\"inLanguage\":\"cs\",\"@id\":\"https:\\\/\\\/comprehensiveliquor.com\\\/product\\\/tomatin-1993-2022-28-year-old-125th-anniversary\\\/#primaryimage\",\"url\":\"https:\\\/\\\/comprehensiveliquor.com\\\/wp-content\\\/uploads\\\/2022\\\/10\\\/image_2022-10-17_232609496.png\",\"contentUrl\":\"https:\\\/\\\/comprehensiveliquor.com\\\/wp-content\\\/uploads\\\/2022\\\/10\\\/image_2022-10-17_232609496.png\",\"width\":480,\"height\":600,\"caption\":\"Tomatin 1993-2022\"},{\"@type\":\"BreadcrumbList\",\"@id\":\"https:\\\/\\\/comprehensiveliquor.com\\\/product\\\/tomatin-1993-2022-28-year-old-125th-anniversary\\\/#breadcrumb\",\"itemListElement\":[{\"@type\":\"ListItem\",\"position\":1,\"name\":\"Home\",\"item\":\"https:\\\/\\\/comprehensiveliquor.com\\\/\"},{\"@type\":\"ListItem\",\"position\":2,\"name\":\"Shop\",\"item\":\"https:\\\/\\\/comprehensiveliquor.com\\\/shop\\\/\"},{\"@type\":\"ListItem\",\"position\":3,\"name\":\"Tomatin 1993-2022 | 28 Year Old 125th Anniversary\"}]},{\"@type\":\"WebSite\",\"@id\":\"https:\\\/\\\/comprehensiveliquor.com\\\/#website\",\"url\":\"https:\\\/\\\/comprehensiveliquor.com\\\/\",\"name\":\"Comprehensive Liquor\",\"description\":\"Best Liquor Store\",\"publisher\":{\"@id\":\"https:\\\/\\\/comprehensiveliquor.com\\\/#organization\"},\"alternateName\":\"Comprehensive Liquor Store\",\"potentialAction\":[{\"@type\":\"SearchAction\",\"target\":{\"@type\":\"EntryPoint\",\"urlTemplate\":\"https:\\\/\\\/comprehensiveliquor.com\\\/?s={search_term_string}\"},\"query-input\":{\"@type\":\"PropertyValueSpecification\",\"valueRequired\":true,\"valueName\":\"search_term_string\"}}],\"inLanguage\":\"cs\"},{\"@type\":\"Organization\",\"@id\":\"https:\\\/\\\/comprehensiveliquor.com\\\/#organization\",\"name\":\"Comprehensive Liquor\",\"alternateName\":\"Comprehensive Liquor Store\",\"url\":\"https:\\\/\\\/comprehensiveliquor.com\\\/\",\"logo\":{\"@type\":\"ImageObject\",\"inLanguage\":\"cs\",\"@id\":\"https:\\\/\\\/comprehensiveliquor.com\\\/#\\\/schema\\\/logo\\\/image\\\/\",\"url\":\"https:\\\/\\\/comprehensiveliquor.com\\\/wp-content\\\/uploads\\\/2024\\\/03\\\/cropped-image_2024-03-26_131408877.png\",\"contentUrl\":\"https:\\\/\\\/comprehensiveliquor.com\\\/wp-content\\\/uploads\\\/2024\\\/03\\\/cropped-image_2024-03-26_131408877.png\",\"width\":378,\"height\":263,\"caption\":\"Comprehensive Liquor\"},\"image\":{\"@id\":\"https:\\\/\\\/comprehensiveliquor.com\\\/#\\\/schema\\\/logo\\\/image\\\/\"}}]}<\/script>\n<!-- \/ Yoast SEO Premium plugin. -->","yoast_head_json":{"title":"Tomatin 28 Year 125th Anniversary | Buy Online","description":"Shop Tomatin 28 Year 125th Anniversary, a rare 1993\u20132022 limited release crafted for collectors. Premium Highland whisky available now. Order today.","robots":{"index":"index","follow":"follow","max-snippet":"max-snippet:-1","max-image-preview":"max-image-preview:large","max-video-preview":"max-video-preview:-1"},"canonical":"https:\/\/comprehensiveliquor.com\/cs\/product\/tomatin-1993-2022-28-lety-125-vyroci\/","og_locale":"cs_CZ","og_type":"article","og_title":"Tomatin 1993-2022 | 28 Year Old 125th Anniversary","og_description":"Shop Tomatin 28 Year 125th Anniversary, a rare 1993\u20132022 limited release crafted for collectors. Premium Highland whisky available now. Order today.","og_url":"https:\/\/comprehensiveliquor.com\/cs\/product\/tomatin-1993-2022-28-lety-125-vyroci\/","og_site_name":"Comprehensive Liquor","article_modified_time":"2025-11-14T10:21:10+00:00","og_image":[{"width":480,"height":600,"url":"https:\/\/comprehensiveliquor.com\/wp-content\/uploads\/2022\/10\/image_2022-10-17_232609496.png","type":"image\/png"}],"twitter_card":"summary_large_image","twitter_misc":{"Odhadovan\u00e1 doba \u010dten\u00ed":"2 minuty"},"schema":{"@context":"https:\/\/schema.org","@graph":[{"@type":"WebPage","@id":"https:\/\/comprehensiveliquor.com\/product\/tomatin-1993-2022-28-year-old-125th-anniversary\/","url":"https:\/\/comprehensiveliquor.com\/product\/tomatin-1993-2022-28-year-old-125th-anniversary\/","name":"Tomatin 28 Year 125th Anniversary | Buy Online","isPartOf":{"@id":"https:\/\/comprehensiveliquor.com\/#website"},"primaryImageOfPage":{"@id":"https:\/\/comprehensiveliquor.com\/product\/tomatin-1993-2022-28-year-old-125th-anniversary\/#primaryimage"},"image":{"@id":"https:\/\/comprehensiveliquor.com\/product\/tomatin-1993-2022-28-year-old-125th-anniversary\/#primaryimage"},"thumbnailUrl":"https:\/\/comprehensiveliquor.com\/wp-content\/uploads\/2022\/10\/image_2022-10-17_232609496.png","datePublished":"2022-10-17T22:29:54+00:00","dateModified":"2025-11-14T10:21:10+00:00","description":"Shop Tomatin 28 Year 125th Anniversary, a rare 1993\u20132022 limited release crafted for collectors. Premium Highland whisky available now. Order today.","breadcrumb":{"@id":"https:\/\/comprehensiveliquor.com\/product\/tomatin-1993-2022-28-year-old-125th-anniversary\/#breadcrumb"},"inLanguage":"cs","potentialAction":[{"@type":"ReadAction","target":["https:\/\/comprehensiveliquor.com\/product\/tomatin-1993-2022-28-year-old-125th-anniversary\/"]}]},{"@type":"ImageObject","inLanguage":"cs","@id":"https:\/\/comprehensiveliquor.com\/product\/tomatin-1993-2022-28-year-old-125th-anniversary\/#primaryimage","url":"https:\/\/comprehensiveliquor.com\/wp-content\/uploads\/2022\/10\/image_2022-10-17_232609496.png","contentUrl":"https:\/\/comprehensiveliquor.com\/wp-content\/uploads\/2022\/10\/image_2022-10-17_232609496.png","width":480,"height":600,"caption":"Tomatin 1993-2022"},{"@type":"BreadcrumbList","@id":"https:\/\/comprehensiveliquor.com\/product\/tomatin-1993-2022-28-year-old-125th-anniversary\/#breadcrumb","itemListElement":[{"@type":"ListItem","position":1,"name":"Home","item":"https:\/\/comprehensiveliquor.com\/"},{"@type":"ListItem","position":2,"name":"Shop","item":"https:\/\/comprehensiveliquor.com\/shop\/"},{"@type":"ListItem","position":3,"name":"Tomatin 1993-2022 | 28 Year Old 125th Anniversary"}]},{"@type":"WebSite","@id":"https:\/\/comprehensiveliquor.com\/#website","url":"https:\/\/comprehensiveliquor.com\/","name":"Komplexn\u00ed lik\u00e9r","description":"Best Liquor Store","publisher":{"@id":"https:\/\/comprehensiveliquor.com\/#organization"},"alternateName":"Comprehensive Liquor Store","potentialAction":[{"@type":"SearchAction","target":{"@type":"EntryPoint","urlTemplate":"https:\/\/comprehensiveliquor.com\/?s={search_term_string}"},"query-input":{"@type":"PropertyValueSpecification","valueRequired":true,"valueName":"search_term_string"}}],"inLanguage":"cs"},{"@type":"Organization","@id":"https:\/\/comprehensiveliquor.com\/#organization","name":"Komplexn\u00ed lik\u00e9r","alternateName":"Comprehensive Liquor Store","url":"https:\/\/comprehensiveliquor.com\/","logo":{"@type":"ImageObject","inLanguage":"cs","@id":"https:\/\/comprehensiveliquor.com\/#\/schema\/logo\/image\/","url":"https:\/\/comprehensiveliquor.com\/wp-content\/uploads\/2024\/03\/cropped-image_2024-03-26_131408877.png","contentUrl":"https:\/\/comprehensiveliquor.com\/wp-content\/uploads\/2024\/03\/cropped-image_2024-03-26_131408877.png","width":378,"height":263,"caption":"Comprehensive Liquor"},"image":{"@id":"https:\/\/comprehensiveliquor.com\/#\/schema\/logo\/image\/"}}]}},"_links":{"self":[{"href":"https:\/\/comprehensiveliquor.com\/cs\/wp-json\/wp\/v2\/product\/2502","targetHints":{"allow":["GET"]}}],"collection":[{"href":"https:\/\/comprehensiveliquor.com\/cs\/wp-json\/wp\/v2\/product"}],"about":[{"href":"https:\/\/comprehensiveliquor.com\/cs\/wp-json\/wp\/v2\/types\/product"}],"replies":[{"embeddable":true,"href":"https:\/\/comprehensiveliquor.com\/cs\/wp-json\/wp\/v2\/comments?post=2502"}],"wp:featuredmedia":[{"embeddable":true,"href":"https:\/\/comprehensiveliquor.com\/cs\/wp-json\/wp\/v2\/media\/2503"}],"wp:attachment":[{"href":"https:\/\/comprehensiveliquor.com\/cs\/wp-json\/wp\/v2\/media?parent=2502"}],"wp:term":[{"taxonomy":"product_brand","embeddable":true,"href":"https:\/\/comprehensiveliquor.com\/cs\/wp-json\/wp\/v2\/product_brand?post=2502"},{"taxonomy":"product_cat","embeddable":true,"href":"https:\/\/comprehensiveliquor.com\/cs\/wp-json\/wp\/v2\/product_cat?post=2502"},{"taxonomy":"product_tag","embeddable":true,"href":"https:\/\/comprehensiveliquor.com\/cs\/wp-json\/wp\/v2\/product_tag?post=2502"}],"curies":[{"name":"wp","href":"https:\/\/api.w.org\/{rel}","templated":true}]}}