{"id":2819,"date":"2022-10-22T20:57:53","date_gmt":"2022-10-22T20:57:53","guid":{"rendered":"https:\/\/comprehensiveliquor.com\/?post_type=product&#038;p=2819"},"modified":"2025-11-13T14:19:49","modified_gmt":"2025-11-13T14:19:49","slug":"johnnie-walker-blue-label-chinese-year-of-the-tiger","status":"publish","type":"product","link":"https:\/\/comprehensiveliquor.com\/cs\/product\/johnnie-walker-blue-label-chinese-year-of-the-tiger\/","title":{"rendered":"Johnnie Walker Blue Label | \u010c\u00ednsk\u00fd rok tygra"},"content":{"rendered":"<h2 class=\"product-single__title\" style=\"color: #252525;\">Johnnie Walker Blue Label | \u010c\u00ednsk\u00fd rok tygra<\/h2>\n<p style=\"color: #252525;\">Johnnie Walker Blue Label \u010c\u00ednsk\u00fd rok tygra byl uveden na trh koncem roku 2021 jako sou\u010d\u00e1st kolekce zv\u011brokruhu zna\u010dky, kter\u00e1 oslavovala 12 \u010d\u00ednsk\u00fdch astrologick\u00fdch souhv\u011bzd\u00ed. Rok tygra trv\u00e1 od <span style=\"color: #252525;\">February 1st,<\/span><span style=\"color: #252525;\"> 2022, do 21. ledna<\/span><span style=\"color: #252525;\">\u00a02023.<\/span><\/p>\n<p>&nbsp;<\/p>\n<h3><strong>Ofici\u00e1ln\u00ed degusta\u010dn\u00ed pozn\u00e1mky<\/strong><\/h3>\n<p><strong>Nos:\u00a0<\/strong>Vlny ko\u0159en\u00ed ustupuj\u00ed vanilce a medu.<\/p>\n<p><strong>Patro<\/strong>Karamel a l\u00edskov\u00e9 o\u0159\u00ed\u0161ky proch\u00e1zej\u00ed ho\u0159kou \u010dokol\u00e1dou.<\/p>\n<p><strong>Dokon\u010dit<\/strong>Luxusn\u011b dlouh\u00fd, h\u0159ejiv\u00fd, kou\u0159ov\u00fd z\u00e1v\u011br.<\/p>\n<p>&nbsp;<\/p>\n<h4>Atributy<\/h4>\n<table>\n<tbody>\n<tr>\n<td><strong>Zna\u010dka<\/strong><\/td>\n<td><a href=\"https:\/\/comprehensiveliquor.com\/cs\/johnnie-walker-whiskey\/\">Johnnie Walker<\/a><\/td>\n<\/tr>\n<tr>\n<td><strong>Series<\/strong><\/td>\n<td><a title=\"Chinese New Year - Year Of The Tiger\" href=\"http:\/\/Johnnie Walker Blue Label 200th Anniversary Limited Edition\" target=\"_blank\" rel=\"noopener\">Chinese New Year &#8211; Year Of The Tiger<\/a><\/td>\n<\/tr>\n<tr>\n<td><strong>Country<\/strong><\/td>\n<td>Scotland<\/td>\n<\/tr>\n<tr>\n<td><strong>Limitovan\u00e1 edice<\/strong><\/td>\n<td>Yes<\/td>\n<\/tr>\n<tr>\n<td><strong>Bottle Size<\/strong><\/td>\n<td>70cl<\/td>\n<\/tr>\n<tr>\n<td><strong>ABV<\/strong><\/td>\n<td>40%<\/td>\n<\/tr>\n<\/tbody>\n<\/table>","protected":false},"excerpt":{"rendered":"<p><span style=\"color: #252525;\">L\u00e1hev Johnnie Walker Blue Label Rok tygra byla vyzdobena um\u011blcem Shan Jiangem \u017eiv\u00fdmi obr\u00e1zky lun\u00e1rn\u00edho kalend\u00e1\u0159e, kter\u00e9 p\u0159edstavuj\u00ed tygra, o kter\u00e9m se \u0159\u00edk\u00e1, \u017ee p\u0159in\u00e1\u0161\u00ed s\u00edlu, state\u010dnost a moudrost \u2013 vlastnosti, kter\u00fdch by se roku 2022 rozhodn\u011b mohlo v\u00edce do\u010dkat.<\/span><\/p>","protected":false},"featured_media":2820,"comment_status":"open","ping_status":"closed","template":"","meta":{"site-sidebar-layout":"default","site-content-layout":"default","ast-site-content-layout":"default","site-content-style":"default","site-sidebar-style":"default","ast-global-header-display":"","ast-banner-title-visibility":"","ast-main-header-display":"","ast-hfb-above-header-display":"","ast-hfb-below-header-display":"","ast-hfb-mobile-header-display":"","site-post-title":"","ast-breadcrumbs-content":"","ast-featured-img":"","footer-sml-layout":"","ast-disable-related-posts":"","theme-transparent-header-meta":"default","adv-header-id-meta":"","stick-header-meta":"","header-above-stick-meta":"","header-main-stick-meta":"","header-below-stick-meta":"","astra-migrate-meta-layouts":"set","ast-page-background-enabled":"default","ast-page-background-meta":{"desktop":{"background-color":"","background-image":"","background-repeat":"repeat","background-position":"center center","background-size":"auto","background-attachment":"scroll","background-type":"","background-media":"","overlay-type":"","overlay-color":"","overlay-opacity":"","overlay-gradient":""},"tablet":{"background-color":"","background-image":"","background-repeat":"repeat","background-position":"center center","background-size":"auto","background-attachment":"scroll","background-type":"","background-media":"","overlay-type":"","overlay-color":"","overlay-opacity":"","overlay-gradient":""},"mobile":{"background-color":"","background-image":"","background-repeat":"repeat","background-position":"center center","background-size":"auto","background-attachment":"scroll","background-type":"","background-media":"","overlay-type":"","overlay-color":"","overlay-opacity":"","overlay-gradient":""}},"ast-content-background-meta":{"desktop":{"background-color":"var(--ast-global-color-5)","background-image":"","background-repeat":"repeat","background-position":"center center","background-size":"auto","background-attachment":"scroll","background-type":"","background-media":"","overlay-type":"","overlay-color":"","overlay-opacity":"","overlay-gradient":""},"tablet":{"background-color":"var(--ast-global-color-5)","background-image":"","background-repeat":"repeat","background-position":"center center","background-size":"auto","background-attachment":"scroll","background-type":"","background-media":"","overlay-type":"","overlay-color":"","overlay-opacity":"","overlay-gradient":""},"mobile":{"background-color":"var(--ast-global-color-5)","background-image":"","background-repeat":"repeat","background-position":"center center","background-size":"auto","background-attachment":"scroll","background-type":"","background-media":"","overlay-type":"","overlay-color":"","overlay-opacity":"","overlay-gradient":""}}},"product_brand":[],"product_cat":[28,58,24,39],"product_tag":[104,106],"class_list":{"0":"post-2819","1":"product","2":"type-product","3":"status-publish","4":"has-post-thumbnail","6":"product_cat-blended-whisky","7":"product_cat-limited-edition","8":"product_cat-new-arrivals","9":"product_cat-scotch-whisky","10":"product_tag-buy-scotch-whisky-online","11":"product_tag-johnnie-walker-whiskey","12":"desktop-align-center","13":"tablet-align-left","14":"mobile-align-left","16":"first","17":"instock","18":"shipping-taxable","19":"purchasable","20":"product-type-simple"},"yoast_head":"<!-- This site is optimized with the Yoast SEO Premium plugin v24.7 (Yoast SEO v27.5) - https:\/\/yoast.com\/product\/yoast-seo-premium-wordpress\/ -->\n<title>Johnnie Walker Blue Year of Tiger | Limited Edition | Buy<\/title>\n<meta name=\"description\" content=\"Buy Johnnie Walker Blue Label Year of the Tiger Limited Edition. Rare Chinese zodiac collectible. Premium Scotch whisky. Authentic bottle. Order now.\" \/>\n<meta name=\"robots\" content=\"index, follow, max-snippet:-1, max-image-preview:large, max-video-preview:-1\" \/>\n<link rel=\"canonical\" href=\"https:\/\/comprehensiveliquor.com\/cs\/product\/johnnie-walker-blue-label-chinese-year-of-the-tiger\/\" \/>\n<meta property=\"og:locale\" content=\"cs_CZ\" \/>\n<meta property=\"og:type\" content=\"article\" \/>\n<meta property=\"og:title\" content=\"Johnnie Walker Blue Label | Chinese Year Of The Tiger\" \/>\n<meta property=\"og:description\" content=\"Buy Johnnie Walker Blue Label Year of the Tiger Limited Edition. Rare Chinese zodiac collectible. Premium Scotch whisky. Authentic bottle. Order now.\" \/>\n<meta property=\"og:url\" content=\"https:\/\/comprehensiveliquor.com\/cs\/product\/johnnie-walker-blue-label-chinese-year-of-the-tiger\/\" \/>\n<meta property=\"og:site_name\" content=\"Comprehensive Liquor\" \/>\n<meta property=\"article:modified_time\" content=\"2025-11-13T14:19:49+00:00\" \/>\n<meta property=\"og:image\" content=\"https:\/\/comprehensiveliquor.com\/wp-content\/uploads\/2022\/10\/image_2022-10-22_215309006.png\" \/>\n\t<meta property=\"og:image:width\" content=\"360\" \/>\n\t<meta property=\"og:image:height\" content=\"541\" \/>\n\t<meta property=\"og:image:type\" content=\"image\/png\" \/>\n<meta name=\"twitter:card\" content=\"summary_large_image\" \/>\n<meta name=\"twitter:label1\" content=\"Odhadovan\u00e1 doba \u010dten\u00ed\" \/>\n\t<meta name=\"twitter:data1\" content=\"1 minuta\" \/>\n<script type=\"application\/ld+json\" class=\"yoast-schema-graph\">{\"@context\":\"https:\\\/\\\/schema.org\",\"@graph\":[{\"@type\":\"WebPage\",\"@id\":\"https:\\\/\\\/comprehensiveliquor.com\\\/product\\\/johnnie-walker-blue-label-chinese-year-of-the-tiger\\\/\",\"url\":\"https:\\\/\\\/comprehensiveliquor.com\\\/product\\\/johnnie-walker-blue-label-chinese-year-of-the-tiger\\\/\",\"name\":\"Johnnie Walker Blue Year of Tiger | Limited Edition | Buy\",\"isPartOf\":{\"@id\":\"https:\\\/\\\/comprehensiveliquor.com\\\/#website\"},\"primaryImageOfPage\":{\"@id\":\"https:\\\/\\\/comprehensiveliquor.com\\\/product\\\/johnnie-walker-blue-label-chinese-year-of-the-tiger\\\/#primaryimage\"},\"image\":{\"@id\":\"https:\\\/\\\/comprehensiveliquor.com\\\/product\\\/johnnie-walker-blue-label-chinese-year-of-the-tiger\\\/#primaryimage\"},\"thumbnailUrl\":\"https:\\\/\\\/comprehensiveliquor.com\\\/wp-content\\\/uploads\\\/2022\\\/10\\\/image_2022-10-22_215309006.png\",\"datePublished\":\"2022-10-22T20:57:53+00:00\",\"dateModified\":\"2025-11-13T14:19:49+00:00\",\"description\":\"Buy Johnnie Walker Blue Label Year of the Tiger Limited Edition. Rare Chinese zodiac collectible. Premium Scotch whisky. Authentic bottle. Order now.\",\"breadcrumb\":{\"@id\":\"https:\\\/\\\/comprehensiveliquor.com\\\/product\\\/johnnie-walker-blue-label-chinese-year-of-the-tiger\\\/#breadcrumb\"},\"inLanguage\":\"cs\",\"potentialAction\":[{\"@type\":\"ReadAction\",\"target\":[\"https:\\\/\\\/comprehensiveliquor.com\\\/product\\\/johnnie-walker-blue-label-chinese-year-of-the-tiger\\\/\"]}]},{\"@type\":\"ImageObject\",\"inLanguage\":\"cs\",\"@id\":\"https:\\\/\\\/comprehensiveliquor.com\\\/product\\\/johnnie-walker-blue-label-chinese-year-of-the-tiger\\\/#primaryimage\",\"url\":\"https:\\\/\\\/comprehensiveliquor.com\\\/wp-content\\\/uploads\\\/2022\\\/10\\\/image_2022-10-22_215309006.png\",\"contentUrl\":\"https:\\\/\\\/comprehensiveliquor.com\\\/wp-content\\\/uploads\\\/2022\\\/10\\\/image_2022-10-22_215309006.png\",\"width\":360,\"height\":541,\"caption\":\"Johnnie Walker Blue\"},{\"@type\":\"BreadcrumbList\",\"@id\":\"https:\\\/\\\/comprehensiveliquor.com\\\/product\\\/johnnie-walker-blue-label-chinese-year-of-the-tiger\\\/#breadcrumb\",\"itemListElement\":[{\"@type\":\"ListItem\",\"position\":1,\"name\":\"Home\",\"item\":\"https:\\\/\\\/comprehensiveliquor.com\\\/\"},{\"@type\":\"ListItem\",\"position\":2,\"name\":\"Shop\",\"item\":\"https:\\\/\\\/comprehensiveliquor.com\\\/shop\\\/\"},{\"@type\":\"ListItem\",\"position\":3,\"name\":\"Johnnie Walker Blue Label | Chinese Year Of The Tiger\"}]},{\"@type\":\"WebSite\",\"@id\":\"https:\\\/\\\/comprehensiveliquor.com\\\/#website\",\"url\":\"https:\\\/\\\/comprehensiveliquor.com\\\/\",\"name\":\"Comprehensive Liquor\",\"description\":\"Best Liquor Store\",\"publisher\":{\"@id\":\"https:\\\/\\\/comprehensiveliquor.com\\\/#organization\"},\"alternateName\":\"Comprehensive Liquor Store\",\"potentialAction\":[{\"@type\":\"SearchAction\",\"target\":{\"@type\":\"EntryPoint\",\"urlTemplate\":\"https:\\\/\\\/comprehensiveliquor.com\\\/?s={search_term_string}\"},\"query-input\":{\"@type\":\"PropertyValueSpecification\",\"valueRequired\":true,\"valueName\":\"search_term_string\"}}],\"inLanguage\":\"cs\"},{\"@type\":\"Organization\",\"@id\":\"https:\\\/\\\/comprehensiveliquor.com\\\/#organization\",\"name\":\"Comprehensive Liquor\",\"alternateName\":\"Comprehensive Liquor Store\",\"url\":\"https:\\\/\\\/comprehensiveliquor.com\\\/\",\"logo\":{\"@type\":\"ImageObject\",\"inLanguage\":\"cs\",\"@id\":\"https:\\\/\\\/comprehensiveliquor.com\\\/#\\\/schema\\\/logo\\\/image\\\/\",\"url\":\"https:\\\/\\\/comprehensiveliquor.com\\\/wp-content\\\/uploads\\\/2024\\\/03\\\/cropped-image_2024-03-26_131408877.png\",\"contentUrl\":\"https:\\\/\\\/comprehensiveliquor.com\\\/wp-content\\\/uploads\\\/2024\\\/03\\\/cropped-image_2024-03-26_131408877.png\",\"width\":378,\"height\":263,\"caption\":\"Comprehensive Liquor\"},\"image\":{\"@id\":\"https:\\\/\\\/comprehensiveliquor.com\\\/#\\\/schema\\\/logo\\\/image\\\/\"}}]}<\/script>\n<!-- \/ Yoast SEO Premium plugin. -->","yoast_head_json":{"title":"Johnnie Walker Blue Rok tygra | Limitovan\u00e1 edice | Koupit","description":"Kupte si Johnnie Walker Blue Label Rok tygra v limitovan\u00e9 edici. Vz\u00e1cn\u00fd sb\u011bratelsk\u00fd kousek s \u010d\u00ednsk\u00fdm zv\u011brokruhem. Pr\u00e9miov\u00e1 skotsk\u00e1 whisky. Autentick\u00e1 l\u00e1hev. Objednejte si nyn\u00ed.","robots":{"index":"index","follow":"follow","max-snippet":"max-snippet:-1","max-image-preview":"max-image-preview:large","max-video-preview":"max-video-preview:-1"},"canonical":"https:\/\/comprehensiveliquor.com\/cs\/product\/johnnie-walker-blue-label-chinese-year-of-the-tiger\/","og_locale":"cs_CZ","og_type":"article","og_title":"Johnnie Walker Blue Label | Chinese Year Of The Tiger","og_description":"Buy Johnnie Walker Blue Label Year of the Tiger Limited Edition. Rare Chinese zodiac collectible. Premium Scotch whisky. Authentic bottle. Order now.","og_url":"https:\/\/comprehensiveliquor.com\/cs\/product\/johnnie-walker-blue-label-chinese-year-of-the-tiger\/","og_site_name":"Comprehensive Liquor","article_modified_time":"2025-11-13T14:19:49+00:00","og_image":[{"width":360,"height":541,"url":"https:\/\/comprehensiveliquor.com\/wp-content\/uploads\/2022\/10\/image_2022-10-22_215309006.png","type":"image\/png"}],"twitter_card":"summary_large_image","twitter_misc":{"Odhadovan\u00e1 doba \u010dten\u00ed":"1 minuta"},"schema":{"@context":"https:\/\/schema.org","@graph":[{"@type":"WebPage","@id":"https:\/\/comprehensiveliquor.com\/product\/johnnie-walker-blue-label-chinese-year-of-the-tiger\/","url":"https:\/\/comprehensiveliquor.com\/product\/johnnie-walker-blue-label-chinese-year-of-the-tiger\/","name":"Johnnie Walker Blue Rok tygra | Limitovan\u00e1 edice | Koupit","isPartOf":{"@id":"https:\/\/comprehensiveliquor.com\/#website"},"primaryImageOfPage":{"@id":"https:\/\/comprehensiveliquor.com\/product\/johnnie-walker-blue-label-chinese-year-of-the-tiger\/#primaryimage"},"image":{"@id":"https:\/\/comprehensiveliquor.com\/product\/johnnie-walker-blue-label-chinese-year-of-the-tiger\/#primaryimage"},"thumbnailUrl":"https:\/\/comprehensiveliquor.com\/wp-content\/uploads\/2022\/10\/image_2022-10-22_215309006.png","datePublished":"2022-10-22T20:57:53+00:00","dateModified":"2025-11-13T14:19:49+00:00","description":"Kupte si Johnnie Walker Blue Label Rok tygra v limitovan\u00e9 edici. Vz\u00e1cn\u00fd sb\u011bratelsk\u00fd kousek s \u010d\u00ednsk\u00fdm zv\u011brokruhem. Pr\u00e9miov\u00e1 skotsk\u00e1 whisky. Autentick\u00e1 l\u00e1hev. Objednejte si nyn\u00ed.","breadcrumb":{"@id":"https:\/\/comprehensiveliquor.com\/product\/johnnie-walker-blue-label-chinese-year-of-the-tiger\/#breadcrumb"},"inLanguage":"cs","potentialAction":[{"@type":"ReadAction","target":["https:\/\/comprehensiveliquor.com\/product\/johnnie-walker-blue-label-chinese-year-of-the-tiger\/"]}]},{"@type":"ImageObject","inLanguage":"cs","@id":"https:\/\/comprehensiveliquor.com\/product\/johnnie-walker-blue-label-chinese-year-of-the-tiger\/#primaryimage","url":"https:\/\/comprehensiveliquor.com\/wp-content\/uploads\/2022\/10\/image_2022-10-22_215309006.png","contentUrl":"https:\/\/comprehensiveliquor.com\/wp-content\/uploads\/2022\/10\/image_2022-10-22_215309006.png","width":360,"height":541,"caption":"Johnnie Walker Blue"},{"@type":"BreadcrumbList","@id":"https:\/\/comprehensiveliquor.com\/product\/johnnie-walker-blue-label-chinese-year-of-the-tiger\/#breadcrumb","itemListElement":[{"@type":"ListItem","position":1,"name":"Home","item":"https:\/\/comprehensiveliquor.com\/"},{"@type":"ListItem","position":2,"name":"Shop","item":"https:\/\/comprehensiveliquor.com\/shop\/"},{"@type":"ListItem","position":3,"name":"Johnnie Walker Blue Label | Chinese Year Of The Tiger"}]},{"@type":"WebSite","@id":"https:\/\/comprehensiveliquor.com\/#website","url":"https:\/\/comprehensiveliquor.com\/","name":"Komplexn\u00ed lik\u00e9r","description":"Best Liquor Store","publisher":{"@id":"https:\/\/comprehensiveliquor.com\/#organization"},"alternateName":"Comprehensive Liquor Store","potentialAction":[{"@type":"SearchAction","target":{"@type":"EntryPoint","urlTemplate":"https:\/\/comprehensiveliquor.com\/?s={search_term_string}"},"query-input":{"@type":"PropertyValueSpecification","valueRequired":true,"valueName":"search_term_string"}}],"inLanguage":"cs"},{"@type":"Organization","@id":"https:\/\/comprehensiveliquor.com\/#organization","name":"Komplexn\u00ed lik\u00e9r","alternateName":"Comprehensive Liquor Store","url":"https:\/\/comprehensiveliquor.com\/","logo":{"@type":"ImageObject","inLanguage":"cs","@id":"https:\/\/comprehensiveliquor.com\/#\/schema\/logo\/image\/","url":"https:\/\/comprehensiveliquor.com\/wp-content\/uploads\/2024\/03\/cropped-image_2024-03-26_131408877.png","contentUrl":"https:\/\/comprehensiveliquor.com\/wp-content\/uploads\/2024\/03\/cropped-image_2024-03-26_131408877.png","width":378,"height":263,"caption":"Comprehensive Liquor"},"image":{"@id":"https:\/\/comprehensiveliquor.com\/#\/schema\/logo\/image\/"}}]}},"_links":{"self":[{"href":"https:\/\/comprehensiveliquor.com\/cs\/wp-json\/wp\/v2\/product\/2819","targetHints":{"allow":["GET"]}}],"collection":[{"href":"https:\/\/comprehensiveliquor.com\/cs\/wp-json\/wp\/v2\/product"}],"about":[{"href":"https:\/\/comprehensiveliquor.com\/cs\/wp-json\/wp\/v2\/types\/product"}],"replies":[{"embeddable":true,"href":"https:\/\/comprehensiveliquor.com\/cs\/wp-json\/wp\/v2\/comments?post=2819"}],"wp:featuredmedia":[{"embeddable":true,"href":"https:\/\/comprehensiveliquor.com\/cs\/wp-json\/wp\/v2\/media\/2820"}],"wp:attachment":[{"href":"https:\/\/comprehensiveliquor.com\/cs\/wp-json\/wp\/v2\/media?parent=2819"}],"wp:term":[{"taxonomy":"product_brand","embeddable":true,"href":"https:\/\/comprehensiveliquor.com\/cs\/wp-json\/wp\/v2\/product_brand?post=2819"},{"taxonomy":"product_cat","embeddable":true,"href":"https:\/\/comprehensiveliquor.com\/cs\/wp-json\/wp\/v2\/product_cat?post=2819"},{"taxonomy":"product_tag","embeddable":true,"href":"https:\/\/comprehensiveliquor.com\/cs\/wp-json\/wp\/v2\/product_tag?post=2819"}],"curies":[{"name":"wp","href":"https:\/\/api.w.org\/{rel}","templated":true}]}}