{"id":2842,"date":"2022-10-22T21:43:49","date_gmt":"2022-10-22T21:43:49","guid":{"rendered":"https:\/\/comprehensiveliquor.com\/?post_type=product&#038;p=2842"},"modified":"2023-03-30T11:09:29","modified_gmt":"2023-03-30T11:09:29","slug":"bunnahabhain-moine-2004-2022-18-lety-jediny-sud-dl15582","status":"publish","type":"product","link":"https:\/\/comprehensiveliquor.com\/cs\/product\/bunnahabhain-moine-2004-2022-18-lety-jediny-sud-dl15582\/","title":{"rendered":"Bunnahabhain Moine 2004-2022 | 18 Year Old Single Cask DL15582"},"content":{"rendered":"<h4 style=\"color: #252525;\"><strong style=\"color: #252525;\">Islay Single Malt Scotch Whisky <\/strong><strong style=\"color: #252525;\">Douglas Laing 70cl\/48.4%<\/strong><\/h4>\n<p style=\"color: #252525;\">bunnahabhain moine One of only 284 bottles was charged from a refill barrel (REF\u00a0 refill barrel (REF DL15582).This 2004 Bunnahabhain is a single cask bottling of Douglas Laing&#8217;s Old Particular range of whisky.<\/p>\n<p style=\"color: #252525;\">This 2004 Bunnahabhain Moine 18-year-old was matured in a single hogshead cask DL15582 and was bottled without colouring or chill filtration, yielding 284 bottles at the Old Particular standard strength of 48.4%, the equivalent of the old imperial 85 proof. Peated Bunnahabhain has been one of the biggest Islay success stories of the 21st century, and this one looks like a doozy.<\/p>\n<p>&nbsp;<\/p>\n<h5><strong>Ofici\u00e1ln\u00ed degusta\u010dn\u00ed pozn\u00e1mky<\/strong><\/h5>\n<p><strong>Nos:\u00a0<\/strong>Cured meats immediately then comes seaweed and peppercorns.<\/p>\n<p>Palate:\u00a0Oily initially developing quickly to a spicy, earthy style with smoked barley.<\/p>\n<p>Finish:\u00a0LONG! Peat, bonfire smoke, chimney soot and burnt brown toast.<\/p>\n<p>&nbsp;<\/p>\n<h5>Atributy<\/h5>\n<table>\n<tbody>\n<tr>\n<td><b>Kategorie<\/b><\/td>\n<td><a href=\"https:\/\/comprehensiveliquor.com\/cs\/product-category\/scotch-whisky\/\">Scotch Whiskey<\/a><\/td>\n<\/tr>\n<tr>\n<td><strong>Distillery<\/strong><\/td>\n<td><a href=\"https:\/\/en.wikipedia.org\/wiki\/Bunnahabhain_distillery\">Bunnahabhain<\/a><\/td>\n<\/tr>\n<tr>\n<td><strong>Series<\/strong><\/td>\n<td>Old Particular<\/td>\n<\/tr>\n<tr>\n<td><strong>Country<\/strong><\/td>\n<td>Scotland<\/td>\n<\/tr>\n<tr>\n<td><strong>Region<\/strong><\/td>\n<td>Islay<\/td>\n<\/tr>\n<tr>\n<td><strong>Distilled Year<\/strong><\/td>\n<td>2004<\/td>\n<\/tr>\n<tr>\n<td><strong>Bottling Year<\/strong><\/td>\n<td>2022<\/td>\n<\/tr>\n<tr>\n<td><strong>Age<\/strong><\/td>\n<td>18<\/td>\n<\/tr>\n<tr>\n<td><b>Bottles Produced<\/b><\/td>\n<td>284<\/td>\n<\/tr>\n<tr>\n<td><strong>Cask Number<\/strong><\/td>\n<td>DL15582<\/td>\n<\/tr>\n<tr>\n<td><strong>Cask Type<\/strong><\/td>\n<td>Hogshead<\/td>\n<\/tr>\n<tr>\n<td><strong>Bottle Size<\/strong><\/td>\n<td>70cl<\/td>\n<\/tr>\n<tr>\n<td><strong>ABV<\/strong><\/td>\n<td>48.4%<\/td>\n<\/tr>\n<\/tbody>\n<\/table>","protected":false},"excerpt":{"rendered":"<p>Douglas Laing will bottle a peated Bunnahabhain Moine 2004\u20132022 Islay whisky as an 18-year-old in 2022 for their Old Particular range.<\/p>","protected":false},"featured_media":2843,"comment_status":"open","ping_status":"closed","template":"","meta":{"site-sidebar-layout":"default","site-content-layout":"default","ast-site-content-layout":"default","site-content-style":"default","site-sidebar-style":"default","ast-global-header-display":"","ast-banner-title-visibility":"","ast-main-header-display":"","ast-hfb-above-header-display":"","ast-hfb-below-header-display":"","ast-hfb-mobile-header-display":"","site-post-title":"","ast-breadcrumbs-content":"","ast-featured-img":"","footer-sml-layout":"","ast-disable-related-posts":"","theme-transparent-header-meta":"default","adv-header-id-meta":"","stick-header-meta":"","header-above-stick-meta":"","header-main-stick-meta":"","header-below-stick-meta":"","astra-migrate-meta-layouts":"default","ast-page-background-enabled":"default","ast-page-background-meta":{"desktop":{"background-color":"","background-image":"","background-repeat":"repeat","background-position":"center center","background-size":"auto","background-attachment":"scroll","background-type":"","background-media":"","overlay-type":"","overlay-color":"","overlay-opacity":"","overlay-gradient":""},"tablet":{"background-color":"","background-image":"","background-repeat":"repeat","background-position":"center center","background-size":"auto","background-attachment":"scroll","background-type":"","background-media":"","overlay-type":"","overlay-color":"","overlay-opacity":"","overlay-gradient":""},"mobile":{"background-color":"","background-image":"","background-repeat":"repeat","background-position":"center center","background-size":"auto","background-attachment":"scroll","background-type":"","background-media":"","overlay-type":"","overlay-color":"","overlay-opacity":"","overlay-gradient":""}},"ast-content-background-meta":{"desktop":{"background-color":"var(--ast-global-color-5)","background-image":"","background-repeat":"repeat","background-position":"center center","background-size":"auto","background-attachment":"scroll","background-type":"","background-media":"","overlay-type":"","overlay-color":"","overlay-opacity":"","overlay-gradient":""},"tablet":{"background-color":"var(--ast-global-color-5)","background-image":"","background-repeat":"repeat","background-position":"center center","background-size":"auto","background-attachment":"scroll","background-type":"","background-media":"","overlay-type":"","overlay-color":"","overlay-opacity":"","overlay-gradient":""},"mobile":{"background-color":"var(--ast-global-color-5)","background-image":"","background-repeat":"repeat","background-position":"center center","background-size":"auto","background-attachment":"scroll","background-type":"","background-media":"","overlay-type":"","overlay-color":"","overlay-opacity":"","overlay-gradient":""}}},"product_brand":[],"product_cat":[58,39,32],"product_tag":[],"class_list":{"0":"post-2842","1":"product","2":"type-product","3":"status-publish","4":"has-post-thumbnail","6":"product_cat-limited-edition","7":"product_cat-scotch-whisky","8":"product_cat-single-malt-whisky","9":"desktop-align-center","10":"tablet-align-left","11":"mobile-align-left","13":"first","14":"instock","15":"shipping-taxable","16":"purchasable","17":"product-type-simple"},"yoast_head":"<!-- This site is optimized with the Yoast SEO Premium plugin v24.7 (Yoast SEO v27.3) - https:\/\/yoast.com\/product\/yoast-seo-premium-wordpress\/ -->\n<title>Bunnahabhain Moine 2004-2022 | 18 Year Old Single Cask DL15582<\/title>\n<meta name=\"description\" content=\"Douglas Laing will bottle a peated Bunnahabhain Moine 2004\u20132022 Islay whisky as an 18-year-old in 2022 for their Old Particular range.\" \/>\n<meta name=\"robots\" content=\"index, follow, max-snippet:-1, max-image-preview:large, max-video-preview:-1\" \/>\n<link rel=\"canonical\" href=\"https:\/\/comprehensiveliquor.com\/cs\/product\/bunnahabhain-moine-2004-2022-18-lety-jediny-sud-dl15582\/\" \/>\n<meta property=\"og:locale\" content=\"cs_CZ\" \/>\n<meta property=\"og:type\" content=\"article\" \/>\n<meta property=\"og:title\" content=\"Bunnahabhain Moine 2004-2022 | 18 Year Old Single Cask DL15582\" \/>\n<meta property=\"og:description\" content=\"Douglas Laing will bottle a peated Bunnahabhain Moine 2004\u20132022 Islay whisky as an 18-year-old in 2022 for their Old Particular range.\" \/>\n<meta property=\"og:url\" content=\"https:\/\/comprehensiveliquor.com\/cs\/product\/bunnahabhain-moine-2004-2022-18-lety-jediny-sud-dl15582\/\" \/>\n<meta property=\"og:site_name\" content=\"Comprehensive Liquor\" \/>\n<meta property=\"article:modified_time\" content=\"2023-03-30T11:09:29+00:00\" \/>\n<meta property=\"og:image\" content=\"https:\/\/comprehensiveliquor.com\/wp-content\/uploads\/2022\/10\/image_2022-10-22_223957876.png\" \/>\n\t<meta property=\"og:image:width\" content=\"360\" \/>\n\t<meta property=\"og:image:height\" content=\"541\" \/>\n\t<meta property=\"og:image:type\" content=\"image\/png\" \/>\n<meta name=\"twitter:card\" content=\"summary_large_image\" \/>\n<meta name=\"twitter:label1\" content=\"Odhadovan\u00e1 doba \u010dten\u00ed\" \/>\n\t<meta name=\"twitter:data1\" content=\"1 minuta\" \/>\n<script type=\"application\/ld+json\" class=\"yoast-schema-graph\">{\"@context\":\"https:\\\/\\\/schema.org\",\"@graph\":[{\"@type\":\"WebPage\",\"@id\":\"https:\\\/\\\/comprehensiveliquor.com\\\/product\\\/bunnahabhain-moine-2004-2022-18-year-old-single-cask-dl15582\\\/\",\"url\":\"https:\\\/\\\/comprehensiveliquor.com\\\/product\\\/bunnahabhain-moine-2004-2022-18-year-old-single-cask-dl15582\\\/\",\"name\":\"Bunnahabhain Moine 2004-2022 | 18 Year Old Single Cask DL15582\",\"isPartOf\":{\"@id\":\"https:\\\/\\\/comprehensiveliquor.com\\\/#website\"},\"primaryImageOfPage\":{\"@id\":\"https:\\\/\\\/comprehensiveliquor.com\\\/product\\\/bunnahabhain-moine-2004-2022-18-year-old-single-cask-dl15582\\\/#primaryimage\"},\"image\":{\"@id\":\"https:\\\/\\\/comprehensiveliquor.com\\\/product\\\/bunnahabhain-moine-2004-2022-18-year-old-single-cask-dl15582\\\/#primaryimage\"},\"thumbnailUrl\":\"https:\\\/\\\/comprehensiveliquor.com\\\/wp-content\\\/uploads\\\/2022\\\/10\\\/image_2022-10-22_223957876.png\",\"datePublished\":\"2022-10-22T21:43:49+00:00\",\"dateModified\":\"2023-03-30T11:09:29+00:00\",\"description\":\"Douglas Laing will bottle a peated Bunnahabhain Moine 2004\u20132022 Islay whisky as an 18-year-old in 2022 for their Old Particular range.\",\"breadcrumb\":{\"@id\":\"https:\\\/\\\/comprehensiveliquor.com\\\/product\\\/bunnahabhain-moine-2004-2022-18-year-old-single-cask-dl15582\\\/#breadcrumb\"},\"inLanguage\":\"cs\",\"potentialAction\":[{\"@type\":\"ReadAction\",\"target\":[\"https:\\\/\\\/comprehensiveliquor.com\\\/product\\\/bunnahabhain-moine-2004-2022-18-year-old-single-cask-dl15582\\\/\"]}]},{\"@type\":\"ImageObject\",\"inLanguage\":\"cs\",\"@id\":\"https:\\\/\\\/comprehensiveliquor.com\\\/product\\\/bunnahabhain-moine-2004-2022-18-year-old-single-cask-dl15582\\\/#primaryimage\",\"url\":\"https:\\\/\\\/comprehensiveliquor.com\\\/wp-content\\\/uploads\\\/2022\\\/10\\\/image_2022-10-22_223957876.png\",\"contentUrl\":\"https:\\\/\\\/comprehensiveliquor.com\\\/wp-content\\\/uploads\\\/2022\\\/10\\\/image_2022-10-22_223957876.png\",\"width\":360,\"height\":541},{\"@type\":\"BreadcrumbList\",\"@id\":\"https:\\\/\\\/comprehensiveliquor.com\\\/product\\\/bunnahabhain-moine-2004-2022-18-year-old-single-cask-dl15582\\\/#breadcrumb\",\"itemListElement\":[{\"@type\":\"ListItem\",\"position\":1,\"name\":\"Home\",\"item\":\"https:\\\/\\\/comprehensiveliquor.com\\\/\"},{\"@type\":\"ListItem\",\"position\":2,\"name\":\"Shop\",\"item\":\"https:\\\/\\\/comprehensiveliquor.com\\\/shop\\\/\"},{\"@type\":\"ListItem\",\"position\":3,\"name\":\"Bunnahabhain Moine 2004-2022 | 18 Year Old Single Cask DL15582\"}]},{\"@type\":\"WebSite\",\"@id\":\"https:\\\/\\\/comprehensiveliquor.com\\\/#website\",\"url\":\"https:\\\/\\\/comprehensiveliquor.com\\\/\",\"name\":\"Comprehensive Liquor\",\"description\":\"Best Liquor Store\",\"publisher\":{\"@id\":\"https:\\\/\\\/comprehensiveliquor.com\\\/#organization\"},\"alternateName\":\"Comprehensive Liquor Store\",\"potentialAction\":[{\"@type\":\"SearchAction\",\"target\":{\"@type\":\"EntryPoint\",\"urlTemplate\":\"https:\\\/\\\/comprehensiveliquor.com\\\/?s={search_term_string}\"},\"query-input\":{\"@type\":\"PropertyValueSpecification\",\"valueRequired\":true,\"valueName\":\"search_term_string\"}}],\"inLanguage\":\"cs\"},{\"@type\":\"Organization\",\"@id\":\"https:\\\/\\\/comprehensiveliquor.com\\\/#organization\",\"name\":\"Comprehensive Liquor\",\"alternateName\":\"Comprehensive Liquor Store\",\"url\":\"https:\\\/\\\/comprehensiveliquor.com\\\/\",\"logo\":{\"@type\":\"ImageObject\",\"inLanguage\":\"cs\",\"@id\":\"https:\\\/\\\/comprehensiveliquor.com\\\/#\\\/schema\\\/logo\\\/image\\\/\",\"url\":\"https:\\\/\\\/comprehensiveliquor.com\\\/wp-content\\\/uploads\\\/2024\\\/03\\\/cropped-image_2024-03-26_131408877.png\",\"contentUrl\":\"https:\\\/\\\/comprehensiveliquor.com\\\/wp-content\\\/uploads\\\/2024\\\/03\\\/cropped-image_2024-03-26_131408877.png\",\"width\":378,\"height\":263,\"caption\":\"Comprehensive Liquor\"},\"image\":{\"@id\":\"https:\\\/\\\/comprehensiveliquor.com\\\/#\\\/schema\\\/logo\\\/image\\\/\"}}]}<\/script>\n<!-- \/ Yoast SEO Premium plugin. -->","yoast_head_json":{"title":"Bunnahabhain Moine 2004-2022 | 18 Year Old Single Cask DL15582","description":"Douglas Laing will bottle a peated Bunnahabhain Moine 2004\u20132022 Islay whisky as an 18-year-old in 2022 for their Old Particular range.","robots":{"index":"index","follow":"follow","max-snippet":"max-snippet:-1","max-image-preview":"max-image-preview:large","max-video-preview":"max-video-preview:-1"},"canonical":"https:\/\/comprehensiveliquor.com\/cs\/product\/bunnahabhain-moine-2004-2022-18-lety-jediny-sud-dl15582\/","og_locale":"cs_CZ","og_type":"article","og_title":"Bunnahabhain Moine 2004-2022 | 18 Year Old Single Cask DL15582","og_description":"Douglas Laing will bottle a peated Bunnahabhain Moine 2004\u20132022 Islay whisky as an 18-year-old in 2022 for their Old Particular range.","og_url":"https:\/\/comprehensiveliquor.com\/cs\/product\/bunnahabhain-moine-2004-2022-18-lety-jediny-sud-dl15582\/","og_site_name":"Comprehensive Liquor","article_modified_time":"2023-03-30T11:09:29+00:00","og_image":[{"width":360,"height":541,"url":"https:\/\/comprehensiveliquor.com\/wp-content\/uploads\/2022\/10\/image_2022-10-22_223957876.png","type":"image\/png"}],"twitter_card":"summary_large_image","twitter_misc":{"Odhadovan\u00e1 doba \u010dten\u00ed":"1 minuta"},"schema":{"@context":"https:\/\/schema.org","@graph":[{"@type":"WebPage","@id":"https:\/\/comprehensiveliquor.com\/product\/bunnahabhain-moine-2004-2022-18-year-old-single-cask-dl15582\/","url":"https:\/\/comprehensiveliquor.com\/product\/bunnahabhain-moine-2004-2022-18-year-old-single-cask-dl15582\/","name":"Bunnahabhain Moine 2004-2022 | 18 Year Old Single Cask DL15582","isPartOf":{"@id":"https:\/\/comprehensiveliquor.com\/#website"},"primaryImageOfPage":{"@id":"https:\/\/comprehensiveliquor.com\/product\/bunnahabhain-moine-2004-2022-18-year-old-single-cask-dl15582\/#primaryimage"},"image":{"@id":"https:\/\/comprehensiveliquor.com\/product\/bunnahabhain-moine-2004-2022-18-year-old-single-cask-dl15582\/#primaryimage"},"thumbnailUrl":"https:\/\/comprehensiveliquor.com\/wp-content\/uploads\/2022\/10\/image_2022-10-22_223957876.png","datePublished":"2022-10-22T21:43:49+00:00","dateModified":"2023-03-30T11:09:29+00:00","description":"Douglas Laing will bottle a peated Bunnahabhain Moine 2004\u20132022 Islay whisky as an 18-year-old in 2022 for their Old Particular range.","breadcrumb":{"@id":"https:\/\/comprehensiveliquor.com\/product\/bunnahabhain-moine-2004-2022-18-year-old-single-cask-dl15582\/#breadcrumb"},"inLanguage":"cs","potentialAction":[{"@type":"ReadAction","target":["https:\/\/comprehensiveliquor.com\/product\/bunnahabhain-moine-2004-2022-18-year-old-single-cask-dl15582\/"]}]},{"@type":"ImageObject","inLanguage":"cs","@id":"https:\/\/comprehensiveliquor.com\/product\/bunnahabhain-moine-2004-2022-18-year-old-single-cask-dl15582\/#primaryimage","url":"https:\/\/comprehensiveliquor.com\/wp-content\/uploads\/2022\/10\/image_2022-10-22_223957876.png","contentUrl":"https:\/\/comprehensiveliquor.com\/wp-content\/uploads\/2022\/10\/image_2022-10-22_223957876.png","width":360,"height":541},{"@type":"BreadcrumbList","@id":"https:\/\/comprehensiveliquor.com\/product\/bunnahabhain-moine-2004-2022-18-year-old-single-cask-dl15582\/#breadcrumb","itemListElement":[{"@type":"ListItem","position":1,"name":"Home","item":"https:\/\/comprehensiveliquor.com\/"},{"@type":"ListItem","position":2,"name":"Shop","item":"https:\/\/comprehensiveliquor.com\/shop\/"},{"@type":"ListItem","position":3,"name":"Bunnahabhain Moine 2004-2022 | 18 Year Old Single Cask DL15582"}]},{"@type":"WebSite","@id":"https:\/\/comprehensiveliquor.com\/#website","url":"https:\/\/comprehensiveliquor.com\/","name":"Komplexn\u00ed lik\u00e9r","description":"Best Liquor Store","publisher":{"@id":"https:\/\/comprehensiveliquor.com\/#organization"},"alternateName":"Comprehensive Liquor Store","potentialAction":[{"@type":"SearchAction","target":{"@type":"EntryPoint","urlTemplate":"https:\/\/comprehensiveliquor.com\/?s={search_term_string}"},"query-input":{"@type":"PropertyValueSpecification","valueRequired":true,"valueName":"search_term_string"}}],"inLanguage":"cs"},{"@type":"Organization","@id":"https:\/\/comprehensiveliquor.com\/#organization","name":"Komplexn\u00ed lik\u00e9r","alternateName":"Comprehensive Liquor Store","url":"https:\/\/comprehensiveliquor.com\/","logo":{"@type":"ImageObject","inLanguage":"cs","@id":"https:\/\/comprehensiveliquor.com\/#\/schema\/logo\/image\/","url":"https:\/\/comprehensiveliquor.com\/wp-content\/uploads\/2024\/03\/cropped-image_2024-03-26_131408877.png","contentUrl":"https:\/\/comprehensiveliquor.com\/wp-content\/uploads\/2024\/03\/cropped-image_2024-03-26_131408877.png","width":378,"height":263,"caption":"Comprehensive Liquor"},"image":{"@id":"https:\/\/comprehensiveliquor.com\/#\/schema\/logo\/image\/"}}]}},"_links":{"self":[{"href":"https:\/\/comprehensiveliquor.com\/cs\/wp-json\/wp\/v2\/product\/2842","targetHints":{"allow":["GET"]}}],"collection":[{"href":"https:\/\/comprehensiveliquor.com\/cs\/wp-json\/wp\/v2\/product"}],"about":[{"href":"https:\/\/comprehensiveliquor.com\/cs\/wp-json\/wp\/v2\/types\/product"}],"replies":[{"embeddable":true,"href":"https:\/\/comprehensiveliquor.com\/cs\/wp-json\/wp\/v2\/comments?post=2842"}],"wp:featuredmedia":[{"embeddable":true,"href":"https:\/\/comprehensiveliquor.com\/cs\/wp-json\/wp\/v2\/media\/2843"}],"wp:attachment":[{"href":"https:\/\/comprehensiveliquor.com\/cs\/wp-json\/wp\/v2\/media?parent=2842"}],"wp:term":[{"taxonomy":"product_brand","embeddable":true,"href":"https:\/\/comprehensiveliquor.com\/cs\/wp-json\/wp\/v2\/product_brand?post=2842"},{"taxonomy":"product_cat","embeddable":true,"href":"https:\/\/comprehensiveliquor.com\/cs\/wp-json\/wp\/v2\/product_cat?post=2842"},{"taxonomy":"product_tag","embeddable":true,"href":"https:\/\/comprehensiveliquor.com\/cs\/wp-json\/wp\/v2\/product_tag?post=2842"}],"curies":[{"name":"wp","href":"https:\/\/api.w.org\/{rel}","templated":true}]}}