{"id":4175,"date":"2023-12-05T15:36:38","date_gmt":"2023-12-05T15:36:38","guid":{"rendered":"https:\/\/comprehensiveliquor.com\/?post_type=product&#038;p=4175"},"modified":"2023-12-05T15:36:38","modified_gmt":"2023-12-05T15:36:38","slug":"jim-beam-vanilla-kentucky-straight-bourbon-whisky","status":"publish","type":"product","link":"https:\/\/comprehensiveliquor.com\/cs\/product\/jim-beam-vanilla-kentucky-straight-bourbon-whisky\/","title":{"rendered":"Jim Beam Vanilla Kentucky Straight Bourbon Whisky"},"content":{"rendered":"<h2>Jim Beam Vanilla Kentucky Straight Bourbon Whiskey<\/h2>\n<p>Jim Beam Vanilla, jedna z nejnov\u011bj\u0161\u00edch p\u0159\u00edchut\u00ed Jim Beam, kombinuje p\u0159\u00edrodn\u00ed chu\u0165 madagaskarsk\u00e9 bourbonsk\u00e9 vanilky s origin\u00e1ln\u00ed Kentucky Straight Bourbon Whiskey. V\u00fdsledkem je dokonal\u00e1 rovnov\u00e1ha bohat\u00e9, pln\u00e9 vanilky s jemn\u00fdmi t\u00f3ny dubu, to v\u0161e dopln\u011bn\u00e9 hlubok\u00fdmi karamelov\u00fdmi t\u00f3ny bourbonu.<\/p>\n<p>&nbsp;<\/p>\n<h2 style=\"color: #252525;\">Degusta\u010dn\u00ed pozn\u00e1mky<\/h2>\n<p style=\"color: #252525;\">V\u016fn\u011b: sladk\u00e1 vanilka s lehk\u00fdm n\u00e1dechem bourbonu.<\/p>\n<p style=\"color: #252525;\">Chu\u0165: bohat\u00fd bourbon, n\u00e1sledovan\u00fd kr\u00e9movou, p\u0159\u00edrodn\u00ed vanilkou a jemn\u00fdmi dubov\u00fdmi podt\u00f3ny.<\/p>\n<p style=\"color: #252525;\">Z\u00e1v\u011br: Velmi hladk\u00fd a p\u0159\u00edjemn\u00fd.<\/p>\n<p>&nbsp;<\/p>\n<h4>Atributy<\/h4>\n<table>\n<tbody>\n<tr>\n<td><strong>Kategorie<\/strong><\/td>\n<td><a href=\"https:\/\/comprehensiveliquor.com\/cs\/product-category\/bourbon-whiskey\/\">Bourbon Whiskey<\/a><\/td>\n<\/tr>\n<tr>\n<td><strong>Zna\u010dka<\/strong><\/td>\n<td><a title=\"jimbeam\" href=\"https:\/\/www.jimbeam.com\/en\" target=\"_blank\" rel=\"noopener\"><span class=\"selectable-text copyable-text\">Jim Beam<\/span><\/a><\/td>\n<\/tr>\n<tr>\n<td><strong>Country<\/strong><\/td>\n<td>America<\/td>\n<\/tr>\n<tr>\n<td><strong>ABV<\/strong><\/td>\n<td><span class=\"selectable-text copyable-text\">32.5%<\/span><\/td>\n<\/tr>\n<\/tbody>\n<\/table>","protected":false},"excerpt":{"rendered":"<p>Jim Beam Vanilla Kentucky Straight Bourbon Whiskey Part of Jim Beam\u2019s newest flavors, Jim Beam Vanilla combines the natural flavor of Madagascar Bourbon Vanilla Bean with the original Kentucky Straight Bourbon Whiskey. The result is the perfect balance of rich, full-bodied vanilla with subtle hints of oak, all complemented by the deep, caramel notes of [&hellip;]<\/p>\n","protected":false},"featured_media":4176,"comment_status":"closed","ping_status":"closed","template":"","meta":{"site-sidebar-layout":"default","site-content-layout":"","ast-site-content-layout":"default","site-content-style":"default","site-sidebar-style":"default","ast-global-header-display":"","ast-banner-title-visibility":"","ast-main-header-display":"","ast-hfb-above-header-display":"","ast-hfb-below-header-display":"","ast-hfb-mobile-header-display":"","site-post-title":"","ast-breadcrumbs-content":"","ast-featured-img":"","footer-sml-layout":"","ast-disable-related-posts":"","theme-transparent-header-meta":"default","adv-header-id-meta":"","stick-header-meta":"","header-above-stick-meta":"","header-main-stick-meta":"","header-below-stick-meta":"","astra-migrate-meta-layouts":"set","ast-page-background-enabled":"default","ast-page-background-meta":{"desktop":{"background-color":"","background-image":"","background-repeat":"repeat","background-position":"center center","background-size":"auto","background-attachment":"scroll","background-type":"","background-media":"","overlay-type":"","overlay-color":"","overlay-opacity":"","overlay-gradient":""},"tablet":{"background-color":"","background-image":"","background-repeat":"repeat","background-position":"center center","background-size":"auto","background-attachment":"scroll","background-type":"","background-media":"","overlay-type":"","overlay-color":"","overlay-opacity":"","overlay-gradient":""},"mobile":{"background-color":"","background-image":"","background-repeat":"repeat","background-position":"center center","background-size":"auto","background-attachment":"scroll","background-type":"","background-media":"","overlay-type":"","overlay-color":"","overlay-opacity":"","overlay-gradient":""}},"ast-content-background-meta":{"desktop":{"background-color":"var(--ast-global-color-5)","background-image":"","background-repeat":"repeat","background-position":"center center","background-size":"auto","background-attachment":"scroll","background-type":"","background-media":"","overlay-type":"","overlay-color":"","overlay-opacity":"","overlay-gradient":""},"tablet":{"background-color":"var(--ast-global-color-5)","background-image":"","background-repeat":"repeat","background-position":"center center","background-size":"auto","background-attachment":"scroll","background-type":"","background-media":"","overlay-type":"","overlay-color":"","overlay-opacity":"","overlay-gradient":""},"mobile":{"background-color":"var(--ast-global-color-5)","background-image":"","background-repeat":"repeat","background-position":"center center","background-size":"auto","background-attachment":"scroll","background-type":"","background-media":"","overlay-type":"","overlay-color":"","overlay-opacity":"","overlay-gradient":""}}},"product_brand":[],"product_cat":[63],"product_tag":[],"class_list":{"0":"post-4175","1":"product","2":"type-product","3":"status-publish","4":"has-post-thumbnail","6":"product_cat-bourbon-whiskey","7":"desktop-align-center","8":"tablet-align-left","9":"mobile-align-left","11":"first","12":"instock","13":"shipping-taxable","14":"purchasable","15":"product-type-simple"},"yoast_head":"<!-- This site is optimized with the Yoast SEO Premium plugin v24.7 (Yoast SEO v27.3) - https:\/\/yoast.com\/product\/yoast-seo-premium-wordpress\/ -->\n<title>Jim Beam Vanilla Kentucky Straight Bourbon Whisky<\/title>\n<meta name=\"description\" content=\"Jim Beam Vanilla Kentucky Straight Bourbon Whiskey Part of Jim Beam\u2019s newest flavors, Jim Beam Vanilla combines the natural flavor of Madagascar Bourbon\" \/>\n<meta name=\"robots\" content=\"index, follow, max-snippet:-1, max-image-preview:large, max-video-preview:-1\" \/>\n<link rel=\"canonical\" href=\"https:\/\/comprehensiveliquor.com\/cs\/product\/jim-beam-vanilla-kentucky-straight-bourbon-whisky\/\" \/>\n<meta property=\"og:locale\" content=\"cs_CZ\" \/>\n<meta property=\"og:type\" content=\"article\" \/>\n<meta property=\"og:title\" content=\"Jim Beam Vanilla Kentucky Straight Bourbon Whisky\" \/>\n<meta property=\"og:description\" content=\"Jim Beam Vanilla Kentucky Straight Bourbon Whiskey Part of Jim Beam\u2019s newest flavors, Jim Beam Vanilla combines the natural flavor of Madagascar Bourbon\" \/>\n<meta property=\"og:url\" content=\"https:\/\/comprehensiveliquor.com\/cs\/product\/jim-beam-vanilla-kentucky-straight-bourbon-whisky\/\" \/>\n<meta property=\"og:site_name\" content=\"Comprehensive Liquor\" \/>\n<meta property=\"og:image\" content=\"https:\/\/comprehensiveliquor.com\/wp-content\/uploads\/2023\/12\/image_2023-12-05_161932412-e1701789632609.png\" \/>\n\t<meta property=\"og:image:width\" content=\"474\" \/>\n\t<meta property=\"og:image:height\" content=\"700\" \/>\n\t<meta property=\"og:image:type\" content=\"image\/png\" \/>\n<meta name=\"twitter:card\" content=\"summary_large_image\" \/>\n<script type=\"application\/ld+json\" class=\"yoast-schema-graph\">{\"@context\":\"https:\\\/\\\/schema.org\",\"@graph\":[{\"@type\":\"WebPage\",\"@id\":\"https:\\\/\\\/comprehensiveliquor.com\\\/product\\\/jim-beam-vanilla-kentucky-straight-bourbon-whisky\\\/\",\"url\":\"https:\\\/\\\/comprehensiveliquor.com\\\/product\\\/jim-beam-vanilla-kentucky-straight-bourbon-whisky\\\/\",\"name\":\"Jim Beam Vanilla Kentucky Straight Bourbon Whisky\",\"isPartOf\":{\"@id\":\"https:\\\/\\\/comprehensiveliquor.com\\\/#website\"},\"primaryImageOfPage\":{\"@id\":\"https:\\\/\\\/comprehensiveliquor.com\\\/product\\\/jim-beam-vanilla-kentucky-straight-bourbon-whisky\\\/#primaryimage\"},\"image\":{\"@id\":\"https:\\\/\\\/comprehensiveliquor.com\\\/product\\\/jim-beam-vanilla-kentucky-straight-bourbon-whisky\\\/#primaryimage\"},\"thumbnailUrl\":\"https:\\\/\\\/comprehensiveliquor.com\\\/wp-content\\\/uploads\\\/2023\\\/12\\\/image_2023-12-05_161932412-e1701789632609.png\",\"datePublished\":\"2023-12-05T15:36:38+00:00\",\"description\":\"Jim Beam Vanilla Kentucky Straight Bourbon Whiskey Part of Jim Beam\u2019s newest flavors, Jim Beam Vanilla combines the natural flavor of Madagascar Bourbon\",\"breadcrumb\":{\"@id\":\"https:\\\/\\\/comprehensiveliquor.com\\\/product\\\/jim-beam-vanilla-kentucky-straight-bourbon-whisky\\\/#breadcrumb\"},\"inLanguage\":\"cs\",\"potentialAction\":[{\"@type\":\"ReadAction\",\"target\":[\"https:\\\/\\\/comprehensiveliquor.com\\\/product\\\/jim-beam-vanilla-kentucky-straight-bourbon-whisky\\\/\"]}]},{\"@type\":\"ImageObject\",\"inLanguage\":\"cs\",\"@id\":\"https:\\\/\\\/comprehensiveliquor.com\\\/product\\\/jim-beam-vanilla-kentucky-straight-bourbon-whisky\\\/#primaryimage\",\"url\":\"https:\\\/\\\/comprehensiveliquor.com\\\/wp-content\\\/uploads\\\/2023\\\/12\\\/image_2023-12-05_161932412-e1701789632609.png\",\"contentUrl\":\"https:\\\/\\\/comprehensiveliquor.com\\\/wp-content\\\/uploads\\\/2023\\\/12\\\/image_2023-12-05_161932412-e1701789632609.png\",\"width\":474,\"height\":700,\"caption\":\"#image_title\"},{\"@type\":\"BreadcrumbList\",\"@id\":\"https:\\\/\\\/comprehensiveliquor.com\\\/product\\\/jim-beam-vanilla-kentucky-straight-bourbon-whisky\\\/#breadcrumb\",\"itemListElement\":[{\"@type\":\"ListItem\",\"position\":1,\"name\":\"Home\",\"item\":\"https:\\\/\\\/comprehensiveliquor.com\\\/\"},{\"@type\":\"ListItem\",\"position\":2,\"name\":\"Shop\",\"item\":\"https:\\\/\\\/comprehensiveliquor.com\\\/shop\\\/\"},{\"@type\":\"ListItem\",\"position\":3,\"name\":\"Jim Beam Vanilla Kentucky Straight Bourbon Whisky\"}]},{\"@type\":\"WebSite\",\"@id\":\"https:\\\/\\\/comprehensiveliquor.com\\\/#website\",\"url\":\"https:\\\/\\\/comprehensiveliquor.com\\\/\",\"name\":\"Comprehensive Liquor\",\"description\":\"Best Liquor Store\",\"publisher\":{\"@id\":\"https:\\\/\\\/comprehensiveliquor.com\\\/#organization\"},\"alternateName\":\"Comprehensive Liquor Store\",\"potentialAction\":[{\"@type\":\"SearchAction\",\"target\":{\"@type\":\"EntryPoint\",\"urlTemplate\":\"https:\\\/\\\/comprehensiveliquor.com\\\/?s={search_term_string}\"},\"query-input\":{\"@type\":\"PropertyValueSpecification\",\"valueRequired\":true,\"valueName\":\"search_term_string\"}}],\"inLanguage\":\"cs\"},{\"@type\":\"Organization\",\"@id\":\"https:\\\/\\\/comprehensiveliquor.com\\\/#organization\",\"name\":\"Comprehensive Liquor\",\"alternateName\":\"Comprehensive Liquor Store\",\"url\":\"https:\\\/\\\/comprehensiveliquor.com\\\/\",\"logo\":{\"@type\":\"ImageObject\",\"inLanguage\":\"cs\",\"@id\":\"https:\\\/\\\/comprehensiveliquor.com\\\/#\\\/schema\\\/logo\\\/image\\\/\",\"url\":\"https:\\\/\\\/comprehensiveliquor.com\\\/wp-content\\\/uploads\\\/2024\\\/03\\\/cropped-image_2024-03-26_131408877.png\",\"contentUrl\":\"https:\\\/\\\/comprehensiveliquor.com\\\/wp-content\\\/uploads\\\/2024\\\/03\\\/cropped-image_2024-03-26_131408877.png\",\"width\":378,\"height\":263,\"caption\":\"Comprehensive Liquor\"},\"image\":{\"@id\":\"https:\\\/\\\/comprehensiveliquor.com\\\/#\\\/schema\\\/logo\\\/image\\\/\"}}]}<\/script>\n<!-- \/ Yoast SEO Premium plugin. -->","yoast_head_json":{"title":"Jim Beam Vanilla Kentucky Straight Bourbon Whisky","description":"Jim Beam Vanilla Kentucky Straight Bourbon Whiskey, jedna z nejnov\u011bj\u0161\u00edch p\u0159\u00edchut\u00ed Jim Beam, kombinuje p\u0159\u00edrodn\u00ed chu\u0165 madagaskarsk\u00e9ho bourbonu.","robots":{"index":"index","follow":"follow","max-snippet":"max-snippet:-1","max-image-preview":"max-image-preview:large","max-video-preview":"max-video-preview:-1"},"canonical":"https:\/\/comprehensiveliquor.com\/cs\/product\/jim-beam-vanilla-kentucky-straight-bourbon-whisky\/","og_locale":"cs_CZ","og_type":"article","og_title":"Jim Beam Vanilla Kentucky Straight Bourbon Whisky","og_description":"Jim Beam Vanilla Kentucky Straight Bourbon Whiskey Part of Jim Beam\u2019s newest flavors, Jim Beam Vanilla combines the natural flavor of Madagascar Bourbon","og_url":"https:\/\/comprehensiveliquor.com\/cs\/product\/jim-beam-vanilla-kentucky-straight-bourbon-whisky\/","og_site_name":"Comprehensive Liquor","og_image":[{"width":474,"height":700,"url":"https:\/\/comprehensiveliquor.com\/wp-content\/uploads\/2023\/12\/image_2023-12-05_161932412-e1701789632609.png","type":"image\/png"}],"twitter_card":"summary_large_image","schema":{"@context":"https:\/\/schema.org","@graph":[{"@type":"WebPage","@id":"https:\/\/comprehensiveliquor.com\/product\/jim-beam-vanilla-kentucky-straight-bourbon-whisky\/","url":"https:\/\/comprehensiveliquor.com\/product\/jim-beam-vanilla-kentucky-straight-bourbon-whisky\/","name":"Jim Beam Vanilla Kentucky Straight Bourbon Whisky","isPartOf":{"@id":"https:\/\/comprehensiveliquor.com\/#website"},"primaryImageOfPage":{"@id":"https:\/\/comprehensiveliquor.com\/product\/jim-beam-vanilla-kentucky-straight-bourbon-whisky\/#primaryimage"},"image":{"@id":"https:\/\/comprehensiveliquor.com\/product\/jim-beam-vanilla-kentucky-straight-bourbon-whisky\/#primaryimage"},"thumbnailUrl":"https:\/\/comprehensiveliquor.com\/wp-content\/uploads\/2023\/12\/image_2023-12-05_161932412-e1701789632609.png","datePublished":"2023-12-05T15:36:38+00:00","description":"Jim Beam Vanilla Kentucky Straight Bourbon Whiskey, jedna z nejnov\u011bj\u0161\u00edch p\u0159\u00edchut\u00ed Jim Beam, kombinuje p\u0159\u00edrodn\u00ed chu\u0165 madagaskarsk\u00e9ho bourbonu.","breadcrumb":{"@id":"https:\/\/comprehensiveliquor.com\/product\/jim-beam-vanilla-kentucky-straight-bourbon-whisky\/#breadcrumb"},"inLanguage":"cs","potentialAction":[{"@type":"ReadAction","target":["https:\/\/comprehensiveliquor.com\/product\/jim-beam-vanilla-kentucky-straight-bourbon-whisky\/"]}]},{"@type":"ImageObject","inLanguage":"cs","@id":"https:\/\/comprehensiveliquor.com\/product\/jim-beam-vanilla-kentucky-straight-bourbon-whisky\/#primaryimage","url":"https:\/\/comprehensiveliquor.com\/wp-content\/uploads\/2023\/12\/image_2023-12-05_161932412-e1701789632609.png","contentUrl":"https:\/\/comprehensiveliquor.com\/wp-content\/uploads\/2023\/12\/image_2023-12-05_161932412-e1701789632609.png","width":474,"height":700,"caption":"#image_title"},{"@type":"BreadcrumbList","@id":"https:\/\/comprehensiveliquor.com\/product\/jim-beam-vanilla-kentucky-straight-bourbon-whisky\/#breadcrumb","itemListElement":[{"@type":"ListItem","position":1,"name":"Home","item":"https:\/\/comprehensiveliquor.com\/"},{"@type":"ListItem","position":2,"name":"Shop","item":"https:\/\/comprehensiveliquor.com\/shop\/"},{"@type":"ListItem","position":3,"name":"Jim Beam Vanilla Kentucky Straight Bourbon Whisky"}]},{"@type":"WebSite","@id":"https:\/\/comprehensiveliquor.com\/#website","url":"https:\/\/comprehensiveliquor.com\/","name":"Komplexn\u00ed lik\u00e9r","description":"Best Liquor Store","publisher":{"@id":"https:\/\/comprehensiveliquor.com\/#organization"},"alternateName":"Comprehensive Liquor Store","potentialAction":[{"@type":"SearchAction","target":{"@type":"EntryPoint","urlTemplate":"https:\/\/comprehensiveliquor.com\/?s={search_term_string}"},"query-input":{"@type":"PropertyValueSpecification","valueRequired":true,"valueName":"search_term_string"}}],"inLanguage":"cs"},{"@type":"Organization","@id":"https:\/\/comprehensiveliquor.com\/#organization","name":"Komplexn\u00ed lik\u00e9r","alternateName":"Comprehensive Liquor Store","url":"https:\/\/comprehensiveliquor.com\/","logo":{"@type":"ImageObject","inLanguage":"cs","@id":"https:\/\/comprehensiveliquor.com\/#\/schema\/logo\/image\/","url":"https:\/\/comprehensiveliquor.com\/wp-content\/uploads\/2024\/03\/cropped-image_2024-03-26_131408877.png","contentUrl":"https:\/\/comprehensiveliquor.com\/wp-content\/uploads\/2024\/03\/cropped-image_2024-03-26_131408877.png","width":378,"height":263,"caption":"Comprehensive Liquor"},"image":{"@id":"https:\/\/comprehensiveliquor.com\/#\/schema\/logo\/image\/"}}]}},"_links":{"self":[{"href":"https:\/\/comprehensiveliquor.com\/cs\/wp-json\/wp\/v2\/product\/4175","targetHints":{"allow":["GET"]}}],"collection":[{"href":"https:\/\/comprehensiveliquor.com\/cs\/wp-json\/wp\/v2\/product"}],"about":[{"href":"https:\/\/comprehensiveliquor.com\/cs\/wp-json\/wp\/v2\/types\/product"}],"replies":[{"embeddable":true,"href":"https:\/\/comprehensiveliquor.com\/cs\/wp-json\/wp\/v2\/comments?post=4175"}],"wp:featuredmedia":[{"embeddable":true,"href":"https:\/\/comprehensiveliquor.com\/cs\/wp-json\/wp\/v2\/media\/4176"}],"wp:attachment":[{"href":"https:\/\/comprehensiveliquor.com\/cs\/wp-json\/wp\/v2\/media?parent=4175"}],"wp:term":[{"taxonomy":"product_brand","embeddable":true,"href":"https:\/\/comprehensiveliquor.com\/cs\/wp-json\/wp\/v2\/product_brand?post=4175"},{"taxonomy":"product_cat","embeddable":true,"href":"https:\/\/comprehensiveliquor.com\/cs\/wp-json\/wp\/v2\/product_cat?post=4175"},{"taxonomy":"product_tag","embeddable":true,"href":"https:\/\/comprehensiveliquor.com\/cs\/wp-json\/wp\/v2\/product_tag?post=4175"}],"curies":[{"name":"wp","href":"https:\/\/api.w.org\/{rel}","templated":true}]}}