{"id":4190,"date":"2023-12-05T16:34:28","date_gmt":"2023-12-05T16:34:28","guid":{"rendered":"https:\/\/comprehensiveliquor.com\/?post_type=product&#038;p=4190"},"modified":"2025-11-13T14:49:43","modified_gmt":"2025-11-13T14:49:43","slug":"single-malt-whisky-macallan-21-let-stara-kolekce-barev","status":"publish","type":"product","link":"https:\/\/comprehensiveliquor.com\/cs\/product\/single-malt-whisky-macallan-21-let-stara-kolekce-barev\/","title":{"rendered":"Macallan 21 Year Old The Colour Collection Single Malt Whisky"},"content":{"rendered":"<h2>Macallan 21-Year-Old The Color Collection Single Malt Whisky<\/h2>\n<p>Part of the Color Collection from Macallan, the 21 Years Old Single Malt has been aged in American oak casks, enhanced by a delicate addition of European oak, and seasoned with sherry wine from Jerez de la Frontera, Spain.<br \/>\nKolekce Color, kter\u00e1 zahrnuje 12, 15, 18, 21 a 30 let star\u00e1 v\u00edna, oslavuje z\u00e1vazek spole\u010dnosti Macallan k p\u0159\u00edrodn\u00edm barv\u00e1m a sherry ko\u0159en\u00ed.<br \/>\nThe colors of Jerez are reflected in this 21-year-old expression by artist and graphic designer David Carson, who brought the influence of the cask to the fore through an array of rich brown tones that evoke the wood and its toasted caramel flavors, with a hint of spice.<\/p>\n<p>&nbsp;<\/p>\n<p><strong>Nose<\/strong>: Cr\u00e8me Br\u00fbl\u00e9e, candied orange and lemon, sweet, aged oak with caramelized pineapple.<\/p>\n<p><strong>Taste<\/strong>: tropical fruits, candied ginger, coffee creme, hazelnuts, dark chocolate orange, and cardamom.<\/p>\n<p><strong>Dokon\u010dit<\/strong>: medium with balanced oak spices.<\/p>\n<p>&nbsp;<\/p>\n<h3>Atributy<\/h3>\n<table>\n<tbody>\n<tr>\n<td><b>Kategorie<\/b><\/td>\n<td><a href=\"https:\/\/comprehensiveliquor.com\/cs\/product-category\/scotch-whisky\/\">Scotch Whiskey<\/a><\/td>\n<\/tr>\n<tr>\n<td><b>Distillery<\/b><\/td>\n<td><a title=\"Macallan Distillery\" href=\"https:\/\/www.themacallan.com\/en\/distillery\" target=\"_blank\" rel=\"noopener\">Macallan<\/a><\/td>\n<\/tr>\n<tr>\n<td><strong>Zna\u010dka<\/strong><\/td>\n<td><a title=\"Macallan whiskies\" href=\"https:\/\/comprehensiveliquor.com\/cs\/product-category\/macallan\/\">Macallan<\/a><\/td>\n<\/tr>\n<tr>\n<td><strong>Region<\/strong><\/td>\n<td>Speyside<\/td>\n<\/tr>\n<tr>\n<td><strong>Alcohol<\/strong><\/td>\n<td>43%<\/td>\n<\/tr>\n<\/tbody>\n<\/table>","protected":false},"excerpt":{"rendered":"<p>Macallan 21-Year-Old The Color Collection Single Malt Whisky Part of the Color Collection from Macallan, the 21 Years Old Single Malt has been aged in American oak casks, enhanced by a delicate addition of European oak, and seasoned with sherry wine from Jerez de la Frontera, Spain. The Color Collection, comprising 12, 15, 18, 21, [&hellip;]<\/p>\n","protected":false},"featured_media":4191,"comment_status":"closed","ping_status":"closed","template":"","meta":{"site-sidebar-layout":"default","site-content-layout":"","ast-site-content-layout":"default","site-content-style":"default","site-sidebar-style":"default","ast-global-header-display":"","ast-banner-title-visibility":"","ast-main-header-display":"","ast-hfb-above-header-display":"","ast-hfb-below-header-display":"","ast-hfb-mobile-header-display":"","site-post-title":"","ast-breadcrumbs-content":"","ast-featured-img":"","footer-sml-layout":"","ast-disable-related-posts":"","theme-transparent-header-meta":"default","adv-header-id-meta":"","stick-header-meta":"","header-above-stick-meta":"","header-main-stick-meta":"","header-below-stick-meta":"","astra-migrate-meta-layouts":"set","ast-page-background-enabled":"default","ast-page-background-meta":{"desktop":{"background-color":"","background-image":"","background-repeat":"repeat","background-position":"center center","background-size":"auto","background-attachment":"scroll","background-type":"","background-media":"","overlay-type":"","overlay-color":"","overlay-opacity":"","overlay-gradient":""},"tablet":{"background-color":"","background-image":"","background-repeat":"repeat","background-position":"center center","background-size":"auto","background-attachment":"scroll","background-type":"","background-media":"","overlay-type":"","overlay-color":"","overlay-opacity":"","overlay-gradient":""},"mobile":{"background-color":"","background-image":"","background-repeat":"repeat","background-position":"center center","background-size":"auto","background-attachment":"scroll","background-type":"","background-media":"","overlay-type":"","overlay-color":"","overlay-opacity":"","overlay-gradient":""}},"ast-content-background-meta":{"desktop":{"background-color":"var(--ast-global-color-5)","background-image":"","background-repeat":"repeat","background-position":"center center","background-size":"auto","background-attachment":"scroll","background-type":"","background-media":"","overlay-type":"","overlay-color":"","overlay-opacity":"","overlay-gradient":""},"tablet":{"background-color":"var(--ast-global-color-5)","background-image":"","background-repeat":"repeat","background-position":"center center","background-size":"auto","background-attachment":"scroll","background-type":"","background-media":"","overlay-type":"","overlay-color":"","overlay-opacity":"","overlay-gradient":""},"mobile":{"background-color":"var(--ast-global-color-5)","background-image":"","background-repeat":"repeat","background-position":"center center","background-size":"auto","background-attachment":"scroll","background-type":"","background-media":"","overlay-type":"","overlay-color":"","overlay-opacity":"","overlay-gradient":""}}},"product_brand":[],"product_cat":[79,24,39],"product_tag":[],"class_list":{"0":"post-4190","1":"product","2":"type-product","3":"status-publish","4":"has-post-thumbnail","6":"product_cat-macallan","7":"product_cat-new-arrivals","8":"product_cat-scotch-whisky","9":"desktop-align-center","10":"tablet-align-left","11":"mobile-align-left","13":"first","14":"instock","15":"shipping-taxable","16":"purchasable","17":"product-type-simple"},"yoast_head":"<!-- This site is optimized with the Yoast SEO Premium plugin v24.7 (Yoast SEO v27.3) - https:\/\/yoast.com\/product\/yoast-seo-premium-wordpress\/ -->\n<title>Macallan 21 Year Colour Collection | Single Malt | Buy Now<\/title>\n<meta name=\"description\" content=\"Buy Macallan 21 Year Old Colour Collection Single Malt. Rare 21-year aged Scotch whisky. Ultra-premium collector&#039;s bottle. Limited edition. Order now.\" \/>\n<meta name=\"robots\" content=\"index, follow, max-snippet:-1, max-image-preview:large, max-video-preview:-1\" \/>\n<link rel=\"canonical\" href=\"https:\/\/comprehensiveliquor.com\/cs\/product\/single-malt-whisky-macallan-21-let-stara-kolekce-barev\/\" \/>\n<meta property=\"og:locale\" content=\"cs_CZ\" \/>\n<meta property=\"og:type\" content=\"article\" \/>\n<meta property=\"og:title\" content=\"Macallan 21 Year Old The Colour Collection Single Malt Whisky\" \/>\n<meta property=\"og:description\" content=\"Buy Macallan 21 Year Old Colour Collection Single Malt. Rare 21-year aged Scotch whisky. Ultra-premium collector&#039;s bottle. Limited edition. Order now.\" \/>\n<meta property=\"og:url\" content=\"https:\/\/comprehensiveliquor.com\/cs\/product\/single-malt-whisky-macallan-21-let-stara-kolekce-barev\/\" \/>\n<meta property=\"og:site_name\" content=\"Comprehensive Liquor\" \/>\n<meta property=\"article:modified_time\" content=\"2025-11-13T14:49:43+00:00\" \/>\n<meta property=\"og:image\" content=\"https:\/\/comprehensiveliquor.com\/wp-content\/uploads\/2023\/12\/image_2023-12-05_172958356.png\" \/>\n\t<meta property=\"og:image:width\" content=\"788\" \/>\n\t<meta property=\"og:image:height\" content=\"788\" \/>\n\t<meta property=\"og:image:type\" content=\"image\/png\" \/>\n<meta name=\"twitter:card\" content=\"summary_large_image\" \/>\n<meta name=\"twitter:label1\" content=\"Odhadovan\u00e1 doba \u010dten\u00ed\" \/>\n\t<meta name=\"twitter:data1\" content=\"1 minuta\" \/>\n<script type=\"application\/ld+json\" class=\"yoast-schema-graph\">{\"@context\":\"https:\\\/\\\/schema.org\",\"@graph\":[{\"@type\":\"WebPage\",\"@id\":\"https:\\\/\\\/comprehensiveliquor.com\\\/product\\\/macallan-21-year-old-the-colour-collection-single-malt-whisky\\\/\",\"url\":\"https:\\\/\\\/comprehensiveliquor.com\\\/product\\\/macallan-21-year-old-the-colour-collection-single-malt-whisky\\\/\",\"name\":\"Macallan 21 Year Colour Collection | Single Malt | Buy Now\",\"isPartOf\":{\"@id\":\"https:\\\/\\\/comprehensiveliquor.com\\\/#website\"},\"primaryImageOfPage\":{\"@id\":\"https:\\\/\\\/comprehensiveliquor.com\\\/product\\\/macallan-21-year-old-the-colour-collection-single-malt-whisky\\\/#primaryimage\"},\"image\":{\"@id\":\"https:\\\/\\\/comprehensiveliquor.com\\\/product\\\/macallan-21-year-old-the-colour-collection-single-malt-whisky\\\/#primaryimage\"},\"thumbnailUrl\":\"https:\\\/\\\/comprehensiveliquor.com\\\/wp-content\\\/uploads\\\/2023\\\/12\\\/image_2023-12-05_172958356.png\",\"datePublished\":\"2023-12-05T16:34:28+00:00\",\"dateModified\":\"2025-11-13T14:49:43+00:00\",\"description\":\"Buy Macallan 21 Year Old Colour Collection Single Malt. Rare 21-year aged Scotch whisky. Ultra-premium collector's bottle. Limited edition. Order now.\",\"breadcrumb\":{\"@id\":\"https:\\\/\\\/comprehensiveliquor.com\\\/product\\\/macallan-21-year-old-the-colour-collection-single-malt-whisky\\\/#breadcrumb\"},\"inLanguage\":\"cs\",\"potentialAction\":[{\"@type\":\"ReadAction\",\"target\":[\"https:\\\/\\\/comprehensiveliquor.com\\\/product\\\/macallan-21-year-old-the-colour-collection-single-malt-whisky\\\/\"]}]},{\"@type\":\"ImageObject\",\"inLanguage\":\"cs\",\"@id\":\"https:\\\/\\\/comprehensiveliquor.com\\\/product\\\/macallan-21-year-old-the-colour-collection-single-malt-whisky\\\/#primaryimage\",\"url\":\"https:\\\/\\\/comprehensiveliquor.com\\\/wp-content\\\/uploads\\\/2023\\\/12\\\/image_2023-12-05_172958356.png\",\"contentUrl\":\"https:\\\/\\\/comprehensiveliquor.com\\\/wp-content\\\/uploads\\\/2023\\\/12\\\/image_2023-12-05_172958356.png\",\"width\":788,\"height\":788,\"caption\":\"#image_title\"},{\"@type\":\"BreadcrumbList\",\"@id\":\"https:\\\/\\\/comprehensiveliquor.com\\\/product\\\/macallan-21-year-old-the-colour-collection-single-malt-whisky\\\/#breadcrumb\",\"itemListElement\":[{\"@type\":\"ListItem\",\"position\":1,\"name\":\"Home\",\"item\":\"https:\\\/\\\/comprehensiveliquor.com\\\/\"},{\"@type\":\"ListItem\",\"position\":2,\"name\":\"Shop\",\"item\":\"https:\\\/\\\/comprehensiveliquor.com\\\/shop\\\/\"},{\"@type\":\"ListItem\",\"position\":3,\"name\":\"Macallan 21 Year Old The Colour Collection Single Malt Whisky\"}]},{\"@type\":\"WebSite\",\"@id\":\"https:\\\/\\\/comprehensiveliquor.com\\\/#website\",\"url\":\"https:\\\/\\\/comprehensiveliquor.com\\\/\",\"name\":\"Comprehensive Liquor\",\"description\":\"Best Liquor Store\",\"publisher\":{\"@id\":\"https:\\\/\\\/comprehensiveliquor.com\\\/#organization\"},\"alternateName\":\"Comprehensive Liquor Store\",\"potentialAction\":[{\"@type\":\"SearchAction\",\"target\":{\"@type\":\"EntryPoint\",\"urlTemplate\":\"https:\\\/\\\/comprehensiveliquor.com\\\/?s={search_term_string}\"},\"query-input\":{\"@type\":\"PropertyValueSpecification\",\"valueRequired\":true,\"valueName\":\"search_term_string\"}}],\"inLanguage\":\"cs\"},{\"@type\":\"Organization\",\"@id\":\"https:\\\/\\\/comprehensiveliquor.com\\\/#organization\",\"name\":\"Comprehensive Liquor\",\"alternateName\":\"Comprehensive Liquor Store\",\"url\":\"https:\\\/\\\/comprehensiveliquor.com\\\/\",\"logo\":{\"@type\":\"ImageObject\",\"inLanguage\":\"cs\",\"@id\":\"https:\\\/\\\/comprehensiveliquor.com\\\/#\\\/schema\\\/logo\\\/image\\\/\",\"url\":\"https:\\\/\\\/comprehensiveliquor.com\\\/wp-content\\\/uploads\\\/2024\\\/03\\\/cropped-image_2024-03-26_131408877.png\",\"contentUrl\":\"https:\\\/\\\/comprehensiveliquor.com\\\/wp-content\\\/uploads\\\/2024\\\/03\\\/cropped-image_2024-03-26_131408877.png\",\"width\":378,\"height\":263,\"caption\":\"Comprehensive Liquor\"},\"image\":{\"@id\":\"https:\\\/\\\/comprehensiveliquor.com\\\/#\\\/schema\\\/logo\\\/image\\\/\"}}]}<\/script>\n<!-- \/ Yoast SEO Premium plugin. -->","yoast_head_json":{"title":"Macallan 21 Year Colour Collection | Single Malt | Buy Now","description":"Buy Macallan 21 Year Old Colour Collection Single Malt. Rare 21-year aged Scotch whisky. Ultra-premium collector's bottle. Limited edition. Order now.","robots":{"index":"index","follow":"follow","max-snippet":"max-snippet:-1","max-image-preview":"max-image-preview:large","max-video-preview":"max-video-preview:-1"},"canonical":"https:\/\/comprehensiveliquor.com\/cs\/product\/single-malt-whisky-macallan-21-let-stara-kolekce-barev\/","og_locale":"cs_CZ","og_type":"article","og_title":"Macallan 21 Year Old The Colour Collection Single Malt Whisky","og_description":"Buy Macallan 21 Year Old Colour Collection Single Malt. Rare 21-year aged Scotch whisky. Ultra-premium collector's bottle. Limited edition. Order now.","og_url":"https:\/\/comprehensiveliquor.com\/cs\/product\/single-malt-whisky-macallan-21-let-stara-kolekce-barev\/","og_site_name":"Comprehensive Liquor","article_modified_time":"2025-11-13T14:49:43+00:00","og_image":[{"width":788,"height":788,"url":"https:\/\/comprehensiveliquor.com\/wp-content\/uploads\/2023\/12\/image_2023-12-05_172958356.png","type":"image\/png"}],"twitter_card":"summary_large_image","twitter_misc":{"Odhadovan\u00e1 doba \u010dten\u00ed":"1 minuta"},"schema":{"@context":"https:\/\/schema.org","@graph":[{"@type":"WebPage","@id":"https:\/\/comprehensiveliquor.com\/product\/macallan-21-year-old-the-colour-collection-single-malt-whisky\/","url":"https:\/\/comprehensiveliquor.com\/product\/macallan-21-year-old-the-colour-collection-single-malt-whisky\/","name":"Macallan 21 Year Colour Collection | Single Malt | Buy Now","isPartOf":{"@id":"https:\/\/comprehensiveliquor.com\/#website"},"primaryImageOfPage":{"@id":"https:\/\/comprehensiveliquor.com\/product\/macallan-21-year-old-the-colour-collection-single-malt-whisky\/#primaryimage"},"image":{"@id":"https:\/\/comprehensiveliquor.com\/product\/macallan-21-year-old-the-colour-collection-single-malt-whisky\/#primaryimage"},"thumbnailUrl":"https:\/\/comprehensiveliquor.com\/wp-content\/uploads\/2023\/12\/image_2023-12-05_172958356.png","datePublished":"2023-12-05T16:34:28+00:00","dateModified":"2025-11-13T14:49:43+00:00","description":"Buy Macallan 21 Year Old Colour Collection Single Malt. Rare 21-year aged Scotch whisky. Ultra-premium collector's bottle. Limited edition. Order now.","breadcrumb":{"@id":"https:\/\/comprehensiveliquor.com\/product\/macallan-21-year-old-the-colour-collection-single-malt-whisky\/#breadcrumb"},"inLanguage":"cs","potentialAction":[{"@type":"ReadAction","target":["https:\/\/comprehensiveliquor.com\/product\/macallan-21-year-old-the-colour-collection-single-malt-whisky\/"]}]},{"@type":"ImageObject","inLanguage":"cs","@id":"https:\/\/comprehensiveliquor.com\/product\/macallan-21-year-old-the-colour-collection-single-malt-whisky\/#primaryimage","url":"https:\/\/comprehensiveliquor.com\/wp-content\/uploads\/2023\/12\/image_2023-12-05_172958356.png","contentUrl":"https:\/\/comprehensiveliquor.com\/wp-content\/uploads\/2023\/12\/image_2023-12-05_172958356.png","width":788,"height":788,"caption":"#image_title"},{"@type":"BreadcrumbList","@id":"https:\/\/comprehensiveliquor.com\/product\/macallan-21-year-old-the-colour-collection-single-malt-whisky\/#breadcrumb","itemListElement":[{"@type":"ListItem","position":1,"name":"Home","item":"https:\/\/comprehensiveliquor.com\/"},{"@type":"ListItem","position":2,"name":"Shop","item":"https:\/\/comprehensiveliquor.com\/shop\/"},{"@type":"ListItem","position":3,"name":"Macallan 21 Year Old The Colour Collection Single Malt Whisky"}]},{"@type":"WebSite","@id":"https:\/\/comprehensiveliquor.com\/#website","url":"https:\/\/comprehensiveliquor.com\/","name":"Komplexn\u00ed lik\u00e9r","description":"Best Liquor Store","publisher":{"@id":"https:\/\/comprehensiveliquor.com\/#organization"},"alternateName":"Comprehensive Liquor Store","potentialAction":[{"@type":"SearchAction","target":{"@type":"EntryPoint","urlTemplate":"https:\/\/comprehensiveliquor.com\/?s={search_term_string}"},"query-input":{"@type":"PropertyValueSpecification","valueRequired":true,"valueName":"search_term_string"}}],"inLanguage":"cs"},{"@type":"Organization","@id":"https:\/\/comprehensiveliquor.com\/#organization","name":"Komplexn\u00ed lik\u00e9r","alternateName":"Comprehensive Liquor Store","url":"https:\/\/comprehensiveliquor.com\/","logo":{"@type":"ImageObject","inLanguage":"cs","@id":"https:\/\/comprehensiveliquor.com\/#\/schema\/logo\/image\/","url":"https:\/\/comprehensiveliquor.com\/wp-content\/uploads\/2024\/03\/cropped-image_2024-03-26_131408877.png","contentUrl":"https:\/\/comprehensiveliquor.com\/wp-content\/uploads\/2024\/03\/cropped-image_2024-03-26_131408877.png","width":378,"height":263,"caption":"Comprehensive Liquor"},"image":{"@id":"https:\/\/comprehensiveliquor.com\/#\/schema\/logo\/image\/"}}]}},"_links":{"self":[{"href":"https:\/\/comprehensiveliquor.com\/cs\/wp-json\/wp\/v2\/product\/4190","targetHints":{"allow":["GET"]}}],"collection":[{"href":"https:\/\/comprehensiveliquor.com\/cs\/wp-json\/wp\/v2\/product"}],"about":[{"href":"https:\/\/comprehensiveliquor.com\/cs\/wp-json\/wp\/v2\/types\/product"}],"replies":[{"embeddable":true,"href":"https:\/\/comprehensiveliquor.com\/cs\/wp-json\/wp\/v2\/comments?post=4190"}],"wp:featuredmedia":[{"embeddable":true,"href":"https:\/\/comprehensiveliquor.com\/cs\/wp-json\/wp\/v2\/media\/4191"}],"wp:attachment":[{"href":"https:\/\/comprehensiveliquor.com\/cs\/wp-json\/wp\/v2\/media?parent=4190"}],"wp:term":[{"taxonomy":"product_brand","embeddable":true,"href":"https:\/\/comprehensiveliquor.com\/cs\/wp-json\/wp\/v2\/product_brand?post=4190"},{"taxonomy":"product_cat","embeddable":true,"href":"https:\/\/comprehensiveliquor.com\/cs\/wp-json\/wp\/v2\/product_cat?post=4190"},{"taxonomy":"product_tag","embeddable":true,"href":"https:\/\/comprehensiveliquor.com\/cs\/wp-json\/wp\/v2\/product_tag?post=4190"}],"curies":[{"name":"wp","href":"https:\/\/api.w.org\/{rel}","templated":true}]}}