{"id":4219,"date":"2023-12-06T12:28:11","date_gmt":"2023-12-06T12:28:11","guid":{"rendered":"https:\/\/comprehensiveliquor.com\/?post_type=product&#038;p=4219"},"modified":"2023-12-06T12:34:24","modified_gmt":"2023-12-06T12:34:24","slug":"springbank-2011-local-barley-11-year-old-2023-release","status":"publish","type":"product","link":"https:\/\/comprehensiveliquor.com\/cs\/product\/springbank-2011-local-barley-11-year-old-2023-release\/","title":{"rendered":"Springbank 2011 Local Barley 11 let, vyd\u00e1n\u00ed 2023"},"content":{"rendered":"<h2>Springbank 2011 Local Barley 11 let, vyd\u00e1n\u00ed 2023<\/h2>\n<p>Pal\u00edrna Springbank se nach\u00e1z\u00ed v Campbeltownu, malebn\u00e9m skotsk\u00e9m m\u011bste\u010dku le\u017e\u00edc\u00edm na ji\u017en\u00edm konci poloostrova Kintyre na n\u00e1dhern\u00e9m z\u00e1padn\u00edm pob\u0159e\u017e\u00ed.<br \/>\nPrvn\u00ed p\u00edsemn\u00e1 zm\u00ednka o whisky z Campbeltownu poch\u00e1z\u00ed z roku 1591. Springbank byl zalo\u017een v roce 1828 na m\u00edst\u011b neleg\u00e1ln\u00edho destila\u010dn\u00edho za\u0159\u00edzen\u00ed Archibalda Mitchella a stal se tak 14. licencovanou pal\u00edrnou v Campbeltownu. Dnes je Springbank jednou z pouh\u00fdch t\u0159\u00ed pal\u00edren p\u016fsob\u00edc\u00edch v oblasti Campbeltownu a nejstar\u0161\u00ed nez\u00e1vislou rodinnou pal\u00edrnou ve Skotsku.<\/p>\n<p>M\u00edstn\u00ed je\u010dmen je ka\u017edoro\u010dn\u00ed edice vyr\u00e1b\u011bn\u00e1 z je\u010dmene p\u011bstovan\u00e9ho v Campbeltownu nebo jeho okol\u00ed. Ka\u017ed\u00fd rok je m\u00edstn\u00ed farm\u00e1\u0159 pov\u011b\u0159en p\u011bstov\u00e1n\u00edm je\u010dmene pro jeho \u00fa\u010dely, aby mohl pokra\u010dovat ve v\u00fdrob\u011b t\u00e9to limitovan\u00e9 edice. R\u016fzn\u00e9 farmy, odr\u016fdy je\u010dmene, zr\u00e1n\u00ed v sudech a doba, kterou whisky str\u00e1v\u00ed v sudech od jedn\u00e9 v\u00e1rky k druh\u00e9, umo\u017e\u0148uj\u00ed poka\u017ed\u00e9 jedine\u010dn\u00fd degusta\u010dn\u00ed z\u00e1\u017eitek.<\/p>\n<p>Tento whisky ze Springbanku byl destilov\u00e1n v kv\u011btnu 2011 z je\u010dmene Belgravia p\u011bstovan\u00e9ho na farm\u011b Glencraigs a zr\u00e1l 11 let v sudech po bourbonu, sherry a rumu, ne\u017e byl v prosinci 2022 pln\u011bn do lahv\u00ed.<\/p>\n<p>&nbsp;<\/p>\n<p>&nbsp;<\/p>\n<p><strong>Nose<\/strong>Sladk\u00e1, spousta \u017elut\u00e9ho ovoce, hlavn\u011b hru\u0161ek, vanilka, miner\u00e1ln\u00ed aroma, mo\u0159sk\u00e1 s\u016fl, d\u0159evo, karamel, motorov\u00fd olej a \u0161p\u00edna.<\/p>\n<p><strong>Taste<\/strong>Podle uzlu je zde tak\u00e9 spousta \u017elut\u00e9ho ovoce, hru\u0161ek, \u0161vestek, merun\u011bk, vanilky, dubov\u00e9ho ko\u0159en\u00ed, trochy chilli a slan\u00e9ho karamelu.<\/p>\n<p><strong>Dokon\u010dit<\/strong>: st\u0159edn\u011b p\u00e1liv\u00e1, pom\u011brn\u011b pikantn\u00ed, chilli, palivov\u00e9 d\u0159\u00edv\u00ed, karamel a vanilka.<\/p>\n<p>&nbsp;<\/p>\n<h5>Atributy<\/h5>\n<table>\n<tbody>\n<tr>\n<td><b>Zna\u010dka<\/b><\/td>\n<td><a href=\"https:\/\/comprehensiveliquor.com\/cs\/product-tag\/springbank\/\">Springbank<\/a><\/td>\n<\/tr>\n<tr>\n<td><strong>Distellery<\/strong><\/td>\n<td><a title=\"Springbank Distillery\" href=\"https:\/\/www.whisky.com\/whisky-database\/distilleries\/details\/springbank.html\" target=\"_blank\" rel=\"noopener\">Springbank<\/a><\/td>\n<\/tr>\n<tr>\n<td><strong>Region<\/strong><\/td>\n<td><span class=\"selectable-text copyable-text\">Campbeltown<\/span><\/td>\n<\/tr>\n<tr>\n<td><strong>Size<\/strong><\/td>\n<td>750ml<\/td>\n<\/tr>\n<tr>\n<td><strong>Bottled Strength<\/strong><\/td>\n<td>55.1%<\/td>\n<\/tr>\n<\/tbody>\n<\/table>","protected":false},"excerpt":{"rendered":"<p>Springbank 2011 Local Barley 11 Year Old 2023 Release Springbank distillery is located in Campbeltown, a picturesque Scottish town situated at the southern end of the Kintyre Peninsula on the glorious west coast. The first reference to Campbeltown whisky was recorded in writing in 1591. Springbank was established in 1828 on the site of Archibald [&hellip;]<\/p>\n","protected":false},"featured_media":4220,"comment_status":"closed","ping_status":"closed","template":"","meta":{"site-sidebar-layout":"default","site-content-layout":"","ast-site-content-layout":"default","site-content-style":"default","site-sidebar-style":"default","ast-global-header-display":"","ast-banner-title-visibility":"","ast-main-header-display":"","ast-hfb-above-header-display":"","ast-hfb-below-header-display":"","ast-hfb-mobile-header-display":"","site-post-title":"","ast-breadcrumbs-content":"","ast-featured-img":"","footer-sml-layout":"","ast-disable-related-posts":"","theme-transparent-header-meta":"default","adv-header-id-meta":"","stick-header-meta":"","header-above-stick-meta":"","header-main-stick-meta":"","header-below-stick-meta":"","astra-migrate-meta-layouts":"set","ast-page-background-enabled":"default","ast-page-background-meta":{"desktop":{"background-color":"","background-image":"","background-repeat":"repeat","background-position":"center center","background-size":"auto","background-attachment":"scroll","background-type":"","background-media":"","overlay-type":"","overlay-color":"","overlay-opacity":"","overlay-gradient":""},"tablet":{"background-color":"","background-image":"","background-repeat":"repeat","background-position":"center center","background-size":"auto","background-attachment":"scroll","background-type":"","background-media":"","overlay-type":"","overlay-color":"","overlay-opacity":"","overlay-gradient":""},"mobile":{"background-color":"","background-image":"","background-repeat":"repeat","background-position":"center center","background-size":"auto","background-attachment":"scroll","background-type":"","background-media":"","overlay-type":"","overlay-color":"","overlay-opacity":"","overlay-gradient":""}},"ast-content-background-meta":{"desktop":{"background-color":"var(--ast-global-color-5)","background-image":"","background-repeat":"repeat","background-position":"center center","background-size":"auto","background-attachment":"scroll","background-type":"","background-media":"","overlay-type":"","overlay-color":"","overlay-opacity":"","overlay-gradient":""},"tablet":{"background-color":"var(--ast-global-color-5)","background-image":"","background-repeat":"repeat","background-position":"center center","background-size":"auto","background-attachment":"scroll","background-type":"","background-media":"","overlay-type":"","overlay-color":"","overlay-opacity":"","overlay-gradient":""},"mobile":{"background-color":"var(--ast-global-color-5)","background-image":"","background-repeat":"repeat","background-position":"center center","background-size":"auto","background-attachment":"scroll","background-type":"","background-media":"","overlay-type":"","overlay-color":"","overlay-opacity":"","overlay-gradient":""}}},"product_brand":[],"product_cat":[39],"product_tag":[113],"class_list":{"0":"post-4219","1":"product","2":"type-product","3":"status-publish","4":"has-post-thumbnail","6":"product_cat-scotch-whisky","7":"product_tag-springbank","8":"desktop-align-center","9":"tablet-align-left","10":"mobile-align-left","12":"first","13":"instock","14":"shipping-taxable","15":"purchasable","16":"product-type-simple"},"yoast_head":"<!-- This site is optimized with the Yoast SEO Premium plugin v24.7 (Yoast SEO v27.4) - https:\/\/yoast.com\/product\/yoast-seo-premium-wordpress\/ -->\n<title>Springbank 2011 Local Barley 11 Year Old 2023 Release<\/title>\n<meta name=\"description\" content=\"Springbank 2011 Local Barley 11 Year Old 2023 Release Springbank distillery is located in Campbeltown, a picturesque Scottish town situated at the\" \/>\n<meta name=\"robots\" content=\"index, follow, max-snippet:-1, max-image-preview:large, max-video-preview:-1\" \/>\n<link rel=\"canonical\" href=\"https:\/\/comprehensiveliquor.com\/cs\/product\/springbank-2011-local-barley-11-year-old-2023-release\/\" \/>\n<meta property=\"og:locale\" content=\"cs_CZ\" \/>\n<meta property=\"og:type\" content=\"article\" \/>\n<meta property=\"og:title\" content=\"Springbank 2011 Local Barley 11 Year Old 2023 Release\" \/>\n<meta property=\"og:description\" content=\"Springbank 2011 Local Barley 11 Year Old 2023 Release Springbank distillery is located in Campbeltown, a picturesque Scottish town situated at the\" \/>\n<meta property=\"og:url\" content=\"https:\/\/comprehensiveliquor.com\/cs\/product\/springbank-2011-local-barley-11-year-old-2023-release\/\" \/>\n<meta property=\"og:site_name\" content=\"Comprehensive Liquor\" \/>\n<meta property=\"article:modified_time\" content=\"2023-12-06T12:34:24+00:00\" \/>\n<meta property=\"og:image\" content=\"https:\/\/comprehensiveliquor.com\/wp-content\/uploads\/2023\/12\/image_2023-12-06_131917145-e1701865230646.png\" \/>\n\t<meta property=\"og:image:width\" content=\"651\" \/>\n\t<meta property=\"og:image:height\" content=\"700\" \/>\n\t<meta property=\"og:image:type\" content=\"image\/png\" \/>\n<meta name=\"twitter:card\" content=\"summary_large_image\" \/>\n<meta name=\"twitter:label1\" content=\"Odhadovan\u00e1 doba \u010dten\u00ed\" \/>\n\t<meta name=\"twitter:data1\" content=\"1 minuta\" \/>\n<script type=\"application\/ld+json\" class=\"yoast-schema-graph\">{\"@context\":\"https:\\\/\\\/schema.org\",\"@graph\":[{\"@type\":\"WebPage\",\"@id\":\"https:\\\/\\\/comprehensiveliquor.com\\\/product\\\/springbank-2011-local-barley-11-year-old-2023-release\\\/\",\"url\":\"https:\\\/\\\/comprehensiveliquor.com\\\/product\\\/springbank-2011-local-barley-11-year-old-2023-release\\\/\",\"name\":\"Springbank 2011 Local Barley 11 Year Old 2023 Release\",\"isPartOf\":{\"@id\":\"https:\\\/\\\/comprehensiveliquor.com\\\/#website\"},\"primaryImageOfPage\":{\"@id\":\"https:\\\/\\\/comprehensiveliquor.com\\\/product\\\/springbank-2011-local-barley-11-year-old-2023-release\\\/#primaryimage\"},\"image\":{\"@id\":\"https:\\\/\\\/comprehensiveliquor.com\\\/product\\\/springbank-2011-local-barley-11-year-old-2023-release\\\/#primaryimage\"},\"thumbnailUrl\":\"https:\\\/\\\/comprehensiveliquor.com\\\/wp-content\\\/uploads\\\/2023\\\/12\\\/image_2023-12-06_131917145-e1701865230646.png\",\"datePublished\":\"2023-12-06T12:28:11+00:00\",\"dateModified\":\"2023-12-06T12:34:24+00:00\",\"description\":\"Springbank 2011 Local Barley 11 Year Old 2023 Release Springbank distillery is located in Campbeltown, a picturesque Scottish town situated at the\",\"breadcrumb\":{\"@id\":\"https:\\\/\\\/comprehensiveliquor.com\\\/product\\\/springbank-2011-local-barley-11-year-old-2023-release\\\/#breadcrumb\"},\"inLanguage\":\"cs\",\"potentialAction\":[{\"@type\":\"ReadAction\",\"target\":[\"https:\\\/\\\/comprehensiveliquor.com\\\/product\\\/springbank-2011-local-barley-11-year-old-2023-release\\\/\"]}]},{\"@type\":\"ImageObject\",\"inLanguage\":\"cs\",\"@id\":\"https:\\\/\\\/comprehensiveliquor.com\\\/product\\\/springbank-2011-local-barley-11-year-old-2023-release\\\/#primaryimage\",\"url\":\"https:\\\/\\\/comprehensiveliquor.com\\\/wp-content\\\/uploads\\\/2023\\\/12\\\/image_2023-12-06_131917145-e1701865230646.png\",\"contentUrl\":\"https:\\\/\\\/comprehensiveliquor.com\\\/wp-content\\\/uploads\\\/2023\\\/12\\\/image_2023-12-06_131917145-e1701865230646.png\",\"width\":651,\"height\":700,\"caption\":\"#image_title\"},{\"@type\":\"BreadcrumbList\",\"@id\":\"https:\\\/\\\/comprehensiveliquor.com\\\/product\\\/springbank-2011-local-barley-11-year-old-2023-release\\\/#breadcrumb\",\"itemListElement\":[{\"@type\":\"ListItem\",\"position\":1,\"name\":\"Home\",\"item\":\"https:\\\/\\\/comprehensiveliquor.com\\\/\"},{\"@type\":\"ListItem\",\"position\":2,\"name\":\"Shop\",\"item\":\"https:\\\/\\\/comprehensiveliquor.com\\\/shop\\\/\"},{\"@type\":\"ListItem\",\"position\":3,\"name\":\"Springbank 2011 Local Barley 11 Year Old 2023 Release\"}]},{\"@type\":\"WebSite\",\"@id\":\"https:\\\/\\\/comprehensiveliquor.com\\\/#website\",\"url\":\"https:\\\/\\\/comprehensiveliquor.com\\\/\",\"name\":\"Comprehensive Liquor\",\"description\":\"Best Liquor Store\",\"publisher\":{\"@id\":\"https:\\\/\\\/comprehensiveliquor.com\\\/#organization\"},\"alternateName\":\"Comprehensive Liquor Store\",\"potentialAction\":[{\"@type\":\"SearchAction\",\"target\":{\"@type\":\"EntryPoint\",\"urlTemplate\":\"https:\\\/\\\/comprehensiveliquor.com\\\/?s={search_term_string}\"},\"query-input\":{\"@type\":\"PropertyValueSpecification\",\"valueRequired\":true,\"valueName\":\"search_term_string\"}}],\"inLanguage\":\"cs\"},{\"@type\":\"Organization\",\"@id\":\"https:\\\/\\\/comprehensiveliquor.com\\\/#organization\",\"name\":\"Comprehensive Liquor\",\"alternateName\":\"Comprehensive Liquor Store\",\"url\":\"https:\\\/\\\/comprehensiveliquor.com\\\/\",\"logo\":{\"@type\":\"ImageObject\",\"inLanguage\":\"cs\",\"@id\":\"https:\\\/\\\/comprehensiveliquor.com\\\/#\\\/schema\\\/logo\\\/image\\\/\",\"url\":\"https:\\\/\\\/comprehensiveliquor.com\\\/wp-content\\\/uploads\\\/2024\\\/03\\\/cropped-image_2024-03-26_131408877.png\",\"contentUrl\":\"https:\\\/\\\/comprehensiveliquor.com\\\/wp-content\\\/uploads\\\/2024\\\/03\\\/cropped-image_2024-03-26_131408877.png\",\"width\":378,\"height\":263,\"caption\":\"Comprehensive Liquor\"},\"image\":{\"@id\":\"https:\\\/\\\/comprehensiveliquor.com\\\/#\\\/schema\\\/logo\\\/image\\\/\"}}]}<\/script>\n<!-- \/ Yoast SEO Premium plugin. -->","yoast_head_json":{"title":"Springbank 2011 Local Barley 11 let, vyd\u00e1n\u00ed 2023","description":"Springbank 2011 Local Barley 11 Year Old, vyd\u00e1n\u00ed 2023. Pal\u00edrna Springbank se nach\u00e1z\u00ed v Campbeltownu, malebn\u00e9m skotsk\u00e9m m\u011bste\u010dku le\u017e\u00edc\u00edm na...","robots":{"index":"index","follow":"follow","max-snippet":"max-snippet:-1","max-image-preview":"max-image-preview:large","max-video-preview":"max-video-preview:-1"},"canonical":"https:\/\/comprehensiveliquor.com\/cs\/product\/springbank-2011-local-barley-11-year-old-2023-release\/","og_locale":"cs_CZ","og_type":"article","og_title":"Springbank 2011 Local Barley 11 Year Old 2023 Release","og_description":"Springbank 2011 Local Barley 11 Year Old 2023 Release Springbank distillery is located in Campbeltown, a picturesque Scottish town situated at the","og_url":"https:\/\/comprehensiveliquor.com\/cs\/product\/springbank-2011-local-barley-11-year-old-2023-release\/","og_site_name":"Comprehensive Liquor","article_modified_time":"2023-12-06T12:34:24+00:00","og_image":[{"width":651,"height":700,"url":"https:\/\/comprehensiveliquor.com\/wp-content\/uploads\/2023\/12\/image_2023-12-06_131917145-e1701865230646.png","type":"image\/png"}],"twitter_card":"summary_large_image","twitter_misc":{"Odhadovan\u00e1 doba \u010dten\u00ed":"1 minuta"},"schema":{"@context":"https:\/\/schema.org","@graph":[{"@type":"WebPage","@id":"https:\/\/comprehensiveliquor.com\/product\/springbank-2011-local-barley-11-year-old-2023-release\/","url":"https:\/\/comprehensiveliquor.com\/product\/springbank-2011-local-barley-11-year-old-2023-release\/","name":"Springbank 2011 Local Barley 11 let, vyd\u00e1n\u00ed 2023","isPartOf":{"@id":"https:\/\/comprehensiveliquor.com\/#website"},"primaryImageOfPage":{"@id":"https:\/\/comprehensiveliquor.com\/product\/springbank-2011-local-barley-11-year-old-2023-release\/#primaryimage"},"image":{"@id":"https:\/\/comprehensiveliquor.com\/product\/springbank-2011-local-barley-11-year-old-2023-release\/#primaryimage"},"thumbnailUrl":"https:\/\/comprehensiveliquor.com\/wp-content\/uploads\/2023\/12\/image_2023-12-06_131917145-e1701865230646.png","datePublished":"2023-12-06T12:28:11+00:00","dateModified":"2023-12-06T12:34:24+00:00","description":"Springbank 2011 Local Barley 11 Year Old, vyd\u00e1n\u00ed 2023. Pal\u00edrna Springbank se nach\u00e1z\u00ed v Campbeltownu, malebn\u00e9m skotsk\u00e9m m\u011bste\u010dku le\u017e\u00edc\u00edm na...","breadcrumb":{"@id":"https:\/\/comprehensiveliquor.com\/product\/springbank-2011-local-barley-11-year-old-2023-release\/#breadcrumb"},"inLanguage":"cs","potentialAction":[{"@type":"ReadAction","target":["https:\/\/comprehensiveliquor.com\/product\/springbank-2011-local-barley-11-year-old-2023-release\/"]}]},{"@type":"ImageObject","inLanguage":"cs","@id":"https:\/\/comprehensiveliquor.com\/product\/springbank-2011-local-barley-11-year-old-2023-release\/#primaryimage","url":"https:\/\/comprehensiveliquor.com\/wp-content\/uploads\/2023\/12\/image_2023-12-06_131917145-e1701865230646.png","contentUrl":"https:\/\/comprehensiveliquor.com\/wp-content\/uploads\/2023\/12\/image_2023-12-06_131917145-e1701865230646.png","width":651,"height":700,"caption":"#image_title"},{"@type":"BreadcrumbList","@id":"https:\/\/comprehensiveliquor.com\/product\/springbank-2011-local-barley-11-year-old-2023-release\/#breadcrumb","itemListElement":[{"@type":"ListItem","position":1,"name":"Home","item":"https:\/\/comprehensiveliquor.com\/"},{"@type":"ListItem","position":2,"name":"Shop","item":"https:\/\/comprehensiveliquor.com\/shop\/"},{"@type":"ListItem","position":3,"name":"Springbank 2011 Local Barley 11 Year Old 2023 Release"}]},{"@type":"WebSite","@id":"https:\/\/comprehensiveliquor.com\/#website","url":"https:\/\/comprehensiveliquor.com\/","name":"Komplexn\u00ed lik\u00e9r","description":"Best Liquor Store","publisher":{"@id":"https:\/\/comprehensiveliquor.com\/#organization"},"alternateName":"Comprehensive Liquor Store","potentialAction":[{"@type":"SearchAction","target":{"@type":"EntryPoint","urlTemplate":"https:\/\/comprehensiveliquor.com\/?s={search_term_string}"},"query-input":{"@type":"PropertyValueSpecification","valueRequired":true,"valueName":"search_term_string"}}],"inLanguage":"cs"},{"@type":"Organization","@id":"https:\/\/comprehensiveliquor.com\/#organization","name":"Komplexn\u00ed lik\u00e9r","alternateName":"Comprehensive Liquor Store","url":"https:\/\/comprehensiveliquor.com\/","logo":{"@type":"ImageObject","inLanguage":"cs","@id":"https:\/\/comprehensiveliquor.com\/#\/schema\/logo\/image\/","url":"https:\/\/comprehensiveliquor.com\/wp-content\/uploads\/2024\/03\/cropped-image_2024-03-26_131408877.png","contentUrl":"https:\/\/comprehensiveliquor.com\/wp-content\/uploads\/2024\/03\/cropped-image_2024-03-26_131408877.png","width":378,"height":263,"caption":"Comprehensive Liquor"},"image":{"@id":"https:\/\/comprehensiveliquor.com\/#\/schema\/logo\/image\/"}}]}},"_links":{"self":[{"href":"https:\/\/comprehensiveliquor.com\/cs\/wp-json\/wp\/v2\/product\/4219","targetHints":{"allow":["GET"]}}],"collection":[{"href":"https:\/\/comprehensiveliquor.com\/cs\/wp-json\/wp\/v2\/product"}],"about":[{"href":"https:\/\/comprehensiveliquor.com\/cs\/wp-json\/wp\/v2\/types\/product"}],"replies":[{"embeddable":true,"href":"https:\/\/comprehensiveliquor.com\/cs\/wp-json\/wp\/v2\/comments?post=4219"}],"wp:featuredmedia":[{"embeddable":true,"href":"https:\/\/comprehensiveliquor.com\/cs\/wp-json\/wp\/v2\/media\/4220"}],"wp:attachment":[{"href":"https:\/\/comprehensiveliquor.com\/cs\/wp-json\/wp\/v2\/media?parent=4219"}],"wp:term":[{"taxonomy":"product_brand","embeddable":true,"href":"https:\/\/comprehensiveliquor.com\/cs\/wp-json\/wp\/v2\/product_brand?post=4219"},{"taxonomy":"product_cat","embeddable":true,"href":"https:\/\/comprehensiveliquor.com\/cs\/wp-json\/wp\/v2\/product_cat?post=4219"},{"taxonomy":"product_tag","embeddable":true,"href":"https:\/\/comprehensiveliquor.com\/cs\/wp-json\/wp\/v2\/product_tag?post=4219"}],"curies":[{"name":"wp","href":"https:\/\/api.w.org\/{rel}","templated":true}]}}