{"id":84,"date":"2019-01-23T13:20:21","date_gmt":"2019-01-23T13:20:21","guid":{"rendered":"https:\/\/comprehensiveliquor.com\/index.php\/product\/green-soil-lotus\/"},"modified":"2025-11-14T12:25:10","modified_gmt":"2025-11-14T12:25:10","slug":"teeling-18-year-old-the-renaissance-series-5-calvados-finish","status":"publish","type":"product","link":"https:\/\/comprehensiveliquor.com\/cs\/product\/teeling-18-year-old-the-renaissance-series-5-calvados-finish\/","title":{"rendered":"Teeling 18 Year Old The Renaissance Series 5  Whiskey"},"content":{"rendered":"<h2><strong style=\"color: #252525;\">Teeling 18 Year Old The Renaissance Series 5 Calvados Finish 70cl\/46%<\/strong><\/h2>\n<p>Teeling Renaissance Series 5 Whiskey<br \/>\nReleased in late spring of 2022, the fifth and final batch of Teeling&#8217;s immensely popular &#8220;Teeling Renaissance Series 5&#8221; is an 18-year-old Irish single malt whiskey. It started life in ex-bourbon casks before being transferred for a six-year secondary maturation in casks that previously held Calvados, an aged French apple brandy.<\/p>\n<p>Limited to just 9,000 bottles, Teeling Renaissance 5 is bottled at 46% ABV with no chill filtration.<\/p>\n<p>&nbsp;<\/p>\n<h3 class=\"detail-description\">Pozn\u00e1mky k degustaci<\/h3>\n<p class=\"detail-description\"><strong>Nose<\/strong>: intensely fruity, with a lot of apple compote and pear drops, as well as apple cider. Raisins and a hint of marshmallow. Hints of tarte tatin and buttery apple cake. Then hints of honey, sugar cane sweetness, marzipan, and vanilla. Quite a rich nose with a nice dessert-y sweetness.<\/p>\n<p><strong>Mouth<\/strong>: still sweet and fruity, with a light tropical hint. Ripe bananas and hints of mango, mixing with more of the expected stewed apples and pears. Mid-palate, there\u2019s a hint of passion fruit. Then it develops a light grassy touch with some mineral notes and white pepper, toning down the fruits.<\/p>\n<p><strong>Dokon\u010dit<\/strong>: medium, with the grassy and peppery notes taking over and pushing the sweetness aside. There are a lot of apple peelings now.<\/p>\n<p>&nbsp;<\/p>\n<h5>Atributy<\/h5>\n<table>\n<tbody>\n<tr>\n<td><strong>Kategorie<\/strong><\/td>\n<td><a title=\"Irsk\u00e1 whisky\" href=\"https:\/\/comprehensiveliquor.com\/cs\/product-category\/irish-whiskey\/\">Irsk\u00e1 whisky<\/a><\/td>\n<\/tr>\n<tr>\n<td><strong>Distillery<\/strong><\/td>\n<td><a title=\"Teeling distillery\" href=\"https:\/\/teelingdistillery.com\" target=\"_blank\" rel=\"noopener\">Teeling<\/a><\/td>\n<\/tr>\n<tr>\n<td><strong>Series<\/strong><\/td>\n<td>Renaissance Series 5<\/td>\n<\/tr>\n<tr>\n<td><strong>Age<\/strong><\/td>\n<td>18<\/td>\n<\/tr>\n<tr>\n<td><b>Limitovan\u00e1 edice<\/b><\/td>\n<td>Yes<\/td>\n<\/tr>\n<tr>\n<td><b>Bottles Produced<\/b><\/td>\n<td>9000<\/td>\n<\/tr>\n<tr>\n<td><strong>Cask Type<\/strong><\/td>\n<td>Ex-Bourbon &amp;\u00a0Ex-Calvados Casks<\/td>\n<\/tr>\n<tr>\n<td><strong>Bottle Size<\/strong><\/td>\n<td>70cl<\/td>\n<\/tr>\n<tr>\n<td><strong>ABV<\/strong><\/td>\n<td>46%<\/td>\n<\/tr>\n<\/tbody>\n<\/table>\n<p>&nbsp;<\/p>\n<p>&nbsp;<\/p>","protected":false},"excerpt":{"rendered":"<p>Teeling is releasing a final bottling in its Renaissance series. It is an 18-year-old single malt that initially matured in ex-bourbon casks for over 12 years and then transferred to Calvados casks for over 6 years.<\/p>","protected":false},"featured_media":1826,"comment_status":"open","ping_status":"closed","template":"","meta":{"site-sidebar-layout":"default","site-content-layout":"default","ast-site-content-layout":"default","site-content-style":"default","site-sidebar-style":"default","ast-global-header-display":"","ast-banner-title-visibility":"","ast-main-header-display":"","ast-hfb-above-header-display":"","ast-hfb-below-header-display":"","ast-hfb-mobile-header-display":"","site-post-title":"","ast-breadcrumbs-content":"","ast-featured-img":"","footer-sml-layout":"","ast-disable-related-posts":"","theme-transparent-header-meta":"default","adv-header-id-meta":"","stick-header-meta":"","header-above-stick-meta":"","header-main-stick-meta":"","header-below-stick-meta":"","astra-migrate-meta-layouts":"set","ast-page-background-enabled":"default","ast-page-background-meta":{"desktop":{"background-color":"","background-image":"","background-repeat":"repeat","background-position":"center center","background-size":"auto","background-attachment":"scroll","background-type":"","background-media":"","overlay-type":"","overlay-color":"","overlay-opacity":"","overlay-gradient":""},"tablet":{"background-color":"","background-image":"","background-repeat":"repeat","background-position":"center center","background-size":"auto","background-attachment":"scroll","background-type":"","background-media":"","overlay-type":"","overlay-color":"","overlay-opacity":"","overlay-gradient":""},"mobile":{"background-color":"","background-image":"","background-repeat":"repeat","background-position":"center center","background-size":"auto","background-attachment":"scroll","background-type":"","background-media":"","overlay-type":"","overlay-color":"","overlay-opacity":"","overlay-gradient":""}},"ast-content-background-meta":{"desktop":{"background-color":"var(--ast-global-color-5)","background-image":"","background-repeat":"repeat","background-position":"center center","background-size":"auto","background-attachment":"scroll","background-type":"","background-media":"","overlay-type":"","overlay-color":"","overlay-opacity":"","overlay-gradient":""},"tablet":{"background-color":"var(--ast-global-color-5)","background-image":"","background-repeat":"repeat","background-position":"center center","background-size":"auto","background-attachment":"scroll","background-type":"","background-media":"","overlay-type":"","overlay-color":"","overlay-opacity":"","overlay-gradient":""},"mobile":{"background-color":"var(--ast-global-color-5)","background-image":"","background-repeat":"repeat","background-position":"center center","background-size":"auto","background-attachment":"scroll","background-type":"","background-media":"","overlay-type":"","overlay-color":"","overlay-opacity":"","overlay-gradient":""}}},"product_brand":[],"product_cat":[41,58,32],"product_tag":[],"class_list":{"0":"post-84","1":"product","2":"type-product","3":"status-publish","4":"has-post-thumbnail","6":"product_cat-irish-whiskey","7":"product_cat-limited-edition","8":"product_cat-single-malt-whisky","9":"desktop-align-center","10":"tablet-align-left","11":"mobile-align-left","13":"first","14":"instock","15":"featured","16":"shipping-taxable","17":"purchasable","18":"product-type-simple"},"yoast_head":"<!-- This site is optimized with the Yoast SEO Premium plugin v24.7 (Yoast SEO v27.3) - https:\/\/yoast.com\/product\/yoast-seo-premium-wordpress\/ -->\n<title>Teeling 18 Year Old The Renaissance Series 5 Whiskey<\/title>\n<meta name=\"description\" content=\"Teeling is releasing a final bottling in its Renaissance series. It is an 18-year-old single malt that initially matured in ex-bourbon casks for over 12 years and then transferred to Calvados casks for over 6 years.\" \/>\n<meta name=\"robots\" content=\"index, follow, max-snippet:-1, max-image-preview:large, max-video-preview:-1\" \/>\n<link rel=\"canonical\" href=\"https:\/\/comprehensiveliquor.com\/cs\/product\/teeling-18-year-old-the-renaissance-series-5-calvados-finish\/\" \/>\n<meta property=\"og:locale\" content=\"cs_CZ\" \/>\n<meta property=\"og:type\" content=\"article\" \/>\n<meta property=\"og:title\" content=\"Teeling 18 Year Old The Renaissance Series 5 Whiskey\" \/>\n<meta property=\"og:description\" content=\"Teeling is releasing a final bottling in its Renaissance series. It is an 18-year-old single malt that initially matured in ex-bourbon casks for over 12 years and then transferred to Calvados casks for over 6 years.\" \/>\n<meta property=\"og:url\" content=\"https:\/\/comprehensiveliquor.com\/cs\/product\/teeling-18-year-old-the-renaissance-series-5-calvados-finish\/\" \/>\n<meta property=\"og:site_name\" content=\"Comprehensive Liquor\" \/>\n<meta property=\"article:modified_time\" content=\"2025-11-14T12:25:10+00:00\" \/>\n<meta property=\"og:image\" content=\"https:\/\/comprehensiveliquor.com\/wp-content\/uploads\/2019\/01\/image_2022-10-13_000636194.png\" \/>\n\t<meta property=\"og:image:width\" content=\"480\" \/>\n\t<meta property=\"og:image:height\" content=\"595\" \/>\n\t<meta property=\"og:image:type\" content=\"image\/png\" \/>\n<meta name=\"twitter:card\" content=\"summary_large_image\" \/>\n<meta name=\"twitter:label1\" content=\"Odhadovan\u00e1 doba \u010dten\u00ed\" \/>\n\t<meta name=\"twitter:data1\" content=\"2 minuty\" \/>\n<script type=\"application\/ld+json\" class=\"yoast-schema-graph\">{\"@context\":\"https:\\\/\\\/schema.org\",\"@graph\":[{\"@type\":\"WebPage\",\"@id\":\"https:\\\/\\\/comprehensiveliquor.com\\\/product\\\/teeling-18-year-old-the-renaissance-series-5-calvados-finish\\\/\",\"url\":\"https:\\\/\\\/comprehensiveliquor.com\\\/product\\\/teeling-18-year-old-the-renaissance-series-5-calvados-finish\\\/\",\"name\":\"Teeling 18 Year Old The Renaissance Series 5 Whiskey\",\"isPartOf\":{\"@id\":\"https:\\\/\\\/comprehensiveliquor.com\\\/#website\"},\"primaryImageOfPage\":{\"@id\":\"https:\\\/\\\/comprehensiveliquor.com\\\/product\\\/teeling-18-year-old-the-renaissance-series-5-calvados-finish\\\/#primaryimage\"},\"image\":{\"@id\":\"https:\\\/\\\/comprehensiveliquor.com\\\/product\\\/teeling-18-year-old-the-renaissance-series-5-calvados-finish\\\/#primaryimage\"},\"thumbnailUrl\":\"https:\\\/\\\/comprehensiveliquor.com\\\/wp-content\\\/uploads\\\/2019\\\/01\\\/image_2022-10-13_000636194.png\",\"datePublished\":\"2019-01-23T13:20:21+00:00\",\"dateModified\":\"2025-11-14T12:25:10+00:00\",\"description\":\"Teeling is releasing a final bottling in its Renaissance series. It is an 18-year-old single malt that initially matured in ex-bourbon casks for over 12 years and then transferred to Calvados casks for over 6 years.\",\"breadcrumb\":{\"@id\":\"https:\\\/\\\/comprehensiveliquor.com\\\/product\\\/teeling-18-year-old-the-renaissance-series-5-calvados-finish\\\/#breadcrumb\"},\"inLanguage\":\"cs\",\"potentialAction\":[{\"@type\":\"ReadAction\",\"target\":[\"https:\\\/\\\/comprehensiveliquor.com\\\/product\\\/teeling-18-year-old-the-renaissance-series-5-calvados-finish\\\/\"]}]},{\"@type\":\"ImageObject\",\"inLanguage\":\"cs\",\"@id\":\"https:\\\/\\\/comprehensiveliquor.com\\\/product\\\/teeling-18-year-old-the-renaissance-series-5-calvados-finish\\\/#primaryimage\",\"url\":\"https:\\\/\\\/comprehensiveliquor.com\\\/wp-content\\\/uploads\\\/2019\\\/01\\\/image_2022-10-13_000636194.png\",\"contentUrl\":\"https:\\\/\\\/comprehensiveliquor.com\\\/wp-content\\\/uploads\\\/2019\\\/01\\\/image_2022-10-13_000636194.png\",\"width\":480,\"height\":595,\"caption\":\"Teeling 18 Year Old The Renaissance Series 5 Whiskey bottle\"},{\"@type\":\"BreadcrumbList\",\"@id\":\"https:\\\/\\\/comprehensiveliquor.com\\\/product\\\/teeling-18-year-old-the-renaissance-series-5-calvados-finish\\\/#breadcrumb\",\"itemListElement\":[{\"@type\":\"ListItem\",\"position\":1,\"name\":\"Home\",\"item\":\"https:\\\/\\\/comprehensiveliquor.com\\\/\"},{\"@type\":\"ListItem\",\"position\":2,\"name\":\"Shop\",\"item\":\"https:\\\/\\\/comprehensiveliquor.com\\\/shop\\\/\"},{\"@type\":\"ListItem\",\"position\":3,\"name\":\"Teeling 18 Year Old The Renaissance Series 5 Whiskey\"}]},{\"@type\":\"WebSite\",\"@id\":\"https:\\\/\\\/comprehensiveliquor.com\\\/#website\",\"url\":\"https:\\\/\\\/comprehensiveliquor.com\\\/\",\"name\":\"Comprehensive Liquor\",\"description\":\"Best Liquor Store\",\"publisher\":{\"@id\":\"https:\\\/\\\/comprehensiveliquor.com\\\/#organization\"},\"alternateName\":\"Comprehensive Liquor Store\",\"potentialAction\":[{\"@type\":\"SearchAction\",\"target\":{\"@type\":\"EntryPoint\",\"urlTemplate\":\"https:\\\/\\\/comprehensiveliquor.com\\\/?s={search_term_string}\"},\"query-input\":{\"@type\":\"PropertyValueSpecification\",\"valueRequired\":true,\"valueName\":\"search_term_string\"}}],\"inLanguage\":\"cs\"},{\"@type\":\"Organization\",\"@id\":\"https:\\\/\\\/comprehensiveliquor.com\\\/#organization\",\"name\":\"Comprehensive Liquor\",\"alternateName\":\"Comprehensive Liquor Store\",\"url\":\"https:\\\/\\\/comprehensiveliquor.com\\\/\",\"logo\":{\"@type\":\"ImageObject\",\"inLanguage\":\"cs\",\"@id\":\"https:\\\/\\\/comprehensiveliquor.com\\\/#\\\/schema\\\/logo\\\/image\\\/\",\"url\":\"https:\\\/\\\/comprehensiveliquor.com\\\/wp-content\\\/uploads\\\/2024\\\/03\\\/cropped-image_2024-03-26_131408877.png\",\"contentUrl\":\"https:\\\/\\\/comprehensiveliquor.com\\\/wp-content\\\/uploads\\\/2024\\\/03\\\/cropped-image_2024-03-26_131408877.png\",\"width\":378,\"height\":263,\"caption\":\"Comprehensive Liquor\"},\"image\":{\"@id\":\"https:\\\/\\\/comprehensiveliquor.com\\\/#\\\/schema\\\/logo\\\/image\\\/\"}}]}<\/script>\n<!-- \/ Yoast SEO Premium plugin. -->","yoast_head_json":{"title":"Teeling 18 Year Old The Renaissance Series 5 Whiskey","description":"Teeling is releasing a final bottling in its Renaissance series. It is an 18-year-old single malt that initially matured in ex-bourbon casks for over 12 years and then transferred to Calvados casks for over 6 years.","robots":{"index":"index","follow":"follow","max-snippet":"max-snippet:-1","max-image-preview":"max-image-preview:large","max-video-preview":"max-video-preview:-1"},"canonical":"https:\/\/comprehensiveliquor.com\/cs\/product\/teeling-18-year-old-the-renaissance-series-5-calvados-finish\/","og_locale":"cs_CZ","og_type":"article","og_title":"Teeling 18 Year Old The Renaissance Series 5 Whiskey","og_description":"Teeling is releasing a final bottling in its Renaissance series. It is an 18-year-old single malt that initially matured in ex-bourbon casks for over 12 years and then transferred to Calvados casks for over 6 years.","og_url":"https:\/\/comprehensiveliquor.com\/cs\/product\/teeling-18-year-old-the-renaissance-series-5-calvados-finish\/","og_site_name":"Comprehensive Liquor","article_modified_time":"2025-11-14T12:25:10+00:00","og_image":[{"width":480,"height":595,"url":"https:\/\/comprehensiveliquor.com\/wp-content\/uploads\/2019\/01\/image_2022-10-13_000636194.png","type":"image\/png"}],"twitter_card":"summary_large_image","twitter_misc":{"Odhadovan\u00e1 doba \u010dten\u00ed":"2 minuty"},"schema":{"@context":"https:\/\/schema.org","@graph":[{"@type":"WebPage","@id":"https:\/\/comprehensiveliquor.com\/product\/teeling-18-year-old-the-renaissance-series-5-calvados-finish\/","url":"https:\/\/comprehensiveliquor.com\/product\/teeling-18-year-old-the-renaissance-series-5-calvados-finish\/","name":"Teeling 18 Year Old The Renaissance Series 5 Whiskey","isPartOf":{"@id":"https:\/\/comprehensiveliquor.com\/#website"},"primaryImageOfPage":{"@id":"https:\/\/comprehensiveliquor.com\/product\/teeling-18-year-old-the-renaissance-series-5-calvados-finish\/#primaryimage"},"image":{"@id":"https:\/\/comprehensiveliquor.com\/product\/teeling-18-year-old-the-renaissance-series-5-calvados-finish\/#primaryimage"},"thumbnailUrl":"https:\/\/comprehensiveliquor.com\/wp-content\/uploads\/2019\/01\/image_2022-10-13_000636194.png","datePublished":"2019-01-23T13:20:21+00:00","dateModified":"2025-11-14T12:25:10+00:00","description":"Teeling is releasing a final bottling in its Renaissance series. It is an 18-year-old single malt that initially matured in ex-bourbon casks for over 12 years and then transferred to Calvados casks for over 6 years.","breadcrumb":{"@id":"https:\/\/comprehensiveliquor.com\/product\/teeling-18-year-old-the-renaissance-series-5-calvados-finish\/#breadcrumb"},"inLanguage":"cs","potentialAction":[{"@type":"ReadAction","target":["https:\/\/comprehensiveliquor.com\/product\/teeling-18-year-old-the-renaissance-series-5-calvados-finish\/"]}]},{"@type":"ImageObject","inLanguage":"cs","@id":"https:\/\/comprehensiveliquor.com\/product\/teeling-18-year-old-the-renaissance-series-5-calvados-finish\/#primaryimage","url":"https:\/\/comprehensiveliquor.com\/wp-content\/uploads\/2019\/01\/image_2022-10-13_000636194.png","contentUrl":"https:\/\/comprehensiveliquor.com\/wp-content\/uploads\/2019\/01\/image_2022-10-13_000636194.png","width":480,"height":595,"caption":"Teeling 18 Year Old The Renaissance Series 5 Whiskey bottle"},{"@type":"BreadcrumbList","@id":"https:\/\/comprehensiveliquor.com\/product\/teeling-18-year-old-the-renaissance-series-5-calvados-finish\/#breadcrumb","itemListElement":[{"@type":"ListItem","position":1,"name":"Home","item":"https:\/\/comprehensiveliquor.com\/"},{"@type":"ListItem","position":2,"name":"Shop","item":"https:\/\/comprehensiveliquor.com\/shop\/"},{"@type":"ListItem","position":3,"name":"Teeling 18 Year Old The Renaissance Series 5 Whiskey"}]},{"@type":"WebSite","@id":"https:\/\/comprehensiveliquor.com\/#website","url":"https:\/\/comprehensiveliquor.com\/","name":"Komplexn\u00ed lik\u00e9r","description":"Best Liquor Store","publisher":{"@id":"https:\/\/comprehensiveliquor.com\/#organization"},"alternateName":"Comprehensive Liquor Store","potentialAction":[{"@type":"SearchAction","target":{"@type":"EntryPoint","urlTemplate":"https:\/\/comprehensiveliquor.com\/?s={search_term_string}"},"query-input":{"@type":"PropertyValueSpecification","valueRequired":true,"valueName":"search_term_string"}}],"inLanguage":"cs"},{"@type":"Organization","@id":"https:\/\/comprehensiveliquor.com\/#organization","name":"Komplexn\u00ed lik\u00e9r","alternateName":"Comprehensive Liquor Store","url":"https:\/\/comprehensiveliquor.com\/","logo":{"@type":"ImageObject","inLanguage":"cs","@id":"https:\/\/comprehensiveliquor.com\/#\/schema\/logo\/image\/","url":"https:\/\/comprehensiveliquor.com\/wp-content\/uploads\/2024\/03\/cropped-image_2024-03-26_131408877.png","contentUrl":"https:\/\/comprehensiveliquor.com\/wp-content\/uploads\/2024\/03\/cropped-image_2024-03-26_131408877.png","width":378,"height":263,"caption":"Comprehensive Liquor"},"image":{"@id":"https:\/\/comprehensiveliquor.com\/#\/schema\/logo\/image\/"}}]}},"_links":{"self":[{"href":"https:\/\/comprehensiveliquor.com\/cs\/wp-json\/wp\/v2\/product\/84","targetHints":{"allow":["GET"]}}],"collection":[{"href":"https:\/\/comprehensiveliquor.com\/cs\/wp-json\/wp\/v2\/product"}],"about":[{"href":"https:\/\/comprehensiveliquor.com\/cs\/wp-json\/wp\/v2\/types\/product"}],"replies":[{"embeddable":true,"href":"https:\/\/comprehensiveliquor.com\/cs\/wp-json\/wp\/v2\/comments?post=84"}],"wp:featuredmedia":[{"embeddable":true,"href":"https:\/\/comprehensiveliquor.com\/cs\/wp-json\/wp\/v2\/media\/1826"}],"wp:attachment":[{"href":"https:\/\/comprehensiveliquor.com\/cs\/wp-json\/wp\/v2\/media?parent=84"}],"wp:term":[{"taxonomy":"product_brand","embeddable":true,"href":"https:\/\/comprehensiveliquor.com\/cs\/wp-json\/wp\/v2\/product_brand?post=84"},{"taxonomy":"product_cat","embeddable":true,"href":"https:\/\/comprehensiveliquor.com\/cs\/wp-json\/wp\/v2\/product_cat?post=84"},{"taxonomy":"product_tag","embeddable":true,"href":"https:\/\/comprehensiveliquor.com\/cs\/wp-json\/wp\/v2\/product_tag?post=84"}],"curies":[{"name":"wp","href":"https:\/\/api.w.org\/{rel}","templated":true}]}}