{"id":1968,"date":"2022-10-14T21:20:28","date_gmt":"2022-10-14T21:20:28","guid":{"rendered":"https:\/\/comprehensiveliquor.com\/?page_id=1968"},"modified":"2022-10-23T11:59:30","modified_gmt":"2022-10-23T11:59:30","slug":"forsendelsesoplysninger","status":"publish","type":"page","link":"https:\/\/comprehensiveliquor.com\/da\/forsendelsesoplysninger\/","title":{"rendered":"Forsendelsesoplysninger"},"content":{"rendered":"<p>For at finde ud af dine forsendelsesomkostninger inden k\u00f8b, bedes du bruge vores forsendelsesberegner ved kassen. V\u00e6lg de varer, du gerne vil k\u00f8be. Indtast blot dit postnummer p\u00e5 ordreoversigtssiden, s\u00e5 beregner den forsendelsesomkostningerne til dit postnummer.<\/p>\n\n\n\n<p><strong>Vi bruger en kombination af UPS og FedEx<\/strong>&nbsp;at levere alle pakker. Fragtfirmaet sender ikke til postbokse, men sender til alle private og erhvervsadresser.<\/p>\n\n\n\n<p><strong>Lovligt alderskrav<\/strong>\u00a0Enhver forsendelse af alkohol skal underskrives af en voksen, der er <strong>81 \u00e5r eller \u00e6ldre.<\/strong>\u00a0Ingen undtagelser. Alkoholforsendelser sendes med en\u00a0<strong>\"Voksen underskrift p\u00e5kr\u00e6vet\"<\/strong>\u00a0bestemmelse, og den almindelige transport\u00f8r, der anvendes til levering, skal anmode om og verificere ID, f\u00f8r varerne leveres.<\/p>\n\n\n\n<p><strong>Voksensignatur p\u00e5kr\u00e6vet<\/strong>\u00a0Ved levering skal alle k\u00f8b foretages af personer p\u00e5 18 \u00e5r eller derover. Fragtfirmaet kr\u00e6ver bevis for alder, og der kr\u00e6ves en underskrift for alle leverancer. Kun personer p\u00e5 18 \u00e5r og derover kan acceptere levering.<\/p>\n\n\n\n<p><a href=\"https:\/\/www.fedex.com\/en-cm\/home.html\" target=\"_blank\" rel=\"noopener\" title=\"\">FedEx<\/a><strong><strong> <\/strong><\/strong>og <strong>UPS<\/strong> Leverer ikke til berusede personer. Drik venligst ansvarligt. Hvis ingen over 18 \u00e5r er til stede til at kvittere for pakken, vil den ikke blive efterladt. Derfor anbefaler vi, at du sender til en arbejds- eller forretningsadresse. Vi kan ikke sende til postboksadresser, postboksadresser eller postboksadresser.<\/p>\n\n\n\n<h4 class=\"wp-block-heading\">Sender I til mit land eller min stat?<\/h4>\n\n\n\n<p>Vi sender til Europa, Asien, Canada og USA, hvis lovgivningen tillader forsendelse af alkoholprodukter til din stat eller amt.<\/p>\n\n\n\n<h4 class=\"wp-block-heading\">Kan min leveringsadresse v\u00e6re forskellig fra min faktureringsadresse, n\u00e5r jeg bestiller?<\/h4>\n\n\n\n<p>Ja, du kan afgive en ordre og f\u00e5 den sendt til en anden adresse end din faktureringsadresse.<\/p>\n\n\n\n<h4 class=\"wp-block-heading\">When will my order be shipped?<\/h4>\n\n\n\n<p>N\u00e5r vi har bekr\u00e6ftet betalingen, begynder vi at behandle din ordre, hvilket tager maksimalt 12 timer, f\u00f8r din ordre er klar til afsendelse. Vi sender den n\u00e6ste hverdag og har en 14-dages returret p\u00e5 varer, der er k\u00f8bt ved en fejl. De skal v\u00e6re fabriksforseglede og i original stand. K\u00f8beren af \u200b\u200balle alkoholholdige drikkevarer erkl\u00e6rer, at han\/hun handler i overensstemmelse med lokale og nationale love vedr\u00f8rende k\u00f8bet.<\/p>\n\n\n\n<h4 class=\"wp-block-heading\">Forsendelsesvarighed.<\/h4>\n\n\n\n<p>Vi bruger 3 til 4 hverdage til forsendelse i USA (USA), 3 til 4 dage\u00a0<strong>Canada,\u00a0<\/strong>3 til 5 tommer\u00a0<strong>Asia<\/strong>, 2 til 3 i Europa og 3 til 7 dage til\u00a0<strong>skib til Australien<\/strong>, afh\u00e6ngigt af kundens placering.<\/p>","protected":false},"excerpt":{"rendered":"<p>To find out your shipping cost before purchasing, please use our shipping calculator at check out. Pick the items you would like to purchase. Just enter your zip code on the order summary page and it will calculate shipping charges to your zip code. We use a combination of UPS and FedEx&nbsp;to deliver all packages. [&hellip;]<\/p>\n","protected":false},"author":1,"featured_media":0,"parent":0,"menu_order":0,"comment_status":"closed","ping_status":"closed","template":"","meta":{"site-sidebar-layout":"default","site-content-layout":"","ast-site-content-layout":"default","site-content-style":"default","site-sidebar-style":"default","ast-global-header-display":"","ast-banner-title-visibility":"","ast-main-header-display":"","ast-hfb-above-header-display":"","ast-hfb-below-header-display":"","ast-hfb-mobile-header-display":"","site-post-title":"","ast-breadcrumbs-content":"","ast-featured-img":"","footer-sml-layout":"","ast-disable-related-posts":"","theme-transparent-header-meta":"","adv-header-id-meta":"","stick-header-meta":"","header-above-stick-meta":"","header-main-stick-meta":"","header-below-stick-meta":"","astra-migrate-meta-layouts":"default","ast-page-background-enabled":"default","ast-page-background-meta":{"desktop":{"background-color":"","background-image":"","background-repeat":"repeat","background-position":"center center","background-size":"auto","background-attachment":"scroll","background-type":"","background-media":"","overlay-type":"","overlay-color":"","overlay-opacity":"","overlay-gradient":""},"tablet":{"background-color":"","background-image":"","background-repeat":"repeat","background-position":"center center","background-size":"auto","background-attachment":"scroll","background-type":"","background-media":"","overlay-type":"","overlay-color":"","overlay-opacity":"","overlay-gradient":""},"mobile":{"background-color":"","background-image":"","background-repeat":"repeat","background-position":"center center","background-size":"auto","background-attachment":"scroll","background-type":"","background-media":"","overlay-type":"","overlay-color":"","overlay-opacity":"","overlay-gradient":""}},"ast-content-background-meta":{"desktop":{"background-color":"var(--ast-global-color-5)","background-image":"","background-repeat":"repeat","background-position":"center center","background-size":"auto","background-attachment":"scroll","background-type":"","background-media":"","overlay-type":"","overlay-color":"","overlay-opacity":"","overlay-gradient":""},"tablet":{"background-color":"var(--ast-global-color-5)","background-image":"","background-repeat":"repeat","background-position":"center center","background-size":"auto","background-attachment":"scroll","background-type":"","background-media":"","overlay-type":"","overlay-color":"","overlay-opacity":"","overlay-gradient":""},"mobile":{"background-color":"var(--ast-global-color-5)","background-image":"","background-repeat":"repeat","background-position":"center center","background-size":"auto","background-attachment":"scroll","background-type":"","background-media":"","overlay-type":"","overlay-color":"","overlay-opacity":"","overlay-gradient":""}},"footnotes":""},"class_list":["post-1968","page","type-page","status-publish","hentry"],"yoast_head":"<!-- This site is optimized with the Yoast SEO Premium plugin v24.7 (Yoast SEO v27.3) - https:\/\/yoast.com\/product\/yoast-seo-premium-wordpress\/ -->\n<title>Shipping Information | Comprehensive Liquor<\/title>\n<meta name=\"description\" content=\"To find out your shipping cost before purchasing, please use our shipping calculator at check out. Pick the items you would like to purchase. Just enter\" \/>\n<meta name=\"robots\" content=\"index, follow, max-snippet:-1, max-image-preview:large, max-video-preview:-1\" \/>\n<link rel=\"canonical\" href=\"https:\/\/comprehensiveliquor.com\/da\/forsendelsesoplysninger\/\" \/>\n<meta property=\"og:locale\" content=\"da_DK\" \/>\n<meta property=\"og:type\" content=\"article\" \/>\n<meta property=\"og:title\" content=\"Shipping Information\" \/>\n<meta property=\"og:description\" content=\"To find out your shipping cost before purchasing, please use our shipping calculator at check out. Pick the items you would like to purchase. Just enter\" \/>\n<meta property=\"og:url\" content=\"https:\/\/comprehensiveliquor.com\/da\/forsendelsesoplysninger\/\" \/>\n<meta property=\"og:site_name\" content=\"Comprehensive Liquor\" \/>\n<meta property=\"article:modified_time\" content=\"2022-10-23T11:59:30+00:00\" \/>\n<meta name=\"twitter:card\" content=\"summary_large_image\" \/>\n<meta name=\"twitter:label1\" content=\"Estimeret l\u00e6setid\" \/>\n\t<meta name=\"twitter:data1\" content=\"2 minutter\" \/>\n<script type=\"application\/ld+json\" class=\"yoast-schema-graph\">{\"@context\":\"https:\\\/\\\/schema.org\",\"@graph\":[{\"@type\":\"WebPage\",\"@id\":\"https:\\\/\\\/comprehensiveliquor.com\\\/shipping-information\\\/\",\"url\":\"https:\\\/\\\/comprehensiveliquor.com\\\/shipping-information\\\/\",\"name\":\"Shipping Information | Comprehensive Liquor\",\"isPartOf\":{\"@id\":\"https:\\\/\\\/comprehensiveliquor.com\\\/#website\"},\"datePublished\":\"2022-10-14T21:20:28+00:00\",\"dateModified\":\"2022-10-23T11:59:30+00:00\",\"description\":\"To find out your shipping cost before purchasing, please use our shipping calculator at check out. Pick the items you would like to purchase. Just enter\",\"breadcrumb\":{\"@id\":\"https:\\\/\\\/comprehensiveliquor.com\\\/shipping-information\\\/#breadcrumb\"},\"inLanguage\":\"da-DK\",\"potentialAction\":[{\"@type\":\"ReadAction\",\"target\":[\"https:\\\/\\\/comprehensiveliquor.com\\\/shipping-information\\\/\"]}]},{\"@type\":\"BreadcrumbList\",\"@id\":\"https:\\\/\\\/comprehensiveliquor.com\\\/shipping-information\\\/#breadcrumb\",\"itemListElement\":[{\"@type\":\"ListItem\",\"position\":1,\"name\":\"Home\",\"item\":\"https:\\\/\\\/comprehensiveliquor.com\\\/\"},{\"@type\":\"ListItem\",\"position\":2,\"name\":\"Shipping Information\"}]},{\"@type\":\"WebSite\",\"@id\":\"https:\\\/\\\/comprehensiveliquor.com\\\/#website\",\"url\":\"https:\\\/\\\/comprehensiveliquor.com\\\/\",\"name\":\"Comprehensive Liquor\",\"description\":\"Best Liquor Store\",\"publisher\":{\"@id\":\"https:\\\/\\\/comprehensiveliquor.com\\\/#organization\"},\"alternateName\":\"Comprehensive Liquor Store\",\"potentialAction\":[{\"@type\":\"SearchAction\",\"target\":{\"@type\":\"EntryPoint\",\"urlTemplate\":\"https:\\\/\\\/comprehensiveliquor.com\\\/?s={search_term_string}\"},\"query-input\":{\"@type\":\"PropertyValueSpecification\",\"valueRequired\":true,\"valueName\":\"search_term_string\"}}],\"inLanguage\":\"da-DK\"},{\"@type\":\"Organization\",\"@id\":\"https:\\\/\\\/comprehensiveliquor.com\\\/#organization\",\"name\":\"Comprehensive Liquor\",\"alternateName\":\"Comprehensive Liquor Store\",\"url\":\"https:\\\/\\\/comprehensiveliquor.com\\\/\",\"logo\":{\"@type\":\"ImageObject\",\"inLanguage\":\"da-DK\",\"@id\":\"https:\\\/\\\/comprehensiveliquor.com\\\/#\\\/schema\\\/logo\\\/image\\\/\",\"url\":\"https:\\\/\\\/comprehensiveliquor.com\\\/wp-content\\\/uploads\\\/2024\\\/03\\\/cropped-image_2024-03-26_131408877.png\",\"contentUrl\":\"https:\\\/\\\/comprehensiveliquor.com\\\/wp-content\\\/uploads\\\/2024\\\/03\\\/cropped-image_2024-03-26_131408877.png\",\"width\":378,\"height\":263,\"caption\":\"Comprehensive Liquor\"},\"image\":{\"@id\":\"https:\\\/\\\/comprehensiveliquor.com\\\/#\\\/schema\\\/logo\\\/image\\\/\"}}]}<\/script>\n<!-- \/ Yoast SEO Premium plugin. -->","yoast_head_json":{"title":"Shipping Information | Comprehensive Liquor","description":"For at finde ud af dine fragtomkostninger inden k\u00f8b, bedes du bruge vores fragtberegner ved kassen. V\u00e6lg de varer, du gerne vil k\u00f8be. Indtast blot","robots":{"index":"index","follow":"follow","max-snippet":"max-snippet:-1","max-image-preview":"max-image-preview:large","max-video-preview":"max-video-preview:-1"},"canonical":"https:\/\/comprehensiveliquor.com\/da\/forsendelsesoplysninger\/","og_locale":"da_DK","og_type":"article","og_title":"Shipping Information","og_description":"To find out your shipping cost before purchasing, please use our shipping calculator at check out. Pick the items you would like to purchase. Just enter","og_url":"https:\/\/comprehensiveliquor.com\/da\/forsendelsesoplysninger\/","og_site_name":"Comprehensive Liquor","article_modified_time":"2022-10-23T11:59:30+00:00","twitter_card":"summary_large_image","twitter_misc":{"Estimeret l\u00e6setid":"2 minutter"},"schema":{"@context":"https:\/\/schema.org","@graph":[{"@type":"WebPage","@id":"https:\/\/comprehensiveliquor.com\/shipping-information\/","url":"https:\/\/comprehensiveliquor.com\/shipping-information\/","name":"Shipping Information | Comprehensive Liquor","isPartOf":{"@id":"https:\/\/comprehensiveliquor.com\/#website"},"datePublished":"2022-10-14T21:20:28+00:00","dateModified":"2022-10-23T11:59:30+00:00","description":"For at finde ud af dine fragtomkostninger inden k\u00f8b, bedes du bruge vores fragtberegner ved kassen. V\u00e6lg de varer, du gerne vil k\u00f8be. Indtast blot","breadcrumb":{"@id":"https:\/\/comprehensiveliquor.com\/shipping-information\/#breadcrumb"},"inLanguage":"da-DK","potentialAction":[{"@type":"ReadAction","target":["https:\/\/comprehensiveliquor.com\/shipping-information\/"]}]},{"@type":"BreadcrumbList","@id":"https:\/\/comprehensiveliquor.com\/shipping-information\/#breadcrumb","itemListElement":[{"@type":"ListItem","position":1,"name":"Home","item":"https:\/\/comprehensiveliquor.com\/"},{"@type":"ListItem","position":2,"name":"Shipping Information"}]},{"@type":"WebSite","@id":"https:\/\/comprehensiveliquor.com\/#website","url":"https:\/\/comprehensiveliquor.com\/","name":"Omfattende spiritus","description":"Best Liquor Store","publisher":{"@id":"https:\/\/comprehensiveliquor.com\/#organization"},"alternateName":"Comprehensive Liquor Store","potentialAction":[{"@type":"SearchAction","target":{"@type":"EntryPoint","urlTemplate":"https:\/\/comprehensiveliquor.com\/?s={search_term_string}"},"query-input":{"@type":"PropertyValueSpecification","valueRequired":true,"valueName":"search_term_string"}}],"inLanguage":"da-DK"},{"@type":"Organization","@id":"https:\/\/comprehensiveliquor.com\/#organization","name":"Omfattende spiritus","alternateName":"Comprehensive Liquor Store","url":"https:\/\/comprehensiveliquor.com\/","logo":{"@type":"ImageObject","inLanguage":"da-DK","@id":"https:\/\/comprehensiveliquor.com\/#\/schema\/logo\/image\/","url":"https:\/\/comprehensiveliquor.com\/wp-content\/uploads\/2024\/03\/cropped-image_2024-03-26_131408877.png","contentUrl":"https:\/\/comprehensiveliquor.com\/wp-content\/uploads\/2024\/03\/cropped-image_2024-03-26_131408877.png","width":378,"height":263,"caption":"Comprehensive Liquor"},"image":{"@id":"https:\/\/comprehensiveliquor.com\/#\/schema\/logo\/image\/"}}]}},"_links":{"self":[{"href":"https:\/\/comprehensiveliquor.com\/da\/wp-json\/wp\/v2\/pages\/1968","targetHints":{"allow":["GET"]}}],"collection":[{"href":"https:\/\/comprehensiveliquor.com\/da\/wp-json\/wp\/v2\/pages"}],"about":[{"href":"https:\/\/comprehensiveliquor.com\/da\/wp-json\/wp\/v2\/types\/page"}],"author":[{"embeddable":true,"href":"https:\/\/comprehensiveliquor.com\/da\/wp-json\/wp\/v2\/users\/1"}],"replies":[{"embeddable":true,"href":"https:\/\/comprehensiveliquor.com\/da\/wp-json\/wp\/v2\/comments?post=1968"}],"version-history":[{"count":0,"href":"https:\/\/comprehensiveliquor.com\/da\/wp-json\/wp\/v2\/pages\/1968\/revisions"}],"wp:attachment":[{"href":"https:\/\/comprehensiveliquor.com\/da\/wp-json\/wp\/v2\/media?parent=1968"}],"curies":[{"name":"wp","href":"https:\/\/api.w.org\/{rel}","templated":true}]}}