{"id":3016,"date":"2022-10-31T18:32:57","date_gmt":"2022-10-31T18:32:57","guid":{"rendered":"https:\/\/comprehensiveliquor.com\/?post_type=product&#038;p=3016"},"modified":"2025-11-14T09:45:38","modified_gmt":"2025-11-14T09:45:38","slug":"macallan-edition-no-2-750ml","status":"publish","type":"product","link":"https:\/\/comprehensiveliquor.com\/da\/product\/macallan-edition-no-2-750ml\/","title":{"rendered":"Macallan Edition nr. 2 skotsk whisky 70 cl"},"content":{"rendered":"<div id=\"tab-description\" class=\"tab-content is-active\" style=\"color: #252525;\">\n<div class=\"container\" style=\"color: #252525;\">\n<div id=\"ih__desc-10818\" class=\"productView-description-tabContent is-open\" style=\"color: #252525;\" data-event-type=\"product\" data-analytics-sent=\"{&quot;product_id&quot;:&quot;10818&quot;,&quot;name&quot;:&quot;Macallan Edition No. 2 750ML&quot;,&quot;category&quot;:&quot;Spirits\/Whisky\/Scotch Whisky\/Single Malt Whisky\/Highland&quot;,&quot;brand&quot;:&quot;Macallan&quot;,&quot;price&quot;:&quot;174.99&quot;,&quot;sku&quot;:null,&quot;variant&quot;:&quot;single-product-option&quot;,&quot;properties&quot;:{&quot;channel&quot;:{&quot;id&quot;:1,&quot;name&quot;:&quot;default&quot;,&quot;type&quot;:&quot;default&quot;}},&quot;currency&quot;:&quot;USD&quot;}\">\n<h2 style=\"color: #252525;\"><strong style=\"color: #252525;\">Macallan Limited Edition nr. 2 udgivelse<\/strong><\/h2>\n<p>Et kreativt samarbejde mellem Bob Dalgarno, deres mesterwhiskymager, og de tre br\u00f8dre, medstiftere af El Celler de Can Roca, der to gange er blevet k\u00e5ret som verdens bedste restaurant, forener Edition No. 2 disse fire mestre i \u00e9n \u00e5nd. Den karakteristiske og dynamiske karakter ved Edition No. 2 er ikke kun formet af brugen af \u200b\u200bsyv exceptionelle egetr\u00e6sfadetyper fra fire forskellige bodegaer, men ogs\u00e5 af den kreative \u00e5nd hos hver af de fire samarbejdspartnere, der kombinerede smagsoplevelser for at afspejle hinandens karakteristiske personligheder i den resulterende whisky.<\/p>\n<p>&nbsp;<\/p>\n<\/div>\n<\/div>\n<\/div>\n<div id=\"tab-addition\" class=\"tab-content\" style=\"color: #252525;\">\n<div class=\"container\" style=\"color: #252525;\">\n<h2 class=\"beautify__page-heading _hasToggle\" style=\"color: #252525;\">Attributter<\/h2>\n<div id=\"ih__addition-10818\" class=\"productView-addition-tabContent is-open\" style=\"color: #252525;\">\n<table class=\"productView-addition-table table\" style=\"color: #252525;\">\n<tbody class=\"table-tbody\" style=\"color: #252525;\">\n<tr class=\"productView-info-row--cfProductOf\" style=\"color: #252525;\">\n<td style=\"color: #252525;\">\n<div class=\"productView-info-name productView-info-name--cfProductOf\" style=\"color: #252525;\"><strong>product of<\/strong>:<\/div>\n<\/td>\n<td style=\"color: #252525;\">\n<div class=\"productView-info-value productView-info-value--cfProductOf\" style=\"color: #252525;\">Scotland<\/div>\n<\/td>\n<\/tr>\n<tr class=\"productView-info-row--cfVarietalType\" style=\"color: #252525;\">\n<td style=\"color: #252525;\">\n<div class=\"productView-info-name productView-info-name--cfVarietalType\" style=\"color: #252525;\"><strong>Sort\/Type<\/strong>:<\/div>\n<\/td>\n<td style=\"color: #252525;\">\n<div class=\"productView-info-value productView-info-value--cfVarietalType\" style=\"color: #252525;\"><a href=\"https:\/\/comprehensiveliquor.com\/da\/product-category\/single-malt-whisky\/\">Single Malt Scotch.<\/a><\/div>\n<\/td>\n<\/tr>\n<tr class=\"productView-info-row--cfSize\" style=\"color: #252525;\">\n<td style=\"color: #252525;\">\n<div class=\"productView-info-name productView-info-name--cfSize\" style=\"color: #252525;\"><strong>Size<\/strong>:<\/div>\n<\/td>\n<td style=\"color: #252525;\">\n<div class=\"productView-info-value productView-info-value--cfSize\" style=\"color: #252525;\">750ML<\/div>\n<\/td>\n<\/tr>\n<\/tbody>\n<\/table>\n<\/div>\n<\/div>\n<\/div>","protected":false},"excerpt":{"rendered":"<p>Macallan Limited Edition No. 2 Release A creative collaboration between Bob Dalgarno, their master whisky maker, and the three brothers, co-founders of El Celler de Can Roca, twice named the best restaurant in the world, Edition No. 2 unites these four masters in one spirit. The distinctive and dynamic character of Edition No. 2 has [&hellip;]<\/p>\n","protected":false},"featured_media":3017,"comment_status":"open","ping_status":"closed","template":"","meta":{"site-sidebar-layout":"default","site-content-layout":"default","ast-site-content-layout":"default","site-content-style":"default","site-sidebar-style":"default","ast-global-header-display":"","ast-banner-title-visibility":"","ast-main-header-display":"","ast-hfb-above-header-display":"","ast-hfb-below-header-display":"","ast-hfb-mobile-header-display":"","site-post-title":"","ast-breadcrumbs-content":"","ast-featured-img":"","footer-sml-layout":"","ast-disable-related-posts":"","theme-transparent-header-meta":"default","adv-header-id-meta":"","stick-header-meta":"","header-above-stick-meta":"","header-main-stick-meta":"","header-below-stick-meta":"","astra-migrate-meta-layouts":"set","ast-page-background-enabled":"default","ast-page-background-meta":{"desktop":{"background-color":"","background-image":"","background-repeat":"repeat","background-position":"center center","background-size":"auto","background-attachment":"scroll","background-type":"","background-media":"","overlay-type":"","overlay-color":"","overlay-opacity":"","overlay-gradient":""},"tablet":{"background-color":"","background-image":"","background-repeat":"repeat","background-position":"center center","background-size":"auto","background-attachment":"scroll","background-type":"","background-media":"","overlay-type":"","overlay-color":"","overlay-opacity":"","overlay-gradient":""},"mobile":{"background-color":"","background-image":"","background-repeat":"repeat","background-position":"center center","background-size":"auto","background-attachment":"scroll","background-type":"","background-media":"","overlay-type":"","overlay-color":"","overlay-opacity":"","overlay-gradient":""}},"ast-content-background-meta":{"desktop":{"background-color":"var(--ast-global-color-5)","background-image":"","background-repeat":"repeat","background-position":"center center","background-size":"auto","background-attachment":"scroll","background-type":"","background-media":"","overlay-type":"","overlay-color":"","overlay-opacity":"","overlay-gradient":""},"tablet":{"background-color":"var(--ast-global-color-5)","background-image":"","background-repeat":"repeat","background-position":"center center","background-size":"auto","background-attachment":"scroll","background-type":"","background-media":"","overlay-type":"","overlay-color":"","overlay-opacity":"","overlay-gradient":""},"mobile":{"background-color":"var(--ast-global-color-5)","background-image":"","background-repeat":"repeat","background-position":"center center","background-size":"auto","background-attachment":"scroll","background-type":"","background-media":"","overlay-type":"","overlay-color":"","overlay-opacity":"","overlay-gradient":""}}},"product_brand":[],"product_cat":[79,39,32,46,27],"product_tag":[],"class_list":{"0":"post-3016","1":"product","2":"type-product","3":"status-publish","4":"has-post-thumbnail","6":"product_cat-macallan","7":"product_cat-scotch-whisky","8":"product_cat-single-malt-whisky","9":"product_cat-whisky","10":"product_cat-world-whisky","11":"desktop-align-center","12":"tablet-align-left","13":"mobile-align-left","15":"first","16":"instock","17":"shipping-taxable","18":"purchasable","19":"product-type-simple"},"yoast_head":"<!-- This site is optimized with the Yoast SEO Premium plugin v24.7 (Yoast SEO v27.3) - https:\/\/yoast.com\/product\/yoast-seo-premium-wordpress\/ -->\n<title>Macallan Edition No. 2 Scotch Whisky 70cl | Buy Online<\/title>\n<meta name=\"description\" content=\"Shop Macallan Edition No. 2 70cl\u2014limited Scotch whisky for collectors. Premium flavor, rare release, fast delivery. Buy this exclusive bottle today.\" \/>\n<meta name=\"robots\" content=\"index, follow, max-snippet:-1, max-image-preview:large, max-video-preview:-1\" \/>\n<link rel=\"canonical\" href=\"https:\/\/comprehensiveliquor.com\/da\/product\/macallan-edition-no-2-750ml\/\" \/>\n<meta property=\"og:locale\" content=\"da_DK\" \/>\n<meta property=\"og:type\" content=\"article\" \/>\n<meta property=\"og:title\" content=\"The Macallan Edition No. 2 Scotch Whisky 70cl\" \/>\n<meta property=\"og:description\" content=\"Shop Macallan Edition No. 2 70cl\u2014limited Scotch whisky for collectors. Premium flavor, rare release, fast delivery. Buy this exclusive bottle today.\" \/>\n<meta property=\"og:url\" content=\"https:\/\/comprehensiveliquor.com\/da\/product\/macallan-edition-no-2-750ml\/\" \/>\n<meta property=\"og:site_name\" content=\"Comprehensive Liquor\" \/>\n<meta property=\"article:modified_time\" content=\"2025-11-14T09:45:38+00:00\" \/>\n<meta property=\"og:image\" content=\"https:\/\/comprehensiveliquor.com\/wp-content\/uploads\/2022\/10\/image_2022-10-31_193038559.png\" \/>\n\t<meta property=\"og:image:width\" content=\"640\" \/>\n\t<meta property=\"og:image:height\" content=\"960\" \/>\n\t<meta property=\"og:image:type\" content=\"image\/png\" \/>\n<meta name=\"twitter:card\" content=\"summary_large_image\" \/>\n<meta name=\"twitter:label1\" content=\"Estimeret l\u00e6setid\" \/>\n\t<meta name=\"twitter:data1\" content=\"1 minut\" \/>\n<script type=\"application\/ld+json\" class=\"yoast-schema-graph\">{\"@context\":\"https:\\\/\\\/schema.org\",\"@graph\":[{\"@type\":\"WebPage\",\"@id\":\"https:\\\/\\\/comprehensiveliquor.com\\\/product\\\/macallan-edition-no-2-750ml\\\/\",\"url\":\"https:\\\/\\\/comprehensiveliquor.com\\\/product\\\/macallan-edition-no-2-750ml\\\/\",\"name\":\"Macallan Edition No. 2 Scotch Whisky 70cl | Buy Online\",\"isPartOf\":{\"@id\":\"https:\\\/\\\/comprehensiveliquor.com\\\/#website\"},\"primaryImageOfPage\":{\"@id\":\"https:\\\/\\\/comprehensiveliquor.com\\\/product\\\/macallan-edition-no-2-750ml\\\/#primaryimage\"},\"image\":{\"@id\":\"https:\\\/\\\/comprehensiveliquor.com\\\/product\\\/macallan-edition-no-2-750ml\\\/#primaryimage\"},\"thumbnailUrl\":\"https:\\\/\\\/comprehensiveliquor.com\\\/wp-content\\\/uploads\\\/2022\\\/10\\\/image_2022-10-31_193038559.png\",\"datePublished\":\"2022-10-31T18:32:57+00:00\",\"dateModified\":\"2025-11-14T09:45:38+00:00\",\"description\":\"Shop Macallan Edition No. 2 70cl\u2014limited Scotch whisky for collectors. Premium flavor, rare release, fast delivery. Buy this exclusive bottle today.\",\"breadcrumb\":{\"@id\":\"https:\\\/\\\/comprehensiveliquor.com\\\/product\\\/macallan-edition-no-2-750ml\\\/#breadcrumb\"},\"inLanguage\":\"da-DK\",\"potentialAction\":[{\"@type\":\"ReadAction\",\"target\":[\"https:\\\/\\\/comprehensiveliquor.com\\\/product\\\/macallan-edition-no-2-750ml\\\/\"]}]},{\"@type\":\"ImageObject\",\"inLanguage\":\"da-DK\",\"@id\":\"https:\\\/\\\/comprehensiveliquor.com\\\/product\\\/macallan-edition-no-2-750ml\\\/#primaryimage\",\"url\":\"https:\\\/\\\/comprehensiveliquor.com\\\/wp-content\\\/uploads\\\/2022\\\/10\\\/image_2022-10-31_193038559.png\",\"contentUrl\":\"https:\\\/\\\/comprehensiveliquor.com\\\/wp-content\\\/uploads\\\/2022\\\/10\\\/image_2022-10-31_193038559.png\",\"width\":640,\"height\":960,\"caption\":\"Macallan Edition No. 2 Scotch Whisky 70cl bottle\"},{\"@type\":\"BreadcrumbList\",\"@id\":\"https:\\\/\\\/comprehensiveliquor.com\\\/product\\\/macallan-edition-no-2-750ml\\\/#breadcrumb\",\"itemListElement\":[{\"@type\":\"ListItem\",\"position\":1,\"name\":\"Home\",\"item\":\"https:\\\/\\\/comprehensiveliquor.com\\\/\"},{\"@type\":\"ListItem\",\"position\":2,\"name\":\"Shop\",\"item\":\"https:\\\/\\\/comprehensiveliquor.com\\\/shop\\\/\"},{\"@type\":\"ListItem\",\"position\":3,\"name\":\"The Macallan Edition No. 2 Scotch Whisky 70cl\"}]},{\"@type\":\"WebSite\",\"@id\":\"https:\\\/\\\/comprehensiveliquor.com\\\/#website\",\"url\":\"https:\\\/\\\/comprehensiveliquor.com\\\/\",\"name\":\"Comprehensive Liquor\",\"description\":\"Best Liquor Store\",\"publisher\":{\"@id\":\"https:\\\/\\\/comprehensiveliquor.com\\\/#organization\"},\"alternateName\":\"Comprehensive Liquor Store\",\"potentialAction\":[{\"@type\":\"SearchAction\",\"target\":{\"@type\":\"EntryPoint\",\"urlTemplate\":\"https:\\\/\\\/comprehensiveliquor.com\\\/?s={search_term_string}\"},\"query-input\":{\"@type\":\"PropertyValueSpecification\",\"valueRequired\":true,\"valueName\":\"search_term_string\"}}],\"inLanguage\":\"da-DK\"},{\"@type\":\"Organization\",\"@id\":\"https:\\\/\\\/comprehensiveliquor.com\\\/#organization\",\"name\":\"Comprehensive Liquor\",\"alternateName\":\"Comprehensive Liquor Store\",\"url\":\"https:\\\/\\\/comprehensiveliquor.com\\\/\",\"logo\":{\"@type\":\"ImageObject\",\"inLanguage\":\"da-DK\",\"@id\":\"https:\\\/\\\/comprehensiveliquor.com\\\/#\\\/schema\\\/logo\\\/image\\\/\",\"url\":\"https:\\\/\\\/comprehensiveliquor.com\\\/wp-content\\\/uploads\\\/2024\\\/03\\\/cropped-image_2024-03-26_131408877.png\",\"contentUrl\":\"https:\\\/\\\/comprehensiveliquor.com\\\/wp-content\\\/uploads\\\/2024\\\/03\\\/cropped-image_2024-03-26_131408877.png\",\"width\":378,\"height\":263,\"caption\":\"Comprehensive Liquor\"},\"image\":{\"@id\":\"https:\\\/\\\/comprehensiveliquor.com\\\/#\\\/schema\\\/logo\\\/image\\\/\"}}]}<\/script>\n<!-- \/ Yoast SEO Premium plugin. -->","yoast_head_json":{"title":"Macallan Edition nr. 2 skotsk whisky 70 cl | K\u00f8b online","description":"K\u00f8b Macallan Edition No. 2 70cl \u2013 et begr\u00e6nset antal skotske whiskyer til samlere. Premium smag, sj\u00e6lden udgivelse, hurtig levering. K\u00f8b denne eksklusive flaske i dag.","robots":{"index":"index","follow":"follow","max-snippet":"max-snippet:-1","max-image-preview":"max-image-preview:large","max-video-preview":"max-video-preview:-1"},"canonical":"https:\/\/comprehensiveliquor.com\/da\/product\/macallan-edition-no-2-750ml\/","og_locale":"da_DK","og_type":"article","og_title":"The Macallan Edition No. 2 Scotch Whisky 70cl","og_description":"Shop Macallan Edition No. 2 70cl\u2014limited Scotch whisky for collectors. Premium flavor, rare release, fast delivery. Buy this exclusive bottle today.","og_url":"https:\/\/comprehensiveliquor.com\/da\/product\/macallan-edition-no-2-750ml\/","og_site_name":"Comprehensive Liquor","article_modified_time":"2025-11-14T09:45:38+00:00","og_image":[{"width":640,"height":960,"url":"https:\/\/comprehensiveliquor.com\/wp-content\/uploads\/2022\/10\/image_2022-10-31_193038559.png","type":"image\/png"}],"twitter_card":"summary_large_image","twitter_misc":{"Estimeret l\u00e6setid":"1 minut"},"schema":{"@context":"https:\/\/schema.org","@graph":[{"@type":"WebPage","@id":"https:\/\/comprehensiveliquor.com\/product\/macallan-edition-no-2-750ml\/","url":"https:\/\/comprehensiveliquor.com\/product\/macallan-edition-no-2-750ml\/","name":"Macallan Edition nr. 2 skotsk whisky 70 cl | K\u00f8b online","isPartOf":{"@id":"https:\/\/comprehensiveliquor.com\/#website"},"primaryImageOfPage":{"@id":"https:\/\/comprehensiveliquor.com\/product\/macallan-edition-no-2-750ml\/#primaryimage"},"image":{"@id":"https:\/\/comprehensiveliquor.com\/product\/macallan-edition-no-2-750ml\/#primaryimage"},"thumbnailUrl":"https:\/\/comprehensiveliquor.com\/wp-content\/uploads\/2022\/10\/image_2022-10-31_193038559.png","datePublished":"2022-10-31T18:32:57+00:00","dateModified":"2025-11-14T09:45:38+00:00","description":"K\u00f8b Macallan Edition No. 2 70cl \u2013 et begr\u00e6nset antal skotske whiskyer til samlere. Premium smag, sj\u00e6lden udgivelse, hurtig levering. K\u00f8b denne eksklusive flaske i dag.","breadcrumb":{"@id":"https:\/\/comprehensiveliquor.com\/product\/macallan-edition-no-2-750ml\/#breadcrumb"},"inLanguage":"da-DK","potentialAction":[{"@type":"ReadAction","target":["https:\/\/comprehensiveliquor.com\/product\/macallan-edition-no-2-750ml\/"]}]},{"@type":"ImageObject","inLanguage":"da-DK","@id":"https:\/\/comprehensiveliquor.com\/product\/macallan-edition-no-2-750ml\/#primaryimage","url":"https:\/\/comprehensiveliquor.com\/wp-content\/uploads\/2022\/10\/image_2022-10-31_193038559.png","contentUrl":"https:\/\/comprehensiveliquor.com\/wp-content\/uploads\/2022\/10\/image_2022-10-31_193038559.png","width":640,"height":960,"caption":"Macallan Edition No. 2 Scotch Whisky 70cl bottle"},{"@type":"BreadcrumbList","@id":"https:\/\/comprehensiveliquor.com\/product\/macallan-edition-no-2-750ml\/#breadcrumb","itemListElement":[{"@type":"ListItem","position":1,"name":"Home","item":"https:\/\/comprehensiveliquor.com\/"},{"@type":"ListItem","position":2,"name":"Shop","item":"https:\/\/comprehensiveliquor.com\/shop\/"},{"@type":"ListItem","position":3,"name":"The Macallan Edition No. 2 Scotch Whisky 70cl"}]},{"@type":"WebSite","@id":"https:\/\/comprehensiveliquor.com\/#website","url":"https:\/\/comprehensiveliquor.com\/","name":"Omfattende spiritus","description":"Best Liquor Store","publisher":{"@id":"https:\/\/comprehensiveliquor.com\/#organization"},"alternateName":"Comprehensive Liquor Store","potentialAction":[{"@type":"SearchAction","target":{"@type":"EntryPoint","urlTemplate":"https:\/\/comprehensiveliquor.com\/?s={search_term_string}"},"query-input":{"@type":"PropertyValueSpecification","valueRequired":true,"valueName":"search_term_string"}}],"inLanguage":"da-DK"},{"@type":"Organization","@id":"https:\/\/comprehensiveliquor.com\/#organization","name":"Omfattende spiritus","alternateName":"Comprehensive Liquor Store","url":"https:\/\/comprehensiveliquor.com\/","logo":{"@type":"ImageObject","inLanguage":"da-DK","@id":"https:\/\/comprehensiveliquor.com\/#\/schema\/logo\/image\/","url":"https:\/\/comprehensiveliquor.com\/wp-content\/uploads\/2024\/03\/cropped-image_2024-03-26_131408877.png","contentUrl":"https:\/\/comprehensiveliquor.com\/wp-content\/uploads\/2024\/03\/cropped-image_2024-03-26_131408877.png","width":378,"height":263,"caption":"Comprehensive Liquor"},"image":{"@id":"https:\/\/comprehensiveliquor.com\/#\/schema\/logo\/image\/"}}]}},"_links":{"self":[{"href":"https:\/\/comprehensiveliquor.com\/da\/wp-json\/wp\/v2\/product\/3016","targetHints":{"allow":["GET"]}}],"collection":[{"href":"https:\/\/comprehensiveliquor.com\/da\/wp-json\/wp\/v2\/product"}],"about":[{"href":"https:\/\/comprehensiveliquor.com\/da\/wp-json\/wp\/v2\/types\/product"}],"replies":[{"embeddable":true,"href":"https:\/\/comprehensiveliquor.com\/da\/wp-json\/wp\/v2\/comments?post=3016"}],"wp:featuredmedia":[{"embeddable":true,"href":"https:\/\/comprehensiveliquor.com\/da\/wp-json\/wp\/v2\/media\/3017"}],"wp:attachment":[{"href":"https:\/\/comprehensiveliquor.com\/da\/wp-json\/wp\/v2\/media?parent=3016"}],"wp:term":[{"taxonomy":"product_brand","embeddable":true,"href":"https:\/\/comprehensiveliquor.com\/da\/wp-json\/wp\/v2\/product_brand?post=3016"},{"taxonomy":"product_cat","embeddable":true,"href":"https:\/\/comprehensiveliquor.com\/da\/wp-json\/wp\/v2\/product_cat?post=3016"},{"taxonomy":"product_tag","embeddable":true,"href":"https:\/\/comprehensiveliquor.com\/da\/wp-json\/wp\/v2\/product_tag?post=3016"}],"curies":[{"name":"wp","href":"https:\/\/api.w.org\/{rel}","templated":true}]}}