{"id":3026,"date":"2022-11-04T21:55:32","date_gmt":"2022-11-04T21:55:32","guid":{"rendered":"https:\/\/comprehensiveliquor.com\/?post_type=product&#038;p=3026"},"modified":"2025-11-14T11:38:55","modified_gmt":"2025-11-14T11:38:55","slug":"yamazaki-mizunara-18-ar-ld-2017-70cl","status":"publish","type":"product","link":"https:\/\/comprehensiveliquor.com\/da\/product\/yamazaki-mizunara-18-ar-ld-2017-70cl\/","title":{"rendered":"Yamazaki Mizunara 2017 edition 18 Year Old 70cl"},"content":{"rendered":"<h2 class=\"page-title\" style=\"color: #252525;\">Mizunara\u00a0Yamazaki 18 Years Old 2017 Release<\/h2>\n<p>Yamazaki 18 mizunara 2017, The delectable limited edition expression was released in 2017. Decadent and fruity, this Mizunara-aged 18-year-old is a must-try Japanese whisky. Just 1,500 bottles were filled at 48% ABV for Yamazaki Mizunara 2017. Expect refined and sumptuous aromas of baking spices on the nose. The palate of Yamazaki 18 mizunara reveals coconut flakes, banana chips, and candied orange peel before leading to a crisp finish with cinnamon and aromatic oak.<\/p>\n<p>This is an incredibly rare and sought-after release from pioneering Japanese distiller Yamazaki. Created by master blender Shinji Fukuyo using Yamazaki\u2019s decades of experience with mizunara (Japanese oak) and whiskies from 18 to 50 years of age, this very limited release showcases the wood\u2019s unique effect on maturing spirits. Layers of exotic spices and incense notes mingle with fruit\u2014a masterclass in Japanese whisky.<\/p>\n<p><a title=\"Yamazaki mizunara 2017\" href=\"https:\/\/comprehensiveliquor.com\/da\/product\/yamazaki-mizunara-18-ar-ld-2017-70cl\/\" target=\"_blank\" rel=\"noopener\">Yamazaki mizunara 2017 edition price<\/a><\/p>\n<p>&nbsp;<\/p>\n<h5>Attributter<\/h5>\n<table>\n<tbody>\n<tr>\n<td><strong>Distillery<\/strong><\/td>\n<td><a title=\"Suntory Yamazaki\" href=\"https:\/\/www.suntory.com\/factory\/yamazaki\/\" target=\"_blank\" rel=\"noopener\">Suntory Yamazaki<\/a><\/td>\n<\/tr>\n<tr>\n<td><strong>Bottler<\/strong><\/td>\n<td>Distillery Bottling<\/td>\n<\/tr>\n<tr>\n<td><strong>Varietal<\/strong><\/td>\n<td>\n<table class=\"tag_detail_table\">\n<tbody>\n<tr>\n<td class=\"td_tag_name\"><a href=\"https:\/\/comprehensiveliquor.com\/da\/product-category\/single-malt-whisky\/\">Single Malt<\/a><\/td>\n<\/tr>\n<\/tbody>\n<\/table>\n<\/td>\n<\/tr>\n<tr>\n<td><strong>ABV \/ Strength<\/strong><\/td>\n<td>\n<table class=\"tag_detail_table\" style=\"height: 34px;\" width=\"187\">\n<tbody>\n<tr>\n<td class=\"td_tag_name\">48%<\/td>\n<\/tr>\n<\/tbody>\n<\/table>\n<\/td>\n<\/tr>\n<tr>\n<td><strong>Country<\/strong><\/td>\n<td>\n<table class=\"tag_detail_table\">\n<tbody>\n<tr>\n<td class=\"td_tag_name\"><a title=\"Japan whiskey\" href=\"https:\/\/comprehensiveliquor.com\/da\/product-category\/japanese-whisky\/\" target=\"_blank\" rel=\"noopener\">Japan<\/a><\/td>\n<\/tr>\n<\/tbody>\n<\/table>\n<\/td>\n<\/tr>\n<tr>\n<td><strong>Status<\/strong><\/td>\n<td><a href=\"https:\/\/comprehensiveliquor.com\/da\/product-category\/limited-edition\/\">Limited<\/a><\/td>\n<\/tr>\n<tr>\n<td><strong>Size<\/strong><\/td>\n<td>\n<table class=\"tag_detail_table\">\n<tbody>\n<tr>\n<td class=\"td_tag_name\">70cl<\/td>\n<\/tr>\n<\/tbody>\n<\/table>\n<\/td>\n<\/tr>\n<tr>\n<td><strong>Age<\/strong><\/td>\n<td>18 Year Old<\/td>\n<\/tr>\n<\/tbody>\n<\/table>","protected":false},"excerpt":{"rendered":"<p>The Japanese oak Mizunara, which is noted for imparting sandalwood and incense notes to whisky, is the centerpiece of the Yamazaki Mizunara 2017 Edition. demonstrates the special impact that wood has on developing spirits.<\/p>","protected":false},"featured_media":3027,"comment_status":"open","ping_status":"closed","template":"","meta":{"site-sidebar-layout":"default","site-content-layout":"default","ast-site-content-layout":"default","site-content-style":"default","site-sidebar-style":"default","ast-global-header-display":"","ast-banner-title-visibility":"","ast-main-header-display":"","ast-hfb-above-header-display":"","ast-hfb-below-header-display":"","ast-hfb-mobile-header-display":"","site-post-title":"","ast-breadcrumbs-content":"","ast-featured-img":"","footer-sml-layout":"","ast-disable-related-posts":"","theme-transparent-header-meta":"default","adv-header-id-meta":"","stick-header-meta":"","header-above-stick-meta":"","header-main-stick-meta":"","header-below-stick-meta":"","astra-migrate-meta-layouts":"set","ast-page-background-enabled":"default","ast-page-background-meta":{"desktop":{"background-color":"","background-image":"","background-repeat":"repeat","background-position":"center center","background-size":"auto","background-attachment":"scroll","background-type":"","background-media":"","overlay-type":"","overlay-color":"","overlay-opacity":"","overlay-gradient":""},"tablet":{"background-color":"","background-image":"","background-repeat":"repeat","background-position":"center center","background-size":"auto","background-attachment":"scroll","background-type":"","background-media":"","overlay-type":"","overlay-color":"","overlay-opacity":"","overlay-gradient":""},"mobile":{"background-color":"","background-image":"","background-repeat":"repeat","background-position":"center center","background-size":"auto","background-attachment":"scroll","background-type":"","background-media":"","overlay-type":"","overlay-color":"","overlay-opacity":"","overlay-gradient":""}},"ast-content-background-meta":{"desktop":{"background-color":"var(--ast-global-color-5)","background-image":"","background-repeat":"repeat","background-position":"center center","background-size":"auto","background-attachment":"scroll","background-type":"","background-media":"","overlay-type":"","overlay-color":"","overlay-opacity":"","overlay-gradient":""},"tablet":{"background-color":"var(--ast-global-color-5)","background-image":"","background-repeat":"repeat","background-position":"center center","background-size":"auto","background-attachment":"scroll","background-type":"","background-media":"","overlay-type":"","overlay-color":"","overlay-opacity":"","overlay-gradient":""},"mobile":{"background-color":"var(--ast-global-color-5)","background-image":"","background-repeat":"repeat","background-position":"center center","background-size":"auto","background-attachment":"scroll","background-type":"","background-media":"","overlay-type":"","overlay-color":"","overlay-opacity":"","overlay-gradient":""}}},"product_brand":[],"product_cat":[40],"product_tag":[],"class_list":{"0":"post-3026","1":"product","2":"type-product","3":"status-publish","4":"has-post-thumbnail","6":"product_cat-japanese-whisky","7":"desktop-align-center","8":"tablet-align-left","9":"mobile-align-left","11":"first","12":"instock","13":"shipping-taxable","14":"purchasable","15":"product-type-simple"},"yoast_head":"<!-- This site is optimized with the Yoast SEO Premium plugin v24.7 (Yoast SEO v27.3) - https:\/\/yoast.com\/product\/yoast-seo-premium-wordpress\/ -->\n<title>Yamazaki Mizunara 2017 18 Year Old 70cl | Rare Whisky<\/title>\n<meta name=\"description\" content=\"Discover the Yamazaki Mizunara 2017 18 Year Old 70cl\u2014an ultra-rare Japanese whisky crafted in Mizunara oak. A premium collector\u2019s masterpiece.\" \/>\n<meta name=\"robots\" content=\"index, follow, max-snippet:-1, max-image-preview:large, max-video-preview:-1\" \/>\n<link rel=\"canonical\" href=\"https:\/\/comprehensiveliquor.com\/da\/product\/yamazaki-mizunara-18-ar-ld-2017-70cl\/\" \/>\n<meta property=\"og:locale\" content=\"da_DK\" \/>\n<meta property=\"og:type\" content=\"article\" \/>\n<meta property=\"og:title\" content=\"Yamazaki Mizunara 2017 edition 18 Year Old 70cl\" \/>\n<meta property=\"og:description\" content=\"Discover the Yamazaki Mizunara 2017 18 Year Old 70cl\u2014an ultra-rare Japanese whisky crafted in Mizunara oak. A premium collector\u2019s masterpiece.\" \/>\n<meta property=\"og:url\" content=\"https:\/\/comprehensiveliquor.com\/da\/product\/yamazaki-mizunara-18-ar-ld-2017-70cl\/\" \/>\n<meta property=\"og:site_name\" content=\"Comprehensive Liquor\" \/>\n<meta property=\"article:modified_time\" content=\"2025-11-14T11:38:55+00:00\" \/>\n<meta property=\"og:image\" content=\"https:\/\/comprehensiveliquor.com\/wp-content\/uploads\/2022\/11\/image_2022-11-04_224940895.png\" \/>\n\t<meta property=\"og:image:width\" content=\"700\" \/>\n\t<meta property=\"og:image:height\" content=\"700\" \/>\n\t<meta property=\"og:image:type\" content=\"image\/png\" \/>\n<meta name=\"twitter:card\" content=\"summary_large_image\" \/>\n<meta name=\"twitter:label1\" content=\"Estimeret l\u00e6setid\" \/>\n\t<meta name=\"twitter:data1\" content=\"1 minut\" \/>\n<script type=\"application\/ld+json\" class=\"yoast-schema-graph\">{\"@context\":\"https:\\\/\\\/schema.org\",\"@graph\":[{\"@type\":\"WebPage\",\"@id\":\"https:\\\/\\\/comprehensiveliquor.com\\\/product\\\/yamazaki-mizunara-18-year-old-2017-70cl\\\/\",\"url\":\"https:\\\/\\\/comprehensiveliquor.com\\\/product\\\/yamazaki-mizunara-18-year-old-2017-70cl\\\/\",\"name\":\"Yamazaki Mizunara 2017 18 Year Old 70cl | Rare Whisky\",\"isPartOf\":{\"@id\":\"https:\\\/\\\/comprehensiveliquor.com\\\/#website\"},\"primaryImageOfPage\":{\"@id\":\"https:\\\/\\\/comprehensiveliquor.com\\\/product\\\/yamazaki-mizunara-18-year-old-2017-70cl\\\/#primaryimage\"},\"image\":{\"@id\":\"https:\\\/\\\/comprehensiveliquor.com\\\/product\\\/yamazaki-mizunara-18-year-old-2017-70cl\\\/#primaryimage\"},\"thumbnailUrl\":\"https:\\\/\\\/comprehensiveliquor.com\\\/wp-content\\\/uploads\\\/2022\\\/11\\\/image_2022-11-04_224940895.png\",\"datePublished\":\"2022-11-04T21:55:32+00:00\",\"dateModified\":\"2025-11-14T11:38:55+00:00\",\"description\":\"Discover the Yamazaki Mizunara 2017 18 Year Old 70cl\u2014an ultra-rare Japanese whisky crafted in Mizunara oak. A premium collector\u2019s masterpiece.\",\"breadcrumb\":{\"@id\":\"https:\\\/\\\/comprehensiveliquor.com\\\/product\\\/yamazaki-mizunara-18-year-old-2017-70cl\\\/#breadcrumb\"},\"inLanguage\":\"da-DK\",\"potentialAction\":[{\"@type\":\"ReadAction\",\"target\":[\"https:\\\/\\\/comprehensiveliquor.com\\\/product\\\/yamazaki-mizunara-18-year-old-2017-70cl\\\/\"]}]},{\"@type\":\"ImageObject\",\"inLanguage\":\"da-DK\",\"@id\":\"https:\\\/\\\/comprehensiveliquor.com\\\/product\\\/yamazaki-mizunara-18-year-old-2017-70cl\\\/#primaryimage\",\"url\":\"https:\\\/\\\/comprehensiveliquor.com\\\/wp-content\\\/uploads\\\/2022\\\/11\\\/image_2022-11-04_224940895.png\",\"contentUrl\":\"https:\\\/\\\/comprehensiveliquor.com\\\/wp-content\\\/uploads\\\/2022\\\/11\\\/image_2022-11-04_224940895.png\",\"width\":700,\"height\":700,\"caption\":\"Yamazaki Mizunara 2017 18 Year Old bottle\"},{\"@type\":\"BreadcrumbList\",\"@id\":\"https:\\\/\\\/comprehensiveliquor.com\\\/product\\\/yamazaki-mizunara-18-year-old-2017-70cl\\\/#breadcrumb\",\"itemListElement\":[{\"@type\":\"ListItem\",\"position\":1,\"name\":\"Home\",\"item\":\"https:\\\/\\\/comprehensiveliquor.com\\\/\"},{\"@type\":\"ListItem\",\"position\":2,\"name\":\"Shop\",\"item\":\"https:\\\/\\\/comprehensiveliquor.com\\\/shop\\\/\"},{\"@type\":\"ListItem\",\"position\":3,\"name\":\"Yamazaki Mizunara 2017 edition 18 Year Old 70cl\"}]},{\"@type\":\"WebSite\",\"@id\":\"https:\\\/\\\/comprehensiveliquor.com\\\/#website\",\"url\":\"https:\\\/\\\/comprehensiveliquor.com\\\/\",\"name\":\"Comprehensive Liquor\",\"description\":\"Best Liquor Store\",\"publisher\":{\"@id\":\"https:\\\/\\\/comprehensiveliquor.com\\\/#organization\"},\"alternateName\":\"Comprehensive Liquor Store\",\"potentialAction\":[{\"@type\":\"SearchAction\",\"target\":{\"@type\":\"EntryPoint\",\"urlTemplate\":\"https:\\\/\\\/comprehensiveliquor.com\\\/?s={search_term_string}\"},\"query-input\":{\"@type\":\"PropertyValueSpecification\",\"valueRequired\":true,\"valueName\":\"search_term_string\"}}],\"inLanguage\":\"da-DK\"},{\"@type\":\"Organization\",\"@id\":\"https:\\\/\\\/comprehensiveliquor.com\\\/#organization\",\"name\":\"Comprehensive Liquor\",\"alternateName\":\"Comprehensive Liquor Store\",\"url\":\"https:\\\/\\\/comprehensiveliquor.com\\\/\",\"logo\":{\"@type\":\"ImageObject\",\"inLanguage\":\"da-DK\",\"@id\":\"https:\\\/\\\/comprehensiveliquor.com\\\/#\\\/schema\\\/logo\\\/image\\\/\",\"url\":\"https:\\\/\\\/comprehensiveliquor.com\\\/wp-content\\\/uploads\\\/2024\\\/03\\\/cropped-image_2024-03-26_131408877.png\",\"contentUrl\":\"https:\\\/\\\/comprehensiveliquor.com\\\/wp-content\\\/uploads\\\/2024\\\/03\\\/cropped-image_2024-03-26_131408877.png\",\"width\":378,\"height\":263,\"caption\":\"Comprehensive Liquor\"},\"image\":{\"@id\":\"https:\\\/\\\/comprehensiveliquor.com\\\/#\\\/schema\\\/logo\\\/image\\\/\"}}]}<\/script>\n<!-- \/ Yoast SEO Premium plugin. -->","yoast_head_json":{"title":"Yamazaki Mizunara 2017 18 \u00e5r gammel 70 cl | Sj\u00e6lden whisky","description":"Oplev Yamazaki Mizunara 2017 18 Year Old 70cl \u2013 en ultra-sj\u00e6lden japansk whisky fremstillet i Mizunara-eg. Et f\u00f8rsteklasses samlermesterv\u00e6rk.","robots":{"index":"index","follow":"follow","max-snippet":"max-snippet:-1","max-image-preview":"max-image-preview:large","max-video-preview":"max-video-preview:-1"},"canonical":"https:\/\/comprehensiveliquor.com\/da\/product\/yamazaki-mizunara-18-ar-ld-2017-70cl\/","og_locale":"da_DK","og_type":"article","og_title":"Yamazaki Mizunara 2017 edition 18 Year Old 70cl","og_description":"Discover the Yamazaki Mizunara 2017 18 Year Old 70cl\u2014an ultra-rare Japanese whisky crafted in Mizunara oak. A premium collector\u2019s masterpiece.","og_url":"https:\/\/comprehensiveliquor.com\/da\/product\/yamazaki-mizunara-18-ar-ld-2017-70cl\/","og_site_name":"Comprehensive Liquor","article_modified_time":"2025-11-14T11:38:55+00:00","og_image":[{"width":700,"height":700,"url":"https:\/\/comprehensiveliquor.com\/wp-content\/uploads\/2022\/11\/image_2022-11-04_224940895.png","type":"image\/png"}],"twitter_card":"summary_large_image","twitter_misc":{"Estimeret l\u00e6setid":"1 minut"},"schema":{"@context":"https:\/\/schema.org","@graph":[{"@type":"WebPage","@id":"https:\/\/comprehensiveliquor.com\/product\/yamazaki-mizunara-18-year-old-2017-70cl\/","url":"https:\/\/comprehensiveliquor.com\/product\/yamazaki-mizunara-18-year-old-2017-70cl\/","name":"Yamazaki Mizunara 2017 18 \u00e5r gammel 70 cl | Sj\u00e6lden whisky","isPartOf":{"@id":"https:\/\/comprehensiveliquor.com\/#website"},"primaryImageOfPage":{"@id":"https:\/\/comprehensiveliquor.com\/product\/yamazaki-mizunara-18-year-old-2017-70cl\/#primaryimage"},"image":{"@id":"https:\/\/comprehensiveliquor.com\/product\/yamazaki-mizunara-18-year-old-2017-70cl\/#primaryimage"},"thumbnailUrl":"https:\/\/comprehensiveliquor.com\/wp-content\/uploads\/2022\/11\/image_2022-11-04_224940895.png","datePublished":"2022-11-04T21:55:32+00:00","dateModified":"2025-11-14T11:38:55+00:00","description":"Oplev Yamazaki Mizunara 2017 18 Year Old 70cl \u2013 en ultra-sj\u00e6lden japansk whisky fremstillet i Mizunara-eg. Et f\u00f8rsteklasses samlermesterv\u00e6rk.","breadcrumb":{"@id":"https:\/\/comprehensiveliquor.com\/product\/yamazaki-mizunara-18-year-old-2017-70cl\/#breadcrumb"},"inLanguage":"da-DK","potentialAction":[{"@type":"ReadAction","target":["https:\/\/comprehensiveliquor.com\/product\/yamazaki-mizunara-18-year-old-2017-70cl\/"]}]},{"@type":"ImageObject","inLanguage":"da-DK","@id":"https:\/\/comprehensiveliquor.com\/product\/yamazaki-mizunara-18-year-old-2017-70cl\/#primaryimage","url":"https:\/\/comprehensiveliquor.com\/wp-content\/uploads\/2022\/11\/image_2022-11-04_224940895.png","contentUrl":"https:\/\/comprehensiveliquor.com\/wp-content\/uploads\/2022\/11\/image_2022-11-04_224940895.png","width":700,"height":700,"caption":"Yamazaki Mizunara 2017 18 Year Old bottle"},{"@type":"BreadcrumbList","@id":"https:\/\/comprehensiveliquor.com\/product\/yamazaki-mizunara-18-year-old-2017-70cl\/#breadcrumb","itemListElement":[{"@type":"ListItem","position":1,"name":"Home","item":"https:\/\/comprehensiveliquor.com\/"},{"@type":"ListItem","position":2,"name":"Shop","item":"https:\/\/comprehensiveliquor.com\/shop\/"},{"@type":"ListItem","position":3,"name":"Yamazaki Mizunara 2017 edition 18 Year Old 70cl"}]},{"@type":"WebSite","@id":"https:\/\/comprehensiveliquor.com\/#website","url":"https:\/\/comprehensiveliquor.com\/","name":"Omfattende spiritus","description":"Best Liquor Store","publisher":{"@id":"https:\/\/comprehensiveliquor.com\/#organization"},"alternateName":"Comprehensive Liquor Store","potentialAction":[{"@type":"SearchAction","target":{"@type":"EntryPoint","urlTemplate":"https:\/\/comprehensiveliquor.com\/?s={search_term_string}"},"query-input":{"@type":"PropertyValueSpecification","valueRequired":true,"valueName":"search_term_string"}}],"inLanguage":"da-DK"},{"@type":"Organization","@id":"https:\/\/comprehensiveliquor.com\/#organization","name":"Omfattende spiritus","alternateName":"Comprehensive Liquor Store","url":"https:\/\/comprehensiveliquor.com\/","logo":{"@type":"ImageObject","inLanguage":"da-DK","@id":"https:\/\/comprehensiveliquor.com\/#\/schema\/logo\/image\/","url":"https:\/\/comprehensiveliquor.com\/wp-content\/uploads\/2024\/03\/cropped-image_2024-03-26_131408877.png","contentUrl":"https:\/\/comprehensiveliquor.com\/wp-content\/uploads\/2024\/03\/cropped-image_2024-03-26_131408877.png","width":378,"height":263,"caption":"Comprehensive Liquor"},"image":{"@id":"https:\/\/comprehensiveliquor.com\/#\/schema\/logo\/image\/"}}]}},"_links":{"self":[{"href":"https:\/\/comprehensiveliquor.com\/da\/wp-json\/wp\/v2\/product\/3026","targetHints":{"allow":["GET"]}}],"collection":[{"href":"https:\/\/comprehensiveliquor.com\/da\/wp-json\/wp\/v2\/product"}],"about":[{"href":"https:\/\/comprehensiveliquor.com\/da\/wp-json\/wp\/v2\/types\/product"}],"replies":[{"embeddable":true,"href":"https:\/\/comprehensiveliquor.com\/da\/wp-json\/wp\/v2\/comments?post=3026"}],"wp:featuredmedia":[{"embeddable":true,"href":"https:\/\/comprehensiveliquor.com\/da\/wp-json\/wp\/v2\/media\/3027"}],"wp:attachment":[{"href":"https:\/\/comprehensiveliquor.com\/da\/wp-json\/wp\/v2\/media?parent=3026"}],"wp:term":[{"taxonomy":"product_brand","embeddable":true,"href":"https:\/\/comprehensiveliquor.com\/da\/wp-json\/wp\/v2\/product_brand?post=3026"},{"taxonomy":"product_cat","embeddable":true,"href":"https:\/\/comprehensiveliquor.com\/da\/wp-json\/wp\/v2\/product_cat?post=3026"},{"taxonomy":"product_tag","embeddable":true,"href":"https:\/\/comprehensiveliquor.com\/da\/wp-json\/wp\/v2\/product_tag?post=3026"}],"curies":[{"name":"wp","href":"https:\/\/api.w.org\/{rel}","templated":true}]}}