{"id":51,"date":"2019-01-23T10:58:34","date_gmt":"2019-01-23T10:58:34","guid":{"rendered":"https:\/\/comprehensiveliquor.com\/index.php\/product\/mini-san-pedro-cactus\/"},"modified":"2022-10-12T23:33:23","modified_gmt":"2022-10-12T23:33:23","slug":"mini-san-pedro-cactus","status":"publish","type":"product","link":"https:\/\/comprehensiveliquor.com\/da\/product\/mini-san-pedro-cactus\/","title":{"rendered":"Mortlach Specialudgivelser 2022"},"content":{"rendered":"<h4><strong style=\"color: #252525;\">Speyside Single Malt Scotch Whisky\u00a0<\/strong><br style=\"color: #252525;\" \/><strong style=\"color: #252525;\">Distillery Bottling, 70cl\/57.8%<\/strong><\/h4>\n<p>Denne specialudgivelse fra 2022, The Lure of the Blood Moon, har f\u00e5et det pinlige tilnavn \"<em>The Lure of the Blood Moon,&#8221;<\/em>\u00a0m\u00e5ske som en svag reference til Tawny Port-, jomfruegs- og Red Muscat-vinfadene, som den blev f\u00e6rdiggjort i. Men i virkeligheden er dit g\u00e6t lige s\u00e5 godt som vores.<\/p>\n<p>P\u00e5 den positive side har den en ret sej ugle p\u00e5 etiketten.<\/p>\n<p><strong>Officielle smagsnoter fra Mortlach Special Releases 2022<\/strong><\/p>\n<p><strong style=\"color: #252525;\">Appearance:\u00a0<\/strong>Skinnende guld med rubinr\u00f8de noter. N\u00e6se: Robuste, velsmagende og fyldige noter fremkalder en solid cassoulet med b\u00f8nner, tomater, krydret p\u00f8lse og spr\u00f8d svinebryst. Sp\u00e6ndende aromaer af druer og r\u00f8dvin flettes sammen med denne k\u00f8dfuldhed og bliver derefter, efterh\u00e5nden som n\u00e6sen udvikler sig, mere mineralske. Lidt vand \u00e6ndrer billedet igen, s\u00e6nker krydderiet og fremh\u00e6ver mere afrundede, vin-accentuerede s\u00f8de r\u00f8de frugter.\u00a0<strong style=\"color: #252525;\"><br style=\"color: #252525;\" \/><br style=\"color: #252525;\" \/>Body:<\/strong> Medium to full.\u00a0<span style=\"color: #252525;\"><br style=\"color: #252525;\" \/><br style=\"color: #252525;\" \/><\/span>Rig og bl\u00f8dt mundfyldende i teksturen, mens den dybe og intense smag er s\u00f8dt frugtig snarere end k\u00f8dfuld, og krydret-t\u00f8r, idet jomfrueget g\u00f8r sin tilstedev\u00e6relse m\u00e6rkbar. Utrolig livlig, med en rigt lagdelt smag, hvor antydninger af ingef\u00e6r f\u00f8rer an i en krydret dans. Et strejf af vand skaber et l\u00e6kkert, harmonisk og st\u00e6rkt \u00e6gteskab mellem frugtighed og sort peberkrydderi.\u00a0<strong style=\"color: #252525;\"><br style=\"color: #252525;\" \/><br style=\"color: #252525;\" \/>Finish:\u00a0<\/strong>Lang og dybt imponerende, med kraft, frugt og sort peber i perfekt harmoni, et krydret spark i dens tone og en varmende gl\u00f8d, der spreder sig over ganen. Til sidst efterlades ganen t\u00f8r, badet i en str\u00e5lende eftergl\u00f8d. En dr\u00e5be vand tilf\u00f8jer et strejf af syre.<\/p>\n<h5>Attributter<\/h5>\n<table>\n<tbody>\n<tr>\n<td><strong>Distillery<\/strong><\/td>\n<td>Mortlach<\/td>\n<\/tr>\n<tr>\n<td><strong>Bottler<\/strong><\/td>\n<td>Distillery<\/td>\n<\/tr>\n<tr>\n<td><strong>Series<\/strong><\/td>\n<td>Special Releases 2022<\/td>\n<\/tr>\n<tr>\n<td><strong>Country<\/strong><\/td>\n<td>Scotland<\/td>\n<\/tr>\n<tr>\n<td><strong>Region<\/strong><\/td>\n<td>Speyside<\/td>\n<\/tr>\n<tr>\n<td><strong>Bottling Year<\/strong><\/td>\n<td>2022<\/td>\n<\/tr>\n<tr>\n<td><strong>Age<\/strong><\/td>\n<td>NAS<\/td>\n<\/tr>\n<tr>\n<td><b>Limited Edition<\/b><\/td>\n<td>Yes<\/td>\n<\/tr>\n<tr>\n<td><strong>Cask Type<\/strong><\/td>\n<td>Genopfyld derefter amerikansk egetr\u00e6sfade i jomfru-, Tawny Port- og Red Muscat-krydrede fade<\/td>\n<\/tr>\n<tr>\n<td><strong>Bottle Size<\/strong><\/td>\n<td>70cl<\/td>\n<\/tr>\n<tr>\n<td><strong>ABV<\/strong><\/td>\n<td>57.8%<\/td>\n<\/tr>\n<\/tbody>\n<\/table>\n<p>&nbsp;<\/p>","protected":false},"excerpt":{"rendered":"<p>Mortlach Special Releases 2022, en Mortlach uden aldersangivelse blev aftappet med en solid procentdel p\u00e5 57,8% til Diageos Special Releases 2022.<\/p>","protected":false},"featured_media":1832,"comment_status":"open","ping_status":"closed","template":"","meta":{"site-sidebar-layout":"default","site-content-layout":"default","ast-site-content-layout":"default","site-content-style":"default","site-sidebar-style":"default","ast-global-header-display":"","ast-banner-title-visibility":"","ast-main-header-display":"","ast-hfb-above-header-display":"","ast-hfb-below-header-display":"","ast-hfb-mobile-header-display":"","site-post-title":"","ast-breadcrumbs-content":"","ast-featured-img":"","footer-sml-layout":"","ast-disable-related-posts":"","theme-transparent-header-meta":"default","adv-header-id-meta":"","stick-header-meta":"","header-above-stick-meta":"","header-main-stick-meta":"","header-below-stick-meta":"","astra-migrate-meta-layouts":"default","ast-page-background-enabled":"default","ast-page-background-meta":{"desktop":{"background-color":"","background-image":"","background-repeat":"repeat","background-position":"center center","background-size":"auto","background-attachment":"scroll","background-type":"","background-media":"","overlay-type":"","overlay-color":"","overlay-opacity":"","overlay-gradient":""},"tablet":{"background-color":"","background-image":"","background-repeat":"repeat","background-position":"center center","background-size":"auto","background-attachment":"scroll","background-type":"","background-media":"","overlay-type":"","overlay-color":"","overlay-opacity":"","overlay-gradient":""},"mobile":{"background-color":"","background-image":"","background-repeat":"repeat","background-position":"center center","background-size":"auto","background-attachment":"scroll","background-type":"","background-media":"","overlay-type":"","overlay-color":"","overlay-opacity":"","overlay-gradient":""}},"ast-content-background-meta":{"desktop":{"background-color":"var(--ast-global-color-5)","background-image":"","background-repeat":"repeat","background-position":"center center","background-size":"auto","background-attachment":"scroll","background-type":"","background-media":"","overlay-type":"","overlay-color":"","overlay-opacity":"","overlay-gradient":""},"tablet":{"background-color":"var(--ast-global-color-5)","background-image":"","background-repeat":"repeat","background-position":"center center","background-size":"auto","background-attachment":"scroll","background-type":"","background-media":"","overlay-type":"","overlay-color":"","overlay-opacity":"","overlay-gradient":""},"mobile":{"background-color":"var(--ast-global-color-5)","background-image":"","background-repeat":"repeat","background-position":"center center","background-size":"auto","background-attachment":"scroll","background-type":"","background-media":"","overlay-type":"","overlay-color":"","overlay-opacity":"","overlay-gradient":""}}},"product_brand":[],"product_cat":[17,58,60,24,32,61,46],"product_tag":[],"class_list":{"0":"post-51","1":"product","2":"type-product","3":"status-publish","4":"has-post-thumbnail","6":"product_cat-american-whiskey","7":"product_cat-limited-edition","8":"product_cat-mortlach","9":"product_cat-new-arrivals","10":"product_cat-single-malt-whisky","11":"product_cat-speyside","12":"product_cat-whisky","13":"desktop-align-center","14":"tablet-align-left","15":"mobile-align-left","17":"first","18":"instock","19":"shipping-taxable","20":"purchasable","21":"product-type-simple"},"yoast_head":"<!-- This site is optimized with the Yoast SEO Premium plugin v24.7 (Yoast SEO v27.4) - https:\/\/yoast.com\/product\/yoast-seo-premium-wordpress\/ -->\n<title>Mortlach Special Releases 2022<\/title>\n<meta name=\"description\" content=\"Mortlach Special Releases 2022, A no-age-statement Mortlach was bottled at a hefty 57.8% for Diageo&#039;s Special Releases 2022.\" \/>\n<meta name=\"robots\" content=\"index, follow, max-snippet:-1, max-image-preview:large, max-video-preview:-1\" \/>\n<link rel=\"canonical\" href=\"https:\/\/comprehensiveliquor.com\/da\/product\/mini-san-pedro-cactus\/\" \/>\n<meta property=\"og:locale\" content=\"da_DK\" \/>\n<meta property=\"og:type\" content=\"article\" \/>\n<meta property=\"og:title\" content=\"Mortlach Special Releases 2022\" \/>\n<meta property=\"og:description\" content=\"Mortlach Special Releases 2022, A no-age-statement Mortlach was bottled at a hefty 57.8% for Diageo&#039;s Special Releases 2022.\" \/>\n<meta property=\"og:url\" content=\"https:\/\/comprehensiveliquor.com\/da\/product\/mini-san-pedro-cactus\/\" \/>\n<meta property=\"og:site_name\" content=\"Comprehensive Liquor\" \/>\n<meta property=\"article:modified_time\" content=\"2022-10-12T23:33:23+00:00\" \/>\n<meta property=\"og:image\" content=\"https:\/\/comprehensiveliquor.com\/wp-content\/uploads\/2019\/01\/image_2022-10-13_003309491.png\" \/>\n\t<meta property=\"og:image:width\" content=\"480\" \/>\n\t<meta property=\"og:image:height\" content=\"612\" \/>\n\t<meta property=\"og:image:type\" content=\"image\/png\" \/>\n<meta name=\"twitter:card\" content=\"summary_large_image\" \/>\n<meta name=\"twitter:label1\" content=\"Estimeret l\u00e6setid\" \/>\n\t<meta name=\"twitter:data1\" content=\"1 minut\" \/>\n<script type=\"application\/ld+json\" class=\"yoast-schema-graph\">{\"@context\":\"https:\\\/\\\/schema.org\",\"@graph\":[{\"@type\":\"WebPage\",\"@id\":\"https:\\\/\\\/comprehensiveliquor.com\\\/product\\\/mini-san-pedro-cactus\\\/\",\"url\":\"https:\\\/\\\/comprehensiveliquor.com\\\/product\\\/mini-san-pedro-cactus\\\/\",\"name\":\"Mortlach Special Releases 2022\",\"isPartOf\":{\"@id\":\"https:\\\/\\\/comprehensiveliquor.com\\\/#website\"},\"primaryImageOfPage\":{\"@id\":\"https:\\\/\\\/comprehensiveliquor.com\\\/product\\\/mini-san-pedro-cactus\\\/#primaryimage\"},\"image\":{\"@id\":\"https:\\\/\\\/comprehensiveliquor.com\\\/product\\\/mini-san-pedro-cactus\\\/#primaryimage\"},\"thumbnailUrl\":\"https:\\\/\\\/comprehensiveliquor.com\\\/wp-content\\\/uploads\\\/2019\\\/01\\\/image_2022-10-13_003309491.png\",\"datePublished\":\"2019-01-23T10:58:34+00:00\",\"dateModified\":\"2022-10-12T23:33:23+00:00\",\"description\":\"Mortlach Special Releases 2022, A no-age-statement Mortlach was bottled at a hefty 57.8% for Diageo's Special Releases 2022.\",\"breadcrumb\":{\"@id\":\"https:\\\/\\\/comprehensiveliquor.com\\\/product\\\/mini-san-pedro-cactus\\\/#breadcrumb\"},\"inLanguage\":\"da-DK\",\"potentialAction\":[{\"@type\":\"ReadAction\",\"target\":[\"https:\\\/\\\/comprehensiveliquor.com\\\/product\\\/mini-san-pedro-cactus\\\/\"]}]},{\"@type\":\"ImageObject\",\"inLanguage\":\"da-DK\",\"@id\":\"https:\\\/\\\/comprehensiveliquor.com\\\/product\\\/mini-san-pedro-cactus\\\/#primaryimage\",\"url\":\"https:\\\/\\\/comprehensiveliquor.com\\\/wp-content\\\/uploads\\\/2019\\\/01\\\/image_2022-10-13_003309491.png\",\"contentUrl\":\"https:\\\/\\\/comprehensiveliquor.com\\\/wp-content\\\/uploads\\\/2019\\\/01\\\/image_2022-10-13_003309491.png\",\"width\":480,\"height\":612},{\"@type\":\"BreadcrumbList\",\"@id\":\"https:\\\/\\\/comprehensiveliquor.com\\\/product\\\/mini-san-pedro-cactus\\\/#breadcrumb\",\"itemListElement\":[{\"@type\":\"ListItem\",\"position\":1,\"name\":\"Home\",\"item\":\"https:\\\/\\\/comprehensiveliquor.com\\\/\"},{\"@type\":\"ListItem\",\"position\":2,\"name\":\"Shop\",\"item\":\"https:\\\/\\\/comprehensiveliquor.com\\\/shop\\\/\"},{\"@type\":\"ListItem\",\"position\":3,\"name\":\"Mortlach Special Releases 2022\"}]},{\"@type\":\"WebSite\",\"@id\":\"https:\\\/\\\/comprehensiveliquor.com\\\/#website\",\"url\":\"https:\\\/\\\/comprehensiveliquor.com\\\/\",\"name\":\"Comprehensive Liquor\",\"description\":\"Best Liquor Store\",\"publisher\":{\"@id\":\"https:\\\/\\\/comprehensiveliquor.com\\\/#organization\"},\"alternateName\":\"Comprehensive Liquor Store\",\"potentialAction\":[{\"@type\":\"SearchAction\",\"target\":{\"@type\":\"EntryPoint\",\"urlTemplate\":\"https:\\\/\\\/comprehensiveliquor.com\\\/?s={search_term_string}\"},\"query-input\":{\"@type\":\"PropertyValueSpecification\",\"valueRequired\":true,\"valueName\":\"search_term_string\"}}],\"inLanguage\":\"da-DK\"},{\"@type\":\"Organization\",\"@id\":\"https:\\\/\\\/comprehensiveliquor.com\\\/#organization\",\"name\":\"Comprehensive Liquor\",\"alternateName\":\"Comprehensive Liquor Store\",\"url\":\"https:\\\/\\\/comprehensiveliquor.com\\\/\",\"logo\":{\"@type\":\"ImageObject\",\"inLanguage\":\"da-DK\",\"@id\":\"https:\\\/\\\/comprehensiveliquor.com\\\/#\\\/schema\\\/logo\\\/image\\\/\",\"url\":\"https:\\\/\\\/comprehensiveliquor.com\\\/wp-content\\\/uploads\\\/2024\\\/03\\\/cropped-image_2024-03-26_131408877.png\",\"contentUrl\":\"https:\\\/\\\/comprehensiveliquor.com\\\/wp-content\\\/uploads\\\/2024\\\/03\\\/cropped-image_2024-03-26_131408877.png\",\"width\":378,\"height\":263,\"caption\":\"Comprehensive Liquor\"},\"image\":{\"@id\":\"https:\\\/\\\/comprehensiveliquor.com\\\/#\\\/schema\\\/logo\\\/image\\\/\"}}]}<\/script>\n<!-- \/ Yoast SEO Premium plugin. -->","yoast_head_json":{"title":"Mortlach Specialudgivelser 2022","description":"Mortlach Special Releases 2022, en Mortlach uden aldersangivelse blev aftappet med en solid procentdel p\u00e5 57,8% til Diageos Special Releases 2022.","robots":{"index":"index","follow":"follow","max-snippet":"max-snippet:-1","max-image-preview":"max-image-preview:large","max-video-preview":"max-video-preview:-1"},"canonical":"https:\/\/comprehensiveliquor.com\/da\/product\/mini-san-pedro-cactus\/","og_locale":"da_DK","og_type":"article","og_title":"Mortlach Special Releases 2022","og_description":"Mortlach Special Releases 2022, A no-age-statement Mortlach was bottled at a hefty 57.8% for Diageo's Special Releases 2022.","og_url":"https:\/\/comprehensiveliquor.com\/da\/product\/mini-san-pedro-cactus\/","og_site_name":"Comprehensive Liquor","article_modified_time":"2022-10-12T23:33:23+00:00","og_image":[{"width":480,"height":612,"url":"https:\/\/comprehensiveliquor.com\/wp-content\/uploads\/2019\/01\/image_2022-10-13_003309491.png","type":"image\/png"}],"twitter_card":"summary_large_image","twitter_misc":{"Estimeret l\u00e6setid":"1 minut"},"schema":{"@context":"https:\/\/schema.org","@graph":[{"@type":"WebPage","@id":"https:\/\/comprehensiveliquor.com\/product\/mini-san-pedro-cactus\/","url":"https:\/\/comprehensiveliquor.com\/product\/mini-san-pedro-cactus\/","name":"Mortlach Specialudgivelser 2022","isPartOf":{"@id":"https:\/\/comprehensiveliquor.com\/#website"},"primaryImageOfPage":{"@id":"https:\/\/comprehensiveliquor.com\/product\/mini-san-pedro-cactus\/#primaryimage"},"image":{"@id":"https:\/\/comprehensiveliquor.com\/product\/mini-san-pedro-cactus\/#primaryimage"},"thumbnailUrl":"https:\/\/comprehensiveliquor.com\/wp-content\/uploads\/2019\/01\/image_2022-10-13_003309491.png","datePublished":"2019-01-23T10:58:34+00:00","dateModified":"2022-10-12T23:33:23+00:00","description":"Mortlach Special Releases 2022, en Mortlach uden aldersangivelse blev aftappet med en solid procentdel p\u00e5 57,8% til Diageos Special Releases 2022.","breadcrumb":{"@id":"https:\/\/comprehensiveliquor.com\/product\/mini-san-pedro-cactus\/#breadcrumb"},"inLanguage":"da-DK","potentialAction":[{"@type":"ReadAction","target":["https:\/\/comprehensiveliquor.com\/product\/mini-san-pedro-cactus\/"]}]},{"@type":"ImageObject","inLanguage":"da-DK","@id":"https:\/\/comprehensiveliquor.com\/product\/mini-san-pedro-cactus\/#primaryimage","url":"https:\/\/comprehensiveliquor.com\/wp-content\/uploads\/2019\/01\/image_2022-10-13_003309491.png","contentUrl":"https:\/\/comprehensiveliquor.com\/wp-content\/uploads\/2019\/01\/image_2022-10-13_003309491.png","width":480,"height":612},{"@type":"BreadcrumbList","@id":"https:\/\/comprehensiveliquor.com\/product\/mini-san-pedro-cactus\/#breadcrumb","itemListElement":[{"@type":"ListItem","position":1,"name":"Home","item":"https:\/\/comprehensiveliquor.com\/"},{"@type":"ListItem","position":2,"name":"Shop","item":"https:\/\/comprehensiveliquor.com\/shop\/"},{"@type":"ListItem","position":3,"name":"Mortlach Special Releases 2022"}]},{"@type":"WebSite","@id":"https:\/\/comprehensiveliquor.com\/#website","url":"https:\/\/comprehensiveliquor.com\/","name":"Omfattende spiritus","description":"Best Liquor Store","publisher":{"@id":"https:\/\/comprehensiveliquor.com\/#organization"},"alternateName":"Comprehensive Liquor Store","potentialAction":[{"@type":"SearchAction","target":{"@type":"EntryPoint","urlTemplate":"https:\/\/comprehensiveliquor.com\/?s={search_term_string}"},"query-input":{"@type":"PropertyValueSpecification","valueRequired":true,"valueName":"search_term_string"}}],"inLanguage":"da-DK"},{"@type":"Organization","@id":"https:\/\/comprehensiveliquor.com\/#organization","name":"Omfattende spiritus","alternateName":"Comprehensive Liquor Store","url":"https:\/\/comprehensiveliquor.com\/","logo":{"@type":"ImageObject","inLanguage":"da-DK","@id":"https:\/\/comprehensiveliquor.com\/#\/schema\/logo\/image\/","url":"https:\/\/comprehensiveliquor.com\/wp-content\/uploads\/2024\/03\/cropped-image_2024-03-26_131408877.png","contentUrl":"https:\/\/comprehensiveliquor.com\/wp-content\/uploads\/2024\/03\/cropped-image_2024-03-26_131408877.png","width":378,"height":263,"caption":"Comprehensive Liquor"},"image":{"@id":"https:\/\/comprehensiveliquor.com\/#\/schema\/logo\/image\/"}}]}},"_links":{"self":[{"href":"https:\/\/comprehensiveliquor.com\/da\/wp-json\/wp\/v2\/product\/51","targetHints":{"allow":["GET"]}}],"collection":[{"href":"https:\/\/comprehensiveliquor.com\/da\/wp-json\/wp\/v2\/product"}],"about":[{"href":"https:\/\/comprehensiveliquor.com\/da\/wp-json\/wp\/v2\/types\/product"}],"replies":[{"embeddable":true,"href":"https:\/\/comprehensiveliquor.com\/da\/wp-json\/wp\/v2\/comments?post=51"}],"wp:featuredmedia":[{"embeddable":true,"href":"https:\/\/comprehensiveliquor.com\/da\/wp-json\/wp\/v2\/media\/1832"}],"wp:attachment":[{"href":"https:\/\/comprehensiveliquor.com\/da\/wp-json\/wp\/v2\/media?parent=51"}],"wp:term":[{"taxonomy":"product_brand","embeddable":true,"href":"https:\/\/comprehensiveliquor.com\/da\/wp-json\/wp\/v2\/product_brand?post=51"},{"taxonomy":"product_cat","embeddable":true,"href":"https:\/\/comprehensiveliquor.com\/da\/wp-json\/wp\/v2\/product_cat?post=51"},{"taxonomy":"product_tag","embeddable":true,"href":"https:\/\/comprehensiveliquor.com\/da\/wp-json\/wp\/v2\/product_tag?post=51"}],"curies":[{"name":"wp","href":"https:\/\/api.w.org\/{rel}","templated":true}]}}