{"id":1968,"date":"2022-10-14T21:20:28","date_gmt":"2022-10-14T21:20:28","guid":{"rendered":"https:\/\/comprehensiveliquor.com\/?page_id=1968"},"modified":"2022-10-23T11:59:30","modified_gmt":"2022-10-23T11:59:30","slug":"versandinformationen","status":"publish","type":"page","link":"https:\/\/comprehensiveliquor.com\/de\/versandinformationen\/","title":{"rendered":"Verzendinformatie"},"content":{"rendered":"<p>Um Ihre Versandkosten vor dem Kauf zu ermitteln, nutzen Sie bitte unseren Versandkostenrechner im Bestellprozess. W\u00e4hlen Sie die gew\u00fcnschten Artikel aus. Geben Sie einfach Ihre Postleitzahl auf der Bestell\u00fcbersichtsseite ein, und die Versandkosten werden automatisch berechnet.<\/p>\n\n\n\n<p><strong>Wir nutzen eine Kombination aus UPS und FedEx.<\/strong>&nbsp;Alle Pakete werden zugestellt. Der Versanddienstleister liefert nicht an Postf\u00e4cher, aber an alle Wohn- und Gesch\u00e4ftsadressen.<\/p>\n\n\n\n<p><strong>Gesetzliche Altersvoraussetzung<\/strong>\u00a0Jede Lieferung von Alkohol muss von einem Erwachsenen entgegengenommen werden. <strong>81 Jahre oder \u00e4lter.<\/strong>\u00a0Keine Ausnahmen. Alkoholische Lieferungen werden mit einem\u00a0<strong>\u201eUnterschrift eines Erwachsenen erforderlich\u201c<\/strong>\u00a0Gem\u00e4\u00df dieser Bestimmung ist der mit der Zustellung beauftragte Spediteur verpflichtet, vor der Auslieferung der Ware einen Ausweis zu verlangen und zu \u00fcberpr\u00fcfen.<\/p>\n\n\n\n<p><strong>Unterschrift eines Erwachsenen erforderlich<\/strong>\u00a0Bei Lieferung m\u00fcssen alle K\u00e4ufe von Personen ab 18 Jahren get\u00e4tigt werden. Der Zusteller ben\u00f6tigt einen Altersnachweis, und f\u00fcr alle Lieferungen ist eine Unterschrift erforderlich. Nur Personen ab 18 Jahren d\u00fcrfen die Lieferung entgegennehmen.<\/p>\n\n\n\n<p><a href=\"https:\/\/www.fedex.com\/en-cm\/home.html\" target=\"_blank\" rel=\"noopener\" title=\"\">FedEx<\/a><strong><strong> <\/strong><\/strong>Und <strong>UPS<\/strong> Wir liefern nicht an betrunkene Personen. Bitte trinken Sie verantwortungsbewusst. Wenn niemand \u00fcber 18 Jahre das Paket entgegennehmen kann, wird es nicht zugestellt. Daher empfehlen wir Ihnen, die Ware an eine Arbeits- oder Gesch\u00e4ftsadresse liefern zu lassen. Lieferungen an Postf\u00e4cher, FPO- oder APO-Adressen sind nicht m\u00f6glich.<\/p>\n\n\n\n<h4 class=\"wp-block-heading\">Liefern Sie in mein Land oder meinen Bundesstaat?<\/h4>\n\n\n\n<p>Wir versenden nach Europa, Asien, Kanada und in die USA, sofern die Gesetze den Versand von Alkoholprodukten in Ihren Bundesstaat oder Landkreis zulassen.<\/p>\n\n\n\n<h4 class=\"wp-block-heading\">Kann meine Lieferadresse bei einer Bestellung von meiner Rechnungsadresse abweichen?<\/h4>\n\n\n\n<p>Ja, Sie k\u00f6nnen eine Bestellung aufgeben und diese an eine andere Adresse als Ihre Rechnungsadresse liefern lassen.<\/p>\n\n\n\n<h4 class=\"wp-block-heading\">When will my order be shipped?<\/h4>\n\n\n\n<p>Sobald Ihre Zahlung bei uns eingegangen ist, bearbeiten wir Ihre Bestellung. Die Bearbeitung dauert maximal 12 Stunden, bevor Ihre Bestellung versandfertig ist. Wir versenden am n\u00e4chsten Werktag und bieten ein 14-t\u00e4giges R\u00fcckgaberecht f\u00fcr irrt\u00fcmlich bestellte Artikel. Diese m\u00fcssen originalverpackt und unge\u00f6ffnet sein. Mit dem Kauf alkoholischer Getr\u00e4nke best\u00e4tigt der K\u00e4ufer, dass er die geltenden Gesetze seines Landes und seines Wohnorts bez\u00fcglich des Kaufs einh\u00e4lt.<\/p>\n\n\n\n<h4 class=\"wp-block-heading\">Versanddauer.<\/h4>\n\n\n\n<p>Wir ben\u00f6tigen 3 bis 4 Werktage f\u00fcr den Versand innerhalb der USA (Vereinigte Staaten), 3 bis 4 Werktage in \u2026\u00a0<strong>Canada,\u00a0<\/strong>3 bis 5 Zoll\u00a0<strong>Asia<\/strong>2 bis 3 Tage in Europa und 3 bis 7 Tage bis\u00a0<strong>nach Australien versenden<\/strong>abh\u00e4ngig vom Standort des Kunden.<\/p>","protected":false},"excerpt":{"rendered":"<p>To find out your shipping cost before purchasing, please use our shipping calculator at check out. Pick the items you would like to purchase. Just enter your zip code on the order summary page and it will calculate shipping charges to your zip code. We use a combination of UPS and FedEx&nbsp;to deliver all packages. [&hellip;]<\/p>\n","protected":false},"author":1,"featured_media":0,"parent":0,"menu_order":0,"comment_status":"closed","ping_status":"closed","template":"","meta":{"site-sidebar-layout":"default","site-content-layout":"","ast-site-content-layout":"default","site-content-style":"default","site-sidebar-style":"default","ast-global-header-display":"","ast-banner-title-visibility":"","ast-main-header-display":"","ast-hfb-above-header-display":"","ast-hfb-below-header-display":"","ast-hfb-mobile-header-display":"","site-post-title":"","ast-breadcrumbs-content":"","ast-featured-img":"","footer-sml-layout":"","ast-disable-related-posts":"","theme-transparent-header-meta":"","adv-header-id-meta":"","stick-header-meta":"","header-above-stick-meta":"","header-main-stick-meta":"","header-below-stick-meta":"","astra-migrate-meta-layouts":"default","ast-page-background-enabled":"default","ast-page-background-meta":{"desktop":{"background-color":"","background-image":"","background-repeat":"repeat","background-position":"center center","background-size":"auto","background-attachment":"scroll","background-type":"","background-media":"","overlay-type":"","overlay-color":"","overlay-opacity":"","overlay-gradient":""},"tablet":{"background-color":"","background-image":"","background-repeat":"repeat","background-position":"center center","background-size":"auto","background-attachment":"scroll","background-type":"","background-media":"","overlay-type":"","overlay-color":"","overlay-opacity":"","overlay-gradient":""},"mobile":{"background-color":"","background-image":"","background-repeat":"repeat","background-position":"center center","background-size":"auto","background-attachment":"scroll","background-type":"","background-media":"","overlay-type":"","overlay-color":"","overlay-opacity":"","overlay-gradient":""}},"ast-content-background-meta":{"desktop":{"background-color":"var(--ast-global-color-5)","background-image":"","background-repeat":"repeat","background-position":"center center","background-size":"auto","background-attachment":"scroll","background-type":"","background-media":"","overlay-type":"","overlay-color":"","overlay-opacity":"","overlay-gradient":""},"tablet":{"background-color":"var(--ast-global-color-5)","background-image":"","background-repeat":"repeat","background-position":"center center","background-size":"auto","background-attachment":"scroll","background-type":"","background-media":"","overlay-type":"","overlay-color":"","overlay-opacity":"","overlay-gradient":""},"mobile":{"background-color":"var(--ast-global-color-5)","background-image":"","background-repeat":"repeat","background-position":"center center","background-size":"auto","background-attachment":"scroll","background-type":"","background-media":"","overlay-type":"","overlay-color":"","overlay-opacity":"","overlay-gradient":""}},"footnotes":""},"class_list":["post-1968","page","type-page","status-publish","hentry"],"yoast_head":"<!-- This site is optimized with the Yoast SEO Premium plugin v24.7 (Yoast SEO v27.3) - https:\/\/yoast.com\/product\/yoast-seo-premium-wordpress\/ -->\n<title>Shipping Information | Comprehensive Liquor<\/title>\n<meta name=\"description\" content=\"To find out your shipping cost before purchasing, please use our shipping calculator at check out. Pick the items you would like to purchase. Just enter\" \/>\n<meta name=\"robots\" content=\"index, follow, max-snippet:-1, max-image-preview:large, max-video-preview:-1\" \/>\n<link rel=\"canonical\" href=\"https:\/\/comprehensiveliquor.com\/de\/versandinformationen\/\" \/>\n<meta property=\"og:locale\" content=\"de_DE\" \/>\n<meta property=\"og:type\" content=\"article\" \/>\n<meta property=\"og:title\" content=\"Shipping Information\" \/>\n<meta property=\"og:description\" content=\"To find out your shipping cost before purchasing, please use our shipping calculator at check out. Pick the items you would like to purchase. Just enter\" \/>\n<meta property=\"og:url\" content=\"https:\/\/comprehensiveliquor.com\/de\/versandinformationen\/\" \/>\n<meta property=\"og:site_name\" content=\"Comprehensive Liquor\" \/>\n<meta property=\"article:modified_time\" content=\"2022-10-23T11:59:30+00:00\" \/>\n<meta name=\"twitter:card\" content=\"summary_large_image\" \/>\n<meta name=\"twitter:label1\" content=\"Gesch\u00e4tzte Lesezeit\" \/>\n\t<meta name=\"twitter:data1\" content=\"2\u00a0Minuten\" \/>\n<script type=\"application\/ld+json\" class=\"yoast-schema-graph\">{\"@context\":\"https:\\\/\\\/schema.org\",\"@graph\":[{\"@type\":\"WebPage\",\"@id\":\"https:\\\/\\\/comprehensiveliquor.com\\\/shipping-information\\\/\",\"url\":\"https:\\\/\\\/comprehensiveliquor.com\\\/shipping-information\\\/\",\"name\":\"Shipping Information | Comprehensive Liquor\",\"isPartOf\":{\"@id\":\"https:\\\/\\\/comprehensiveliquor.com\\\/#website\"},\"datePublished\":\"2022-10-14T21:20:28+00:00\",\"dateModified\":\"2022-10-23T11:59:30+00:00\",\"description\":\"To find out your shipping cost before purchasing, please use our shipping calculator at check out. Pick the items you would like to purchase. Just enter\",\"breadcrumb\":{\"@id\":\"https:\\\/\\\/comprehensiveliquor.com\\\/shipping-information\\\/#breadcrumb\"},\"inLanguage\":\"de\",\"potentialAction\":[{\"@type\":\"ReadAction\",\"target\":[\"https:\\\/\\\/comprehensiveliquor.com\\\/shipping-information\\\/\"]}]},{\"@type\":\"BreadcrumbList\",\"@id\":\"https:\\\/\\\/comprehensiveliquor.com\\\/shipping-information\\\/#breadcrumb\",\"itemListElement\":[{\"@type\":\"ListItem\",\"position\":1,\"name\":\"Home\",\"item\":\"https:\\\/\\\/comprehensiveliquor.com\\\/\"},{\"@type\":\"ListItem\",\"position\":2,\"name\":\"Shipping Information\"}]},{\"@type\":\"WebSite\",\"@id\":\"https:\\\/\\\/comprehensiveliquor.com\\\/#website\",\"url\":\"https:\\\/\\\/comprehensiveliquor.com\\\/\",\"name\":\"Comprehensive Liquor\",\"description\":\"Best Liquor Store\",\"publisher\":{\"@id\":\"https:\\\/\\\/comprehensiveliquor.com\\\/#organization\"},\"alternateName\":\"Comprehensive Liquor Store\",\"potentialAction\":[{\"@type\":\"SearchAction\",\"target\":{\"@type\":\"EntryPoint\",\"urlTemplate\":\"https:\\\/\\\/comprehensiveliquor.com\\\/?s={search_term_string}\"},\"query-input\":{\"@type\":\"PropertyValueSpecification\",\"valueRequired\":true,\"valueName\":\"search_term_string\"}}],\"inLanguage\":\"de\"},{\"@type\":\"Organization\",\"@id\":\"https:\\\/\\\/comprehensiveliquor.com\\\/#organization\",\"name\":\"Comprehensive Liquor\",\"alternateName\":\"Comprehensive Liquor Store\",\"url\":\"https:\\\/\\\/comprehensiveliquor.com\\\/\",\"logo\":{\"@type\":\"ImageObject\",\"inLanguage\":\"de\",\"@id\":\"https:\\\/\\\/comprehensiveliquor.com\\\/#\\\/schema\\\/logo\\\/image\\\/\",\"url\":\"https:\\\/\\\/comprehensiveliquor.com\\\/wp-content\\\/uploads\\\/2024\\\/03\\\/cropped-image_2024-03-26_131408877.png\",\"contentUrl\":\"https:\\\/\\\/comprehensiveliquor.com\\\/wp-content\\\/uploads\\\/2024\\\/03\\\/cropped-image_2024-03-26_131408877.png\",\"width\":378,\"height\":263,\"caption\":\"Comprehensive Liquor\"},\"image\":{\"@id\":\"https:\\\/\\\/comprehensiveliquor.com\\\/#\\\/schema\\\/logo\\\/image\\\/\"}}]}<\/script>\n<!-- \/ Yoast SEO Premium plugin. -->","yoast_head_json":{"title":"Shipping Information | Comprehensive Liquor","description":"Um Ihre Versandkosten vor dem Kauf zu ermitteln, nutzen Sie bitte unseren Versandkostenrechner im Bestellvorgang. W\u00e4hlen Sie die gew\u00fcnschten Artikel aus. Geben Sie einfach Ihre Daten ein.","robots":{"index":"index","follow":"follow","max-snippet":"max-snippet:-1","max-image-preview":"max-image-preview:large","max-video-preview":"max-video-preview:-1"},"canonical":"https:\/\/comprehensiveliquor.com\/de\/versandinformationen\/","og_locale":"de_DE","og_type":"article","og_title":"Shipping Information","og_description":"To find out your shipping cost before purchasing, please use our shipping calculator at check out. Pick the items you would like to purchase. Just enter","og_url":"https:\/\/comprehensiveliquor.com\/de\/versandinformationen\/","og_site_name":"Comprehensive Liquor","article_modified_time":"2022-10-23T11:59:30+00:00","twitter_card":"summary_large_image","twitter_misc":{"Gesch\u00e4tzte Lesezeit":"2\u00a0Minuten"},"schema":{"@context":"https:\/\/schema.org","@graph":[{"@type":"WebPage","@id":"https:\/\/comprehensiveliquor.com\/shipping-information\/","url":"https:\/\/comprehensiveliquor.com\/shipping-information\/","name":"Shipping Information | Comprehensive Liquor","isPartOf":{"@id":"https:\/\/comprehensiveliquor.com\/#website"},"datePublished":"2022-10-14T21:20:28+00:00","dateModified":"2022-10-23T11:59:30+00:00","description":"Um Ihre Versandkosten vor dem Kauf zu ermitteln, nutzen Sie bitte unseren Versandkostenrechner im Bestellvorgang. W\u00e4hlen Sie die gew\u00fcnschten Artikel aus. Geben Sie einfach Ihre Daten ein.","breadcrumb":{"@id":"https:\/\/comprehensiveliquor.com\/shipping-information\/#breadcrumb"},"inLanguage":"de","potentialAction":[{"@type":"ReadAction","target":["https:\/\/comprehensiveliquor.com\/shipping-information\/"]}]},{"@type":"BreadcrumbList","@id":"https:\/\/comprehensiveliquor.com\/shipping-information\/#breadcrumb","itemListElement":[{"@type":"ListItem","position":1,"name":"Home","item":"https:\/\/comprehensiveliquor.com\/"},{"@type":"ListItem","position":2,"name":"Shipping Information"}]},{"@type":"WebSite","@id":"https:\/\/comprehensiveliquor.com\/#website","url":"https:\/\/comprehensiveliquor.com\/","name":"Umfassender Spirituosenhandel","description":"Best Liquor Store","publisher":{"@id":"https:\/\/comprehensiveliquor.com\/#organization"},"alternateName":"Comprehensive Liquor Store","potentialAction":[{"@type":"SearchAction","target":{"@type":"EntryPoint","urlTemplate":"https:\/\/comprehensiveliquor.com\/?s={search_term_string}"},"query-input":{"@type":"PropertyValueSpecification","valueRequired":true,"valueName":"search_term_string"}}],"inLanguage":"de"},{"@type":"Organization","@id":"https:\/\/comprehensiveliquor.com\/#organization","name":"Umfassender Spirituosenhandel","alternateName":"Comprehensive Liquor Store","url":"https:\/\/comprehensiveliquor.com\/","logo":{"@type":"ImageObject","inLanguage":"de","@id":"https:\/\/comprehensiveliquor.com\/#\/schema\/logo\/image\/","url":"https:\/\/comprehensiveliquor.com\/wp-content\/uploads\/2024\/03\/cropped-image_2024-03-26_131408877.png","contentUrl":"https:\/\/comprehensiveliquor.com\/wp-content\/uploads\/2024\/03\/cropped-image_2024-03-26_131408877.png","width":378,"height":263,"caption":"Comprehensive Liquor"},"image":{"@id":"https:\/\/comprehensiveliquor.com\/#\/schema\/logo\/image\/"}}]}},"_links":{"self":[{"href":"https:\/\/comprehensiveliquor.com\/de\/wp-json\/wp\/v2\/pages\/1968","targetHints":{"allow":["GET"]}}],"collection":[{"href":"https:\/\/comprehensiveliquor.com\/de\/wp-json\/wp\/v2\/pages"}],"about":[{"href":"https:\/\/comprehensiveliquor.com\/de\/wp-json\/wp\/v2\/types\/page"}],"author":[{"embeddable":true,"href":"https:\/\/comprehensiveliquor.com\/de\/wp-json\/wp\/v2\/users\/1"}],"replies":[{"embeddable":true,"href":"https:\/\/comprehensiveliquor.com\/de\/wp-json\/wp\/v2\/comments?post=1968"}],"version-history":[{"count":0,"href":"https:\/\/comprehensiveliquor.com\/de\/wp-json\/wp\/v2\/pages\/1968\/revisions"}],"wp:attachment":[{"href":"https:\/\/comprehensiveliquor.com\/de\/wp-json\/wp\/v2\/media?parent=1968"}],"curies":[{"name":"wp","href":"https:\/\/api.w.org\/{rel}","templated":true}]}}