{"id":2126,"date":"2022-10-15T20:43:28","date_gmt":"2022-10-15T20:43:28","guid":{"rendered":"https:\/\/comprehensiveliquor.com\/?post_type=product&#038;p=2126"},"modified":"2025-06-14T12:08:56","modified_gmt":"2025-06-14T12:08:56","slug":"remy-martin-xo-fine-champagne-cognac-70cl","status":"publish","type":"product","link":"https:\/\/comprehensiveliquor.com\/de\/product\/remy-martin-xo-fine-champagne-cognac-70cl\/","title":{"rendered":"Remy Martin XO Fine Champagne Cognac 70cl"},"content":{"rendered":"<h2 style=\"color: #252525;\"><strong style=\"color: #252525;\">Fine Champagne Cognac by Remy<\/strong><strong style=\"color: #252525;\"> Martin 70cl<\/strong><\/h2>\n<p style=\"color: #252525;\">Der XO Cognac von R\u00e9my Martin ist eine Ikone der Brandy-Welt. Dieser sanfte Riese ist ber\u00fchmt f\u00fcr seine unvergleichliche Weichheit, die an einen Billardtisch in Seidenkrawatte erinnert. Nach einer \u00c4nderung der Appellationsgesetze im Jahr 2016 m\u00fcssen die in dieser Cuv\u00e9e verwendeten Cognacs mindestens zehn Jahre reifen (im Gegensatz zu den vorherigen sechs Jahren).<\/p>\n<p style=\"color: #252525;\">Wie bei allen Cognacs von Remy stammen auch bei dieser Mischung alle Eaux-de-vie aus den Regionen Grande Champagne und Petite Champagne, und da es sich um einen feinen Champagner-Cognac handelt, muss der Anteil an Grande Champagne mindestens 50 % betragen.<\/p>\n<p>&nbsp;<\/p>\n<h5>Attribute<\/h5>\n<table>\n<tbody>\n<tr>\n<td><strong>Distillery<\/strong><\/td>\n<td><a title=\"Remy Martin\" href=\"https:\/\/www.remymartin.com\" target=\"_blank\" rel=\"noopener\">Remy Martin<\/a><\/td>\n<\/tr>\n<tr>\n<td><strong>Bottler<\/strong><\/td>\n<td>Distillery<\/td>\n<\/tr>\n<tr>\n<td><strong>Series<\/strong><\/td>\n<td>XO<\/td>\n<\/tr>\n<tr>\n<td><strong>Country<\/strong><\/td>\n<td>France<\/td>\n<\/tr>\n<tr>\n<td><strong>Bottle Size<\/strong><\/td>\n<td>70cl<\/td>\n<\/tr>\n<tr>\n<td><strong>ABV<\/strong><\/td>\n<td>40.0%<\/td>\n<\/tr>\n<\/tbody>\n<\/table>","protected":false},"excerpt":{"rendered":"<p>Fine Champagne Cognac by Remy Martin 70cl Remy Martin&#8217;s XO cognac is one of the icons of the brandy world. This gentle giant is famously as smooth as a snooker table in a silk tie and, following a change in the appellation laws in 2016, the cognacs used in this blend must be aged a [&hellip;]<\/p>\n","protected":false},"featured_media":2127,"comment_status":"open","ping_status":"closed","template":"","meta":{"site-sidebar-layout":"default","site-content-layout":"default","ast-site-content-layout":"default","site-content-style":"default","site-sidebar-style":"default","ast-global-header-display":"","ast-banner-title-visibility":"","ast-main-header-display":"","ast-hfb-above-header-display":"","ast-hfb-below-header-display":"","ast-hfb-mobile-header-display":"","site-post-title":"","ast-breadcrumbs-content":"","ast-featured-img":"","footer-sml-layout":"","ast-disable-related-posts":"","theme-transparent-header-meta":"default","adv-header-id-meta":"","stick-header-meta":"","header-above-stick-meta":"","header-main-stick-meta":"","header-below-stick-meta":"","astra-migrate-meta-layouts":"set","ast-page-background-enabled":"default","ast-page-background-meta":{"desktop":{"background-color":"","background-image":"","background-repeat":"repeat","background-position":"center center","background-size":"auto","background-attachment":"scroll","background-type":"","background-media":"","overlay-type":"","overlay-color":"","overlay-opacity":"","overlay-gradient":""},"tablet":{"background-color":"","background-image":"","background-repeat":"repeat","background-position":"center center","background-size":"auto","background-attachment":"scroll","background-type":"","background-media":"","overlay-type":"","overlay-color":"","overlay-opacity":"","overlay-gradient":""},"mobile":{"background-color":"","background-image":"","background-repeat":"repeat","background-position":"center center","background-size":"auto","background-attachment":"scroll","background-type":"","background-media":"","overlay-type":"","overlay-color":"","overlay-opacity":"","overlay-gradient":""}},"ast-content-background-meta":{"desktop":{"background-color":"var(--ast-global-color-5)","background-image":"","background-repeat":"repeat","background-position":"center center","background-size":"auto","background-attachment":"scroll","background-type":"","background-media":"","overlay-type":"","overlay-color":"","overlay-opacity":"","overlay-gradient":""},"tablet":{"background-color":"var(--ast-global-color-5)","background-image":"","background-repeat":"repeat","background-position":"center center","background-size":"auto","background-attachment":"scroll","background-type":"","background-media":"","overlay-type":"","overlay-color":"","overlay-opacity":"","overlay-gradient":""},"mobile":{"background-color":"var(--ast-global-color-5)","background-image":"","background-repeat":"repeat","background-position":"center center","background-size":"auto","background-attachment":"scroll","background-type":"","background-media":"","overlay-type":"","overlay-color":"","overlay-opacity":"","overlay-gradient":""}}},"product_brand":[],"product_cat":[51],"product_tag":[],"class_list":{"0":"post-2126","1":"product","2":"type-product","3":"status-publish","4":"has-post-thumbnail","6":"product_cat-cognac-armagnac","7":"desktop-align-center","8":"tablet-align-left","9":"mobile-align-left","11":"first","12":"instock","13":"shipping-taxable","14":"purchasable","15":"product-type-simple"},"yoast_head":"<!-- This site is optimized with the Yoast SEO Premium plugin v24.7 (Yoast SEO v27.5) - https:\/\/yoast.com\/product\/yoast-seo-premium-wordpress\/ -->\n<title>Remy Martin XO Fine Champagne Cognac 70cl<\/title>\n<meta name=\"description\" content=\"Remy Martin Fine Champagne Cognac: Remy Martin&#039;s XO is one of the icons of the brandy world. This gentle giant is famously as smooth as a snooker table.\" \/>\n<meta name=\"robots\" content=\"index, follow, max-snippet:-1, max-image-preview:large, max-video-preview:-1\" \/>\n<link rel=\"canonical\" href=\"https:\/\/comprehensiveliquor.com\/de\/product\/remy-martin-xo-fine-champagne-cognac-70cl\/\" \/>\n<meta property=\"og:locale\" content=\"de_DE\" \/>\n<meta property=\"og:type\" content=\"article\" \/>\n<meta property=\"og:title\" content=\"Remy Martin XO Fine Champagne Cognac 70cl\" \/>\n<meta property=\"og:description\" content=\"Remy Martin Fine Champagne Cognac: Remy Martin&#039;s XO is one of the icons of the brandy world. This gentle giant is famously as smooth as a snooker table.\" \/>\n<meta property=\"og:url\" content=\"https:\/\/comprehensiveliquor.com\/de\/product\/remy-martin-xo-fine-champagne-cognac-70cl\/\" \/>\n<meta property=\"og:site_name\" content=\"Comprehensive Liquor\" \/>\n<meta property=\"article:modified_time\" content=\"2025-06-14T12:08:56+00:00\" \/>\n<meta property=\"og:image\" content=\"https:\/\/comprehensiveliquor.com\/wp-content\/uploads\/2022\/10\/image_2022-10-15_213953416.png\" \/>\n\t<meta property=\"og:image:width\" content=\"480\" \/>\n\t<meta property=\"og:image:height\" content=\"448\" \/>\n\t<meta property=\"og:image:type\" content=\"image\/png\" \/>\n<meta name=\"twitter:card\" content=\"summary_large_image\" \/>\n<meta name=\"twitter:label1\" content=\"Gesch\u00e4tzte Lesezeit\" \/>\n\t<meta name=\"twitter:data1\" content=\"1\u00a0Minute\" \/>\n<script type=\"application\/ld+json\" class=\"yoast-schema-graph\">{\"@context\":\"https:\\\/\\\/schema.org\",\"@graph\":[{\"@type\":\"WebPage\",\"@id\":\"https:\\\/\\\/comprehensiveliquor.com\\\/product\\\/remy-martin-xo-fine-champagne-cognac-70cl\\\/\",\"url\":\"https:\\\/\\\/comprehensiveliquor.com\\\/product\\\/remy-martin-xo-fine-champagne-cognac-70cl\\\/\",\"name\":\"Remy Martin XO Fine Champagne Cognac 70cl\",\"isPartOf\":{\"@id\":\"https:\\\/\\\/comprehensiveliquor.com\\\/#website\"},\"primaryImageOfPage\":{\"@id\":\"https:\\\/\\\/comprehensiveliquor.com\\\/product\\\/remy-martin-xo-fine-champagne-cognac-70cl\\\/#primaryimage\"},\"image\":{\"@id\":\"https:\\\/\\\/comprehensiveliquor.com\\\/product\\\/remy-martin-xo-fine-champagne-cognac-70cl\\\/#primaryimage\"},\"thumbnailUrl\":\"https:\\\/\\\/comprehensiveliquor.com\\\/wp-content\\\/uploads\\\/2022\\\/10\\\/image_2022-10-15_213953416.png\",\"datePublished\":\"2022-10-15T20:43:28+00:00\",\"dateModified\":\"2025-06-14T12:08:56+00:00\",\"description\":\"Remy Martin Fine Champagne Cognac: Remy Martin's XO is one of the icons of the brandy world. This gentle giant is famously as smooth as a snooker table.\",\"breadcrumb\":{\"@id\":\"https:\\\/\\\/comprehensiveliquor.com\\\/product\\\/remy-martin-xo-fine-champagne-cognac-70cl\\\/#breadcrumb\"},\"inLanguage\":\"de\",\"potentialAction\":[{\"@type\":\"ReadAction\",\"target\":[\"https:\\\/\\\/comprehensiveliquor.com\\\/product\\\/remy-martin-xo-fine-champagne-cognac-70cl\\\/\"]}]},{\"@type\":\"ImageObject\",\"inLanguage\":\"de\",\"@id\":\"https:\\\/\\\/comprehensiveliquor.com\\\/product\\\/remy-martin-xo-fine-champagne-cognac-70cl\\\/#primaryimage\",\"url\":\"https:\\\/\\\/comprehensiveliquor.com\\\/wp-content\\\/uploads\\\/2022\\\/10\\\/image_2022-10-15_213953416.png\",\"contentUrl\":\"https:\\\/\\\/comprehensiveliquor.com\\\/wp-content\\\/uploads\\\/2022\\\/10\\\/image_2022-10-15_213953416.png\",\"width\":480,\"height\":448,\"caption\":\"Remy Martin\"},{\"@type\":\"BreadcrumbList\",\"@id\":\"https:\\\/\\\/comprehensiveliquor.com\\\/product\\\/remy-martin-xo-fine-champagne-cognac-70cl\\\/#breadcrumb\",\"itemListElement\":[{\"@type\":\"ListItem\",\"position\":1,\"name\":\"Home\",\"item\":\"https:\\\/\\\/comprehensiveliquor.com\\\/\"},{\"@type\":\"ListItem\",\"position\":2,\"name\":\"Shop\",\"item\":\"https:\\\/\\\/comprehensiveliquor.com\\\/shop\\\/\"},{\"@type\":\"ListItem\",\"position\":3,\"name\":\"Remy Martin XO Fine Champagne Cognac 70cl\"}]},{\"@type\":\"WebSite\",\"@id\":\"https:\\\/\\\/comprehensiveliquor.com\\\/#website\",\"url\":\"https:\\\/\\\/comprehensiveliquor.com\\\/\",\"name\":\"Comprehensive Liquor\",\"description\":\"Best Liquor Store\",\"publisher\":{\"@id\":\"https:\\\/\\\/comprehensiveliquor.com\\\/#organization\"},\"alternateName\":\"Comprehensive Liquor Store\",\"potentialAction\":[{\"@type\":\"SearchAction\",\"target\":{\"@type\":\"EntryPoint\",\"urlTemplate\":\"https:\\\/\\\/comprehensiveliquor.com\\\/?s={search_term_string}\"},\"query-input\":{\"@type\":\"PropertyValueSpecification\",\"valueRequired\":true,\"valueName\":\"search_term_string\"}}],\"inLanguage\":\"de\"},{\"@type\":\"Organization\",\"@id\":\"https:\\\/\\\/comprehensiveliquor.com\\\/#organization\",\"name\":\"Comprehensive Liquor\",\"alternateName\":\"Comprehensive Liquor Store\",\"url\":\"https:\\\/\\\/comprehensiveliquor.com\\\/\",\"logo\":{\"@type\":\"ImageObject\",\"inLanguage\":\"de\",\"@id\":\"https:\\\/\\\/comprehensiveliquor.com\\\/#\\\/schema\\\/logo\\\/image\\\/\",\"url\":\"https:\\\/\\\/comprehensiveliquor.com\\\/wp-content\\\/uploads\\\/2024\\\/03\\\/cropped-image_2024-03-26_131408877.png\",\"contentUrl\":\"https:\\\/\\\/comprehensiveliquor.com\\\/wp-content\\\/uploads\\\/2024\\\/03\\\/cropped-image_2024-03-26_131408877.png\",\"width\":378,\"height\":263,\"caption\":\"Comprehensive Liquor\"},\"image\":{\"@id\":\"https:\\\/\\\/comprehensiveliquor.com\\\/#\\\/schema\\\/logo\\\/image\\\/\"}}]}<\/script>\n<!-- \/ Yoast SEO Premium plugin. -->","yoast_head_json":{"title":"Remy Martin XO Fine Champagne Cognac 70cl","description":"R\u00e9my Martin Fine Champagne Cognac: R\u00e9my Martins XO ist eine Ikone der Brandy-Welt. Dieser sanfte Riese ist ber\u00fchmt f\u00fcr seine Geschmeidigkeit, die an einen Billardtisch erinnert.","robots":{"index":"index","follow":"follow","max-snippet":"max-snippet:-1","max-image-preview":"max-image-preview:large","max-video-preview":"max-video-preview:-1"},"canonical":"https:\/\/comprehensiveliquor.com\/de\/product\/remy-martin-xo-fine-champagne-cognac-70cl\/","og_locale":"de_DE","og_type":"article","og_title":"Remy Martin XO Fine Champagne Cognac 70cl","og_description":"Remy Martin Fine Champagne Cognac: Remy Martin's XO is one of the icons of the brandy world. This gentle giant is famously as smooth as a snooker table.","og_url":"https:\/\/comprehensiveliquor.com\/de\/product\/remy-martin-xo-fine-champagne-cognac-70cl\/","og_site_name":"Comprehensive Liquor","article_modified_time":"2025-06-14T12:08:56+00:00","og_image":[{"width":480,"height":448,"url":"https:\/\/comprehensiveliquor.com\/wp-content\/uploads\/2022\/10\/image_2022-10-15_213953416.png","type":"image\/png"}],"twitter_card":"summary_large_image","twitter_misc":{"Gesch\u00e4tzte Lesezeit":"1\u00a0Minute"},"schema":{"@context":"https:\/\/schema.org","@graph":[{"@type":"WebPage","@id":"https:\/\/comprehensiveliquor.com\/product\/remy-martin-xo-fine-champagne-cognac-70cl\/","url":"https:\/\/comprehensiveliquor.com\/product\/remy-martin-xo-fine-champagne-cognac-70cl\/","name":"Remy Martin XO Fine Champagne Cognac 70cl","isPartOf":{"@id":"https:\/\/comprehensiveliquor.com\/#website"},"primaryImageOfPage":{"@id":"https:\/\/comprehensiveliquor.com\/product\/remy-martin-xo-fine-champagne-cognac-70cl\/#primaryimage"},"image":{"@id":"https:\/\/comprehensiveliquor.com\/product\/remy-martin-xo-fine-champagne-cognac-70cl\/#primaryimage"},"thumbnailUrl":"https:\/\/comprehensiveliquor.com\/wp-content\/uploads\/2022\/10\/image_2022-10-15_213953416.png","datePublished":"2022-10-15T20:43:28+00:00","dateModified":"2025-06-14T12:08:56+00:00","description":"R\u00e9my Martin Fine Champagne Cognac: R\u00e9my Martins XO ist eine Ikone der Brandy-Welt. Dieser sanfte Riese ist ber\u00fchmt f\u00fcr seine Geschmeidigkeit, die an einen Billardtisch erinnert.","breadcrumb":{"@id":"https:\/\/comprehensiveliquor.com\/product\/remy-martin-xo-fine-champagne-cognac-70cl\/#breadcrumb"},"inLanguage":"de","potentialAction":[{"@type":"ReadAction","target":["https:\/\/comprehensiveliquor.com\/product\/remy-martin-xo-fine-champagne-cognac-70cl\/"]}]},{"@type":"ImageObject","inLanguage":"de","@id":"https:\/\/comprehensiveliquor.com\/product\/remy-martin-xo-fine-champagne-cognac-70cl\/#primaryimage","url":"https:\/\/comprehensiveliquor.com\/wp-content\/uploads\/2022\/10\/image_2022-10-15_213953416.png","contentUrl":"https:\/\/comprehensiveliquor.com\/wp-content\/uploads\/2022\/10\/image_2022-10-15_213953416.png","width":480,"height":448,"caption":"Remy Martin"},{"@type":"BreadcrumbList","@id":"https:\/\/comprehensiveliquor.com\/product\/remy-martin-xo-fine-champagne-cognac-70cl\/#breadcrumb","itemListElement":[{"@type":"ListItem","position":1,"name":"Home","item":"https:\/\/comprehensiveliquor.com\/"},{"@type":"ListItem","position":2,"name":"Shop","item":"https:\/\/comprehensiveliquor.com\/shop\/"},{"@type":"ListItem","position":3,"name":"Remy Martin XO Fine Champagne Cognac 70cl"}]},{"@type":"WebSite","@id":"https:\/\/comprehensiveliquor.com\/#website","url":"https:\/\/comprehensiveliquor.com\/","name":"Umfassender Spirituosenhandel","description":"Best Liquor Store","publisher":{"@id":"https:\/\/comprehensiveliquor.com\/#organization"},"alternateName":"Comprehensive Liquor Store","potentialAction":[{"@type":"SearchAction","target":{"@type":"EntryPoint","urlTemplate":"https:\/\/comprehensiveliquor.com\/?s={search_term_string}"},"query-input":{"@type":"PropertyValueSpecification","valueRequired":true,"valueName":"search_term_string"}}],"inLanguage":"de"},{"@type":"Organization","@id":"https:\/\/comprehensiveliquor.com\/#organization","name":"Umfassender Spirituosenhandel","alternateName":"Comprehensive Liquor Store","url":"https:\/\/comprehensiveliquor.com\/","logo":{"@type":"ImageObject","inLanguage":"de","@id":"https:\/\/comprehensiveliquor.com\/#\/schema\/logo\/image\/","url":"https:\/\/comprehensiveliquor.com\/wp-content\/uploads\/2024\/03\/cropped-image_2024-03-26_131408877.png","contentUrl":"https:\/\/comprehensiveliquor.com\/wp-content\/uploads\/2024\/03\/cropped-image_2024-03-26_131408877.png","width":378,"height":263,"caption":"Comprehensive Liquor"},"image":{"@id":"https:\/\/comprehensiveliquor.com\/#\/schema\/logo\/image\/"}}]}},"_links":{"self":[{"href":"https:\/\/comprehensiveliquor.com\/de\/wp-json\/wp\/v2\/product\/2126","targetHints":{"allow":["GET"]}}],"collection":[{"href":"https:\/\/comprehensiveliquor.com\/de\/wp-json\/wp\/v2\/product"}],"about":[{"href":"https:\/\/comprehensiveliquor.com\/de\/wp-json\/wp\/v2\/types\/product"}],"replies":[{"embeddable":true,"href":"https:\/\/comprehensiveliquor.com\/de\/wp-json\/wp\/v2\/comments?post=2126"}],"wp:featuredmedia":[{"embeddable":true,"href":"https:\/\/comprehensiveliquor.com\/de\/wp-json\/wp\/v2\/media\/2127"}],"wp:attachment":[{"href":"https:\/\/comprehensiveliquor.com\/de\/wp-json\/wp\/v2\/media?parent=2126"}],"wp:term":[{"taxonomy":"product_brand","embeddable":true,"href":"https:\/\/comprehensiveliquor.com\/de\/wp-json\/wp\/v2\/product_brand?post=2126"},{"taxonomy":"product_cat","embeddable":true,"href":"https:\/\/comprehensiveliquor.com\/de\/wp-json\/wp\/v2\/product_cat?post=2126"},{"taxonomy":"product_tag","embeddable":true,"href":"https:\/\/comprehensiveliquor.com\/de\/wp-json\/wp\/v2\/product_tag?post=2126"}],"curies":[{"name":"wp","href":"https:\/\/api.w.org\/{rel}","templated":true}]}}