{"id":85,"date":"2019-01-23T13:22:49","date_gmt":"2019-01-23T13:22:49","guid":{"rendered":"https:\/\/comprehensiveliquor.com\/index.php\/product\/boncellensis-secullant\/"},"modified":"2025-11-14T11:27:35","modified_gmt":"2025-11-14T11:27:35","slug":"yamazaki-2016-limited-edition-70cl","status":"publish","type":"product","link":"https:\/\/comprehensiveliquor.com\/de\/product\/yamazaki-2016-limited-edition-70cl\/","title":{"rendered":"Yamazaki 2016 Limited Edition 70cl"},"content":{"rendered":"<h2 class=\"product-single__title\" style=\"color: #252525;\">Yamazaki Limited Edition 2016<\/h2>\n<p>F\u00fcr die limitierte Edition Yamazaki 2016 kombinierte Suntorys Master Blender Shinji Fukuyo europ\u00e4ische Eichenf\u00e4sser aus Sherry- und Portwein, die \u00fcber 20 Jahre gereift waren, mit j\u00fcngeren Ex-Bourbon-F\u00e4ssern, um einen reichhaltigen, aber dennoch frischen und charaktervollen Yamazaki Single Malt zu kreieren, der bei japanischen Whisky-Liebhabern und Sammlern immer beliebter wird.<\/p>\n<p>&nbsp;<\/p>\n<h5>Attribute<\/h5>\n<table>\n<tbody>\n<tr>\n<td><b>Kategorie<\/b><\/td>\n<td><a href=\"https:\/\/comprehensiveliquor.com\/de\/product-category\/japanese-whisky\/\">Japanese Whiskey<\/a><\/td>\n<\/tr>\n<tr>\n<td><strong>Distillery<\/strong><\/td>\n<td><a title=\"Yamazaki Distillery\" href=\"https:\/\/www.suntory.com\/factory\/yamazaki\/\" target=\"_blank\" rel=\"noopener\">Yamazaki<\/a><\/td>\n<\/tr>\n<tr>\n<td><b>Series<\/b><\/td>\n<td>2016 Limited Edition<\/td>\n<\/tr>\n<tr>\n<td><b>Limitierte Auflage, beschr\u00e4nkte Auflage<\/b><\/td>\n<td>Yes<\/td>\n<\/tr>\n<tr>\n<td><strong>Country<\/strong><\/td>\n<td>Japan<\/td>\n<\/tr>\n<tr>\n<td><strong>Bottle Size<\/strong><\/td>\n<td>70cl<\/td>\n<\/tr>\n<tr>\n<td><strong>ABV<\/strong><\/td>\n<td>43%<\/p>\n<p>&nbsp;<\/td>\n<\/tr>\n<\/tbody>\n<\/table>","protected":false},"excerpt":{"rendered":"<p>Im Jahr 2016 wurde eine spezielle Yamazaki Limited Edition in kleiner Auflage herausgebracht. Diese war Teil einer Reihe von limitierten japanischen Single Malt Whiskys von Yamazaki, die zwischen 2014 und 2017 erschienen und 2021 wieder aufgenommen wurden.<\/p>","protected":false},"featured_media":1824,"comment_status":"open","ping_status":"closed","template":"","meta":{"site-sidebar-layout":"default","site-content-layout":"default","ast-site-content-layout":"default","site-content-style":"default","site-sidebar-style":"default","ast-global-header-display":"","ast-banner-title-visibility":"","ast-main-header-display":"","ast-hfb-above-header-display":"","ast-hfb-below-header-display":"","ast-hfb-mobile-header-display":"","site-post-title":"","ast-breadcrumbs-content":"","ast-featured-img":"","footer-sml-layout":"","ast-disable-related-posts":"","theme-transparent-header-meta":"default","adv-header-id-meta":"","stick-header-meta":"","header-above-stick-meta":"","header-main-stick-meta":"","header-below-stick-meta":"","astra-migrate-meta-layouts":"set","ast-page-background-enabled":"default","ast-page-background-meta":{"desktop":{"background-color":"","background-image":"","background-repeat":"repeat","background-position":"center center","background-size":"auto","background-attachment":"scroll","background-type":"","background-media":"","overlay-type":"","overlay-color":"","overlay-opacity":"","overlay-gradient":""},"tablet":{"background-color":"","background-image":"","background-repeat":"repeat","background-position":"center center","background-size":"auto","background-attachment":"scroll","background-type":"","background-media":"","overlay-type":"","overlay-color":"","overlay-opacity":"","overlay-gradient":""},"mobile":{"background-color":"","background-image":"","background-repeat":"repeat","background-position":"center center","background-size":"auto","background-attachment":"scroll","background-type":"","background-media":"","overlay-type":"","overlay-color":"","overlay-opacity":"","overlay-gradient":""}},"ast-content-background-meta":{"desktop":{"background-color":"var(--ast-global-color-5)","background-image":"","background-repeat":"repeat","background-position":"center center","background-size":"auto","background-attachment":"scroll","background-type":"","background-media":"","overlay-type":"","overlay-color":"","overlay-opacity":"","overlay-gradient":""},"tablet":{"background-color":"var(--ast-global-color-5)","background-image":"","background-repeat":"repeat","background-position":"center center","background-size":"auto","background-attachment":"scroll","background-type":"","background-media":"","overlay-type":"","overlay-color":"","overlay-opacity":"","overlay-gradient":""},"mobile":{"background-color":"var(--ast-global-color-5)","background-image":"","background-repeat":"repeat","background-position":"center center","background-size":"auto","background-attachment":"scroll","background-type":"","background-media":"","overlay-type":"","overlay-color":"","overlay-opacity":"","overlay-gradient":""}}},"product_brand":[],"product_cat":[40,58,32],"product_tag":[],"class_list":{"0":"post-85","1":"product","2":"type-product","3":"status-publish","4":"has-post-thumbnail","6":"product_cat-japanese-whisky","7":"product_cat-limited-edition","8":"product_cat-single-malt-whisky","9":"desktop-align-center","10":"tablet-align-left","11":"mobile-align-left","13":"first","14":"instock","15":"featured","16":"shipping-taxable","17":"purchasable","18":"product-type-simple"},"yoast_head":"<!-- This site is optimized with the Yoast SEO Premium plugin v24.7 (Yoast SEO v27.3) - https:\/\/yoast.com\/product\/yoast-seo-premium-wordpress\/ -->\n<title>Yamazaki 2016 Limited Edition 70cl | Buy Online<\/title>\n<meta name=\"description\" content=\"Shop Yamazaki 2016 Limited Edition 70cl, a rare Japanese whisky prized by collectors. Premium quality, limited availability. Order yours today.\" \/>\n<meta name=\"robots\" content=\"index, follow, max-snippet:-1, max-image-preview:large, max-video-preview:-1\" \/>\n<link rel=\"canonical\" href=\"https:\/\/comprehensiveliquor.com\/de\/product\/yamazaki-2016-limited-edition-70cl\/\" \/>\n<meta property=\"og:locale\" content=\"de_DE\" \/>\n<meta property=\"og:type\" content=\"article\" \/>\n<meta property=\"og:title\" content=\"Yamazaki 2016 Limited Edition 70cl\" \/>\n<meta property=\"og:description\" content=\"Shop Yamazaki 2016 Limited Edition 70cl, a rare Japanese whisky prized by collectors. Premium quality, limited availability. Order yours today.\" \/>\n<meta property=\"og:url\" content=\"https:\/\/comprehensiveliquor.com\/de\/product\/yamazaki-2016-limited-edition-70cl\/\" \/>\n<meta property=\"og:site_name\" content=\"Comprehensive Liquor\" \/>\n<meta property=\"article:modified_time\" content=\"2025-11-14T11:27:35+00:00\" \/>\n<meta property=\"og:image\" content=\"https:\/\/comprehensiveliquor.com\/wp-content\/uploads\/2019\/01\/image_2022-10-12_235220434.png\" \/>\n\t<meta property=\"og:image:width\" content=\"360\" \/>\n\t<meta property=\"og:image:height\" content=\"541\" \/>\n\t<meta property=\"og:image:type\" content=\"image\/png\" \/>\n<meta name=\"twitter:card\" content=\"summary_large_image\" \/>\n<meta name=\"twitter:label1\" content=\"Gesch\u00e4tzte Lesezeit\" \/>\n\t<meta name=\"twitter:data1\" content=\"1\u00a0Minute\" \/>\n<script type=\"application\/ld+json\" class=\"yoast-schema-graph\">{\"@context\":\"https:\\\/\\\/schema.org\",\"@graph\":[{\"@type\":\"WebPage\",\"@id\":\"https:\\\/\\\/comprehensiveliquor.com\\\/product\\\/yamazaki-2016-limited-edition-70cl\\\/\",\"url\":\"https:\\\/\\\/comprehensiveliquor.com\\\/product\\\/yamazaki-2016-limited-edition-70cl\\\/\",\"name\":\"Yamazaki 2016 Limited Edition 70cl | Buy Online\",\"isPartOf\":{\"@id\":\"https:\\\/\\\/comprehensiveliquor.com\\\/#website\"},\"primaryImageOfPage\":{\"@id\":\"https:\\\/\\\/comprehensiveliquor.com\\\/product\\\/yamazaki-2016-limited-edition-70cl\\\/#primaryimage\"},\"image\":{\"@id\":\"https:\\\/\\\/comprehensiveliquor.com\\\/product\\\/yamazaki-2016-limited-edition-70cl\\\/#primaryimage\"},\"thumbnailUrl\":\"https:\\\/\\\/comprehensiveliquor.com\\\/wp-content\\\/uploads\\\/2019\\\/01\\\/image_2022-10-12_235220434.png\",\"datePublished\":\"2019-01-23T13:22:49+00:00\",\"dateModified\":\"2025-11-14T11:27:35+00:00\",\"description\":\"Shop Yamazaki 2016 Limited Edition 70cl, a rare Japanese whisky prized by collectors. Premium quality, limited availability. Order yours today.\",\"breadcrumb\":{\"@id\":\"https:\\\/\\\/comprehensiveliquor.com\\\/product\\\/yamazaki-2016-limited-edition-70cl\\\/#breadcrumb\"},\"inLanguage\":\"de\",\"potentialAction\":[{\"@type\":\"ReadAction\",\"target\":[\"https:\\\/\\\/comprehensiveliquor.com\\\/product\\\/yamazaki-2016-limited-edition-70cl\\\/\"]}]},{\"@type\":\"ImageObject\",\"inLanguage\":\"de\",\"@id\":\"https:\\\/\\\/comprehensiveliquor.com\\\/product\\\/yamazaki-2016-limited-edition-70cl\\\/#primaryimage\",\"url\":\"https:\\\/\\\/comprehensiveliquor.com\\\/wp-content\\\/uploads\\\/2019\\\/01\\\/image_2022-10-12_235220434.png\",\"contentUrl\":\"https:\\\/\\\/comprehensiveliquor.com\\\/wp-content\\\/uploads\\\/2019\\\/01\\\/image_2022-10-12_235220434.png\",\"width\":360,\"height\":541,\"caption\":\"Yamazaki 2016 Limited Edition 70cl bottle\"},{\"@type\":\"BreadcrumbList\",\"@id\":\"https:\\\/\\\/comprehensiveliquor.com\\\/product\\\/yamazaki-2016-limited-edition-70cl\\\/#breadcrumb\",\"itemListElement\":[{\"@type\":\"ListItem\",\"position\":1,\"name\":\"Home\",\"item\":\"https:\\\/\\\/comprehensiveliquor.com\\\/\"},{\"@type\":\"ListItem\",\"position\":2,\"name\":\"Shop\",\"item\":\"https:\\\/\\\/comprehensiveliquor.com\\\/shop\\\/\"},{\"@type\":\"ListItem\",\"position\":3,\"name\":\"Yamazaki 2016 Limited Edition 70cl\"}]},{\"@type\":\"WebSite\",\"@id\":\"https:\\\/\\\/comprehensiveliquor.com\\\/#website\",\"url\":\"https:\\\/\\\/comprehensiveliquor.com\\\/\",\"name\":\"Comprehensive Liquor\",\"description\":\"Best Liquor Store\",\"publisher\":{\"@id\":\"https:\\\/\\\/comprehensiveliquor.com\\\/#organization\"},\"alternateName\":\"Comprehensive Liquor Store\",\"potentialAction\":[{\"@type\":\"SearchAction\",\"target\":{\"@type\":\"EntryPoint\",\"urlTemplate\":\"https:\\\/\\\/comprehensiveliquor.com\\\/?s={search_term_string}\"},\"query-input\":{\"@type\":\"PropertyValueSpecification\",\"valueRequired\":true,\"valueName\":\"search_term_string\"}}],\"inLanguage\":\"de\"},{\"@type\":\"Organization\",\"@id\":\"https:\\\/\\\/comprehensiveliquor.com\\\/#organization\",\"name\":\"Comprehensive Liquor\",\"alternateName\":\"Comprehensive Liquor Store\",\"url\":\"https:\\\/\\\/comprehensiveliquor.com\\\/\",\"logo\":{\"@type\":\"ImageObject\",\"inLanguage\":\"de\",\"@id\":\"https:\\\/\\\/comprehensiveliquor.com\\\/#\\\/schema\\\/logo\\\/image\\\/\",\"url\":\"https:\\\/\\\/comprehensiveliquor.com\\\/wp-content\\\/uploads\\\/2024\\\/03\\\/cropped-image_2024-03-26_131408877.png\",\"contentUrl\":\"https:\\\/\\\/comprehensiveliquor.com\\\/wp-content\\\/uploads\\\/2024\\\/03\\\/cropped-image_2024-03-26_131408877.png\",\"width\":378,\"height\":263,\"caption\":\"Comprehensive Liquor\"},\"image\":{\"@id\":\"https:\\\/\\\/comprehensiveliquor.com\\\/#\\\/schema\\\/logo\\\/image\\\/\"}}]}<\/script>\n<!-- \/ Yoast SEO Premium plugin. -->","yoast_head_json":{"title":"Yamazaki 2016 Limited Edition 70cl | Online kaufen","description":"Sichern Sie sich die Yamazaki 2016 Limited Edition (70 cl), einen seltenen japanischen Whisky, der bei Sammlern hoch im Kurs steht. Premiumqualit\u00e4t, nur in begrenzter St\u00fcckzahl erh\u00e4ltlich. Bestellen Sie noch heute!","robots":{"index":"index","follow":"follow","max-snippet":"max-snippet:-1","max-image-preview":"max-image-preview:large","max-video-preview":"max-video-preview:-1"},"canonical":"https:\/\/comprehensiveliquor.com\/de\/product\/yamazaki-2016-limited-edition-70cl\/","og_locale":"de_DE","og_type":"article","og_title":"Yamazaki 2016 Limited Edition 70cl","og_description":"Shop Yamazaki 2016 Limited Edition 70cl, a rare Japanese whisky prized by collectors. Premium quality, limited availability. Order yours today.","og_url":"https:\/\/comprehensiveliquor.com\/de\/product\/yamazaki-2016-limited-edition-70cl\/","og_site_name":"Comprehensive Liquor","article_modified_time":"2025-11-14T11:27:35+00:00","og_image":[{"width":360,"height":541,"url":"https:\/\/comprehensiveliquor.com\/wp-content\/uploads\/2019\/01\/image_2022-10-12_235220434.png","type":"image\/png"}],"twitter_card":"summary_large_image","twitter_misc":{"Gesch\u00e4tzte Lesezeit":"1\u00a0Minute"},"schema":{"@context":"https:\/\/schema.org","@graph":[{"@type":"WebPage","@id":"https:\/\/comprehensiveliquor.com\/product\/yamazaki-2016-limited-edition-70cl\/","url":"https:\/\/comprehensiveliquor.com\/product\/yamazaki-2016-limited-edition-70cl\/","name":"Yamazaki 2016 Limited Edition 70cl | Online kaufen","isPartOf":{"@id":"https:\/\/comprehensiveliquor.com\/#website"},"primaryImageOfPage":{"@id":"https:\/\/comprehensiveliquor.com\/product\/yamazaki-2016-limited-edition-70cl\/#primaryimage"},"image":{"@id":"https:\/\/comprehensiveliquor.com\/product\/yamazaki-2016-limited-edition-70cl\/#primaryimage"},"thumbnailUrl":"https:\/\/comprehensiveliquor.com\/wp-content\/uploads\/2019\/01\/image_2022-10-12_235220434.png","datePublished":"2019-01-23T13:22:49+00:00","dateModified":"2025-11-14T11:27:35+00:00","description":"Sichern Sie sich die Yamazaki 2016 Limited Edition (70 cl), einen seltenen japanischen Whisky, der bei Sammlern hoch im Kurs steht. Premiumqualit\u00e4t, nur in begrenzter St\u00fcckzahl erh\u00e4ltlich. Bestellen Sie noch heute!","breadcrumb":{"@id":"https:\/\/comprehensiveliquor.com\/product\/yamazaki-2016-limited-edition-70cl\/#breadcrumb"},"inLanguage":"de","potentialAction":[{"@type":"ReadAction","target":["https:\/\/comprehensiveliquor.com\/product\/yamazaki-2016-limited-edition-70cl\/"]}]},{"@type":"ImageObject","inLanguage":"de","@id":"https:\/\/comprehensiveliquor.com\/product\/yamazaki-2016-limited-edition-70cl\/#primaryimage","url":"https:\/\/comprehensiveliquor.com\/wp-content\/uploads\/2019\/01\/image_2022-10-12_235220434.png","contentUrl":"https:\/\/comprehensiveliquor.com\/wp-content\/uploads\/2019\/01\/image_2022-10-12_235220434.png","width":360,"height":541,"caption":"Yamazaki 2016 Limited Edition 70cl bottle"},{"@type":"BreadcrumbList","@id":"https:\/\/comprehensiveliquor.com\/product\/yamazaki-2016-limited-edition-70cl\/#breadcrumb","itemListElement":[{"@type":"ListItem","position":1,"name":"Home","item":"https:\/\/comprehensiveliquor.com\/"},{"@type":"ListItem","position":2,"name":"Shop","item":"https:\/\/comprehensiveliquor.com\/shop\/"},{"@type":"ListItem","position":3,"name":"Yamazaki 2016 Limited Edition 70cl"}]},{"@type":"WebSite","@id":"https:\/\/comprehensiveliquor.com\/#website","url":"https:\/\/comprehensiveliquor.com\/","name":"Umfassender Spirituosenhandel","description":"Best Liquor Store","publisher":{"@id":"https:\/\/comprehensiveliquor.com\/#organization"},"alternateName":"Comprehensive Liquor Store","potentialAction":[{"@type":"SearchAction","target":{"@type":"EntryPoint","urlTemplate":"https:\/\/comprehensiveliquor.com\/?s={search_term_string}"},"query-input":{"@type":"PropertyValueSpecification","valueRequired":true,"valueName":"search_term_string"}}],"inLanguage":"de"},{"@type":"Organization","@id":"https:\/\/comprehensiveliquor.com\/#organization","name":"Umfassender Spirituosenhandel","alternateName":"Comprehensive Liquor Store","url":"https:\/\/comprehensiveliquor.com\/","logo":{"@type":"ImageObject","inLanguage":"de","@id":"https:\/\/comprehensiveliquor.com\/#\/schema\/logo\/image\/","url":"https:\/\/comprehensiveliquor.com\/wp-content\/uploads\/2024\/03\/cropped-image_2024-03-26_131408877.png","contentUrl":"https:\/\/comprehensiveliquor.com\/wp-content\/uploads\/2024\/03\/cropped-image_2024-03-26_131408877.png","width":378,"height":263,"caption":"Comprehensive Liquor"},"image":{"@id":"https:\/\/comprehensiveliquor.com\/#\/schema\/logo\/image\/"}}]}},"_links":{"self":[{"href":"https:\/\/comprehensiveliquor.com\/de\/wp-json\/wp\/v2\/product\/85","targetHints":{"allow":["GET"]}}],"collection":[{"href":"https:\/\/comprehensiveliquor.com\/de\/wp-json\/wp\/v2\/product"}],"about":[{"href":"https:\/\/comprehensiveliquor.com\/de\/wp-json\/wp\/v2\/types\/product"}],"replies":[{"embeddable":true,"href":"https:\/\/comprehensiveliquor.com\/de\/wp-json\/wp\/v2\/comments?post=85"}],"wp:featuredmedia":[{"embeddable":true,"href":"https:\/\/comprehensiveliquor.com\/de\/wp-json\/wp\/v2\/media\/1824"}],"wp:attachment":[{"href":"https:\/\/comprehensiveliquor.com\/de\/wp-json\/wp\/v2\/media?parent=85"}],"wp:term":[{"taxonomy":"product_brand","embeddable":true,"href":"https:\/\/comprehensiveliquor.com\/de\/wp-json\/wp\/v2\/product_brand?post=85"},{"taxonomy":"product_cat","embeddable":true,"href":"https:\/\/comprehensiveliquor.com\/de\/wp-json\/wp\/v2\/product_cat?post=85"},{"taxonomy":"product_tag","embeddable":true,"href":"https:\/\/comprehensiveliquor.com\/de\/wp-json\/wp\/v2\/product_tag?post=85"}],"curies":[{"name":"wp","href":"https:\/\/api.w.org\/{rel}","templated":true}]}}