{"id":2456,"date":"2022-10-17T19:59:18","date_gmt":"2022-10-17T19:59:18","guid":{"rendered":"https:\/\/comprehensiveliquor.com\/?post_type=product&#038;p=2456"},"modified":"2025-06-14T12:39:23","modified_gmt":"2025-06-14T12:39:23","slug":"martell-lor-de-jean-cognac-70cl","status":"publish","type":"product","link":"https:\/\/comprehensiveliquor.com\/es\/product\/martell-lor-de-jean-cognac-70cl\/","title":{"rendered":"Martell L&#8217;Or De Jean Cognac 70cl"},"content":{"rendered":"<h2 style=\"color: #252525;\"><strong style=\"color: #252525;\">Martell L&#8217;Or De Jean Cognac 70cl, France<\/strong><\/h2>\n<p>L\u2019Or de Jean Martell es un co\u00f1ac excepcional. Este co\u00f1ac se elabora con aguardientes de los terru\u00f1os de Grande Champagne y Borderies, y est\u00e1 compuesto por aguardientes de hasta 100 a\u00f1os. El resultado es una deliciosa combinaci\u00f3n de sabores madurados que transporta al paladar a un viaje sensorial. Admire a primera vista los profundos y deslumbrantes matices del co\u00f1ac que encierra la meticulosa elaboraci\u00f3n de la botella. Al degustarlo, quedar\u00e1 fascinado por la perfecta armon\u00eda capturada en la mezcla de m\u00e1s de 400 aguardientes diferentes: puro encanto. Christophe Valtaud, maestro bodeguero, revela:<\/p>\n<p style=\"color: #252525;\">En mi opini\u00f3n, L\u2019Or de Jean Martell es el co\u00f1ac Martell por excelencia. L\u2019Or ofrece una maravillosa combinaci\u00f3n de riqueza arom\u00e1tica y fuerza, con el cuerpo de los Borderies y la estructura de los Grande Champagne.<\/p>\n<p>Martell, fundada en 1715, es una de las casas de co\u00f1ac m\u00e1s antiguas. Hoy en d\u00eda, la marca se encuentra a la vanguardia de la producci\u00f3n de co\u00f1ac, con una s\u00f3lida reputaci\u00f3n internacional. La distintiva t\u00e9cnica de destilaci\u00f3n que utiliza Martell est\u00e1 libre de contaminantes, lo que permite que los aguardientes absorban las ricas notas arom\u00e1ticas de la barrica de bourbon.<\/p>\n<p>Presentaci\u00f3n de la botella<\/p>\n<p>La presentaci\u00f3n de la botella, vestida con un magn\u00edfico decantador de cristal, L\u2019Or de Jean Martell, es sin duda una pieza de colecci\u00f3n para el conocedor del co\u00f1ac. Como su nombre lo indica, este co\u00f1ac encarna la opulencia y la delicadeza. En una botella con forma de l\u00e1grima, su impactante caja dorada permite exhibir el co\u00f1ac en todo su esplendor. El largo cuello dorado y el tap\u00f3n de cristal acent\u00faan a\u00fan m\u00e1s su glamurosa est\u00e9tica. Adem\u00e1s, presenta espirales grabadas a mano en la caja dorada y el tap\u00f3n de cristal, as\u00ed como en su igualmente suntuoso soporte y estuche de presentaci\u00f3n. Es evidente que se ha tenido en cuenta cada detalle. Desde el dise\u00f1o del decantador hasta la elaboraci\u00f3n artesanal del n\u00e9ctar que contiene, este co\u00f1ac es una aut\u00e9ntica obra de arte.<\/p>\n<p>&nbsp;<\/p>\n<h5 class=\"beautify__page-heading _hasToggle\">Atributos<\/h5>\n<div id=\"ih__addition-3418\" class=\"productView-addition-tabContent is-open\">\n<table class=\"productView-addition-table table\">\n<tbody class=\"table-tbody\">\n<tr class=\"productView-info-row--cfProductOf\">\n<td><strong>Categor\u00eda<\/strong><\/td>\n<td>\n<div class=\"productView-info-value productView-info-value--cfProductOf\">\n<p class=\"woocommerce-products-header__title page-title\"><a title=\"Cognac-Armagnac\" href=\"https:\/\/comprehensiveliquor.com\/es\/product-category\/cognac-armagnac\/\">Cognac-Armagnac<\/a><\/p>\n<\/div>\n<\/td>\n<\/tr>\n<tr class=\"productView-info-row--cfVarietalType\">\n<td>\n<div class=\"productView-info-name productView-info-name--cfVarietalType\"><strong>Varietal\/Tipo<\/strong><\/div>\n<\/td>\n<td>\n<div class=\"productView-info-value productView-info-value--cfVarietalType\"><a title=\"cognac-brand\" href=\"https:\/\/www.spiritacademy.it\/en\/568-cognac-brand\" target=\"_blank\" rel=\"noopener\">Cognac<\/a><\/div>\n<\/td>\n<\/tr>\n<tr class=\"productView-info-row--cfSize\">\n<td>\n<div class=\"productView-info-name productView-info-name--cfSize\"><strong>Size<\/strong><\/div>\n<\/td>\n<td>\n<div class=\"productView-info-value productView-info-value--cfSize\">70cl<\/div>\n<\/td>\n<\/tr>\n<\/tbody>\n<\/table>\n<\/div>","protected":false},"excerpt":{"rendered":"<p>Martell L&#8217;Or De Jean Cognac 70cl, France L&#8217;Or de Jean Martell is a particularly outstanding Cognac. This Cognac is made from eaux-de-vie from the terroirs of Grande Champagne and Borderies and is composed of eaux-de-vie up to 100 years old. The end product is a delectably matured combination of flavors that takes the palate on [&hellip;]<\/p>\n","protected":false},"featured_media":2457,"comment_status":"open","ping_status":"closed","template":"","meta":{"site-sidebar-layout":"default","site-content-layout":"default","ast-site-content-layout":"default","site-content-style":"default","site-sidebar-style":"default","ast-global-header-display":"","ast-banner-title-visibility":"","ast-main-header-display":"","ast-hfb-above-header-display":"","ast-hfb-below-header-display":"","ast-hfb-mobile-header-display":"","site-post-title":"","ast-breadcrumbs-content":"","ast-featured-img":"","footer-sml-layout":"","ast-disable-related-posts":"","theme-transparent-header-meta":"default","adv-header-id-meta":"","stick-header-meta":"","header-above-stick-meta":"","header-main-stick-meta":"","header-below-stick-meta":"","astra-migrate-meta-layouts":"set","ast-page-background-enabled":"default","ast-page-background-meta":{"desktop":{"background-color":"","background-image":"","background-repeat":"repeat","background-position":"center center","background-size":"auto","background-attachment":"scroll","background-type":"","background-media":"","overlay-type":"","overlay-color":"","overlay-opacity":"","overlay-gradient":""},"tablet":{"background-color":"","background-image":"","background-repeat":"repeat","background-position":"center center","background-size":"auto","background-attachment":"scroll","background-type":"","background-media":"","overlay-type":"","overlay-color":"","overlay-opacity":"","overlay-gradient":""},"mobile":{"background-color":"","background-image":"","background-repeat":"repeat","background-position":"center center","background-size":"auto","background-attachment":"scroll","background-type":"","background-media":"","overlay-type":"","overlay-color":"","overlay-opacity":"","overlay-gradient":""}},"ast-content-background-meta":{"desktop":{"background-color":"var(--ast-global-color-5)","background-image":"","background-repeat":"repeat","background-position":"center center","background-size":"auto","background-attachment":"scroll","background-type":"","background-media":"","overlay-type":"","overlay-color":"","overlay-opacity":"","overlay-gradient":""},"tablet":{"background-color":"var(--ast-global-color-5)","background-image":"","background-repeat":"repeat","background-position":"center center","background-size":"auto","background-attachment":"scroll","background-type":"","background-media":"","overlay-type":"","overlay-color":"","overlay-opacity":"","overlay-gradient":""},"mobile":{"background-color":"var(--ast-global-color-5)","background-image":"","background-repeat":"repeat","background-position":"center center","background-size":"auto","background-attachment":"scroll","background-type":"","background-media":"","overlay-type":"","overlay-color":"","overlay-opacity":"","overlay-gradient":""}}},"product_brand":[],"product_cat":[51],"product_tag":[],"class_list":{"0":"post-2456","1":"product","2":"type-product","3":"status-publish","4":"has-post-thumbnail","6":"product_cat-cognac-armagnac","7":"desktop-align-center","8":"tablet-align-left","9":"mobile-align-left","11":"first","12":"instock","13":"shipping-taxable","14":"purchasable","15":"product-type-simple"},"yoast_head":"<!-- This site is optimized with the Yoast SEO Premium plugin v24.7 (Yoast SEO v27.3) - https:\/\/yoast.com\/product\/yoast-seo-premium-wordpress\/ -->\n<title>Martell L&#039;Or De Jean Cognac 70cl<\/title>\n<meta name=\"description\" content=\"Martell L&#039;Or de Jean Martell Cognac, This Cognac is made from eaux-de-vie from the terroirs of Grande Champagne and Borderies and is composed...\" \/>\n<meta name=\"robots\" content=\"index, follow, max-snippet:-1, max-image-preview:large, max-video-preview:-1\" \/>\n<link rel=\"canonical\" href=\"https:\/\/comprehensiveliquor.com\/es\/product\/martell-lor-de-jean-cognac-70cl\/\" \/>\n<meta property=\"og:locale\" content=\"es_ES\" \/>\n<meta property=\"og:type\" content=\"article\" \/>\n<meta property=\"og:title\" content=\"Martell L&#039;Or De Jean Cognac 70cl\" \/>\n<meta property=\"og:description\" content=\"Martell L&#039;Or de Jean Martell Cognac, This Cognac is made from eaux-de-vie from the terroirs of Grande Champagne and Borderies and is composed...\" \/>\n<meta property=\"og:url\" content=\"https:\/\/comprehensiveliquor.com\/es\/product\/martell-lor-de-jean-cognac-70cl\/\" \/>\n<meta property=\"og:site_name\" content=\"Comprehensive Liquor\" \/>\n<meta property=\"article:modified_time\" content=\"2025-06-14T12:39:23+00:00\" \/>\n<meta property=\"og:image\" content=\"https:\/\/comprehensiveliquor.com\/wp-content\/uploads\/2022\/10\/image_2022-10-17_205653386.png\" \/>\n\t<meta property=\"og:image:width\" content=\"640\" \/>\n\t<meta property=\"og:image:height\" content=\"960\" \/>\n\t<meta property=\"og:image:type\" content=\"image\/png\" \/>\n<meta name=\"twitter:card\" content=\"summary_large_image\" \/>\n<meta name=\"twitter:label1\" content=\"Tiempo de lectura\" \/>\n\t<meta name=\"twitter:data1\" content=\"2 minutos\" \/>\n<script type=\"application\/ld+json\" class=\"yoast-schema-graph\">{\"@context\":\"https:\\\/\\\/schema.org\",\"@graph\":[{\"@type\":\"WebPage\",\"@id\":\"https:\\\/\\\/comprehensiveliquor.com\\\/product\\\/martell-lor-de-jean-cognac-70cl\\\/\",\"url\":\"https:\\\/\\\/comprehensiveliquor.com\\\/product\\\/martell-lor-de-jean-cognac-70cl\\\/\",\"name\":\"Martell L'Or De Jean Cognac 70cl\",\"isPartOf\":{\"@id\":\"https:\\\/\\\/comprehensiveliquor.com\\\/#website\"},\"primaryImageOfPage\":{\"@id\":\"https:\\\/\\\/comprehensiveliquor.com\\\/product\\\/martell-lor-de-jean-cognac-70cl\\\/#primaryimage\"},\"image\":{\"@id\":\"https:\\\/\\\/comprehensiveliquor.com\\\/product\\\/martell-lor-de-jean-cognac-70cl\\\/#primaryimage\"},\"thumbnailUrl\":\"https:\\\/\\\/comprehensiveliquor.com\\\/wp-content\\\/uploads\\\/2022\\\/10\\\/image_2022-10-17_205653386.png\",\"datePublished\":\"2022-10-17T19:59:18+00:00\",\"dateModified\":\"2025-06-14T12:39:23+00:00\",\"description\":\"Martell L'Or de Jean Martell Cognac, This Cognac is made from eaux-de-vie from the terroirs of Grande Champagne and Borderies and is composed...\",\"breadcrumb\":{\"@id\":\"https:\\\/\\\/comprehensiveliquor.com\\\/product\\\/martell-lor-de-jean-cognac-70cl\\\/#breadcrumb\"},\"inLanguage\":\"es\",\"potentialAction\":[{\"@type\":\"ReadAction\",\"target\":[\"https:\\\/\\\/comprehensiveliquor.com\\\/product\\\/martell-lor-de-jean-cognac-70cl\\\/\"]}]},{\"@type\":\"ImageObject\",\"inLanguage\":\"es\",\"@id\":\"https:\\\/\\\/comprehensiveliquor.com\\\/product\\\/martell-lor-de-jean-cognac-70cl\\\/#primaryimage\",\"url\":\"https:\\\/\\\/comprehensiveliquor.com\\\/wp-content\\\/uploads\\\/2022\\\/10\\\/image_2022-10-17_205653386.png\",\"contentUrl\":\"https:\\\/\\\/comprehensiveliquor.com\\\/wp-content\\\/uploads\\\/2022\\\/10\\\/image_2022-10-17_205653386.png\",\"width\":640,\"height\":960,\"caption\":\"Martell L'Or De Jean\"},{\"@type\":\"BreadcrumbList\",\"@id\":\"https:\\\/\\\/comprehensiveliquor.com\\\/product\\\/martell-lor-de-jean-cognac-70cl\\\/#breadcrumb\",\"itemListElement\":[{\"@type\":\"ListItem\",\"position\":1,\"name\":\"Home\",\"item\":\"https:\\\/\\\/comprehensiveliquor.com\\\/\"},{\"@type\":\"ListItem\",\"position\":2,\"name\":\"Shop\",\"item\":\"https:\\\/\\\/comprehensiveliquor.com\\\/shop\\\/\"},{\"@type\":\"ListItem\",\"position\":3,\"name\":\"Martell L&#8217;Or De Jean Cognac 70cl\"}]},{\"@type\":\"WebSite\",\"@id\":\"https:\\\/\\\/comprehensiveliquor.com\\\/#website\",\"url\":\"https:\\\/\\\/comprehensiveliquor.com\\\/\",\"name\":\"Comprehensive Liquor\",\"description\":\"Best Liquor Store\",\"publisher\":{\"@id\":\"https:\\\/\\\/comprehensiveliquor.com\\\/#organization\"},\"alternateName\":\"Comprehensive Liquor Store\",\"potentialAction\":[{\"@type\":\"SearchAction\",\"target\":{\"@type\":\"EntryPoint\",\"urlTemplate\":\"https:\\\/\\\/comprehensiveliquor.com\\\/?s={search_term_string}\"},\"query-input\":{\"@type\":\"PropertyValueSpecification\",\"valueRequired\":true,\"valueName\":\"search_term_string\"}}],\"inLanguage\":\"es\"},{\"@type\":\"Organization\",\"@id\":\"https:\\\/\\\/comprehensiveliquor.com\\\/#organization\",\"name\":\"Comprehensive Liquor\",\"alternateName\":\"Comprehensive Liquor Store\",\"url\":\"https:\\\/\\\/comprehensiveliquor.com\\\/\",\"logo\":{\"@type\":\"ImageObject\",\"inLanguage\":\"es\",\"@id\":\"https:\\\/\\\/comprehensiveliquor.com\\\/#\\\/schema\\\/logo\\\/image\\\/\",\"url\":\"https:\\\/\\\/comprehensiveliquor.com\\\/wp-content\\\/uploads\\\/2024\\\/03\\\/cropped-image_2024-03-26_131408877.png\",\"contentUrl\":\"https:\\\/\\\/comprehensiveliquor.com\\\/wp-content\\\/uploads\\\/2024\\\/03\\\/cropped-image_2024-03-26_131408877.png\",\"width\":378,\"height\":263,\"caption\":\"Comprehensive Liquor\"},\"image\":{\"@id\":\"https:\\\/\\\/comprehensiveliquor.com\\\/#\\\/schema\\\/logo\\\/image\\\/\"}}]}<\/script>\n<!-- \/ Yoast SEO Premium plugin. -->","yoast_head_json":{"title":"Martell L'Or De Jean Cognac 70cl","description":"Cognac Martell L'Or de Jean Martell, Este co\u00f1ac se elabora a partir de aguardientes de los terru\u00f1os de Grande Champagne y Borderies y est\u00e1 compuesto...","robots":{"index":"index","follow":"follow","max-snippet":"max-snippet:-1","max-image-preview":"max-image-preview:large","max-video-preview":"max-video-preview:-1"},"canonical":"https:\/\/comprehensiveliquor.com\/es\/product\/martell-lor-de-jean-cognac-70cl\/","og_locale":"es_ES","og_type":"article","og_title":"Martell L'Or De Jean Cognac 70cl","og_description":"Martell L'Or de Jean Martell Cognac, This Cognac is made from eaux-de-vie from the terroirs of Grande Champagne and Borderies and is composed...","og_url":"https:\/\/comprehensiveliquor.com\/es\/product\/martell-lor-de-jean-cognac-70cl\/","og_site_name":"Comprehensive Liquor","article_modified_time":"2025-06-14T12:39:23+00:00","og_image":[{"width":640,"height":960,"url":"https:\/\/comprehensiveliquor.com\/wp-content\/uploads\/2022\/10\/image_2022-10-17_205653386.png","type":"image\/png"}],"twitter_card":"summary_large_image","twitter_misc":{"Tiempo de lectura":"2 minutos"},"schema":{"@context":"https:\/\/schema.org","@graph":[{"@type":"WebPage","@id":"https:\/\/comprehensiveliquor.com\/product\/martell-lor-de-jean-cognac-70cl\/","url":"https:\/\/comprehensiveliquor.com\/product\/martell-lor-de-jean-cognac-70cl\/","name":"Martell L'Or De Jean Cognac 70cl","isPartOf":{"@id":"https:\/\/comprehensiveliquor.com\/#website"},"primaryImageOfPage":{"@id":"https:\/\/comprehensiveliquor.com\/product\/martell-lor-de-jean-cognac-70cl\/#primaryimage"},"image":{"@id":"https:\/\/comprehensiveliquor.com\/product\/martell-lor-de-jean-cognac-70cl\/#primaryimage"},"thumbnailUrl":"https:\/\/comprehensiveliquor.com\/wp-content\/uploads\/2022\/10\/image_2022-10-17_205653386.png","datePublished":"2022-10-17T19:59:18+00:00","dateModified":"2025-06-14T12:39:23+00:00","description":"Cognac Martell L'Or de Jean Martell, Este co\u00f1ac se elabora a partir de aguardientes de los terru\u00f1os de Grande Champagne y Borderies y est\u00e1 compuesto...","breadcrumb":{"@id":"https:\/\/comprehensiveliquor.com\/product\/martell-lor-de-jean-cognac-70cl\/#breadcrumb"},"inLanguage":"es","potentialAction":[{"@type":"ReadAction","target":["https:\/\/comprehensiveliquor.com\/product\/martell-lor-de-jean-cognac-70cl\/"]}]},{"@type":"ImageObject","inLanguage":"es","@id":"https:\/\/comprehensiveliquor.com\/product\/martell-lor-de-jean-cognac-70cl\/#primaryimage","url":"https:\/\/comprehensiveliquor.com\/wp-content\/uploads\/2022\/10\/image_2022-10-17_205653386.png","contentUrl":"https:\/\/comprehensiveliquor.com\/wp-content\/uploads\/2022\/10\/image_2022-10-17_205653386.png","width":640,"height":960,"caption":"Martell L'Or De Jean"},{"@type":"BreadcrumbList","@id":"https:\/\/comprehensiveliquor.com\/product\/martell-lor-de-jean-cognac-70cl\/#breadcrumb","itemListElement":[{"@type":"ListItem","position":1,"name":"Home","item":"https:\/\/comprehensiveliquor.com\/"},{"@type":"ListItem","position":2,"name":"Shop","item":"https:\/\/comprehensiveliquor.com\/shop\/"},{"@type":"ListItem","position":3,"name":"Martell L&#8217;Or De Jean Cognac 70cl"}]},{"@type":"WebSite","@id":"https:\/\/comprehensiveliquor.com\/#website","url":"https:\/\/comprehensiveliquor.com\/","name":"Licores integrales","description":"Best Liquor Store","publisher":{"@id":"https:\/\/comprehensiveliquor.com\/#organization"},"alternateName":"Comprehensive Liquor Store","potentialAction":[{"@type":"SearchAction","target":{"@type":"EntryPoint","urlTemplate":"https:\/\/comprehensiveliquor.com\/?s={search_term_string}"},"query-input":{"@type":"PropertyValueSpecification","valueRequired":true,"valueName":"search_term_string"}}],"inLanguage":"es"},{"@type":"Organization","@id":"https:\/\/comprehensiveliquor.com\/#organization","name":"Licores integrales","alternateName":"Comprehensive Liquor Store","url":"https:\/\/comprehensiveliquor.com\/","logo":{"@type":"ImageObject","inLanguage":"es","@id":"https:\/\/comprehensiveliquor.com\/#\/schema\/logo\/image\/","url":"https:\/\/comprehensiveliquor.com\/wp-content\/uploads\/2024\/03\/cropped-image_2024-03-26_131408877.png","contentUrl":"https:\/\/comprehensiveliquor.com\/wp-content\/uploads\/2024\/03\/cropped-image_2024-03-26_131408877.png","width":378,"height":263,"caption":"Comprehensive Liquor"},"image":{"@id":"https:\/\/comprehensiveliquor.com\/#\/schema\/logo\/image\/"}}]}},"_links":{"self":[{"href":"https:\/\/comprehensiveliquor.com\/es\/wp-json\/wp\/v2\/product\/2456","targetHints":{"allow":["GET"]}}],"collection":[{"href":"https:\/\/comprehensiveliquor.com\/es\/wp-json\/wp\/v2\/product"}],"about":[{"href":"https:\/\/comprehensiveliquor.com\/es\/wp-json\/wp\/v2\/types\/product"}],"replies":[{"embeddable":true,"href":"https:\/\/comprehensiveliquor.com\/es\/wp-json\/wp\/v2\/comments?post=2456"}],"wp:featuredmedia":[{"embeddable":true,"href":"https:\/\/comprehensiveliquor.com\/es\/wp-json\/wp\/v2\/media\/2457"}],"wp:attachment":[{"href":"https:\/\/comprehensiveliquor.com\/es\/wp-json\/wp\/v2\/media?parent=2456"}],"wp:term":[{"taxonomy":"product_brand","embeddable":true,"href":"https:\/\/comprehensiveliquor.com\/es\/wp-json\/wp\/v2\/product_brand?post=2456"},{"taxonomy":"product_cat","embeddable":true,"href":"https:\/\/comprehensiveliquor.com\/es\/wp-json\/wp\/v2\/product_cat?post=2456"},{"taxonomy":"product_tag","embeddable":true,"href":"https:\/\/comprehensiveliquor.com\/es\/wp-json\/wp\/v2\/product_tag?post=2456"}],"curies":[{"name":"wp","href":"https:\/\/api.w.org\/{rel}","templated":true}]}}