{"id":3016,"date":"2022-10-31T18:32:57","date_gmt":"2022-10-31T18:32:57","guid":{"rendered":"https:\/\/comprehensiveliquor.com\/?post_type=product&#038;p=3016"},"modified":"2025-11-14T09:45:38","modified_gmt":"2025-11-14T09:45:38","slug":"macallan-edition-no-2-750ml","status":"publish","type":"product","link":"https:\/\/comprehensiveliquor.com\/es\/product\/macallan-edition-no-2-750ml\/","title":{"rendered":"Whisky escoc\u00e9s The Macallan Edition No. 2 70 cl"},"content":{"rendered":"<div id=\"tab-description\" class=\"tab-content is-active\" style=\"color: #252525;\">\n<div class=\"container\" style=\"color: #252525;\">\n<div id=\"ih__desc-10818\" class=\"productView-description-tabContent is-open\" style=\"color: #252525;\" data-event-type=\"product\" data-analytics-sent=\"{&quot;product_id&quot;:&quot;10818&quot;,&quot;name&quot;:&quot;Macallan Edition No. 2 750ML&quot;,&quot;category&quot;:&quot;Spirits\/Whisky\/Scotch Whisky\/Single Malt Whisky\/Highland&quot;,&quot;brand&quot;:&quot;Macallan&quot;,&quot;price&quot;:&quot;174.99&quot;,&quot;sku&quot;:null,&quot;variant&quot;:&quot;single-product-option&quot;,&quot;properties&quot;:{&quot;channel&quot;:{&quot;id&quot;:1,&quot;name&quot;:&quot;default&quot;,&quot;type&quot;:&quot;default&quot;}},&quot;currency&quot;:&quot;USD&quot;}\">\n<h2 style=\"color: #252525;\"><strong style=\"color: #252525;\">Lanzamiento de la edici\u00f3n limitada n.\u00ba 2 de Macallan<\/strong><\/h2>\n<p>Una colaboraci\u00f3n creativa entre Bob Dalgarno, su maestro whiskero, y los tres hermanos, cofundadores de El Celler de Can Roca, dos veces nombrado el mejor restaurante del mundo, Edition No. 2 une a estos cuatro maestros en una sola bebida. El car\u00e1cter distintivo y din\u00e1mico de Edition No. 2 se ha forjado no solo gracias al uso de siete excepcionales tipos de barricas de roble de cuatro bodegas diferentes, sino tambi\u00e9n gracias al esp\u00edritu creativo de cada uno de los cuatro colaboradores, quienes combinaron sabores para reflejar las personalidades distintivas de cada uno en el whisky resultante.<\/p>\n<p>&nbsp;<\/p>\n<\/div>\n<\/div>\n<\/div>\n<div id=\"tab-addition\" class=\"tab-content\" style=\"color: #252525;\">\n<div class=\"container\" style=\"color: #252525;\">\n<h2 class=\"beautify__page-heading _hasToggle\" style=\"color: #252525;\">Atributos<\/h2>\n<div id=\"ih__addition-10818\" class=\"productView-addition-tabContent is-open\" style=\"color: #252525;\">\n<table class=\"productView-addition-table table\" style=\"color: #252525;\">\n<tbody class=\"table-tbody\" style=\"color: #252525;\">\n<tr class=\"productView-info-row--cfProductOf\" style=\"color: #252525;\">\n<td style=\"color: #252525;\">\n<div class=\"productView-info-name productView-info-name--cfProductOf\" style=\"color: #252525;\"><strong>product of<\/strong>:<\/div>\n<\/td>\n<td style=\"color: #252525;\">\n<div class=\"productView-info-value productView-info-value--cfProductOf\" style=\"color: #252525;\">Scotland<\/div>\n<\/td>\n<\/tr>\n<tr class=\"productView-info-row--cfVarietalType\" style=\"color: #252525;\">\n<td style=\"color: #252525;\">\n<div class=\"productView-info-name productView-info-name--cfVarietalType\" style=\"color: #252525;\"><strong>Varietal\/Tipo<\/strong>:<\/div>\n<\/td>\n<td style=\"color: #252525;\">\n<div class=\"productView-info-value productView-info-value--cfVarietalType\" style=\"color: #252525;\"><a href=\"https:\/\/comprehensiveliquor.com\/es\/product-category\/single-malt-whisky\/\">Single Malt Scotch.<\/a><\/div>\n<\/td>\n<\/tr>\n<tr class=\"productView-info-row--cfSize\" style=\"color: #252525;\">\n<td style=\"color: #252525;\">\n<div class=\"productView-info-name productView-info-name--cfSize\" style=\"color: #252525;\"><strong>Size<\/strong>:<\/div>\n<\/td>\n<td style=\"color: #252525;\">\n<div class=\"productView-info-value productView-info-value--cfSize\" style=\"color: #252525;\">750ML<\/div>\n<\/td>\n<\/tr>\n<\/tbody>\n<\/table>\n<\/div>\n<\/div>\n<\/div>","protected":false},"excerpt":{"rendered":"<p>Macallan Limited Edition No. 2 Release A creative collaboration between Bob Dalgarno, their master whisky maker, and the three brothers, co-founders of El Celler de Can Roca, twice named the best restaurant in the world, Edition No. 2 unites these four masters in one spirit. The distinctive and dynamic character of Edition No. 2 has [&hellip;]<\/p>\n","protected":false},"featured_media":3017,"comment_status":"open","ping_status":"closed","template":"","meta":{"site-sidebar-layout":"default","site-content-layout":"default","ast-site-content-layout":"default","site-content-style":"default","site-sidebar-style":"default","ast-global-header-display":"","ast-banner-title-visibility":"","ast-main-header-display":"","ast-hfb-above-header-display":"","ast-hfb-below-header-display":"","ast-hfb-mobile-header-display":"","site-post-title":"","ast-breadcrumbs-content":"","ast-featured-img":"","footer-sml-layout":"","ast-disable-related-posts":"","theme-transparent-header-meta":"default","adv-header-id-meta":"","stick-header-meta":"","header-above-stick-meta":"","header-main-stick-meta":"","header-below-stick-meta":"","astra-migrate-meta-layouts":"set","ast-page-background-enabled":"default","ast-page-background-meta":{"desktop":{"background-color":"","background-image":"","background-repeat":"repeat","background-position":"center center","background-size":"auto","background-attachment":"scroll","background-type":"","background-media":"","overlay-type":"","overlay-color":"","overlay-opacity":"","overlay-gradient":""},"tablet":{"background-color":"","background-image":"","background-repeat":"repeat","background-position":"center center","background-size":"auto","background-attachment":"scroll","background-type":"","background-media":"","overlay-type":"","overlay-color":"","overlay-opacity":"","overlay-gradient":""},"mobile":{"background-color":"","background-image":"","background-repeat":"repeat","background-position":"center center","background-size":"auto","background-attachment":"scroll","background-type":"","background-media":"","overlay-type":"","overlay-color":"","overlay-opacity":"","overlay-gradient":""}},"ast-content-background-meta":{"desktop":{"background-color":"var(--ast-global-color-5)","background-image":"","background-repeat":"repeat","background-position":"center center","background-size":"auto","background-attachment":"scroll","background-type":"","background-media":"","overlay-type":"","overlay-color":"","overlay-opacity":"","overlay-gradient":""},"tablet":{"background-color":"var(--ast-global-color-5)","background-image":"","background-repeat":"repeat","background-position":"center center","background-size":"auto","background-attachment":"scroll","background-type":"","background-media":"","overlay-type":"","overlay-color":"","overlay-opacity":"","overlay-gradient":""},"mobile":{"background-color":"var(--ast-global-color-5)","background-image":"","background-repeat":"repeat","background-position":"center center","background-size":"auto","background-attachment":"scroll","background-type":"","background-media":"","overlay-type":"","overlay-color":"","overlay-opacity":"","overlay-gradient":""}}},"product_brand":[],"product_cat":[79,39,32,46,27],"product_tag":[],"class_list":{"0":"post-3016","1":"product","2":"type-product","3":"status-publish","4":"has-post-thumbnail","6":"product_cat-macallan","7":"product_cat-scotch-whisky","8":"product_cat-single-malt-whisky","9":"product_cat-whisky","10":"product_cat-world-whisky","11":"desktop-align-center","12":"tablet-align-left","13":"mobile-align-left","15":"first","16":"instock","17":"shipping-taxable","18":"purchasable","19":"product-type-simple"},"yoast_head":"<!-- This site is optimized with the Yoast SEO Premium plugin v24.7 (Yoast SEO v27.4) - https:\/\/yoast.com\/product\/yoast-seo-premium-wordpress\/ -->\n<title>Macallan Edition No. 2 Scotch Whisky 70cl | Buy Online<\/title>\n<meta name=\"description\" content=\"Shop Macallan Edition No. 2 70cl\u2014limited Scotch whisky for collectors. Premium flavor, rare release, fast delivery. Buy this exclusive bottle today.\" \/>\n<meta name=\"robots\" content=\"index, follow, max-snippet:-1, max-image-preview:large, max-video-preview:-1\" \/>\n<link rel=\"canonical\" href=\"https:\/\/comprehensiveliquor.com\/es\/product\/macallan-edition-no-2-750ml\/\" \/>\n<meta property=\"og:locale\" content=\"es_ES\" \/>\n<meta property=\"og:type\" content=\"article\" \/>\n<meta property=\"og:title\" content=\"The Macallan Edition No. 2 Scotch Whisky 70cl\" \/>\n<meta property=\"og:description\" content=\"Shop Macallan Edition No. 2 70cl\u2014limited Scotch whisky for collectors. Premium flavor, rare release, fast delivery. Buy this exclusive bottle today.\" \/>\n<meta property=\"og:url\" content=\"https:\/\/comprehensiveliquor.com\/es\/product\/macallan-edition-no-2-750ml\/\" \/>\n<meta property=\"og:site_name\" content=\"Comprehensive Liquor\" \/>\n<meta property=\"article:modified_time\" content=\"2025-11-14T09:45:38+00:00\" \/>\n<meta property=\"og:image\" content=\"https:\/\/comprehensiveliquor.com\/wp-content\/uploads\/2022\/10\/image_2022-10-31_193038559.png\" \/>\n\t<meta property=\"og:image:width\" content=\"640\" \/>\n\t<meta property=\"og:image:height\" content=\"960\" \/>\n\t<meta property=\"og:image:type\" content=\"image\/png\" \/>\n<meta name=\"twitter:card\" content=\"summary_large_image\" \/>\n<meta name=\"twitter:label1\" content=\"Tiempo de lectura\" \/>\n\t<meta name=\"twitter:data1\" content=\"1 minuto\" \/>\n<script type=\"application\/ld+json\" class=\"yoast-schema-graph\">{\"@context\":\"https:\\\/\\\/schema.org\",\"@graph\":[{\"@type\":\"WebPage\",\"@id\":\"https:\\\/\\\/comprehensiveliquor.com\\\/product\\\/macallan-edition-no-2-750ml\\\/\",\"url\":\"https:\\\/\\\/comprehensiveliquor.com\\\/product\\\/macallan-edition-no-2-750ml\\\/\",\"name\":\"Macallan Edition No. 2 Scotch Whisky 70cl | Buy Online\",\"isPartOf\":{\"@id\":\"https:\\\/\\\/comprehensiveliquor.com\\\/#website\"},\"primaryImageOfPage\":{\"@id\":\"https:\\\/\\\/comprehensiveliquor.com\\\/product\\\/macallan-edition-no-2-750ml\\\/#primaryimage\"},\"image\":{\"@id\":\"https:\\\/\\\/comprehensiveliquor.com\\\/product\\\/macallan-edition-no-2-750ml\\\/#primaryimage\"},\"thumbnailUrl\":\"https:\\\/\\\/comprehensiveliquor.com\\\/wp-content\\\/uploads\\\/2022\\\/10\\\/image_2022-10-31_193038559.png\",\"datePublished\":\"2022-10-31T18:32:57+00:00\",\"dateModified\":\"2025-11-14T09:45:38+00:00\",\"description\":\"Shop Macallan Edition No. 2 70cl\u2014limited Scotch whisky for collectors. Premium flavor, rare release, fast delivery. Buy this exclusive bottle today.\",\"breadcrumb\":{\"@id\":\"https:\\\/\\\/comprehensiveliquor.com\\\/product\\\/macallan-edition-no-2-750ml\\\/#breadcrumb\"},\"inLanguage\":\"es\",\"potentialAction\":[{\"@type\":\"ReadAction\",\"target\":[\"https:\\\/\\\/comprehensiveliquor.com\\\/product\\\/macallan-edition-no-2-750ml\\\/\"]}]},{\"@type\":\"ImageObject\",\"inLanguage\":\"es\",\"@id\":\"https:\\\/\\\/comprehensiveliquor.com\\\/product\\\/macallan-edition-no-2-750ml\\\/#primaryimage\",\"url\":\"https:\\\/\\\/comprehensiveliquor.com\\\/wp-content\\\/uploads\\\/2022\\\/10\\\/image_2022-10-31_193038559.png\",\"contentUrl\":\"https:\\\/\\\/comprehensiveliquor.com\\\/wp-content\\\/uploads\\\/2022\\\/10\\\/image_2022-10-31_193038559.png\",\"width\":640,\"height\":960,\"caption\":\"Macallan Edition No. 2 Scotch Whisky 70cl bottle\"},{\"@type\":\"BreadcrumbList\",\"@id\":\"https:\\\/\\\/comprehensiveliquor.com\\\/product\\\/macallan-edition-no-2-750ml\\\/#breadcrumb\",\"itemListElement\":[{\"@type\":\"ListItem\",\"position\":1,\"name\":\"Home\",\"item\":\"https:\\\/\\\/comprehensiveliquor.com\\\/\"},{\"@type\":\"ListItem\",\"position\":2,\"name\":\"Shop\",\"item\":\"https:\\\/\\\/comprehensiveliquor.com\\\/shop\\\/\"},{\"@type\":\"ListItem\",\"position\":3,\"name\":\"The Macallan Edition No. 2 Scotch Whisky 70cl\"}]},{\"@type\":\"WebSite\",\"@id\":\"https:\\\/\\\/comprehensiveliquor.com\\\/#website\",\"url\":\"https:\\\/\\\/comprehensiveliquor.com\\\/\",\"name\":\"Comprehensive Liquor\",\"description\":\"Best Liquor Store\",\"publisher\":{\"@id\":\"https:\\\/\\\/comprehensiveliquor.com\\\/#organization\"},\"alternateName\":\"Comprehensive Liquor Store\",\"potentialAction\":[{\"@type\":\"SearchAction\",\"target\":{\"@type\":\"EntryPoint\",\"urlTemplate\":\"https:\\\/\\\/comprehensiveliquor.com\\\/?s={search_term_string}\"},\"query-input\":{\"@type\":\"PropertyValueSpecification\",\"valueRequired\":true,\"valueName\":\"search_term_string\"}}],\"inLanguage\":\"es\"},{\"@type\":\"Organization\",\"@id\":\"https:\\\/\\\/comprehensiveliquor.com\\\/#organization\",\"name\":\"Comprehensive Liquor\",\"alternateName\":\"Comprehensive Liquor Store\",\"url\":\"https:\\\/\\\/comprehensiveliquor.com\\\/\",\"logo\":{\"@type\":\"ImageObject\",\"inLanguage\":\"es\",\"@id\":\"https:\\\/\\\/comprehensiveliquor.com\\\/#\\\/schema\\\/logo\\\/image\\\/\",\"url\":\"https:\\\/\\\/comprehensiveliquor.com\\\/wp-content\\\/uploads\\\/2024\\\/03\\\/cropped-image_2024-03-26_131408877.png\",\"contentUrl\":\"https:\\\/\\\/comprehensiveliquor.com\\\/wp-content\\\/uploads\\\/2024\\\/03\\\/cropped-image_2024-03-26_131408877.png\",\"width\":378,\"height\":263,\"caption\":\"Comprehensive Liquor\"},\"image\":{\"@id\":\"https:\\\/\\\/comprehensiveliquor.com\\\/#\\\/schema\\\/logo\\\/image\\\/\"}}]}<\/script>\n<!-- \/ Yoast SEO Premium plugin. -->","yoast_head_json":{"title":"Whisky escoc\u00e9s Macallan Edici\u00f3n N.\u00ba 2 70 cl | Comprar en l\u00ednea","description":"Compra Macallan Edici\u00f3n N.\u00ba 2 70 cl: whisky escoc\u00e9s de edici\u00f3n limitada para coleccionistas. Sabor premium, lanzamiento excepcional, entrega r\u00e1pida. Compra esta exclusiva botella hoy mismo.","robots":{"index":"index","follow":"follow","max-snippet":"max-snippet:-1","max-image-preview":"max-image-preview:large","max-video-preview":"max-video-preview:-1"},"canonical":"https:\/\/comprehensiveliquor.com\/es\/product\/macallan-edition-no-2-750ml\/","og_locale":"es_ES","og_type":"article","og_title":"The Macallan Edition No. 2 Scotch Whisky 70cl","og_description":"Shop Macallan Edition No. 2 70cl\u2014limited Scotch whisky for collectors. Premium flavor, rare release, fast delivery. Buy this exclusive bottle today.","og_url":"https:\/\/comprehensiveliquor.com\/es\/product\/macallan-edition-no-2-750ml\/","og_site_name":"Comprehensive Liquor","article_modified_time":"2025-11-14T09:45:38+00:00","og_image":[{"width":640,"height":960,"url":"https:\/\/comprehensiveliquor.com\/wp-content\/uploads\/2022\/10\/image_2022-10-31_193038559.png","type":"image\/png"}],"twitter_card":"summary_large_image","twitter_misc":{"Tiempo de lectura":"1 minuto"},"schema":{"@context":"https:\/\/schema.org","@graph":[{"@type":"WebPage","@id":"https:\/\/comprehensiveliquor.com\/product\/macallan-edition-no-2-750ml\/","url":"https:\/\/comprehensiveliquor.com\/product\/macallan-edition-no-2-750ml\/","name":"Whisky escoc\u00e9s Macallan Edici\u00f3n N.\u00ba 2 70 cl | Comprar en l\u00ednea","isPartOf":{"@id":"https:\/\/comprehensiveliquor.com\/#website"},"primaryImageOfPage":{"@id":"https:\/\/comprehensiveliquor.com\/product\/macallan-edition-no-2-750ml\/#primaryimage"},"image":{"@id":"https:\/\/comprehensiveliquor.com\/product\/macallan-edition-no-2-750ml\/#primaryimage"},"thumbnailUrl":"https:\/\/comprehensiveliquor.com\/wp-content\/uploads\/2022\/10\/image_2022-10-31_193038559.png","datePublished":"2022-10-31T18:32:57+00:00","dateModified":"2025-11-14T09:45:38+00:00","description":"Compra Macallan Edici\u00f3n N.\u00ba 2 70 cl: whisky escoc\u00e9s de edici\u00f3n limitada para coleccionistas. Sabor premium, lanzamiento excepcional, entrega r\u00e1pida. Compra esta exclusiva botella hoy mismo.","breadcrumb":{"@id":"https:\/\/comprehensiveliquor.com\/product\/macallan-edition-no-2-750ml\/#breadcrumb"},"inLanguage":"es","potentialAction":[{"@type":"ReadAction","target":["https:\/\/comprehensiveliquor.com\/product\/macallan-edition-no-2-750ml\/"]}]},{"@type":"ImageObject","inLanguage":"es","@id":"https:\/\/comprehensiveliquor.com\/product\/macallan-edition-no-2-750ml\/#primaryimage","url":"https:\/\/comprehensiveliquor.com\/wp-content\/uploads\/2022\/10\/image_2022-10-31_193038559.png","contentUrl":"https:\/\/comprehensiveliquor.com\/wp-content\/uploads\/2022\/10\/image_2022-10-31_193038559.png","width":640,"height":960,"caption":"Macallan Edition No. 2 Scotch Whisky 70cl bottle"},{"@type":"BreadcrumbList","@id":"https:\/\/comprehensiveliquor.com\/product\/macallan-edition-no-2-750ml\/#breadcrumb","itemListElement":[{"@type":"ListItem","position":1,"name":"Home","item":"https:\/\/comprehensiveliquor.com\/"},{"@type":"ListItem","position":2,"name":"Shop","item":"https:\/\/comprehensiveliquor.com\/shop\/"},{"@type":"ListItem","position":3,"name":"The Macallan Edition No. 2 Scotch Whisky 70cl"}]},{"@type":"WebSite","@id":"https:\/\/comprehensiveliquor.com\/#website","url":"https:\/\/comprehensiveliquor.com\/","name":"Licores integrales","description":"Best Liquor Store","publisher":{"@id":"https:\/\/comprehensiveliquor.com\/#organization"},"alternateName":"Comprehensive Liquor Store","potentialAction":[{"@type":"SearchAction","target":{"@type":"EntryPoint","urlTemplate":"https:\/\/comprehensiveliquor.com\/?s={search_term_string}"},"query-input":{"@type":"PropertyValueSpecification","valueRequired":true,"valueName":"search_term_string"}}],"inLanguage":"es"},{"@type":"Organization","@id":"https:\/\/comprehensiveliquor.com\/#organization","name":"Licores integrales","alternateName":"Comprehensive Liquor Store","url":"https:\/\/comprehensiveliquor.com\/","logo":{"@type":"ImageObject","inLanguage":"es","@id":"https:\/\/comprehensiveliquor.com\/#\/schema\/logo\/image\/","url":"https:\/\/comprehensiveliquor.com\/wp-content\/uploads\/2024\/03\/cropped-image_2024-03-26_131408877.png","contentUrl":"https:\/\/comprehensiveliquor.com\/wp-content\/uploads\/2024\/03\/cropped-image_2024-03-26_131408877.png","width":378,"height":263,"caption":"Comprehensive Liquor"},"image":{"@id":"https:\/\/comprehensiveliquor.com\/#\/schema\/logo\/image\/"}}]}},"_links":{"self":[{"href":"https:\/\/comprehensiveliquor.com\/es\/wp-json\/wp\/v2\/product\/3016","targetHints":{"allow":["GET"]}}],"collection":[{"href":"https:\/\/comprehensiveliquor.com\/es\/wp-json\/wp\/v2\/product"}],"about":[{"href":"https:\/\/comprehensiveliquor.com\/es\/wp-json\/wp\/v2\/types\/product"}],"replies":[{"embeddable":true,"href":"https:\/\/comprehensiveliquor.com\/es\/wp-json\/wp\/v2\/comments?post=3016"}],"wp:featuredmedia":[{"embeddable":true,"href":"https:\/\/comprehensiveliquor.com\/es\/wp-json\/wp\/v2\/media\/3017"}],"wp:attachment":[{"href":"https:\/\/comprehensiveliquor.com\/es\/wp-json\/wp\/v2\/media?parent=3016"}],"wp:term":[{"taxonomy":"product_brand","embeddable":true,"href":"https:\/\/comprehensiveliquor.com\/es\/wp-json\/wp\/v2\/product_brand?post=3016"},{"taxonomy":"product_cat","embeddable":true,"href":"https:\/\/comprehensiveliquor.com\/es\/wp-json\/wp\/v2\/product_cat?post=3016"},{"taxonomy":"product_tag","embeddable":true,"href":"https:\/\/comprehensiveliquor.com\/es\/wp-json\/wp\/v2\/product_tag?post=3016"}],"curies":[{"name":"wp","href":"https:\/\/api.w.org\/{rel}","templated":true}]}}