{"id":3018,"date":"2022-10-31T18:47:35","date_gmt":"2022-10-31T18:47:35","guid":{"rendered":"https:\/\/comprehensiveliquor.com\/?post_type=product&#038;p=3018"},"modified":"2025-11-14T09:38:19","modified_gmt":"2025-11-14T09:38:19","slug":"whisky-escoces-de-pura-malta-numero-1-de-la-edicion-macallan-750-ml","status":"publish","type":"product","link":"https:\/\/comprehensiveliquor.com\/es\/product\/whisky-escoces-de-pura-malta-numero-1-de-la-edicion-macallan-750-ml\/","title":{"rendered":"Whisky escoc\u00e9s de pura malta The Macallan Edition No. 1 70 cl"},"content":{"rendered":"<h2 class=\"name\" tabindex=\"0\" data-hook=\"product-name\" aria-label=\"The Macallan Edition No 1 Single Malt Scotch Whisky\">Edici\u00f3n Macallan n.\u00ba 1. Whisky escoc\u00e9s<\/h2>\n<p>The Macallan Edition No. 1 es el primer lanzamiento de una nueva edici\u00f3n limitada anual de la prestigiosa destiler\u00eda. The Macallan Edition No. 1 se elabora con whisky a\u00f1ejado en ocho estilos diferentes de barricas de roble europeo y americano.<\/p>\n<p>Debido a los ocho barriles diferentes, <a href=\"https:\/\/www.themacallan.com\/en\/edition-no1\">La edici\u00f3n Macallan n.\u00b0 1<\/a> Tiene un rico aroma a vainilla y caramelo. En boca, se percibe m\u00e1s calidez, especias y complejidad, con una cremosidad persistente que da paso a un final largo y suave, con canela, pimienta de Jamaica y un toque de chocolate.<\/p>\n<p>&nbsp;<\/p>\n<p>La edici\u00f3n Macallan n.\u00ba<\/p>\n<p>&nbsp;<\/p>\n<h3>Atributos<\/h3>\n<table class=\"productView-addition-table table\">\n<tbody class=\"table-tbody\">\n<tr class=\"productView-info-row--cfProductOf\">\n<td>\n<div class=\"productView-info-name productView-info-name--cfProductOf\"><strong>Producto de<\/strong>:<\/div>\n<\/td>\n<td>\n<div class=\"productView-info-value productView-info-value--cfProductOf\">Scotland<\/div>\n<\/td>\n<\/tr>\n<tr class=\"productView-info-row--cfVarietalType\">\n<td>\n<div class=\"productView-info-name productView-info-name--cfVarietalType\"><strong>Categor\u00eda<\/strong>:<\/div>\n<\/td>\n<td>\n<div class=\"productView-info-value productView-info-value--cfVarietalType\"><a href=\"https:\/\/comprehensiveliquor.com\/es\/product-category\/scotch-whisky\/\">whisky escoc\u00e9s<\/a><\/div>\n<\/td>\n<\/tr>\n<tr class=\"productView-info-row--cfSize\">\n<td>\n<div class=\"productView-info-name productView-info-name--cfSize\"><strong>Size<\/strong>:<\/div>\n<\/td>\n<td>\n<div class=\"productView-info-value productView-info-value--cfSize\">70cl<\/div>\n<\/td>\n<\/tr>\n<\/tbody>\n<\/table>","protected":false},"excerpt":{"rendered":"<p>Macallan Edici\u00f3n N.\u00ba 1. Embotellado al 48%, este whisky de malta de edici\u00f3n limitada fue creado por Bob Dalgarno, gerente de la destiler\u00eda hom\u00f3nima. Elaborado con una mezcla de jerez y whisky bourbon madurado en barricas de roble, este lujoso whisky es dulce y picante a partes iguales.<\/p>","protected":false},"featured_media":3019,"comment_status":"open","ping_status":"closed","template":"","meta":{"site-sidebar-layout":"default","site-content-layout":"default","ast-site-content-layout":"default","site-content-style":"default","site-sidebar-style":"default","ast-global-header-display":"","ast-banner-title-visibility":"","ast-main-header-display":"","ast-hfb-above-header-display":"","ast-hfb-below-header-display":"","ast-hfb-mobile-header-display":"","site-post-title":"","ast-breadcrumbs-content":"","ast-featured-img":"","footer-sml-layout":"","ast-disable-related-posts":"","theme-transparent-header-meta":"default","adv-header-id-meta":"","stick-header-meta":"","header-above-stick-meta":"","header-main-stick-meta":"","header-below-stick-meta":"","astra-migrate-meta-layouts":"set","ast-page-background-enabled":"default","ast-page-background-meta":{"desktop":{"background-color":"","background-image":"","background-repeat":"repeat","background-position":"center center","background-size":"auto","background-attachment":"scroll","background-type":"","background-media":"","overlay-type":"","overlay-color":"","overlay-opacity":"","overlay-gradient":""},"tablet":{"background-color":"","background-image":"","background-repeat":"repeat","background-position":"center center","background-size":"auto","background-attachment":"scroll","background-type":"","background-media":"","overlay-type":"","overlay-color":"","overlay-opacity":"","overlay-gradient":""},"mobile":{"background-color":"","background-image":"","background-repeat":"repeat","background-position":"center center","background-size":"auto","background-attachment":"scroll","background-type":"","background-media":"","overlay-type":"","overlay-color":"","overlay-opacity":"","overlay-gradient":""}},"ast-content-background-meta":{"desktop":{"background-color":"var(--ast-global-color-5)","background-image":"","background-repeat":"repeat","background-position":"center center","background-size":"auto","background-attachment":"scroll","background-type":"","background-media":"","overlay-type":"","overlay-color":"","overlay-opacity":"","overlay-gradient":""},"tablet":{"background-color":"var(--ast-global-color-5)","background-image":"","background-repeat":"repeat","background-position":"center center","background-size":"auto","background-attachment":"scroll","background-type":"","background-media":"","overlay-type":"","overlay-color":"","overlay-opacity":"","overlay-gradient":""},"mobile":{"background-color":"var(--ast-global-color-5)","background-image":"","background-repeat":"repeat","background-position":"center center","background-size":"auto","background-attachment":"scroll","background-type":"","background-media":"","overlay-type":"","overlay-color":"","overlay-opacity":"","overlay-gradient":""}}},"product_brand":[],"product_cat":[79,39],"product_tag":[],"class_list":{"0":"post-3018","1":"product","2":"type-product","3":"status-publish","4":"has-post-thumbnail","6":"product_cat-macallan","7":"product_cat-scotch-whisky","8":"desktop-align-center","9":"tablet-align-left","10":"mobile-align-left","12":"first","13":"instock","14":"shipping-taxable","15":"purchasable","16":"product-type-simple"},"yoast_head":"<!-- This site is optimized with the Yoast SEO Premium plugin v24.7 (Yoast SEO v27.3) - https:\/\/yoast.com\/product\/yoast-seo-premium-wordpress\/ -->\n<title>Macallan Edition No 1 Single Malt Scotch Whisky 70cl<\/title>\n<meta name=\"description\" content=\"Shop Macallan Edition No 1 70cl\u2014rare single malt whisky for collectors. Limited release, premium quality, fast shipping. Buy this exclusive bottle today.\" \/>\n<meta name=\"robots\" content=\"index, follow, max-snippet:-1, max-image-preview:large, max-video-preview:-1\" \/>\n<link rel=\"canonical\" href=\"https:\/\/comprehensiveliquor.com\/es\/product\/whisky-escoces-de-pura-malta-numero-1-de-la-edicion-macallan-750-ml\/\" \/>\n<meta property=\"og:locale\" content=\"es_ES\" \/>\n<meta property=\"og:type\" content=\"article\" \/>\n<meta property=\"og:title\" content=\"The Macallan Edition No 1 Single Malt Scotch Whisky 70cl\" \/>\n<meta property=\"og:description\" content=\"Shop Macallan Edition No 1 70cl\u2014rare single malt whisky for collectors. Limited release, premium quality, fast shipping. Buy this exclusive bottle today.\" \/>\n<meta property=\"og:url\" content=\"https:\/\/comprehensiveliquor.com\/es\/product\/whisky-escoces-de-pura-malta-numero-1-de-la-edicion-macallan-750-ml\/\" \/>\n<meta property=\"og:site_name\" content=\"Comprehensive Liquor\" \/>\n<meta property=\"article:modified_time\" content=\"2025-11-14T09:38:19+00:00\" \/>\n<meta property=\"og:image\" content=\"https:\/\/comprehensiveliquor.com\/wp-content\/uploads\/2022\/10\/image_2022-10-31_194606455.png\" \/>\n\t<meta property=\"og:image:width\" content=\"700\" \/>\n\t<meta property=\"og:image:height\" content=\"700\" \/>\n\t<meta property=\"og:image:type\" content=\"image\/png\" \/>\n<meta name=\"twitter:card\" content=\"summary_large_image\" \/>\n<meta name=\"twitter:label1\" content=\"Tiempo de lectura\" \/>\n\t<meta name=\"twitter:data1\" content=\"1 minuto\" \/>\n<script type=\"application\/ld+json\" class=\"yoast-schema-graph\">{\"@context\":\"https:\\\/\\\/schema.org\",\"@graph\":[{\"@type\":\"WebPage\",\"@id\":\"https:\\\/\\\/comprehensiveliquor.com\\\/product\\\/the-macallan-edition-no-1-single-malt-scotch-whisky-750ml\\\/\",\"url\":\"https:\\\/\\\/comprehensiveliquor.com\\\/product\\\/the-macallan-edition-no-1-single-malt-scotch-whisky-750ml\\\/\",\"name\":\"Macallan Edition No 1 Single Malt Scotch Whisky 70cl\",\"isPartOf\":{\"@id\":\"https:\\\/\\\/comprehensiveliquor.com\\\/#website\"},\"primaryImageOfPage\":{\"@id\":\"https:\\\/\\\/comprehensiveliquor.com\\\/product\\\/the-macallan-edition-no-1-single-malt-scotch-whisky-750ml\\\/#primaryimage\"},\"image\":{\"@id\":\"https:\\\/\\\/comprehensiveliquor.com\\\/product\\\/the-macallan-edition-no-1-single-malt-scotch-whisky-750ml\\\/#primaryimage\"},\"thumbnailUrl\":\"https:\\\/\\\/comprehensiveliquor.com\\\/wp-content\\\/uploads\\\/2022\\\/10\\\/image_2022-10-31_194606455.png\",\"datePublished\":\"2022-10-31T18:47:35+00:00\",\"dateModified\":\"2025-11-14T09:38:19+00:00\",\"description\":\"Shop Macallan Edition No 1 70cl\u2014rare single malt whisky for collectors. Limited release, premium quality, fast shipping. Buy this exclusive bottle today.\",\"breadcrumb\":{\"@id\":\"https:\\\/\\\/comprehensiveliquor.com\\\/product\\\/the-macallan-edition-no-1-single-malt-scotch-whisky-750ml\\\/#breadcrumb\"},\"inLanguage\":\"es\",\"potentialAction\":[{\"@type\":\"ReadAction\",\"target\":[\"https:\\\/\\\/comprehensiveliquor.com\\\/product\\\/the-macallan-edition-no-1-single-malt-scotch-whisky-750ml\\\/\"]}]},{\"@type\":\"ImageObject\",\"inLanguage\":\"es\",\"@id\":\"https:\\\/\\\/comprehensiveliquor.com\\\/product\\\/the-macallan-edition-no-1-single-malt-scotch-whisky-750ml\\\/#primaryimage\",\"url\":\"https:\\\/\\\/comprehensiveliquor.com\\\/wp-content\\\/uploads\\\/2022\\\/10\\\/image_2022-10-31_194606455.png\",\"contentUrl\":\"https:\\\/\\\/comprehensiveliquor.com\\\/wp-content\\\/uploads\\\/2022\\\/10\\\/image_2022-10-31_194606455.png\",\"width\":700,\"height\":700,\"caption\":\"The Macallan Edition No 1 Single Malt Scotch Whisky 70cl bottle\"},{\"@type\":\"BreadcrumbList\",\"@id\":\"https:\\\/\\\/comprehensiveliquor.com\\\/product\\\/the-macallan-edition-no-1-single-malt-scotch-whisky-750ml\\\/#breadcrumb\",\"itemListElement\":[{\"@type\":\"ListItem\",\"position\":1,\"name\":\"Home\",\"item\":\"https:\\\/\\\/comprehensiveliquor.com\\\/\"},{\"@type\":\"ListItem\",\"position\":2,\"name\":\"Shop\",\"item\":\"https:\\\/\\\/comprehensiveliquor.com\\\/shop\\\/\"},{\"@type\":\"ListItem\",\"position\":3,\"name\":\"The Macallan Edition No 1 Single Malt Scotch Whisky 70cl\"}]},{\"@type\":\"WebSite\",\"@id\":\"https:\\\/\\\/comprehensiveliquor.com\\\/#website\",\"url\":\"https:\\\/\\\/comprehensiveliquor.com\\\/\",\"name\":\"Comprehensive Liquor\",\"description\":\"Best Liquor Store\",\"publisher\":{\"@id\":\"https:\\\/\\\/comprehensiveliquor.com\\\/#organization\"},\"alternateName\":\"Comprehensive Liquor Store\",\"potentialAction\":[{\"@type\":\"SearchAction\",\"target\":{\"@type\":\"EntryPoint\",\"urlTemplate\":\"https:\\\/\\\/comprehensiveliquor.com\\\/?s={search_term_string}\"},\"query-input\":{\"@type\":\"PropertyValueSpecification\",\"valueRequired\":true,\"valueName\":\"search_term_string\"}}],\"inLanguage\":\"es\"},{\"@type\":\"Organization\",\"@id\":\"https:\\\/\\\/comprehensiveliquor.com\\\/#organization\",\"name\":\"Comprehensive Liquor\",\"alternateName\":\"Comprehensive Liquor Store\",\"url\":\"https:\\\/\\\/comprehensiveliquor.com\\\/\",\"logo\":{\"@type\":\"ImageObject\",\"inLanguage\":\"es\",\"@id\":\"https:\\\/\\\/comprehensiveliquor.com\\\/#\\\/schema\\\/logo\\\/image\\\/\",\"url\":\"https:\\\/\\\/comprehensiveliquor.com\\\/wp-content\\\/uploads\\\/2024\\\/03\\\/cropped-image_2024-03-26_131408877.png\",\"contentUrl\":\"https:\\\/\\\/comprehensiveliquor.com\\\/wp-content\\\/uploads\\\/2024\\\/03\\\/cropped-image_2024-03-26_131408877.png\",\"width\":378,\"height\":263,\"caption\":\"Comprehensive Liquor\"},\"image\":{\"@id\":\"https:\\\/\\\/comprehensiveliquor.com\\\/#\\\/schema\\\/logo\\\/image\\\/\"}}]}<\/script>\n<!-- \/ Yoast SEO Premium plugin. -->","yoast_head_json":{"title":"Whisky escoc\u00e9s de pura malta Macallan Edition No. 1 70 cl","description":"Compra Macallan Edici\u00f3n N.\u00ba 1 70 cl: un whisky de malta \u00fanico y excepcional para coleccionistas. Edici\u00f3n limitada, calidad premium y env\u00edo r\u00e1pido. Compra esta exclusiva botella hoy mismo.","robots":{"index":"index","follow":"follow","max-snippet":"max-snippet:-1","max-image-preview":"max-image-preview:large","max-video-preview":"max-video-preview:-1"},"canonical":"https:\/\/comprehensiveliquor.com\/es\/product\/whisky-escoces-de-pura-malta-numero-1-de-la-edicion-macallan-750-ml\/","og_locale":"es_ES","og_type":"article","og_title":"The Macallan Edition No 1 Single Malt Scotch Whisky 70cl","og_description":"Shop Macallan Edition No 1 70cl\u2014rare single malt whisky for collectors. Limited release, premium quality, fast shipping. Buy this exclusive bottle today.","og_url":"https:\/\/comprehensiveliquor.com\/es\/product\/whisky-escoces-de-pura-malta-numero-1-de-la-edicion-macallan-750-ml\/","og_site_name":"Comprehensive Liquor","article_modified_time":"2025-11-14T09:38:19+00:00","og_image":[{"width":700,"height":700,"url":"https:\/\/comprehensiveliquor.com\/wp-content\/uploads\/2022\/10\/image_2022-10-31_194606455.png","type":"image\/png"}],"twitter_card":"summary_large_image","twitter_misc":{"Tiempo de lectura":"1 minuto"},"schema":{"@context":"https:\/\/schema.org","@graph":[{"@type":"WebPage","@id":"https:\/\/comprehensiveliquor.com\/product\/the-macallan-edition-no-1-single-malt-scotch-whisky-750ml\/","url":"https:\/\/comprehensiveliquor.com\/product\/the-macallan-edition-no-1-single-malt-scotch-whisky-750ml\/","name":"Whisky escoc\u00e9s de pura malta Macallan Edition No. 1 70 cl","isPartOf":{"@id":"https:\/\/comprehensiveliquor.com\/#website"},"primaryImageOfPage":{"@id":"https:\/\/comprehensiveliquor.com\/product\/the-macallan-edition-no-1-single-malt-scotch-whisky-750ml\/#primaryimage"},"image":{"@id":"https:\/\/comprehensiveliquor.com\/product\/the-macallan-edition-no-1-single-malt-scotch-whisky-750ml\/#primaryimage"},"thumbnailUrl":"https:\/\/comprehensiveliquor.com\/wp-content\/uploads\/2022\/10\/image_2022-10-31_194606455.png","datePublished":"2022-10-31T18:47:35+00:00","dateModified":"2025-11-14T09:38:19+00:00","description":"Compra Macallan Edici\u00f3n N.\u00ba 1 70 cl: un whisky de malta \u00fanico y excepcional para coleccionistas. Edici\u00f3n limitada, calidad premium y env\u00edo r\u00e1pido. Compra esta exclusiva botella hoy mismo.","breadcrumb":{"@id":"https:\/\/comprehensiveliquor.com\/product\/the-macallan-edition-no-1-single-malt-scotch-whisky-750ml\/#breadcrumb"},"inLanguage":"es","potentialAction":[{"@type":"ReadAction","target":["https:\/\/comprehensiveliquor.com\/product\/the-macallan-edition-no-1-single-malt-scotch-whisky-750ml\/"]}]},{"@type":"ImageObject","inLanguage":"es","@id":"https:\/\/comprehensiveliquor.com\/product\/the-macallan-edition-no-1-single-malt-scotch-whisky-750ml\/#primaryimage","url":"https:\/\/comprehensiveliquor.com\/wp-content\/uploads\/2022\/10\/image_2022-10-31_194606455.png","contentUrl":"https:\/\/comprehensiveliquor.com\/wp-content\/uploads\/2022\/10\/image_2022-10-31_194606455.png","width":700,"height":700,"caption":"The Macallan Edition No 1 Single Malt Scotch Whisky 70cl bottle"},{"@type":"BreadcrumbList","@id":"https:\/\/comprehensiveliquor.com\/product\/the-macallan-edition-no-1-single-malt-scotch-whisky-750ml\/#breadcrumb","itemListElement":[{"@type":"ListItem","position":1,"name":"Home","item":"https:\/\/comprehensiveliquor.com\/"},{"@type":"ListItem","position":2,"name":"Shop","item":"https:\/\/comprehensiveliquor.com\/shop\/"},{"@type":"ListItem","position":3,"name":"The Macallan Edition No 1 Single Malt Scotch Whisky 70cl"}]},{"@type":"WebSite","@id":"https:\/\/comprehensiveliquor.com\/#website","url":"https:\/\/comprehensiveliquor.com\/","name":"Licores integrales","description":"Best Liquor Store","publisher":{"@id":"https:\/\/comprehensiveliquor.com\/#organization"},"alternateName":"Comprehensive Liquor Store","potentialAction":[{"@type":"SearchAction","target":{"@type":"EntryPoint","urlTemplate":"https:\/\/comprehensiveliquor.com\/?s={search_term_string}"},"query-input":{"@type":"PropertyValueSpecification","valueRequired":true,"valueName":"search_term_string"}}],"inLanguage":"es"},{"@type":"Organization","@id":"https:\/\/comprehensiveliquor.com\/#organization","name":"Licores integrales","alternateName":"Comprehensive Liquor Store","url":"https:\/\/comprehensiveliquor.com\/","logo":{"@type":"ImageObject","inLanguage":"es","@id":"https:\/\/comprehensiveliquor.com\/#\/schema\/logo\/image\/","url":"https:\/\/comprehensiveliquor.com\/wp-content\/uploads\/2024\/03\/cropped-image_2024-03-26_131408877.png","contentUrl":"https:\/\/comprehensiveliquor.com\/wp-content\/uploads\/2024\/03\/cropped-image_2024-03-26_131408877.png","width":378,"height":263,"caption":"Comprehensive Liquor"},"image":{"@id":"https:\/\/comprehensiveliquor.com\/#\/schema\/logo\/image\/"}}]}},"_links":{"self":[{"href":"https:\/\/comprehensiveliquor.com\/es\/wp-json\/wp\/v2\/product\/3018","targetHints":{"allow":["GET"]}}],"collection":[{"href":"https:\/\/comprehensiveliquor.com\/es\/wp-json\/wp\/v2\/product"}],"about":[{"href":"https:\/\/comprehensiveliquor.com\/es\/wp-json\/wp\/v2\/types\/product"}],"replies":[{"embeddable":true,"href":"https:\/\/comprehensiveliquor.com\/es\/wp-json\/wp\/v2\/comments?post=3018"}],"wp:featuredmedia":[{"embeddable":true,"href":"https:\/\/comprehensiveliquor.com\/es\/wp-json\/wp\/v2\/media\/3019"}],"wp:attachment":[{"href":"https:\/\/comprehensiveliquor.com\/es\/wp-json\/wp\/v2\/media?parent=3018"}],"wp:term":[{"taxonomy":"product_brand","embeddable":true,"href":"https:\/\/comprehensiveliquor.com\/es\/wp-json\/wp\/v2\/product_brand?post=3018"},{"taxonomy":"product_cat","embeddable":true,"href":"https:\/\/comprehensiveliquor.com\/es\/wp-json\/wp\/v2\/product_cat?post=3018"},{"taxonomy":"product_tag","embeddable":true,"href":"https:\/\/comprehensiveliquor.com\/es\/wp-json\/wp\/v2\/product_tag?post=3018"}],"curies":[{"name":"wp","href":"https:\/\/api.w.org\/{rel}","templated":true}]}}