{"id":3099,"date":"2022-12-16T11:45:53","date_gmt":"2022-12-16T11:45:53","guid":{"rendered":"https:\/\/comprehensiveliquor.com\/?post_type=product&#038;p=3099"},"modified":"2023-09-18T18:23:58","modified_gmt":"2023-09-18T18:23:58","slug":"conac-frapin-cuvee-rabelais","status":"publish","type":"product","link":"https:\/\/comprehensiveliquor.com\/es\/product\/conac-frapin-cuvee-rabelais\/","title":{"rendered":"co\u00f1ac Frapin Cuv\u00e9e Rabelais"},"content":{"rendered":"<h2><strong>cuv\u00e9e rabelais co\u00f1ac frapin co\u00f1ac 70cl<\/strong><\/h2>\n<p><span class=\"Y2IQFc\" lang=\"en\" style=\"color: #252525;\">El co\u00f1ac Frapin Cuv\u00e9e Rabelais rinde homenaje a Fran\u00e7ois Rabelais, un importante escritor y humanista renacentista. Su obra celebra el amor a la vida. Adem\u00e1s, Fran\u00e7ois fue antepasado de Pierre Ferrand, fundador de la casa. Esta noble copa es una combinaci\u00f3n de excepcionales Eaux de Vies, procedentes exclusivamente del Paradieskeller y las Dames-Jeannes de la Maison. El decantador especial fue creado por la reconocida manufactura francesa Cristallerie Saint-Louis. La botella est\u00e1 decorada con oro de 18 quilates. El recipiente reposa sobre una base chapada en oro de 24 quilates. Una aut\u00e9ntica obra de arte, por dentro y por fuera.<\/span><\/p>\n<p><strong>Notas de cata<\/strong><\/p>\n<p><span class=\"Y2IQFc\" lang=\"en\" style=\"color: #252525;\"><strong>Nose<\/strong>El elegante bouquet huele a naranjas jugosas, roble especiado y albaricoques confitados.<\/span><\/p>\n<p><span class=\"Y2IQFc\" lang=\"en\" style=\"color: #252525;\"><strong>Paladar<\/strong>:En el paladar, la fruta seca se combina con el regaliz, sabores terrosos y notas de tabaco y cajas de puros.<\/span><\/p>\n<p><span class=\"Y2IQFc\" lang=\"en\" style=\"color: #252525;\"><strong>Finalizar<\/strong>:El final es infinito y variado.<\/span><\/p>\n<p><strong>Colour<\/strong>:Color \u00e1mbar con reflejos anaranjados.<\/p>","protected":false},"excerpt":{"rendered":"<p>cuv\u00e9e rabelais cognac frapin cognac 70cl cognac frapin cuvee rabelais pays homage to Fran\u00e7ois Rabelais. He was an important Renaissance writer and humanist. His work celebrates the love of life. Also, Fran\u00e7ois was the ancestor of Pierre Ferrand, the founder of the house. The noble drop is a combination of exceptional Eaux de Vies, which [&hellip;]<\/p>\n","protected":false},"featured_media":3101,"comment_status":"open","ping_status":"closed","template":"","meta":{"site-sidebar-layout":"default","site-content-layout":"default","ast-site-content-layout":"default","site-content-style":"default","site-sidebar-style":"default","ast-global-header-display":"","ast-banner-title-visibility":"","ast-main-header-display":"","ast-hfb-above-header-display":"","ast-hfb-below-header-display":"","ast-hfb-mobile-header-display":"","site-post-title":"","ast-breadcrumbs-content":"","ast-featured-img":"","footer-sml-layout":"","ast-disable-related-posts":"","theme-transparent-header-meta":"default","adv-header-id-meta":"","stick-header-meta":"","header-above-stick-meta":"","header-main-stick-meta":"","header-below-stick-meta":"","astra-migrate-meta-layouts":"set","ast-page-background-enabled":"default","ast-page-background-meta":{"desktop":{"background-color":"","background-image":"","background-repeat":"repeat","background-position":"center center","background-size":"auto","background-attachment":"scroll","background-type":"","background-media":"","overlay-type":"","overlay-color":"","overlay-opacity":"","overlay-gradient":""},"tablet":{"background-color":"","background-image":"","background-repeat":"repeat","background-position":"center center","background-size":"auto","background-attachment":"scroll","background-type":"","background-media":"","overlay-type":"","overlay-color":"","overlay-opacity":"","overlay-gradient":""},"mobile":{"background-color":"","background-image":"","background-repeat":"repeat","background-position":"center center","background-size":"auto","background-attachment":"scroll","background-type":"","background-media":"","overlay-type":"","overlay-color":"","overlay-opacity":"","overlay-gradient":""}},"ast-content-background-meta":{"desktop":{"background-color":"var(--ast-global-color-5)","background-image":"","background-repeat":"repeat","background-position":"center center","background-size":"auto","background-attachment":"scroll","background-type":"","background-media":"","overlay-type":"","overlay-color":"","overlay-opacity":"","overlay-gradient":""},"tablet":{"background-color":"var(--ast-global-color-5)","background-image":"","background-repeat":"repeat","background-position":"center center","background-size":"auto","background-attachment":"scroll","background-type":"","background-media":"","overlay-type":"","overlay-color":"","overlay-opacity":"","overlay-gradient":""},"mobile":{"background-color":"var(--ast-global-color-5)","background-image":"","background-repeat":"repeat","background-position":"center center","background-size":"auto","background-attachment":"scroll","background-type":"","background-media":"","overlay-type":"","overlay-color":"","overlay-opacity":"","overlay-gradient":""}}},"product_brand":[],"product_cat":[51],"product_tag":[],"class_list":{"0":"post-3099","1":"product","2":"type-product","3":"status-publish","4":"has-post-thumbnail","6":"product_cat-cognac-armagnac","7":"desktop-align-center","8":"tablet-align-left","9":"mobile-align-left","11":"first","12":"instock","13":"shipping-taxable","14":"purchasable","15":"product-type-simple"},"yoast_head":"<!-- This site is optimized with the Yoast SEO Premium plugin v24.7 (Yoast SEO v27.3) - https:\/\/yoast.com\/product\/yoast-seo-premium-wordpress\/ -->\n<title>cognac frapin cuvee rabelais<\/title>\n<meta name=\"description\" content=\"cuv\u00e9e rabelais cognac frapin cognac 70cl cognac frapin cuvee rabelais pays homage to Fran\u00e7ois Rabelais. He was an important Renaissance writer and\" \/>\n<meta name=\"robots\" content=\"index, follow, max-snippet:-1, max-image-preview:large, max-video-preview:-1\" \/>\n<link rel=\"canonical\" href=\"https:\/\/comprehensiveliquor.com\/es\/product\/conac-frapin-cuvee-rabelais\/\" \/>\n<meta property=\"og:locale\" content=\"es_ES\" \/>\n<meta property=\"og:type\" content=\"article\" \/>\n<meta property=\"og:title\" content=\"cognac frapin cuvee rabelais\" \/>\n<meta property=\"og:description\" content=\"cuv\u00e9e rabelais cognac frapin cognac 70cl cognac frapin cuvee rabelais pays homage to Fran\u00e7ois Rabelais. He was an important Renaissance writer and\" \/>\n<meta property=\"og:url\" content=\"https:\/\/comprehensiveliquor.com\/es\/product\/conac-frapin-cuvee-rabelais\/\" \/>\n<meta property=\"og:site_name\" content=\"Comprehensive Liquor\" \/>\n<meta property=\"article:modified_time\" content=\"2023-09-18T18:23:58+00:00\" \/>\n<meta property=\"og:image\" content=\"https:\/\/comprehensiveliquor.com\/wp-content\/uploads\/2022\/12\/image_2022-12-16_121911486.png\" \/>\n\t<meta property=\"og:image:width\" content=\"373\" \/>\n\t<meta property=\"og:image:height\" content=\"600\" \/>\n\t<meta property=\"og:image:type\" content=\"image\/png\" \/>\n<meta name=\"twitter:card\" content=\"summary_large_image\" \/>\n<meta name=\"twitter:label1\" content=\"Tiempo de lectura\" \/>\n\t<meta name=\"twitter:data1\" content=\"1 minuto\" \/>\n<script type=\"application\/ld+json\" class=\"yoast-schema-graph\">{\"@context\":\"https:\\\/\\\/schema.org\",\"@graph\":[{\"@type\":\"WebPage\",\"@id\":\"https:\\\/\\\/comprehensiveliquor.com\\\/product\\\/cognac-frapin-cuvee-rabelais\\\/\",\"url\":\"https:\\\/\\\/comprehensiveliquor.com\\\/product\\\/cognac-frapin-cuvee-rabelais\\\/\",\"name\":\"cognac frapin cuvee rabelais\",\"isPartOf\":{\"@id\":\"https:\\\/\\\/comprehensiveliquor.com\\\/#website\"},\"primaryImageOfPage\":{\"@id\":\"https:\\\/\\\/comprehensiveliquor.com\\\/product\\\/cognac-frapin-cuvee-rabelais\\\/#primaryimage\"},\"image\":{\"@id\":\"https:\\\/\\\/comprehensiveliquor.com\\\/product\\\/cognac-frapin-cuvee-rabelais\\\/#primaryimage\"},\"thumbnailUrl\":\"https:\\\/\\\/comprehensiveliquor.com\\\/wp-content\\\/uploads\\\/2022\\\/12\\\/image_2022-12-16_121911486.png\",\"datePublished\":\"2022-12-16T11:45:53+00:00\",\"dateModified\":\"2023-09-18T18:23:58+00:00\",\"description\":\"cuv\u00e9e rabelais cognac frapin cognac 70cl cognac frapin cuvee rabelais pays homage to Fran\u00e7ois Rabelais. He was an important Renaissance writer and\",\"breadcrumb\":{\"@id\":\"https:\\\/\\\/comprehensiveliquor.com\\\/product\\\/cognac-frapin-cuvee-rabelais\\\/#breadcrumb\"},\"inLanguage\":\"es\",\"potentialAction\":[{\"@type\":\"ReadAction\",\"target\":[\"https:\\\/\\\/comprehensiveliquor.com\\\/product\\\/cognac-frapin-cuvee-rabelais\\\/\"]}]},{\"@type\":\"ImageObject\",\"inLanguage\":\"es\",\"@id\":\"https:\\\/\\\/comprehensiveliquor.com\\\/product\\\/cognac-frapin-cuvee-rabelais\\\/#primaryimage\",\"url\":\"https:\\\/\\\/comprehensiveliquor.com\\\/wp-content\\\/uploads\\\/2022\\\/12\\\/image_2022-12-16_121911486.png\",\"contentUrl\":\"https:\\\/\\\/comprehensiveliquor.com\\\/wp-content\\\/uploads\\\/2022\\\/12\\\/image_2022-12-16_121911486.png\",\"width\":373,\"height\":600},{\"@type\":\"BreadcrumbList\",\"@id\":\"https:\\\/\\\/comprehensiveliquor.com\\\/product\\\/cognac-frapin-cuvee-rabelais\\\/#breadcrumb\",\"itemListElement\":[{\"@type\":\"ListItem\",\"position\":1,\"name\":\"Home\",\"item\":\"https:\\\/\\\/comprehensiveliquor.com\\\/\"},{\"@type\":\"ListItem\",\"position\":2,\"name\":\"Shop\",\"item\":\"https:\\\/\\\/comprehensiveliquor.com\\\/shop\\\/\"},{\"@type\":\"ListItem\",\"position\":3,\"name\":\"cognac frapin cuvee rabelais\"}]},{\"@type\":\"WebSite\",\"@id\":\"https:\\\/\\\/comprehensiveliquor.com\\\/#website\",\"url\":\"https:\\\/\\\/comprehensiveliquor.com\\\/\",\"name\":\"Comprehensive Liquor\",\"description\":\"Best Liquor Store\",\"publisher\":{\"@id\":\"https:\\\/\\\/comprehensiveliquor.com\\\/#organization\"},\"alternateName\":\"Comprehensive Liquor Store\",\"potentialAction\":[{\"@type\":\"SearchAction\",\"target\":{\"@type\":\"EntryPoint\",\"urlTemplate\":\"https:\\\/\\\/comprehensiveliquor.com\\\/?s={search_term_string}\"},\"query-input\":{\"@type\":\"PropertyValueSpecification\",\"valueRequired\":true,\"valueName\":\"search_term_string\"}}],\"inLanguage\":\"es\"},{\"@type\":\"Organization\",\"@id\":\"https:\\\/\\\/comprehensiveliquor.com\\\/#organization\",\"name\":\"Comprehensive Liquor\",\"alternateName\":\"Comprehensive Liquor Store\",\"url\":\"https:\\\/\\\/comprehensiveliquor.com\\\/\",\"logo\":{\"@type\":\"ImageObject\",\"inLanguage\":\"es\",\"@id\":\"https:\\\/\\\/comprehensiveliquor.com\\\/#\\\/schema\\\/logo\\\/image\\\/\",\"url\":\"https:\\\/\\\/comprehensiveliquor.com\\\/wp-content\\\/uploads\\\/2024\\\/03\\\/cropped-image_2024-03-26_131408877.png\",\"contentUrl\":\"https:\\\/\\\/comprehensiveliquor.com\\\/wp-content\\\/uploads\\\/2024\\\/03\\\/cropped-image_2024-03-26_131408877.png\",\"width\":378,\"height\":263,\"caption\":\"Comprehensive Liquor\"},\"image\":{\"@id\":\"https:\\\/\\\/comprehensiveliquor.com\\\/#\\\/schema\\\/logo\\\/image\\\/\"}}]}<\/script>\n<!-- \/ Yoast SEO Premium plugin. -->","yoast_head_json":{"title":"co\u00f1ac Frapin Cuv\u00e9e Rabelais","description":"Co\u00f1ac Cuv\u00e9e Rabelais, un co\u00f1ac sorprendente de 70 cl. Un co\u00f1ac sorprendente, un homenaje rural a Fran\u00e7ois Rabelais. Fue un importante escritor renacentista y...","robots":{"index":"index","follow":"follow","max-snippet":"max-snippet:-1","max-image-preview":"max-image-preview:large","max-video-preview":"max-video-preview:-1"},"canonical":"https:\/\/comprehensiveliquor.com\/es\/product\/conac-frapin-cuvee-rabelais\/","og_locale":"es_ES","og_type":"article","og_title":"cognac frapin cuvee rabelais","og_description":"cuv\u00e9e rabelais cognac frapin cognac 70cl cognac frapin cuvee rabelais pays homage to Fran\u00e7ois Rabelais. He was an important Renaissance writer and","og_url":"https:\/\/comprehensiveliquor.com\/es\/product\/conac-frapin-cuvee-rabelais\/","og_site_name":"Comprehensive Liquor","article_modified_time":"2023-09-18T18:23:58+00:00","og_image":[{"width":373,"height":600,"url":"https:\/\/comprehensiveliquor.com\/wp-content\/uploads\/2022\/12\/image_2022-12-16_121911486.png","type":"image\/png"}],"twitter_card":"summary_large_image","twitter_misc":{"Tiempo de lectura":"1 minuto"},"schema":{"@context":"https:\/\/schema.org","@graph":[{"@type":"WebPage","@id":"https:\/\/comprehensiveliquor.com\/product\/cognac-frapin-cuvee-rabelais\/","url":"https:\/\/comprehensiveliquor.com\/product\/cognac-frapin-cuvee-rabelais\/","name":"co\u00f1ac Frapin Cuv\u00e9e Rabelais","isPartOf":{"@id":"https:\/\/comprehensiveliquor.com\/#website"},"primaryImageOfPage":{"@id":"https:\/\/comprehensiveliquor.com\/product\/cognac-frapin-cuvee-rabelais\/#primaryimage"},"image":{"@id":"https:\/\/comprehensiveliquor.com\/product\/cognac-frapin-cuvee-rabelais\/#primaryimage"},"thumbnailUrl":"https:\/\/comprehensiveliquor.com\/wp-content\/uploads\/2022\/12\/image_2022-12-16_121911486.png","datePublished":"2022-12-16T11:45:53+00:00","dateModified":"2023-09-18T18:23:58+00:00","description":"Co\u00f1ac Cuv\u00e9e Rabelais, un co\u00f1ac sorprendente de 70 cl. Un co\u00f1ac sorprendente, un homenaje rural a Fran\u00e7ois Rabelais. Fue un importante escritor renacentista y...","breadcrumb":{"@id":"https:\/\/comprehensiveliquor.com\/product\/cognac-frapin-cuvee-rabelais\/#breadcrumb"},"inLanguage":"es","potentialAction":[{"@type":"ReadAction","target":["https:\/\/comprehensiveliquor.com\/product\/cognac-frapin-cuvee-rabelais\/"]}]},{"@type":"ImageObject","inLanguage":"es","@id":"https:\/\/comprehensiveliquor.com\/product\/cognac-frapin-cuvee-rabelais\/#primaryimage","url":"https:\/\/comprehensiveliquor.com\/wp-content\/uploads\/2022\/12\/image_2022-12-16_121911486.png","contentUrl":"https:\/\/comprehensiveliquor.com\/wp-content\/uploads\/2022\/12\/image_2022-12-16_121911486.png","width":373,"height":600},{"@type":"BreadcrumbList","@id":"https:\/\/comprehensiveliquor.com\/product\/cognac-frapin-cuvee-rabelais\/#breadcrumb","itemListElement":[{"@type":"ListItem","position":1,"name":"Home","item":"https:\/\/comprehensiveliquor.com\/"},{"@type":"ListItem","position":2,"name":"Shop","item":"https:\/\/comprehensiveliquor.com\/shop\/"},{"@type":"ListItem","position":3,"name":"cognac frapin cuvee rabelais"}]},{"@type":"WebSite","@id":"https:\/\/comprehensiveliquor.com\/#website","url":"https:\/\/comprehensiveliquor.com\/","name":"Licores integrales","description":"Best Liquor Store","publisher":{"@id":"https:\/\/comprehensiveliquor.com\/#organization"},"alternateName":"Comprehensive Liquor Store","potentialAction":[{"@type":"SearchAction","target":{"@type":"EntryPoint","urlTemplate":"https:\/\/comprehensiveliquor.com\/?s={search_term_string}"},"query-input":{"@type":"PropertyValueSpecification","valueRequired":true,"valueName":"search_term_string"}}],"inLanguage":"es"},{"@type":"Organization","@id":"https:\/\/comprehensiveliquor.com\/#organization","name":"Licores integrales","alternateName":"Comprehensive Liquor Store","url":"https:\/\/comprehensiveliquor.com\/","logo":{"@type":"ImageObject","inLanguage":"es","@id":"https:\/\/comprehensiveliquor.com\/#\/schema\/logo\/image\/","url":"https:\/\/comprehensiveliquor.com\/wp-content\/uploads\/2024\/03\/cropped-image_2024-03-26_131408877.png","contentUrl":"https:\/\/comprehensiveliquor.com\/wp-content\/uploads\/2024\/03\/cropped-image_2024-03-26_131408877.png","width":378,"height":263,"caption":"Comprehensive Liquor"},"image":{"@id":"https:\/\/comprehensiveliquor.com\/#\/schema\/logo\/image\/"}}]}},"_links":{"self":[{"href":"https:\/\/comprehensiveliquor.com\/es\/wp-json\/wp\/v2\/product\/3099","targetHints":{"allow":["GET"]}}],"collection":[{"href":"https:\/\/comprehensiveliquor.com\/es\/wp-json\/wp\/v2\/product"}],"about":[{"href":"https:\/\/comprehensiveliquor.com\/es\/wp-json\/wp\/v2\/types\/product"}],"replies":[{"embeddable":true,"href":"https:\/\/comprehensiveliquor.com\/es\/wp-json\/wp\/v2\/comments?post=3099"}],"wp:featuredmedia":[{"embeddable":true,"href":"https:\/\/comprehensiveliquor.com\/es\/wp-json\/wp\/v2\/media\/3101"}],"wp:attachment":[{"href":"https:\/\/comprehensiveliquor.com\/es\/wp-json\/wp\/v2\/media?parent=3099"}],"wp:term":[{"taxonomy":"product_brand","embeddable":true,"href":"https:\/\/comprehensiveliquor.com\/es\/wp-json\/wp\/v2\/product_brand?post=3099"},{"taxonomy":"product_cat","embeddable":true,"href":"https:\/\/comprehensiveliquor.com\/es\/wp-json\/wp\/v2\/product_cat?post=3099"},{"taxonomy":"product_tag","embeddable":true,"href":"https:\/\/comprehensiveliquor.com\/es\/wp-json\/wp\/v2\/product_tag?post=3099"}],"curies":[{"name":"wp","href":"https:\/\/api.w.org\/{rel}","templated":true}]}}