{"id":4180,"date":"2023-12-05T16:02:56","date_gmt":"2023-12-05T16:02:56","guid":{"rendered":"https:\/\/comprehensiveliquor.com\/?post_type=product&#038;p=4180"},"modified":"2023-12-07T07:16:33","modified_gmt":"2023-12-07T07:16:33","slug":"wild-turkey-distillers-reserve-12-year-old-kentucky-straight-bourbon-whiskey","status":"publish","type":"product","link":"https:\/\/comprehensiveliquor.com\/es\/product\/wild-turkey-distillers-reserve-12-year-old-kentucky-straight-bourbon-whiskey\/","title":{"rendered":"Whisky bourbon Wild Turkey Distiller\u2019s Reserve de 12 a\u00f1os de Kentucky"},"content":{"rendered":"<h2>Whisky bourbon Wild Turkey Distiller\u2019s Reserve de 12 a\u00f1os de Kentucky<\/h2>\n<p>El whisky Distiller\u2019s Reserve de 12 a\u00f1os de Wild Turkey es una edici\u00f3n especial cuidadosamente seleccionada entre las reservas favoritas de la destiler\u00eda. Madur\u00f3 durante 12 a\u00f1os en barricas nuevas de roble americano y se embotell\u00f3 con 58,5% de alcohol.<\/p>\n<p><strong>Nose<\/strong>: cereza, vainilla, especias de centeno, manzana, especias de canela, un poco de cacahuete, az\u00facar moreno.<\/p>\n<p><strong>Taste<\/strong>: cereza grande, caramelo, vainilla, especias de canela. Az\u00facar moreno intenso, sirope de arce.<\/p>\n<p><strong>Finalizar<\/strong>: especias de canela, cereza y vainilla.<\/p>\n<p>&nbsp;<\/p>\n<h4>Atributos<\/h4>\n<table>\n<tbody>\n<tr>\n<td><strong>Distillery<\/strong><\/td>\n<td><a title=\"Wild Turkey Distillery\" href=\"https:\/\/www.wildturkeybourbon.com\/en-us\/our-distillery\/\" target=\"_blank\" rel=\"noopener\">Wild Turkey<\/a><\/td>\n<\/tr>\n<tr>\n<td><strong>Marca<\/strong><\/td>\n<td><a href=\"https:\/\/comprehensiveliquor.com\/es\/product-tag\/wild-turkey\/\">Wild Turkey<\/a><\/td>\n<\/tr>\n<tr>\n<td><strong>Region<\/strong><\/td>\n<td>America<\/td>\n<\/tr>\n<tr>\n<td><strong>Region<\/strong><\/td>\n<td>50.5%<\/td>\n<\/tr>\n<\/tbody>\n<\/table>","protected":false},"excerpt":{"rendered":"<p>Wild Turkey Distiller&#8217;s Reserve 12 Year Old Kentucky Straight Bourbon Whiskey Distiller&#8217;s Reserve 12 Year Old from Wild Turkey is a special release that has been carefully selected from the distillers\u2019 favorite reserves. It was matured for 12 years in new American oak casks and bottled at 101 proof. Nose: cherry, vanilla, rye spice, apple, [&hellip;]<\/p>\n","protected":false},"featured_media":4181,"comment_status":"closed","ping_status":"closed","template":"","meta":{"site-sidebar-layout":"default","site-content-layout":"","ast-site-content-layout":"default","site-content-style":"default","site-sidebar-style":"default","ast-global-header-display":"","ast-banner-title-visibility":"","ast-main-header-display":"","ast-hfb-above-header-display":"","ast-hfb-below-header-display":"","ast-hfb-mobile-header-display":"","site-post-title":"","ast-breadcrumbs-content":"","ast-featured-img":"","footer-sml-layout":"","ast-disable-related-posts":"","theme-transparent-header-meta":"default","adv-header-id-meta":"","stick-header-meta":"","header-above-stick-meta":"","header-main-stick-meta":"","header-below-stick-meta":"","astra-migrate-meta-layouts":"set","ast-page-background-enabled":"default","ast-page-background-meta":{"desktop":{"background-color":"","background-image":"","background-repeat":"repeat","background-position":"center center","background-size":"auto","background-attachment":"scroll","background-type":"","background-media":"","overlay-type":"","overlay-color":"","overlay-opacity":"","overlay-gradient":""},"tablet":{"background-color":"","background-image":"","background-repeat":"repeat","background-position":"center center","background-size":"auto","background-attachment":"scroll","background-type":"","background-media":"","overlay-type":"","overlay-color":"","overlay-opacity":"","overlay-gradient":""},"mobile":{"background-color":"","background-image":"","background-repeat":"repeat","background-position":"center center","background-size":"auto","background-attachment":"scroll","background-type":"","background-media":"","overlay-type":"","overlay-color":"","overlay-opacity":"","overlay-gradient":""}},"ast-content-background-meta":{"desktop":{"background-color":"var(--ast-global-color-5)","background-image":"","background-repeat":"repeat","background-position":"center center","background-size":"auto","background-attachment":"scroll","background-type":"","background-media":"","overlay-type":"","overlay-color":"","overlay-opacity":"","overlay-gradient":""},"tablet":{"background-color":"var(--ast-global-color-5)","background-image":"","background-repeat":"repeat","background-position":"center center","background-size":"auto","background-attachment":"scroll","background-type":"","background-media":"","overlay-type":"","overlay-color":"","overlay-opacity":"","overlay-gradient":""},"mobile":{"background-color":"var(--ast-global-color-5)","background-image":"","background-repeat":"repeat","background-position":"center center","background-size":"auto","background-attachment":"scroll","background-type":"","background-media":"","overlay-type":"","overlay-color":"","overlay-opacity":"","overlay-gradient":""}}},"product_brand":[],"product_cat":[63],"product_tag":[110],"class_list":{"0":"post-4180","1":"product","2":"type-product","3":"status-publish","4":"has-post-thumbnail","6":"product_cat-bourbon-whiskey","7":"product_tag-wild-turkey","8":"desktop-align-center","9":"tablet-align-left","10":"mobile-align-left","12":"first","13":"instock","14":"shipping-taxable","15":"purchasable","16":"product-type-simple"},"yoast_head":"<!-- This site is optimized with the Yoast SEO Premium plugin v24.7 (Yoast SEO v27.5) - https:\/\/yoast.com\/product\/yoast-seo-premium-wordpress\/ -->\n<title>Wild Turkey Distiller&#039;s Reserve 12 Year Old Kentucky Straight Bourbon Whiskey<\/title>\n<meta name=\"description\" content=\"Wild Turkey Distiller&#039;s Reserve 12 Year Old Kentucky Straight Bourbon Whiskey Distiller&#039;s Reserve 12 Year Old from Wild Turkey is a special release that\" \/>\n<meta name=\"robots\" content=\"index, follow, max-snippet:-1, max-image-preview:large, max-video-preview:-1\" \/>\n<link rel=\"canonical\" href=\"https:\/\/comprehensiveliquor.com\/es\/product\/wild-turkey-distillers-reserve-12-year-old-kentucky-straight-bourbon-whiskey\/\" \/>\n<meta property=\"og:locale\" content=\"es_ES\" \/>\n<meta property=\"og:type\" content=\"article\" \/>\n<meta property=\"og:title\" content=\"Wild Turkey Distiller&#039;s Reserve 12 Year Old Kentucky Straight Bourbon Whiskey\" \/>\n<meta property=\"og:description\" content=\"Wild Turkey Distiller&#039;s Reserve 12 Year Old Kentucky Straight Bourbon Whiskey Distiller&#039;s Reserve 12 Year Old from Wild Turkey is a special release that\" \/>\n<meta property=\"og:url\" content=\"https:\/\/comprehensiveliquor.com\/es\/product\/wild-turkey-distillers-reserve-12-year-old-kentucky-straight-bourbon-whiskey\/\" \/>\n<meta property=\"og:site_name\" content=\"Comprehensive Liquor\" \/>\n<meta property=\"article:modified_time\" content=\"2023-12-07T07:16:33+00:00\" \/>\n<meta property=\"og:image\" content=\"https:\/\/comprehensiveliquor.com\/wp-content\/uploads\/2023\/12\/image_2023-12-05_165305094.png\" \/>\n\t<meta property=\"og:image:width\" content=\"1100\" \/>\n\t<meta property=\"og:image:height\" content=\"1100\" \/>\n\t<meta property=\"og:image:type\" content=\"image\/png\" \/>\n<meta name=\"twitter:card\" content=\"summary_large_image\" \/>\n<script type=\"application\/ld+json\" class=\"yoast-schema-graph\">{\"@context\":\"https:\\\/\\\/schema.org\",\"@graph\":[{\"@type\":\"WebPage\",\"@id\":\"https:\\\/\\\/comprehensiveliquor.com\\\/product\\\/wild-turkey-distillers-reserve-12-year-old-kentucky-straight-bourbon-whiskey\\\/\",\"url\":\"https:\\\/\\\/comprehensiveliquor.com\\\/product\\\/wild-turkey-distillers-reserve-12-year-old-kentucky-straight-bourbon-whiskey\\\/\",\"name\":\"Wild Turkey Distiller's Reserve 12 Year Old Kentucky Straight Bourbon Whiskey\",\"isPartOf\":{\"@id\":\"https:\\\/\\\/comprehensiveliquor.com\\\/#website\"},\"primaryImageOfPage\":{\"@id\":\"https:\\\/\\\/comprehensiveliquor.com\\\/product\\\/wild-turkey-distillers-reserve-12-year-old-kentucky-straight-bourbon-whiskey\\\/#primaryimage\"},\"image\":{\"@id\":\"https:\\\/\\\/comprehensiveliquor.com\\\/product\\\/wild-turkey-distillers-reserve-12-year-old-kentucky-straight-bourbon-whiskey\\\/#primaryimage\"},\"thumbnailUrl\":\"https:\\\/\\\/comprehensiveliquor.com\\\/wp-content\\\/uploads\\\/2023\\\/12\\\/image_2023-12-05_165305094.png\",\"datePublished\":\"2023-12-05T16:02:56+00:00\",\"dateModified\":\"2023-12-07T07:16:33+00:00\",\"description\":\"Wild Turkey Distiller's Reserve 12 Year Old Kentucky Straight Bourbon Whiskey Distiller's Reserve 12 Year Old from Wild Turkey is a special release that\",\"breadcrumb\":{\"@id\":\"https:\\\/\\\/comprehensiveliquor.com\\\/product\\\/wild-turkey-distillers-reserve-12-year-old-kentucky-straight-bourbon-whiskey\\\/#breadcrumb\"},\"inLanguage\":\"es\",\"potentialAction\":[{\"@type\":\"ReadAction\",\"target\":[\"https:\\\/\\\/comprehensiveliquor.com\\\/product\\\/wild-turkey-distillers-reserve-12-year-old-kentucky-straight-bourbon-whiskey\\\/\"]}]},{\"@type\":\"ImageObject\",\"inLanguage\":\"es\",\"@id\":\"https:\\\/\\\/comprehensiveliquor.com\\\/product\\\/wild-turkey-distillers-reserve-12-year-old-kentucky-straight-bourbon-whiskey\\\/#primaryimage\",\"url\":\"https:\\\/\\\/comprehensiveliquor.com\\\/wp-content\\\/uploads\\\/2023\\\/12\\\/image_2023-12-05_165305094.png\",\"contentUrl\":\"https:\\\/\\\/comprehensiveliquor.com\\\/wp-content\\\/uploads\\\/2023\\\/12\\\/image_2023-12-05_165305094.png\",\"width\":1100,\"height\":1100,\"caption\":\"#image_title\"},{\"@type\":\"BreadcrumbList\",\"@id\":\"https:\\\/\\\/comprehensiveliquor.com\\\/product\\\/wild-turkey-distillers-reserve-12-year-old-kentucky-straight-bourbon-whiskey\\\/#breadcrumb\",\"itemListElement\":[{\"@type\":\"ListItem\",\"position\":1,\"name\":\"Home\",\"item\":\"https:\\\/\\\/comprehensiveliquor.com\\\/\"},{\"@type\":\"ListItem\",\"position\":2,\"name\":\"Shop\",\"item\":\"https:\\\/\\\/comprehensiveliquor.com\\\/shop\\\/\"},{\"@type\":\"ListItem\",\"position\":3,\"name\":\"Wild Turkey Distiller&#8217;s Reserve 12 Year Old Kentucky Straight Bourbon Whiskey\"}]},{\"@type\":\"WebSite\",\"@id\":\"https:\\\/\\\/comprehensiveliquor.com\\\/#website\",\"url\":\"https:\\\/\\\/comprehensiveliquor.com\\\/\",\"name\":\"Comprehensive Liquor\",\"description\":\"Best Liquor Store\",\"publisher\":{\"@id\":\"https:\\\/\\\/comprehensiveliquor.com\\\/#organization\"},\"alternateName\":\"Comprehensive Liquor Store\",\"potentialAction\":[{\"@type\":\"SearchAction\",\"target\":{\"@type\":\"EntryPoint\",\"urlTemplate\":\"https:\\\/\\\/comprehensiveliquor.com\\\/?s={search_term_string}\"},\"query-input\":{\"@type\":\"PropertyValueSpecification\",\"valueRequired\":true,\"valueName\":\"search_term_string\"}}],\"inLanguage\":\"es\"},{\"@type\":\"Organization\",\"@id\":\"https:\\\/\\\/comprehensiveliquor.com\\\/#organization\",\"name\":\"Comprehensive Liquor\",\"alternateName\":\"Comprehensive Liquor Store\",\"url\":\"https:\\\/\\\/comprehensiveliquor.com\\\/\",\"logo\":{\"@type\":\"ImageObject\",\"inLanguage\":\"es\",\"@id\":\"https:\\\/\\\/comprehensiveliquor.com\\\/#\\\/schema\\\/logo\\\/image\\\/\",\"url\":\"https:\\\/\\\/comprehensiveliquor.com\\\/wp-content\\\/uploads\\\/2024\\\/03\\\/cropped-image_2024-03-26_131408877.png\",\"contentUrl\":\"https:\\\/\\\/comprehensiveliquor.com\\\/wp-content\\\/uploads\\\/2024\\\/03\\\/cropped-image_2024-03-26_131408877.png\",\"width\":378,\"height\":263,\"caption\":\"Comprehensive Liquor\"},\"image\":{\"@id\":\"https:\\\/\\\/comprehensiveliquor.com\\\/#\\\/schema\\\/logo\\\/image\\\/\"}}]}<\/script>\n<!-- \/ Yoast SEO Premium plugin. -->","yoast_head_json":{"title":"Whisky bourbon Wild Turkey Distiller's Reserve de 12 a\u00f1os de Kentucky","description":"Wild Turkey Distiller's Reserve 12 Year Old Kentucky Straight Bourbon Whiskey Distiller's Reserve 12 Year Old de Wild Turkey es un lanzamiento especial que","robots":{"index":"index","follow":"follow","max-snippet":"max-snippet:-1","max-image-preview":"max-image-preview:large","max-video-preview":"max-video-preview:-1"},"canonical":"https:\/\/comprehensiveliquor.com\/es\/product\/wild-turkey-distillers-reserve-12-year-old-kentucky-straight-bourbon-whiskey\/","og_locale":"es_ES","og_type":"article","og_title":"Wild Turkey Distiller's Reserve 12 Year Old Kentucky Straight Bourbon Whiskey","og_description":"Wild Turkey Distiller's Reserve 12 Year Old Kentucky Straight Bourbon Whiskey Distiller's Reserve 12 Year Old from Wild Turkey is a special release that","og_url":"https:\/\/comprehensiveliquor.com\/es\/product\/wild-turkey-distillers-reserve-12-year-old-kentucky-straight-bourbon-whiskey\/","og_site_name":"Comprehensive Liquor","article_modified_time":"2023-12-07T07:16:33+00:00","og_image":[{"width":1100,"height":1100,"url":"https:\/\/comprehensiveliquor.com\/wp-content\/uploads\/2023\/12\/image_2023-12-05_165305094.png","type":"image\/png"}],"twitter_card":"summary_large_image","schema":{"@context":"https:\/\/schema.org","@graph":[{"@type":"WebPage","@id":"https:\/\/comprehensiveliquor.com\/product\/wild-turkey-distillers-reserve-12-year-old-kentucky-straight-bourbon-whiskey\/","url":"https:\/\/comprehensiveliquor.com\/product\/wild-turkey-distillers-reserve-12-year-old-kentucky-straight-bourbon-whiskey\/","name":"Whisky bourbon Wild Turkey Distiller's Reserve de 12 a\u00f1os de Kentucky","isPartOf":{"@id":"https:\/\/comprehensiveliquor.com\/#website"},"primaryImageOfPage":{"@id":"https:\/\/comprehensiveliquor.com\/product\/wild-turkey-distillers-reserve-12-year-old-kentucky-straight-bourbon-whiskey\/#primaryimage"},"image":{"@id":"https:\/\/comprehensiveliquor.com\/product\/wild-turkey-distillers-reserve-12-year-old-kentucky-straight-bourbon-whiskey\/#primaryimage"},"thumbnailUrl":"https:\/\/comprehensiveliquor.com\/wp-content\/uploads\/2023\/12\/image_2023-12-05_165305094.png","datePublished":"2023-12-05T16:02:56+00:00","dateModified":"2023-12-07T07:16:33+00:00","description":"Wild Turkey Distiller's Reserve 12 Year Old Kentucky Straight Bourbon Whiskey Distiller's Reserve 12 Year Old de Wild Turkey es un lanzamiento especial que","breadcrumb":{"@id":"https:\/\/comprehensiveliquor.com\/product\/wild-turkey-distillers-reserve-12-year-old-kentucky-straight-bourbon-whiskey\/#breadcrumb"},"inLanguage":"es","potentialAction":[{"@type":"ReadAction","target":["https:\/\/comprehensiveliquor.com\/product\/wild-turkey-distillers-reserve-12-year-old-kentucky-straight-bourbon-whiskey\/"]}]},{"@type":"ImageObject","inLanguage":"es","@id":"https:\/\/comprehensiveliquor.com\/product\/wild-turkey-distillers-reserve-12-year-old-kentucky-straight-bourbon-whiskey\/#primaryimage","url":"https:\/\/comprehensiveliquor.com\/wp-content\/uploads\/2023\/12\/image_2023-12-05_165305094.png","contentUrl":"https:\/\/comprehensiveliquor.com\/wp-content\/uploads\/2023\/12\/image_2023-12-05_165305094.png","width":1100,"height":1100,"caption":"#image_title"},{"@type":"BreadcrumbList","@id":"https:\/\/comprehensiveliquor.com\/product\/wild-turkey-distillers-reserve-12-year-old-kentucky-straight-bourbon-whiskey\/#breadcrumb","itemListElement":[{"@type":"ListItem","position":1,"name":"Home","item":"https:\/\/comprehensiveliquor.com\/"},{"@type":"ListItem","position":2,"name":"Shop","item":"https:\/\/comprehensiveliquor.com\/shop\/"},{"@type":"ListItem","position":3,"name":"Wild Turkey Distiller&#8217;s Reserve 12 Year Old Kentucky Straight Bourbon Whiskey"}]},{"@type":"WebSite","@id":"https:\/\/comprehensiveliquor.com\/#website","url":"https:\/\/comprehensiveliquor.com\/","name":"Licores integrales","description":"Best Liquor Store","publisher":{"@id":"https:\/\/comprehensiveliquor.com\/#organization"},"alternateName":"Comprehensive Liquor Store","potentialAction":[{"@type":"SearchAction","target":{"@type":"EntryPoint","urlTemplate":"https:\/\/comprehensiveliquor.com\/?s={search_term_string}"},"query-input":{"@type":"PropertyValueSpecification","valueRequired":true,"valueName":"search_term_string"}}],"inLanguage":"es"},{"@type":"Organization","@id":"https:\/\/comprehensiveliquor.com\/#organization","name":"Licores integrales","alternateName":"Comprehensive Liquor Store","url":"https:\/\/comprehensiveliquor.com\/","logo":{"@type":"ImageObject","inLanguage":"es","@id":"https:\/\/comprehensiveliquor.com\/#\/schema\/logo\/image\/","url":"https:\/\/comprehensiveliquor.com\/wp-content\/uploads\/2024\/03\/cropped-image_2024-03-26_131408877.png","contentUrl":"https:\/\/comprehensiveliquor.com\/wp-content\/uploads\/2024\/03\/cropped-image_2024-03-26_131408877.png","width":378,"height":263,"caption":"Comprehensive Liquor"},"image":{"@id":"https:\/\/comprehensiveliquor.com\/#\/schema\/logo\/image\/"}}]}},"_links":{"self":[{"href":"https:\/\/comprehensiveliquor.com\/es\/wp-json\/wp\/v2\/product\/4180","targetHints":{"allow":["GET"]}}],"collection":[{"href":"https:\/\/comprehensiveliquor.com\/es\/wp-json\/wp\/v2\/product"}],"about":[{"href":"https:\/\/comprehensiveliquor.com\/es\/wp-json\/wp\/v2\/types\/product"}],"replies":[{"embeddable":true,"href":"https:\/\/comprehensiveliquor.com\/es\/wp-json\/wp\/v2\/comments?post=4180"}],"wp:featuredmedia":[{"embeddable":true,"href":"https:\/\/comprehensiveliquor.com\/es\/wp-json\/wp\/v2\/media\/4181"}],"wp:attachment":[{"href":"https:\/\/comprehensiveliquor.com\/es\/wp-json\/wp\/v2\/media?parent=4180"}],"wp:term":[{"taxonomy":"product_brand","embeddable":true,"href":"https:\/\/comprehensiveliquor.com\/es\/wp-json\/wp\/v2\/product_brand?post=4180"},{"taxonomy":"product_cat","embeddable":true,"href":"https:\/\/comprehensiveliquor.com\/es\/wp-json\/wp\/v2\/product_cat?post=4180"},{"taxonomy":"product_tag","embeddable":true,"href":"https:\/\/comprehensiveliquor.com\/es\/wp-json\/wp\/v2\/product_tag?post=4180"}],"curies":[{"name":"wp","href":"https:\/\/api.w.org\/{rel}","templated":true}]}}