{"id":4182,"date":"2023-12-05T16:13:20","date_gmt":"2023-12-05T16:13:20","guid":{"rendered":"https:\/\/comprehensiveliquor.com\/?post_type=product&#038;p=4182"},"modified":"2026-01-05T11:57:02","modified_gmt":"2026-01-05T11:57:02","slug":"macallan-whisky-de-pura-malta-the-colour-collection-de-18-anos","status":"publish","type":"product","link":"https:\/\/comprehensiveliquor.com\/es\/product\/macallan-whisky-de-pura-malta-the-colour-collection-de-18-anos\/","title":{"rendered":"Whisky puro de malta Macallan 18 a\u00f1os The Colour Collection"},"content":{"rendered":"<h2>Whisky puro de malta Macallan Color Collection de 18 a\u00f1os<\/h2>\n<p>Parte de la Colecci\u00f3n Color de Macallan, este whisky de malta simple de 18 a\u00f1os ha sido a\u00f1ejado en barricas de roble americano, mejorado con una delicada adici\u00f3n de roble europeo y aderezado con vino de jerez de Jerez de la Frontera, Espa\u00f1a.<br \/>\nLa Colecci\u00f3n Color, que incluye expresiones de 12, 15, 18, 21 y 30 a\u00f1os, es una celebraci\u00f3n del compromiso de The Macallan con el color natural y el condimento de jerez.<br \/>\nLos colores de Jerez se reflejan en esta expresi\u00f3n de 18 a\u00f1os del artista y dise\u00f1ador gr\u00e1fico David Carson, que captur\u00f3 la calidez del sol del atardecer brillando sobre las tejas de los techos de las bodegas de Jerez de la Frontera sobre un fondo de vi\u00f1edos con suelo blanco tiza, el entorno perfecto para disfrutar de una copa de The Macallan.<\/p>\n<p><strong>Nose<\/strong>:Clementinas, panna cotta, manzanas al horno con pasas, roble dulce.<\/p>\n<p><strong>Taste<\/strong>: bizcocho de vainilla, chocolate con leche con naranja, c\u00e1scara de c\u00edtricos, roble y panal.<\/p>\n<p><strong>Finalizar<\/strong>:medio con roble dulce y naranja.<\/p>\n<p>&nbsp;<\/p>\n<h2 class=\"beautify__page-heading _hasToggle\">Atributos<\/h2>\n<div id=\"ih__addition-11586\" class=\"productView-addition-tabContent is-open\">\n<table class=\"productView-addition-table table\">\n<tbody class=\"table-tbody\">\n<tr class=\"productView-info-row--cfVarietalType\">\n<td>\n<div class=\"productView-info-name productView-info-name--cfVarietalType\"><strong>Varietal\/Tipo<\/strong><\/div>\n<\/td>\n<td>\n<div class=\"productView-info-value productView-info-value--cfVarietalType\"><a href=\"https:\/\/comprehensiveliquor.com\/es\/product-category\/single-malt-whisky\/\">Single Malt Scotch<\/a><\/div>\n<\/td>\n<\/tr>\n<tr class=\"productView-info-row--cfSize\">\n<td>\n<div class=\"productView-info-name productView-info-name--cfSize\"><strong>ABV<\/strong><\/div>\n<\/td>\n<td>\n<div class=\"productView-info-value productView-info-value--cfSize\">43%<\/div>\n<\/td>\n<\/tr>\n<tr class=\"productView-info-row--cfProductOf\">\n<td>\n<div class=\"productView-info-name productView-info-name--cfProductOf\"><strong>Producto de<\/strong><\/div>\n<\/td>\n<td>\n<div class=\"productView-info-value productView-info-value--cfProductOf\">Scotland<\/div>\n<\/td>\n<\/tr>\n<\/tbody>\n<\/table>\n<\/div>","protected":false},"excerpt":{"rendered":"<p>Macallan 18-Year-Old Color Collection Single Malt Whisky Part of the Color Collection from Macallan, the 18-year-old single malt has been aged in American oak casks, enhanced by a delicate addition of European oak, and seasoned with sherry wine from Jerez de la Frontera, Spain. The Color Collection, comprising 12, 15, 18, 21, and 30-year-old expressions, [&hellip;]<\/p>\n","protected":false},"featured_media":4183,"comment_status":"closed","ping_status":"closed","template":"","meta":{"site-sidebar-layout":"default","site-content-layout":"","ast-site-content-layout":"default","site-content-style":"default","site-sidebar-style":"default","ast-global-header-display":"","ast-banner-title-visibility":"","ast-main-header-display":"","ast-hfb-above-header-display":"","ast-hfb-below-header-display":"","ast-hfb-mobile-header-display":"","site-post-title":"","ast-breadcrumbs-content":"","ast-featured-img":"","footer-sml-layout":"","ast-disable-related-posts":"","theme-transparent-header-meta":"default","adv-header-id-meta":"","stick-header-meta":"","header-above-stick-meta":"","header-main-stick-meta":"","header-below-stick-meta":"","astra-migrate-meta-layouts":"set","ast-page-background-enabled":"default","ast-page-background-meta":{"desktop":{"background-color":"","background-image":"","background-repeat":"repeat","background-position":"center center","background-size":"auto","background-attachment":"scroll","background-type":"","background-media":"","overlay-type":"","overlay-color":"","overlay-opacity":"","overlay-gradient":""},"tablet":{"background-color":"","background-image":"","background-repeat":"repeat","background-position":"center center","background-size":"auto","background-attachment":"scroll","background-type":"","background-media":"","overlay-type":"","overlay-color":"","overlay-opacity":"","overlay-gradient":""},"mobile":{"background-color":"","background-image":"","background-repeat":"repeat","background-position":"center center","background-size":"auto","background-attachment":"scroll","background-type":"","background-media":"","overlay-type":"","overlay-color":"","overlay-opacity":"","overlay-gradient":""}},"ast-content-background-meta":{"desktop":{"background-color":"var(--ast-global-color-5)","background-image":"","background-repeat":"repeat","background-position":"center center","background-size":"auto","background-attachment":"scroll","background-type":"","background-media":"","overlay-type":"","overlay-color":"","overlay-opacity":"","overlay-gradient":""},"tablet":{"background-color":"var(--ast-global-color-5)","background-image":"","background-repeat":"repeat","background-position":"center center","background-size":"auto","background-attachment":"scroll","background-type":"","background-media":"","overlay-type":"","overlay-color":"","overlay-opacity":"","overlay-gradient":""},"mobile":{"background-color":"var(--ast-global-color-5)","background-image":"","background-repeat":"repeat","background-position":"center center","background-size":"auto","background-attachment":"scroll","background-type":"","background-media":"","overlay-type":"","overlay-color":"","overlay-opacity":"","overlay-gradient":""}}},"product_brand":[],"product_cat":[79,39],"product_tag":[],"class_list":{"0":"post-4182","1":"product","2":"type-product","3":"status-publish","4":"has-post-thumbnail","6":"product_cat-macallan","7":"product_cat-scotch-whisky","8":"desktop-align-center","9":"tablet-align-left","10":"mobile-align-left","12":"first","13":"instock","14":"shipping-taxable","15":"purchasable","16":"product-type-simple"},"yoast_head":"<!-- This site is optimized with the Yoast SEO Premium plugin v24.7 (Yoast SEO v27.3) - https:\/\/yoast.com\/product\/yoast-seo-premium-wordpress\/ -->\n<title>Macallan 18 Year Colour Collection | Single Malt | Buy Now<\/title>\n<meta name=\"description\" content=\"Buy Macallan 18 Year Old Colour Collection Single Malt. Rare limited edition aged Scotch whisky. Premium collector&#039;s bottle. Order online with shipping.\" \/>\n<meta name=\"robots\" content=\"index, follow, max-snippet:-1, max-image-preview:large, max-video-preview:-1\" \/>\n<link rel=\"canonical\" href=\"https:\/\/comprehensiveliquor.com\/es\/product\/macallan-whisky-de-pura-malta-the-colour-collection-de-18-anos\/\" \/>\n<meta property=\"og:locale\" content=\"es_ES\" \/>\n<meta property=\"og:type\" content=\"article\" \/>\n<meta property=\"og:title\" content=\"Macallan 18 Year Old The Colour Collection Single Malt Whisky\" \/>\n<meta property=\"og:description\" content=\"Buy Macallan 18 Year Old Colour Collection Single Malt. Rare limited edition aged Scotch whisky. Premium collector&#039;s bottle. Order online with shipping.\" \/>\n<meta property=\"og:url\" content=\"https:\/\/comprehensiveliquor.com\/es\/product\/macallan-whisky-de-pura-malta-the-colour-collection-de-18-anos\/\" \/>\n<meta property=\"og:site_name\" content=\"Comprehensive Liquor\" \/>\n<meta property=\"article:modified_time\" content=\"2026-01-05T11:57:02+00:00\" \/>\n<meta property=\"og:image\" content=\"https:\/\/comprehensiveliquor.com\/wp-content\/uploads\/2023\/12\/image_2023-12-05_170553489.png\" \/>\n\t<meta property=\"og:image:width\" content=\"778\" \/>\n\t<meta property=\"og:image:height\" content=\"778\" \/>\n\t<meta property=\"og:image:type\" content=\"image\/png\" \/>\n<meta name=\"twitter:card\" content=\"summary_large_image\" \/>\n<meta name=\"twitter:label1\" content=\"Tiempo de lectura\" \/>\n\t<meta name=\"twitter:data1\" content=\"1 minuto\" \/>\n<script type=\"application\/ld+json\" class=\"yoast-schema-graph\">{\"@context\":\"https:\\\/\\\/schema.org\",\"@graph\":[{\"@type\":\"WebPage\",\"@id\":\"https:\\\/\\\/comprehensiveliquor.com\\\/product\\\/macallan-18-year-old-the-colour-collection-single-malt-whisky\\\/\",\"url\":\"https:\\\/\\\/comprehensiveliquor.com\\\/product\\\/macallan-18-year-old-the-colour-collection-single-malt-whisky\\\/\",\"name\":\"Macallan 18 Year Colour Collection | Single Malt | Buy Now\",\"isPartOf\":{\"@id\":\"https:\\\/\\\/comprehensiveliquor.com\\\/#website\"},\"primaryImageOfPage\":{\"@id\":\"https:\\\/\\\/comprehensiveliquor.com\\\/product\\\/macallan-18-year-old-the-colour-collection-single-malt-whisky\\\/#primaryimage\"},\"image\":{\"@id\":\"https:\\\/\\\/comprehensiveliquor.com\\\/product\\\/macallan-18-year-old-the-colour-collection-single-malt-whisky\\\/#primaryimage\"},\"thumbnailUrl\":\"https:\\\/\\\/comprehensiveliquor.com\\\/wp-content\\\/uploads\\\/2023\\\/12\\\/image_2023-12-05_170553489.png\",\"datePublished\":\"2023-12-05T16:13:20+00:00\",\"dateModified\":\"2026-01-05T11:57:02+00:00\",\"description\":\"Buy Macallan 18 Year Old Colour Collection Single Malt. Rare limited edition aged Scotch whisky. Premium collector's bottle. Order online with shipping.\",\"breadcrumb\":{\"@id\":\"https:\\\/\\\/comprehensiveliquor.com\\\/product\\\/macallan-18-year-old-the-colour-collection-single-malt-whisky\\\/#breadcrumb\"},\"inLanguage\":\"es\",\"potentialAction\":[{\"@type\":\"ReadAction\",\"target\":[\"https:\\\/\\\/comprehensiveliquor.com\\\/product\\\/macallan-18-year-old-the-colour-collection-single-malt-whisky\\\/\"]}]},{\"@type\":\"ImageObject\",\"inLanguage\":\"es\",\"@id\":\"https:\\\/\\\/comprehensiveliquor.com\\\/product\\\/macallan-18-year-old-the-colour-collection-single-malt-whisky\\\/#primaryimage\",\"url\":\"https:\\\/\\\/comprehensiveliquor.com\\\/wp-content\\\/uploads\\\/2023\\\/12\\\/image_2023-12-05_170553489.png\",\"contentUrl\":\"https:\\\/\\\/comprehensiveliquor.com\\\/wp-content\\\/uploads\\\/2023\\\/12\\\/image_2023-12-05_170553489.png\",\"width\":778,\"height\":778,\"caption\":\"#image_title\"},{\"@type\":\"BreadcrumbList\",\"@id\":\"https:\\\/\\\/comprehensiveliquor.com\\\/product\\\/macallan-18-year-old-the-colour-collection-single-malt-whisky\\\/#breadcrumb\",\"itemListElement\":[{\"@type\":\"ListItem\",\"position\":1,\"name\":\"Home\",\"item\":\"https:\\\/\\\/comprehensiveliquor.com\\\/\"},{\"@type\":\"ListItem\",\"position\":2,\"name\":\"Shop\",\"item\":\"https:\\\/\\\/comprehensiveliquor.com\\\/shop\\\/\"},{\"@type\":\"ListItem\",\"position\":3,\"name\":\"Macallan 18 Year Old The Colour Collection Single Malt Whisky\"}]},{\"@type\":\"WebSite\",\"@id\":\"https:\\\/\\\/comprehensiveliquor.com\\\/#website\",\"url\":\"https:\\\/\\\/comprehensiveliquor.com\\\/\",\"name\":\"Comprehensive Liquor\",\"description\":\"Best Liquor Store\",\"publisher\":{\"@id\":\"https:\\\/\\\/comprehensiveliquor.com\\\/#organization\"},\"alternateName\":\"Comprehensive Liquor Store\",\"potentialAction\":[{\"@type\":\"SearchAction\",\"target\":{\"@type\":\"EntryPoint\",\"urlTemplate\":\"https:\\\/\\\/comprehensiveliquor.com\\\/?s={search_term_string}\"},\"query-input\":{\"@type\":\"PropertyValueSpecification\",\"valueRequired\":true,\"valueName\":\"search_term_string\"}}],\"inLanguage\":\"es\"},{\"@type\":\"Organization\",\"@id\":\"https:\\\/\\\/comprehensiveliquor.com\\\/#organization\",\"name\":\"Comprehensive Liquor\",\"alternateName\":\"Comprehensive Liquor Store\",\"url\":\"https:\\\/\\\/comprehensiveliquor.com\\\/\",\"logo\":{\"@type\":\"ImageObject\",\"inLanguage\":\"es\",\"@id\":\"https:\\\/\\\/comprehensiveliquor.com\\\/#\\\/schema\\\/logo\\\/image\\\/\",\"url\":\"https:\\\/\\\/comprehensiveliquor.com\\\/wp-content\\\/uploads\\\/2024\\\/03\\\/cropped-image_2024-03-26_131408877.png\",\"contentUrl\":\"https:\\\/\\\/comprehensiveliquor.com\\\/wp-content\\\/uploads\\\/2024\\\/03\\\/cropped-image_2024-03-26_131408877.png\",\"width\":378,\"height\":263,\"caption\":\"Comprehensive Liquor\"},\"image\":{\"@id\":\"https:\\\/\\\/comprehensiveliquor.com\\\/#\\\/schema\\\/logo\\\/image\\\/\"}}]}<\/script>\n<!-- \/ Yoast SEO Premium plugin. -->","yoast_head_json":{"title":"Colecci\u00f3n Macallan Colour de 18 a\u00f1os | Whisky puro de malta | Comprar ahora","description":"Compra el whisky escoc\u00e9s Macallan Colour Collection Single Malt de 18 a\u00f1os. Whisky escoc\u00e9s a\u00f1ejo de edici\u00f3n limitada y excepcional. Botella premium de coleccionista. Compra online con env\u00edo incluido.","robots":{"index":"index","follow":"follow","max-snippet":"max-snippet:-1","max-image-preview":"max-image-preview:large","max-video-preview":"max-video-preview:-1"},"canonical":"https:\/\/comprehensiveliquor.com\/es\/product\/macallan-whisky-de-pura-malta-the-colour-collection-de-18-anos\/","og_locale":"es_ES","og_type":"article","og_title":"Macallan 18 Year Old The Colour Collection Single Malt Whisky","og_description":"Buy Macallan 18 Year Old Colour Collection Single Malt. Rare limited edition aged Scotch whisky. Premium collector's bottle. Order online with shipping.","og_url":"https:\/\/comprehensiveliquor.com\/es\/product\/macallan-whisky-de-pura-malta-the-colour-collection-de-18-anos\/","og_site_name":"Comprehensive Liquor","article_modified_time":"2026-01-05T11:57:02+00:00","og_image":[{"width":778,"height":778,"url":"https:\/\/comprehensiveliquor.com\/wp-content\/uploads\/2023\/12\/image_2023-12-05_170553489.png","type":"image\/png"}],"twitter_card":"summary_large_image","twitter_misc":{"Tiempo de lectura":"1 minuto"},"schema":{"@context":"https:\/\/schema.org","@graph":[{"@type":"WebPage","@id":"https:\/\/comprehensiveliquor.com\/product\/macallan-18-year-old-the-colour-collection-single-malt-whisky\/","url":"https:\/\/comprehensiveliquor.com\/product\/macallan-18-year-old-the-colour-collection-single-malt-whisky\/","name":"Colecci\u00f3n Macallan Colour de 18 a\u00f1os | Whisky puro de malta | Comprar ahora","isPartOf":{"@id":"https:\/\/comprehensiveliquor.com\/#website"},"primaryImageOfPage":{"@id":"https:\/\/comprehensiveliquor.com\/product\/macallan-18-year-old-the-colour-collection-single-malt-whisky\/#primaryimage"},"image":{"@id":"https:\/\/comprehensiveliquor.com\/product\/macallan-18-year-old-the-colour-collection-single-malt-whisky\/#primaryimage"},"thumbnailUrl":"https:\/\/comprehensiveliquor.com\/wp-content\/uploads\/2023\/12\/image_2023-12-05_170553489.png","datePublished":"2023-12-05T16:13:20+00:00","dateModified":"2026-01-05T11:57:02+00:00","description":"Compra el whisky escoc\u00e9s Macallan Colour Collection Single Malt de 18 a\u00f1os. Whisky escoc\u00e9s a\u00f1ejo de edici\u00f3n limitada y excepcional. Botella premium de coleccionista. Compra online con env\u00edo incluido.","breadcrumb":{"@id":"https:\/\/comprehensiveliquor.com\/product\/macallan-18-year-old-the-colour-collection-single-malt-whisky\/#breadcrumb"},"inLanguage":"es","potentialAction":[{"@type":"ReadAction","target":["https:\/\/comprehensiveliquor.com\/product\/macallan-18-year-old-the-colour-collection-single-malt-whisky\/"]}]},{"@type":"ImageObject","inLanguage":"es","@id":"https:\/\/comprehensiveliquor.com\/product\/macallan-18-year-old-the-colour-collection-single-malt-whisky\/#primaryimage","url":"https:\/\/comprehensiveliquor.com\/wp-content\/uploads\/2023\/12\/image_2023-12-05_170553489.png","contentUrl":"https:\/\/comprehensiveliquor.com\/wp-content\/uploads\/2023\/12\/image_2023-12-05_170553489.png","width":778,"height":778,"caption":"#image_title"},{"@type":"BreadcrumbList","@id":"https:\/\/comprehensiveliquor.com\/product\/macallan-18-year-old-the-colour-collection-single-malt-whisky\/#breadcrumb","itemListElement":[{"@type":"ListItem","position":1,"name":"Home","item":"https:\/\/comprehensiveliquor.com\/"},{"@type":"ListItem","position":2,"name":"Shop","item":"https:\/\/comprehensiveliquor.com\/shop\/"},{"@type":"ListItem","position":3,"name":"Macallan 18 Year Old The Colour Collection Single Malt Whisky"}]},{"@type":"WebSite","@id":"https:\/\/comprehensiveliquor.com\/#website","url":"https:\/\/comprehensiveliquor.com\/","name":"Licores integrales","description":"Best Liquor Store","publisher":{"@id":"https:\/\/comprehensiveliquor.com\/#organization"},"alternateName":"Comprehensive Liquor Store","potentialAction":[{"@type":"SearchAction","target":{"@type":"EntryPoint","urlTemplate":"https:\/\/comprehensiveliquor.com\/?s={search_term_string}"},"query-input":{"@type":"PropertyValueSpecification","valueRequired":true,"valueName":"search_term_string"}}],"inLanguage":"es"},{"@type":"Organization","@id":"https:\/\/comprehensiveliquor.com\/#organization","name":"Licores integrales","alternateName":"Comprehensive Liquor Store","url":"https:\/\/comprehensiveliquor.com\/","logo":{"@type":"ImageObject","inLanguage":"es","@id":"https:\/\/comprehensiveliquor.com\/#\/schema\/logo\/image\/","url":"https:\/\/comprehensiveliquor.com\/wp-content\/uploads\/2024\/03\/cropped-image_2024-03-26_131408877.png","contentUrl":"https:\/\/comprehensiveliquor.com\/wp-content\/uploads\/2024\/03\/cropped-image_2024-03-26_131408877.png","width":378,"height":263,"caption":"Comprehensive Liquor"},"image":{"@id":"https:\/\/comprehensiveliquor.com\/#\/schema\/logo\/image\/"}}]}},"_links":{"self":[{"href":"https:\/\/comprehensiveliquor.com\/es\/wp-json\/wp\/v2\/product\/4182","targetHints":{"allow":["GET"]}}],"collection":[{"href":"https:\/\/comprehensiveliquor.com\/es\/wp-json\/wp\/v2\/product"}],"about":[{"href":"https:\/\/comprehensiveliquor.com\/es\/wp-json\/wp\/v2\/types\/product"}],"replies":[{"embeddable":true,"href":"https:\/\/comprehensiveliquor.com\/es\/wp-json\/wp\/v2\/comments?post=4182"}],"wp:featuredmedia":[{"embeddable":true,"href":"https:\/\/comprehensiveliquor.com\/es\/wp-json\/wp\/v2\/media\/4183"}],"wp:attachment":[{"href":"https:\/\/comprehensiveliquor.com\/es\/wp-json\/wp\/v2\/media?parent=4182"}],"wp:term":[{"taxonomy":"product_brand","embeddable":true,"href":"https:\/\/comprehensiveliquor.com\/es\/wp-json\/wp\/v2\/product_brand?post=4182"},{"taxonomy":"product_cat","embeddable":true,"href":"https:\/\/comprehensiveliquor.com\/es\/wp-json\/wp\/v2\/product_cat?post=4182"},{"taxonomy":"product_tag","embeddable":true,"href":"https:\/\/comprehensiveliquor.com\/es\/wp-json\/wp\/v2\/product_tag?post=4182"}],"curies":[{"name":"wp","href":"https:\/\/api.w.org\/{rel}","templated":true}]}}