{"id":1968,"date":"2022-10-14T21:20:28","date_gmt":"2022-10-14T21:20:28","guid":{"rendered":"https:\/\/comprehensiveliquor.com\/?page_id=1968"},"modified":"2022-10-23T11:59:30","modified_gmt":"2022-10-23T11:59:30","slug":"informations-dexpedition","status":"publish","type":"page","link":"https:\/\/comprehensiveliquor.com\/fr\/informations-dexpedition\/","title":{"rendered":"Informations d'exp\u00e9dition"},"content":{"rendered":"<p>Pour conna\u00eetre vos frais de livraison avant de passer commande, veuillez utiliser notre calculateur de frais de livraison au moment du paiement. S\u00e9lectionnez les articles que vous souhaitez acheter. Il vous suffit ensuite de saisir votre code postal sur la page r\u00e9capitulative de votre commande pour que les frais de livraison soient calcul\u00e9s automatiquement.<\/p>\n\n\n\n<p><strong>Nous utilisons une combinaison de UPS et de FedEx.<\/strong>&nbsp;Nous livrons tous les colis. Le transporteur ne livre pas aux bo\u00eetes postales, mais livre \u00e0 toutes les adresses r\u00e9sidentielles et commerciales.<\/p>\n\n\n\n<p><strong>Condition d'\u00e2ge l\u00e9gal<\/strong>\u00a0Toute livraison d'alcool doit \u00eatre r\u00e9ceptionn\u00e9e par un adulte. <strong>81 ans ou plus.<\/strong>\u00a0Aucune exception. Les envois d'alcool sont exp\u00e9di\u00e9s avec un\u00a0<strong>\u00ab Signature d'un adulte requise \u00bb<\/strong>\u00a0conform\u00e9ment \u00e0 la stipulation, le transporteur utilis\u00e9 pour la livraison est tenu de demander et de v\u00e9rifier une pi\u00e8ce d'identit\u00e9 avant de livrer la marchandise.<\/p>\n\n\n\n<p><strong>Signature d'un adulte requise<\/strong>\u00a0\u00c0 la livraison, tout achat doit \u00eatre effectu\u00e9 par une personne \u00e2g\u00e9e de 18 ans ou plus. Le livreur exigera une preuve d'\u00e2ge et une signature sera requise pour toute livraison. Seules les personnes \u00e2g\u00e9es de 18 ans et plus sont autoris\u00e9es \u00e0 r\u00e9ceptionner une livraison.<\/p>\n\n\n\n<p><a href=\"https:\/\/www.fedex.com\/en-cm\/home.html\" target=\"_blank\" rel=\"noopener\" title=\"\">FedEx<\/a><strong><strong> <\/strong><\/strong>et <strong>UPS<\/strong> Nous ne livrons pas aux personnes en \u00e9tat d'ivresse. Veuillez consommer avec mod\u00e9ration. Si personne de plus de 18 ans n'est pr\u00e9sent pour r\u00e9ceptionner le colis, celui-ci ne sera pas d\u00e9pos\u00e9. C'est pourquoi nous vous recommandons de privil\u00e9gier une adresse professionnelle. Nous ne pouvons pas livrer aux bo\u00eetes postales ni aux adresses FPO ou APO.<\/p>\n\n\n\n<h4 class=\"wp-block-heading\">Livrez-vous dans mon pays ou mon \u00e9tat ?<\/h4>\n\n\n\n<p>Nous exp\u00e9dions en Europe, en Asie, au Canada et aux \u00c9tats-Unis, si la l\u00e9gislation autorise l'exp\u00e9dition de produits alcoolis\u00e9s vers votre \u00c9tat ou comt\u00e9.<\/p>\n\n\n\n<h4 class=\"wp-block-heading\">Lors de ma commande, mon adresse de livraison peut-elle \u00eatre diff\u00e9rente de mon adresse de facturation\u00a0?<\/h4>\n\n\n\n<p>Oui, vous pouvez passer une commande et la faire livrer \u00e0 une adresse diff\u00e9rente de votre adresse de facturation.<\/p>\n\n\n\n<h4 class=\"wp-block-heading\">When will my order be shipped?<\/h4>\n\n\n\n<p>D\u00e8s confirmation de votre paiement, nous traitons votre commande. Le traitement prend au maximum 12 heures avant l'exp\u00e9dition. L'exp\u00e9dition a lieu le jour ouvrable suivant. Vous disposez de 14 jours pour retourner un article achet\u00e9 par erreur, sous r\u00e9serve qu'il soit scell\u00e9 d'usine et en parfait \u00e9tat. L'achat de boissons alcoolis\u00e9es atteste qu'il respecte la l\u00e9gislation en vigueur dans son pays et sa r\u00e9gion.<\/p>\n\n\n\n<h4 class=\"wp-block-heading\">Dur\u00e9e d'exp\u00e9dition.<\/h4>\n\n\n\n<p>Nous utilisons 3 \u00e0 4 jours ouvrables pour exp\u00e9dier aux \u00c9tats-Unis, 3 \u00e0 4 jours en France m\u00e9tropolitaine\u00a0<strong>Canada,\u00a0<\/strong>3 \u00e0 5 pouces\u00a0<strong>Asia<\/strong>, 2 \u00e0 3 en Europe, et 3 \u00e0 7 jours \u00e0\u00a0<strong>exp\u00e9dier en Australie<\/strong>,\u00a0en fonction de la localisation du client.<\/p>","protected":false},"excerpt":{"rendered":"<p>To find out your shipping cost before purchasing, please use our shipping calculator at check out. Pick the items you would like to purchase. Just enter your zip code on the order summary page and it will calculate shipping charges to your zip code. We use a combination of UPS and FedEx&nbsp;to deliver all packages. [&hellip;]<\/p>\n","protected":false},"author":1,"featured_media":0,"parent":0,"menu_order":0,"comment_status":"closed","ping_status":"closed","template":"","meta":{"site-sidebar-layout":"default","site-content-layout":"","ast-site-content-layout":"default","site-content-style":"default","site-sidebar-style":"default","ast-global-header-display":"","ast-banner-title-visibility":"","ast-main-header-display":"","ast-hfb-above-header-display":"","ast-hfb-below-header-display":"","ast-hfb-mobile-header-display":"","site-post-title":"","ast-breadcrumbs-content":"","ast-featured-img":"","footer-sml-layout":"","ast-disable-related-posts":"","theme-transparent-header-meta":"","adv-header-id-meta":"","stick-header-meta":"","header-above-stick-meta":"","header-main-stick-meta":"","header-below-stick-meta":"","astra-migrate-meta-layouts":"default","ast-page-background-enabled":"default","ast-page-background-meta":{"desktop":{"background-color":"","background-image":"","background-repeat":"repeat","background-position":"center center","background-size":"auto","background-attachment":"scroll","background-type":"","background-media":"","overlay-type":"","overlay-color":"","overlay-opacity":"","overlay-gradient":""},"tablet":{"background-color":"","background-image":"","background-repeat":"repeat","background-position":"center center","background-size":"auto","background-attachment":"scroll","background-type":"","background-media":"","overlay-type":"","overlay-color":"","overlay-opacity":"","overlay-gradient":""},"mobile":{"background-color":"","background-image":"","background-repeat":"repeat","background-position":"center center","background-size":"auto","background-attachment":"scroll","background-type":"","background-media":"","overlay-type":"","overlay-color":"","overlay-opacity":"","overlay-gradient":""}},"ast-content-background-meta":{"desktop":{"background-color":"var(--ast-global-color-5)","background-image":"","background-repeat":"repeat","background-position":"center center","background-size":"auto","background-attachment":"scroll","background-type":"","background-media":"","overlay-type":"","overlay-color":"","overlay-opacity":"","overlay-gradient":""},"tablet":{"background-color":"var(--ast-global-color-5)","background-image":"","background-repeat":"repeat","background-position":"center center","background-size":"auto","background-attachment":"scroll","background-type":"","background-media":"","overlay-type":"","overlay-color":"","overlay-opacity":"","overlay-gradient":""},"mobile":{"background-color":"var(--ast-global-color-5)","background-image":"","background-repeat":"repeat","background-position":"center center","background-size":"auto","background-attachment":"scroll","background-type":"","background-media":"","overlay-type":"","overlay-color":"","overlay-opacity":"","overlay-gradient":""}},"footnotes":""},"class_list":["post-1968","page","type-page","status-publish","hentry"],"yoast_head":"<!-- This site is optimized with the Yoast SEO Premium plugin v24.7 (Yoast SEO v27.3) - https:\/\/yoast.com\/product\/yoast-seo-premium-wordpress\/ -->\n<title>Shipping Information | Comprehensive Liquor<\/title>\n<meta name=\"description\" content=\"To find out your shipping cost before purchasing, please use our shipping calculator at check out. Pick the items you would like to purchase. Just enter\" \/>\n<meta name=\"robots\" content=\"index, follow, max-snippet:-1, max-image-preview:large, max-video-preview:-1\" \/>\n<link rel=\"canonical\" href=\"https:\/\/comprehensiveliquor.com\/fr\/informations-dexpedition\/\" \/>\n<meta property=\"og:locale\" content=\"fr_FR\" \/>\n<meta property=\"og:type\" content=\"article\" \/>\n<meta property=\"og:title\" content=\"Shipping Information\" \/>\n<meta property=\"og:description\" content=\"To find out your shipping cost before purchasing, please use our shipping calculator at check out. Pick the items you would like to purchase. Just enter\" \/>\n<meta property=\"og:url\" content=\"https:\/\/comprehensiveliquor.com\/fr\/informations-dexpedition\/\" \/>\n<meta property=\"og:site_name\" content=\"Comprehensive Liquor\" \/>\n<meta property=\"article:modified_time\" content=\"2022-10-23T11:59:30+00:00\" \/>\n<meta name=\"twitter:card\" content=\"summary_large_image\" \/>\n<meta name=\"twitter:label1\" content=\"Dur\u00e9e de lecture estim\u00e9e\" \/>\n\t<meta name=\"twitter:data1\" content=\"2 minutes\" \/>\n<script type=\"application\/ld+json\" class=\"yoast-schema-graph\">{\"@context\":\"https:\\\/\\\/schema.org\",\"@graph\":[{\"@type\":\"WebPage\",\"@id\":\"https:\\\/\\\/comprehensiveliquor.com\\\/shipping-information\\\/\",\"url\":\"https:\\\/\\\/comprehensiveliquor.com\\\/shipping-information\\\/\",\"name\":\"Shipping Information | Comprehensive Liquor\",\"isPartOf\":{\"@id\":\"https:\\\/\\\/comprehensiveliquor.com\\\/#website\"},\"datePublished\":\"2022-10-14T21:20:28+00:00\",\"dateModified\":\"2022-10-23T11:59:30+00:00\",\"description\":\"To find out your shipping cost before purchasing, please use our shipping calculator at check out. Pick the items you would like to purchase. Just enter\",\"breadcrumb\":{\"@id\":\"https:\\\/\\\/comprehensiveliquor.com\\\/shipping-information\\\/#breadcrumb\"},\"inLanguage\":\"fr-FR\",\"potentialAction\":[{\"@type\":\"ReadAction\",\"target\":[\"https:\\\/\\\/comprehensiveliquor.com\\\/shipping-information\\\/\"]}]},{\"@type\":\"BreadcrumbList\",\"@id\":\"https:\\\/\\\/comprehensiveliquor.com\\\/shipping-information\\\/#breadcrumb\",\"itemListElement\":[{\"@type\":\"ListItem\",\"position\":1,\"name\":\"Home\",\"item\":\"https:\\\/\\\/comprehensiveliquor.com\\\/\"},{\"@type\":\"ListItem\",\"position\":2,\"name\":\"Shipping Information\"}]},{\"@type\":\"WebSite\",\"@id\":\"https:\\\/\\\/comprehensiveliquor.com\\\/#website\",\"url\":\"https:\\\/\\\/comprehensiveliquor.com\\\/\",\"name\":\"Comprehensive Liquor\",\"description\":\"Best Liquor Store\",\"publisher\":{\"@id\":\"https:\\\/\\\/comprehensiveliquor.com\\\/#organization\"},\"alternateName\":\"Comprehensive Liquor Store\",\"potentialAction\":[{\"@type\":\"SearchAction\",\"target\":{\"@type\":\"EntryPoint\",\"urlTemplate\":\"https:\\\/\\\/comprehensiveliquor.com\\\/?s={search_term_string}\"},\"query-input\":{\"@type\":\"PropertyValueSpecification\",\"valueRequired\":true,\"valueName\":\"search_term_string\"}}],\"inLanguage\":\"fr-FR\"},{\"@type\":\"Organization\",\"@id\":\"https:\\\/\\\/comprehensiveliquor.com\\\/#organization\",\"name\":\"Comprehensive Liquor\",\"alternateName\":\"Comprehensive Liquor Store\",\"url\":\"https:\\\/\\\/comprehensiveliquor.com\\\/\",\"logo\":{\"@type\":\"ImageObject\",\"inLanguage\":\"fr-FR\",\"@id\":\"https:\\\/\\\/comprehensiveliquor.com\\\/#\\\/schema\\\/logo\\\/image\\\/\",\"url\":\"https:\\\/\\\/comprehensiveliquor.com\\\/wp-content\\\/uploads\\\/2024\\\/03\\\/cropped-image_2024-03-26_131408877.png\",\"contentUrl\":\"https:\\\/\\\/comprehensiveliquor.com\\\/wp-content\\\/uploads\\\/2024\\\/03\\\/cropped-image_2024-03-26_131408877.png\",\"width\":378,\"height\":263,\"caption\":\"Comprehensive Liquor\"},\"image\":{\"@id\":\"https:\\\/\\\/comprehensiveliquor.com\\\/#\\\/schema\\\/logo\\\/image\\\/\"}}]}<\/script>\n<!-- \/ Yoast SEO Premium plugin. -->","yoast_head_json":{"title":"Shipping Information | Comprehensive Liquor","description":"Pour conna\u00eetre vos frais de livraison avant d'acheter, veuillez utiliser notre calculateur de frais de livraison au moment du paiement. S\u00e9lectionnez les articles que vous souhaitez acheter. Il vous suffit de saisir\u2026","robots":{"index":"index","follow":"follow","max-snippet":"max-snippet:-1","max-image-preview":"max-image-preview:large","max-video-preview":"max-video-preview:-1"},"canonical":"https:\/\/comprehensiveliquor.com\/fr\/informations-dexpedition\/","og_locale":"fr_FR","og_type":"article","og_title":"Shipping Information","og_description":"To find out your shipping cost before purchasing, please use our shipping calculator at check out. Pick the items you would like to purchase. Just enter","og_url":"https:\/\/comprehensiveliquor.com\/fr\/informations-dexpedition\/","og_site_name":"Comprehensive Liquor","article_modified_time":"2022-10-23T11:59:30+00:00","twitter_card":"summary_large_image","twitter_misc":{"Dur\u00e9e de lecture estim\u00e9e":"2 minutes"},"schema":{"@context":"https:\/\/schema.org","@graph":[{"@type":"WebPage","@id":"https:\/\/comprehensiveliquor.com\/shipping-information\/","url":"https:\/\/comprehensiveliquor.com\/shipping-information\/","name":"Shipping Information | Comprehensive Liquor","isPartOf":{"@id":"https:\/\/comprehensiveliquor.com\/#website"},"datePublished":"2022-10-14T21:20:28+00:00","dateModified":"2022-10-23T11:59:30+00:00","description":"Pour conna\u00eetre vos frais de livraison avant d'acheter, veuillez utiliser notre calculateur de frais de livraison au moment du paiement. S\u00e9lectionnez les articles que vous souhaitez acheter. Il vous suffit de saisir\u2026","breadcrumb":{"@id":"https:\/\/comprehensiveliquor.com\/shipping-information\/#breadcrumb"},"inLanguage":"fr-FR","potentialAction":[{"@type":"ReadAction","target":["https:\/\/comprehensiveliquor.com\/shipping-information\/"]}]},{"@type":"BreadcrumbList","@id":"https:\/\/comprehensiveliquor.com\/shipping-information\/#breadcrumb","itemListElement":[{"@type":"ListItem","position":1,"name":"Home","item":"https:\/\/comprehensiveliquor.com\/"},{"@type":"ListItem","position":2,"name":"Shipping Information"}]},{"@type":"WebSite","@id":"https:\/\/comprehensiveliquor.com\/#website","url":"https:\/\/comprehensiveliquor.com\/","name":"Alcool complet","description":"Best Liquor Store","publisher":{"@id":"https:\/\/comprehensiveliquor.com\/#organization"},"alternateName":"Comprehensive Liquor Store","potentialAction":[{"@type":"SearchAction","target":{"@type":"EntryPoint","urlTemplate":"https:\/\/comprehensiveliquor.com\/?s={search_term_string}"},"query-input":{"@type":"PropertyValueSpecification","valueRequired":true,"valueName":"search_term_string"}}],"inLanguage":"fr-FR"},{"@type":"Organization","@id":"https:\/\/comprehensiveliquor.com\/#organization","name":"Alcool complet","alternateName":"Comprehensive Liquor Store","url":"https:\/\/comprehensiveliquor.com\/","logo":{"@type":"ImageObject","inLanguage":"fr-FR","@id":"https:\/\/comprehensiveliquor.com\/#\/schema\/logo\/image\/","url":"https:\/\/comprehensiveliquor.com\/wp-content\/uploads\/2024\/03\/cropped-image_2024-03-26_131408877.png","contentUrl":"https:\/\/comprehensiveliquor.com\/wp-content\/uploads\/2024\/03\/cropped-image_2024-03-26_131408877.png","width":378,"height":263,"caption":"Comprehensive Liquor"},"image":{"@id":"https:\/\/comprehensiveliquor.com\/#\/schema\/logo\/image\/"}}]}},"_links":{"self":[{"href":"https:\/\/comprehensiveliquor.com\/fr\/wp-json\/wp\/v2\/pages\/1968","targetHints":{"allow":["GET"]}}],"collection":[{"href":"https:\/\/comprehensiveliquor.com\/fr\/wp-json\/wp\/v2\/pages"}],"about":[{"href":"https:\/\/comprehensiveliquor.com\/fr\/wp-json\/wp\/v2\/types\/page"}],"author":[{"embeddable":true,"href":"https:\/\/comprehensiveliquor.com\/fr\/wp-json\/wp\/v2\/users\/1"}],"replies":[{"embeddable":true,"href":"https:\/\/comprehensiveliquor.com\/fr\/wp-json\/wp\/v2\/comments?post=1968"}],"version-history":[{"count":0,"href":"https:\/\/comprehensiveliquor.com\/fr\/wp-json\/wp\/v2\/pages\/1968\/revisions"}],"wp:attachment":[{"href":"https:\/\/comprehensiveliquor.com\/fr\/wp-json\/wp\/v2\/media?parent=1968"}],"curies":[{"name":"wp","href":"https:\/\/api.w.org\/{rel}","templated":true}]}}