{"id":1877,"date":"2022-10-14T10:45:42","date_gmt":"2022-10-14T10:45:42","guid":{"rendered":"https:\/\/comprehensiveliquor.com\/?post_type=product&#038;p=1877"},"modified":"2023-10-11T12:58:01","modified_gmt":"2023-10-11T12:58:01","slug":"sazerac-straight-rye-70cl","status":"publish","type":"product","link":"https:\/\/comprehensiveliquor.com\/fr\/product\/sazerac-straight-rye-70cl\/","title":{"rendered":"Sazerac Straight Rye 70cl"},"content":{"rendered":"<h2 class=\"product-single__title\" style=\"color: #252525;\"><strong style=\"color: #252525;\">Whisky de seigle Sazerac Straight Rye du Kentucky.<\/strong><\/h2>\n<p><span style=\"color: #252525;\">Le nom Sazerac provient des origines de la Sazerac Company, propri\u00e9taire de Buffalo Trace, au XIXe si\u00e8cle, au Sazerac Coffee House de la Nouvelle-Orl\u00e9ans, o\u00f9 l'amer Peychaud, l'absinthe et le whisky de seigle \u00e9taient combin\u00e9s dans le cocktail signature.\u00a0<\/span><br style=\"color: #252525;\" \/><br style=\"color: #252525;\" \/><span style=\"color: #252525;\">Nous sommes de grands fans du whisky de seigle Sazerac\u00a0: il offre un excellent \u00e9quilibre entre douceur, notes herbac\u00e9es et \u00e9pices menthol\u00e9es du seigle, et il se d\u00e9guste aussi bien dans un cocktail Sazerac (si vous \u00eates courageux) que m\u00e9lang\u00e9 \u00e0 du vermouth rouge dans un Manhattan traditionnel.<\/span><\/p>\n<h4>Attributs<\/h4>\n<table>\n<tbody>\n<tr>\n<td><strong>Cat\u00e9gorie<\/strong><\/td>\n<td><a title=\"Bourbon whiskey\" href=\"https:\/\/comprehensiveliquor.com\/fr\/product-category\/bourbon-whiskey\/\">Bourbon whiskey<\/a><\/td>\n<\/tr>\n<tr>\n<td><strong>Distillery<\/strong><\/td>\n<td><a title=\"Buffalo Trace distillery\" href=\"https:\/\/www.buffalotracedistillery.com\" target=\"_blank\" rel=\"noopener\">Buffalo Trace<\/a><\/td>\n<\/tr>\n<tr>\n<td><strong>Country<\/strong><\/td>\n<td>America<\/td>\n<\/tr>\n<tr>\n<td><strong>Bottle Size<\/strong><\/td>\n<td>70cl<\/td>\n<\/tr>\n<tr>\n<td><strong>ABV<\/strong><\/td>\n<td>45.0%<\/td>\n<\/tr>\n<\/tbody>\n<\/table>","protected":false},"excerpt":{"rendered":"<p>Le Sazerac Straight Rye est un whisky de seigle pur de qualit\u00e9 sup\u00e9rieure de la distillerie Buffalo Trace, vieilli de 4 \u00e0 6 ans et facilement reconnaissable \u00e0 sa magnifique bouteille r\u00e9tro \u00e0 long col cannel\u00e9.<\/p>","protected":false},"featured_media":1878,"comment_status":"open","ping_status":"closed","template":"","meta":{"site-sidebar-layout":"default","site-content-layout":"default","ast-site-content-layout":"default","site-content-style":"default","site-sidebar-style":"default","ast-global-header-display":"","ast-banner-title-visibility":"","ast-main-header-display":"","ast-hfb-above-header-display":"","ast-hfb-below-header-display":"","ast-hfb-mobile-header-display":"","site-post-title":"","ast-breadcrumbs-content":"","ast-featured-img":"","footer-sml-layout":"","ast-disable-related-posts":"","theme-transparent-header-meta":"default","adv-header-id-meta":"","stick-header-meta":"","header-above-stick-meta":"","header-main-stick-meta":"","header-below-stick-meta":"","astra-migrate-meta-layouts":"set","ast-page-background-enabled":"default","ast-page-background-meta":{"desktop":{"background-color":"","background-image":"","background-repeat":"repeat","background-position":"center center","background-size":"auto","background-attachment":"scroll","background-type":"","background-media":"","overlay-type":"","overlay-color":"","overlay-opacity":"","overlay-gradient":""},"tablet":{"background-color":"","background-image":"","background-repeat":"repeat","background-position":"center center","background-size":"auto","background-attachment":"scroll","background-type":"","background-media":"","overlay-type":"","overlay-color":"","overlay-opacity":"","overlay-gradient":""},"mobile":{"background-color":"","background-image":"","background-repeat":"repeat","background-position":"center center","background-size":"auto","background-attachment":"scroll","background-type":"","background-media":"","overlay-type":"","overlay-color":"","overlay-opacity":"","overlay-gradient":""}},"ast-content-background-meta":{"desktop":{"background-color":"var(--ast-global-color-5)","background-image":"","background-repeat":"repeat","background-position":"center center","background-size":"auto","background-attachment":"scroll","background-type":"","background-media":"","overlay-type":"","overlay-color":"","overlay-opacity":"","overlay-gradient":""},"tablet":{"background-color":"var(--ast-global-color-5)","background-image":"","background-repeat":"repeat","background-position":"center center","background-size":"auto","background-attachment":"scroll","background-type":"","background-media":"","overlay-type":"","overlay-color":"","overlay-opacity":"","overlay-gradient":""},"mobile":{"background-color":"var(--ast-global-color-5)","background-image":"","background-repeat":"repeat","background-position":"center center","background-size":"auto","background-attachment":"scroll","background-type":"","background-media":"","overlay-type":"","overlay-color":"","overlay-opacity":"","overlay-gradient":""}}},"product_brand":[],"product_cat":[17,63,25,27],"product_tag":[],"class_list":{"0":"post-1877","1":"product","2":"type-product","3":"status-publish","4":"has-post-thumbnail","6":"product_cat-american-whiskey","7":"product_cat-bourbon-whiskey","8":"product_cat-rye-whiskey","9":"product_cat-world-whisky","10":"desktop-align-center","11":"tablet-align-left","12":"mobile-align-left","14":"first","15":"instock","16":"shipping-taxable","17":"purchasable","18":"product-type-simple"},"yoast_head":"<!-- This site is optimized with the Yoast SEO Premium plugin v24.7 (Yoast SEO v27.4) - https:\/\/yoast.com\/product\/yoast-seo-premium-wordpress\/ -->\n<title>Sazerac Straight Rye 70cl<\/title>\n<meta name=\"description\" content=\"Sazerac Straight Rye\u00a0is a top-quality straight rye whiskey from Buffalo Trace Distillery, aged 4\u20136 years and easily identified by its beautiful retro long-necked fluted bottle.\" \/>\n<meta name=\"robots\" content=\"index, follow, max-snippet:-1, max-image-preview:large, max-video-preview:-1\" \/>\n<link rel=\"canonical\" href=\"https:\/\/comprehensiveliquor.com\/fr\/product\/sazerac-straight-rye-70cl\/\" \/>\n<meta property=\"og:locale\" content=\"fr_FR\" \/>\n<meta property=\"og:type\" content=\"article\" \/>\n<meta property=\"og:title\" content=\"Sazerac Straight Rye 70cl\" \/>\n<meta property=\"og:description\" content=\"Sazerac Straight Rye\u00a0is a top-quality straight rye whiskey from Buffalo Trace Distillery, aged 4\u20136 years and easily identified by its beautiful retro long-necked fluted bottle.\" \/>\n<meta property=\"og:url\" content=\"https:\/\/comprehensiveliquor.com\/fr\/product\/sazerac-straight-rye-70cl\/\" \/>\n<meta property=\"og:site_name\" content=\"Comprehensive Liquor\" \/>\n<meta property=\"article:modified_time\" content=\"2023-10-11T12:58:01+00:00\" \/>\n<meta property=\"og:image\" content=\"https:\/\/comprehensiveliquor.com\/wp-content\/uploads\/2022\/10\/image_2022-10-14_113722290.png\" \/>\n\t<meta property=\"og:image:width\" content=\"360\" \/>\n\t<meta property=\"og:image:height\" content=\"539\" \/>\n\t<meta property=\"og:image:type\" content=\"image\/png\" \/>\n<meta name=\"twitter:card\" content=\"summary_large_image\" \/>\n<script type=\"application\/ld+json\" class=\"yoast-schema-graph\">{\"@context\":\"https:\\\/\\\/schema.org\",\"@graph\":[{\"@type\":\"WebPage\",\"@id\":\"https:\\\/\\\/comprehensiveliquor.com\\\/product\\\/sazerac-straight-rye-70cl\\\/\",\"url\":\"https:\\\/\\\/comprehensiveliquor.com\\\/product\\\/sazerac-straight-rye-70cl\\\/\",\"name\":\"Sazerac Straight Rye 70cl\",\"isPartOf\":{\"@id\":\"https:\\\/\\\/comprehensiveliquor.com\\\/#website\"},\"primaryImageOfPage\":{\"@id\":\"https:\\\/\\\/comprehensiveliquor.com\\\/product\\\/sazerac-straight-rye-70cl\\\/#primaryimage\"},\"image\":{\"@id\":\"https:\\\/\\\/comprehensiveliquor.com\\\/product\\\/sazerac-straight-rye-70cl\\\/#primaryimage\"},\"thumbnailUrl\":\"https:\\\/\\\/comprehensiveliquor.com\\\/wp-content\\\/uploads\\\/2022\\\/10\\\/image_2022-10-14_113722290.png\",\"datePublished\":\"2022-10-14T10:45:42+00:00\",\"dateModified\":\"2023-10-11T12:58:01+00:00\",\"description\":\"Sazerac Straight Rye\u00a0is a top-quality straight rye whiskey from Buffalo Trace Distillery, aged 4\u20136 years and easily identified by its beautiful retro long-necked fluted bottle.\",\"breadcrumb\":{\"@id\":\"https:\\\/\\\/comprehensiveliquor.com\\\/product\\\/sazerac-straight-rye-70cl\\\/#breadcrumb\"},\"inLanguage\":\"fr-FR\",\"potentialAction\":[{\"@type\":\"ReadAction\",\"target\":[\"https:\\\/\\\/comprehensiveliquor.com\\\/product\\\/sazerac-straight-rye-70cl\\\/\"]}]},{\"@type\":\"ImageObject\",\"inLanguage\":\"fr-FR\",\"@id\":\"https:\\\/\\\/comprehensiveliquor.com\\\/product\\\/sazerac-straight-rye-70cl\\\/#primaryimage\",\"url\":\"https:\\\/\\\/comprehensiveliquor.com\\\/wp-content\\\/uploads\\\/2022\\\/10\\\/image_2022-10-14_113722290.png\",\"contentUrl\":\"https:\\\/\\\/comprehensiveliquor.com\\\/wp-content\\\/uploads\\\/2022\\\/10\\\/image_2022-10-14_113722290.png\",\"width\":360,\"height\":539,\"caption\":\"Sazerac Straight Rye 70cl\"},{\"@type\":\"BreadcrumbList\",\"@id\":\"https:\\\/\\\/comprehensiveliquor.com\\\/product\\\/sazerac-straight-rye-70cl\\\/#breadcrumb\",\"itemListElement\":[{\"@type\":\"ListItem\",\"position\":1,\"name\":\"Home\",\"item\":\"https:\\\/\\\/comprehensiveliquor.com\\\/\"},{\"@type\":\"ListItem\",\"position\":2,\"name\":\"Shop\",\"item\":\"https:\\\/\\\/comprehensiveliquor.com\\\/shop\\\/\"},{\"@type\":\"ListItem\",\"position\":3,\"name\":\"Sazerac Straight Rye 70cl\"}]},{\"@type\":\"WebSite\",\"@id\":\"https:\\\/\\\/comprehensiveliquor.com\\\/#website\",\"url\":\"https:\\\/\\\/comprehensiveliquor.com\\\/\",\"name\":\"Comprehensive Liquor\",\"description\":\"Best Liquor Store\",\"publisher\":{\"@id\":\"https:\\\/\\\/comprehensiveliquor.com\\\/#organization\"},\"alternateName\":\"Comprehensive Liquor Store\",\"potentialAction\":[{\"@type\":\"SearchAction\",\"target\":{\"@type\":\"EntryPoint\",\"urlTemplate\":\"https:\\\/\\\/comprehensiveliquor.com\\\/?s={search_term_string}\"},\"query-input\":{\"@type\":\"PropertyValueSpecification\",\"valueRequired\":true,\"valueName\":\"search_term_string\"}}],\"inLanguage\":\"fr-FR\"},{\"@type\":\"Organization\",\"@id\":\"https:\\\/\\\/comprehensiveliquor.com\\\/#organization\",\"name\":\"Comprehensive Liquor\",\"alternateName\":\"Comprehensive Liquor Store\",\"url\":\"https:\\\/\\\/comprehensiveliquor.com\\\/\",\"logo\":{\"@type\":\"ImageObject\",\"inLanguage\":\"fr-FR\",\"@id\":\"https:\\\/\\\/comprehensiveliquor.com\\\/#\\\/schema\\\/logo\\\/image\\\/\",\"url\":\"https:\\\/\\\/comprehensiveliquor.com\\\/wp-content\\\/uploads\\\/2024\\\/03\\\/cropped-image_2024-03-26_131408877.png\",\"contentUrl\":\"https:\\\/\\\/comprehensiveliquor.com\\\/wp-content\\\/uploads\\\/2024\\\/03\\\/cropped-image_2024-03-26_131408877.png\",\"width\":378,\"height\":263,\"caption\":\"Comprehensive Liquor\"},\"image\":{\"@id\":\"https:\\\/\\\/comprehensiveliquor.com\\\/#\\\/schema\\\/logo\\\/image\\\/\"}}]}<\/script>\n<!-- \/ Yoast SEO Premium plugin. -->","yoast_head_json":{"title":"Sazerac Straight Rye 70cl","description":"Le Sazerac Straight Rye est un whisky de seigle pur de qualit\u00e9 sup\u00e9rieure de la distillerie Buffalo Trace, vieilli de 4 \u00e0 6 ans et facilement reconnaissable \u00e0 sa magnifique bouteille r\u00e9tro \u00e0 long col cannel\u00e9.","robots":{"index":"index","follow":"follow","max-snippet":"max-snippet:-1","max-image-preview":"max-image-preview:large","max-video-preview":"max-video-preview:-1"},"canonical":"https:\/\/comprehensiveliquor.com\/fr\/product\/sazerac-straight-rye-70cl\/","og_locale":"fr_FR","og_type":"article","og_title":"Sazerac Straight Rye 70cl","og_description":"Sazerac Straight Rye\u00a0is a top-quality straight rye whiskey from Buffalo Trace Distillery, aged 4\u20136 years and easily identified by its beautiful retro long-necked fluted bottle.","og_url":"https:\/\/comprehensiveliquor.com\/fr\/product\/sazerac-straight-rye-70cl\/","og_site_name":"Comprehensive Liquor","article_modified_time":"2023-10-11T12:58:01+00:00","og_image":[{"width":360,"height":539,"url":"https:\/\/comprehensiveliquor.com\/wp-content\/uploads\/2022\/10\/image_2022-10-14_113722290.png","type":"image\/png"}],"twitter_card":"summary_large_image","schema":{"@context":"https:\/\/schema.org","@graph":[{"@type":"WebPage","@id":"https:\/\/comprehensiveliquor.com\/product\/sazerac-straight-rye-70cl\/","url":"https:\/\/comprehensiveliquor.com\/product\/sazerac-straight-rye-70cl\/","name":"Sazerac Straight Rye 70cl","isPartOf":{"@id":"https:\/\/comprehensiveliquor.com\/#website"},"primaryImageOfPage":{"@id":"https:\/\/comprehensiveliquor.com\/product\/sazerac-straight-rye-70cl\/#primaryimage"},"image":{"@id":"https:\/\/comprehensiveliquor.com\/product\/sazerac-straight-rye-70cl\/#primaryimage"},"thumbnailUrl":"https:\/\/comprehensiveliquor.com\/wp-content\/uploads\/2022\/10\/image_2022-10-14_113722290.png","datePublished":"2022-10-14T10:45:42+00:00","dateModified":"2023-10-11T12:58:01+00:00","description":"Le Sazerac Straight Rye est un whisky de seigle pur de qualit\u00e9 sup\u00e9rieure de la distillerie Buffalo Trace, vieilli de 4 \u00e0 6 ans et facilement reconnaissable \u00e0 sa magnifique bouteille r\u00e9tro \u00e0 long col cannel\u00e9.","breadcrumb":{"@id":"https:\/\/comprehensiveliquor.com\/product\/sazerac-straight-rye-70cl\/#breadcrumb"},"inLanguage":"fr-FR","potentialAction":[{"@type":"ReadAction","target":["https:\/\/comprehensiveliquor.com\/product\/sazerac-straight-rye-70cl\/"]}]},{"@type":"ImageObject","inLanguage":"fr-FR","@id":"https:\/\/comprehensiveliquor.com\/product\/sazerac-straight-rye-70cl\/#primaryimage","url":"https:\/\/comprehensiveliquor.com\/wp-content\/uploads\/2022\/10\/image_2022-10-14_113722290.png","contentUrl":"https:\/\/comprehensiveliquor.com\/wp-content\/uploads\/2022\/10\/image_2022-10-14_113722290.png","width":360,"height":539,"caption":"Sazerac Straight Rye 70cl"},{"@type":"BreadcrumbList","@id":"https:\/\/comprehensiveliquor.com\/product\/sazerac-straight-rye-70cl\/#breadcrumb","itemListElement":[{"@type":"ListItem","position":1,"name":"Home","item":"https:\/\/comprehensiveliquor.com\/"},{"@type":"ListItem","position":2,"name":"Shop","item":"https:\/\/comprehensiveliquor.com\/shop\/"},{"@type":"ListItem","position":3,"name":"Sazerac Straight Rye 70cl"}]},{"@type":"WebSite","@id":"https:\/\/comprehensiveliquor.com\/#website","url":"https:\/\/comprehensiveliquor.com\/","name":"Alcool complet","description":"Best Liquor Store","publisher":{"@id":"https:\/\/comprehensiveliquor.com\/#organization"},"alternateName":"Comprehensive Liquor Store","potentialAction":[{"@type":"SearchAction","target":{"@type":"EntryPoint","urlTemplate":"https:\/\/comprehensiveliquor.com\/?s={search_term_string}"},"query-input":{"@type":"PropertyValueSpecification","valueRequired":true,"valueName":"search_term_string"}}],"inLanguage":"fr-FR"},{"@type":"Organization","@id":"https:\/\/comprehensiveliquor.com\/#organization","name":"Alcool complet","alternateName":"Comprehensive Liquor Store","url":"https:\/\/comprehensiveliquor.com\/","logo":{"@type":"ImageObject","inLanguage":"fr-FR","@id":"https:\/\/comprehensiveliquor.com\/#\/schema\/logo\/image\/","url":"https:\/\/comprehensiveliquor.com\/wp-content\/uploads\/2024\/03\/cropped-image_2024-03-26_131408877.png","contentUrl":"https:\/\/comprehensiveliquor.com\/wp-content\/uploads\/2024\/03\/cropped-image_2024-03-26_131408877.png","width":378,"height":263,"caption":"Comprehensive Liquor"},"image":{"@id":"https:\/\/comprehensiveliquor.com\/#\/schema\/logo\/image\/"}}]}},"_links":{"self":[{"href":"https:\/\/comprehensiveliquor.com\/fr\/wp-json\/wp\/v2\/product\/1877","targetHints":{"allow":["GET"]}}],"collection":[{"href":"https:\/\/comprehensiveliquor.com\/fr\/wp-json\/wp\/v2\/product"}],"about":[{"href":"https:\/\/comprehensiveliquor.com\/fr\/wp-json\/wp\/v2\/types\/product"}],"replies":[{"embeddable":true,"href":"https:\/\/comprehensiveliquor.com\/fr\/wp-json\/wp\/v2\/comments?post=1877"}],"wp:featuredmedia":[{"embeddable":true,"href":"https:\/\/comprehensiveliquor.com\/fr\/wp-json\/wp\/v2\/media\/1878"}],"wp:attachment":[{"href":"https:\/\/comprehensiveliquor.com\/fr\/wp-json\/wp\/v2\/media?parent=1877"}],"wp:term":[{"taxonomy":"product_brand","embeddable":true,"href":"https:\/\/comprehensiveliquor.com\/fr\/wp-json\/wp\/v2\/product_brand?post=1877"},{"taxonomy":"product_cat","embeddable":true,"href":"https:\/\/comprehensiveliquor.com\/fr\/wp-json\/wp\/v2\/product_cat?post=1877"},{"taxonomy":"product_tag","embeddable":true,"href":"https:\/\/comprehensiveliquor.com\/fr\/wp-json\/wp\/v2\/product_tag?post=1877"}],"curies":[{"name":"wp","href":"https:\/\/api.w.org\/{rel}","templated":true}]}}