{"id":1925,"date":"2022-10-14T13:17:38","date_gmt":"2022-10-14T13:17:38","guid":{"rendered":"https:\/\/comprehensiveliquor.com\/?post_type=product&#038;p=1925"},"modified":"2025-11-13T08:04:49","modified_gmt":"2025-11-13T08:04:49","slug":"mortlach-special-releases-2022-70cl","status":"publish","type":"product","link":"https:\/\/comprehensiveliquor.com\/fr\/product\/mortlach-special-releases-2022-70cl\/","title":{"rendered":"Glenfarclas 1999-2021 | 21 ans d'\u00e2ge, The Family Cask 70cl"},"content":{"rendered":"<h2 class=\"product-single__title\" style=\"color: #252525;\">Glenfarclas 1999-2021 | 21 ans d'\u00e2ge, The Family Cask 70cl<\/h2>\n<p style=\"color: #252525;\">Un Glenfarclas 1999 de 21 ans d'\u00e2ge, issu d'un seul f\u00fbt et sorti \u00e0 son degr\u00e9 naturel durant l'\u00e9t\u00e9 2021, fruit de la magnifique s\u00e9rie Family Casks de la distillerie.<\/p>\n<p style=\"color: #252525;\">Ce Glenfarclas 1999, \u00e2g\u00e9 de 21 ans, a \u00e9t\u00e9 embouteill\u00e9 \u00e0 partir d'un unique f\u00fbt de sherry de second remplissage (le f\u00fbt n\u00b0 1202), sans coloration ni filtration \u00e0 froid, donnant 543 bouteilles \u00e0 son degr\u00e9 naturel de 58,2 %. Un vieillissement de 21 ans semble \u00eatre l'un des apog\u00e9es de Glenfarclas\u00a0; ce whisky devrait donc \u00eatre exceptionnel.<\/p>\n<p>&nbsp;<\/p>\n<h5>Attributs<\/h5>\n<table>\n<tbody>\n<tr>\n<td><strong>Distillery<\/strong><\/td>\n<td><a href=\"https:\/\/glenfarclas.com\/our-home\/\">Glenfarclas<\/a><\/td>\n<\/tr>\n<tr>\n<td><strong>Bottler<\/strong><\/td>\n<td><a href=\"https:\/\/www.spiritofspeyside.com\/listings\/glenfarclas-distillery\">Distillery<\/a><\/td>\n<\/tr>\n<tr>\n<td><strong>Series<\/strong><\/td>\n<td>The Family Cask<\/td>\n<\/tr>\n<tr>\n<td><strong>Country<\/strong><\/td>\n<td>Scotland<\/td>\n<\/tr>\n<tr>\n<td><strong>Region<\/strong><\/td>\n<td><a href=\"https:\/\/comprehensiveliquor.com\/fr\/product-category\/speyside\/\">Speyside<\/a><\/td>\n<\/tr>\n<tr>\n<td><strong>Distilled Year<\/strong><\/td>\n<td>1999<\/td>\n<\/tr>\n<tr>\n<td><strong>Bottling Year<\/strong><\/td>\n<td>2021<\/td>\n<\/tr>\n<tr>\n<td><strong>Age<\/strong><\/td>\n<td>21<\/td>\n<\/tr>\n<tr>\n<td><b>Bottles Produced<\/b><\/td>\n<td>543<\/td>\n<\/tr>\n<tr>\n<td><strong>Cask Type<\/strong><\/td>\n<td>Refill Sherry Butt<\/td>\n<\/tr>\n<tr>\n<td><strong>Cask Numbers<\/strong><\/td>\n<td>1202<\/td>\n<\/tr>\n<tr>\n<td><strong>Bottle Size<\/strong><\/td>\n<td>70cl<\/td>\n<\/tr>\n<tr>\n<td><strong>ABV<\/strong><\/td>\n<td>58.2%<\/td>\n<\/tr>\n<\/tbody>\n<\/table>\n<p style=\"color: #252525;\">","protected":false},"excerpt":{"rendered":"<p>Le f\u00fbt familial Glenfarclas 1999 \u00e9tait un f\u00fbt de sherry de remplissage unique, f\u00fbt 1202, sans coloration ni filtration \u00e0 froid, et a donn\u00e9 543 bouteilles \u00e0 son degr\u00e9 naturel de f\u00fbt de 58,2 %.<\/p>","protected":false},"featured_media":2378,"comment_status":"open","ping_status":"closed","template":"","meta":{"site-sidebar-layout":"default","site-content-layout":"default","ast-site-content-layout":"default","site-content-style":"default","site-sidebar-style":"default","ast-global-header-display":"","ast-banner-title-visibility":"","ast-main-header-display":"","ast-hfb-above-header-display":"","ast-hfb-below-header-display":"","ast-hfb-mobile-header-display":"","site-post-title":"","ast-breadcrumbs-content":"","ast-featured-img":"","footer-sml-layout":"","ast-disable-related-posts":"","theme-transparent-header-meta":"default","adv-header-id-meta":"","stick-header-meta":"","header-above-stick-meta":"","header-main-stick-meta":"","header-below-stick-meta":"","astra-migrate-meta-layouts":"set","ast-page-background-enabled":"default","ast-page-background-meta":{"desktop":{"background-color":"","background-image":"","background-repeat":"repeat","background-position":"center center","background-size":"auto","background-attachment":"scroll","background-type":"","background-media":"","overlay-type":"","overlay-color":"","overlay-opacity":"","overlay-gradient":""},"tablet":{"background-color":"","background-image":"","background-repeat":"repeat","background-position":"center center","background-size":"auto","background-attachment":"scroll","background-type":"","background-media":"","overlay-type":"","overlay-color":"","overlay-opacity":"","overlay-gradient":""},"mobile":{"background-color":"","background-image":"","background-repeat":"repeat","background-position":"center center","background-size":"auto","background-attachment":"scroll","background-type":"","background-media":"","overlay-type":"","overlay-color":"","overlay-opacity":"","overlay-gradient":""}},"ast-content-background-meta":{"desktop":{"background-color":"var(--ast-global-color-5)","background-image":"","background-repeat":"repeat","background-position":"center center","background-size":"auto","background-attachment":"scroll","background-type":"","background-media":"","overlay-type":"","overlay-color":"","overlay-opacity":"","overlay-gradient":""},"tablet":{"background-color":"var(--ast-global-color-5)","background-image":"","background-repeat":"repeat","background-position":"center center","background-size":"auto","background-attachment":"scroll","background-type":"","background-media":"","overlay-type":"","overlay-color":"","overlay-opacity":"","overlay-gradient":""},"mobile":{"background-color":"var(--ast-global-color-5)","background-image":"","background-repeat":"repeat","background-position":"center center","background-size":"auto","background-attachment":"scroll","background-type":"","background-media":"","overlay-type":"","overlay-color":"","overlay-opacity":"","overlay-gradient":""}}},"product_brand":[],"product_cat":[39,32,35],"product_tag":[],"class_list":{"0":"post-1925","1":"product","2":"type-product","3":"status-publish","4":"has-post-thumbnail","6":"product_cat-scotch-whisky","7":"product_cat-single-malt-whisky","8":"product_cat-speyside-whisky","9":"desktop-align-center","10":"tablet-align-left","11":"mobile-align-left","13":"first","14":"instock","15":"shipping-taxable","16":"purchasable","17":"product-type-simple"},"yoast_head":"<!-- This site is optimized with the Yoast SEO Premium plugin v24.7 (Yoast SEO v27.5) - https:\/\/yoast.com\/product\/yoast-seo-premium-wordpress\/ -->\n<title>Glenfarclas 1999 Family Cask 21 Year | 70cl Scotch | Buy Now<\/title>\n<meta name=\"description\" content=\"Buy Glenfarclas 1999 Family Cask 21 Year Old 70cl. Single cask Speyside whisky bottled 2021. Limited edition collector&#039;s malt. Order online today.\" \/>\n<meta name=\"robots\" content=\"index, follow, max-snippet:-1, max-image-preview:large, max-video-preview:-1\" \/>\n<link rel=\"canonical\" href=\"https:\/\/comprehensiveliquor.com\/fr\/product\/mortlach-special-releases-2022-70cl\/\" \/>\n<meta property=\"og:locale\" content=\"fr_FR\" \/>\n<meta property=\"og:type\" content=\"article\" \/>\n<meta property=\"og:title\" content=\"Glenfarclas 1999-2021 | 21 Year Old The Family Cask 70cl\" \/>\n<meta property=\"og:description\" content=\"Buy Glenfarclas 1999 Family Cask 21 Year Old 70cl. Single cask Speyside whisky bottled 2021. Limited edition collector&#039;s malt. Order online today.\" \/>\n<meta property=\"og:url\" content=\"https:\/\/comprehensiveliquor.com\/fr\/product\/mortlach-special-releases-2022-70cl\/\" \/>\n<meta property=\"og:site_name\" content=\"Comprehensive Liquor\" \/>\n<meta property=\"article:modified_time\" content=\"2025-11-13T08:04:49+00:00\" \/>\n<meta property=\"og:image\" content=\"https:\/\/comprehensiveliquor.com\/wp-content\/uploads\/2022\/10\/image_2022-10-17_123927777.png\" \/>\n\t<meta property=\"og:image:width\" content=\"480\" \/>\n\t<meta property=\"og:image:height\" content=\"610\" \/>\n\t<meta property=\"og:image:type\" content=\"image\/png\" \/>\n<meta name=\"twitter:card\" content=\"summary_large_image\" \/>\n<meta name=\"twitter:label1\" content=\"Dur\u00e9e de lecture estim\u00e9e\" \/>\n\t<meta name=\"twitter:data1\" content=\"1 minute\" \/>\n<script type=\"application\/ld+json\" class=\"yoast-schema-graph\">{\"@context\":\"https:\\\/\\\/schema.org\",\"@graph\":[{\"@type\":\"WebPage\",\"@id\":\"https:\\\/\\\/comprehensiveliquor.com\\\/product\\\/mortlach-special-releases-2022-70cl\\\/\",\"url\":\"https:\\\/\\\/comprehensiveliquor.com\\\/product\\\/mortlach-special-releases-2022-70cl\\\/\",\"name\":\"Glenfarclas 1999 Family Cask 21 Year | 70cl Scotch | Buy Now\",\"isPartOf\":{\"@id\":\"https:\\\/\\\/comprehensiveliquor.com\\\/#website\"},\"primaryImageOfPage\":{\"@id\":\"https:\\\/\\\/comprehensiveliquor.com\\\/product\\\/mortlach-special-releases-2022-70cl\\\/#primaryimage\"},\"image\":{\"@id\":\"https:\\\/\\\/comprehensiveliquor.com\\\/product\\\/mortlach-special-releases-2022-70cl\\\/#primaryimage\"},\"thumbnailUrl\":\"https:\\\/\\\/comprehensiveliquor.com\\\/wp-content\\\/uploads\\\/2022\\\/10\\\/image_2022-10-17_123927777.png\",\"datePublished\":\"2022-10-14T13:17:38+00:00\",\"dateModified\":\"2025-11-13T08:04:49+00:00\",\"description\":\"Buy Glenfarclas 1999 Family Cask 21 Year Old 70cl. Single cask Speyside whisky bottled 2021. Limited edition collector's malt. Order online today.\",\"breadcrumb\":{\"@id\":\"https:\\\/\\\/comprehensiveliquor.com\\\/product\\\/mortlach-special-releases-2022-70cl\\\/#breadcrumb\"},\"inLanguage\":\"fr-FR\",\"potentialAction\":[{\"@type\":\"ReadAction\",\"target\":[\"https:\\\/\\\/comprehensiveliquor.com\\\/product\\\/mortlach-special-releases-2022-70cl\\\/\"]}]},{\"@type\":\"ImageObject\",\"inLanguage\":\"fr-FR\",\"@id\":\"https:\\\/\\\/comprehensiveliquor.com\\\/product\\\/mortlach-special-releases-2022-70cl\\\/#primaryimage\",\"url\":\"https:\\\/\\\/comprehensiveliquor.com\\\/wp-content\\\/uploads\\\/2022\\\/10\\\/image_2022-10-17_123927777.png\",\"contentUrl\":\"https:\\\/\\\/comprehensiveliquor.com\\\/wp-content\\\/uploads\\\/2022\\\/10\\\/image_2022-10-17_123927777.png\",\"width\":480,\"height\":610,\"caption\":\"Glenfarclas 1999-2021 | 21 Year Old The Family Cask 70cl Bottle\"},{\"@type\":\"BreadcrumbList\",\"@id\":\"https:\\\/\\\/comprehensiveliquor.com\\\/product\\\/mortlach-special-releases-2022-70cl\\\/#breadcrumb\",\"itemListElement\":[{\"@type\":\"ListItem\",\"position\":1,\"name\":\"Home\",\"item\":\"https:\\\/\\\/comprehensiveliquor.com\\\/\"},{\"@type\":\"ListItem\",\"position\":2,\"name\":\"Shop\",\"item\":\"https:\\\/\\\/comprehensiveliquor.com\\\/shop\\\/\"},{\"@type\":\"ListItem\",\"position\":3,\"name\":\"Glenfarclas 1999-2021 | 21 Year Old The Family Cask 70cl\"}]},{\"@type\":\"WebSite\",\"@id\":\"https:\\\/\\\/comprehensiveliquor.com\\\/#website\",\"url\":\"https:\\\/\\\/comprehensiveliquor.com\\\/\",\"name\":\"Comprehensive Liquor\",\"description\":\"Best Liquor Store\",\"publisher\":{\"@id\":\"https:\\\/\\\/comprehensiveliquor.com\\\/#organization\"},\"alternateName\":\"Comprehensive Liquor Store\",\"potentialAction\":[{\"@type\":\"SearchAction\",\"target\":{\"@type\":\"EntryPoint\",\"urlTemplate\":\"https:\\\/\\\/comprehensiveliquor.com\\\/?s={search_term_string}\"},\"query-input\":{\"@type\":\"PropertyValueSpecification\",\"valueRequired\":true,\"valueName\":\"search_term_string\"}}],\"inLanguage\":\"fr-FR\"},{\"@type\":\"Organization\",\"@id\":\"https:\\\/\\\/comprehensiveliquor.com\\\/#organization\",\"name\":\"Comprehensive Liquor\",\"alternateName\":\"Comprehensive Liquor Store\",\"url\":\"https:\\\/\\\/comprehensiveliquor.com\\\/\",\"logo\":{\"@type\":\"ImageObject\",\"inLanguage\":\"fr-FR\",\"@id\":\"https:\\\/\\\/comprehensiveliquor.com\\\/#\\\/schema\\\/logo\\\/image\\\/\",\"url\":\"https:\\\/\\\/comprehensiveliquor.com\\\/wp-content\\\/uploads\\\/2024\\\/03\\\/cropped-image_2024-03-26_131408877.png\",\"contentUrl\":\"https:\\\/\\\/comprehensiveliquor.com\\\/wp-content\\\/uploads\\\/2024\\\/03\\\/cropped-image_2024-03-26_131408877.png\",\"width\":378,\"height\":263,\"caption\":\"Comprehensive Liquor\"},\"image\":{\"@id\":\"https:\\\/\\\/comprehensiveliquor.com\\\/#\\\/schema\\\/logo\\\/image\\\/\"}}]}<\/script>\n<!-- \/ Yoast SEO Premium plugin. -->","yoast_head_json":{"title":"Glenfarclas 1999 Family Cask 21 ans | Scotch 70 cl | Acheter maintenant","description":"Achetez Glenfarclas 1999 Family Cask 21 ans d'\u00e2ge 70 cl. Whisky du Speyside, issu d'un seul f\u00fbt et mis en bouteille en 2021. \u00c9dition limit\u00e9e collector. Commandez en ligne d\u00e8s aujourd'hui.","robots":{"index":"index","follow":"follow","max-snippet":"max-snippet:-1","max-image-preview":"max-image-preview:large","max-video-preview":"max-video-preview:-1"},"canonical":"https:\/\/comprehensiveliquor.com\/fr\/product\/mortlach-special-releases-2022-70cl\/","og_locale":"fr_FR","og_type":"article","og_title":"Glenfarclas 1999-2021 | 21 Year Old The Family Cask 70cl","og_description":"Buy Glenfarclas 1999 Family Cask 21 Year Old 70cl. Single cask Speyside whisky bottled 2021. Limited edition collector's malt. Order online today.","og_url":"https:\/\/comprehensiveliquor.com\/fr\/product\/mortlach-special-releases-2022-70cl\/","og_site_name":"Comprehensive Liquor","article_modified_time":"2025-11-13T08:04:49+00:00","og_image":[{"width":480,"height":610,"url":"https:\/\/comprehensiveliquor.com\/wp-content\/uploads\/2022\/10\/image_2022-10-17_123927777.png","type":"image\/png"}],"twitter_card":"summary_large_image","twitter_misc":{"Dur\u00e9e de lecture estim\u00e9e":"1 minute"},"schema":{"@context":"https:\/\/schema.org","@graph":[{"@type":"WebPage","@id":"https:\/\/comprehensiveliquor.com\/product\/mortlach-special-releases-2022-70cl\/","url":"https:\/\/comprehensiveliquor.com\/product\/mortlach-special-releases-2022-70cl\/","name":"Glenfarclas 1999 Family Cask 21 ans | Scotch 70 cl | Acheter maintenant","isPartOf":{"@id":"https:\/\/comprehensiveliquor.com\/#website"},"primaryImageOfPage":{"@id":"https:\/\/comprehensiveliquor.com\/product\/mortlach-special-releases-2022-70cl\/#primaryimage"},"image":{"@id":"https:\/\/comprehensiveliquor.com\/product\/mortlach-special-releases-2022-70cl\/#primaryimage"},"thumbnailUrl":"https:\/\/comprehensiveliquor.com\/wp-content\/uploads\/2022\/10\/image_2022-10-17_123927777.png","datePublished":"2022-10-14T13:17:38+00:00","dateModified":"2025-11-13T08:04:49+00:00","description":"Achetez Glenfarclas 1999 Family Cask 21 ans d'\u00e2ge 70 cl. Whisky du Speyside, issu d'un seul f\u00fbt et mis en bouteille en 2021. \u00c9dition limit\u00e9e collector. Commandez en ligne d\u00e8s aujourd'hui.","breadcrumb":{"@id":"https:\/\/comprehensiveliquor.com\/product\/mortlach-special-releases-2022-70cl\/#breadcrumb"},"inLanguage":"fr-FR","potentialAction":[{"@type":"ReadAction","target":["https:\/\/comprehensiveliquor.com\/product\/mortlach-special-releases-2022-70cl\/"]}]},{"@type":"ImageObject","inLanguage":"fr-FR","@id":"https:\/\/comprehensiveliquor.com\/product\/mortlach-special-releases-2022-70cl\/#primaryimage","url":"https:\/\/comprehensiveliquor.com\/wp-content\/uploads\/2022\/10\/image_2022-10-17_123927777.png","contentUrl":"https:\/\/comprehensiveliquor.com\/wp-content\/uploads\/2022\/10\/image_2022-10-17_123927777.png","width":480,"height":610,"caption":"Glenfarclas 1999-2021 | 21 Year Old The Family Cask 70cl Bottle"},{"@type":"BreadcrumbList","@id":"https:\/\/comprehensiveliquor.com\/product\/mortlach-special-releases-2022-70cl\/#breadcrumb","itemListElement":[{"@type":"ListItem","position":1,"name":"Home","item":"https:\/\/comprehensiveliquor.com\/"},{"@type":"ListItem","position":2,"name":"Shop","item":"https:\/\/comprehensiveliquor.com\/shop\/"},{"@type":"ListItem","position":3,"name":"Glenfarclas 1999-2021 | 21 Year Old The Family Cask 70cl"}]},{"@type":"WebSite","@id":"https:\/\/comprehensiveliquor.com\/#website","url":"https:\/\/comprehensiveliquor.com\/","name":"Alcool complet","description":"Best Liquor Store","publisher":{"@id":"https:\/\/comprehensiveliquor.com\/#organization"},"alternateName":"Comprehensive Liquor Store","potentialAction":[{"@type":"SearchAction","target":{"@type":"EntryPoint","urlTemplate":"https:\/\/comprehensiveliquor.com\/?s={search_term_string}"},"query-input":{"@type":"PropertyValueSpecification","valueRequired":true,"valueName":"search_term_string"}}],"inLanguage":"fr-FR"},{"@type":"Organization","@id":"https:\/\/comprehensiveliquor.com\/#organization","name":"Alcool complet","alternateName":"Comprehensive Liquor Store","url":"https:\/\/comprehensiveliquor.com\/","logo":{"@type":"ImageObject","inLanguage":"fr-FR","@id":"https:\/\/comprehensiveliquor.com\/#\/schema\/logo\/image\/","url":"https:\/\/comprehensiveliquor.com\/wp-content\/uploads\/2024\/03\/cropped-image_2024-03-26_131408877.png","contentUrl":"https:\/\/comprehensiveliquor.com\/wp-content\/uploads\/2024\/03\/cropped-image_2024-03-26_131408877.png","width":378,"height":263,"caption":"Comprehensive Liquor"},"image":{"@id":"https:\/\/comprehensiveliquor.com\/#\/schema\/logo\/image\/"}}]}},"_links":{"self":[{"href":"https:\/\/comprehensiveliquor.com\/fr\/wp-json\/wp\/v2\/product\/1925","targetHints":{"allow":["GET"]}}],"collection":[{"href":"https:\/\/comprehensiveliquor.com\/fr\/wp-json\/wp\/v2\/product"}],"about":[{"href":"https:\/\/comprehensiveliquor.com\/fr\/wp-json\/wp\/v2\/types\/product"}],"replies":[{"embeddable":true,"href":"https:\/\/comprehensiveliquor.com\/fr\/wp-json\/wp\/v2\/comments?post=1925"}],"wp:featuredmedia":[{"embeddable":true,"href":"https:\/\/comprehensiveliquor.com\/fr\/wp-json\/wp\/v2\/media\/2378"}],"wp:attachment":[{"href":"https:\/\/comprehensiveliquor.com\/fr\/wp-json\/wp\/v2\/media?parent=1925"}],"wp:term":[{"taxonomy":"product_brand","embeddable":true,"href":"https:\/\/comprehensiveliquor.com\/fr\/wp-json\/wp\/v2\/product_brand?post=1925"},{"taxonomy":"product_cat","embeddable":true,"href":"https:\/\/comprehensiveliquor.com\/fr\/wp-json\/wp\/v2\/product_cat?post=1925"},{"taxonomy":"product_tag","embeddable":true,"href":"https:\/\/comprehensiveliquor.com\/fr\/wp-json\/wp\/v2\/product_tag?post=1925"}],"curies":[{"name":"wp","href":"https:\/\/api.w.org\/{rel}","templated":true}]}}