{"id":1944,"date":"2022-10-14T14:07:36","date_gmt":"2022-10-14T14:07:36","guid":{"rendered":"https:\/\/comprehensiveliquor.com\/?post_type=product&#038;p=1944"},"modified":"2025-11-14T10:57:10","modified_gmt":"2025-11-14T10:57:10","slug":"nikka-taketsuru-17-year-old","status":"publish","type":"product","link":"https:\/\/comprehensiveliquor.com\/fr\/product\/nikka-taketsuru-17-year-old\/","title":{"rendered":"Routine quotidienne de Taketsuru, 17 ans"},"content":{"rendered":"<h2 class=\"product-single__title\" style=\"color: #252525;\">Routine quotidienne de Taketsuru, 17 ans <strong style=\"color: #252525;\">70cl<\/strong><\/h2>\n<p>Taketsuru 17 ans d'\u00e2ge, 43% de whisky Nikka pur malt.<\/p>\n<p>Masataka Taketsuru s'est rendu en \u00c9cosse par passion pour l'art de la distillation. Il est originaire de Glasgow.<br \/>\nLe p\u00e8re de <a title=\"Japanese Whiskey\" href=\"https:\/\/comprehensiveliquor.com\/fr\/product-category\/japanese-whisky\/\">Japanese whisky<\/a> De retour au Japon, il fonda la premi\u00e8re distillerie de malt du pays tout en \u00e9laborant m\u00e9ticuleusement un whisky au go\u00fbt, au corps et \u00e0 l'ar\u00f4me exceptionnels.<br \/>\nCe blended malt porte le nom de Masataka Taketsuru, consid\u00e9r\u00e9 comme l'inventeur du whisky japonais. Il est le premier Japonais \u00e0 avoir perfectionn\u00e9 la production de whisky en \u00c9cosse et \u00e0 revenir au Japon avec ce savoir-faire. Dans le but de cr\u00e9er son propre whisky id\u00e9al, Masataka a fond\u00e9 <a title=\"Nikka whisky\" href=\"https:\/\/www.nikkawhisky.eu\" target=\"_blank\" rel=\"noopener\">Nikka<\/a> in 1934.<br \/>\nCette bouteille prestigieuse se targue d'une saveur malt\u00e9e profonde, fruit du savoir-faire d'assemblage artistique de Nikka, transmis par le cr\u00e9ateur.<\/p>","protected":false},"excerpt":{"rendered":"<p style=\"color: #252525;\">Le Nikka Taketsuru 17 ans est une ancienne bouteille de ce merveilleux pur malt, qui a toujours occup\u00e9 une place de choix entre les assemblages Taketsuru de 12 et 21 ans. Le 17 ans \u00e9tait plus vif que le 21 ans, et plus profond et complexe que son jeune fr\u00e8re, le Nikka Taketsuru. Le 17 ans a \u00e9t\u00e9 une r\u00e9f\u00e9rence en mati\u00e8re d'assemblage japonais.<\/p>","protected":false},"featured_media":1945,"comment_status":"open","ping_status":"closed","template":"","meta":{"site-sidebar-layout":"default","site-content-layout":"default","ast-site-content-layout":"default","site-content-style":"default","site-sidebar-style":"default","ast-global-header-display":"","ast-banner-title-visibility":"","ast-main-header-display":"","ast-hfb-above-header-display":"","ast-hfb-below-header-display":"","ast-hfb-mobile-header-display":"","site-post-title":"","ast-breadcrumbs-content":"","ast-featured-img":"","footer-sml-layout":"","ast-disable-related-posts":"","theme-transparent-header-meta":"default","adv-header-id-meta":"","stick-header-meta":"","header-above-stick-meta":"","header-main-stick-meta":"","header-below-stick-meta":"","astra-migrate-meta-layouts":"set","ast-page-background-enabled":"default","ast-page-background-meta":{"desktop":{"background-color":"","background-image":"","background-repeat":"repeat","background-position":"center center","background-size":"auto","background-attachment":"scroll","background-type":"","background-media":"","overlay-type":"","overlay-color":"","overlay-opacity":"","overlay-gradient":""},"tablet":{"background-color":"","background-image":"","background-repeat":"repeat","background-position":"center center","background-size":"auto","background-attachment":"scroll","background-type":"","background-media":"","overlay-type":"","overlay-color":"","overlay-opacity":"","overlay-gradient":""},"mobile":{"background-color":"","background-image":"","background-repeat":"repeat","background-position":"center center","background-size":"auto","background-attachment":"scroll","background-type":"","background-media":"","overlay-type":"","overlay-color":"","overlay-opacity":"","overlay-gradient":""}},"ast-content-background-meta":{"desktop":{"background-color":"var(--ast-global-color-5)","background-image":"","background-repeat":"repeat","background-position":"center center","background-size":"auto","background-attachment":"scroll","background-type":"","background-media":"","overlay-type":"","overlay-color":"","overlay-opacity":"","overlay-gradient":""},"tablet":{"background-color":"var(--ast-global-color-5)","background-image":"","background-repeat":"repeat","background-position":"center center","background-size":"auto","background-attachment":"scroll","background-type":"","background-media":"","overlay-type":"","overlay-color":"","overlay-opacity":"","overlay-gradient":""},"mobile":{"background-color":"var(--ast-global-color-5)","background-image":"","background-repeat":"repeat","background-position":"center center","background-size":"auto","background-attachment":"scroll","background-type":"","background-media":"","overlay-type":"","overlay-color":"","overlay-opacity":"","overlay-gradient":""}}},"product_brand":[],"product_cat":[28,40],"product_tag":[],"class_list":{"0":"post-1944","1":"product","2":"type-product","3":"status-publish","4":"has-post-thumbnail","6":"product_cat-blended-whisky","7":"product_cat-japanese-whisky","8":"desktop-align-center","9":"tablet-align-left","10":"mobile-align-left","12":"first","13":"instock","14":"shipping-taxable","15":"purchasable","16":"product-type-simple"},"yoast_head":"<!-- This site is optimized with the Yoast SEO Premium plugin v24.7 (Yoast SEO v27.4) - https:\/\/yoast.com\/product\/yoast-seo-premium-wordpress\/ -->\n<title>Nikka Taketsuru 17 Year Old | Buy Rare Japanese Whisky<\/title>\n<meta name=\"description\" content=\"Shop Nikka Taketsuru 17 Year Old, a rare Japanese whisky prized by collectors. Limited stock available\u2014secure this iconic 17-year expression today.\" \/>\n<meta name=\"robots\" content=\"index, follow, max-snippet:-1, max-image-preview:large, max-video-preview:-1\" \/>\n<link rel=\"canonical\" href=\"https:\/\/comprehensiveliquor.com\/fr\/product\/nikka-taketsuru-17-year-old\/\" \/>\n<meta property=\"og:locale\" content=\"fr_FR\" \/>\n<meta property=\"og:type\" content=\"article\" \/>\n<meta property=\"og:title\" content=\"Nikka Taketsuru 17 Year Old\" \/>\n<meta property=\"og:description\" content=\"Shop Nikka Taketsuru 17 Year Old, a rare Japanese whisky prized by collectors. Limited stock available\u2014secure this iconic 17-year expression today.\" \/>\n<meta property=\"og:url\" content=\"https:\/\/comprehensiveliquor.com\/fr\/product\/nikka-taketsuru-17-year-old\/\" \/>\n<meta property=\"og:site_name\" content=\"Comprehensive Liquor\" \/>\n<meta property=\"article:modified_time\" content=\"2025-11-14T10:57:10+00:00\" \/>\n<meta property=\"og:image\" content=\"https:\/\/comprehensiveliquor.com\/wp-content\/uploads\/2022\/10\/image_2022-10-14_150109435.png\" \/>\n\t<meta property=\"og:image:width\" content=\"360\" \/>\n\t<meta property=\"og:image:height\" content=\"541\" \/>\n\t<meta property=\"og:image:type\" content=\"image\/png\" \/>\n<meta name=\"twitter:card\" content=\"summary_large_image\" \/>\n<meta name=\"twitter:label1\" content=\"Dur\u00e9e de lecture estim\u00e9e\" \/>\n\t<meta name=\"twitter:data1\" content=\"1 minute\" \/>\n<script type=\"application\/ld+json\" class=\"yoast-schema-graph\">{\"@context\":\"https:\\\/\\\/schema.org\",\"@graph\":[{\"@type\":\"WebPage\",\"@id\":\"https:\\\/\\\/comprehensiveliquor.com\\\/product\\\/nikka-taketsuru-17-year-old\\\/\",\"url\":\"https:\\\/\\\/comprehensiveliquor.com\\\/product\\\/nikka-taketsuru-17-year-old\\\/\",\"name\":\"Nikka Taketsuru 17 Year Old | Buy Rare Japanese Whisky\",\"isPartOf\":{\"@id\":\"https:\\\/\\\/comprehensiveliquor.com\\\/#website\"},\"primaryImageOfPage\":{\"@id\":\"https:\\\/\\\/comprehensiveliquor.com\\\/product\\\/nikka-taketsuru-17-year-old\\\/#primaryimage\"},\"image\":{\"@id\":\"https:\\\/\\\/comprehensiveliquor.com\\\/product\\\/nikka-taketsuru-17-year-old\\\/#primaryimage\"},\"thumbnailUrl\":\"https:\\\/\\\/comprehensiveliquor.com\\\/wp-content\\\/uploads\\\/2022\\\/10\\\/image_2022-10-14_150109435.png\",\"datePublished\":\"2022-10-14T14:07:36+00:00\",\"dateModified\":\"2025-11-14T10:57:10+00:00\",\"description\":\"Shop Nikka Taketsuru 17 Year Old, a rare Japanese whisky prized by collectors. Limited stock available\u2014secure this iconic 17-year expression today.\",\"breadcrumb\":{\"@id\":\"https:\\\/\\\/comprehensiveliquor.com\\\/product\\\/nikka-taketsuru-17-year-old\\\/#breadcrumb\"},\"inLanguage\":\"fr-FR\",\"potentialAction\":[{\"@type\":\"ReadAction\",\"target\":[\"https:\\\/\\\/comprehensiveliquor.com\\\/product\\\/nikka-taketsuru-17-year-old\\\/\"]}]},{\"@type\":\"ImageObject\",\"inLanguage\":\"fr-FR\",\"@id\":\"https:\\\/\\\/comprehensiveliquor.com\\\/product\\\/nikka-taketsuru-17-year-old\\\/#primaryimage\",\"url\":\"https:\\\/\\\/comprehensiveliquor.com\\\/wp-content\\\/uploads\\\/2022\\\/10\\\/image_2022-10-14_150109435.png\",\"contentUrl\":\"https:\\\/\\\/comprehensiveliquor.com\\\/wp-content\\\/uploads\\\/2022\\\/10\\\/image_2022-10-14_150109435.png\",\"width\":360,\"height\":541,\"caption\":\"Nikka Taketsuru 17 Year Old Japanese whisky bottle\"},{\"@type\":\"BreadcrumbList\",\"@id\":\"https:\\\/\\\/comprehensiveliquor.com\\\/product\\\/nikka-taketsuru-17-year-old\\\/#breadcrumb\",\"itemListElement\":[{\"@type\":\"ListItem\",\"position\":1,\"name\":\"Home\",\"item\":\"https:\\\/\\\/comprehensiveliquor.com\\\/\"},{\"@type\":\"ListItem\",\"position\":2,\"name\":\"Shop\",\"item\":\"https:\\\/\\\/comprehensiveliquor.com\\\/shop\\\/\"},{\"@type\":\"ListItem\",\"position\":3,\"name\":\"Nikka Taketsuru 17 Year Old\"}]},{\"@type\":\"WebSite\",\"@id\":\"https:\\\/\\\/comprehensiveliquor.com\\\/#website\",\"url\":\"https:\\\/\\\/comprehensiveliquor.com\\\/\",\"name\":\"Comprehensive Liquor\",\"description\":\"Best Liquor Store\",\"publisher\":{\"@id\":\"https:\\\/\\\/comprehensiveliquor.com\\\/#organization\"},\"alternateName\":\"Comprehensive Liquor Store\",\"potentialAction\":[{\"@type\":\"SearchAction\",\"target\":{\"@type\":\"EntryPoint\",\"urlTemplate\":\"https:\\\/\\\/comprehensiveliquor.com\\\/?s={search_term_string}\"},\"query-input\":{\"@type\":\"PropertyValueSpecification\",\"valueRequired\":true,\"valueName\":\"search_term_string\"}}],\"inLanguage\":\"fr-FR\"},{\"@type\":\"Organization\",\"@id\":\"https:\\\/\\\/comprehensiveliquor.com\\\/#organization\",\"name\":\"Comprehensive Liquor\",\"alternateName\":\"Comprehensive Liquor Store\",\"url\":\"https:\\\/\\\/comprehensiveliquor.com\\\/\",\"logo\":{\"@type\":\"ImageObject\",\"inLanguage\":\"fr-FR\",\"@id\":\"https:\\\/\\\/comprehensiveliquor.com\\\/#\\\/schema\\\/logo\\\/image\\\/\",\"url\":\"https:\\\/\\\/comprehensiveliquor.com\\\/wp-content\\\/uploads\\\/2024\\\/03\\\/cropped-image_2024-03-26_131408877.png\",\"contentUrl\":\"https:\\\/\\\/comprehensiveliquor.com\\\/wp-content\\\/uploads\\\/2024\\\/03\\\/cropped-image_2024-03-26_131408877.png\",\"width\":378,\"height\":263,\"caption\":\"Comprehensive Liquor\"},\"image\":{\"@id\":\"https:\\\/\\\/comprehensiveliquor.com\\\/#\\\/schema\\\/logo\\\/image\\\/\"}}]}<\/script>\n<!-- \/ Yoast SEO Premium plugin. -->","yoast_head_json":{"title":"Nikka Taketsuru 17 ans | Achetez un whisky japonais rare","description":"D\u00e9couvrez le Nikka Taketsuru 17 ans d'\u00e2ge, un whisky japonais rare et pris\u00e9 des collectionneurs. Stock limit\u00e9\u00a0: procurez-vous d\u00e8s aujourd'hui cette \u00e9dition embl\u00e9matique de 17 ans d'\u00e2ge.","robots":{"index":"index","follow":"follow","max-snippet":"max-snippet:-1","max-image-preview":"max-image-preview:large","max-video-preview":"max-video-preview:-1"},"canonical":"https:\/\/comprehensiveliquor.com\/fr\/product\/nikka-taketsuru-17-year-old\/","og_locale":"fr_FR","og_type":"article","og_title":"Nikka Taketsuru 17 Year Old","og_description":"Shop Nikka Taketsuru 17 Year Old, a rare Japanese whisky prized by collectors. Limited stock available\u2014secure this iconic 17-year expression today.","og_url":"https:\/\/comprehensiveliquor.com\/fr\/product\/nikka-taketsuru-17-year-old\/","og_site_name":"Comprehensive Liquor","article_modified_time":"2025-11-14T10:57:10+00:00","og_image":[{"width":360,"height":541,"url":"https:\/\/comprehensiveliquor.com\/wp-content\/uploads\/2022\/10\/image_2022-10-14_150109435.png","type":"image\/png"}],"twitter_card":"summary_large_image","twitter_misc":{"Dur\u00e9e de lecture estim\u00e9e":"1 minute"},"schema":{"@context":"https:\/\/schema.org","@graph":[{"@type":"WebPage","@id":"https:\/\/comprehensiveliquor.com\/product\/nikka-taketsuru-17-year-old\/","url":"https:\/\/comprehensiveliquor.com\/product\/nikka-taketsuru-17-year-old\/","name":"Nikka Taketsuru 17 ans | Achetez un whisky japonais rare","isPartOf":{"@id":"https:\/\/comprehensiveliquor.com\/#website"},"primaryImageOfPage":{"@id":"https:\/\/comprehensiveliquor.com\/product\/nikka-taketsuru-17-year-old\/#primaryimage"},"image":{"@id":"https:\/\/comprehensiveliquor.com\/product\/nikka-taketsuru-17-year-old\/#primaryimage"},"thumbnailUrl":"https:\/\/comprehensiveliquor.com\/wp-content\/uploads\/2022\/10\/image_2022-10-14_150109435.png","datePublished":"2022-10-14T14:07:36+00:00","dateModified":"2025-11-14T10:57:10+00:00","description":"D\u00e9couvrez le Nikka Taketsuru 17 ans d'\u00e2ge, un whisky japonais rare et pris\u00e9 des collectionneurs. Stock limit\u00e9\u00a0: procurez-vous d\u00e8s aujourd'hui cette \u00e9dition embl\u00e9matique de 17 ans d'\u00e2ge.","breadcrumb":{"@id":"https:\/\/comprehensiveliquor.com\/product\/nikka-taketsuru-17-year-old\/#breadcrumb"},"inLanguage":"fr-FR","potentialAction":[{"@type":"ReadAction","target":["https:\/\/comprehensiveliquor.com\/product\/nikka-taketsuru-17-year-old\/"]}]},{"@type":"ImageObject","inLanguage":"fr-FR","@id":"https:\/\/comprehensiveliquor.com\/product\/nikka-taketsuru-17-year-old\/#primaryimage","url":"https:\/\/comprehensiveliquor.com\/wp-content\/uploads\/2022\/10\/image_2022-10-14_150109435.png","contentUrl":"https:\/\/comprehensiveliquor.com\/wp-content\/uploads\/2022\/10\/image_2022-10-14_150109435.png","width":360,"height":541,"caption":"Nikka Taketsuru 17 Year Old Japanese whisky bottle"},{"@type":"BreadcrumbList","@id":"https:\/\/comprehensiveliquor.com\/product\/nikka-taketsuru-17-year-old\/#breadcrumb","itemListElement":[{"@type":"ListItem","position":1,"name":"Home","item":"https:\/\/comprehensiveliquor.com\/"},{"@type":"ListItem","position":2,"name":"Shop","item":"https:\/\/comprehensiveliquor.com\/shop\/"},{"@type":"ListItem","position":3,"name":"Nikka Taketsuru 17 Year Old"}]},{"@type":"WebSite","@id":"https:\/\/comprehensiveliquor.com\/#website","url":"https:\/\/comprehensiveliquor.com\/","name":"Alcool complet","description":"Best Liquor Store","publisher":{"@id":"https:\/\/comprehensiveliquor.com\/#organization"},"alternateName":"Comprehensive Liquor Store","potentialAction":[{"@type":"SearchAction","target":{"@type":"EntryPoint","urlTemplate":"https:\/\/comprehensiveliquor.com\/?s={search_term_string}"},"query-input":{"@type":"PropertyValueSpecification","valueRequired":true,"valueName":"search_term_string"}}],"inLanguage":"fr-FR"},{"@type":"Organization","@id":"https:\/\/comprehensiveliquor.com\/#organization","name":"Alcool complet","alternateName":"Comprehensive Liquor Store","url":"https:\/\/comprehensiveliquor.com\/","logo":{"@type":"ImageObject","inLanguage":"fr-FR","@id":"https:\/\/comprehensiveliquor.com\/#\/schema\/logo\/image\/","url":"https:\/\/comprehensiveliquor.com\/wp-content\/uploads\/2024\/03\/cropped-image_2024-03-26_131408877.png","contentUrl":"https:\/\/comprehensiveliquor.com\/wp-content\/uploads\/2024\/03\/cropped-image_2024-03-26_131408877.png","width":378,"height":263,"caption":"Comprehensive Liquor"},"image":{"@id":"https:\/\/comprehensiveliquor.com\/#\/schema\/logo\/image\/"}}]}},"_links":{"self":[{"href":"https:\/\/comprehensiveliquor.com\/fr\/wp-json\/wp\/v2\/product\/1944","targetHints":{"allow":["GET"]}}],"collection":[{"href":"https:\/\/comprehensiveliquor.com\/fr\/wp-json\/wp\/v2\/product"}],"about":[{"href":"https:\/\/comprehensiveliquor.com\/fr\/wp-json\/wp\/v2\/types\/product"}],"replies":[{"embeddable":true,"href":"https:\/\/comprehensiveliquor.com\/fr\/wp-json\/wp\/v2\/comments?post=1944"}],"wp:featuredmedia":[{"embeddable":true,"href":"https:\/\/comprehensiveliquor.com\/fr\/wp-json\/wp\/v2\/media\/1945"}],"wp:attachment":[{"href":"https:\/\/comprehensiveliquor.com\/fr\/wp-json\/wp\/v2\/media?parent=1944"}],"wp:term":[{"taxonomy":"product_brand","embeddable":true,"href":"https:\/\/comprehensiveliquor.com\/fr\/wp-json\/wp\/v2\/product_brand?post=1944"},{"taxonomy":"product_cat","embeddable":true,"href":"https:\/\/comprehensiveliquor.com\/fr\/wp-json\/wp\/v2\/product_cat?post=1944"},{"taxonomy":"product_tag","embeddable":true,"href":"https:\/\/comprehensiveliquor.com\/fr\/wp-json\/wp\/v2\/product_tag?post=1944"}],"curies":[{"name":"wp","href":"https:\/\/api.w.org\/{rel}","templated":true}]}}