{"id":2149,"date":"2022-10-15T21:00:25","date_gmt":"2022-10-15T21:00:25","guid":{"rendered":"https:\/\/comprehensiveliquor.com\/?post_type=product&#038;p=2149"},"modified":"2025-06-13T13:34:20","modified_gmt":"2025-06-13T13:34:20","slug":"camus-cognac-baccarat-crystal-decanter-1980s","status":"publish","type":"product","link":"https:\/\/comprehensiveliquor.com\/fr\/product\/camus-cognac-baccarat-crystal-decanter-1980s\/","title":{"rendered":"Carafe en cristal Baccarat Camus Cognac, ann\u00e9es 1980"},"content":{"rendered":"<h4 style=\"color: #252525;\"><strong>Le cognac Camus n'est disponible en aucun format ni en aucune concentration.<\/strong><\/h4>\n<p style=\"color: #252525;\">Carafe \u00e0 cognac Camus en cristal Baccarat. Cette carafe en cristal taill\u00e9 \u00e0 la main et plaqu\u00e9e argent est la reproduction d'un mod\u00e8le cr\u00e9\u00e9 \u00e0 l'origine en 1883 pour le pr\u00e9sident de la R\u00e9publique fran\u00e7aise par la prestigieuse cristallerie Baccarat.<\/p>\n<p style=\"color: #252525;\">wear and tear to the box due to age.<\/p>\n<h5>Attributs<\/h5>\n<table>\n<tbody>\n<tr>\n<td><b>Cat\u00e9gorie<\/b><\/td>\n<td><a href=\"https:\/\/comprehensiveliquor.com\/fr\/product-category\/cognac-armagnac\/\">Cognac Whiskey<\/a><\/td>\n<\/tr>\n<tr>\n<td><b>Period<\/b><\/td>\n<td>1980&#8217;s<\/td>\n<\/tr>\n<tr>\n<td><strong>Country<\/strong><\/td>\n<td>France<\/td>\n<\/tr>\n<tr>\n<td><strong>ABV<\/strong><\/td>\n<td>40%<\/td>\n<\/tr>\n<\/tbody>\n<\/table>","protected":false},"excerpt":{"rendered":"<p>Camus Cognac is not available in any size or strength. Camus Cognac Baccarat Crystal Decanter, This hand-cut crystal and silver-plated decanter is the reproduction of a model originally created in 1883 for the President of the French Republic by the prestigious Baccarat crystal company. wear and tear to the box due to age. Attributes Category [&hellip;]<\/p>\n","protected":false},"featured_media":2151,"comment_status":"open","ping_status":"closed","template":"","meta":{"site-sidebar-layout":"default","site-content-layout":"default","ast-site-content-layout":"default","site-content-style":"default","site-sidebar-style":"default","ast-global-header-display":"","ast-banner-title-visibility":"","ast-main-header-display":"","ast-hfb-above-header-display":"","ast-hfb-below-header-display":"","ast-hfb-mobile-header-display":"","site-post-title":"","ast-breadcrumbs-content":"","ast-featured-img":"","footer-sml-layout":"","ast-disable-related-posts":"","theme-transparent-header-meta":"default","adv-header-id-meta":"","stick-header-meta":"","header-above-stick-meta":"","header-main-stick-meta":"","header-below-stick-meta":"","astra-migrate-meta-layouts":"set","ast-page-background-enabled":"default","ast-page-background-meta":{"desktop":{"background-color":"","background-image":"","background-repeat":"repeat","background-position":"center center","background-size":"auto","background-attachment":"scroll","background-type":"","background-media":"","overlay-type":"","overlay-color":"","overlay-opacity":"","overlay-gradient":""},"tablet":{"background-color":"","background-image":"","background-repeat":"repeat","background-position":"center center","background-size":"auto","background-attachment":"scroll","background-type":"","background-media":"","overlay-type":"","overlay-color":"","overlay-opacity":"","overlay-gradient":""},"mobile":{"background-color":"","background-image":"","background-repeat":"repeat","background-position":"center center","background-size":"auto","background-attachment":"scroll","background-type":"","background-media":"","overlay-type":"","overlay-color":"","overlay-opacity":"","overlay-gradient":""}},"ast-content-background-meta":{"desktop":{"background-color":"var(--ast-global-color-5)","background-image":"","background-repeat":"repeat","background-position":"center center","background-size":"auto","background-attachment":"scroll","background-type":"","background-media":"","overlay-type":"","overlay-color":"","overlay-opacity":"","overlay-gradient":""},"tablet":{"background-color":"var(--ast-global-color-5)","background-image":"","background-repeat":"repeat","background-position":"center center","background-size":"auto","background-attachment":"scroll","background-type":"","background-media":"","overlay-type":"","overlay-color":"","overlay-opacity":"","overlay-gradient":""},"mobile":{"background-color":"var(--ast-global-color-5)","background-image":"","background-repeat":"repeat","background-position":"center center","background-size":"auto","background-attachment":"scroll","background-type":"","background-media":"","overlay-type":"","overlay-color":"","overlay-opacity":"","overlay-gradient":""}}},"product_brand":[],"product_cat":[51],"product_tag":[],"class_list":{"0":"post-2149","1":"product","2":"type-product","3":"status-publish","4":"has-post-thumbnail","6":"product_cat-cognac-armagnac","7":"desktop-align-center","8":"tablet-align-left","9":"mobile-align-left","11":"first","12":"instock","13":"shipping-taxable","14":"purchasable","15":"product-type-simple"},"yoast_head":"<!-- This site is optimized with the Yoast SEO Premium plugin v24.7 (Yoast SEO v27.3) - https:\/\/yoast.com\/product\/yoast-seo-premium-wordpress\/ -->\n<title>Camus Cognac Baccarat Crystal Decanter 1980s<\/title>\n<meta name=\"description\" content=\"Camus Cognac is not available in any size or strength. Camus Cognac Baccarat Crystal Decanter, This hand-cut crystal and silver-plated decanter is the\" \/>\n<meta name=\"robots\" content=\"index, follow, max-snippet:-1, max-image-preview:large, max-video-preview:-1\" \/>\n<link rel=\"canonical\" href=\"https:\/\/comprehensiveliquor.com\/fr\/product\/camus-cognac-baccarat-crystal-decanter-1980s\/\" \/>\n<meta property=\"og:locale\" content=\"fr_FR\" \/>\n<meta property=\"og:type\" content=\"article\" \/>\n<meta property=\"og:title\" content=\"Camus Cognac Baccarat Crystal Decanter 1980s\" \/>\n<meta property=\"og:description\" content=\"Camus Cognac is not available in any size or strength. Camus Cognac Baccarat Crystal Decanter, This hand-cut crystal and silver-plated decanter is the\" \/>\n<meta property=\"og:url\" content=\"https:\/\/comprehensiveliquor.com\/fr\/product\/camus-cognac-baccarat-crystal-decanter-1980s\/\" \/>\n<meta property=\"og:site_name\" content=\"Comprehensive Liquor\" \/>\n<meta property=\"article:modified_time\" content=\"2025-06-13T13:34:20+00:00\" \/>\n<meta property=\"og:image\" content=\"https:\/\/comprehensiveliquor.com\/wp-content\/uploads\/2022\/10\/image_2022-10-15_220009939.png\" \/>\n\t<meta property=\"og:image:width\" content=\"480\" \/>\n\t<meta property=\"og:image:height\" content=\"556\" \/>\n\t<meta property=\"og:image:type\" content=\"image\/png\" \/>\n<meta name=\"twitter:card\" content=\"summary_large_image\" \/>\n<meta name=\"twitter:label1\" content=\"Dur\u00e9e de lecture estim\u00e9e\" \/>\n\t<meta name=\"twitter:data1\" content=\"1 minute\" \/>\n<script type=\"application\/ld+json\" class=\"yoast-schema-graph\">{\"@context\":\"https:\\\/\\\/schema.org\",\"@graph\":[{\"@type\":\"WebPage\",\"@id\":\"https:\\\/\\\/comprehensiveliquor.com\\\/product\\\/camus-cognac-baccarat-crystal-decanter-1980s\\\/\",\"url\":\"https:\\\/\\\/comprehensiveliquor.com\\\/product\\\/camus-cognac-baccarat-crystal-decanter-1980s\\\/\",\"name\":\"Camus Cognac Baccarat Crystal Decanter 1980s\",\"isPartOf\":{\"@id\":\"https:\\\/\\\/comprehensiveliquor.com\\\/#website\"},\"primaryImageOfPage\":{\"@id\":\"https:\\\/\\\/comprehensiveliquor.com\\\/product\\\/camus-cognac-baccarat-crystal-decanter-1980s\\\/#primaryimage\"},\"image\":{\"@id\":\"https:\\\/\\\/comprehensiveliquor.com\\\/product\\\/camus-cognac-baccarat-crystal-decanter-1980s\\\/#primaryimage\"},\"thumbnailUrl\":\"https:\\\/\\\/comprehensiveliquor.com\\\/wp-content\\\/uploads\\\/2022\\\/10\\\/image_2022-10-15_220009939.png\",\"datePublished\":\"2022-10-15T21:00:25+00:00\",\"dateModified\":\"2025-06-13T13:34:20+00:00\",\"description\":\"Camus Cognac is not available in any size or strength. Camus Cognac Baccarat Crystal Decanter, This hand-cut crystal and silver-plated decanter is the\",\"breadcrumb\":{\"@id\":\"https:\\\/\\\/comprehensiveliquor.com\\\/product\\\/camus-cognac-baccarat-crystal-decanter-1980s\\\/#breadcrumb\"},\"inLanguage\":\"fr-FR\",\"potentialAction\":[{\"@type\":\"ReadAction\",\"target\":[\"https:\\\/\\\/comprehensiveliquor.com\\\/product\\\/camus-cognac-baccarat-crystal-decanter-1980s\\\/\"]}]},{\"@type\":\"ImageObject\",\"inLanguage\":\"fr-FR\",\"@id\":\"https:\\\/\\\/comprehensiveliquor.com\\\/product\\\/camus-cognac-baccarat-crystal-decanter-1980s\\\/#primaryimage\",\"url\":\"https:\\\/\\\/comprehensiveliquor.com\\\/wp-content\\\/uploads\\\/2022\\\/10\\\/image_2022-10-15_220009939.png\",\"contentUrl\":\"https:\\\/\\\/comprehensiveliquor.com\\\/wp-content\\\/uploads\\\/2022\\\/10\\\/image_2022-10-15_220009939.png\",\"width\":480,\"height\":556,\"caption\":\"Getting Camus Cognac Baccarat Crystal Decanter 1980s\"},{\"@type\":\"BreadcrumbList\",\"@id\":\"https:\\\/\\\/comprehensiveliquor.com\\\/product\\\/camus-cognac-baccarat-crystal-decanter-1980s\\\/#breadcrumb\",\"itemListElement\":[{\"@type\":\"ListItem\",\"position\":1,\"name\":\"Home\",\"item\":\"https:\\\/\\\/comprehensiveliquor.com\\\/\"},{\"@type\":\"ListItem\",\"position\":2,\"name\":\"Shop\",\"item\":\"https:\\\/\\\/comprehensiveliquor.com\\\/shop\\\/\"},{\"@type\":\"ListItem\",\"position\":3,\"name\":\"Camus Cognac Baccarat Crystal Decanter 1980s\"}]},{\"@type\":\"WebSite\",\"@id\":\"https:\\\/\\\/comprehensiveliquor.com\\\/#website\",\"url\":\"https:\\\/\\\/comprehensiveliquor.com\\\/\",\"name\":\"Comprehensive Liquor\",\"description\":\"Best Liquor Store\",\"publisher\":{\"@id\":\"https:\\\/\\\/comprehensiveliquor.com\\\/#organization\"},\"alternateName\":\"Comprehensive Liquor Store\",\"potentialAction\":[{\"@type\":\"SearchAction\",\"target\":{\"@type\":\"EntryPoint\",\"urlTemplate\":\"https:\\\/\\\/comprehensiveliquor.com\\\/?s={search_term_string}\"},\"query-input\":{\"@type\":\"PropertyValueSpecification\",\"valueRequired\":true,\"valueName\":\"search_term_string\"}}],\"inLanguage\":\"fr-FR\"},{\"@type\":\"Organization\",\"@id\":\"https:\\\/\\\/comprehensiveliquor.com\\\/#organization\",\"name\":\"Comprehensive Liquor\",\"alternateName\":\"Comprehensive Liquor Store\",\"url\":\"https:\\\/\\\/comprehensiveliquor.com\\\/\",\"logo\":{\"@type\":\"ImageObject\",\"inLanguage\":\"fr-FR\",\"@id\":\"https:\\\/\\\/comprehensiveliquor.com\\\/#\\\/schema\\\/logo\\\/image\\\/\",\"url\":\"https:\\\/\\\/comprehensiveliquor.com\\\/wp-content\\\/uploads\\\/2024\\\/03\\\/cropped-image_2024-03-26_131408877.png\",\"contentUrl\":\"https:\\\/\\\/comprehensiveliquor.com\\\/wp-content\\\/uploads\\\/2024\\\/03\\\/cropped-image_2024-03-26_131408877.png\",\"width\":378,\"height\":263,\"caption\":\"Comprehensive Liquor\"},\"image\":{\"@id\":\"https:\\\/\\\/comprehensiveliquor.com\\\/#\\\/schema\\\/logo\\\/image\\\/\"}}]}<\/script>\n<!-- \/ Yoast SEO Premium plugin. -->","yoast_head_json":{"title":"Carafe en cristal Baccarat Camus Cognac, ann\u00e9es 1980","description":"Le cognac Camus n'est disponible en aucun format ni degr\u00e9 d'alcool. Carafe en cristal Baccarat pour cognac Camus\u00a0: cette carafe en cristal taill\u00e9 \u00e0 la main et plaqu\u00e9e argent est\u2026","robots":{"index":"index","follow":"follow","max-snippet":"max-snippet:-1","max-image-preview":"max-image-preview:large","max-video-preview":"max-video-preview:-1"},"canonical":"https:\/\/comprehensiveliquor.com\/fr\/product\/camus-cognac-baccarat-crystal-decanter-1980s\/","og_locale":"fr_FR","og_type":"article","og_title":"Camus Cognac Baccarat Crystal Decanter 1980s","og_description":"Camus Cognac is not available in any size or strength. Camus Cognac Baccarat Crystal Decanter, This hand-cut crystal and silver-plated decanter is the","og_url":"https:\/\/comprehensiveliquor.com\/fr\/product\/camus-cognac-baccarat-crystal-decanter-1980s\/","og_site_name":"Comprehensive Liquor","article_modified_time":"2025-06-13T13:34:20+00:00","og_image":[{"width":480,"height":556,"url":"https:\/\/comprehensiveliquor.com\/wp-content\/uploads\/2022\/10\/image_2022-10-15_220009939.png","type":"image\/png"}],"twitter_card":"summary_large_image","twitter_misc":{"Dur\u00e9e de lecture estim\u00e9e":"1 minute"},"schema":{"@context":"https:\/\/schema.org","@graph":[{"@type":"WebPage","@id":"https:\/\/comprehensiveliquor.com\/product\/camus-cognac-baccarat-crystal-decanter-1980s\/","url":"https:\/\/comprehensiveliquor.com\/product\/camus-cognac-baccarat-crystal-decanter-1980s\/","name":"Carafe en cristal Baccarat Camus Cognac, ann\u00e9es 1980","isPartOf":{"@id":"https:\/\/comprehensiveliquor.com\/#website"},"primaryImageOfPage":{"@id":"https:\/\/comprehensiveliquor.com\/product\/camus-cognac-baccarat-crystal-decanter-1980s\/#primaryimage"},"image":{"@id":"https:\/\/comprehensiveliquor.com\/product\/camus-cognac-baccarat-crystal-decanter-1980s\/#primaryimage"},"thumbnailUrl":"https:\/\/comprehensiveliquor.com\/wp-content\/uploads\/2022\/10\/image_2022-10-15_220009939.png","datePublished":"2022-10-15T21:00:25+00:00","dateModified":"2025-06-13T13:34:20+00:00","description":"Le cognac Camus n'est disponible en aucun format ni degr\u00e9 d'alcool. Carafe en cristal Baccarat pour cognac Camus\u00a0: cette carafe en cristal taill\u00e9 \u00e0 la main et plaqu\u00e9e argent est\u2026","breadcrumb":{"@id":"https:\/\/comprehensiveliquor.com\/product\/camus-cognac-baccarat-crystal-decanter-1980s\/#breadcrumb"},"inLanguage":"fr-FR","potentialAction":[{"@type":"ReadAction","target":["https:\/\/comprehensiveliquor.com\/product\/camus-cognac-baccarat-crystal-decanter-1980s\/"]}]},{"@type":"ImageObject","inLanguage":"fr-FR","@id":"https:\/\/comprehensiveliquor.com\/product\/camus-cognac-baccarat-crystal-decanter-1980s\/#primaryimage","url":"https:\/\/comprehensiveliquor.com\/wp-content\/uploads\/2022\/10\/image_2022-10-15_220009939.png","contentUrl":"https:\/\/comprehensiveliquor.com\/wp-content\/uploads\/2022\/10\/image_2022-10-15_220009939.png","width":480,"height":556,"caption":"Getting Camus Cognac Baccarat Crystal Decanter 1980s"},{"@type":"BreadcrumbList","@id":"https:\/\/comprehensiveliquor.com\/product\/camus-cognac-baccarat-crystal-decanter-1980s\/#breadcrumb","itemListElement":[{"@type":"ListItem","position":1,"name":"Home","item":"https:\/\/comprehensiveliquor.com\/"},{"@type":"ListItem","position":2,"name":"Shop","item":"https:\/\/comprehensiveliquor.com\/shop\/"},{"@type":"ListItem","position":3,"name":"Camus Cognac Baccarat Crystal Decanter 1980s"}]},{"@type":"WebSite","@id":"https:\/\/comprehensiveliquor.com\/#website","url":"https:\/\/comprehensiveliquor.com\/","name":"Alcool complet","description":"Best Liquor Store","publisher":{"@id":"https:\/\/comprehensiveliquor.com\/#organization"},"alternateName":"Comprehensive Liquor Store","potentialAction":[{"@type":"SearchAction","target":{"@type":"EntryPoint","urlTemplate":"https:\/\/comprehensiveliquor.com\/?s={search_term_string}"},"query-input":{"@type":"PropertyValueSpecification","valueRequired":true,"valueName":"search_term_string"}}],"inLanguage":"fr-FR"},{"@type":"Organization","@id":"https:\/\/comprehensiveliquor.com\/#organization","name":"Alcool complet","alternateName":"Comprehensive Liquor Store","url":"https:\/\/comprehensiveliquor.com\/","logo":{"@type":"ImageObject","inLanguage":"fr-FR","@id":"https:\/\/comprehensiveliquor.com\/#\/schema\/logo\/image\/","url":"https:\/\/comprehensiveliquor.com\/wp-content\/uploads\/2024\/03\/cropped-image_2024-03-26_131408877.png","contentUrl":"https:\/\/comprehensiveliquor.com\/wp-content\/uploads\/2024\/03\/cropped-image_2024-03-26_131408877.png","width":378,"height":263,"caption":"Comprehensive Liquor"},"image":{"@id":"https:\/\/comprehensiveliquor.com\/#\/schema\/logo\/image\/"}}]}},"_links":{"self":[{"href":"https:\/\/comprehensiveliquor.com\/fr\/wp-json\/wp\/v2\/product\/2149","targetHints":{"allow":["GET"]}}],"collection":[{"href":"https:\/\/comprehensiveliquor.com\/fr\/wp-json\/wp\/v2\/product"}],"about":[{"href":"https:\/\/comprehensiveliquor.com\/fr\/wp-json\/wp\/v2\/types\/product"}],"replies":[{"embeddable":true,"href":"https:\/\/comprehensiveliquor.com\/fr\/wp-json\/wp\/v2\/comments?post=2149"}],"wp:featuredmedia":[{"embeddable":true,"href":"https:\/\/comprehensiveliquor.com\/fr\/wp-json\/wp\/v2\/media\/2151"}],"wp:attachment":[{"href":"https:\/\/comprehensiveliquor.com\/fr\/wp-json\/wp\/v2\/media?parent=2149"}],"wp:term":[{"taxonomy":"product_brand","embeddable":true,"href":"https:\/\/comprehensiveliquor.com\/fr\/wp-json\/wp\/v2\/product_brand?post=2149"},{"taxonomy":"product_cat","embeddable":true,"href":"https:\/\/comprehensiveliquor.com\/fr\/wp-json\/wp\/v2\/product_cat?post=2149"},{"taxonomy":"product_tag","embeddable":true,"href":"https:\/\/comprehensiveliquor.com\/fr\/wp-json\/wp\/v2\/product_tag?post=2149"}],"curies":[{"name":"wp","href":"https:\/\/api.w.org\/{rel}","templated":true}]}}