{"id":2301,"date":"2022-10-17T04:56:02","date_gmt":"2022-10-17T04:56:02","guid":{"rendered":"https:\/\/comprehensiveliquor.com\/?post_type=product&#038;p=2301"},"modified":"2024-06-08T19:29:27","modified_gmt":"2024-06-08T19:29:27","slug":"the-lakes-whiskymakers-edition-infinity-70cl","status":"publish","type":"product","link":"https:\/\/comprehensiveliquor.com\/fr\/product\/the-lakes-whiskymakers-edition-infinity-70cl\/","title":{"rendered":"The Lakes Whiskymaker&#8217;s Edition Infinity 70cl"},"content":{"rendered":"<h2 class=\"product-single__title\" style=\"color: #252525;\">The Lakes Whiskymaker&#8217;s Edition Infinity<\/h2>\n<p style=\"color: #252525;\">Sortie \u00e0 l'automne 2022, la Lakes Infinity Whiskymaker\u2019s Edition explore plus en profondeur la symbiose fructueuse de la distillerie avec les f\u00fbts de sherry, notamment certains f\u00fbts de ch\u00eane am\u00e9ricain impr\u00e9gn\u00e9s de sherry Palo Cortado rare.<\/p>\n<p style=\"color: #252525;\">Les Whiskymaker\u2019s Editions de la distillerie The Lakes figurent parmi les whiskies de malt anglais les plus complexes du march\u00e9. L\u2019ancien ma\u00eetre assembleur, Dhavall Gandhi, reste consultant et participe activement \u00e0 chaque nouvelle cr\u00e9ation. L\u2019Infinity Whiskymaker\u2019s Edition est sans doute le whisky le plus complexe et nuanc\u00e9 jamais produit par The Lakes.<\/p>\n<p>&nbsp;<\/p>\n<h5>Attributs<\/h5>\n<table>\n<tbody>\n<tr>\n<td><strong>Distillery<\/strong><\/td>\n<td><a title=\"The Lakes Distillery\" href=\"https:\/\/www.keswick.org\/what-to-do\/attractions\/the-lakes-distillery\" target=\"_blank\" rel=\"noopener\">The Lakes Distillery<\/a><\/td>\n<\/tr>\n<tr>\n<td><strong>Bottler<\/strong><\/td>\n<td>Distillery<\/td>\n<\/tr>\n<tr>\n<td><strong>Series<\/strong><\/td>\n<td>The Whisky Makers Edition &#8211; Infinity<\/td>\n<\/tr>\n<tr>\n<td><strong>Country<\/strong><\/td>\n<td>England<\/td>\n<\/tr>\n<tr>\n<td><strong>\u00c9dition limit\u00e9e<\/strong><\/td>\n<td>Yes<\/td>\n<\/tr>\n<tr>\n<td><strong>Bottle Produced<\/strong><\/td>\n<td>2500<\/td>\n<\/tr>\n<tr>\n<td><strong>Bottle Size<\/strong><\/td>\n<td>70cl<\/td>\n<\/tr>\n<tr>\n<td><strong>ABV<\/strong><\/td>\n<td>52%<\/td>\n<\/tr>\n<\/tbody>\n<\/table>","protected":false},"excerpt":{"rendered":"<p>The Lakes Whiskymaker&#8217;s Edition Infinity Released in autumn 2022, The Lakes Infinity Whiskymaker&#8217;s Edition further explores the distillery&#8217;s fruitful symbiosis with sherry casks, including some American oak casks seasoned with rare Palo Cortado sherry. The Lakes distillery&#8217;s Whiskymaker&#8217;s Editions are among the most complex English malt whiskies around, with departed former Master Blender Dhavall Gandhi [&hellip;]<\/p>\n","protected":false},"featured_media":2302,"comment_status":"open","ping_status":"closed","template":"","meta":{"site-sidebar-layout":"default","site-content-layout":"default","ast-site-content-layout":"default","site-content-style":"default","site-sidebar-style":"default","ast-global-header-display":"","ast-banner-title-visibility":"","ast-main-header-display":"","ast-hfb-above-header-display":"","ast-hfb-below-header-display":"","ast-hfb-mobile-header-display":"","site-post-title":"","ast-breadcrumbs-content":"","ast-featured-img":"","footer-sml-layout":"","ast-disable-related-posts":"","theme-transparent-header-meta":"default","adv-header-id-meta":"","stick-header-meta":"","header-above-stick-meta":"","header-main-stick-meta":"","header-below-stick-meta":"","astra-migrate-meta-layouts":"set","ast-page-background-enabled":"default","ast-page-background-meta":{"desktop":{"background-color":"","background-image":"","background-repeat":"repeat","background-position":"center center","background-size":"auto","background-attachment":"scroll","background-type":"","background-media":"","overlay-type":"","overlay-color":"","overlay-opacity":"","overlay-gradient":""},"tablet":{"background-color":"","background-image":"","background-repeat":"repeat","background-position":"center center","background-size":"auto","background-attachment":"scroll","background-type":"","background-media":"","overlay-type":"","overlay-color":"","overlay-opacity":"","overlay-gradient":""},"mobile":{"background-color":"","background-image":"","background-repeat":"repeat","background-position":"center center","background-size":"auto","background-attachment":"scroll","background-type":"","background-media":"","overlay-type":"","overlay-color":"","overlay-opacity":"","overlay-gradient":""}},"ast-content-background-meta":{"desktop":{"background-color":"var(--ast-global-color-5)","background-image":"","background-repeat":"repeat","background-position":"center center","background-size":"auto","background-attachment":"scroll","background-type":"","background-media":"","overlay-type":"","overlay-color":"","overlay-opacity":"","overlay-gradient":""},"tablet":{"background-color":"var(--ast-global-color-5)","background-image":"","background-repeat":"repeat","background-position":"center center","background-size":"auto","background-attachment":"scroll","background-type":"","background-media":"","overlay-type":"","overlay-color":"","overlay-opacity":"","overlay-gradient":""},"mobile":{"background-color":"var(--ast-global-color-5)","background-image":"","background-repeat":"repeat","background-position":"center center","background-size":"auto","background-attachment":"scroll","background-type":"","background-media":"","overlay-type":"","overlay-color":"","overlay-opacity":"","overlay-gradient":""}}},"product_brand":[],"product_cat":[43,32,46,27],"product_tag":[],"class_list":{"0":"post-2301","1":"product","2":"type-product","3":"status-publish","4":"has-post-thumbnail","6":"product_cat-english-whisky","7":"product_cat-single-malt-whisky","8":"product_cat-whisky","9":"product_cat-world-whisky","10":"desktop-align-center","11":"tablet-align-left","12":"mobile-align-left","14":"first","15":"instock","16":"shipping-taxable","17":"purchasable","18":"product-type-simple"},"yoast_head":"<!-- This site is optimized with the Yoast SEO Premium plugin v24.7 (Yoast SEO v27.4) - https:\/\/yoast.com\/product\/yoast-seo-premium-wordpress\/ -->\n<title>The Lakes Whiskymaker&#039;s Edition Infinity 70cl<\/title>\n<meta name=\"description\" content=\"The Lakes Whiskymaker&#039;s Edition Infinity Released in autumn 2022, The Lakes Infinity Whiskymaker&#039;s Edition further explores the distillery&#039;s fruitful\" \/>\n<meta name=\"robots\" content=\"index, follow, max-snippet:-1, max-image-preview:large, max-video-preview:-1\" \/>\n<link rel=\"canonical\" href=\"https:\/\/comprehensiveliquor.com\/fr\/product\/the-lakes-whiskymakers-edition-infinity-70cl\/\" \/>\n<meta property=\"og:locale\" content=\"fr_FR\" \/>\n<meta property=\"og:type\" content=\"article\" \/>\n<meta property=\"og:title\" content=\"The Lakes Whiskymaker&#039;s Edition Infinity 70cl\" \/>\n<meta property=\"og:description\" content=\"The Lakes Whiskymaker&#039;s Edition Infinity Released in autumn 2022, The Lakes Infinity Whiskymaker&#039;s Edition further explores the distillery&#039;s fruitful\" \/>\n<meta property=\"og:url\" content=\"https:\/\/comprehensiveliquor.com\/fr\/product\/the-lakes-whiskymakers-edition-infinity-70cl\/\" \/>\n<meta property=\"og:site_name\" content=\"Comprehensive Liquor\" \/>\n<meta property=\"article:modified_time\" content=\"2024-06-08T19:29:27+00:00\" \/>\n<meta property=\"og:image\" content=\"https:\/\/comprehensiveliquor.com\/wp-content\/uploads\/2022\/10\/image_2022-10-17_055533650.png\" \/>\n\t<meta property=\"og:image:width\" content=\"360\" \/>\n\t<meta property=\"og:image:height\" content=\"541\" \/>\n\t<meta property=\"og:image:type\" content=\"image\/png\" \/>\n<meta name=\"twitter:card\" content=\"summary_large_image\" \/>\n<meta name=\"twitter:label1\" content=\"Dur\u00e9e de lecture estim\u00e9e\" \/>\n\t<meta name=\"twitter:data1\" content=\"1 minute\" \/>\n<script type=\"application\/ld+json\" class=\"yoast-schema-graph\">{\"@context\":\"https:\\\/\\\/schema.org\",\"@graph\":[{\"@type\":\"WebPage\",\"@id\":\"https:\\\/\\\/comprehensiveliquor.com\\\/product\\\/the-lakes-whiskymakers-edition-infinity-70cl\\\/\",\"url\":\"https:\\\/\\\/comprehensiveliquor.com\\\/product\\\/the-lakes-whiskymakers-edition-infinity-70cl\\\/\",\"name\":\"The Lakes Whiskymaker's Edition Infinity 70cl\",\"isPartOf\":{\"@id\":\"https:\\\/\\\/comprehensiveliquor.com\\\/#website\"},\"primaryImageOfPage\":{\"@id\":\"https:\\\/\\\/comprehensiveliquor.com\\\/product\\\/the-lakes-whiskymakers-edition-infinity-70cl\\\/#primaryimage\"},\"image\":{\"@id\":\"https:\\\/\\\/comprehensiveliquor.com\\\/product\\\/the-lakes-whiskymakers-edition-infinity-70cl\\\/#primaryimage\"},\"thumbnailUrl\":\"https:\\\/\\\/comprehensiveliquor.com\\\/wp-content\\\/uploads\\\/2022\\\/10\\\/image_2022-10-17_055533650.png\",\"datePublished\":\"2022-10-17T04:56:02+00:00\",\"dateModified\":\"2024-06-08T19:29:27+00:00\",\"description\":\"The Lakes Whiskymaker's Edition Infinity Released in autumn 2022, The Lakes Infinity Whiskymaker's Edition further explores the distillery's fruitful\",\"breadcrumb\":{\"@id\":\"https:\\\/\\\/comprehensiveliquor.com\\\/product\\\/the-lakes-whiskymakers-edition-infinity-70cl\\\/#breadcrumb\"},\"inLanguage\":\"fr-FR\",\"potentialAction\":[{\"@type\":\"ReadAction\",\"target\":[\"https:\\\/\\\/comprehensiveliquor.com\\\/product\\\/the-lakes-whiskymakers-edition-infinity-70cl\\\/\"]}]},{\"@type\":\"ImageObject\",\"inLanguage\":\"fr-FR\",\"@id\":\"https:\\\/\\\/comprehensiveliquor.com\\\/product\\\/the-lakes-whiskymakers-edition-infinity-70cl\\\/#primaryimage\",\"url\":\"https:\\\/\\\/comprehensiveliquor.com\\\/wp-content\\\/uploads\\\/2022\\\/10\\\/image_2022-10-17_055533650.png\",\"contentUrl\":\"https:\\\/\\\/comprehensiveliquor.com\\\/wp-content\\\/uploads\\\/2022\\\/10\\\/image_2022-10-17_055533650.png\",\"width\":360,\"height\":541,\"caption\":\"The Lakes Whiskymaker's Edition Infinity 70cl\"},{\"@type\":\"BreadcrumbList\",\"@id\":\"https:\\\/\\\/comprehensiveliquor.com\\\/product\\\/the-lakes-whiskymakers-edition-infinity-70cl\\\/#breadcrumb\",\"itemListElement\":[{\"@type\":\"ListItem\",\"position\":1,\"name\":\"Home\",\"item\":\"https:\\\/\\\/comprehensiveliquor.com\\\/\"},{\"@type\":\"ListItem\",\"position\":2,\"name\":\"Shop\",\"item\":\"https:\\\/\\\/comprehensiveliquor.com\\\/shop\\\/\"},{\"@type\":\"ListItem\",\"position\":3,\"name\":\"The Lakes Whiskymaker&#8217;s Edition Infinity 70cl\"}]},{\"@type\":\"WebSite\",\"@id\":\"https:\\\/\\\/comprehensiveliquor.com\\\/#website\",\"url\":\"https:\\\/\\\/comprehensiveliquor.com\\\/\",\"name\":\"Comprehensive Liquor\",\"description\":\"Best Liquor Store\",\"publisher\":{\"@id\":\"https:\\\/\\\/comprehensiveliquor.com\\\/#organization\"},\"alternateName\":\"Comprehensive Liquor Store\",\"potentialAction\":[{\"@type\":\"SearchAction\",\"target\":{\"@type\":\"EntryPoint\",\"urlTemplate\":\"https:\\\/\\\/comprehensiveliquor.com\\\/?s={search_term_string}\"},\"query-input\":{\"@type\":\"PropertyValueSpecification\",\"valueRequired\":true,\"valueName\":\"search_term_string\"}}],\"inLanguage\":\"fr-FR\"},{\"@type\":\"Organization\",\"@id\":\"https:\\\/\\\/comprehensiveliquor.com\\\/#organization\",\"name\":\"Comprehensive Liquor\",\"alternateName\":\"Comprehensive Liquor Store\",\"url\":\"https:\\\/\\\/comprehensiveliquor.com\\\/\",\"logo\":{\"@type\":\"ImageObject\",\"inLanguage\":\"fr-FR\",\"@id\":\"https:\\\/\\\/comprehensiveliquor.com\\\/#\\\/schema\\\/logo\\\/image\\\/\",\"url\":\"https:\\\/\\\/comprehensiveliquor.com\\\/wp-content\\\/uploads\\\/2024\\\/03\\\/cropped-image_2024-03-26_131408877.png\",\"contentUrl\":\"https:\\\/\\\/comprehensiveliquor.com\\\/wp-content\\\/uploads\\\/2024\\\/03\\\/cropped-image_2024-03-26_131408877.png\",\"width\":378,\"height\":263,\"caption\":\"Comprehensive Liquor\"},\"image\":{\"@id\":\"https:\\\/\\\/comprehensiveliquor.com\\\/#\\\/schema\\\/logo\\\/image\\\/\"}}]}<\/script>\n<!-- \/ Yoast SEO Premium plugin. -->","yoast_head_json":{"title":"The Lakes Whiskymaker's Edition Infinity 70cl","description":"Sortie \u00e0 l'automne 2022, la Lakes Whiskymaker's Edition Infinity explore plus en profondeur le riche patrimoine de la distillerie.","robots":{"index":"index","follow":"follow","max-snippet":"max-snippet:-1","max-image-preview":"max-image-preview:large","max-video-preview":"max-video-preview:-1"},"canonical":"https:\/\/comprehensiveliquor.com\/fr\/product\/the-lakes-whiskymakers-edition-infinity-70cl\/","og_locale":"fr_FR","og_type":"article","og_title":"The Lakes Whiskymaker's Edition Infinity 70cl","og_description":"The Lakes Whiskymaker's Edition Infinity Released in autumn 2022, The Lakes Infinity Whiskymaker's Edition further explores the distillery's fruitful","og_url":"https:\/\/comprehensiveliquor.com\/fr\/product\/the-lakes-whiskymakers-edition-infinity-70cl\/","og_site_name":"Comprehensive Liquor","article_modified_time":"2024-06-08T19:29:27+00:00","og_image":[{"width":360,"height":541,"url":"https:\/\/comprehensiveliquor.com\/wp-content\/uploads\/2022\/10\/image_2022-10-17_055533650.png","type":"image\/png"}],"twitter_card":"summary_large_image","twitter_misc":{"Dur\u00e9e de lecture estim\u00e9e":"1 minute"},"schema":{"@context":"https:\/\/schema.org","@graph":[{"@type":"WebPage","@id":"https:\/\/comprehensiveliquor.com\/product\/the-lakes-whiskymakers-edition-infinity-70cl\/","url":"https:\/\/comprehensiveliquor.com\/product\/the-lakes-whiskymakers-edition-infinity-70cl\/","name":"The Lakes Whiskymaker's Edition Infinity 70cl","isPartOf":{"@id":"https:\/\/comprehensiveliquor.com\/#website"},"primaryImageOfPage":{"@id":"https:\/\/comprehensiveliquor.com\/product\/the-lakes-whiskymakers-edition-infinity-70cl\/#primaryimage"},"image":{"@id":"https:\/\/comprehensiveliquor.com\/product\/the-lakes-whiskymakers-edition-infinity-70cl\/#primaryimage"},"thumbnailUrl":"https:\/\/comprehensiveliquor.com\/wp-content\/uploads\/2022\/10\/image_2022-10-17_055533650.png","datePublished":"2022-10-17T04:56:02+00:00","dateModified":"2024-06-08T19:29:27+00:00","description":"Sortie \u00e0 l'automne 2022, la Lakes Whiskymaker's Edition Infinity explore plus en profondeur le riche patrimoine de la distillerie.","breadcrumb":{"@id":"https:\/\/comprehensiveliquor.com\/product\/the-lakes-whiskymakers-edition-infinity-70cl\/#breadcrumb"},"inLanguage":"fr-FR","potentialAction":[{"@type":"ReadAction","target":["https:\/\/comprehensiveliquor.com\/product\/the-lakes-whiskymakers-edition-infinity-70cl\/"]}]},{"@type":"ImageObject","inLanguage":"fr-FR","@id":"https:\/\/comprehensiveliquor.com\/product\/the-lakes-whiskymakers-edition-infinity-70cl\/#primaryimage","url":"https:\/\/comprehensiveliquor.com\/wp-content\/uploads\/2022\/10\/image_2022-10-17_055533650.png","contentUrl":"https:\/\/comprehensiveliquor.com\/wp-content\/uploads\/2022\/10\/image_2022-10-17_055533650.png","width":360,"height":541,"caption":"The Lakes Whiskymaker's Edition Infinity 70cl"},{"@type":"BreadcrumbList","@id":"https:\/\/comprehensiveliquor.com\/product\/the-lakes-whiskymakers-edition-infinity-70cl\/#breadcrumb","itemListElement":[{"@type":"ListItem","position":1,"name":"Home","item":"https:\/\/comprehensiveliquor.com\/"},{"@type":"ListItem","position":2,"name":"Shop","item":"https:\/\/comprehensiveliquor.com\/shop\/"},{"@type":"ListItem","position":3,"name":"The Lakes Whiskymaker&#8217;s Edition Infinity 70cl"}]},{"@type":"WebSite","@id":"https:\/\/comprehensiveliquor.com\/#website","url":"https:\/\/comprehensiveliquor.com\/","name":"Alcool complet","description":"Best Liquor Store","publisher":{"@id":"https:\/\/comprehensiveliquor.com\/#organization"},"alternateName":"Comprehensive Liquor Store","potentialAction":[{"@type":"SearchAction","target":{"@type":"EntryPoint","urlTemplate":"https:\/\/comprehensiveliquor.com\/?s={search_term_string}"},"query-input":{"@type":"PropertyValueSpecification","valueRequired":true,"valueName":"search_term_string"}}],"inLanguage":"fr-FR"},{"@type":"Organization","@id":"https:\/\/comprehensiveliquor.com\/#organization","name":"Alcool complet","alternateName":"Comprehensive Liquor Store","url":"https:\/\/comprehensiveliquor.com\/","logo":{"@type":"ImageObject","inLanguage":"fr-FR","@id":"https:\/\/comprehensiveliquor.com\/#\/schema\/logo\/image\/","url":"https:\/\/comprehensiveliquor.com\/wp-content\/uploads\/2024\/03\/cropped-image_2024-03-26_131408877.png","contentUrl":"https:\/\/comprehensiveliquor.com\/wp-content\/uploads\/2024\/03\/cropped-image_2024-03-26_131408877.png","width":378,"height":263,"caption":"Comprehensive Liquor"},"image":{"@id":"https:\/\/comprehensiveliquor.com\/#\/schema\/logo\/image\/"}}]}},"_links":{"self":[{"href":"https:\/\/comprehensiveliquor.com\/fr\/wp-json\/wp\/v2\/product\/2301","targetHints":{"allow":["GET"]}}],"collection":[{"href":"https:\/\/comprehensiveliquor.com\/fr\/wp-json\/wp\/v2\/product"}],"about":[{"href":"https:\/\/comprehensiveliquor.com\/fr\/wp-json\/wp\/v2\/types\/product"}],"replies":[{"embeddable":true,"href":"https:\/\/comprehensiveliquor.com\/fr\/wp-json\/wp\/v2\/comments?post=2301"}],"wp:featuredmedia":[{"embeddable":true,"href":"https:\/\/comprehensiveliquor.com\/fr\/wp-json\/wp\/v2\/media\/2302"}],"wp:attachment":[{"href":"https:\/\/comprehensiveliquor.com\/fr\/wp-json\/wp\/v2\/media?parent=2301"}],"wp:term":[{"taxonomy":"product_brand","embeddable":true,"href":"https:\/\/comprehensiveliquor.com\/fr\/wp-json\/wp\/v2\/product_brand?post=2301"},{"taxonomy":"product_cat","embeddable":true,"href":"https:\/\/comprehensiveliquor.com\/fr\/wp-json\/wp\/v2\/product_cat?post=2301"},{"taxonomy":"product_tag","embeddable":true,"href":"https:\/\/comprehensiveliquor.com\/fr\/wp-json\/wp\/v2\/product_tag?post=2301"}],"curies":[{"name":"wp","href":"https:\/\/api.w.org\/{rel}","templated":true}]}}