{"id":2824,"date":"2022-10-22T21:12:20","date_gmt":"2022-10-22T21:12:20","guid":{"rendered":"https:\/\/comprehensiveliquor.com\/?post_type=product&#038;p=2824"},"modified":"2025-11-13T14:28:43","modified_gmt":"2025-11-13T14:28:43","slug":"johnnie-walker-king-george-v-edition-limitee-70-cl","status":"publish","type":"product","link":"https:\/\/comprehensiveliquor.com\/fr\/product\/johnnie-walker-king-george-v-edition-limitee-70-cl\/","title":{"rendered":"Johnnie Walker King George V \u00c9dition Limit\u00e9e (70 cl)"},"content":{"rendered":"<h2 class=\"product-single__title\" style=\"color: #252525;\">L'\u00e9dition limit\u00e9e Johnnie Walker King George V pour le Nouvel An lunaire<\/h2>\n<p style=\"color: #252525;\">Johnnie Walker King George V, une \u00e9dition limit\u00e9e. Ce whisky est orn\u00e9 d'un motif sp\u00e9cial c\u00e9l\u00e9brant le Nouvel An lunaire. Cette \u00e9dition sp\u00e9ciale a \u00e9t\u00e9 lanc\u00e9e fin 2020 en pr\u00e9vision du Nouvel An lunaire chinois de f\u00e9vrier 2021, qui annon\u00e7ait l'ann\u00e9e du Buffle dans l'astrologie chinoise.<\/p>\n<p style=\"color: #252525;\">L'\u00e9dition limit\u00e9e Johnnie Walker King George V pour le Nouvel An lunaire est orn\u00e9e de motifs et de dessins traditionnels chinois, mais plus important encore, l'assemblage lui-m\u00eame contiendrait une bonne proportion de Port Ellen gr\u00e2ce \u00e0 sa forte teneur en malt.<\/p>\n<p>&nbsp;<\/p>\n<h3><strong>Notes de d\u00e9gustation officielles<\/strong><\/h3>\n<p><strong>Nez:\u00a0<\/strong>Des ar\u00f4mes doux et fum\u00e9s de Port Ellen vous accueillent. Viennent ensuite des notes d'orange, de raisins secs, de figues et de cannelle.<\/p>\n<p><strong>Palais<\/strong>Les whiskies du Speyside et des Highlands, riches en \u00e9pices et en fruits secs, s'harmonisent parfaitement avec la vanille. Ils r\u00e9v\u00e8lent des ar\u00f4mes de fruits sucr\u00e9s, de chocolat noir, de caramel et de noix grill\u00e9es.<\/p>\n<p><strong>Finition<\/strong>Port Ellen offre une saveur fum\u00e9e c\u00f4ti\u00e8re qui prend de l'ampleur jusqu'\u00e0 la longue finale.<\/p>\n<p>&nbsp;<\/p>\n<h4>Attributs<\/h4>\n<table>\n<tbody>\n<tr>\n<td><b>Ctegory<\/b><\/td>\n<td><a title=\"Scotch Whiskey\" href=\"https:\/\/comprehensiveliquor.com\/fr\/product-category\/scotch-whisky\/\" target=\"_blank\" rel=\"noopener\">Scotch Whiskey<\/a><\/td>\n<\/tr>\n<tr>\n<td><strong>Marque<\/strong><\/td>\n<td><a title=\"Johnnie Walker\" href=\"https:\/\/www.johnniewalker.com\/en\/\" target=\"_blank\" rel=\"noopener\">Johnnie Walker<\/a><\/td>\n<\/tr>\n<tr>\n<td><strong>Country<\/strong><\/td>\n<td>Scotland<\/td>\n<\/tr>\n<tr>\n<td><strong>\u00c9dition limit\u00e9e<\/strong><\/td>\n<td>Yes<\/td>\n<\/tr>\n<tr>\n<td><strong>Bottle Size<\/strong><\/td>\n<td>70cl<\/td>\n<\/tr>\n<tr>\n<td><strong>ABV<\/strong><\/td>\n<td>43%<\/td>\n<\/tr>\n<\/tbody>\n<\/table>","protected":false},"excerpt":{"rendered":"<p>The Johnnie Walker King George V Limited Edition Lunar New Year Johnnie Walker King George V, A limited edition It is decorated with a special design celebrating the Lunar New Year. This celebratory edition was launched at the end of 2020 in anticipation of the Chinese Lunar New Year in February 2021, which heralded the [&hellip;]<\/p>\n","protected":false},"featured_media":2825,"comment_status":"open","ping_status":"closed","template":"","meta":{"site-sidebar-layout":"default","site-content-layout":"default","ast-site-content-layout":"default","site-content-style":"default","site-sidebar-style":"default","ast-global-header-display":"","ast-banner-title-visibility":"","ast-main-header-display":"","ast-hfb-above-header-display":"","ast-hfb-below-header-display":"","ast-hfb-mobile-header-display":"","site-post-title":"","ast-breadcrumbs-content":"","ast-featured-img":"","footer-sml-layout":"","ast-disable-related-posts":"","theme-transparent-header-meta":"default","adv-header-id-meta":"","stick-header-meta":"","header-above-stick-meta":"","header-main-stick-meta":"","header-below-stick-meta":"","astra-migrate-meta-layouts":"set","ast-page-background-enabled":"default","ast-page-background-meta":{"desktop":{"background-color":"","background-image":"","background-repeat":"repeat","background-position":"center center","background-size":"auto","background-attachment":"scroll","background-type":"","background-media":"","overlay-type":"","overlay-color":"","overlay-opacity":"","overlay-gradient":""},"tablet":{"background-color":"","background-image":"","background-repeat":"repeat","background-position":"center center","background-size":"auto","background-attachment":"scroll","background-type":"","background-media":"","overlay-type":"","overlay-color":"","overlay-opacity":"","overlay-gradient":""},"mobile":{"background-color":"","background-image":"","background-repeat":"repeat","background-position":"center center","background-size":"auto","background-attachment":"scroll","background-type":"","background-media":"","overlay-type":"","overlay-color":"","overlay-opacity":"","overlay-gradient":""}},"ast-content-background-meta":{"desktop":{"background-color":"var(--ast-global-color-5)","background-image":"","background-repeat":"repeat","background-position":"center center","background-size":"auto","background-attachment":"scroll","background-type":"","background-media":"","overlay-type":"","overlay-color":"","overlay-opacity":"","overlay-gradient":""},"tablet":{"background-color":"var(--ast-global-color-5)","background-image":"","background-repeat":"repeat","background-position":"center center","background-size":"auto","background-attachment":"scroll","background-type":"","background-media":"","overlay-type":"","overlay-color":"","overlay-opacity":"","overlay-gradient":""},"mobile":{"background-color":"var(--ast-global-color-5)","background-image":"","background-repeat":"repeat","background-position":"center center","background-size":"auto","background-attachment":"scroll","background-type":"","background-media":"","overlay-type":"","overlay-color":"","overlay-opacity":"","overlay-gradient":""}}},"product_brand":[],"product_cat":[28,39,46],"product_tag":[104,106],"class_list":{"0":"post-2824","1":"product","2":"type-product","3":"status-publish","4":"has-post-thumbnail","6":"product_cat-blended-whisky","7":"product_cat-scotch-whisky","8":"product_cat-whisky","9":"product_tag-buy-scotch-whisky-online","10":"product_tag-johnnie-walker-whiskey","11":"desktop-align-center","12":"tablet-align-left","13":"mobile-align-left","15":"first","16":"instock","17":"shipping-taxable","18":"purchasable","19":"product-type-simple"},"yoast_head":"<!-- This site is optimized with the Yoast SEO Premium plugin v24.7 (Yoast SEO v27.4) - https:\/\/yoast.com\/product\/yoast-seo-premium-wordpress\/ -->\n<title>Johnnie Walker King George V | 70cl Limited Edition | Buy<\/title>\n<meta name=\"description\" content=\"Buy Johnnie Walker King George V Limited Edition 70cl. Ultra-premium blended Scotch whisky. Rare royal warrant blend. Collector&#039;s bottle. Order now.\" \/>\n<meta name=\"robots\" content=\"index, follow, max-snippet:-1, max-image-preview:large, max-video-preview:-1\" \/>\n<link rel=\"canonical\" href=\"https:\/\/comprehensiveliquor.com\/fr\/product\/johnnie-walker-king-george-v-edition-limitee-70-cl\/\" \/>\n<meta property=\"og:locale\" content=\"fr_FR\" \/>\n<meta property=\"og:type\" content=\"article\" \/>\n<meta property=\"og:title\" content=\"Johnnie Walker King George V Limited Edition (70cl)\" \/>\n<meta property=\"og:description\" content=\"Buy Johnnie Walker King George V Limited Edition 70cl. Ultra-premium blended Scotch whisky. Rare royal warrant blend. Collector&#039;s bottle. Order now.\" \/>\n<meta property=\"og:url\" content=\"https:\/\/comprehensiveliquor.com\/fr\/product\/johnnie-walker-king-george-v-edition-limitee-70-cl\/\" \/>\n<meta property=\"og:site_name\" content=\"Comprehensive Liquor\" \/>\n<meta property=\"article:modified_time\" content=\"2025-11-13T14:28:43+00:00\" \/>\n<meta property=\"og:image\" content=\"https:\/\/comprehensiveliquor.com\/wp-content\/uploads\/2022\/10\/image_2022-10-22_220713894.png\" \/>\n\t<meta property=\"og:image:width\" content=\"480\" \/>\n\t<meta property=\"og:image:height\" content=\"496\" \/>\n\t<meta property=\"og:image:type\" content=\"image\/png\" \/>\n<meta name=\"twitter:card\" content=\"summary_large_image\" \/>\n<meta name=\"twitter:label1\" content=\"Dur\u00e9e de lecture estim\u00e9e\" \/>\n\t<meta name=\"twitter:data1\" content=\"2 minutes\" \/>\n<script type=\"application\/ld+json\" class=\"yoast-schema-graph\">{\"@context\":\"https:\\\/\\\/schema.org\",\"@graph\":[{\"@type\":\"WebPage\",\"@id\":\"https:\\\/\\\/comprehensiveliquor.com\\\/product\\\/johnnie-walker-king-george-v-limited-edition-70cl\\\/\",\"url\":\"https:\\\/\\\/comprehensiveliquor.com\\\/product\\\/johnnie-walker-king-george-v-limited-edition-70cl\\\/\",\"name\":\"Johnnie Walker King George V | 70cl Limited Edition | Buy\",\"isPartOf\":{\"@id\":\"https:\\\/\\\/comprehensiveliquor.com\\\/#website\"},\"primaryImageOfPage\":{\"@id\":\"https:\\\/\\\/comprehensiveliquor.com\\\/product\\\/johnnie-walker-king-george-v-limited-edition-70cl\\\/#primaryimage\"},\"image\":{\"@id\":\"https:\\\/\\\/comprehensiveliquor.com\\\/product\\\/johnnie-walker-king-george-v-limited-edition-70cl\\\/#primaryimage\"},\"thumbnailUrl\":\"https:\\\/\\\/comprehensiveliquor.com\\\/wp-content\\\/uploads\\\/2022\\\/10\\\/image_2022-10-22_220713894.png\",\"datePublished\":\"2022-10-22T21:12:20+00:00\",\"dateModified\":\"2025-11-13T14:28:43+00:00\",\"description\":\"Buy Johnnie Walker King George V Limited Edition 70cl. Ultra-premium blended Scotch whisky. Rare royal warrant blend. Collector's bottle. Order now.\",\"breadcrumb\":{\"@id\":\"https:\\\/\\\/comprehensiveliquor.com\\\/product\\\/johnnie-walker-king-george-v-limited-edition-70cl\\\/#breadcrumb\"},\"inLanguage\":\"fr-FR\",\"potentialAction\":[{\"@type\":\"ReadAction\",\"target\":[\"https:\\\/\\\/comprehensiveliquor.com\\\/product\\\/johnnie-walker-king-george-v-limited-edition-70cl\\\/\"]}]},{\"@type\":\"ImageObject\",\"inLanguage\":\"fr-FR\",\"@id\":\"https:\\\/\\\/comprehensiveliquor.com\\\/product\\\/johnnie-walker-king-george-v-limited-edition-70cl\\\/#primaryimage\",\"url\":\"https:\\\/\\\/comprehensiveliquor.com\\\/wp-content\\\/uploads\\\/2022\\\/10\\\/image_2022-10-22_220713894.png\",\"contentUrl\":\"https:\\\/\\\/comprehensiveliquor.com\\\/wp-content\\\/uploads\\\/2022\\\/10\\\/image_2022-10-22_220713894.png\",\"width\":480,\"height\":496,\"caption\":\"Johnnie Walker King\"},{\"@type\":\"BreadcrumbList\",\"@id\":\"https:\\\/\\\/comprehensiveliquor.com\\\/product\\\/johnnie-walker-king-george-v-limited-edition-70cl\\\/#breadcrumb\",\"itemListElement\":[{\"@type\":\"ListItem\",\"position\":1,\"name\":\"Home\",\"item\":\"https:\\\/\\\/comprehensiveliquor.com\\\/\"},{\"@type\":\"ListItem\",\"position\":2,\"name\":\"Shop\",\"item\":\"https:\\\/\\\/comprehensiveliquor.com\\\/shop\\\/\"},{\"@type\":\"ListItem\",\"position\":3,\"name\":\"Johnnie Walker King George V Limited Edition (70cl)\"}]},{\"@type\":\"WebSite\",\"@id\":\"https:\\\/\\\/comprehensiveliquor.com\\\/#website\",\"url\":\"https:\\\/\\\/comprehensiveliquor.com\\\/\",\"name\":\"Comprehensive Liquor\",\"description\":\"Best Liquor Store\",\"publisher\":{\"@id\":\"https:\\\/\\\/comprehensiveliquor.com\\\/#organization\"},\"alternateName\":\"Comprehensive Liquor Store\",\"potentialAction\":[{\"@type\":\"SearchAction\",\"target\":{\"@type\":\"EntryPoint\",\"urlTemplate\":\"https:\\\/\\\/comprehensiveliquor.com\\\/?s={search_term_string}\"},\"query-input\":{\"@type\":\"PropertyValueSpecification\",\"valueRequired\":true,\"valueName\":\"search_term_string\"}}],\"inLanguage\":\"fr-FR\"},{\"@type\":\"Organization\",\"@id\":\"https:\\\/\\\/comprehensiveliquor.com\\\/#organization\",\"name\":\"Comprehensive Liquor\",\"alternateName\":\"Comprehensive Liquor Store\",\"url\":\"https:\\\/\\\/comprehensiveliquor.com\\\/\",\"logo\":{\"@type\":\"ImageObject\",\"inLanguage\":\"fr-FR\",\"@id\":\"https:\\\/\\\/comprehensiveliquor.com\\\/#\\\/schema\\\/logo\\\/image\\\/\",\"url\":\"https:\\\/\\\/comprehensiveliquor.com\\\/wp-content\\\/uploads\\\/2024\\\/03\\\/cropped-image_2024-03-26_131408877.png\",\"contentUrl\":\"https:\\\/\\\/comprehensiveliquor.com\\\/wp-content\\\/uploads\\\/2024\\\/03\\\/cropped-image_2024-03-26_131408877.png\",\"width\":378,\"height\":263,\"caption\":\"Comprehensive Liquor\"},\"image\":{\"@id\":\"https:\\\/\\\/comprehensiveliquor.com\\\/#\\\/schema\\\/logo\\\/image\\\/\"}}]}<\/script>\n<!-- \/ Yoast SEO Premium plugin. -->","yoast_head_json":{"title":"Johnnie Walker King George V | \u00c9dition limit\u00e9e 70 cl | Acheter","description":"Achetez le Johnnie Walker King George V Limited Edition 70 cl. Whisky \u00e9cossais blended ultra-premium. Assemblage rare sous mandat royal. Bouteille de collection. Commandez d\u00e8s maintenant.","robots":{"index":"index","follow":"follow","max-snippet":"max-snippet:-1","max-image-preview":"max-image-preview:large","max-video-preview":"max-video-preview:-1"},"canonical":"https:\/\/comprehensiveliquor.com\/fr\/product\/johnnie-walker-king-george-v-edition-limitee-70-cl\/","og_locale":"fr_FR","og_type":"article","og_title":"Johnnie Walker King George V Limited Edition (70cl)","og_description":"Buy Johnnie Walker King George V Limited Edition 70cl. Ultra-premium blended Scotch whisky. Rare royal warrant blend. Collector's bottle. Order now.","og_url":"https:\/\/comprehensiveliquor.com\/fr\/product\/johnnie-walker-king-george-v-edition-limitee-70-cl\/","og_site_name":"Comprehensive Liquor","article_modified_time":"2025-11-13T14:28:43+00:00","og_image":[{"width":480,"height":496,"url":"https:\/\/comprehensiveliquor.com\/wp-content\/uploads\/2022\/10\/image_2022-10-22_220713894.png","type":"image\/png"}],"twitter_card":"summary_large_image","twitter_misc":{"Dur\u00e9e de lecture estim\u00e9e":"2 minutes"},"schema":{"@context":"https:\/\/schema.org","@graph":[{"@type":"WebPage","@id":"https:\/\/comprehensiveliquor.com\/product\/johnnie-walker-king-george-v-limited-edition-70cl\/","url":"https:\/\/comprehensiveliquor.com\/product\/johnnie-walker-king-george-v-limited-edition-70cl\/","name":"Johnnie Walker King George V | \u00c9dition limit\u00e9e 70 cl | Acheter","isPartOf":{"@id":"https:\/\/comprehensiveliquor.com\/#website"},"primaryImageOfPage":{"@id":"https:\/\/comprehensiveliquor.com\/product\/johnnie-walker-king-george-v-limited-edition-70cl\/#primaryimage"},"image":{"@id":"https:\/\/comprehensiveliquor.com\/product\/johnnie-walker-king-george-v-limited-edition-70cl\/#primaryimage"},"thumbnailUrl":"https:\/\/comprehensiveliquor.com\/wp-content\/uploads\/2022\/10\/image_2022-10-22_220713894.png","datePublished":"2022-10-22T21:12:20+00:00","dateModified":"2025-11-13T14:28:43+00:00","description":"Achetez le Johnnie Walker King George V Limited Edition 70 cl. Whisky \u00e9cossais blended ultra-premium. Assemblage rare sous mandat royal. Bouteille de collection. Commandez d\u00e8s maintenant.","breadcrumb":{"@id":"https:\/\/comprehensiveliquor.com\/product\/johnnie-walker-king-george-v-limited-edition-70cl\/#breadcrumb"},"inLanguage":"fr-FR","potentialAction":[{"@type":"ReadAction","target":["https:\/\/comprehensiveliquor.com\/product\/johnnie-walker-king-george-v-limited-edition-70cl\/"]}]},{"@type":"ImageObject","inLanguage":"fr-FR","@id":"https:\/\/comprehensiveliquor.com\/product\/johnnie-walker-king-george-v-limited-edition-70cl\/#primaryimage","url":"https:\/\/comprehensiveliquor.com\/wp-content\/uploads\/2022\/10\/image_2022-10-22_220713894.png","contentUrl":"https:\/\/comprehensiveliquor.com\/wp-content\/uploads\/2022\/10\/image_2022-10-22_220713894.png","width":480,"height":496,"caption":"Johnnie Walker King"},{"@type":"BreadcrumbList","@id":"https:\/\/comprehensiveliquor.com\/product\/johnnie-walker-king-george-v-limited-edition-70cl\/#breadcrumb","itemListElement":[{"@type":"ListItem","position":1,"name":"Home","item":"https:\/\/comprehensiveliquor.com\/"},{"@type":"ListItem","position":2,"name":"Shop","item":"https:\/\/comprehensiveliquor.com\/shop\/"},{"@type":"ListItem","position":3,"name":"Johnnie Walker King George V Limited Edition (70cl)"}]},{"@type":"WebSite","@id":"https:\/\/comprehensiveliquor.com\/#website","url":"https:\/\/comprehensiveliquor.com\/","name":"Alcool complet","description":"Best Liquor Store","publisher":{"@id":"https:\/\/comprehensiveliquor.com\/#organization"},"alternateName":"Comprehensive Liquor Store","potentialAction":[{"@type":"SearchAction","target":{"@type":"EntryPoint","urlTemplate":"https:\/\/comprehensiveliquor.com\/?s={search_term_string}"},"query-input":{"@type":"PropertyValueSpecification","valueRequired":true,"valueName":"search_term_string"}}],"inLanguage":"fr-FR"},{"@type":"Organization","@id":"https:\/\/comprehensiveliquor.com\/#organization","name":"Alcool complet","alternateName":"Comprehensive Liquor Store","url":"https:\/\/comprehensiveliquor.com\/","logo":{"@type":"ImageObject","inLanguage":"fr-FR","@id":"https:\/\/comprehensiveliquor.com\/#\/schema\/logo\/image\/","url":"https:\/\/comprehensiveliquor.com\/wp-content\/uploads\/2024\/03\/cropped-image_2024-03-26_131408877.png","contentUrl":"https:\/\/comprehensiveliquor.com\/wp-content\/uploads\/2024\/03\/cropped-image_2024-03-26_131408877.png","width":378,"height":263,"caption":"Comprehensive Liquor"},"image":{"@id":"https:\/\/comprehensiveliquor.com\/#\/schema\/logo\/image\/"}}]}},"_links":{"self":[{"href":"https:\/\/comprehensiveliquor.com\/fr\/wp-json\/wp\/v2\/product\/2824","targetHints":{"allow":["GET"]}}],"collection":[{"href":"https:\/\/comprehensiveliquor.com\/fr\/wp-json\/wp\/v2\/product"}],"about":[{"href":"https:\/\/comprehensiveliquor.com\/fr\/wp-json\/wp\/v2\/types\/product"}],"replies":[{"embeddable":true,"href":"https:\/\/comprehensiveliquor.com\/fr\/wp-json\/wp\/v2\/comments?post=2824"}],"wp:featuredmedia":[{"embeddable":true,"href":"https:\/\/comprehensiveliquor.com\/fr\/wp-json\/wp\/v2\/media\/2825"}],"wp:attachment":[{"href":"https:\/\/comprehensiveliquor.com\/fr\/wp-json\/wp\/v2\/media?parent=2824"}],"wp:term":[{"taxonomy":"product_brand","embeddable":true,"href":"https:\/\/comprehensiveliquor.com\/fr\/wp-json\/wp\/v2\/product_brand?post=2824"},{"taxonomy":"product_cat","embeddable":true,"href":"https:\/\/comprehensiveliquor.com\/fr\/wp-json\/wp\/v2\/product_cat?post=2824"},{"taxonomy":"product_tag","embeddable":true,"href":"https:\/\/comprehensiveliquor.com\/fr\/wp-json\/wp\/v2\/product_tag?post=2824"}],"curies":[{"name":"wp","href":"https:\/\/api.w.org\/{rel}","templated":true}]}}