{"id":4219,"date":"2023-12-06T12:28:11","date_gmt":"2023-12-06T12:28:11","guid":{"rendered":"https:\/\/comprehensiveliquor.com\/?post_type=product&#038;p=4219"},"modified":"2023-12-06T12:34:24","modified_gmt":"2023-12-06T12:34:24","slug":"springbank-2011-local-barley-11-year-old-2023-release","status":"publish","type":"product","link":"https:\/\/comprehensiveliquor.com\/fr\/product\/springbank-2011-local-barley-11-year-old-2023-release\/","title":{"rendered":"Springbank 2011 Orge Local 11 ans d'\u00e2ge, sortie en 2023"},"content":{"rendered":"<h2>Springbank 2011 Orge Local 11 ans d'\u00e2ge, sortie en 2023<\/h2>\n<p>La distillerie Springbank est situ\u00e9e \u00e0 Campbeltown, une ville \u00e9cossaise pittoresque \u00e0 l'extr\u00e9mit\u00e9 sud de la p\u00e9ninsule de Kintyre, sur la magnifique c\u00f4te ouest.<br \/>\nLa premi\u00e8re mention \u00e9crite du whisky de Campbeltown remonte \u00e0 1591. La distillerie Springbank fut fond\u00e9e en 1828 sur le site de l'alambic clandestin d'Archibald Mitchell, devenant ainsi la 14e distillerie autoris\u00e9e de Campbeltown. Aujourd'hui, Springbank est l'une des trois seules distilleries en activit\u00e9 dans la r\u00e9gion de Campbeltown et la plus ancienne distillerie familiale ind\u00e9pendante d'\u00c9cosse.<\/p>\n<p>The Local Barley est une \u00e9dition limit\u00e9e annuelle \u00e9labor\u00e9e \u00e0 partir d'orge cultiv\u00e9e \u00e0 Campbeltown et dans ses environs. Chaque ann\u00e9e, un agriculteur local est s\u00e9lectionn\u00e9 pour cultiver l'orge n\u00e9cessaire \u00e0 la production de cette cuv\u00e9e. La diversit\u00e9 des exploitations, des vari\u00e9t\u00e9s d'orge, des vieillissements en f\u00fbt et de la dur\u00e9e de vieillissement varie d'un lot \u00e0 l'autre, offrant ainsi une exp\u00e9rience de d\u00e9gustation unique \u00e0 chaque fois.<\/p>\n<p>Cette expression de Springbank a \u00e9t\u00e9 distill\u00e9e en mai 2011 \u00e0 partir d'orge Belgravia cultiv\u00e9e \u00e0 la ferme Glencraigs et a m\u00fbri pendant 11 ans dans des f\u00fbts ayant contenu du bourbon, du sherry et du rhum avant d'\u00eatre mise en bouteille en d\u00e9cembre 2022.<\/p>\n<p>&nbsp;<\/p>\n<p>&nbsp;<\/p>\n<p><strong>Nose<\/strong>: sucr\u00e9, beaucoup de fruits jaunes, principalement des poires, vanille, ar\u00f4mes min\u00e9raux, sel marin, bois, caramel, huile de moteur et terre.<\/p>\n<p><strong>Taste<\/strong>Selon le n\u0153ud, on trouve \u00e9galement beaucoup de fruits jaunes, des poires, des prunes, des abricots, de la vanille, des \u00e9pices de ch\u00eane, un peu de piment et du caramel sal\u00e9.<\/p>\n<p><strong>Finition<\/strong>: moyennement \u00e9pic\u00e9, assez \u00e9pic\u00e9, piment, bois de chauffage, caramel et vanille.<\/p>\n<p>&nbsp;<\/p>\n<h5>Attributs<\/h5>\n<table>\n<tbody>\n<tr>\n<td><b>Marque<\/b><\/td>\n<td><a href=\"https:\/\/comprehensiveliquor.com\/fr\/product-tag\/springbank\/\">Springbank<\/a><\/td>\n<\/tr>\n<tr>\n<td><strong>Distellery<\/strong><\/td>\n<td><a title=\"Springbank Distillery\" href=\"https:\/\/www.whisky.com\/whisky-database\/distilleries\/details\/springbank.html\" target=\"_blank\" rel=\"noopener\">Springbank<\/a><\/td>\n<\/tr>\n<tr>\n<td><strong>Region<\/strong><\/td>\n<td><span class=\"selectable-text copyable-text\">Campbeltown<\/span><\/td>\n<\/tr>\n<tr>\n<td><strong>Size<\/strong><\/td>\n<td>750ml<\/td>\n<\/tr>\n<tr>\n<td><strong>Bottled Strength<\/strong><\/td>\n<td>55.1%<\/td>\n<\/tr>\n<\/tbody>\n<\/table>","protected":false},"excerpt":{"rendered":"<p>Springbank 2011 Local Barley 11 Year Old 2023 Release Springbank distillery is located in Campbeltown, a picturesque Scottish town situated at the southern end of the Kintyre Peninsula on the glorious west coast. The first reference to Campbeltown whisky was recorded in writing in 1591. Springbank was established in 1828 on the site of Archibald [&hellip;]<\/p>\n","protected":false},"featured_media":4220,"comment_status":"closed","ping_status":"closed","template":"","meta":{"site-sidebar-layout":"default","site-content-layout":"","ast-site-content-layout":"default","site-content-style":"default","site-sidebar-style":"default","ast-global-header-display":"","ast-banner-title-visibility":"","ast-main-header-display":"","ast-hfb-above-header-display":"","ast-hfb-below-header-display":"","ast-hfb-mobile-header-display":"","site-post-title":"","ast-breadcrumbs-content":"","ast-featured-img":"","footer-sml-layout":"","ast-disable-related-posts":"","theme-transparent-header-meta":"default","adv-header-id-meta":"","stick-header-meta":"","header-above-stick-meta":"","header-main-stick-meta":"","header-below-stick-meta":"","astra-migrate-meta-layouts":"set","ast-page-background-enabled":"default","ast-page-background-meta":{"desktop":{"background-color":"","background-image":"","background-repeat":"repeat","background-position":"center center","background-size":"auto","background-attachment":"scroll","background-type":"","background-media":"","overlay-type":"","overlay-color":"","overlay-opacity":"","overlay-gradient":""},"tablet":{"background-color":"","background-image":"","background-repeat":"repeat","background-position":"center center","background-size":"auto","background-attachment":"scroll","background-type":"","background-media":"","overlay-type":"","overlay-color":"","overlay-opacity":"","overlay-gradient":""},"mobile":{"background-color":"","background-image":"","background-repeat":"repeat","background-position":"center center","background-size":"auto","background-attachment":"scroll","background-type":"","background-media":"","overlay-type":"","overlay-color":"","overlay-opacity":"","overlay-gradient":""}},"ast-content-background-meta":{"desktop":{"background-color":"var(--ast-global-color-5)","background-image":"","background-repeat":"repeat","background-position":"center center","background-size":"auto","background-attachment":"scroll","background-type":"","background-media":"","overlay-type":"","overlay-color":"","overlay-opacity":"","overlay-gradient":""},"tablet":{"background-color":"var(--ast-global-color-5)","background-image":"","background-repeat":"repeat","background-position":"center center","background-size":"auto","background-attachment":"scroll","background-type":"","background-media":"","overlay-type":"","overlay-color":"","overlay-opacity":"","overlay-gradient":""},"mobile":{"background-color":"var(--ast-global-color-5)","background-image":"","background-repeat":"repeat","background-position":"center center","background-size":"auto","background-attachment":"scroll","background-type":"","background-media":"","overlay-type":"","overlay-color":"","overlay-opacity":"","overlay-gradient":""}}},"product_brand":[],"product_cat":[39],"product_tag":[113],"class_list":{"0":"post-4219","1":"product","2":"type-product","3":"status-publish","4":"has-post-thumbnail","6":"product_cat-scotch-whisky","7":"product_tag-springbank","8":"desktop-align-center","9":"tablet-align-left","10":"mobile-align-left","12":"first","13":"instock","14":"shipping-taxable","15":"purchasable","16":"product-type-simple"},"yoast_head":"<!-- This site is optimized with the Yoast SEO Premium plugin v24.7 (Yoast SEO v27.3) - https:\/\/yoast.com\/product\/yoast-seo-premium-wordpress\/ -->\n<title>Springbank 2011 Local Barley 11 Year Old 2023 Release<\/title>\n<meta name=\"description\" content=\"Springbank 2011 Local Barley 11 Year Old 2023 Release Springbank distillery is located in Campbeltown, a picturesque Scottish town situated at the\" \/>\n<meta name=\"robots\" content=\"index, follow, max-snippet:-1, max-image-preview:large, max-video-preview:-1\" \/>\n<link rel=\"canonical\" href=\"https:\/\/comprehensiveliquor.com\/fr\/product\/springbank-2011-local-barley-11-year-old-2023-release\/\" \/>\n<meta property=\"og:locale\" content=\"fr_FR\" \/>\n<meta property=\"og:type\" content=\"article\" \/>\n<meta property=\"og:title\" content=\"Springbank 2011 Local Barley 11 Year Old 2023 Release\" \/>\n<meta property=\"og:description\" content=\"Springbank 2011 Local Barley 11 Year Old 2023 Release Springbank distillery is located in Campbeltown, a picturesque Scottish town situated at the\" \/>\n<meta property=\"og:url\" content=\"https:\/\/comprehensiveliquor.com\/fr\/product\/springbank-2011-local-barley-11-year-old-2023-release\/\" \/>\n<meta property=\"og:site_name\" content=\"Comprehensive Liquor\" \/>\n<meta property=\"article:modified_time\" content=\"2023-12-06T12:34:24+00:00\" \/>\n<meta property=\"og:image\" content=\"https:\/\/comprehensiveliquor.com\/wp-content\/uploads\/2023\/12\/image_2023-12-06_131917145-e1701865230646.png\" \/>\n\t<meta property=\"og:image:width\" content=\"651\" \/>\n\t<meta property=\"og:image:height\" content=\"700\" \/>\n\t<meta property=\"og:image:type\" content=\"image\/png\" \/>\n<meta name=\"twitter:card\" content=\"summary_large_image\" \/>\n<meta name=\"twitter:label1\" content=\"Dur\u00e9e de lecture estim\u00e9e\" \/>\n\t<meta name=\"twitter:data1\" content=\"1 minute\" \/>\n<script type=\"application\/ld+json\" class=\"yoast-schema-graph\">{\"@context\":\"https:\\\/\\\/schema.org\",\"@graph\":[{\"@type\":\"WebPage\",\"@id\":\"https:\\\/\\\/comprehensiveliquor.com\\\/product\\\/springbank-2011-local-barley-11-year-old-2023-release\\\/\",\"url\":\"https:\\\/\\\/comprehensiveliquor.com\\\/product\\\/springbank-2011-local-barley-11-year-old-2023-release\\\/\",\"name\":\"Springbank 2011 Local Barley 11 Year Old 2023 Release\",\"isPartOf\":{\"@id\":\"https:\\\/\\\/comprehensiveliquor.com\\\/#website\"},\"primaryImageOfPage\":{\"@id\":\"https:\\\/\\\/comprehensiveliquor.com\\\/product\\\/springbank-2011-local-barley-11-year-old-2023-release\\\/#primaryimage\"},\"image\":{\"@id\":\"https:\\\/\\\/comprehensiveliquor.com\\\/product\\\/springbank-2011-local-barley-11-year-old-2023-release\\\/#primaryimage\"},\"thumbnailUrl\":\"https:\\\/\\\/comprehensiveliquor.com\\\/wp-content\\\/uploads\\\/2023\\\/12\\\/image_2023-12-06_131917145-e1701865230646.png\",\"datePublished\":\"2023-12-06T12:28:11+00:00\",\"dateModified\":\"2023-12-06T12:34:24+00:00\",\"description\":\"Springbank 2011 Local Barley 11 Year Old 2023 Release Springbank distillery is located in Campbeltown, a picturesque Scottish town situated at the\",\"breadcrumb\":{\"@id\":\"https:\\\/\\\/comprehensiveliquor.com\\\/product\\\/springbank-2011-local-barley-11-year-old-2023-release\\\/#breadcrumb\"},\"inLanguage\":\"fr-FR\",\"potentialAction\":[{\"@type\":\"ReadAction\",\"target\":[\"https:\\\/\\\/comprehensiveliquor.com\\\/product\\\/springbank-2011-local-barley-11-year-old-2023-release\\\/\"]}]},{\"@type\":\"ImageObject\",\"inLanguage\":\"fr-FR\",\"@id\":\"https:\\\/\\\/comprehensiveliquor.com\\\/product\\\/springbank-2011-local-barley-11-year-old-2023-release\\\/#primaryimage\",\"url\":\"https:\\\/\\\/comprehensiveliquor.com\\\/wp-content\\\/uploads\\\/2023\\\/12\\\/image_2023-12-06_131917145-e1701865230646.png\",\"contentUrl\":\"https:\\\/\\\/comprehensiveliquor.com\\\/wp-content\\\/uploads\\\/2023\\\/12\\\/image_2023-12-06_131917145-e1701865230646.png\",\"width\":651,\"height\":700,\"caption\":\"#image_title\"},{\"@type\":\"BreadcrumbList\",\"@id\":\"https:\\\/\\\/comprehensiveliquor.com\\\/product\\\/springbank-2011-local-barley-11-year-old-2023-release\\\/#breadcrumb\",\"itemListElement\":[{\"@type\":\"ListItem\",\"position\":1,\"name\":\"Home\",\"item\":\"https:\\\/\\\/comprehensiveliquor.com\\\/\"},{\"@type\":\"ListItem\",\"position\":2,\"name\":\"Shop\",\"item\":\"https:\\\/\\\/comprehensiveliquor.com\\\/shop\\\/\"},{\"@type\":\"ListItem\",\"position\":3,\"name\":\"Springbank 2011 Local Barley 11 Year Old 2023 Release\"}]},{\"@type\":\"WebSite\",\"@id\":\"https:\\\/\\\/comprehensiveliquor.com\\\/#website\",\"url\":\"https:\\\/\\\/comprehensiveliquor.com\\\/\",\"name\":\"Comprehensive Liquor\",\"description\":\"Best Liquor Store\",\"publisher\":{\"@id\":\"https:\\\/\\\/comprehensiveliquor.com\\\/#organization\"},\"alternateName\":\"Comprehensive Liquor Store\",\"potentialAction\":[{\"@type\":\"SearchAction\",\"target\":{\"@type\":\"EntryPoint\",\"urlTemplate\":\"https:\\\/\\\/comprehensiveliquor.com\\\/?s={search_term_string}\"},\"query-input\":{\"@type\":\"PropertyValueSpecification\",\"valueRequired\":true,\"valueName\":\"search_term_string\"}}],\"inLanguage\":\"fr-FR\"},{\"@type\":\"Organization\",\"@id\":\"https:\\\/\\\/comprehensiveliquor.com\\\/#organization\",\"name\":\"Comprehensive Liquor\",\"alternateName\":\"Comprehensive Liquor Store\",\"url\":\"https:\\\/\\\/comprehensiveliquor.com\\\/\",\"logo\":{\"@type\":\"ImageObject\",\"inLanguage\":\"fr-FR\",\"@id\":\"https:\\\/\\\/comprehensiveliquor.com\\\/#\\\/schema\\\/logo\\\/image\\\/\",\"url\":\"https:\\\/\\\/comprehensiveliquor.com\\\/wp-content\\\/uploads\\\/2024\\\/03\\\/cropped-image_2024-03-26_131408877.png\",\"contentUrl\":\"https:\\\/\\\/comprehensiveliquor.com\\\/wp-content\\\/uploads\\\/2024\\\/03\\\/cropped-image_2024-03-26_131408877.png\",\"width\":378,\"height\":263,\"caption\":\"Comprehensive Liquor\"},\"image\":{\"@id\":\"https:\\\/\\\/comprehensiveliquor.com\\\/#\\\/schema\\\/logo\\\/image\\\/\"}}]}<\/script>\n<!-- \/ Yoast SEO Premium plugin. -->","yoast_head_json":{"title":"Springbank 2011 Orge Local 11 ans d'\u00e2ge, sortie en 2023","description":"Springbank 2011 Orge Local 11 ans d'\u00e2ge, sortie en 2023. La distillerie Springbank est situ\u00e9e \u00e0 Campbeltown, une ville \u00e9cossaise pittoresque.","robots":{"index":"index","follow":"follow","max-snippet":"max-snippet:-1","max-image-preview":"max-image-preview:large","max-video-preview":"max-video-preview:-1"},"canonical":"https:\/\/comprehensiveliquor.com\/fr\/product\/springbank-2011-local-barley-11-year-old-2023-release\/","og_locale":"fr_FR","og_type":"article","og_title":"Springbank 2011 Local Barley 11 Year Old 2023 Release","og_description":"Springbank 2011 Local Barley 11 Year Old 2023 Release Springbank distillery is located in Campbeltown, a picturesque Scottish town situated at the","og_url":"https:\/\/comprehensiveliquor.com\/fr\/product\/springbank-2011-local-barley-11-year-old-2023-release\/","og_site_name":"Comprehensive Liquor","article_modified_time":"2023-12-06T12:34:24+00:00","og_image":[{"width":651,"height":700,"url":"https:\/\/comprehensiveliquor.com\/wp-content\/uploads\/2023\/12\/image_2023-12-06_131917145-e1701865230646.png","type":"image\/png"}],"twitter_card":"summary_large_image","twitter_misc":{"Dur\u00e9e de lecture estim\u00e9e":"1 minute"},"schema":{"@context":"https:\/\/schema.org","@graph":[{"@type":"WebPage","@id":"https:\/\/comprehensiveliquor.com\/product\/springbank-2011-local-barley-11-year-old-2023-release\/","url":"https:\/\/comprehensiveliquor.com\/product\/springbank-2011-local-barley-11-year-old-2023-release\/","name":"Springbank 2011 Orge Local 11 ans d'\u00e2ge, sortie en 2023","isPartOf":{"@id":"https:\/\/comprehensiveliquor.com\/#website"},"primaryImageOfPage":{"@id":"https:\/\/comprehensiveliquor.com\/product\/springbank-2011-local-barley-11-year-old-2023-release\/#primaryimage"},"image":{"@id":"https:\/\/comprehensiveliquor.com\/product\/springbank-2011-local-barley-11-year-old-2023-release\/#primaryimage"},"thumbnailUrl":"https:\/\/comprehensiveliquor.com\/wp-content\/uploads\/2023\/12\/image_2023-12-06_131917145-e1701865230646.png","datePublished":"2023-12-06T12:28:11+00:00","dateModified":"2023-12-06T12:34:24+00:00","description":"Springbank 2011 Orge Local 11 ans d'\u00e2ge, sortie en 2023. La distillerie Springbank est situ\u00e9e \u00e0 Campbeltown, une ville \u00e9cossaise pittoresque.","breadcrumb":{"@id":"https:\/\/comprehensiveliquor.com\/product\/springbank-2011-local-barley-11-year-old-2023-release\/#breadcrumb"},"inLanguage":"fr-FR","potentialAction":[{"@type":"ReadAction","target":["https:\/\/comprehensiveliquor.com\/product\/springbank-2011-local-barley-11-year-old-2023-release\/"]}]},{"@type":"ImageObject","inLanguage":"fr-FR","@id":"https:\/\/comprehensiveliquor.com\/product\/springbank-2011-local-barley-11-year-old-2023-release\/#primaryimage","url":"https:\/\/comprehensiveliquor.com\/wp-content\/uploads\/2023\/12\/image_2023-12-06_131917145-e1701865230646.png","contentUrl":"https:\/\/comprehensiveliquor.com\/wp-content\/uploads\/2023\/12\/image_2023-12-06_131917145-e1701865230646.png","width":651,"height":700,"caption":"#image_title"},{"@type":"BreadcrumbList","@id":"https:\/\/comprehensiveliquor.com\/product\/springbank-2011-local-barley-11-year-old-2023-release\/#breadcrumb","itemListElement":[{"@type":"ListItem","position":1,"name":"Home","item":"https:\/\/comprehensiveliquor.com\/"},{"@type":"ListItem","position":2,"name":"Shop","item":"https:\/\/comprehensiveliquor.com\/shop\/"},{"@type":"ListItem","position":3,"name":"Springbank 2011 Local Barley 11 Year Old 2023 Release"}]},{"@type":"WebSite","@id":"https:\/\/comprehensiveliquor.com\/#website","url":"https:\/\/comprehensiveliquor.com\/","name":"Alcool complet","description":"Best Liquor Store","publisher":{"@id":"https:\/\/comprehensiveliquor.com\/#organization"},"alternateName":"Comprehensive Liquor Store","potentialAction":[{"@type":"SearchAction","target":{"@type":"EntryPoint","urlTemplate":"https:\/\/comprehensiveliquor.com\/?s={search_term_string}"},"query-input":{"@type":"PropertyValueSpecification","valueRequired":true,"valueName":"search_term_string"}}],"inLanguage":"fr-FR"},{"@type":"Organization","@id":"https:\/\/comprehensiveliquor.com\/#organization","name":"Alcool complet","alternateName":"Comprehensive Liquor Store","url":"https:\/\/comprehensiveliquor.com\/","logo":{"@type":"ImageObject","inLanguage":"fr-FR","@id":"https:\/\/comprehensiveliquor.com\/#\/schema\/logo\/image\/","url":"https:\/\/comprehensiveliquor.com\/wp-content\/uploads\/2024\/03\/cropped-image_2024-03-26_131408877.png","contentUrl":"https:\/\/comprehensiveliquor.com\/wp-content\/uploads\/2024\/03\/cropped-image_2024-03-26_131408877.png","width":378,"height":263,"caption":"Comprehensive Liquor"},"image":{"@id":"https:\/\/comprehensiveliquor.com\/#\/schema\/logo\/image\/"}}]}},"_links":{"self":[{"href":"https:\/\/comprehensiveliquor.com\/fr\/wp-json\/wp\/v2\/product\/4219","targetHints":{"allow":["GET"]}}],"collection":[{"href":"https:\/\/comprehensiveliquor.com\/fr\/wp-json\/wp\/v2\/product"}],"about":[{"href":"https:\/\/comprehensiveliquor.com\/fr\/wp-json\/wp\/v2\/types\/product"}],"replies":[{"embeddable":true,"href":"https:\/\/comprehensiveliquor.com\/fr\/wp-json\/wp\/v2\/comments?post=4219"}],"wp:featuredmedia":[{"embeddable":true,"href":"https:\/\/comprehensiveliquor.com\/fr\/wp-json\/wp\/v2\/media\/4220"}],"wp:attachment":[{"href":"https:\/\/comprehensiveliquor.com\/fr\/wp-json\/wp\/v2\/media?parent=4219"}],"wp:term":[{"taxonomy":"product_brand","embeddable":true,"href":"https:\/\/comprehensiveliquor.com\/fr\/wp-json\/wp\/v2\/product_brand?post=4219"},{"taxonomy":"product_cat","embeddable":true,"href":"https:\/\/comprehensiveliquor.com\/fr\/wp-json\/wp\/v2\/product_cat?post=4219"},{"taxonomy":"product_tag","embeddable":true,"href":"https:\/\/comprehensiveliquor.com\/fr\/wp-json\/wp\/v2\/product_tag?post=4219"}],"curies":[{"name":"wp","href":"https:\/\/api.w.org\/{rel}","templated":true}]}}