{"id":4909,"date":"2025-11-14T13:34:25","date_gmt":"2025-11-14T13:34:25","guid":{"rendered":"https:\/\/comprehensiveliquor.com\/?post_type=product&#038;p=4909"},"modified":"2025-11-14T13:35:11","modified_gmt":"2025-11-14T13:35:11","slug":"dailuaine-21-year-old-special-release-2025","status":"publish","type":"product","link":"https:\/\/comprehensiveliquor.com\/fr\/product\/dailuaine-21-year-old-special-release-2025\/","title":{"rendered":"Dailuaine 21 ans \u00c9dition Sp\u00e9ciale 2025"},"content":{"rendered":"<h3>Dailuaine 21 ans \u00c9dition Sp\u00e9ciale 2025 Description<\/h3>\n<div class=\"section-content\">\n<p>D\u00e9couvrez Dailuaine 21 ans Marbled Treasures, une \u00e9dition limit\u00e9e de la collection \u00ab Horizons Unbound \u00bb de Diageo, une s\u00e9rie sp\u00e9ciale de whiskies single malt \u00e9cossais mill\u00e9sim\u00e9s 2025. Embouteill\u00e9 \u00e0 54,8 % vol., ce whisky rare est une pi\u00e8ce unique vieillie en f\u00fbts de sherry espagnol. Il r\u00e9v\u00e8le des ar\u00f4mes complexes de fruits secs, de pomme cuite et d'\u00e9pices parfum\u00e9es, avec une texture g\u00e9n\u00e9reuse et velout\u00e9e. \u00c9l\u00e9gant et puissant \u00e0 la fois, il exprime toute la richesse et la profondeur du caract\u00e8re du Speyside.<\/p>\n<\/div>\n<p>&nbsp;<\/p>\n<h3>Attributs<\/h3>\n<table>\n<tbody>\n<tr>\n<td><b>Cat\u00e9gorie<\/b><\/td>\n<td><a href=\"https:\/\/comprehensiveliquor.com\/fr\/product-category\/scotch-whisky\/\">Scotch Whiskey<\/a><\/td>\n<\/tr>\n<tr>\n<td>Region<\/td>\n<td>Speyside<\/td>\n<\/tr>\n<tr>\n<td><strong>ABV<\/strong><\/td>\n<td>54.3%<\/td>\n<\/tr>\n<tr>\n<td><strong>Cask Type<\/strong><\/td>\n<td><a href=\"https:\/\/comprehensiveliquor.com\/fr\/product-category\/single-malt-whisky\/\">Scotch Single Malt<\/a><\/td>\n<\/tr>\n<tr>\n<td><strong>Size<\/strong><\/td>\n<td>70cl<\/td>\n<\/tr>\n<tr>\n<td><strong>Age Statement<\/strong><\/td>\n<td>21 Year Old<\/td>\n<\/tr>\n<\/tbody>\n<\/table>","protected":false},"excerpt":{"rendered":"<p>Dailuaine 21 Year Old Special Release 2025 Description Introducing Dailuaine 21 Year Old Marbled Treasures, part of Diageo\u2019s \u2018Horizons Unbound\u2019 &#8211; the 2025 special releases single malt scotch whisky collection. Bottled at 54.8% ABV, is a rare one-off release matured in Spanish ex-sherry casks. It reveals robust layers of dried fruit, baked apple and fragrant [&hellip;]<\/p>\n","protected":false},"featured_media":4911,"comment_status":"closed","ping_status":"closed","template":"","meta":{"site-sidebar-layout":"default","site-content-layout":"","ast-site-content-layout":"default","site-content-style":"default","site-sidebar-style":"default","ast-global-header-display":"","ast-banner-title-visibility":"","ast-main-header-display":"","ast-hfb-above-header-display":"","ast-hfb-below-header-display":"","ast-hfb-mobile-header-display":"","site-post-title":"","ast-breadcrumbs-content":"","ast-featured-img":"","footer-sml-layout":"","ast-disable-related-posts":"","theme-transparent-header-meta":"default","adv-header-id-meta":"","stick-header-meta":"","header-above-stick-meta":"","header-main-stick-meta":"","header-below-stick-meta":"","astra-migrate-meta-layouts":"set","ast-page-background-enabled":"default","ast-page-background-meta":{"desktop":{"background-color":"","background-image":"","background-repeat":"repeat","background-position":"center center","background-size":"auto","background-attachment":"scroll","background-type":"","background-media":"","overlay-type":"","overlay-color":"","overlay-opacity":"","overlay-gradient":""},"tablet":{"background-color":"","background-image":"","background-repeat":"repeat","background-position":"center center","background-size":"auto","background-attachment":"scroll","background-type":"","background-media":"","overlay-type":"","overlay-color":"","overlay-opacity":"","overlay-gradient":""},"mobile":{"background-color":"","background-image":"","background-repeat":"repeat","background-position":"center center","background-size":"auto","background-attachment":"scroll","background-type":"","background-media":"","overlay-type":"","overlay-color":"","overlay-opacity":"","overlay-gradient":""}},"ast-content-background-meta":{"desktop":{"background-color":"var(--ast-global-color-5)","background-image":"","background-repeat":"repeat","background-position":"center center","background-size":"auto","background-attachment":"scroll","background-type":"","background-media":"","overlay-type":"","overlay-color":"","overlay-opacity":"","overlay-gradient":""},"tablet":{"background-color":"var(--ast-global-color-5)","background-image":"","background-repeat":"repeat","background-position":"center center","background-size":"auto","background-attachment":"scroll","background-type":"","background-media":"","overlay-type":"","overlay-color":"","overlay-opacity":"","overlay-gradient":""},"mobile":{"background-color":"var(--ast-global-color-5)","background-image":"","background-repeat":"repeat","background-position":"center center","background-size":"auto","background-attachment":"scroll","background-type":"","background-media":"","overlay-type":"","overlay-color":"","overlay-opacity":"","overlay-gradient":""}}},"product_brand":[],"product_cat":[39,61],"product_tag":[],"class_list":{"0":"post-4909","1":"product","2":"type-product","3":"status-publish","4":"has-post-thumbnail","6":"product_cat-scotch-whisky","7":"product_cat-speyside","8":"desktop-align-center","9":"tablet-align-left","10":"mobile-align-left","12":"first","13":"instock","14":"shipping-taxable","15":"purchasable","16":"product-type-simple"},"yoast_head":"<!-- This site is optimized with the Yoast SEO Premium plugin v24.7 (Yoast SEO v27.4) - https:\/\/yoast.com\/product\/yoast-seo-premium-wordpress\/ -->\n<title>Dailuaine 21 Year Old Special Release 2025<\/title>\n<meta name=\"description\" content=\"Dailuaine 21 Year Old Special Release 2025 Description Introducing Dailuaine 21 Year Old Marbled Treasures, part of Diageo\u2019s \u2018Horizons Unbound\u2019 - the 2025\" \/>\n<meta name=\"robots\" content=\"index, follow, max-snippet:-1, max-image-preview:large, max-video-preview:-1\" \/>\n<link rel=\"canonical\" href=\"https:\/\/comprehensiveliquor.com\/fr\/product\/dailuaine-21-year-old-special-release-2025\/\" \/>\n<meta property=\"og:locale\" content=\"fr_FR\" \/>\n<meta property=\"og:type\" content=\"article\" \/>\n<meta property=\"og:title\" content=\"Dailuaine 21 Year Old Special Release 2025\" \/>\n<meta property=\"og:description\" content=\"Dailuaine 21 Year Old Special Release 2025 Description Introducing Dailuaine 21 Year Old Marbled Treasures, part of Diageo\u2019s \u2018Horizons Unbound\u2019 - the 2025\" \/>\n<meta property=\"og:url\" content=\"https:\/\/comprehensiveliquor.com\/fr\/product\/dailuaine-21-year-old-special-release-2025\/\" \/>\n<meta property=\"og:site_name\" content=\"Comprehensive Liquor\" \/>\n<meta property=\"article:modified_time\" content=\"2025-11-14T13:35:11+00:00\" \/>\n<meta property=\"og:image\" content=\"https:\/\/comprehensiveliquor.com\/wp-content\/uploads\/2025\/11\/dailuaine_21yo_special_release_2025_ps-1.jpg\" \/>\n\t<meta property=\"og:image:width\" content=\"700\" \/>\n\t<meta property=\"og:image:height\" content=\"700\" \/>\n\t<meta property=\"og:image:type\" content=\"image\/jpeg\" \/>\n<meta name=\"twitter:card\" content=\"summary_large_image\" \/>\n<meta name=\"twitter:label1\" content=\"Dur\u00e9e de lecture estim\u00e9e\" \/>\n\t<meta name=\"twitter:data1\" content=\"1 minute\" \/>\n<script type=\"application\/ld+json\" class=\"yoast-schema-graph\">{\"@context\":\"https:\\\/\\\/schema.org\",\"@graph\":[{\"@type\":\"WebPage\",\"@id\":\"https:\\\/\\\/comprehensiveliquor.com\\\/product\\\/dailuaine-21-year-old-special-release-2025\\\/\",\"url\":\"https:\\\/\\\/comprehensiveliquor.com\\\/product\\\/dailuaine-21-year-old-special-release-2025\\\/\",\"name\":\"Dailuaine 21 Year Old Special Release 2025\",\"isPartOf\":{\"@id\":\"https:\\\/\\\/comprehensiveliquor.com\\\/#website\"},\"primaryImageOfPage\":{\"@id\":\"https:\\\/\\\/comprehensiveliquor.com\\\/product\\\/dailuaine-21-year-old-special-release-2025\\\/#primaryimage\"},\"image\":{\"@id\":\"https:\\\/\\\/comprehensiveliquor.com\\\/product\\\/dailuaine-21-year-old-special-release-2025\\\/#primaryimage\"},\"thumbnailUrl\":\"https:\\\/\\\/comprehensiveliquor.com\\\/wp-content\\\/uploads\\\/2025\\\/11\\\/dailuaine_21yo_special_release_2025_ps-1.jpg\",\"datePublished\":\"2025-11-14T13:34:25+00:00\",\"dateModified\":\"2025-11-14T13:35:11+00:00\",\"description\":\"Dailuaine 21 Year Old Special Release 2025 Description Introducing Dailuaine 21 Year Old Marbled Treasures, part of Diageo\u2019s \u2018Horizons Unbound\u2019 - the 2025\",\"breadcrumb\":{\"@id\":\"https:\\\/\\\/comprehensiveliquor.com\\\/product\\\/dailuaine-21-year-old-special-release-2025\\\/#breadcrumb\"},\"inLanguage\":\"fr-FR\",\"potentialAction\":[{\"@type\":\"ReadAction\",\"target\":[\"https:\\\/\\\/comprehensiveliquor.com\\\/product\\\/dailuaine-21-year-old-special-release-2025\\\/\"]}]},{\"@type\":\"ImageObject\",\"inLanguage\":\"fr-FR\",\"@id\":\"https:\\\/\\\/comprehensiveliquor.com\\\/product\\\/dailuaine-21-year-old-special-release-2025\\\/#primaryimage\",\"url\":\"https:\\\/\\\/comprehensiveliquor.com\\\/wp-content\\\/uploads\\\/2025\\\/11\\\/dailuaine_21yo_special_release_2025_ps-1.jpg\",\"contentUrl\":\"https:\\\/\\\/comprehensiveliquor.com\\\/wp-content\\\/uploads\\\/2025\\\/11\\\/dailuaine_21yo_special_release_2025_ps-1.jpg\",\"width\":700,\"height\":700,\"caption\":\"Dailuaine 21 Year Old Special Release 2025 bottle\"},{\"@type\":\"BreadcrumbList\",\"@id\":\"https:\\\/\\\/comprehensiveliquor.com\\\/product\\\/dailuaine-21-year-old-special-release-2025\\\/#breadcrumb\",\"itemListElement\":[{\"@type\":\"ListItem\",\"position\":1,\"name\":\"Home\",\"item\":\"https:\\\/\\\/comprehensiveliquor.com\\\/\"},{\"@type\":\"ListItem\",\"position\":2,\"name\":\"Shop\",\"item\":\"https:\\\/\\\/comprehensiveliquor.com\\\/shop\\\/\"},{\"@type\":\"ListItem\",\"position\":3,\"name\":\"Dailuaine 21 Year Old Special Release 2025\"}]},{\"@type\":\"WebSite\",\"@id\":\"https:\\\/\\\/comprehensiveliquor.com\\\/#website\",\"url\":\"https:\\\/\\\/comprehensiveliquor.com\\\/\",\"name\":\"Comprehensive Liquor\",\"description\":\"Best Liquor Store\",\"publisher\":{\"@id\":\"https:\\\/\\\/comprehensiveliquor.com\\\/#organization\"},\"alternateName\":\"Comprehensive Liquor Store\",\"potentialAction\":[{\"@type\":\"SearchAction\",\"target\":{\"@type\":\"EntryPoint\",\"urlTemplate\":\"https:\\\/\\\/comprehensiveliquor.com\\\/?s={search_term_string}\"},\"query-input\":{\"@type\":\"PropertyValueSpecification\",\"valueRequired\":true,\"valueName\":\"search_term_string\"}}],\"inLanguage\":\"fr-FR\"},{\"@type\":\"Organization\",\"@id\":\"https:\\\/\\\/comprehensiveliquor.com\\\/#organization\",\"name\":\"Comprehensive Liquor\",\"alternateName\":\"Comprehensive Liquor Store\",\"url\":\"https:\\\/\\\/comprehensiveliquor.com\\\/\",\"logo\":{\"@type\":\"ImageObject\",\"inLanguage\":\"fr-FR\",\"@id\":\"https:\\\/\\\/comprehensiveliquor.com\\\/#\\\/schema\\\/logo\\\/image\\\/\",\"url\":\"https:\\\/\\\/comprehensiveliquor.com\\\/wp-content\\\/uploads\\\/2024\\\/03\\\/cropped-image_2024-03-26_131408877.png\",\"contentUrl\":\"https:\\\/\\\/comprehensiveliquor.com\\\/wp-content\\\/uploads\\\/2024\\\/03\\\/cropped-image_2024-03-26_131408877.png\",\"width\":378,\"height\":263,\"caption\":\"Comprehensive Liquor\"},\"image\":{\"@id\":\"https:\\\/\\\/comprehensiveliquor.com\\\/#\\\/schema\\\/logo\\\/image\\\/\"}}]}<\/script>\n<!-- \/ Yoast SEO Premium plugin. -->","yoast_head_json":{"title":"Dailuaine 21 ans \u00c9dition Sp\u00e9ciale 2025","description":"Dailuaine 21 ans \u00c9dition Sp\u00e9ciale 2025 - Description : D\u00e9couvrez Dailuaine 21 ans Marbled Treasures, une \u00e9dition sp\u00e9ciale 2025 de Diageo, issue de la collection \u00ab Horizons Unbound \u00bb.","robots":{"index":"index","follow":"follow","max-snippet":"max-snippet:-1","max-image-preview":"max-image-preview:large","max-video-preview":"max-video-preview:-1"},"canonical":"https:\/\/comprehensiveliquor.com\/fr\/product\/dailuaine-21-year-old-special-release-2025\/","og_locale":"fr_FR","og_type":"article","og_title":"Dailuaine 21 Year Old Special Release 2025","og_description":"Dailuaine 21 Year Old Special Release 2025 Description Introducing Dailuaine 21 Year Old Marbled Treasures, part of Diageo\u2019s \u2018Horizons Unbound\u2019 - the 2025","og_url":"https:\/\/comprehensiveliquor.com\/fr\/product\/dailuaine-21-year-old-special-release-2025\/","og_site_name":"Comprehensive Liquor","article_modified_time":"2025-11-14T13:35:11+00:00","og_image":[{"width":700,"height":700,"url":"https:\/\/comprehensiveliquor.com\/wp-content\/uploads\/2025\/11\/dailuaine_21yo_special_release_2025_ps-1.jpg","type":"image\/jpeg"}],"twitter_card":"summary_large_image","twitter_misc":{"Dur\u00e9e de lecture estim\u00e9e":"1 minute"},"schema":{"@context":"https:\/\/schema.org","@graph":[{"@type":"WebPage","@id":"https:\/\/comprehensiveliquor.com\/product\/dailuaine-21-year-old-special-release-2025\/","url":"https:\/\/comprehensiveliquor.com\/product\/dailuaine-21-year-old-special-release-2025\/","name":"Dailuaine 21 ans \u00c9dition Sp\u00e9ciale 2025","isPartOf":{"@id":"https:\/\/comprehensiveliquor.com\/#website"},"primaryImageOfPage":{"@id":"https:\/\/comprehensiveliquor.com\/product\/dailuaine-21-year-old-special-release-2025\/#primaryimage"},"image":{"@id":"https:\/\/comprehensiveliquor.com\/product\/dailuaine-21-year-old-special-release-2025\/#primaryimage"},"thumbnailUrl":"https:\/\/comprehensiveliquor.com\/wp-content\/uploads\/2025\/11\/dailuaine_21yo_special_release_2025_ps-1.jpg","datePublished":"2025-11-14T13:34:25+00:00","dateModified":"2025-11-14T13:35:11+00:00","description":"Dailuaine 21 ans \u00c9dition Sp\u00e9ciale 2025 - Description : D\u00e9couvrez Dailuaine 21 ans Marbled Treasures, une \u00e9dition sp\u00e9ciale 2025 de Diageo, issue de la collection \u00ab Horizons Unbound \u00bb.","breadcrumb":{"@id":"https:\/\/comprehensiveliquor.com\/product\/dailuaine-21-year-old-special-release-2025\/#breadcrumb"},"inLanguage":"fr-FR","potentialAction":[{"@type":"ReadAction","target":["https:\/\/comprehensiveliquor.com\/product\/dailuaine-21-year-old-special-release-2025\/"]}]},{"@type":"ImageObject","inLanguage":"fr-FR","@id":"https:\/\/comprehensiveliquor.com\/product\/dailuaine-21-year-old-special-release-2025\/#primaryimage","url":"https:\/\/comprehensiveliquor.com\/wp-content\/uploads\/2025\/11\/dailuaine_21yo_special_release_2025_ps-1.jpg","contentUrl":"https:\/\/comprehensiveliquor.com\/wp-content\/uploads\/2025\/11\/dailuaine_21yo_special_release_2025_ps-1.jpg","width":700,"height":700,"caption":"Dailuaine 21 Year Old Special Release 2025 bottle"},{"@type":"BreadcrumbList","@id":"https:\/\/comprehensiveliquor.com\/product\/dailuaine-21-year-old-special-release-2025\/#breadcrumb","itemListElement":[{"@type":"ListItem","position":1,"name":"Home","item":"https:\/\/comprehensiveliquor.com\/"},{"@type":"ListItem","position":2,"name":"Shop","item":"https:\/\/comprehensiveliquor.com\/shop\/"},{"@type":"ListItem","position":3,"name":"Dailuaine 21 Year Old Special Release 2025"}]},{"@type":"WebSite","@id":"https:\/\/comprehensiveliquor.com\/#website","url":"https:\/\/comprehensiveliquor.com\/","name":"Alcool complet","description":"Best Liquor Store","publisher":{"@id":"https:\/\/comprehensiveliquor.com\/#organization"},"alternateName":"Comprehensive Liquor Store","potentialAction":[{"@type":"SearchAction","target":{"@type":"EntryPoint","urlTemplate":"https:\/\/comprehensiveliquor.com\/?s={search_term_string}"},"query-input":{"@type":"PropertyValueSpecification","valueRequired":true,"valueName":"search_term_string"}}],"inLanguage":"fr-FR"},{"@type":"Organization","@id":"https:\/\/comprehensiveliquor.com\/#organization","name":"Alcool complet","alternateName":"Comprehensive Liquor Store","url":"https:\/\/comprehensiveliquor.com\/","logo":{"@type":"ImageObject","inLanguage":"fr-FR","@id":"https:\/\/comprehensiveliquor.com\/#\/schema\/logo\/image\/","url":"https:\/\/comprehensiveliquor.com\/wp-content\/uploads\/2024\/03\/cropped-image_2024-03-26_131408877.png","contentUrl":"https:\/\/comprehensiveliquor.com\/wp-content\/uploads\/2024\/03\/cropped-image_2024-03-26_131408877.png","width":378,"height":263,"caption":"Comprehensive Liquor"},"image":{"@id":"https:\/\/comprehensiveliquor.com\/#\/schema\/logo\/image\/"}}]}},"_links":{"self":[{"href":"https:\/\/comprehensiveliquor.com\/fr\/wp-json\/wp\/v2\/product\/4909","targetHints":{"allow":["GET"]}}],"collection":[{"href":"https:\/\/comprehensiveliquor.com\/fr\/wp-json\/wp\/v2\/product"}],"about":[{"href":"https:\/\/comprehensiveliquor.com\/fr\/wp-json\/wp\/v2\/types\/product"}],"replies":[{"embeddable":true,"href":"https:\/\/comprehensiveliquor.com\/fr\/wp-json\/wp\/v2\/comments?post=4909"}],"wp:featuredmedia":[{"embeddable":true,"href":"https:\/\/comprehensiveliquor.com\/fr\/wp-json\/wp\/v2\/media\/4911"}],"wp:attachment":[{"href":"https:\/\/comprehensiveliquor.com\/fr\/wp-json\/wp\/v2\/media?parent=4909"}],"wp:term":[{"taxonomy":"product_brand","embeddable":true,"href":"https:\/\/comprehensiveliquor.com\/fr\/wp-json\/wp\/v2\/product_brand?post=4909"},{"taxonomy":"product_cat","embeddable":true,"href":"https:\/\/comprehensiveliquor.com\/fr\/wp-json\/wp\/v2\/product_cat?post=4909"},{"taxonomy":"product_tag","embeddable":true,"href":"https:\/\/comprehensiveliquor.com\/fr\/wp-json\/wp\/v2\/product_tag?post=4909"}],"curies":[{"name":"wp","href":"https:\/\/api.w.org\/{rel}","templated":true}]}}