{"id":2074,"date":"2022-10-15T18:04:23","date_gmt":"2022-10-15T18:04:23","guid":{"rendered":"https:\/\/comprehensiveliquor.com\/?post_type=product&#038;p=2074"},"modified":"2023-08-19T21:40:30","modified_gmt":"2023-08-19T21:40:30","slug":"diplomatico-reserva-exclusiva-rum","status":"publish","type":"product","link":"https:\/\/comprehensiveliquor.com\/hr\/product\/diplomatico-reserva-exclusiva-rum\/","title":{"rendered":"Diplomatico Reserva Exclusiva Rum"},"content":{"rendered":"<h2 style=\"color: #252525;\"><strong>Diplomatski venezuelski rezervni rum 70cl\/40%<\/strong><\/h2>\n<p style=\"color: #252525;\"><span style=\"color: #252525;\">U Venezueli se rum destilira iz melase u starim bakrenim kotlovima, a zatim odle\u017eava do 12 godina u malim hrastovim ba\u010dvama.<\/span><\/p>\n<p style=\"color: #252525;\"><span style=\"color: #252525;\">Okus je sladak i bogat te je savr\u0161en za ispijanje ili u koktelima poput staromodnog ruma.<\/span><\/p>\n<p>Posebno veli\u010danstven i rasko\u0161an venezuelanski rum za ispijanje, proizveden u podno\u017eju Anda u Venezueli, zove se Diplomatico Reserva Exclusiva Rum. Reserva Exclusiva napravljen je od mje\u0161avine 80% te\u0161kog ruma destiliranog u loncu i 20% laganog ruma. To mu daje bar\u0161unastu, kremastu teksturu, \u0161to ga \u010dini idealnim za pi\u0107e u \u010distom obliku. Diplomatico, obiteljski u vlasni\u0161tvu i pod upravom u Venezueli, nadgleda cijeli proces proizvodnje od polja do boce, vode\u0107i ra\u010duna o zajednici i okoli\u0161u. Njegove prakse odr\u017eivosti su prepoznate. Mje\u0161avina vrhunskih rezervi ruma odle\u017eanih do 12 godina u raznim vrstama ba\u010dvi. Tamna \u010dokolada, kava, kora naran\u010de, za\u010dinjeni vo\u0107ni kola\u010d i sladi\u0107 su me\u0111u njegovim aromama.<\/p>\n<h5>Atributi<\/h5>\n<table>\n<tbody>\n<tr>\n<td><strong>Distillery\/Brand<\/strong><\/td>\n<td><a href=\"https:\/\/rondiplomatico.com\">Diplomatico<\/a><\/td>\n<\/tr>\n<tr>\n<td><strong>Bottler<\/strong><\/td>\n<td>Distillery<\/td>\n<\/tr>\n<tr>\n<td><strong>Country<\/strong><\/td>\n<td>Venezuela<\/td>\n<\/tr>\n<tr>\n<td><strong>Bottle Size<\/strong><\/td>\n<td>70cl<\/td>\n<\/tr>\n<tr>\n<td><strong>ABV<\/strong><\/td>\n<td>40%<\/td>\n<\/tr>\n<\/tbody>\n<\/table>","protected":false},"excerpt":{"rendered":"<p>Diplomatico Reserva Venezuelan Rum 70cl\/40% In Venezuela, rum is distilled from molasses in ancient copper pot stills and then aged for up to 12 years in small oak casks. The flavour is sweet and rich and so perfect for sipping or in cocktails such as a rum old fashioned. A particularly magnificent and opulent Venezuelan [&hellip;]<\/p>\n","protected":false},"featured_media":2075,"comment_status":"open","ping_status":"closed","template":"","meta":{"site-sidebar-layout":"default","site-content-layout":"default","ast-site-content-layout":"default","site-content-style":"default","site-sidebar-style":"default","ast-global-header-display":"","ast-banner-title-visibility":"","ast-main-header-display":"","ast-hfb-above-header-display":"","ast-hfb-below-header-display":"","ast-hfb-mobile-header-display":"","site-post-title":"","ast-breadcrumbs-content":"","ast-featured-img":"","footer-sml-layout":"","ast-disable-related-posts":"","theme-transparent-header-meta":"default","adv-header-id-meta":"","stick-header-meta":"","header-above-stick-meta":"","header-main-stick-meta":"","header-below-stick-meta":"","astra-migrate-meta-layouts":"default","ast-page-background-enabled":"default","ast-page-background-meta":{"desktop":{"background-color":"","background-image":"","background-repeat":"repeat","background-position":"center center","background-size":"auto","background-attachment":"scroll","background-type":"","background-media":"","overlay-type":"","overlay-color":"","overlay-opacity":"","overlay-gradient":""},"tablet":{"background-color":"","background-image":"","background-repeat":"repeat","background-position":"center center","background-size":"auto","background-attachment":"scroll","background-type":"","background-media":"","overlay-type":"","overlay-color":"","overlay-opacity":"","overlay-gradient":""},"mobile":{"background-color":"","background-image":"","background-repeat":"repeat","background-position":"center center","background-size":"auto","background-attachment":"scroll","background-type":"","background-media":"","overlay-type":"","overlay-color":"","overlay-opacity":"","overlay-gradient":""}},"ast-content-background-meta":{"desktop":{"background-color":"var(--ast-global-color-5)","background-image":"","background-repeat":"repeat","background-position":"center center","background-size":"auto","background-attachment":"scroll","background-type":"","background-media":"","overlay-type":"","overlay-color":"","overlay-opacity":"","overlay-gradient":""},"tablet":{"background-color":"var(--ast-global-color-5)","background-image":"","background-repeat":"repeat","background-position":"center center","background-size":"auto","background-attachment":"scroll","background-type":"","background-media":"","overlay-type":"","overlay-color":"","overlay-opacity":"","overlay-gradient":""},"mobile":{"background-color":"var(--ast-global-color-5)","background-image":"","background-repeat":"repeat","background-position":"center center","background-size":"auto","background-attachment":"scroll","background-type":"","background-media":"","overlay-type":"","overlay-color":"","overlay-opacity":"","overlay-gradient":""}}},"product_brand":[],"product_cat":[50],"product_tag":[],"class_list":{"0":"post-2074","1":"product","2":"type-product","3":"status-publish","4":"has-post-thumbnail","6":"product_cat-rum","7":"desktop-align-center","8":"tablet-align-left","9":"mobile-align-left","11":"first","12":"instock","13":"shipping-taxable","14":"purchasable","15":"product-type-simple"},"yoast_head":"<!-- This site is optimized with the Yoast SEO Premium plugin v24.7 (Yoast SEO v27.3) - https:\/\/yoast.com\/product\/yoast-seo-premium-wordpress\/ -->\n<title>Diplomatico Reserva Exclusiva Rum<\/title>\n<meta name=\"description\" content=\"Diplomatico Reserva Venezuelan Rum 70cl\/40% In Venezuela, rum is distilled from molasses in ancient copper pot stills and then aged for up to 12 years in\" \/>\n<meta name=\"robots\" content=\"index, follow, max-snippet:-1, max-image-preview:large, max-video-preview:-1\" \/>\n<link rel=\"canonical\" href=\"https:\/\/comprehensiveliquor.com\/hr\/product\/diplomatico-reserva-exclusiva-rum\/\" \/>\n<meta property=\"og:locale\" content=\"hr_HR\" \/>\n<meta property=\"og:type\" content=\"article\" \/>\n<meta property=\"og:title\" content=\"Diplomatico Reserva Exclusiva Rum\" \/>\n<meta property=\"og:description\" content=\"Diplomatico Reserva Venezuelan Rum 70cl\/40% In Venezuela, rum is distilled from molasses in ancient copper pot stills and then aged for up to 12 years in\" \/>\n<meta property=\"og:url\" content=\"https:\/\/comprehensiveliquor.com\/hr\/product\/diplomatico-reserva-exclusiva-rum\/\" \/>\n<meta property=\"og:site_name\" content=\"Comprehensive Liquor\" \/>\n<meta property=\"article:modified_time\" content=\"2023-08-19T21:40:30+00:00\" \/>\n<meta property=\"og:image\" content=\"https:\/\/comprehensiveliquor.com\/wp-content\/uploads\/2022\/10\/image_2022-10-15_190226537.png\" \/>\n\t<meta property=\"og:image:width\" content=\"480\" \/>\n\t<meta property=\"og:image:height\" content=\"608\" \/>\n\t<meta property=\"og:image:type\" content=\"image\/png\" \/>\n<meta name=\"twitter:card\" content=\"summary_large_image\" \/>\n<meta name=\"twitter:label1\" content=\"Procijenjeno vrijeme \u010ditanja\" \/>\n\t<meta name=\"twitter:data1\" content=\"1 minuta\" \/>\n<script type=\"application\/ld+json\" class=\"yoast-schema-graph\">{\"@context\":\"https:\\\/\\\/schema.org\",\"@graph\":[{\"@type\":\"WebPage\",\"@id\":\"https:\\\/\\\/comprehensiveliquor.com\\\/product\\\/diplomatico-reserva-exclusiva-rum\\\/\",\"url\":\"https:\\\/\\\/comprehensiveliquor.com\\\/product\\\/diplomatico-reserva-exclusiva-rum\\\/\",\"name\":\"Diplomatico Reserva Exclusiva Rum\",\"isPartOf\":{\"@id\":\"https:\\\/\\\/comprehensiveliquor.com\\\/#website\"},\"primaryImageOfPage\":{\"@id\":\"https:\\\/\\\/comprehensiveliquor.com\\\/product\\\/diplomatico-reserva-exclusiva-rum\\\/#primaryimage\"},\"image\":{\"@id\":\"https:\\\/\\\/comprehensiveliquor.com\\\/product\\\/diplomatico-reserva-exclusiva-rum\\\/#primaryimage\"},\"thumbnailUrl\":\"https:\\\/\\\/comprehensiveliquor.com\\\/wp-content\\\/uploads\\\/2022\\\/10\\\/image_2022-10-15_190226537.png\",\"datePublished\":\"2022-10-15T18:04:23+00:00\",\"dateModified\":\"2023-08-19T21:40:30+00:00\",\"description\":\"Diplomatico Reserva Venezuelan Rum 70cl\\\/40% In Venezuela, rum is distilled from molasses in ancient copper pot stills and then aged for up to 12 years in\",\"breadcrumb\":{\"@id\":\"https:\\\/\\\/comprehensiveliquor.com\\\/product\\\/diplomatico-reserva-exclusiva-rum\\\/#breadcrumb\"},\"inLanguage\":\"hr\",\"potentialAction\":[{\"@type\":\"ReadAction\",\"target\":[\"https:\\\/\\\/comprehensiveliquor.com\\\/product\\\/diplomatico-reserva-exclusiva-rum\\\/\"]}]},{\"@type\":\"ImageObject\",\"inLanguage\":\"hr\",\"@id\":\"https:\\\/\\\/comprehensiveliquor.com\\\/product\\\/diplomatico-reserva-exclusiva-rum\\\/#primaryimage\",\"url\":\"https:\\\/\\\/comprehensiveliquor.com\\\/wp-content\\\/uploads\\\/2022\\\/10\\\/image_2022-10-15_190226537.png\",\"contentUrl\":\"https:\\\/\\\/comprehensiveliquor.com\\\/wp-content\\\/uploads\\\/2022\\\/10\\\/image_2022-10-15_190226537.png\",\"width\":480,\"height\":608,\"caption\":\"Diplomatico Reserva Exclusiva Rum Reserva Exclusiva is made from a mixture of 80% heavy pot still rums and 20% light rums.\"},{\"@type\":\"BreadcrumbList\",\"@id\":\"https:\\\/\\\/comprehensiveliquor.com\\\/product\\\/diplomatico-reserva-exclusiva-rum\\\/#breadcrumb\",\"itemListElement\":[{\"@type\":\"ListItem\",\"position\":1,\"name\":\"Home\",\"item\":\"https:\\\/\\\/comprehensiveliquor.com\\\/\"},{\"@type\":\"ListItem\",\"position\":2,\"name\":\"Shop\",\"item\":\"https:\\\/\\\/comprehensiveliquor.com\\\/shop\\\/\"},{\"@type\":\"ListItem\",\"position\":3,\"name\":\"Diplomatico Reserva Exclusiva Rum\"}]},{\"@type\":\"WebSite\",\"@id\":\"https:\\\/\\\/comprehensiveliquor.com\\\/#website\",\"url\":\"https:\\\/\\\/comprehensiveliquor.com\\\/\",\"name\":\"Comprehensive Liquor\",\"description\":\"Best Liquor Store\",\"publisher\":{\"@id\":\"https:\\\/\\\/comprehensiveliquor.com\\\/#organization\"},\"alternateName\":\"Comprehensive Liquor Store\",\"potentialAction\":[{\"@type\":\"SearchAction\",\"target\":{\"@type\":\"EntryPoint\",\"urlTemplate\":\"https:\\\/\\\/comprehensiveliquor.com\\\/?s={search_term_string}\"},\"query-input\":{\"@type\":\"PropertyValueSpecification\",\"valueRequired\":true,\"valueName\":\"search_term_string\"}}],\"inLanguage\":\"hr\"},{\"@type\":\"Organization\",\"@id\":\"https:\\\/\\\/comprehensiveliquor.com\\\/#organization\",\"name\":\"Comprehensive Liquor\",\"alternateName\":\"Comprehensive Liquor Store\",\"url\":\"https:\\\/\\\/comprehensiveliquor.com\\\/\",\"logo\":{\"@type\":\"ImageObject\",\"inLanguage\":\"hr\",\"@id\":\"https:\\\/\\\/comprehensiveliquor.com\\\/#\\\/schema\\\/logo\\\/image\\\/\",\"url\":\"https:\\\/\\\/comprehensiveliquor.com\\\/wp-content\\\/uploads\\\/2024\\\/03\\\/cropped-image_2024-03-26_131408877.png\",\"contentUrl\":\"https:\\\/\\\/comprehensiveliquor.com\\\/wp-content\\\/uploads\\\/2024\\\/03\\\/cropped-image_2024-03-26_131408877.png\",\"width\":378,\"height\":263,\"caption\":\"Comprehensive Liquor\"},\"image\":{\"@id\":\"https:\\\/\\\/comprehensiveliquor.com\\\/#\\\/schema\\\/logo\\\/image\\\/\"}}]}<\/script>\n<!-- \/ Yoast SEO Premium plugin. -->","yoast_head_json":{"title":"Diplomatico Reserva Exclusiva Rum","description":"Diplomatico Reserva Venezuelanski rum 70cl\/40% U Venezueli se rum destilira iz melase u starim bakrenim kotlovima, a zatim odle\u017eava do 12 godina u","robots":{"index":"index","follow":"follow","max-snippet":"max-snippet:-1","max-image-preview":"max-image-preview:large","max-video-preview":"max-video-preview:-1"},"canonical":"https:\/\/comprehensiveliquor.com\/hr\/product\/diplomatico-reserva-exclusiva-rum\/","og_locale":"hr_HR","og_type":"article","og_title":"Diplomatico Reserva Exclusiva Rum","og_description":"Diplomatico Reserva Venezuelan Rum 70cl\/40% In Venezuela, rum is distilled from molasses in ancient copper pot stills and then aged for up to 12 years in","og_url":"https:\/\/comprehensiveliquor.com\/hr\/product\/diplomatico-reserva-exclusiva-rum\/","og_site_name":"Comprehensive Liquor","article_modified_time":"2023-08-19T21:40:30+00:00","og_image":[{"width":480,"height":608,"url":"https:\/\/comprehensiveliquor.com\/wp-content\/uploads\/2022\/10\/image_2022-10-15_190226537.png","type":"image\/png"}],"twitter_card":"summary_large_image","twitter_misc":{"Procijenjeno vrijeme \u010ditanja":"1 minuta"},"schema":{"@context":"https:\/\/schema.org","@graph":[{"@type":"WebPage","@id":"https:\/\/comprehensiveliquor.com\/product\/diplomatico-reserva-exclusiva-rum\/","url":"https:\/\/comprehensiveliquor.com\/product\/diplomatico-reserva-exclusiva-rum\/","name":"Diplomatico Reserva Exclusiva Rum","isPartOf":{"@id":"https:\/\/comprehensiveliquor.com\/#website"},"primaryImageOfPage":{"@id":"https:\/\/comprehensiveliquor.com\/product\/diplomatico-reserva-exclusiva-rum\/#primaryimage"},"image":{"@id":"https:\/\/comprehensiveliquor.com\/product\/diplomatico-reserva-exclusiva-rum\/#primaryimage"},"thumbnailUrl":"https:\/\/comprehensiveliquor.com\/wp-content\/uploads\/2022\/10\/image_2022-10-15_190226537.png","datePublished":"2022-10-15T18:04:23+00:00","dateModified":"2023-08-19T21:40:30+00:00","description":"Diplomatico Reserva Venezuelanski rum 70cl\/40% U Venezueli se rum destilira iz melase u starim bakrenim kotlovima, a zatim odle\u017eava do 12 godina u","breadcrumb":{"@id":"https:\/\/comprehensiveliquor.com\/product\/diplomatico-reserva-exclusiva-rum\/#breadcrumb"},"inLanguage":"hr","potentialAction":[{"@type":"ReadAction","target":["https:\/\/comprehensiveliquor.com\/product\/diplomatico-reserva-exclusiva-rum\/"]}]},{"@type":"ImageObject","inLanguage":"hr","@id":"https:\/\/comprehensiveliquor.com\/product\/diplomatico-reserva-exclusiva-rum\/#primaryimage","url":"https:\/\/comprehensiveliquor.com\/wp-content\/uploads\/2022\/10\/image_2022-10-15_190226537.png","contentUrl":"https:\/\/comprehensiveliquor.com\/wp-content\/uploads\/2022\/10\/image_2022-10-15_190226537.png","width":480,"height":608,"caption":"Diplomatico Reserva Exclusiva Rum Reserva Exclusiva is made from a mixture of 80% heavy pot still rums and 20% light rums."},{"@type":"BreadcrumbList","@id":"https:\/\/comprehensiveliquor.com\/product\/diplomatico-reserva-exclusiva-rum\/#breadcrumb","itemListElement":[{"@type":"ListItem","position":1,"name":"Home","item":"https:\/\/comprehensiveliquor.com\/"},{"@type":"ListItem","position":2,"name":"Shop","item":"https:\/\/comprehensiveliquor.com\/shop\/"},{"@type":"ListItem","position":3,"name":"Diplomatico Reserva Exclusiva Rum"}]},{"@type":"WebSite","@id":"https:\/\/comprehensiveliquor.com\/#website","url":"https:\/\/comprehensiveliquor.com\/","name":"Opse\u017ena alkoholna pi\u0107a","description":"Best Liquor Store","publisher":{"@id":"https:\/\/comprehensiveliquor.com\/#organization"},"alternateName":"Comprehensive Liquor Store","potentialAction":[{"@type":"SearchAction","target":{"@type":"EntryPoint","urlTemplate":"https:\/\/comprehensiveliquor.com\/?s={search_term_string}"},"query-input":{"@type":"PropertyValueSpecification","valueRequired":true,"valueName":"search_term_string"}}],"inLanguage":"hr"},{"@type":"Organization","@id":"https:\/\/comprehensiveliquor.com\/#organization","name":"Opse\u017ena alkoholna pi\u0107a","alternateName":"Comprehensive Liquor Store","url":"https:\/\/comprehensiveliquor.com\/","logo":{"@type":"ImageObject","inLanguage":"hr","@id":"https:\/\/comprehensiveliquor.com\/#\/schema\/logo\/image\/","url":"https:\/\/comprehensiveliquor.com\/wp-content\/uploads\/2024\/03\/cropped-image_2024-03-26_131408877.png","contentUrl":"https:\/\/comprehensiveliquor.com\/wp-content\/uploads\/2024\/03\/cropped-image_2024-03-26_131408877.png","width":378,"height":263,"caption":"Comprehensive Liquor"},"image":{"@id":"https:\/\/comprehensiveliquor.com\/#\/schema\/logo\/image\/"}}]}},"_links":{"self":[{"href":"https:\/\/comprehensiveliquor.com\/hr\/wp-json\/wp\/v2\/product\/2074","targetHints":{"allow":["GET"]}}],"collection":[{"href":"https:\/\/comprehensiveliquor.com\/hr\/wp-json\/wp\/v2\/product"}],"about":[{"href":"https:\/\/comprehensiveliquor.com\/hr\/wp-json\/wp\/v2\/types\/product"}],"replies":[{"embeddable":true,"href":"https:\/\/comprehensiveliquor.com\/hr\/wp-json\/wp\/v2\/comments?post=2074"}],"wp:featuredmedia":[{"embeddable":true,"href":"https:\/\/comprehensiveliquor.com\/hr\/wp-json\/wp\/v2\/media\/2075"}],"wp:attachment":[{"href":"https:\/\/comprehensiveliquor.com\/hr\/wp-json\/wp\/v2\/media?parent=2074"}],"wp:term":[{"taxonomy":"product_brand","embeddable":true,"href":"https:\/\/comprehensiveliquor.com\/hr\/wp-json\/wp\/v2\/product_brand?post=2074"},{"taxonomy":"product_cat","embeddable":true,"href":"https:\/\/comprehensiveliquor.com\/hr\/wp-json\/wp\/v2\/product_cat?post=2074"},{"taxonomy":"product_tag","embeddable":true,"href":"https:\/\/comprehensiveliquor.com\/hr\/wp-json\/wp\/v2\/product_tag?post=2074"}],"curies":[{"name":"wp","href":"https:\/\/api.w.org\/{rel}","templated":true}]}}