{"id":2155,"date":"2022-10-15T21:13:16","date_gmt":"2022-10-15T21:13:16","guid":{"rendered":"https:\/\/comprehensiveliquor.com\/?post_type=product&#038;p=2155"},"modified":"2022-10-15T21:13:16","modified_gmt":"2022-10-15T21:13:16","slug":"tapatio-anejo-tequila","status":"publish","type":"product","link":"https:\/\/comprehensiveliquor.com\/hr\/product\/tapatio-anejo-tequila\/","title":{"rendered":"Tapatio A\u00f1ejo Tequila"},"content":{"rendered":"<h4 style=\"color: #252525;\"><strong style=\"color: #252525;\">Tequila Bottled By Producer: 50cl\/38%<\/strong><\/h4>\n<p style=\"color: #252525;\">Tapatio tequila is one of Mexico&#8217;s most well-respected brands, created in the traditional fashion by Carlos Camarea\u00a0at\u00a0<span style=\"font-weight: 400; color: #252525;\">La Altea<\/span>\u00a0distillery in the highland Los Altos region.<\/p>\n<p style=\"color: #252525;\">Tapatio Aejo\u00a0has been aged for around 18 months in ex-bourbon casks after distillation and is a deliciously spicy, peppery, smooth-sipping aejo tequila\u2014one\u00a0of the best aejos\u00a0you&#8217;ll ever find.<\/p>\n<h5><strong>Slu\u017ebene bilje\u0161ke o ku\u0161anju<\/strong><\/h5>\n<p><strong>Nos:<\/strong>\u00a0Rich and spicy, but rounded. The time in a cask has sanded the sharper edges off the agave, leaving fruit and a more subtle and refined flavour. It\u2019s also picked up creamy notes as well as a hint of vanilla sweetness.<\/p>\n<p><strong>Palate:<\/strong>\u00a0Comparatively weighty, but still elegant. It\u2019s soft, with nutmeg, cinnamon and clove balanced against the agave pepperiness, and complemented by sweet fruit and cocoa richness.<\/p>\n<p><strong>Finish:<\/strong>\u00a0Long and spicy, with herbal notes developing and fading to a chocolate-led end.<\/p>\n<h5>Atributi<\/h5>\n<table>\n<tbody>\n<tr>\n<td><strong>Producer<\/strong><\/td>\n<td>Tapatio<\/td>\n<\/tr>\n<tr>\n<td><strong>Bottler<\/strong><\/td>\n<td>Tapatio<\/td>\n<\/tr>\n<tr>\n<td><b>Age Status<\/b><\/td>\n<td>A\u00f1ejo<\/td>\n<\/tr>\n<tr>\n<td><strong>Country<\/strong><\/td>\n<td>Mexico<\/td>\n<\/tr>\n<tr>\n<td><strong>Bottle Size<\/strong><\/td>\n<td>50cl<\/td>\n<\/tr>\n<tr>\n<td><strong>ABV<\/strong><\/td>\n<td>38%<\/td>\n<\/tr>\n<\/tbody>\n<\/table>","protected":false},"excerpt":{"rendered":"<p>Tequila Bottled By Producer: 50cl\/38% Tapatio tequila is one of Mexico&#8217;s most well-respected brands, created in the traditional fashion by Carlos Camarea\u00a0at\u00a0La Altea\u00a0distillery in the highland Los Altos region. Tapatio Aejo\u00a0has been aged for around 18 months in ex-bourbon casks after distillation and is a deliciously spicy, peppery, smooth-sipping aejo tequila\u2014one\u00a0of the best aejos\u00a0you&#8217;ll ever [&hellip;]<\/p>\n","protected":false},"featured_media":2156,"comment_status":"open","ping_status":"closed","template":"","meta":{"site-sidebar-layout":"default","site-content-layout":"default","ast-site-content-layout":"default","site-content-style":"default","site-sidebar-style":"default","ast-global-header-display":"","ast-banner-title-visibility":"","ast-main-header-display":"","ast-hfb-above-header-display":"","ast-hfb-below-header-display":"","ast-hfb-mobile-header-display":"","site-post-title":"","ast-breadcrumbs-content":"","ast-featured-img":"","footer-sml-layout":"","ast-disable-related-posts":"","theme-transparent-header-meta":"default","adv-header-id-meta":"","stick-header-meta":"","header-above-stick-meta":"","header-main-stick-meta":"","header-below-stick-meta":"","astra-migrate-meta-layouts":"default","ast-page-background-enabled":"default","ast-page-background-meta":{"desktop":{"background-color":"","background-image":"","background-repeat":"repeat","background-position":"center center","background-size":"auto","background-attachment":"scroll","background-type":"","background-media":"","overlay-type":"","overlay-color":"","overlay-opacity":"","overlay-gradient":""},"tablet":{"background-color":"","background-image":"","background-repeat":"repeat","background-position":"center center","background-size":"auto","background-attachment":"scroll","background-type":"","background-media":"","overlay-type":"","overlay-color":"","overlay-opacity":"","overlay-gradient":""},"mobile":{"background-color":"","background-image":"","background-repeat":"repeat","background-position":"center center","background-size":"auto","background-attachment":"scroll","background-type":"","background-media":"","overlay-type":"","overlay-color":"","overlay-opacity":"","overlay-gradient":""}},"ast-content-background-meta":{"desktop":{"background-color":"var(--ast-global-color-5)","background-image":"","background-repeat":"repeat","background-position":"center center","background-size":"auto","background-attachment":"scroll","background-type":"","background-media":"","overlay-type":"","overlay-color":"","overlay-opacity":"","overlay-gradient":""},"tablet":{"background-color":"var(--ast-global-color-5)","background-image":"","background-repeat":"repeat","background-position":"center center","background-size":"auto","background-attachment":"scroll","background-type":"","background-media":"","overlay-type":"","overlay-color":"","overlay-opacity":"","overlay-gradient":""},"mobile":{"background-color":"var(--ast-global-color-5)","background-image":"","background-repeat":"repeat","background-position":"center center","background-size":"auto","background-attachment":"scroll","background-type":"","background-media":"","overlay-type":"","overlay-color":"","overlay-opacity":"","overlay-gradient":""}}},"product_brand":[],"product_cat":[76],"product_tag":[],"class_list":{"0":"post-2155","1":"product","2":"type-product","3":"status-publish","4":"has-post-thumbnail","6":"product_cat-tequila","7":"desktop-align-center","8":"tablet-align-left","9":"mobile-align-left","11":"first","12":"instock","13":"shipping-taxable","14":"purchasable","15":"product-type-simple"},"yoast_head":"<!-- This site is optimized with the Yoast SEO Premium plugin v24.7 (Yoast SEO v27.3) - https:\/\/yoast.com\/product\/yoast-seo-premium-wordpress\/ -->\n<title>Tapatio A\u00f1ejo Tequila<\/title>\n<meta name=\"description\" content=\"Tequila Bottled By Producer: 50cl\/38% Tapatio tequila is one of Mexico&#039;s most well-respected brands, created in the traditional fashion by Carlos\" \/>\n<meta name=\"robots\" content=\"index, follow, max-snippet:-1, max-image-preview:large, max-video-preview:-1\" \/>\n<link rel=\"canonical\" href=\"https:\/\/comprehensiveliquor.com\/hr\/product\/tapatio-anejo-tequila\/\" \/>\n<meta property=\"og:locale\" content=\"hr_HR\" \/>\n<meta property=\"og:type\" content=\"article\" \/>\n<meta property=\"og:title\" content=\"Tapatio A\u00f1ejo Tequila\" \/>\n<meta property=\"og:description\" content=\"Tequila Bottled By Producer: 50cl\/38% Tapatio tequila is one of Mexico&#039;s most well-respected brands, created in the traditional fashion by Carlos\" \/>\n<meta property=\"og:url\" content=\"https:\/\/comprehensiveliquor.com\/hr\/product\/tapatio-anejo-tequila\/\" \/>\n<meta property=\"og:site_name\" content=\"Comprehensive Liquor\" \/>\n<meta property=\"og:image\" content=\"https:\/\/comprehensiveliquor.com\/wp-content\/uploads\/2022\/10\/image_2022-10-15_221017416.png\" \/>\n\t<meta property=\"og:image:width\" content=\"360\" \/>\n\t<meta property=\"og:image:height\" content=\"541\" \/>\n\t<meta property=\"og:image:type\" content=\"image\/png\" \/>\n<meta name=\"twitter:card\" content=\"summary_large_image\" \/>\n<meta name=\"twitter:label1\" content=\"Procijenjeno vrijeme \u010ditanja\" \/>\n\t<meta name=\"twitter:data1\" content=\"1 minuta\" \/>\n<script type=\"application\/ld+json\" class=\"yoast-schema-graph\">{\"@context\":\"https:\\\/\\\/schema.org\",\"@graph\":[{\"@type\":\"WebPage\",\"@id\":\"https:\\\/\\\/comprehensiveliquor.com\\\/product\\\/tapatio-anejo-tequila\\\/\",\"url\":\"https:\\\/\\\/comprehensiveliquor.com\\\/product\\\/tapatio-anejo-tequila\\\/\",\"name\":\"Tapatio A\u00f1ejo Tequila\",\"isPartOf\":{\"@id\":\"https:\\\/\\\/comprehensiveliquor.com\\\/#website\"},\"primaryImageOfPage\":{\"@id\":\"https:\\\/\\\/comprehensiveliquor.com\\\/product\\\/tapatio-anejo-tequila\\\/#primaryimage\"},\"image\":{\"@id\":\"https:\\\/\\\/comprehensiveliquor.com\\\/product\\\/tapatio-anejo-tequila\\\/#primaryimage\"},\"thumbnailUrl\":\"https:\\\/\\\/comprehensiveliquor.com\\\/wp-content\\\/uploads\\\/2022\\\/10\\\/image_2022-10-15_221017416.png\",\"datePublished\":\"2022-10-15T21:13:16+00:00\",\"description\":\"Tequila Bottled By Producer: 50cl\\\/38% Tapatio tequila is one of Mexico's most well-respected brands, created in the traditional fashion by Carlos\",\"breadcrumb\":{\"@id\":\"https:\\\/\\\/comprehensiveliquor.com\\\/product\\\/tapatio-anejo-tequila\\\/#breadcrumb\"},\"inLanguage\":\"hr\",\"potentialAction\":[{\"@type\":\"ReadAction\",\"target\":[\"https:\\\/\\\/comprehensiveliquor.com\\\/product\\\/tapatio-anejo-tequila\\\/\"]}]},{\"@type\":\"ImageObject\",\"inLanguage\":\"hr\",\"@id\":\"https:\\\/\\\/comprehensiveliquor.com\\\/product\\\/tapatio-anejo-tequila\\\/#primaryimage\",\"url\":\"https:\\\/\\\/comprehensiveliquor.com\\\/wp-content\\\/uploads\\\/2022\\\/10\\\/image_2022-10-15_221017416.png\",\"contentUrl\":\"https:\\\/\\\/comprehensiveliquor.com\\\/wp-content\\\/uploads\\\/2022\\\/10\\\/image_2022-10-15_221017416.png\",\"width\":360,\"height\":541},{\"@type\":\"BreadcrumbList\",\"@id\":\"https:\\\/\\\/comprehensiveliquor.com\\\/product\\\/tapatio-anejo-tequila\\\/#breadcrumb\",\"itemListElement\":[{\"@type\":\"ListItem\",\"position\":1,\"name\":\"Home\",\"item\":\"https:\\\/\\\/comprehensiveliquor.com\\\/\"},{\"@type\":\"ListItem\",\"position\":2,\"name\":\"Shop\",\"item\":\"https:\\\/\\\/comprehensiveliquor.com\\\/shop\\\/\"},{\"@type\":\"ListItem\",\"position\":3,\"name\":\"Tapatio A\u00f1ejo Tequila\"}]},{\"@type\":\"WebSite\",\"@id\":\"https:\\\/\\\/comprehensiveliquor.com\\\/#website\",\"url\":\"https:\\\/\\\/comprehensiveliquor.com\\\/\",\"name\":\"Comprehensive Liquor\",\"description\":\"Best Liquor Store\",\"publisher\":{\"@id\":\"https:\\\/\\\/comprehensiveliquor.com\\\/#organization\"},\"alternateName\":\"Comprehensive Liquor Store\",\"potentialAction\":[{\"@type\":\"SearchAction\",\"target\":{\"@type\":\"EntryPoint\",\"urlTemplate\":\"https:\\\/\\\/comprehensiveliquor.com\\\/?s={search_term_string}\"},\"query-input\":{\"@type\":\"PropertyValueSpecification\",\"valueRequired\":true,\"valueName\":\"search_term_string\"}}],\"inLanguage\":\"hr\"},{\"@type\":\"Organization\",\"@id\":\"https:\\\/\\\/comprehensiveliquor.com\\\/#organization\",\"name\":\"Comprehensive Liquor\",\"alternateName\":\"Comprehensive Liquor Store\",\"url\":\"https:\\\/\\\/comprehensiveliquor.com\\\/\",\"logo\":{\"@type\":\"ImageObject\",\"inLanguage\":\"hr\",\"@id\":\"https:\\\/\\\/comprehensiveliquor.com\\\/#\\\/schema\\\/logo\\\/image\\\/\",\"url\":\"https:\\\/\\\/comprehensiveliquor.com\\\/wp-content\\\/uploads\\\/2024\\\/03\\\/cropped-image_2024-03-26_131408877.png\",\"contentUrl\":\"https:\\\/\\\/comprehensiveliquor.com\\\/wp-content\\\/uploads\\\/2024\\\/03\\\/cropped-image_2024-03-26_131408877.png\",\"width\":378,\"height\":263,\"caption\":\"Comprehensive Liquor\"},\"image\":{\"@id\":\"https:\\\/\\\/comprehensiveliquor.com\\\/#\\\/schema\\\/logo\\\/image\\\/\"}}]}<\/script>\n<!-- \/ Yoast SEO Premium plugin. -->","yoast_head_json":{"title":"Tapatio A\u00f1ejo Tequila","description":"Tequila Bottled By Producer: 50cl\/38% Tapatio tequila is one of Mexico's most well-respected brands, created in the traditional fashion by Carlos","robots":{"index":"index","follow":"follow","max-snippet":"max-snippet:-1","max-image-preview":"max-image-preview:large","max-video-preview":"max-video-preview:-1"},"canonical":"https:\/\/comprehensiveliquor.com\/hr\/product\/tapatio-anejo-tequila\/","og_locale":"hr_HR","og_type":"article","og_title":"Tapatio A\u00f1ejo Tequila","og_description":"Tequila Bottled By Producer: 50cl\/38% Tapatio tequila is one of Mexico's most well-respected brands, created in the traditional fashion by Carlos","og_url":"https:\/\/comprehensiveliquor.com\/hr\/product\/tapatio-anejo-tequila\/","og_site_name":"Comprehensive Liquor","og_image":[{"width":360,"height":541,"url":"https:\/\/comprehensiveliquor.com\/wp-content\/uploads\/2022\/10\/image_2022-10-15_221017416.png","type":"image\/png"}],"twitter_card":"summary_large_image","twitter_misc":{"Procijenjeno vrijeme \u010ditanja":"1 minuta"},"schema":{"@context":"https:\/\/schema.org","@graph":[{"@type":"WebPage","@id":"https:\/\/comprehensiveliquor.com\/product\/tapatio-anejo-tequila\/","url":"https:\/\/comprehensiveliquor.com\/product\/tapatio-anejo-tequila\/","name":"Tapatio A\u00f1ejo Tequila","isPartOf":{"@id":"https:\/\/comprehensiveliquor.com\/#website"},"primaryImageOfPage":{"@id":"https:\/\/comprehensiveliquor.com\/product\/tapatio-anejo-tequila\/#primaryimage"},"image":{"@id":"https:\/\/comprehensiveliquor.com\/product\/tapatio-anejo-tequila\/#primaryimage"},"thumbnailUrl":"https:\/\/comprehensiveliquor.com\/wp-content\/uploads\/2022\/10\/image_2022-10-15_221017416.png","datePublished":"2022-10-15T21:13:16+00:00","description":"Tequila Bottled By Producer: 50cl\/38% Tapatio tequila is one of Mexico's most well-respected brands, created in the traditional fashion by Carlos","breadcrumb":{"@id":"https:\/\/comprehensiveliquor.com\/product\/tapatio-anejo-tequila\/#breadcrumb"},"inLanguage":"hr","potentialAction":[{"@type":"ReadAction","target":["https:\/\/comprehensiveliquor.com\/product\/tapatio-anejo-tequila\/"]}]},{"@type":"ImageObject","inLanguage":"hr","@id":"https:\/\/comprehensiveliquor.com\/product\/tapatio-anejo-tequila\/#primaryimage","url":"https:\/\/comprehensiveliquor.com\/wp-content\/uploads\/2022\/10\/image_2022-10-15_221017416.png","contentUrl":"https:\/\/comprehensiveliquor.com\/wp-content\/uploads\/2022\/10\/image_2022-10-15_221017416.png","width":360,"height":541},{"@type":"BreadcrumbList","@id":"https:\/\/comprehensiveliquor.com\/product\/tapatio-anejo-tequila\/#breadcrumb","itemListElement":[{"@type":"ListItem","position":1,"name":"Home","item":"https:\/\/comprehensiveliquor.com\/"},{"@type":"ListItem","position":2,"name":"Shop","item":"https:\/\/comprehensiveliquor.com\/shop\/"},{"@type":"ListItem","position":3,"name":"Tapatio A\u00f1ejo Tequila"}]},{"@type":"WebSite","@id":"https:\/\/comprehensiveliquor.com\/#website","url":"https:\/\/comprehensiveliquor.com\/","name":"Opse\u017ena alkoholna pi\u0107a","description":"Best Liquor Store","publisher":{"@id":"https:\/\/comprehensiveliquor.com\/#organization"},"alternateName":"Comprehensive Liquor Store","potentialAction":[{"@type":"SearchAction","target":{"@type":"EntryPoint","urlTemplate":"https:\/\/comprehensiveliquor.com\/?s={search_term_string}"},"query-input":{"@type":"PropertyValueSpecification","valueRequired":true,"valueName":"search_term_string"}}],"inLanguage":"hr"},{"@type":"Organization","@id":"https:\/\/comprehensiveliquor.com\/#organization","name":"Opse\u017ena alkoholna pi\u0107a","alternateName":"Comprehensive Liquor Store","url":"https:\/\/comprehensiveliquor.com\/","logo":{"@type":"ImageObject","inLanguage":"hr","@id":"https:\/\/comprehensiveliquor.com\/#\/schema\/logo\/image\/","url":"https:\/\/comprehensiveliquor.com\/wp-content\/uploads\/2024\/03\/cropped-image_2024-03-26_131408877.png","contentUrl":"https:\/\/comprehensiveliquor.com\/wp-content\/uploads\/2024\/03\/cropped-image_2024-03-26_131408877.png","width":378,"height":263,"caption":"Comprehensive Liquor"},"image":{"@id":"https:\/\/comprehensiveliquor.com\/#\/schema\/logo\/image\/"}}]}},"_links":{"self":[{"href":"https:\/\/comprehensiveliquor.com\/hr\/wp-json\/wp\/v2\/product\/2155","targetHints":{"allow":["GET"]}}],"collection":[{"href":"https:\/\/comprehensiveliquor.com\/hr\/wp-json\/wp\/v2\/product"}],"about":[{"href":"https:\/\/comprehensiveliquor.com\/hr\/wp-json\/wp\/v2\/types\/product"}],"replies":[{"embeddable":true,"href":"https:\/\/comprehensiveliquor.com\/hr\/wp-json\/wp\/v2\/comments?post=2155"}],"wp:featuredmedia":[{"embeddable":true,"href":"https:\/\/comprehensiveliquor.com\/hr\/wp-json\/wp\/v2\/media\/2156"}],"wp:attachment":[{"href":"https:\/\/comprehensiveliquor.com\/hr\/wp-json\/wp\/v2\/media?parent=2155"}],"wp:term":[{"taxonomy":"product_brand","embeddable":true,"href":"https:\/\/comprehensiveliquor.com\/hr\/wp-json\/wp\/v2\/product_brand?post=2155"},{"taxonomy":"product_cat","embeddable":true,"href":"https:\/\/comprehensiveliquor.com\/hr\/wp-json\/wp\/v2\/product_cat?post=2155"},{"taxonomy":"product_tag","embeddable":true,"href":"https:\/\/comprehensiveliquor.com\/hr\/wp-json\/wp\/v2\/product_tag?post=2155"}],"curies":[{"name":"wp","href":"https:\/\/api.w.org\/{rel}","templated":true}]}}