{"id":2456,"date":"2022-10-17T19:59:18","date_gmt":"2022-10-17T19:59:18","guid":{"rendered":"https:\/\/comprehensiveliquor.com\/?post_type=product&#038;p=2456"},"modified":"2025-06-14T12:39:23","modified_gmt":"2025-06-14T12:39:23","slug":"martell-lor-de-jean-cognac-70cl","status":"publish","type":"product","link":"https:\/\/comprehensiveliquor.com\/hr\/product\/martell-lor-de-jean-cognac-70cl\/","title":{"rendered":"Martell L'Or De Jean konjak 70cl"},"content":{"rendered":"<h2 style=\"color: #252525;\"><strong style=\"color: #252525;\">Martell L&#8217;Or De Jean Cognac 70cl, France<\/strong><\/h2>\n<p>L\u2019Or de Jean Martell je posebno izvanredan konjak. Ovaj konjak je napravljen od eaux-de-vie s podru\u010dja Grande Champagne i Borderies, a sastoji se od eaux-de-vie starih i do 100 godina. Krajnji proizvod je prekrasno zrela kombinacija okusa koja vodi nepce na senzorno putovanje. Na prvi pogled divite se dubokim, blistavim nijansama konjaka umotanim u pomno izra\u0111enu bocu. Zatim, kada ga ku\u0161ate, bit \u0107ete o\u010darani besprijekornom harmonijom uhva\u0107enom u mje\u0161avini preko 400 razli\u010ditih eaux-de-vie - \u010dista \u010darolija. Christophe Valtaud, majstor podruma, otkriva:<\/p>\n<p style=\"color: #252525;\">\u201eL\u2019Or de Jean Martell je po mom mi\u0161ljenju kvintesencija Martell Cognaca.\u201c L\u2019Or nudi prekrasnu kombinaciju aromati\u010dnog bogatstva i snage, s tijelom Borderiesa i strukturom Grande Champagnea.<\/p>\n<p>Martell, osnovan 1715. godine, jedna je od najstarijih ku\u0107a za konjak. Danas je brend u samom vrhu proizvodnje konjaka, s jakim me\u0111unarodnim ugledom. Prepoznatljiva tehnika destilacije koju Martell koristi ne sadr\u017ei one\u010di\u0161\u0107uju\u0107e tvari, \u0161to omogu\u0107uje da eaux-de-vie upije bogate mirisne tonove iz ba\u010dve burbona.<\/p>\n<p>Prezentacija boce<\/p>\n<p>Prezentacija boce ukra\u0161ene vrhunskim kristalnim dekanterom, L\u2019Or de Jean Martell, svakako je kolekcionarski predmet za znalce konjaka. Kao \u0161to utjelovljuje i njegovo ime \u201eL\u2019Or de Jean Martell\u201c, ovaj konjak utjelovljuje rasko\u0161 i fino\u0107u. Smje\u0161ten u boci u obliku suze, njegova upe\u010datljiva zlatna kutija dr\u017ei konjak u punom sjaju. Dugi zlatni grli\u0107 i kristalni \u010dep boce dodatno nagla\u0161avaju njegovu glamuroznu estetiku. Tako\u0111er, ru\u010dno ugravirani vrtlozi nalaze se na zlatnom ku\u0107i\u0161tu i staklenom \u010depu, kao i na jednako rasko\u0161nom stalku i kutiji za prezentaciju. Jasno je da je svaki detalj uzet u obzir. Od dizajna dekantera do ru\u010dne izrade nektara koji se u njemu nalazi, ovaj konjak je pravo umjetni\u010dko djelo.<\/p>\n<p>&nbsp;<\/p>\n<h5 class=\"beautify__page-heading _hasToggle\">Atributi<\/h5>\n<div id=\"ih__addition-3418\" class=\"productView-addition-tabContent is-open\">\n<table class=\"productView-addition-table table\">\n<tbody class=\"table-tbody\">\n<tr class=\"productView-info-row--cfProductOf\">\n<td><strong>Kategorija<\/strong><\/td>\n<td>\n<div class=\"productView-info-value productView-info-value--cfProductOf\">\n<p class=\"woocommerce-products-header__title page-title\"><a title=\"Cognac-Armagnac\" href=\"https:\/\/comprehensiveliquor.com\/hr\/product-category\/cognac-armagnac\/\">Cognac-Armagnac<\/a><\/p>\n<\/div>\n<\/td>\n<\/tr>\n<tr class=\"productView-info-row--cfVarietalType\">\n<td>\n<div class=\"productView-info-name productView-info-name--cfVarietalType\"><strong>Sorta\/vrsta<\/strong><\/div>\n<\/td>\n<td>\n<div class=\"productView-info-value productView-info-value--cfVarietalType\"><a title=\"cognac-brand\" href=\"https:\/\/www.spiritacademy.it\/en\/568-cognac-brand\" target=\"_blank\" rel=\"noopener\">Cognac<\/a><\/div>\n<\/td>\n<\/tr>\n<tr class=\"productView-info-row--cfSize\">\n<td>\n<div class=\"productView-info-name productView-info-name--cfSize\"><strong>Size<\/strong><\/div>\n<\/td>\n<td>\n<div class=\"productView-info-value productView-info-value--cfSize\">70cl<\/div>\n<\/td>\n<\/tr>\n<\/tbody>\n<\/table>\n<\/div>","protected":false},"excerpt":{"rendered":"<p>Martell L&#8217;Or De Jean Cognac 70cl, France L&#8217;Or de Jean Martell is a particularly outstanding Cognac. This Cognac is made from eaux-de-vie from the terroirs of Grande Champagne and Borderies and is composed of eaux-de-vie up to 100 years old. The end product is a delectably matured combination of flavors that takes the palate on [&hellip;]<\/p>\n","protected":false},"featured_media":2457,"comment_status":"open","ping_status":"closed","template":"","meta":{"site-sidebar-layout":"default","site-content-layout":"default","ast-site-content-layout":"default","site-content-style":"default","site-sidebar-style":"default","ast-global-header-display":"","ast-banner-title-visibility":"","ast-main-header-display":"","ast-hfb-above-header-display":"","ast-hfb-below-header-display":"","ast-hfb-mobile-header-display":"","site-post-title":"","ast-breadcrumbs-content":"","ast-featured-img":"","footer-sml-layout":"","ast-disable-related-posts":"","theme-transparent-header-meta":"default","adv-header-id-meta":"","stick-header-meta":"","header-above-stick-meta":"","header-main-stick-meta":"","header-below-stick-meta":"","astra-migrate-meta-layouts":"set","ast-page-background-enabled":"default","ast-page-background-meta":{"desktop":{"background-color":"","background-image":"","background-repeat":"repeat","background-position":"center center","background-size":"auto","background-attachment":"scroll","background-type":"","background-media":"","overlay-type":"","overlay-color":"","overlay-opacity":"","overlay-gradient":""},"tablet":{"background-color":"","background-image":"","background-repeat":"repeat","background-position":"center center","background-size":"auto","background-attachment":"scroll","background-type":"","background-media":"","overlay-type":"","overlay-color":"","overlay-opacity":"","overlay-gradient":""},"mobile":{"background-color":"","background-image":"","background-repeat":"repeat","background-position":"center center","background-size":"auto","background-attachment":"scroll","background-type":"","background-media":"","overlay-type":"","overlay-color":"","overlay-opacity":"","overlay-gradient":""}},"ast-content-background-meta":{"desktop":{"background-color":"var(--ast-global-color-5)","background-image":"","background-repeat":"repeat","background-position":"center center","background-size":"auto","background-attachment":"scroll","background-type":"","background-media":"","overlay-type":"","overlay-color":"","overlay-opacity":"","overlay-gradient":""},"tablet":{"background-color":"var(--ast-global-color-5)","background-image":"","background-repeat":"repeat","background-position":"center center","background-size":"auto","background-attachment":"scroll","background-type":"","background-media":"","overlay-type":"","overlay-color":"","overlay-opacity":"","overlay-gradient":""},"mobile":{"background-color":"var(--ast-global-color-5)","background-image":"","background-repeat":"repeat","background-position":"center center","background-size":"auto","background-attachment":"scroll","background-type":"","background-media":"","overlay-type":"","overlay-color":"","overlay-opacity":"","overlay-gradient":""}}},"product_brand":[],"product_cat":[51],"product_tag":[],"class_list":{"0":"post-2456","1":"product","2":"type-product","3":"status-publish","4":"has-post-thumbnail","6":"product_cat-cognac-armagnac","7":"desktop-align-center","8":"tablet-align-left","9":"mobile-align-left","11":"first","12":"instock","13":"shipping-taxable","14":"purchasable","15":"product-type-simple"},"yoast_head":"<!-- This site is optimized with the Yoast SEO Premium plugin v24.7 (Yoast SEO v27.3) - https:\/\/yoast.com\/product\/yoast-seo-premium-wordpress\/ -->\n<title>Martell L&#039;Or De Jean Cognac 70cl<\/title>\n<meta name=\"description\" content=\"Martell L&#039;Or de Jean Martell Cognac, This Cognac is made from eaux-de-vie from the terroirs of Grande Champagne and Borderies and is composed...\" \/>\n<meta name=\"robots\" content=\"index, follow, max-snippet:-1, max-image-preview:large, max-video-preview:-1\" \/>\n<link rel=\"canonical\" href=\"https:\/\/comprehensiveliquor.com\/hr\/product\/martell-lor-de-jean-cognac-70cl\/\" \/>\n<meta property=\"og:locale\" content=\"hr_HR\" \/>\n<meta property=\"og:type\" content=\"article\" \/>\n<meta property=\"og:title\" content=\"Martell L&#039;Or De Jean Cognac 70cl\" \/>\n<meta property=\"og:description\" content=\"Martell L&#039;Or de Jean Martell Cognac, This Cognac is made from eaux-de-vie from the terroirs of Grande Champagne and Borderies and is composed...\" \/>\n<meta property=\"og:url\" content=\"https:\/\/comprehensiveliquor.com\/hr\/product\/martell-lor-de-jean-cognac-70cl\/\" \/>\n<meta property=\"og:site_name\" content=\"Comprehensive Liquor\" \/>\n<meta property=\"article:modified_time\" content=\"2025-06-14T12:39:23+00:00\" \/>\n<meta property=\"og:image\" content=\"https:\/\/comprehensiveliquor.com\/wp-content\/uploads\/2022\/10\/image_2022-10-17_205653386.png\" \/>\n\t<meta property=\"og:image:width\" content=\"640\" \/>\n\t<meta property=\"og:image:height\" content=\"960\" \/>\n\t<meta property=\"og:image:type\" content=\"image\/png\" \/>\n<meta name=\"twitter:card\" content=\"summary_large_image\" \/>\n<meta name=\"twitter:label1\" content=\"Procijenjeno vrijeme \u010ditanja\" \/>\n\t<meta name=\"twitter:data1\" content=\"2 minute\" \/>\n<script type=\"application\/ld+json\" class=\"yoast-schema-graph\">{\"@context\":\"https:\\\/\\\/schema.org\",\"@graph\":[{\"@type\":\"WebPage\",\"@id\":\"https:\\\/\\\/comprehensiveliquor.com\\\/product\\\/martell-lor-de-jean-cognac-70cl\\\/\",\"url\":\"https:\\\/\\\/comprehensiveliquor.com\\\/product\\\/martell-lor-de-jean-cognac-70cl\\\/\",\"name\":\"Martell L'Or De Jean Cognac 70cl\",\"isPartOf\":{\"@id\":\"https:\\\/\\\/comprehensiveliquor.com\\\/#website\"},\"primaryImageOfPage\":{\"@id\":\"https:\\\/\\\/comprehensiveliquor.com\\\/product\\\/martell-lor-de-jean-cognac-70cl\\\/#primaryimage\"},\"image\":{\"@id\":\"https:\\\/\\\/comprehensiveliquor.com\\\/product\\\/martell-lor-de-jean-cognac-70cl\\\/#primaryimage\"},\"thumbnailUrl\":\"https:\\\/\\\/comprehensiveliquor.com\\\/wp-content\\\/uploads\\\/2022\\\/10\\\/image_2022-10-17_205653386.png\",\"datePublished\":\"2022-10-17T19:59:18+00:00\",\"dateModified\":\"2025-06-14T12:39:23+00:00\",\"description\":\"Martell L'Or de Jean Martell Cognac, This Cognac is made from eaux-de-vie from the terroirs of Grande Champagne and Borderies and is composed...\",\"breadcrumb\":{\"@id\":\"https:\\\/\\\/comprehensiveliquor.com\\\/product\\\/martell-lor-de-jean-cognac-70cl\\\/#breadcrumb\"},\"inLanguage\":\"hr\",\"potentialAction\":[{\"@type\":\"ReadAction\",\"target\":[\"https:\\\/\\\/comprehensiveliquor.com\\\/product\\\/martell-lor-de-jean-cognac-70cl\\\/\"]}]},{\"@type\":\"ImageObject\",\"inLanguage\":\"hr\",\"@id\":\"https:\\\/\\\/comprehensiveliquor.com\\\/product\\\/martell-lor-de-jean-cognac-70cl\\\/#primaryimage\",\"url\":\"https:\\\/\\\/comprehensiveliquor.com\\\/wp-content\\\/uploads\\\/2022\\\/10\\\/image_2022-10-17_205653386.png\",\"contentUrl\":\"https:\\\/\\\/comprehensiveliquor.com\\\/wp-content\\\/uploads\\\/2022\\\/10\\\/image_2022-10-17_205653386.png\",\"width\":640,\"height\":960,\"caption\":\"Martell L'Or De Jean\"},{\"@type\":\"BreadcrumbList\",\"@id\":\"https:\\\/\\\/comprehensiveliquor.com\\\/product\\\/martell-lor-de-jean-cognac-70cl\\\/#breadcrumb\",\"itemListElement\":[{\"@type\":\"ListItem\",\"position\":1,\"name\":\"Home\",\"item\":\"https:\\\/\\\/comprehensiveliquor.com\\\/\"},{\"@type\":\"ListItem\",\"position\":2,\"name\":\"Shop\",\"item\":\"https:\\\/\\\/comprehensiveliquor.com\\\/shop\\\/\"},{\"@type\":\"ListItem\",\"position\":3,\"name\":\"Martell L&#8217;Or De Jean Cognac 70cl\"}]},{\"@type\":\"WebSite\",\"@id\":\"https:\\\/\\\/comprehensiveliquor.com\\\/#website\",\"url\":\"https:\\\/\\\/comprehensiveliquor.com\\\/\",\"name\":\"Comprehensive Liquor\",\"description\":\"Best Liquor Store\",\"publisher\":{\"@id\":\"https:\\\/\\\/comprehensiveliquor.com\\\/#organization\"},\"alternateName\":\"Comprehensive Liquor Store\",\"potentialAction\":[{\"@type\":\"SearchAction\",\"target\":{\"@type\":\"EntryPoint\",\"urlTemplate\":\"https:\\\/\\\/comprehensiveliquor.com\\\/?s={search_term_string}\"},\"query-input\":{\"@type\":\"PropertyValueSpecification\",\"valueRequired\":true,\"valueName\":\"search_term_string\"}}],\"inLanguage\":\"hr\"},{\"@type\":\"Organization\",\"@id\":\"https:\\\/\\\/comprehensiveliquor.com\\\/#organization\",\"name\":\"Comprehensive Liquor\",\"alternateName\":\"Comprehensive Liquor Store\",\"url\":\"https:\\\/\\\/comprehensiveliquor.com\\\/\",\"logo\":{\"@type\":\"ImageObject\",\"inLanguage\":\"hr\",\"@id\":\"https:\\\/\\\/comprehensiveliquor.com\\\/#\\\/schema\\\/logo\\\/image\\\/\",\"url\":\"https:\\\/\\\/comprehensiveliquor.com\\\/wp-content\\\/uploads\\\/2024\\\/03\\\/cropped-image_2024-03-26_131408877.png\",\"contentUrl\":\"https:\\\/\\\/comprehensiveliquor.com\\\/wp-content\\\/uploads\\\/2024\\\/03\\\/cropped-image_2024-03-26_131408877.png\",\"width\":378,\"height\":263,\"caption\":\"Comprehensive Liquor\"},\"image\":{\"@id\":\"https:\\\/\\\/comprehensiveliquor.com\\\/#\\\/schema\\\/logo\\\/image\\\/\"}}]}<\/script>\n<!-- \/ Yoast SEO Premium plugin. -->","yoast_head_json":{"title":"Martell L'Or De Jean Cognac 70cl","description":"Konjak Martell L'Or de Jean Martell, ovaj konjak je napravljen od eaux-de-vie s terroira Grande Champagne i Borderies i sastoji se...","robots":{"index":"index","follow":"follow","max-snippet":"max-snippet:-1","max-image-preview":"max-image-preview:large","max-video-preview":"max-video-preview:-1"},"canonical":"https:\/\/comprehensiveliquor.com\/hr\/product\/martell-lor-de-jean-cognac-70cl\/","og_locale":"hr_HR","og_type":"article","og_title":"Martell L'Or De Jean Cognac 70cl","og_description":"Martell L'Or de Jean Martell Cognac, This Cognac is made from eaux-de-vie from the terroirs of Grande Champagne and Borderies and is composed...","og_url":"https:\/\/comprehensiveliquor.com\/hr\/product\/martell-lor-de-jean-cognac-70cl\/","og_site_name":"Comprehensive Liquor","article_modified_time":"2025-06-14T12:39:23+00:00","og_image":[{"width":640,"height":960,"url":"https:\/\/comprehensiveliquor.com\/wp-content\/uploads\/2022\/10\/image_2022-10-17_205653386.png","type":"image\/png"}],"twitter_card":"summary_large_image","twitter_misc":{"Procijenjeno vrijeme \u010ditanja":"2 minute"},"schema":{"@context":"https:\/\/schema.org","@graph":[{"@type":"WebPage","@id":"https:\/\/comprehensiveliquor.com\/product\/martell-lor-de-jean-cognac-70cl\/","url":"https:\/\/comprehensiveliquor.com\/product\/martell-lor-de-jean-cognac-70cl\/","name":"Martell L'Or De Jean Cognac 70cl","isPartOf":{"@id":"https:\/\/comprehensiveliquor.com\/#website"},"primaryImageOfPage":{"@id":"https:\/\/comprehensiveliquor.com\/product\/martell-lor-de-jean-cognac-70cl\/#primaryimage"},"image":{"@id":"https:\/\/comprehensiveliquor.com\/product\/martell-lor-de-jean-cognac-70cl\/#primaryimage"},"thumbnailUrl":"https:\/\/comprehensiveliquor.com\/wp-content\/uploads\/2022\/10\/image_2022-10-17_205653386.png","datePublished":"2022-10-17T19:59:18+00:00","dateModified":"2025-06-14T12:39:23+00:00","description":"Konjak Martell L'Or de Jean Martell, ovaj konjak je napravljen od eaux-de-vie s terroira Grande Champagne i Borderies i sastoji se...","breadcrumb":{"@id":"https:\/\/comprehensiveliquor.com\/product\/martell-lor-de-jean-cognac-70cl\/#breadcrumb"},"inLanguage":"hr","potentialAction":[{"@type":"ReadAction","target":["https:\/\/comprehensiveliquor.com\/product\/martell-lor-de-jean-cognac-70cl\/"]}]},{"@type":"ImageObject","inLanguage":"hr","@id":"https:\/\/comprehensiveliquor.com\/product\/martell-lor-de-jean-cognac-70cl\/#primaryimage","url":"https:\/\/comprehensiveliquor.com\/wp-content\/uploads\/2022\/10\/image_2022-10-17_205653386.png","contentUrl":"https:\/\/comprehensiveliquor.com\/wp-content\/uploads\/2022\/10\/image_2022-10-17_205653386.png","width":640,"height":960,"caption":"Martell L'Or De Jean"},{"@type":"BreadcrumbList","@id":"https:\/\/comprehensiveliquor.com\/product\/martell-lor-de-jean-cognac-70cl\/#breadcrumb","itemListElement":[{"@type":"ListItem","position":1,"name":"Home","item":"https:\/\/comprehensiveliquor.com\/"},{"@type":"ListItem","position":2,"name":"Shop","item":"https:\/\/comprehensiveliquor.com\/shop\/"},{"@type":"ListItem","position":3,"name":"Martell L&#8217;Or De Jean Cognac 70cl"}]},{"@type":"WebSite","@id":"https:\/\/comprehensiveliquor.com\/#website","url":"https:\/\/comprehensiveliquor.com\/","name":"Opse\u017ena alkoholna pi\u0107a","description":"Best Liquor Store","publisher":{"@id":"https:\/\/comprehensiveliquor.com\/#organization"},"alternateName":"Comprehensive Liquor Store","potentialAction":[{"@type":"SearchAction","target":{"@type":"EntryPoint","urlTemplate":"https:\/\/comprehensiveliquor.com\/?s={search_term_string}"},"query-input":{"@type":"PropertyValueSpecification","valueRequired":true,"valueName":"search_term_string"}}],"inLanguage":"hr"},{"@type":"Organization","@id":"https:\/\/comprehensiveliquor.com\/#organization","name":"Opse\u017ena alkoholna pi\u0107a","alternateName":"Comprehensive Liquor Store","url":"https:\/\/comprehensiveliquor.com\/","logo":{"@type":"ImageObject","inLanguage":"hr","@id":"https:\/\/comprehensiveliquor.com\/#\/schema\/logo\/image\/","url":"https:\/\/comprehensiveliquor.com\/wp-content\/uploads\/2024\/03\/cropped-image_2024-03-26_131408877.png","contentUrl":"https:\/\/comprehensiveliquor.com\/wp-content\/uploads\/2024\/03\/cropped-image_2024-03-26_131408877.png","width":378,"height":263,"caption":"Comprehensive Liquor"},"image":{"@id":"https:\/\/comprehensiveliquor.com\/#\/schema\/logo\/image\/"}}]}},"_links":{"self":[{"href":"https:\/\/comprehensiveliquor.com\/hr\/wp-json\/wp\/v2\/product\/2456","targetHints":{"allow":["GET"]}}],"collection":[{"href":"https:\/\/comprehensiveliquor.com\/hr\/wp-json\/wp\/v2\/product"}],"about":[{"href":"https:\/\/comprehensiveliquor.com\/hr\/wp-json\/wp\/v2\/types\/product"}],"replies":[{"embeddable":true,"href":"https:\/\/comprehensiveliquor.com\/hr\/wp-json\/wp\/v2\/comments?post=2456"}],"wp:featuredmedia":[{"embeddable":true,"href":"https:\/\/comprehensiveliquor.com\/hr\/wp-json\/wp\/v2\/media\/2457"}],"wp:attachment":[{"href":"https:\/\/comprehensiveliquor.com\/hr\/wp-json\/wp\/v2\/media?parent=2456"}],"wp:term":[{"taxonomy":"product_brand","embeddable":true,"href":"https:\/\/comprehensiveliquor.com\/hr\/wp-json\/wp\/v2\/product_brand?post=2456"},{"taxonomy":"product_cat","embeddable":true,"href":"https:\/\/comprehensiveliquor.com\/hr\/wp-json\/wp\/v2\/product_cat?post=2456"},{"taxonomy":"product_tag","embeddable":true,"href":"https:\/\/comprehensiveliquor.com\/hr\/wp-json\/wp\/v2\/product_tag?post=2456"}],"curies":[{"name":"wp","href":"https:\/\/api.w.org\/{rel}","templated":true}]}}