{"id":3214,"date":"2023-03-16T11:07:44","date_gmt":"2023-03-16T11:07:44","guid":{"rendered":"https:\/\/comprehensiveliquor.com\/?post_type=product&#038;p=3214"},"modified":"2025-11-14T09:53:46","modified_gmt":"2025-11-14T09:53:46","slug":"the-macallan-harmony-collection-smooth-arabica-70cl","status":"publish","type":"product","link":"https:\/\/comprehensiveliquor.com\/hr\/product\/the-macallan-harmony-collection-smooth-arabica-70cl\/","title":{"rendered":"The Macallan Harmony Collection Smooth Arabica 70cl"},"content":{"rendered":"<h2 class=\"product-title entry-title\"><strong>Macallan Harmony Collection Smooth Arabica (ekskluzivno za putovanja)<\/strong><\/h2>\n<p>Drugo izdanje u Macallanovoj vrhunskoj Harmony kolekciji je ovaj vrhunski, glatki arabica Macallan single-malt viski. Inspiriran zrnom kave Arabica, uzgojenim u Etiopiji, to je bogat, kremast i so\u010dni viski koji donosi bogato vo\u0107e, su\u0161eni hrast, tamnu \u010dokoladu i naznake kave u nosu, nepcu i zavr\u0161nici, \u0161to rezultira uistinu nevjerojatnim iskustvom pijenja koje mogu stvoriti samo pravi majstori, poput onih koji rade u Macallanu. Kao ekskluzivni primjerak za putovanja, ujedno je i vrlo kolekcionarski.<\/p>\n<p>&nbsp;<\/p>\n<h5>Atributi<\/h5>\n<table>\n<tbody>\n<tr>\n<td><strong>Kategorija<\/strong><\/td>\n<td><a title=\"Scotch Whiskey\" href=\"https:\/\/comprehensiveliquor.com\/hr\/product-category\/scotch-whisky\/\">Scotch Whiskey<\/a><\/td>\n<\/tr>\n<tr>\n<td><strong>Distillery<\/strong><\/td>\n<td><a title=\"Macallan Distillery\" href=\"https:\/\/en.wikipedia.org\/wiki\/The_Macallan_distillery\" target=\"_blank\" rel=\"noopener\">Macallan<\/a><\/td>\n<\/tr>\n<tr>\n<td><strong>Single Malt<\/strong><\/td>\n<td>Yes<\/td>\n<\/tr>\n<tr>\n<td><strong>Whisky Origin<\/strong><\/td>\n<td>Scottish<\/td>\n<\/tr>\n<tr>\n<td><strong>Alcohol Strength<\/strong><\/td>\n<td>40%<\/td>\n<\/tr>\n<\/tbody>\n<\/table>","protected":false},"excerpt":{"rendered":"<p>Macallan Harmony Collection Smooth Arabica single malt viski je drugo izdanje u vrhunskoj Macallanovoj Harmony kolekciji, inspiriranoj zrnom kave Arabica, uzgojenom u Etiopiji.<\/p>","protected":false},"featured_media":3215,"comment_status":"open","ping_status":"closed","template":"","meta":{"site-sidebar-layout":"default","site-content-layout":"default","ast-site-content-layout":"default","site-content-style":"default","site-sidebar-style":"default","ast-global-header-display":"","ast-banner-title-visibility":"","ast-main-header-display":"","ast-hfb-above-header-display":"","ast-hfb-below-header-display":"","ast-hfb-mobile-header-display":"","site-post-title":"","ast-breadcrumbs-content":"","ast-featured-img":"","footer-sml-layout":"","ast-disable-related-posts":"","theme-transparent-header-meta":"default","adv-header-id-meta":"","stick-header-meta":"","header-above-stick-meta":"","header-main-stick-meta":"","header-below-stick-meta":"","astra-migrate-meta-layouts":"set","ast-page-background-enabled":"default","ast-page-background-meta":{"desktop":{"background-color":"","background-image":"","background-repeat":"repeat","background-position":"center center","background-size":"auto","background-attachment":"scroll","background-type":"","background-media":"","overlay-type":"","overlay-color":"","overlay-opacity":"","overlay-gradient":""},"tablet":{"background-color":"","background-image":"","background-repeat":"repeat","background-position":"center center","background-size":"auto","background-attachment":"scroll","background-type":"","background-media":"","overlay-type":"","overlay-color":"","overlay-opacity":"","overlay-gradient":""},"mobile":{"background-color":"","background-image":"","background-repeat":"repeat","background-position":"center center","background-size":"auto","background-attachment":"scroll","background-type":"","background-media":"","overlay-type":"","overlay-color":"","overlay-opacity":"","overlay-gradient":""}},"ast-content-background-meta":{"desktop":{"background-color":"var(--ast-global-color-5)","background-image":"","background-repeat":"repeat","background-position":"center center","background-size":"auto","background-attachment":"scroll","background-type":"","background-media":"","overlay-type":"","overlay-color":"","overlay-opacity":"","overlay-gradient":""},"tablet":{"background-color":"var(--ast-global-color-5)","background-image":"","background-repeat":"repeat","background-position":"center center","background-size":"auto","background-attachment":"scroll","background-type":"","background-media":"","overlay-type":"","overlay-color":"","overlay-opacity":"","overlay-gradient":""},"mobile":{"background-color":"var(--ast-global-color-5)","background-image":"","background-repeat":"repeat","background-position":"center center","background-size":"auto","background-attachment":"scroll","background-type":"","background-media":"","overlay-type":"","overlay-color":"","overlay-opacity":"","overlay-gradient":""}}},"product_brand":[],"product_cat":[79,39,32],"product_tag":[],"class_list":{"0":"post-3214","1":"product","2":"type-product","3":"status-publish","4":"has-post-thumbnail","6":"product_cat-macallan","7":"product_cat-scotch-whisky","8":"product_cat-single-malt-whisky","9":"desktop-align-center","10":"tablet-align-left","11":"mobile-align-left","13":"first","14":"instock","15":"shipping-taxable","16":"purchasable","17":"product-type-simple"},"yoast_head":"<!-- This site is optimized with the Yoast SEO Premium plugin v24.7 (Yoast SEO v27.3) - https:\/\/yoast.com\/product\/yoast-seo-premium-wordpress\/ -->\n<title>Macallan Harmony Smooth Arabica 70cl | Buy Online<\/title>\n<meta name=\"description\" content=\"Shop Macallan Harmony Smooth Arabica 70cl. Limited-release single malt inspired by rich coffee notes. Rare collector bottle. Order yours today.\" \/>\n<meta name=\"robots\" content=\"index, follow, max-snippet:-1, max-image-preview:large, max-video-preview:-1\" \/>\n<link rel=\"canonical\" href=\"https:\/\/comprehensiveliquor.com\/hr\/product\/the-macallan-harmony-collection-smooth-arabica-70cl\/\" \/>\n<meta property=\"og:locale\" content=\"hr_HR\" \/>\n<meta property=\"og:type\" content=\"article\" \/>\n<meta property=\"og:title\" content=\"The Macallan Harmony Collection Smooth Arabica 70cl\" \/>\n<meta property=\"og:description\" content=\"Shop Macallan Harmony Smooth Arabica 70cl. Limited-release single malt inspired by rich coffee notes. Rare collector bottle. Order yours today.\" \/>\n<meta property=\"og:url\" content=\"https:\/\/comprehensiveliquor.com\/hr\/product\/the-macallan-harmony-collection-smooth-arabica-70cl\/\" \/>\n<meta property=\"og:site_name\" content=\"Comprehensive Liquor\" \/>\n<meta property=\"article:modified_time\" content=\"2025-11-14T09:53:46+00:00\" \/>\n<meta property=\"og:image\" content=\"https:\/\/comprehensiveliquor.com\/wp-content\/uploads\/2023\/03\/image_2023-03-16_110659809.png\" \/>\n\t<meta property=\"og:image:width\" content=\"600\" \/>\n\t<meta property=\"og:image:height\" content=\"600\" \/>\n\t<meta property=\"og:image:type\" content=\"image\/png\" \/>\n<meta name=\"twitter:card\" content=\"summary_large_image\" \/>\n<meta name=\"twitter:label1\" content=\"Procijenjeno vrijeme \u010ditanja\" \/>\n\t<meta name=\"twitter:data1\" content=\"1 minuta\" \/>\n<script type=\"application\/ld+json\" class=\"yoast-schema-graph\">{\"@context\":\"https:\\\/\\\/schema.org\",\"@graph\":[{\"@type\":\"WebPage\",\"@id\":\"https:\\\/\\\/comprehensiveliquor.com\\\/product\\\/the-macallan-harmony-collection-smooth-arabica-70cl\\\/\",\"url\":\"https:\\\/\\\/comprehensiveliquor.com\\\/product\\\/the-macallan-harmony-collection-smooth-arabica-70cl\\\/\",\"name\":\"Macallan Harmony Smooth Arabica 70cl | Buy Online\",\"isPartOf\":{\"@id\":\"https:\\\/\\\/comprehensiveliquor.com\\\/#website\"},\"primaryImageOfPage\":{\"@id\":\"https:\\\/\\\/comprehensiveliquor.com\\\/product\\\/the-macallan-harmony-collection-smooth-arabica-70cl\\\/#primaryimage\"},\"image\":{\"@id\":\"https:\\\/\\\/comprehensiveliquor.com\\\/product\\\/the-macallan-harmony-collection-smooth-arabica-70cl\\\/#primaryimage\"},\"thumbnailUrl\":\"https:\\\/\\\/comprehensiveliquor.com\\\/wp-content\\\/uploads\\\/2023\\\/03\\\/image_2023-03-16_110659809.png\",\"datePublished\":\"2023-03-16T11:07:44+00:00\",\"dateModified\":\"2025-11-14T09:53:46+00:00\",\"description\":\"Shop Macallan Harmony Smooth Arabica 70cl. Limited-release single malt inspired by rich coffee notes. Rare collector bottle. Order yours today.\",\"breadcrumb\":{\"@id\":\"https:\\\/\\\/comprehensiveliquor.com\\\/product\\\/the-macallan-harmony-collection-smooth-arabica-70cl\\\/#breadcrumb\"},\"inLanguage\":\"hr\",\"potentialAction\":[{\"@type\":\"ReadAction\",\"target\":[\"https:\\\/\\\/comprehensiveliquor.com\\\/product\\\/the-macallan-harmony-collection-smooth-arabica-70cl\\\/\"]}]},{\"@type\":\"ImageObject\",\"inLanguage\":\"hr\",\"@id\":\"https:\\\/\\\/comprehensiveliquor.com\\\/product\\\/the-macallan-harmony-collection-smooth-arabica-70cl\\\/#primaryimage\",\"url\":\"https:\\\/\\\/comprehensiveliquor.com\\\/wp-content\\\/uploads\\\/2023\\\/03\\\/image_2023-03-16_110659809.png\",\"contentUrl\":\"https:\\\/\\\/comprehensiveliquor.com\\\/wp-content\\\/uploads\\\/2023\\\/03\\\/image_2023-03-16_110659809.png\",\"width\":600,\"height\":600,\"caption\":\"The Macallan Harmony\"},{\"@type\":\"BreadcrumbList\",\"@id\":\"https:\\\/\\\/comprehensiveliquor.com\\\/product\\\/the-macallan-harmony-collection-smooth-arabica-70cl\\\/#breadcrumb\",\"itemListElement\":[{\"@type\":\"ListItem\",\"position\":1,\"name\":\"Home\",\"item\":\"https:\\\/\\\/comprehensiveliquor.com\\\/\"},{\"@type\":\"ListItem\",\"position\":2,\"name\":\"Shop\",\"item\":\"https:\\\/\\\/comprehensiveliquor.com\\\/shop\\\/\"},{\"@type\":\"ListItem\",\"position\":3,\"name\":\"The Macallan Harmony Collection Smooth Arabica 70cl\"}]},{\"@type\":\"WebSite\",\"@id\":\"https:\\\/\\\/comprehensiveliquor.com\\\/#website\",\"url\":\"https:\\\/\\\/comprehensiveliquor.com\\\/\",\"name\":\"Comprehensive Liquor\",\"description\":\"Best Liquor Store\",\"publisher\":{\"@id\":\"https:\\\/\\\/comprehensiveliquor.com\\\/#organization\"},\"alternateName\":\"Comprehensive Liquor Store\",\"potentialAction\":[{\"@type\":\"SearchAction\",\"target\":{\"@type\":\"EntryPoint\",\"urlTemplate\":\"https:\\\/\\\/comprehensiveliquor.com\\\/?s={search_term_string}\"},\"query-input\":{\"@type\":\"PropertyValueSpecification\",\"valueRequired\":true,\"valueName\":\"search_term_string\"}}],\"inLanguage\":\"hr\"},{\"@type\":\"Organization\",\"@id\":\"https:\\\/\\\/comprehensiveliquor.com\\\/#organization\",\"name\":\"Comprehensive Liquor\",\"alternateName\":\"Comprehensive Liquor Store\",\"url\":\"https:\\\/\\\/comprehensiveliquor.com\\\/\",\"logo\":{\"@type\":\"ImageObject\",\"inLanguage\":\"hr\",\"@id\":\"https:\\\/\\\/comprehensiveliquor.com\\\/#\\\/schema\\\/logo\\\/image\\\/\",\"url\":\"https:\\\/\\\/comprehensiveliquor.com\\\/wp-content\\\/uploads\\\/2024\\\/03\\\/cropped-image_2024-03-26_131408877.png\",\"contentUrl\":\"https:\\\/\\\/comprehensiveliquor.com\\\/wp-content\\\/uploads\\\/2024\\\/03\\\/cropped-image_2024-03-26_131408877.png\",\"width\":378,\"height\":263,\"caption\":\"Comprehensive Liquor\"},\"image\":{\"@id\":\"https:\\\/\\\/comprehensiveliquor.com\\\/#\\\/schema\\\/logo\\\/image\\\/\"}}]}<\/script>\n<!-- \/ Yoast SEO Premium plugin. -->","yoast_head_json":{"title":"Macallan Harmony Smooth Arabica 70cl | Kupite online","description":"Kupite Macallan Harmony Smooth Arabica 70cl. Ograni\u010deno izdanje single malt inspirirano bogatim notama kave. Rijetka kolekcionarska boca. Naru\u010dite svoju ve\u0107 danas.","robots":{"index":"index","follow":"follow","max-snippet":"max-snippet:-1","max-image-preview":"max-image-preview:large","max-video-preview":"max-video-preview:-1"},"canonical":"https:\/\/comprehensiveliquor.com\/hr\/product\/the-macallan-harmony-collection-smooth-arabica-70cl\/","og_locale":"hr_HR","og_type":"article","og_title":"The Macallan Harmony Collection Smooth Arabica 70cl","og_description":"Shop Macallan Harmony Smooth Arabica 70cl. Limited-release single malt inspired by rich coffee notes. Rare collector bottle. Order yours today.","og_url":"https:\/\/comprehensiveliquor.com\/hr\/product\/the-macallan-harmony-collection-smooth-arabica-70cl\/","og_site_name":"Comprehensive Liquor","article_modified_time":"2025-11-14T09:53:46+00:00","og_image":[{"width":600,"height":600,"url":"https:\/\/comprehensiveliquor.com\/wp-content\/uploads\/2023\/03\/image_2023-03-16_110659809.png","type":"image\/png"}],"twitter_card":"summary_large_image","twitter_misc":{"Procijenjeno vrijeme \u010ditanja":"1 minuta"},"schema":{"@context":"https:\/\/schema.org","@graph":[{"@type":"WebPage","@id":"https:\/\/comprehensiveliquor.com\/product\/the-macallan-harmony-collection-smooth-arabica-70cl\/","url":"https:\/\/comprehensiveliquor.com\/product\/the-macallan-harmony-collection-smooth-arabica-70cl\/","name":"Macallan Harmony Smooth Arabica 70cl | Kupite online","isPartOf":{"@id":"https:\/\/comprehensiveliquor.com\/#website"},"primaryImageOfPage":{"@id":"https:\/\/comprehensiveliquor.com\/product\/the-macallan-harmony-collection-smooth-arabica-70cl\/#primaryimage"},"image":{"@id":"https:\/\/comprehensiveliquor.com\/product\/the-macallan-harmony-collection-smooth-arabica-70cl\/#primaryimage"},"thumbnailUrl":"https:\/\/comprehensiveliquor.com\/wp-content\/uploads\/2023\/03\/image_2023-03-16_110659809.png","datePublished":"2023-03-16T11:07:44+00:00","dateModified":"2025-11-14T09:53:46+00:00","description":"Kupite Macallan Harmony Smooth Arabica 70cl. Ograni\u010deno izdanje single malt inspirirano bogatim notama kave. Rijetka kolekcionarska boca. Naru\u010dite svoju ve\u0107 danas.","breadcrumb":{"@id":"https:\/\/comprehensiveliquor.com\/product\/the-macallan-harmony-collection-smooth-arabica-70cl\/#breadcrumb"},"inLanguage":"hr","potentialAction":[{"@type":"ReadAction","target":["https:\/\/comprehensiveliquor.com\/product\/the-macallan-harmony-collection-smooth-arabica-70cl\/"]}]},{"@type":"ImageObject","inLanguage":"hr","@id":"https:\/\/comprehensiveliquor.com\/product\/the-macallan-harmony-collection-smooth-arabica-70cl\/#primaryimage","url":"https:\/\/comprehensiveliquor.com\/wp-content\/uploads\/2023\/03\/image_2023-03-16_110659809.png","contentUrl":"https:\/\/comprehensiveliquor.com\/wp-content\/uploads\/2023\/03\/image_2023-03-16_110659809.png","width":600,"height":600,"caption":"The Macallan Harmony"},{"@type":"BreadcrumbList","@id":"https:\/\/comprehensiveliquor.com\/product\/the-macallan-harmony-collection-smooth-arabica-70cl\/#breadcrumb","itemListElement":[{"@type":"ListItem","position":1,"name":"Home","item":"https:\/\/comprehensiveliquor.com\/"},{"@type":"ListItem","position":2,"name":"Shop","item":"https:\/\/comprehensiveliquor.com\/shop\/"},{"@type":"ListItem","position":3,"name":"The Macallan Harmony Collection Smooth Arabica 70cl"}]},{"@type":"WebSite","@id":"https:\/\/comprehensiveliquor.com\/#website","url":"https:\/\/comprehensiveliquor.com\/","name":"Opse\u017ena alkoholna pi\u0107a","description":"Best Liquor Store","publisher":{"@id":"https:\/\/comprehensiveliquor.com\/#organization"},"alternateName":"Comprehensive Liquor Store","potentialAction":[{"@type":"SearchAction","target":{"@type":"EntryPoint","urlTemplate":"https:\/\/comprehensiveliquor.com\/?s={search_term_string}"},"query-input":{"@type":"PropertyValueSpecification","valueRequired":true,"valueName":"search_term_string"}}],"inLanguage":"hr"},{"@type":"Organization","@id":"https:\/\/comprehensiveliquor.com\/#organization","name":"Opse\u017ena alkoholna pi\u0107a","alternateName":"Comprehensive Liquor Store","url":"https:\/\/comprehensiveliquor.com\/","logo":{"@type":"ImageObject","inLanguage":"hr","@id":"https:\/\/comprehensiveliquor.com\/#\/schema\/logo\/image\/","url":"https:\/\/comprehensiveliquor.com\/wp-content\/uploads\/2024\/03\/cropped-image_2024-03-26_131408877.png","contentUrl":"https:\/\/comprehensiveliquor.com\/wp-content\/uploads\/2024\/03\/cropped-image_2024-03-26_131408877.png","width":378,"height":263,"caption":"Comprehensive Liquor"},"image":{"@id":"https:\/\/comprehensiveliquor.com\/#\/schema\/logo\/image\/"}}]}},"_links":{"self":[{"href":"https:\/\/comprehensiveliquor.com\/hr\/wp-json\/wp\/v2\/product\/3214","targetHints":{"allow":["GET"]}}],"collection":[{"href":"https:\/\/comprehensiveliquor.com\/hr\/wp-json\/wp\/v2\/product"}],"about":[{"href":"https:\/\/comprehensiveliquor.com\/hr\/wp-json\/wp\/v2\/types\/product"}],"replies":[{"embeddable":true,"href":"https:\/\/comprehensiveliquor.com\/hr\/wp-json\/wp\/v2\/comments?post=3214"}],"wp:featuredmedia":[{"embeddable":true,"href":"https:\/\/comprehensiveliquor.com\/hr\/wp-json\/wp\/v2\/media\/3215"}],"wp:attachment":[{"href":"https:\/\/comprehensiveliquor.com\/hr\/wp-json\/wp\/v2\/media?parent=3214"}],"wp:term":[{"taxonomy":"product_brand","embeddable":true,"href":"https:\/\/comprehensiveliquor.com\/hr\/wp-json\/wp\/v2\/product_brand?post=3214"},{"taxonomy":"product_cat","embeddable":true,"href":"https:\/\/comprehensiveliquor.com\/hr\/wp-json\/wp\/v2\/product_cat?post=3214"},{"taxonomy":"product_tag","embeddable":true,"href":"https:\/\/comprehensiveliquor.com\/hr\/wp-json\/wp\/v2\/product_tag?post=3214"}],"curies":[{"name":"wp","href":"https:\/\/api.w.org\/{rel}","templated":true}]}}