{"id":4271,"date":"2024-03-08T13:09:09","date_gmt":"2024-03-08T13:09:09","guid":{"rendered":"https:\/\/comprehensiveliquor.com\/?post_type=product&#038;p=4271"},"modified":"2024-03-08T13:09:09","modified_gmt":"2024-03-08T13:09:09","slug":"michters-bombergers-declaration-small-batch-2023-release","status":"publish","type":"product","link":"https:\/\/comprehensiveliquor.com\/hr\/product\/michters-bombergers-declaration-small-batch-2023-release\/","title":{"rendered":"Michterova Bombergerova deklaracija, izdanje male serije 2023."},"content":{"rendered":"<h2><strong>Michterova Bombergerova deklaracija, izdanje male serije 2023.<\/strong><\/h2>\n<p>Bombergerova deklaracija, Kentucky Straight Bourbon Whiskey iz destilerije Michter's odaje po\u010dast naslije\u0111u biv\u0161e destilerije poznate kao Bomberger's u 19. stolje\u0107u i Michter's u 20. stolje\u0107u.<br \/>\nOvo punjenje u boce 2023. nastavlja Bombergerovu tradiciju; viski je odle\u017eavao u ba\u010dvama od hrasta Chinquapin (Quercus muehlenbergii) i ugljenisanim ba\u010dvama od ameri\u010dkog hrasta.<br \/>\nSmall batch; <strong>Pu\u0161teno je u prodaju samo 2.965 boca<\/strong>.<\/p>\n<p>&nbsp;<\/p>\n<h3>Bilje\u0161ke o ku\u0161anju<\/h3>\n<p><strong>Nose<\/strong>tamno vo\u0107e u pratnji ora\u0161astih plodova i spaljene karamele.<\/p>\n<p><strong>Taste<\/strong>: duboka, bogata melasa koja ustupa mjesto slojevima suhog vo\u0107a i prelazi u bogatu \u010dokoladu i topli, dugi zavr\u0161etak pe\u010denja s notama za\u010dina.<\/p>\n<p><strong>Zavr\u0161iti<\/strong>: dugotrajan i slo\u017een.<\/p>\n<p>&nbsp;<\/p>\n<h4>Atributi<\/h4>\n<table>\n<tbody>\n<tr>\n<td><strong>Kategorija<\/strong><\/td>\n<td><a title=\"ameri\u010dki viski\" href=\"https:\/\/comprehensiveliquor.com\/hr\/product-category\/american-whiskey\/\">ameri\u010dki viski<\/a><\/td>\n<\/tr>\n<tr>\n<td><strong>Marka<\/strong><\/td>\n<td><a title=\"Michter's\" href=\"https:\/\/www.whisky.fr\/en\/brands\/michter-s.html\" target=\"_blank\" rel=\"noopener\">Michter&#8217;s<\/a><\/td>\n<\/tr>\n<tr>\n<td><strong>Region<\/strong><\/td>\n<td>America<\/td>\n<\/tr>\n<tr>\n<td><strong>ABV<\/strong><\/td>\n<td>45%<\/td>\n<\/tr>\n<\/tbody>\n<\/table>","protected":false},"excerpt":{"rendered":"<p>Michter&#8217;s Bomberger&#8217;s Declaration 2023 Release Small Batch Bomberger\u2019s Declaration, Kentucky Straight Bourbon Whiskey from Michter\u2019s Distillery honors the legacy of the former distillery known as Bomberger\u2019s in the 1800s and Michter\u2019s in the 20th century. This 2023 bottling continues Bomberger\u2019s tradition; the whiskey was aged in Chinquapin oak (Quercus muehlenbergii) and charred American oak casks. [&hellip;]<\/p>\n","protected":false},"featured_media":4272,"comment_status":"closed","ping_status":"closed","template":"","meta":{"site-sidebar-layout":"default","site-content-layout":"","ast-site-content-layout":"default","site-content-style":"default","site-sidebar-style":"default","ast-global-header-display":"","ast-banner-title-visibility":"","ast-main-header-display":"","ast-hfb-above-header-display":"","ast-hfb-below-header-display":"","ast-hfb-mobile-header-display":"","site-post-title":"","ast-breadcrumbs-content":"","ast-featured-img":"","footer-sml-layout":"","ast-disable-related-posts":"","theme-transparent-header-meta":"default","adv-header-id-meta":"","stick-header-meta":"","header-above-stick-meta":"","header-main-stick-meta":"","header-below-stick-meta":"","astra-migrate-meta-layouts":"set","ast-page-background-enabled":"default","ast-page-background-meta":{"desktop":{"background-color":"","background-image":"","background-repeat":"repeat","background-position":"center center","background-size":"auto","background-attachment":"scroll","background-type":"","background-media":"","overlay-type":"","overlay-color":"","overlay-opacity":"","overlay-gradient":""},"tablet":{"background-color":"","background-image":"","background-repeat":"repeat","background-position":"center center","background-size":"auto","background-attachment":"scroll","background-type":"","background-media":"","overlay-type":"","overlay-color":"","overlay-opacity":"","overlay-gradient":""},"mobile":{"background-color":"","background-image":"","background-repeat":"repeat","background-position":"center center","background-size":"auto","background-attachment":"scroll","background-type":"","background-media":"","overlay-type":"","overlay-color":"","overlay-opacity":"","overlay-gradient":""}},"ast-content-background-meta":{"desktop":{"background-color":"var(--ast-global-color-5)","background-image":"","background-repeat":"repeat","background-position":"center center","background-size":"auto","background-attachment":"scroll","background-type":"","background-media":"","overlay-type":"","overlay-color":"","overlay-opacity":"","overlay-gradient":""},"tablet":{"background-color":"var(--ast-global-color-5)","background-image":"","background-repeat":"repeat","background-position":"center center","background-size":"auto","background-attachment":"scroll","background-type":"","background-media":"","overlay-type":"","overlay-color":"","overlay-opacity":"","overlay-gradient":""},"mobile":{"background-color":"var(--ast-global-color-5)","background-image":"","background-repeat":"repeat","background-position":"center center","background-size":"auto","background-attachment":"scroll","background-type":"","background-media":"","overlay-type":"","overlay-color":"","overlay-opacity":"","overlay-gradient":""}}},"product_brand":[],"product_cat":[17],"product_tag":[],"class_list":{"0":"post-4271","1":"product","2":"type-product","3":"status-publish","4":"has-post-thumbnail","6":"product_cat-american-whiskey","7":"desktop-align-center","8":"tablet-align-left","9":"mobile-align-left","11":"first","12":"instock","13":"shipping-taxable","14":"purchasable","15":"product-type-simple"},"yoast_head":"<!-- This site is optimized with the Yoast SEO Premium plugin v24.7 (Yoast SEO v27.5) - https:\/\/yoast.com\/product\/yoast-seo-premium-wordpress\/ -->\n<title>Michter&#039;s Bomberger&#039;s Declaration Small Batch 2023 Release<\/title>\n<meta name=\"description\" content=\"Michter&#039;s Bomberger&#039;s Declaration 2023 Release Small Batch Bomberger\u2019s Declaration, Kentucky Straight Bourbon Whiskey from Michter\u2019s Distillery honors the\" \/>\n<meta name=\"robots\" content=\"index, follow, max-snippet:-1, max-image-preview:large, max-video-preview:-1\" \/>\n<link rel=\"canonical\" href=\"https:\/\/comprehensiveliquor.com\/hr\/product\/michters-bombergers-declaration-small-batch-2023-release\/\" \/>\n<meta property=\"og:locale\" content=\"hr_HR\" \/>\n<meta property=\"og:type\" content=\"article\" \/>\n<meta property=\"og:title\" content=\"Michter&#039;s Bomberger&#039;s Declaration Small Batch 2023 Release\" \/>\n<meta property=\"og:description\" content=\"Michter&#039;s Bomberger&#039;s Declaration 2023 Release Small Batch Bomberger\u2019s Declaration, Kentucky Straight Bourbon Whiskey from Michter\u2019s Distillery honors the\" \/>\n<meta property=\"og:url\" content=\"https:\/\/comprehensiveliquor.com\/hr\/product\/michters-bombergers-declaration-small-batch-2023-release\/\" \/>\n<meta property=\"og:site_name\" content=\"Comprehensive Liquor\" \/>\n<meta property=\"og:image\" content=\"https:\/\/comprehensiveliquor.com\/wp-content\/uploads\/2024\/03\/image_2024-03-08_140218118.png\" \/>\n\t<meta property=\"og:image:width\" content=\"1025\" \/>\n\t<meta property=\"og:image:height\" content=\"1025\" \/>\n\t<meta property=\"og:image:type\" content=\"image\/png\" \/>\n<meta name=\"twitter:card\" content=\"summary_large_image\" \/>\n<meta name=\"twitter:label1\" content=\"Procijenjeno vrijeme \u010ditanja\" \/>\n\t<meta name=\"twitter:data1\" content=\"1 minuta\" \/>\n<script type=\"application\/ld+json\" class=\"yoast-schema-graph\">{\"@context\":\"https:\\\/\\\/schema.org\",\"@graph\":[{\"@type\":\"WebPage\",\"@id\":\"https:\\\/\\\/comprehensiveliquor.com\\\/product\\\/michters-bombergers-declaration-small-batch-2023-release\\\/\",\"url\":\"https:\\\/\\\/comprehensiveliquor.com\\\/product\\\/michters-bombergers-declaration-small-batch-2023-release\\\/\",\"name\":\"Michter's Bomberger's Declaration Small Batch 2023 Release\",\"isPartOf\":{\"@id\":\"https:\\\/\\\/comprehensiveliquor.com\\\/#website\"},\"primaryImageOfPage\":{\"@id\":\"https:\\\/\\\/comprehensiveliquor.com\\\/product\\\/michters-bombergers-declaration-small-batch-2023-release\\\/#primaryimage\"},\"image\":{\"@id\":\"https:\\\/\\\/comprehensiveliquor.com\\\/product\\\/michters-bombergers-declaration-small-batch-2023-release\\\/#primaryimage\"},\"thumbnailUrl\":\"https:\\\/\\\/comprehensiveliquor.com\\\/wp-content\\\/uploads\\\/2024\\\/03\\\/image_2024-03-08_140218118.png\",\"datePublished\":\"2024-03-08T13:09:09+00:00\",\"description\":\"Michter's Bomberger's Declaration 2023 Release Small Batch Bomberger\u2019s Declaration, Kentucky Straight Bourbon Whiskey from Michter\u2019s Distillery honors the\",\"breadcrumb\":{\"@id\":\"https:\\\/\\\/comprehensiveliquor.com\\\/product\\\/michters-bombergers-declaration-small-batch-2023-release\\\/#breadcrumb\"},\"inLanguage\":\"hr\",\"potentialAction\":[{\"@type\":\"ReadAction\",\"target\":[\"https:\\\/\\\/comprehensiveliquor.com\\\/product\\\/michters-bombergers-declaration-small-batch-2023-release\\\/\"]}]},{\"@type\":\"ImageObject\",\"inLanguage\":\"hr\",\"@id\":\"https:\\\/\\\/comprehensiveliquor.com\\\/product\\\/michters-bombergers-declaration-small-batch-2023-release\\\/#primaryimage\",\"url\":\"https:\\\/\\\/comprehensiveliquor.com\\\/wp-content\\\/uploads\\\/2024\\\/03\\\/image_2024-03-08_140218118.png\",\"contentUrl\":\"https:\\\/\\\/comprehensiveliquor.com\\\/wp-content\\\/uploads\\\/2024\\\/03\\\/image_2024-03-08_140218118.png\",\"width\":1025,\"height\":1025,\"caption\":\"#image_title\"},{\"@type\":\"BreadcrumbList\",\"@id\":\"https:\\\/\\\/comprehensiveliquor.com\\\/product\\\/michters-bombergers-declaration-small-batch-2023-release\\\/#breadcrumb\",\"itemListElement\":[{\"@type\":\"ListItem\",\"position\":1,\"name\":\"Home\",\"item\":\"https:\\\/\\\/comprehensiveliquor.com\\\/\"},{\"@type\":\"ListItem\",\"position\":2,\"name\":\"Shop\",\"item\":\"https:\\\/\\\/comprehensiveliquor.com\\\/shop\\\/\"},{\"@type\":\"ListItem\",\"position\":3,\"name\":\"Michter&#8217;s Bomberger&#8217;s Declaration Small Batch 2023 Release\"}]},{\"@type\":\"WebSite\",\"@id\":\"https:\\\/\\\/comprehensiveliquor.com\\\/#website\",\"url\":\"https:\\\/\\\/comprehensiveliquor.com\\\/\",\"name\":\"Comprehensive Liquor\",\"description\":\"Best Liquor Store\",\"publisher\":{\"@id\":\"https:\\\/\\\/comprehensiveliquor.com\\\/#organization\"},\"alternateName\":\"Comprehensive Liquor Store\",\"potentialAction\":[{\"@type\":\"SearchAction\",\"target\":{\"@type\":\"EntryPoint\",\"urlTemplate\":\"https:\\\/\\\/comprehensiveliquor.com\\\/?s={search_term_string}\"},\"query-input\":{\"@type\":\"PropertyValueSpecification\",\"valueRequired\":true,\"valueName\":\"search_term_string\"}}],\"inLanguage\":\"hr\"},{\"@type\":\"Organization\",\"@id\":\"https:\\\/\\\/comprehensiveliquor.com\\\/#organization\",\"name\":\"Comprehensive Liquor\",\"alternateName\":\"Comprehensive Liquor Store\",\"url\":\"https:\\\/\\\/comprehensiveliquor.com\\\/\",\"logo\":{\"@type\":\"ImageObject\",\"inLanguage\":\"hr\",\"@id\":\"https:\\\/\\\/comprehensiveliquor.com\\\/#\\\/schema\\\/logo\\\/image\\\/\",\"url\":\"https:\\\/\\\/comprehensiveliquor.com\\\/wp-content\\\/uploads\\\/2024\\\/03\\\/cropped-image_2024-03-26_131408877.png\",\"contentUrl\":\"https:\\\/\\\/comprehensiveliquor.com\\\/wp-content\\\/uploads\\\/2024\\\/03\\\/cropped-image_2024-03-26_131408877.png\",\"width\":378,\"height\":263,\"caption\":\"Comprehensive Liquor\"},\"image\":{\"@id\":\"https:\\\/\\\/comprehensiveliquor.com\\\/#\\\/schema\\\/logo\\\/image\\\/\"}}]}<\/script>\n<!-- \/ Yoast SEO Premium plugin. -->","yoast_head_json":{"title":"Michter's Bomberger's Declaration Small Batch 2023 Release","description":"Michterova Bombergerova deklaracija 2023. Izdanje male serije Bombergerove deklaracije, Kentucky Straight Bourbon viskija iz destilerije Michter u \u010dast","robots":{"index":"index","follow":"follow","max-snippet":"max-snippet:-1","max-image-preview":"max-image-preview:large","max-video-preview":"max-video-preview:-1"},"canonical":"https:\/\/comprehensiveliquor.com\/hr\/product\/michters-bombergers-declaration-small-batch-2023-release\/","og_locale":"hr_HR","og_type":"article","og_title":"Michter's Bomberger's Declaration Small Batch 2023 Release","og_description":"Michter's Bomberger's Declaration 2023 Release Small Batch Bomberger\u2019s Declaration, Kentucky Straight Bourbon Whiskey from Michter\u2019s Distillery honors the","og_url":"https:\/\/comprehensiveliquor.com\/hr\/product\/michters-bombergers-declaration-small-batch-2023-release\/","og_site_name":"Comprehensive Liquor","og_image":[{"width":1025,"height":1025,"url":"https:\/\/comprehensiveliquor.com\/wp-content\/uploads\/2024\/03\/image_2024-03-08_140218118.png","type":"image\/png"}],"twitter_card":"summary_large_image","twitter_misc":{"Procijenjeno vrijeme \u010ditanja":"1 minuta"},"schema":{"@context":"https:\/\/schema.org","@graph":[{"@type":"WebPage","@id":"https:\/\/comprehensiveliquor.com\/product\/michters-bombergers-declaration-small-batch-2023-release\/","url":"https:\/\/comprehensiveliquor.com\/product\/michters-bombergers-declaration-small-batch-2023-release\/","name":"Michter's Bomberger's Declaration Small Batch 2023 Release","isPartOf":{"@id":"https:\/\/comprehensiveliquor.com\/#website"},"primaryImageOfPage":{"@id":"https:\/\/comprehensiveliquor.com\/product\/michters-bombergers-declaration-small-batch-2023-release\/#primaryimage"},"image":{"@id":"https:\/\/comprehensiveliquor.com\/product\/michters-bombergers-declaration-small-batch-2023-release\/#primaryimage"},"thumbnailUrl":"https:\/\/comprehensiveliquor.com\/wp-content\/uploads\/2024\/03\/image_2024-03-08_140218118.png","datePublished":"2024-03-08T13:09:09+00:00","description":"Michterova Bombergerova deklaracija 2023. Izdanje male serije Bombergerove deklaracije, Kentucky Straight Bourbon viskija iz destilerije Michter u \u010dast","breadcrumb":{"@id":"https:\/\/comprehensiveliquor.com\/product\/michters-bombergers-declaration-small-batch-2023-release\/#breadcrumb"},"inLanguage":"hr","potentialAction":[{"@type":"ReadAction","target":["https:\/\/comprehensiveliquor.com\/product\/michters-bombergers-declaration-small-batch-2023-release\/"]}]},{"@type":"ImageObject","inLanguage":"hr","@id":"https:\/\/comprehensiveliquor.com\/product\/michters-bombergers-declaration-small-batch-2023-release\/#primaryimage","url":"https:\/\/comprehensiveliquor.com\/wp-content\/uploads\/2024\/03\/image_2024-03-08_140218118.png","contentUrl":"https:\/\/comprehensiveliquor.com\/wp-content\/uploads\/2024\/03\/image_2024-03-08_140218118.png","width":1025,"height":1025,"caption":"#image_title"},{"@type":"BreadcrumbList","@id":"https:\/\/comprehensiveliquor.com\/product\/michters-bombergers-declaration-small-batch-2023-release\/#breadcrumb","itemListElement":[{"@type":"ListItem","position":1,"name":"Home","item":"https:\/\/comprehensiveliquor.com\/"},{"@type":"ListItem","position":2,"name":"Shop","item":"https:\/\/comprehensiveliquor.com\/shop\/"},{"@type":"ListItem","position":3,"name":"Michter&#8217;s Bomberger&#8217;s Declaration Small Batch 2023 Release"}]},{"@type":"WebSite","@id":"https:\/\/comprehensiveliquor.com\/#website","url":"https:\/\/comprehensiveliquor.com\/","name":"Opse\u017ena alkoholna pi\u0107a","description":"Best Liquor Store","publisher":{"@id":"https:\/\/comprehensiveliquor.com\/#organization"},"alternateName":"Comprehensive Liquor Store","potentialAction":[{"@type":"SearchAction","target":{"@type":"EntryPoint","urlTemplate":"https:\/\/comprehensiveliquor.com\/?s={search_term_string}"},"query-input":{"@type":"PropertyValueSpecification","valueRequired":true,"valueName":"search_term_string"}}],"inLanguage":"hr"},{"@type":"Organization","@id":"https:\/\/comprehensiveliquor.com\/#organization","name":"Opse\u017ena alkoholna pi\u0107a","alternateName":"Comprehensive Liquor Store","url":"https:\/\/comprehensiveliquor.com\/","logo":{"@type":"ImageObject","inLanguage":"hr","@id":"https:\/\/comprehensiveliquor.com\/#\/schema\/logo\/image\/","url":"https:\/\/comprehensiveliquor.com\/wp-content\/uploads\/2024\/03\/cropped-image_2024-03-26_131408877.png","contentUrl":"https:\/\/comprehensiveliquor.com\/wp-content\/uploads\/2024\/03\/cropped-image_2024-03-26_131408877.png","width":378,"height":263,"caption":"Comprehensive Liquor"},"image":{"@id":"https:\/\/comprehensiveliquor.com\/#\/schema\/logo\/image\/"}}]}},"_links":{"self":[{"href":"https:\/\/comprehensiveliquor.com\/hr\/wp-json\/wp\/v2\/product\/4271","targetHints":{"allow":["GET"]}}],"collection":[{"href":"https:\/\/comprehensiveliquor.com\/hr\/wp-json\/wp\/v2\/product"}],"about":[{"href":"https:\/\/comprehensiveliquor.com\/hr\/wp-json\/wp\/v2\/types\/product"}],"replies":[{"embeddable":true,"href":"https:\/\/comprehensiveliquor.com\/hr\/wp-json\/wp\/v2\/comments?post=4271"}],"wp:featuredmedia":[{"embeddable":true,"href":"https:\/\/comprehensiveliquor.com\/hr\/wp-json\/wp\/v2\/media\/4272"}],"wp:attachment":[{"href":"https:\/\/comprehensiveliquor.com\/hr\/wp-json\/wp\/v2\/media?parent=4271"}],"wp:term":[{"taxonomy":"product_brand","embeddable":true,"href":"https:\/\/comprehensiveliquor.com\/hr\/wp-json\/wp\/v2\/product_brand?post=4271"},{"taxonomy":"product_cat","embeddable":true,"href":"https:\/\/comprehensiveliquor.com\/hr\/wp-json\/wp\/v2\/product_cat?post=4271"},{"taxonomy":"product_tag","embeddable":true,"href":"https:\/\/comprehensiveliquor.com\/hr\/wp-json\/wp\/v2\/product_tag?post=4271"}],"curies":[{"name":"wp","href":"https:\/\/api.w.org\/{rel}","templated":true}]}}