{"id":4901,"date":"2025-11-14T13:24:46","date_gmt":"2025-11-14T13:24:46","guid":{"rendered":"https:\/\/comprehensiveliquor.com\/?post_type=product&#038;p=4901"},"modified":"2025-11-14T13:26:04","modified_gmt":"2025-11-14T13:26:04","slug":"deposit-dalmore-cask-curation-series-red-wine-edition-2025","status":"publish","type":"product","link":"https:\/\/comprehensiveliquor.com\/hr\/product\/deposit-dalmore-cask-curation-series-red-wine-edition-2025\/","title":{"rendered":"Deposit: Dalmore Cask Curation Series Red Wine Edition 2025"},"content":{"rendered":"<h2>Deposit: Dalmore Cask Curation Series Red Wine Edition 2025 Description<\/h2>\n<div class=\"section-content\">\n<p>A superb and rare release, The Red Wine Cask Edition is the third addition to the Cask Curation Series from The Dalmore. This newest instalment in the range explores the flavourful effects of 2023 Ch\u00e2teauneuf-Du-Pape cask maturation on whisky, in collaboration with Ch\u00e2teau Mont-Redon. The Red Wine Cask Edition comprises the 24, 34, and 43 year old bottlings. Limited to 150 sets worldwide.<\/p>\n<p>The 24 Year Old<\/p>\n<p>Bottled at 40.7% ABV, this release offers aromas of rich honey, sweet citrus and hints of orchard fruit, alongside a palate brimming with red berries, cr\u00e8me br\u00fbl\u00e9e, orange zest and hints of dark toffee. The finish zings with notes of mandarin, roasted coffee and soft spices.<\/p>\n<p>The 34 Year Old<\/p>\n<p>Exactly a decade older than the first of these releases, this liquid is superb. Bottled at 40.5% abv, the nose opens with soft florals, and subtle forest fruits. The palate is rich in dark berries, stone fruits, vanilla, and gentle wood spice. The finish draws all these disparate elements together in a lovely warm drizzled honey finish.<\/p>\n<p>The 43 Year old<\/p>\n<p>The pinnacle of the collection, this 43 Year Old single malt is bottled at 40.3% ABV, with a nose of dried fruit and orange marmalade, alongside a palate of forest berries, dark chocolate, hints of honeyed mango and warming spice. Bold on the finish, you\u2019ll find final notes of dark fruit, a hint of espresso, and aged wood spice.<\/p>\n<\/div>\n<p>&nbsp;<\/p>\n<h3>Atributi<\/h3>\n<table>\n<tbody>\n<tr>\n<td><b>Kategorija<\/b><\/td>\n<td><a href=\"https:\/\/comprehensiveliquor.com\/hr\/product-category\/scotch-whisky\/\">Scotch Whiskey<\/a><\/td>\n<\/tr>\n<tr>\n<td><b>Distillery<\/b><\/td>\n<td>The Dalmore<\/td>\n<\/tr>\n<tr>\n<td><strong>ABV<\/strong><\/td>\n<td>40.3% &#8211; 40.7%<\/td>\n<\/tr>\n<tr>\n<td><strong>Cask Type<\/strong><\/td>\n<td><a href=\"https:\/\/comprehensiveliquor.com\/hr\/product-category\/single-malt-whisky\/\">Scotch Single Malt<\/a><\/td>\n<\/tr>\n<tr>\n<td><strong>Size<\/strong><\/td>\n<td>3x70cl<\/td>\n<\/tr>\n<tr>\n<td><strong>Ograni\u010deno izdanje<\/strong><\/td>\n<td>Yes<\/td>\n<\/tr>\n<\/tbody>\n<\/table>","protected":false},"excerpt":{"rendered":"<p>Deposit: Dalmore Cask Curation Series Red Wine Edition 2025 Description A superb and rare release, The Red Wine Cask Edition is the third addition to the Cask Curation Series from The Dalmore. This newest instalment in the range explores the flavourful effects of 2023 Ch\u00e2teauneuf-Du-Pape cask maturation on whisky, in collaboration with Ch\u00e2teau Mont-Redon. The [&hellip;]<\/p>\n","protected":false},"featured_media":4903,"comment_status":"closed","ping_status":"closed","template":"","meta":{"site-sidebar-layout":"default","site-content-layout":"","ast-site-content-layout":"default","site-content-style":"default","site-sidebar-style":"default","ast-global-header-display":"","ast-banner-title-visibility":"","ast-main-header-display":"","ast-hfb-above-header-display":"","ast-hfb-below-header-display":"","ast-hfb-mobile-header-display":"","site-post-title":"","ast-breadcrumbs-content":"","ast-featured-img":"","footer-sml-layout":"","ast-disable-related-posts":"","theme-transparent-header-meta":"default","adv-header-id-meta":"","stick-header-meta":"","header-above-stick-meta":"","header-main-stick-meta":"","header-below-stick-meta":"","astra-migrate-meta-layouts":"set","ast-page-background-enabled":"default","ast-page-background-meta":{"desktop":{"background-color":"","background-image":"","background-repeat":"repeat","background-position":"center center","background-size":"auto","background-attachment":"scroll","background-type":"","background-media":"","overlay-type":"","overlay-color":"","overlay-opacity":"","overlay-gradient":""},"tablet":{"background-color":"","background-image":"","background-repeat":"repeat","background-position":"center center","background-size":"auto","background-attachment":"scroll","background-type":"","background-media":"","overlay-type":"","overlay-color":"","overlay-opacity":"","overlay-gradient":""},"mobile":{"background-color":"","background-image":"","background-repeat":"repeat","background-position":"center center","background-size":"auto","background-attachment":"scroll","background-type":"","background-media":"","overlay-type":"","overlay-color":"","overlay-opacity":"","overlay-gradient":""}},"ast-content-background-meta":{"desktop":{"background-color":"var(--ast-global-color-5)","background-image":"","background-repeat":"repeat","background-position":"center center","background-size":"auto","background-attachment":"scroll","background-type":"","background-media":"","overlay-type":"","overlay-color":"","overlay-opacity":"","overlay-gradient":""},"tablet":{"background-color":"var(--ast-global-color-5)","background-image":"","background-repeat":"repeat","background-position":"center center","background-size":"auto","background-attachment":"scroll","background-type":"","background-media":"","overlay-type":"","overlay-color":"","overlay-opacity":"","overlay-gradient":""},"mobile":{"background-color":"var(--ast-global-color-5)","background-image":"","background-repeat":"repeat","background-position":"center center","background-size":"auto","background-attachment":"scroll","background-type":"","background-media":"","overlay-type":"","overlay-color":"","overlay-opacity":"","overlay-gradient":""}}},"product_brand":[],"product_cat":[39],"product_tag":[],"class_list":{"0":"post-4901","1":"product","2":"type-product","3":"status-publish","4":"has-post-thumbnail","6":"product_cat-scotch-whisky","7":"desktop-align-center","8":"tablet-align-left","9":"mobile-align-left","11":"first","12":"instock","13":"shipping-taxable","14":"purchasable","15":"product-type-simple"},"yoast_head":"<!-- This site is optimized with the Yoast SEO Premium plugin v24.7 (Yoast SEO v27.3) - https:\/\/yoast.com\/product\/yoast-seo-premium-wordpress\/ -->\n<title>Deposit: Dalmore Cask Curation Series Red Wine Edition 2025<\/title>\n<meta name=\"description\" content=\"Deposit: Dalmore Cask Curation Series Red Wine Edition 2025 Description A superb and rare release, The Red Wine Cask Edition is the third addition to the\" \/>\n<meta name=\"robots\" content=\"index, follow, max-snippet:-1, max-image-preview:large, max-video-preview:-1\" \/>\n<link rel=\"canonical\" href=\"https:\/\/comprehensiveliquor.com\/hr\/product\/deposit-dalmore-cask-curation-series-red-wine-edition-2025\/\" \/>\n<meta property=\"og:locale\" content=\"hr_HR\" \/>\n<meta property=\"og:type\" content=\"article\" \/>\n<meta property=\"og:title\" content=\"Deposit: Dalmore Cask Curation Series Red Wine Edition 2025\" \/>\n<meta property=\"og:description\" content=\"Deposit: Dalmore Cask Curation Series Red Wine Edition 2025 Description A superb and rare release, The Red Wine Cask Edition is the third addition to the\" \/>\n<meta property=\"og:url\" content=\"https:\/\/comprehensiveliquor.com\/hr\/product\/deposit-dalmore-cask-curation-series-red-wine-edition-2025\/\" \/>\n<meta property=\"og:site_name\" content=\"Comprehensive Liquor\" \/>\n<meta property=\"article:modified_time\" content=\"2025-11-14T13:26:04+00:00\" \/>\n<meta property=\"og:image\" content=\"https:\/\/comprehensiveliquor.com\/wp-content\/uploads\/2025\/11\/dalmore_cask_curation_series_red_wine_edition_2025_ps-1.jpg\" \/>\n\t<meta property=\"og:image:width\" content=\"700\" \/>\n\t<meta property=\"og:image:height\" content=\"700\" \/>\n\t<meta property=\"og:image:type\" content=\"image\/jpeg\" \/>\n<meta name=\"twitter:card\" content=\"summary_large_image\" \/>\n<meta name=\"twitter:label1\" content=\"Procijenjeno vrijeme \u010ditanja\" \/>\n\t<meta name=\"twitter:data1\" content=\"2 minute\" \/>\n<script type=\"application\/ld+json\" class=\"yoast-schema-graph\">{\"@context\":\"https:\\\/\\\/schema.org\",\"@graph\":[{\"@type\":\"WebPage\",\"@id\":\"https:\\\/\\\/comprehensiveliquor.com\\\/product\\\/deposit-dalmore-cask-curation-series-red-wine-edition-2025\\\/\",\"url\":\"https:\\\/\\\/comprehensiveliquor.com\\\/product\\\/deposit-dalmore-cask-curation-series-red-wine-edition-2025\\\/\",\"name\":\"Deposit: Dalmore Cask Curation Series Red Wine Edition 2025\",\"isPartOf\":{\"@id\":\"https:\\\/\\\/comprehensiveliquor.com\\\/#website\"},\"primaryImageOfPage\":{\"@id\":\"https:\\\/\\\/comprehensiveliquor.com\\\/product\\\/deposit-dalmore-cask-curation-series-red-wine-edition-2025\\\/#primaryimage\"},\"image\":{\"@id\":\"https:\\\/\\\/comprehensiveliquor.com\\\/product\\\/deposit-dalmore-cask-curation-series-red-wine-edition-2025\\\/#primaryimage\"},\"thumbnailUrl\":\"https:\\\/\\\/comprehensiveliquor.com\\\/wp-content\\\/uploads\\\/2025\\\/11\\\/dalmore_cask_curation_series_red_wine_edition_2025_ps-1.jpg\",\"datePublished\":\"2025-11-14T13:24:46+00:00\",\"dateModified\":\"2025-11-14T13:26:04+00:00\",\"description\":\"Deposit: Dalmore Cask Curation Series Red Wine Edition 2025 Description A superb and rare release, The Red Wine Cask Edition is the third addition to the\",\"breadcrumb\":{\"@id\":\"https:\\\/\\\/comprehensiveliquor.com\\\/product\\\/deposit-dalmore-cask-curation-series-red-wine-edition-2025\\\/#breadcrumb\"},\"inLanguage\":\"hr\",\"potentialAction\":[{\"@type\":\"ReadAction\",\"target\":[\"https:\\\/\\\/comprehensiveliquor.com\\\/product\\\/deposit-dalmore-cask-curation-series-red-wine-edition-2025\\\/\"]}]},{\"@type\":\"ImageObject\",\"inLanguage\":\"hr\",\"@id\":\"https:\\\/\\\/comprehensiveliquor.com\\\/product\\\/deposit-dalmore-cask-curation-series-red-wine-edition-2025\\\/#primaryimage\",\"url\":\"https:\\\/\\\/comprehensiveliquor.com\\\/wp-content\\\/uploads\\\/2025\\\/11\\\/dalmore_cask_curation_series_red_wine_edition_2025_ps-1.jpg\",\"contentUrl\":\"https:\\\/\\\/comprehensiveliquor.com\\\/wp-content\\\/uploads\\\/2025\\\/11\\\/dalmore_cask_curation_series_red_wine_edition_2025_ps-1.jpg\",\"width\":700,\"height\":700,\"caption\":\"Deposit: Dalmore Cask Curation Series Red Wine Edition 2025 Bottle\"},{\"@type\":\"BreadcrumbList\",\"@id\":\"https:\\\/\\\/comprehensiveliquor.com\\\/product\\\/deposit-dalmore-cask-curation-series-red-wine-edition-2025\\\/#breadcrumb\",\"itemListElement\":[{\"@type\":\"ListItem\",\"position\":1,\"name\":\"Home\",\"item\":\"https:\\\/\\\/comprehensiveliquor.com\\\/\"},{\"@type\":\"ListItem\",\"position\":2,\"name\":\"Shop\",\"item\":\"https:\\\/\\\/comprehensiveliquor.com\\\/shop\\\/\"},{\"@type\":\"ListItem\",\"position\":3,\"name\":\"Deposit: Dalmore Cask Curation Series Red Wine Edition 2025\"}]},{\"@type\":\"WebSite\",\"@id\":\"https:\\\/\\\/comprehensiveliquor.com\\\/#website\",\"url\":\"https:\\\/\\\/comprehensiveliquor.com\\\/\",\"name\":\"Comprehensive Liquor\",\"description\":\"Best Liquor Store\",\"publisher\":{\"@id\":\"https:\\\/\\\/comprehensiveliquor.com\\\/#organization\"},\"alternateName\":\"Comprehensive Liquor Store\",\"potentialAction\":[{\"@type\":\"SearchAction\",\"target\":{\"@type\":\"EntryPoint\",\"urlTemplate\":\"https:\\\/\\\/comprehensiveliquor.com\\\/?s={search_term_string}\"},\"query-input\":{\"@type\":\"PropertyValueSpecification\",\"valueRequired\":true,\"valueName\":\"search_term_string\"}}],\"inLanguage\":\"hr\"},{\"@type\":\"Organization\",\"@id\":\"https:\\\/\\\/comprehensiveliquor.com\\\/#organization\",\"name\":\"Comprehensive Liquor\",\"alternateName\":\"Comprehensive Liquor Store\",\"url\":\"https:\\\/\\\/comprehensiveliquor.com\\\/\",\"logo\":{\"@type\":\"ImageObject\",\"inLanguage\":\"hr\",\"@id\":\"https:\\\/\\\/comprehensiveliquor.com\\\/#\\\/schema\\\/logo\\\/image\\\/\",\"url\":\"https:\\\/\\\/comprehensiveliquor.com\\\/wp-content\\\/uploads\\\/2024\\\/03\\\/cropped-image_2024-03-26_131408877.png\",\"contentUrl\":\"https:\\\/\\\/comprehensiveliquor.com\\\/wp-content\\\/uploads\\\/2024\\\/03\\\/cropped-image_2024-03-26_131408877.png\",\"width\":378,\"height\":263,\"caption\":\"Comprehensive Liquor\"},\"image\":{\"@id\":\"https:\\\/\\\/comprehensiveliquor.com\\\/#\\\/schema\\\/logo\\\/image\\\/\"}}]}<\/script>\n<!-- \/ Yoast SEO Premium plugin. -->","yoast_head_json":{"title":"Deposit: Dalmore Cask Curation Series Red Wine Edition 2025","description":"Deposit: Dalmore Cask Curation Series Red Wine Edition 2025 Description A superb and rare release, The Red Wine Cask Edition is the third addition to the","robots":{"index":"index","follow":"follow","max-snippet":"max-snippet:-1","max-image-preview":"max-image-preview:large","max-video-preview":"max-video-preview:-1"},"canonical":"https:\/\/comprehensiveliquor.com\/hr\/product\/deposit-dalmore-cask-curation-series-red-wine-edition-2025\/","og_locale":"hr_HR","og_type":"article","og_title":"Deposit: Dalmore Cask Curation Series Red Wine Edition 2025","og_description":"Deposit: Dalmore Cask Curation Series Red Wine Edition 2025 Description A superb and rare release, The Red Wine Cask Edition is the third addition to the","og_url":"https:\/\/comprehensiveliquor.com\/hr\/product\/deposit-dalmore-cask-curation-series-red-wine-edition-2025\/","og_site_name":"Comprehensive Liquor","article_modified_time":"2025-11-14T13:26:04+00:00","og_image":[{"width":700,"height":700,"url":"https:\/\/comprehensiveliquor.com\/wp-content\/uploads\/2025\/11\/dalmore_cask_curation_series_red_wine_edition_2025_ps-1.jpg","type":"image\/jpeg"}],"twitter_card":"summary_large_image","twitter_misc":{"Procijenjeno vrijeme \u010ditanja":"2 minute"},"schema":{"@context":"https:\/\/schema.org","@graph":[{"@type":"WebPage","@id":"https:\/\/comprehensiveliquor.com\/product\/deposit-dalmore-cask-curation-series-red-wine-edition-2025\/","url":"https:\/\/comprehensiveliquor.com\/product\/deposit-dalmore-cask-curation-series-red-wine-edition-2025\/","name":"Deposit: Dalmore Cask Curation Series Red Wine Edition 2025","isPartOf":{"@id":"https:\/\/comprehensiveliquor.com\/#website"},"primaryImageOfPage":{"@id":"https:\/\/comprehensiveliquor.com\/product\/deposit-dalmore-cask-curation-series-red-wine-edition-2025\/#primaryimage"},"image":{"@id":"https:\/\/comprehensiveliquor.com\/product\/deposit-dalmore-cask-curation-series-red-wine-edition-2025\/#primaryimage"},"thumbnailUrl":"https:\/\/comprehensiveliquor.com\/wp-content\/uploads\/2025\/11\/dalmore_cask_curation_series_red_wine_edition_2025_ps-1.jpg","datePublished":"2025-11-14T13:24:46+00:00","dateModified":"2025-11-14T13:26:04+00:00","description":"Deposit: Dalmore Cask Curation Series Red Wine Edition 2025 Description A superb and rare release, The Red Wine Cask Edition is the third addition to the","breadcrumb":{"@id":"https:\/\/comprehensiveliquor.com\/product\/deposit-dalmore-cask-curation-series-red-wine-edition-2025\/#breadcrumb"},"inLanguage":"hr","potentialAction":[{"@type":"ReadAction","target":["https:\/\/comprehensiveliquor.com\/product\/deposit-dalmore-cask-curation-series-red-wine-edition-2025\/"]}]},{"@type":"ImageObject","inLanguage":"hr","@id":"https:\/\/comprehensiveliquor.com\/product\/deposit-dalmore-cask-curation-series-red-wine-edition-2025\/#primaryimage","url":"https:\/\/comprehensiveliquor.com\/wp-content\/uploads\/2025\/11\/dalmore_cask_curation_series_red_wine_edition_2025_ps-1.jpg","contentUrl":"https:\/\/comprehensiveliquor.com\/wp-content\/uploads\/2025\/11\/dalmore_cask_curation_series_red_wine_edition_2025_ps-1.jpg","width":700,"height":700,"caption":"Deposit: Dalmore Cask Curation Series Red Wine Edition 2025 Bottle"},{"@type":"BreadcrumbList","@id":"https:\/\/comprehensiveliquor.com\/product\/deposit-dalmore-cask-curation-series-red-wine-edition-2025\/#breadcrumb","itemListElement":[{"@type":"ListItem","position":1,"name":"Home","item":"https:\/\/comprehensiveliquor.com\/"},{"@type":"ListItem","position":2,"name":"Shop","item":"https:\/\/comprehensiveliquor.com\/shop\/"},{"@type":"ListItem","position":3,"name":"Deposit: Dalmore Cask Curation Series Red Wine Edition 2025"}]},{"@type":"WebSite","@id":"https:\/\/comprehensiveliquor.com\/#website","url":"https:\/\/comprehensiveliquor.com\/","name":"Opse\u017ena alkoholna pi\u0107a","description":"Best Liquor Store","publisher":{"@id":"https:\/\/comprehensiveliquor.com\/#organization"},"alternateName":"Comprehensive Liquor Store","potentialAction":[{"@type":"SearchAction","target":{"@type":"EntryPoint","urlTemplate":"https:\/\/comprehensiveliquor.com\/?s={search_term_string}"},"query-input":{"@type":"PropertyValueSpecification","valueRequired":true,"valueName":"search_term_string"}}],"inLanguage":"hr"},{"@type":"Organization","@id":"https:\/\/comprehensiveliquor.com\/#organization","name":"Opse\u017ena alkoholna pi\u0107a","alternateName":"Comprehensive Liquor Store","url":"https:\/\/comprehensiveliquor.com\/","logo":{"@type":"ImageObject","inLanguage":"hr","@id":"https:\/\/comprehensiveliquor.com\/#\/schema\/logo\/image\/","url":"https:\/\/comprehensiveliquor.com\/wp-content\/uploads\/2024\/03\/cropped-image_2024-03-26_131408877.png","contentUrl":"https:\/\/comprehensiveliquor.com\/wp-content\/uploads\/2024\/03\/cropped-image_2024-03-26_131408877.png","width":378,"height":263,"caption":"Comprehensive Liquor"},"image":{"@id":"https:\/\/comprehensiveliquor.com\/#\/schema\/logo\/image\/"}}]}},"_links":{"self":[{"href":"https:\/\/comprehensiveliquor.com\/hr\/wp-json\/wp\/v2\/product\/4901","targetHints":{"allow":["GET"]}}],"collection":[{"href":"https:\/\/comprehensiveliquor.com\/hr\/wp-json\/wp\/v2\/product"}],"about":[{"href":"https:\/\/comprehensiveliquor.com\/hr\/wp-json\/wp\/v2\/types\/product"}],"replies":[{"embeddable":true,"href":"https:\/\/comprehensiveliquor.com\/hr\/wp-json\/wp\/v2\/comments?post=4901"}],"wp:featuredmedia":[{"embeddable":true,"href":"https:\/\/comprehensiveliquor.com\/hr\/wp-json\/wp\/v2\/media\/4903"}],"wp:attachment":[{"href":"https:\/\/comprehensiveliquor.com\/hr\/wp-json\/wp\/v2\/media?parent=4901"}],"wp:term":[{"taxonomy":"product_brand","embeddable":true,"href":"https:\/\/comprehensiveliquor.com\/hr\/wp-json\/wp\/v2\/product_brand?post=4901"},{"taxonomy":"product_cat","embeddable":true,"href":"https:\/\/comprehensiveliquor.com\/hr\/wp-json\/wp\/v2\/product_cat?post=4901"},{"taxonomy":"product_tag","embeddable":true,"href":"https:\/\/comprehensiveliquor.com\/hr\/wp-json\/wp\/v2\/product_tag?post=4901"}],"curies":[{"name":"wp","href":"https:\/\/api.w.org\/{rel}","templated":true}]}}