{"id":1968,"date":"2022-10-14T21:20:28","date_gmt":"2022-10-14T21:20:28","guid":{"rendered":"https:\/\/comprehensiveliquor.com\/?page_id=1968"},"modified":"2022-10-23T11:59:30","modified_gmt":"2022-10-23T11:59:30","slug":"shipping-information","status":"publish","type":"page","link":"https:\/\/comprehensiveliquor.com\/hu\/shipping-information\/","title":{"rendered":"Sz\u00e1ll\u00edt\u00e1si inform\u00e1ci\u00f3k"},"content":{"rendered":"<p>A sz\u00e1ll\u00edt\u00e1si k\u00f6lts\u00e9g megtud\u00e1s\u00e1hoz v\u00e1s\u00e1rl\u00e1s el\u0151tt k\u00e9rj\u00fck, haszn\u00e1lja a sz\u00e1ll\u00edt\u00e1si kalkul\u00e1torunkat a p\u00e9nzt\u00e1rn\u00e1l. V\u00e1lassza ki a megv\u00e1s\u00e1rolni k\u00edv\u00e1nt term\u00e9keket. Csak adja meg az ir\u00e1ny\u00edt\u00f3sz\u00e1m\u00e1t a rendel\u00e9s \u00f6sszes\u00edt\u0151 oldal\u00e1n, \u00e9s az kisz\u00e1m\u00edtja a sz\u00e1ll\u00edt\u00e1si k\u00f6lts\u00e9geket az \u00d6n ir\u00e1ny\u00edt\u00f3sz\u00e1m\u00e1ra.<\/p>\n\n\n\n<p><strong>UPS \u00e9s FedEx kombin\u00e1ci\u00f3j\u00e1t haszn\u00e1ljuk<\/strong>&nbsp;minden csomag k\u00e9zbes\u00edt\u00e9s\u00e9re. A sz\u00e1ll\u00edtm\u00e1nyoz\u00f3 nem sz\u00e1ll\u00edt postafi\u00f3kokba, de minden lakoss\u00e1gi \u00e9s \u00fczleti c\u00edmre sz\u00e1ll\u00edt.<\/p>\n\n\n\n<p><strong>T\u00f6rv\u00e9nyes korhat\u00e1r<\/strong>\u00a0minden alkoholsz\u00e1ll\u00edtm\u00e1nyt egy feln\u0151ttnek kell al\u00e1\u00edrnia, aki <strong>81 \u00e9ves vagy id\u0151sebb.<\/strong>\u00a0Nincsenek kiv\u00e9telek. Az alkoholsz\u00e1ll\u00edtm\u00e1nyokat egy\u00a0<strong>\u201eFeln\u0151tt al\u00e1\u00edr\u00e1sa sz\u00fcks\u00e9ges\u201d<\/strong>\u00a0kik\u00f6t\u00e9s, \u00e9s a k\u00e9zbes\u00edt\u00e9shez haszn\u00e1lt k\u00f6z\u00f6s sz\u00e1ll\u00edt\u00f3nak k\u00f6teless\u00e9ge az \u00e1ru k\u00e9zbes\u00edt\u00e9se el\u0151tt k\u00e9rni \u00e9s igazolni a szem\u00e9lyazonos\u00edt\u00f3 okm\u00e1nyt.<\/p>\n\n\n\n<p><strong>Feln\u0151tt al\u00e1\u00edr\u00e1s sz\u00fcks\u00e9ges<\/strong>\u00a0Kisz\u00e1ll\u00edt\u00e1skor minden v\u00e1s\u00e1rl\u00e1st 18 \u00e9ves vagy ann\u00e1l id\u0151sebb szem\u00e9lynek kell lebonyol\u00edtania. A k\u00e9zbes\u00edt\u0151 igazolnia kell a kor\u00e1t, \u00e9s minden k\u00e9zbes\u00edt\u00e9shez al\u00e1\u00edr\u00e1s sz\u00fcks\u00e9ges. Csak 18 \u00e9ves vagy ann\u00e1l id\u0151sebb szem\u00e9lyek vehetik \u00e1t a k\u00e9zbes\u00edt\u00e9st.<\/p>\n\n\n\n<p><a href=\"https:\/\/www.fedex.com\/en-cm\/home.html\" target=\"_blank\" rel=\"noopener\" title=\"\">FedEx<\/a><strong><strong> <\/strong><\/strong>\u00e9s <strong>UPS<\/strong> Ittas szem\u00e9lynek nem sz\u00e1ll\u00edtunk. K\u00e9rj\u00fck, fogyasszon felel\u0151ss\u00e9gteljesen. Ha nincs 18 \u00e9ven fel\u00fcli szem\u00e9ly, aki \u00e1tvenn\u00e9 a csomagot, azt nem hagyjuk ott. Ez\u00e9rt azt javasoljuk, hogy munkahelyi vagy \u00fczleti c\u00edmre sz\u00e1ll\u00edtson. Postafi\u00f3kba, FPO vagy APO c\u00edmre nem tudunk sz\u00e1ll\u00edtani.<\/p>\n\n\n\n<h4 class=\"wp-block-heading\">Sz\u00e1ll\u00edtanak az orsz\u00e1gomba vagy \u00e1llamomba?<\/h4>\n\n\n\n<p>Eur\u00f3p\u00e1ba, \u00c1zsi\u00e1ba, Kanad\u00e1ba \u00e9s az USA-ba sz\u00e1ll\u00edtunk, amennyiben a t\u00f6rv\u00e9nyek enged\u00e9lyezik az alkoholterm\u00e9kek sz\u00e1ll\u00edt\u00e1s\u00e1t az \u00d6n \u00e1llam\u00e1ba vagy megy\u00e9j\u00e9be.<\/p>\n\n\n\n<h4 class=\"wp-block-heading\">Rendel\u00e9skor elt\u00e9rhet a sz\u00e1ll\u00edt\u00e1si c\u00edmem a sz\u00e1ml\u00e1z\u00e1si c\u00edmemt\u0151l?<\/h4>\n\n\n\n<p>Igen, leadhat egy rendel\u00e9st, \u00e9s k\u00e9rheti, hogy a sz\u00e1ml\u00e1z\u00e1si c\u00edm\u00e9t\u0151l elt\u00e9r\u0151 c\u00edmre sz\u00e1ll\u00edts\u00e1k ki.<\/p>\n\n\n\n<h4 class=\"wp-block-heading\">When will my order be shipped?<\/h4>\n\n\n\n<p>Amint visszaigazoltuk a fizet\u00e9st, megkezdj\u00fck a rendel\u00e9s feldolgoz\u00e1s\u00e1t, ami maximum 12 \u00f3r\u00e1t vesz ig\u00e9nybe, miel\u0151tt a rendel\u00e9s k\u00e9szen \u00e1ll a kisz\u00e1ll\u00edt\u00e1sra. A csomagot a k\u00f6vetkez\u0151 munkanapon feladjuk, \u00e9s a t\u00e9vesen v\u00e1s\u00e1rolt term\u00e9kekre 14 napos visszak\u00fcld\u00e9si garanci\u00e1t v\u00e1llalunk. A term\u00e9keknek gy\u00e1rilag lez\u00e1rt csomagol\u00e1sban \u00e9s eredeti \u00e1llapotukban kell lenni\u00fck. Minden alkoholos ital v\u00e1s\u00e1rl\u00f3ja kijelenti, hogy a v\u00e1s\u00e1rl\u00e1sra vonatkoz\u00f3 helyi \u00e9s orsz\u00e1gos t\u00f6rv\u00e9nyeknek megfelel\u0151en j\u00e1r el.<\/p>\n\n\n\n<h4 class=\"wp-block-heading\">Sz\u00e1ll\u00edt\u00e1si id\u0151tartam.<\/h4>\n\n\n\n<p>Az USA-ban (Egyes\u00fclt \u00c1llamok) 3-4 munkanapon bel\u00fcl sz\u00e1ll\u00edtunk, m\u00edg a\u00a0<strong>Canada,\u00a0<\/strong>3-5 h\u00fcvelyk\u00a0<strong>Asia<\/strong>, Eur\u00f3p\u00e1ban 2-3, m\u00edg\u00a0<strong>sz\u00e1ll\u00edtani Ausztr\u00e1li\u00e1ba<\/strong>, az \u00fcgyf\u00e9l tart\u00f3zkod\u00e1si hely\u00e9t\u0151l f\u00fcgg\u0151en.<\/p>","protected":false},"excerpt":{"rendered":"<p>To find out your shipping cost before purchasing, please use our shipping calculator at check out. Pick the items you would like to purchase. Just enter your zip code on the order summary page and it will calculate shipping charges to your zip code. We use a combination of UPS and FedEx&nbsp;to deliver all packages. [&hellip;]<\/p>\n","protected":false},"author":1,"featured_media":0,"parent":0,"menu_order":0,"comment_status":"closed","ping_status":"closed","template":"","meta":{"site-sidebar-layout":"default","site-content-layout":"","ast-site-content-layout":"default","site-content-style":"default","site-sidebar-style":"default","ast-global-header-display":"","ast-banner-title-visibility":"","ast-main-header-display":"","ast-hfb-above-header-display":"","ast-hfb-below-header-display":"","ast-hfb-mobile-header-display":"","site-post-title":"","ast-breadcrumbs-content":"","ast-featured-img":"","footer-sml-layout":"","ast-disable-related-posts":"","theme-transparent-header-meta":"","adv-header-id-meta":"","stick-header-meta":"","header-above-stick-meta":"","header-main-stick-meta":"","header-below-stick-meta":"","astra-migrate-meta-layouts":"default","ast-page-background-enabled":"default","ast-page-background-meta":{"desktop":{"background-color":"","background-image":"","background-repeat":"repeat","background-position":"center center","background-size":"auto","background-attachment":"scroll","background-type":"","background-media":"","overlay-type":"","overlay-color":"","overlay-opacity":"","overlay-gradient":""},"tablet":{"background-color":"","background-image":"","background-repeat":"repeat","background-position":"center center","background-size":"auto","background-attachment":"scroll","background-type":"","background-media":"","overlay-type":"","overlay-color":"","overlay-opacity":"","overlay-gradient":""},"mobile":{"background-color":"","background-image":"","background-repeat":"repeat","background-position":"center center","background-size":"auto","background-attachment":"scroll","background-type":"","background-media":"","overlay-type":"","overlay-color":"","overlay-opacity":"","overlay-gradient":""}},"ast-content-background-meta":{"desktop":{"background-color":"var(--ast-global-color-5)","background-image":"","background-repeat":"repeat","background-position":"center center","background-size":"auto","background-attachment":"scroll","background-type":"","background-media":"","overlay-type":"","overlay-color":"","overlay-opacity":"","overlay-gradient":""},"tablet":{"background-color":"var(--ast-global-color-5)","background-image":"","background-repeat":"repeat","background-position":"center center","background-size":"auto","background-attachment":"scroll","background-type":"","background-media":"","overlay-type":"","overlay-color":"","overlay-opacity":"","overlay-gradient":""},"mobile":{"background-color":"var(--ast-global-color-5)","background-image":"","background-repeat":"repeat","background-position":"center center","background-size":"auto","background-attachment":"scroll","background-type":"","background-media":"","overlay-type":"","overlay-color":"","overlay-opacity":"","overlay-gradient":""}},"footnotes":""},"class_list":["post-1968","page","type-page","status-publish","hentry"],"yoast_head":"<!-- This site is optimized with the Yoast SEO Premium plugin v24.7 (Yoast SEO v27.4) - https:\/\/yoast.com\/product\/yoast-seo-premium-wordpress\/ -->\n<title>Shipping Information | Comprehensive Liquor<\/title>\n<meta name=\"description\" content=\"To find out your shipping cost before purchasing, please use our shipping calculator at check out. Pick the items you would like to purchase. Just enter\" \/>\n<meta name=\"robots\" content=\"index, follow, max-snippet:-1, max-image-preview:large, max-video-preview:-1\" \/>\n<link rel=\"canonical\" href=\"https:\/\/comprehensiveliquor.com\/hu\/shipping-information\/\" \/>\n<meta property=\"og:locale\" content=\"hu_HU\" \/>\n<meta property=\"og:type\" content=\"article\" \/>\n<meta property=\"og:title\" content=\"Shipping Information\" \/>\n<meta property=\"og:description\" content=\"To find out your shipping cost before purchasing, please use our shipping calculator at check out. Pick the items you would like to purchase. Just enter\" \/>\n<meta property=\"og:url\" content=\"https:\/\/comprehensiveliquor.com\/hu\/shipping-information\/\" \/>\n<meta property=\"og:site_name\" content=\"Comprehensive Liquor\" \/>\n<meta property=\"article:modified_time\" content=\"2022-10-23T11:59:30+00:00\" \/>\n<meta name=\"twitter:card\" content=\"summary_large_image\" \/>\n<meta name=\"twitter:label1\" content=\"Becs\u00fclt olvas\u00e1si id\u0151\" \/>\n\t<meta name=\"twitter:data1\" content=\"2 perc\" \/>\n<script type=\"application\/ld+json\" class=\"yoast-schema-graph\">{\"@context\":\"https:\\\/\\\/schema.org\",\"@graph\":[{\"@type\":\"WebPage\",\"@id\":\"https:\\\/\\\/comprehensiveliquor.com\\\/shipping-information\\\/\",\"url\":\"https:\\\/\\\/comprehensiveliquor.com\\\/shipping-information\\\/\",\"name\":\"Shipping Information | Comprehensive Liquor\",\"isPartOf\":{\"@id\":\"https:\\\/\\\/comprehensiveliquor.com\\\/#website\"},\"datePublished\":\"2022-10-14T21:20:28+00:00\",\"dateModified\":\"2022-10-23T11:59:30+00:00\",\"description\":\"To find out your shipping cost before purchasing, please use our shipping calculator at check out. Pick the items you would like to purchase. Just enter\",\"breadcrumb\":{\"@id\":\"https:\\\/\\\/comprehensiveliquor.com\\\/shipping-information\\\/#breadcrumb\"},\"inLanguage\":\"hu\",\"potentialAction\":[{\"@type\":\"ReadAction\",\"target\":[\"https:\\\/\\\/comprehensiveliquor.com\\\/shipping-information\\\/\"]}]},{\"@type\":\"BreadcrumbList\",\"@id\":\"https:\\\/\\\/comprehensiveliquor.com\\\/shipping-information\\\/#breadcrumb\",\"itemListElement\":[{\"@type\":\"ListItem\",\"position\":1,\"name\":\"Home\",\"item\":\"https:\\\/\\\/comprehensiveliquor.com\\\/\"},{\"@type\":\"ListItem\",\"position\":2,\"name\":\"Shipping Information\"}]},{\"@type\":\"WebSite\",\"@id\":\"https:\\\/\\\/comprehensiveliquor.com\\\/#website\",\"url\":\"https:\\\/\\\/comprehensiveliquor.com\\\/\",\"name\":\"Comprehensive Liquor\",\"description\":\"Best Liquor Store\",\"publisher\":{\"@id\":\"https:\\\/\\\/comprehensiveliquor.com\\\/#organization\"},\"alternateName\":\"Comprehensive Liquor Store\",\"potentialAction\":[{\"@type\":\"SearchAction\",\"target\":{\"@type\":\"EntryPoint\",\"urlTemplate\":\"https:\\\/\\\/comprehensiveliquor.com\\\/?s={search_term_string}\"},\"query-input\":{\"@type\":\"PropertyValueSpecification\",\"valueRequired\":true,\"valueName\":\"search_term_string\"}}],\"inLanguage\":\"hu\"},{\"@type\":\"Organization\",\"@id\":\"https:\\\/\\\/comprehensiveliquor.com\\\/#organization\",\"name\":\"Comprehensive Liquor\",\"alternateName\":\"Comprehensive Liquor Store\",\"url\":\"https:\\\/\\\/comprehensiveliquor.com\\\/\",\"logo\":{\"@type\":\"ImageObject\",\"inLanguage\":\"hu\",\"@id\":\"https:\\\/\\\/comprehensiveliquor.com\\\/#\\\/schema\\\/logo\\\/image\\\/\",\"url\":\"https:\\\/\\\/comprehensiveliquor.com\\\/wp-content\\\/uploads\\\/2024\\\/03\\\/cropped-image_2024-03-26_131408877.png\",\"contentUrl\":\"https:\\\/\\\/comprehensiveliquor.com\\\/wp-content\\\/uploads\\\/2024\\\/03\\\/cropped-image_2024-03-26_131408877.png\",\"width\":378,\"height\":263,\"caption\":\"Comprehensive Liquor\"},\"image\":{\"@id\":\"https:\\\/\\\/comprehensiveliquor.com\\\/#\\\/schema\\\/logo\\\/image\\\/\"}}]}<\/script>\n<!-- \/ Yoast SEO Premium plugin. -->","yoast_head_json":{"title":"Shipping Information | Comprehensive Liquor","description":"A sz\u00e1ll\u00edt\u00e1si k\u00f6lts\u00e9g megtud\u00e1s\u00e1hoz v\u00e1s\u00e1rl\u00e1s el\u0151tt k\u00e9rj\u00fck, haszn\u00e1lja a sz\u00e1ll\u00edt\u00e1si kalkul\u00e1torunkat a p\u00e9nzt\u00e1rn\u00e1l. V\u00e1lassza ki a megv\u00e1s\u00e1rolni k\u00edv\u00e1nt term\u00e9keket. Csak \u00edrja be","robots":{"index":"index","follow":"follow","max-snippet":"max-snippet:-1","max-image-preview":"max-image-preview:large","max-video-preview":"max-video-preview:-1"},"canonical":"https:\/\/comprehensiveliquor.com\/hu\/shipping-information\/","og_locale":"hu_HU","og_type":"article","og_title":"Shipping Information","og_description":"To find out your shipping cost before purchasing, please use our shipping calculator at check out. Pick the items you would like to purchase. Just enter","og_url":"https:\/\/comprehensiveliquor.com\/hu\/shipping-information\/","og_site_name":"Comprehensive Liquor","article_modified_time":"2022-10-23T11:59:30+00:00","twitter_card":"summary_large_image","twitter_misc":{"Becs\u00fclt olvas\u00e1si id\u0151":"2 perc"},"schema":{"@context":"https:\/\/schema.org","@graph":[{"@type":"WebPage","@id":"https:\/\/comprehensiveliquor.com\/shipping-information\/","url":"https:\/\/comprehensiveliquor.com\/shipping-information\/","name":"Shipping Information | Comprehensive Liquor","isPartOf":{"@id":"https:\/\/comprehensiveliquor.com\/#website"},"datePublished":"2022-10-14T21:20:28+00:00","dateModified":"2022-10-23T11:59:30+00:00","description":"A sz\u00e1ll\u00edt\u00e1si k\u00f6lts\u00e9g megtud\u00e1s\u00e1hoz v\u00e1s\u00e1rl\u00e1s el\u0151tt k\u00e9rj\u00fck, haszn\u00e1lja a sz\u00e1ll\u00edt\u00e1si kalkul\u00e1torunkat a p\u00e9nzt\u00e1rn\u00e1l. V\u00e1lassza ki a megv\u00e1s\u00e1rolni k\u00edv\u00e1nt term\u00e9keket. Csak \u00edrja be","breadcrumb":{"@id":"https:\/\/comprehensiveliquor.com\/shipping-information\/#breadcrumb"},"inLanguage":"hu","potentialAction":[{"@type":"ReadAction","target":["https:\/\/comprehensiveliquor.com\/shipping-information\/"]}]},{"@type":"BreadcrumbList","@id":"https:\/\/comprehensiveliquor.com\/shipping-information\/#breadcrumb","itemListElement":[{"@type":"ListItem","position":1,"name":"Home","item":"https:\/\/comprehensiveliquor.com\/"},{"@type":"ListItem","position":2,"name":"Shipping Information"}]},{"@type":"WebSite","@id":"https:\/\/comprehensiveliquor.com\/#website","url":"https:\/\/comprehensiveliquor.com\/","name":"\u00c1tfog\u00f3 ital","description":"Best Liquor Store","publisher":{"@id":"https:\/\/comprehensiveliquor.com\/#organization"},"alternateName":"Comprehensive Liquor Store","potentialAction":[{"@type":"SearchAction","target":{"@type":"EntryPoint","urlTemplate":"https:\/\/comprehensiveliquor.com\/?s={search_term_string}"},"query-input":{"@type":"PropertyValueSpecification","valueRequired":true,"valueName":"search_term_string"}}],"inLanguage":"hu"},{"@type":"Organization","@id":"https:\/\/comprehensiveliquor.com\/#organization","name":"\u00c1tfog\u00f3 ital","alternateName":"Comprehensive Liquor Store","url":"https:\/\/comprehensiveliquor.com\/","logo":{"@type":"ImageObject","inLanguage":"hu","@id":"https:\/\/comprehensiveliquor.com\/#\/schema\/logo\/image\/","url":"https:\/\/comprehensiveliquor.com\/wp-content\/uploads\/2024\/03\/cropped-image_2024-03-26_131408877.png","contentUrl":"https:\/\/comprehensiveliquor.com\/wp-content\/uploads\/2024\/03\/cropped-image_2024-03-26_131408877.png","width":378,"height":263,"caption":"Comprehensive Liquor"},"image":{"@id":"https:\/\/comprehensiveliquor.com\/#\/schema\/logo\/image\/"}}]}},"_links":{"self":[{"href":"https:\/\/comprehensiveliquor.com\/hu\/wp-json\/wp\/v2\/pages\/1968","targetHints":{"allow":["GET"]}}],"collection":[{"href":"https:\/\/comprehensiveliquor.com\/hu\/wp-json\/wp\/v2\/pages"}],"about":[{"href":"https:\/\/comprehensiveliquor.com\/hu\/wp-json\/wp\/v2\/types\/page"}],"author":[{"embeddable":true,"href":"https:\/\/comprehensiveliquor.com\/hu\/wp-json\/wp\/v2\/users\/1"}],"replies":[{"embeddable":true,"href":"https:\/\/comprehensiveliquor.com\/hu\/wp-json\/wp\/v2\/comments?post=1968"}],"version-history":[{"count":0,"href":"https:\/\/comprehensiveliquor.com\/hu\/wp-json\/wp\/v2\/pages\/1968\/revisions"}],"wp:attachment":[{"href":"https:\/\/comprehensiveliquor.com\/hu\/wp-json\/wp\/v2\/media?parent=1968"}],"curies":[{"name":"wp","href":"https:\/\/api.w.org\/{rel}","templated":true}]}}