{"id":1923,"date":"2022-10-14T13:09:38","date_gmt":"2022-10-14T13:09:38","guid":{"rendered":"https:\/\/comprehensiveliquor.com\/?post_type=product&#038;p=1923"},"modified":"2023-01-13T15:35:52","modified_gmt":"2023-01-13T15:35:52","slug":"clynelish-12-year-old-special-releases-2022","status":"publish","type":"product","link":"https:\/\/comprehensiveliquor.com\/hu\/product\/clynelish-12-year-old-special-releases-2022\/","title":{"rendered":"Clynelish 12 Year Old | Special Releases 2022"},"content":{"rendered":"<h4 class=\"product-single__title\" style=\"color: #252525;\">Clynelish 12 Year Old | Special Releases 2022 <strong style=\"color: #252525;\">70cl\/58.5%<\/strong><\/h4>\n<p>A cask-strength 12-year-old Clynelish bottled for Diageo&#8217;s Special Releases 2022, this Clynelish is subtitled <em style=\"color: #252525;\">The Wildcat&#8217;s Golden Gaze,<\/em> presumably referring to its rich gold color and perhaps also to the fact that it&#8217;s clearly one of the picks of the 2022 litter. This Clynelish 12-year-old started life in refill American oak before being transferred for finishing into casks seasoned with Pedro Ximenez and Oloroso sherry, giving it extra layers of sweet fruit on the palate. Bottled at a sturdy 58.5%, this Special Release Clynelish 12-year-old will be bursting with flavor.<\/p>\n<h2 style=\"color: #252525;\">K\u00f3stol\u00f3 jegyzetek<\/h2>\n<ul style=\"color: #252525;\">\n<li style=\"color: #252525;\"><strong style=\"color: #252525;\">Orr:<\/strong> complex aromas with notes of spices.<\/li>\n<li style=\"color: #252525;\"><strong style=\"color: #252525;\">Palate:<\/strong> a smooth texture with a rich aromatic palette.<\/li>\n<li style=\"color: #252525;\"><strong style=\"color: #252525;\">Finish:<\/strong>\u00a0long and slightly spicy, with notes of pepper.<\/li>\n<\/ul>\n<h4>Attrib\u00fatumok<\/h4>\n<table>\n<tbody>\n<tr>\n<td><strong>M\u00e1rka<\/strong><\/td>\n<td><a href=\"https:\/\/comprehensiveliquor.com\/hu\/product-category\/scotch-whisky\/\">sk\u00f3t whisky<\/a><\/td>\n<\/tr>\n<tr>\n<td><strong>Type<\/strong><\/td>\n<td><a href=\"https:\/\/comprehensiveliquor.com\/hu\/product-category\/single-malt-whisky\/\">Single Malt Scotch<\/a><\/td>\n<\/tr>\n<tr>\n<td><b>ABV<\/b><\/td>\n<td>58.5% vol.<\/td>\n<\/tr>\n<tr>\n<td><b>Size<\/b><\/td>\n<td>70cl<\/td>\n<\/tr>\n<\/tbody>\n<\/table>\n<p>&nbsp;<\/p>","protected":false},"excerpt":{"rendered":"<p>Clynelish 12-year-old whisky is sweet and spicy, offering a delicate and complex taste. This bottle will appeal to all great whiskey lovers.<\/p>\n<p>&nbsp;<\/p>","protected":false},"featured_media":1924,"comment_status":"open","ping_status":"closed","template":"","meta":{"site-sidebar-layout":"default","site-content-layout":"default","ast-site-content-layout":"default","site-content-style":"default","site-sidebar-style":"default","ast-global-header-display":"","ast-banner-title-visibility":"","ast-main-header-display":"","ast-hfb-above-header-display":"","ast-hfb-below-header-display":"","ast-hfb-mobile-header-display":"","site-post-title":"","ast-breadcrumbs-content":"","ast-featured-img":"","footer-sml-layout":"","ast-disable-related-posts":"","theme-transparent-header-meta":"default","adv-header-id-meta":"","stick-header-meta":"","header-above-stick-meta":"","header-main-stick-meta":"","header-below-stick-meta":"","astra-migrate-meta-layouts":"default","ast-page-background-enabled":"default","ast-page-background-meta":{"desktop":{"background-color":"","background-image":"","background-repeat":"repeat","background-position":"center center","background-size":"auto","background-attachment":"scroll","background-type":"","background-media":"","overlay-type":"","overlay-color":"","overlay-opacity":"","overlay-gradient":""},"tablet":{"background-color":"","background-image":"","background-repeat":"repeat","background-position":"center center","background-size":"auto","background-attachment":"scroll","background-type":"","background-media":"","overlay-type":"","overlay-color":"","overlay-opacity":"","overlay-gradient":""},"mobile":{"background-color":"","background-image":"","background-repeat":"repeat","background-position":"center center","background-size":"auto","background-attachment":"scroll","background-type":"","background-media":"","overlay-type":"","overlay-color":"","overlay-opacity":"","overlay-gradient":""}},"ast-content-background-meta":{"desktop":{"background-color":"var(--ast-global-color-5)","background-image":"","background-repeat":"repeat","background-position":"center center","background-size":"auto","background-attachment":"scroll","background-type":"","background-media":"","overlay-type":"","overlay-color":"","overlay-opacity":"","overlay-gradient":""},"tablet":{"background-color":"var(--ast-global-color-5)","background-image":"","background-repeat":"repeat","background-position":"center center","background-size":"auto","background-attachment":"scroll","background-type":"","background-media":"","overlay-type":"","overlay-color":"","overlay-opacity":"","overlay-gradient":""},"mobile":{"background-color":"var(--ast-global-color-5)","background-image":"","background-repeat":"repeat","background-position":"center center","background-size":"auto","background-attachment":"scroll","background-type":"","background-media":"","overlay-type":"","overlay-color":"","overlay-opacity":"","overlay-gradient":""}}},"product_brand":[],"product_cat":[64,58,24],"product_tag":[],"class_list":{"0":"post-1923","1":"product","2":"type-product","3":"status-publish","4":"has-post-thumbnail","6":"product_cat-highland","7":"product_cat-limited-edition","8":"product_cat-new-arrivals","9":"desktop-align-center","10":"tablet-align-left","11":"mobile-align-left","13":"first","14":"instock","15":"shipping-taxable","16":"purchasable","17":"product-type-simple"},"yoast_head":"<!-- This site is optimized with the Yoast SEO Premium plugin v24.7 (Yoast SEO v27.3) - https:\/\/yoast.com\/product\/yoast-seo-premium-wordpress\/ -->\n<title>Clynelish 12 Year Old | Special Releases 2022<\/title>\n<meta name=\"description\" content=\"Clynelish 12-year-old whisky is sweet and spicy, offering a delicate and complex taste. This bottle will appeal to all great whiskey lovers.  &nbsp;\" \/>\n<meta name=\"robots\" content=\"index, follow, max-snippet:-1, max-image-preview:large, max-video-preview:-1\" \/>\n<link rel=\"canonical\" href=\"https:\/\/comprehensiveliquor.com\/hu\/product\/clynelish-12-year-old-special-releases-2022\/\" \/>\n<meta property=\"og:locale\" content=\"hu_HU\" \/>\n<meta property=\"og:type\" content=\"article\" \/>\n<meta property=\"og:title\" content=\"Clynelish 12 Year Old | Special Releases 2022\" \/>\n<meta property=\"og:description\" content=\"Clynelish 12-year-old whisky is sweet and spicy, offering a delicate and complex taste. This bottle will appeal to all great whiskey lovers.  &nbsp;\" \/>\n<meta property=\"og:url\" content=\"https:\/\/comprehensiveliquor.com\/hu\/product\/clynelish-12-year-old-special-releases-2022\/\" \/>\n<meta property=\"og:site_name\" content=\"Comprehensive Liquor\" \/>\n<meta property=\"article:modified_time\" content=\"2023-01-13T15:35:52+00:00\" \/>\n<meta property=\"og:image\" content=\"https:\/\/comprehensiveliquor.com\/wp-content\/uploads\/2022\/10\/image_2022-10-14_140637205.png\" \/>\n\t<meta property=\"og:image:width\" content=\"360\" \/>\n\t<meta property=\"og:image:height\" content=\"541\" \/>\n\t<meta property=\"og:image:type\" content=\"image\/png\" \/>\n<meta name=\"twitter:card\" content=\"summary_large_image\" \/>\n<meta name=\"twitter:label1\" content=\"Becs\u00fclt olvas\u00e1si id\u0151\" \/>\n\t<meta name=\"twitter:data1\" content=\"1 perc\" \/>\n<script type=\"application\/ld+json\" class=\"yoast-schema-graph\">{\"@context\":\"https:\\\/\\\/schema.org\",\"@graph\":[{\"@type\":\"WebPage\",\"@id\":\"https:\\\/\\\/comprehensiveliquor.com\\\/product\\\/clynelish-12-year-old-special-releases-2022\\\/\",\"url\":\"https:\\\/\\\/comprehensiveliquor.com\\\/product\\\/clynelish-12-year-old-special-releases-2022\\\/\",\"name\":\"Clynelish 12 Year Old | Special Releases 2022\",\"isPartOf\":{\"@id\":\"https:\\\/\\\/comprehensiveliquor.com\\\/#website\"},\"primaryImageOfPage\":{\"@id\":\"https:\\\/\\\/comprehensiveliquor.com\\\/product\\\/clynelish-12-year-old-special-releases-2022\\\/#primaryimage\"},\"image\":{\"@id\":\"https:\\\/\\\/comprehensiveliquor.com\\\/product\\\/clynelish-12-year-old-special-releases-2022\\\/#primaryimage\"},\"thumbnailUrl\":\"https:\\\/\\\/comprehensiveliquor.com\\\/wp-content\\\/uploads\\\/2022\\\/10\\\/image_2022-10-14_140637205.png\",\"datePublished\":\"2022-10-14T13:09:38+00:00\",\"dateModified\":\"2023-01-13T15:35:52+00:00\",\"description\":\"Clynelish 12-year-old whisky is sweet and spicy, offering a delicate and complex taste. This bottle will appeal to all great whiskey lovers. &nbsp;\",\"breadcrumb\":{\"@id\":\"https:\\\/\\\/comprehensiveliquor.com\\\/product\\\/clynelish-12-year-old-special-releases-2022\\\/#breadcrumb\"},\"inLanguage\":\"hu\",\"potentialAction\":[{\"@type\":\"ReadAction\",\"target\":[\"https:\\\/\\\/comprehensiveliquor.com\\\/product\\\/clynelish-12-year-old-special-releases-2022\\\/\"]}]},{\"@type\":\"ImageObject\",\"inLanguage\":\"hu\",\"@id\":\"https:\\\/\\\/comprehensiveliquor.com\\\/product\\\/clynelish-12-year-old-special-releases-2022\\\/#primaryimage\",\"url\":\"https:\\\/\\\/comprehensiveliquor.com\\\/wp-content\\\/uploads\\\/2022\\\/10\\\/image_2022-10-14_140637205.png\",\"contentUrl\":\"https:\\\/\\\/comprehensiveliquor.com\\\/wp-content\\\/uploads\\\/2022\\\/10\\\/image_2022-10-14_140637205.png\",\"width\":360,\"height\":541},{\"@type\":\"BreadcrumbList\",\"@id\":\"https:\\\/\\\/comprehensiveliquor.com\\\/product\\\/clynelish-12-year-old-special-releases-2022\\\/#breadcrumb\",\"itemListElement\":[{\"@type\":\"ListItem\",\"position\":1,\"name\":\"Home\",\"item\":\"https:\\\/\\\/comprehensiveliquor.com\\\/\"},{\"@type\":\"ListItem\",\"position\":2,\"name\":\"Shop\",\"item\":\"https:\\\/\\\/comprehensiveliquor.com\\\/shop\\\/\"},{\"@type\":\"ListItem\",\"position\":3,\"name\":\"Clynelish 12 Year Old | Special Releases 2022\"}]},{\"@type\":\"WebSite\",\"@id\":\"https:\\\/\\\/comprehensiveliquor.com\\\/#website\",\"url\":\"https:\\\/\\\/comprehensiveliquor.com\\\/\",\"name\":\"Comprehensive Liquor\",\"description\":\"Best Liquor Store\",\"publisher\":{\"@id\":\"https:\\\/\\\/comprehensiveliquor.com\\\/#organization\"},\"alternateName\":\"Comprehensive Liquor Store\",\"potentialAction\":[{\"@type\":\"SearchAction\",\"target\":{\"@type\":\"EntryPoint\",\"urlTemplate\":\"https:\\\/\\\/comprehensiveliquor.com\\\/?s={search_term_string}\"},\"query-input\":{\"@type\":\"PropertyValueSpecification\",\"valueRequired\":true,\"valueName\":\"search_term_string\"}}],\"inLanguage\":\"hu\"},{\"@type\":\"Organization\",\"@id\":\"https:\\\/\\\/comprehensiveliquor.com\\\/#organization\",\"name\":\"Comprehensive Liquor\",\"alternateName\":\"Comprehensive Liquor Store\",\"url\":\"https:\\\/\\\/comprehensiveliquor.com\\\/\",\"logo\":{\"@type\":\"ImageObject\",\"inLanguage\":\"hu\",\"@id\":\"https:\\\/\\\/comprehensiveliquor.com\\\/#\\\/schema\\\/logo\\\/image\\\/\",\"url\":\"https:\\\/\\\/comprehensiveliquor.com\\\/wp-content\\\/uploads\\\/2024\\\/03\\\/cropped-image_2024-03-26_131408877.png\",\"contentUrl\":\"https:\\\/\\\/comprehensiveliquor.com\\\/wp-content\\\/uploads\\\/2024\\\/03\\\/cropped-image_2024-03-26_131408877.png\",\"width\":378,\"height\":263,\"caption\":\"Comprehensive Liquor\"},\"image\":{\"@id\":\"https:\\\/\\\/comprehensiveliquor.com\\\/#\\\/schema\\\/logo\\\/image\\\/\"}}]}<\/script>\n<!-- \/ Yoast SEO Premium plugin. -->","yoast_head_json":{"title":"Clynelish 12 Year Old | Special Releases 2022","description":"Clynelish 12-year-old whisky is sweet and spicy, offering a delicate and complex taste. This bottle will appeal to all great whiskey lovers.  &nbsp;","robots":{"index":"index","follow":"follow","max-snippet":"max-snippet:-1","max-image-preview":"max-image-preview:large","max-video-preview":"max-video-preview:-1"},"canonical":"https:\/\/comprehensiveliquor.com\/hu\/product\/clynelish-12-year-old-special-releases-2022\/","og_locale":"hu_HU","og_type":"article","og_title":"Clynelish 12 Year Old | Special Releases 2022","og_description":"Clynelish 12-year-old whisky is sweet and spicy, offering a delicate and complex taste. This bottle will appeal to all great whiskey lovers.  &nbsp;","og_url":"https:\/\/comprehensiveliquor.com\/hu\/product\/clynelish-12-year-old-special-releases-2022\/","og_site_name":"Comprehensive Liquor","article_modified_time":"2023-01-13T15:35:52+00:00","og_image":[{"width":360,"height":541,"url":"https:\/\/comprehensiveliquor.com\/wp-content\/uploads\/2022\/10\/image_2022-10-14_140637205.png","type":"image\/png"}],"twitter_card":"summary_large_image","twitter_misc":{"Becs\u00fclt olvas\u00e1si id\u0151":"1 perc"},"schema":{"@context":"https:\/\/schema.org","@graph":[{"@type":"WebPage","@id":"https:\/\/comprehensiveliquor.com\/product\/clynelish-12-year-old-special-releases-2022\/","url":"https:\/\/comprehensiveliquor.com\/product\/clynelish-12-year-old-special-releases-2022\/","name":"Clynelish 12 Year Old | Special Releases 2022","isPartOf":{"@id":"https:\/\/comprehensiveliquor.com\/#website"},"primaryImageOfPage":{"@id":"https:\/\/comprehensiveliquor.com\/product\/clynelish-12-year-old-special-releases-2022\/#primaryimage"},"image":{"@id":"https:\/\/comprehensiveliquor.com\/product\/clynelish-12-year-old-special-releases-2022\/#primaryimage"},"thumbnailUrl":"https:\/\/comprehensiveliquor.com\/wp-content\/uploads\/2022\/10\/image_2022-10-14_140637205.png","datePublished":"2022-10-14T13:09:38+00:00","dateModified":"2023-01-13T15:35:52+00:00","description":"Clynelish 12-year-old whisky is sweet and spicy, offering a delicate and complex taste. This bottle will appeal to all great whiskey lovers. &nbsp;","breadcrumb":{"@id":"https:\/\/comprehensiveliquor.com\/product\/clynelish-12-year-old-special-releases-2022\/#breadcrumb"},"inLanguage":"hu","potentialAction":[{"@type":"ReadAction","target":["https:\/\/comprehensiveliquor.com\/product\/clynelish-12-year-old-special-releases-2022\/"]}]},{"@type":"ImageObject","inLanguage":"hu","@id":"https:\/\/comprehensiveliquor.com\/product\/clynelish-12-year-old-special-releases-2022\/#primaryimage","url":"https:\/\/comprehensiveliquor.com\/wp-content\/uploads\/2022\/10\/image_2022-10-14_140637205.png","contentUrl":"https:\/\/comprehensiveliquor.com\/wp-content\/uploads\/2022\/10\/image_2022-10-14_140637205.png","width":360,"height":541},{"@type":"BreadcrumbList","@id":"https:\/\/comprehensiveliquor.com\/product\/clynelish-12-year-old-special-releases-2022\/#breadcrumb","itemListElement":[{"@type":"ListItem","position":1,"name":"Home","item":"https:\/\/comprehensiveliquor.com\/"},{"@type":"ListItem","position":2,"name":"Shop","item":"https:\/\/comprehensiveliquor.com\/shop\/"},{"@type":"ListItem","position":3,"name":"Clynelish 12 Year Old | Special Releases 2022"}]},{"@type":"WebSite","@id":"https:\/\/comprehensiveliquor.com\/#website","url":"https:\/\/comprehensiveliquor.com\/","name":"\u00c1tfog\u00f3 ital","description":"Best Liquor Store","publisher":{"@id":"https:\/\/comprehensiveliquor.com\/#organization"},"alternateName":"Comprehensive Liquor Store","potentialAction":[{"@type":"SearchAction","target":{"@type":"EntryPoint","urlTemplate":"https:\/\/comprehensiveliquor.com\/?s={search_term_string}"},"query-input":{"@type":"PropertyValueSpecification","valueRequired":true,"valueName":"search_term_string"}}],"inLanguage":"hu"},{"@type":"Organization","@id":"https:\/\/comprehensiveliquor.com\/#organization","name":"\u00c1tfog\u00f3 ital","alternateName":"Comprehensive Liquor Store","url":"https:\/\/comprehensiveliquor.com\/","logo":{"@type":"ImageObject","inLanguage":"hu","@id":"https:\/\/comprehensiveliquor.com\/#\/schema\/logo\/image\/","url":"https:\/\/comprehensiveliquor.com\/wp-content\/uploads\/2024\/03\/cropped-image_2024-03-26_131408877.png","contentUrl":"https:\/\/comprehensiveliquor.com\/wp-content\/uploads\/2024\/03\/cropped-image_2024-03-26_131408877.png","width":378,"height":263,"caption":"Comprehensive Liquor"},"image":{"@id":"https:\/\/comprehensiveliquor.com\/#\/schema\/logo\/image\/"}}]}},"_links":{"self":[{"href":"https:\/\/comprehensiveliquor.com\/hu\/wp-json\/wp\/v2\/product\/1923","targetHints":{"allow":["GET"]}}],"collection":[{"href":"https:\/\/comprehensiveliquor.com\/hu\/wp-json\/wp\/v2\/product"}],"about":[{"href":"https:\/\/comprehensiveliquor.com\/hu\/wp-json\/wp\/v2\/types\/product"}],"replies":[{"embeddable":true,"href":"https:\/\/comprehensiveliquor.com\/hu\/wp-json\/wp\/v2\/comments?post=1923"}],"wp:featuredmedia":[{"embeddable":true,"href":"https:\/\/comprehensiveliquor.com\/hu\/wp-json\/wp\/v2\/media\/1924"}],"wp:attachment":[{"href":"https:\/\/comprehensiveliquor.com\/hu\/wp-json\/wp\/v2\/media?parent=1923"}],"wp:term":[{"taxonomy":"product_brand","embeddable":true,"href":"https:\/\/comprehensiveliquor.com\/hu\/wp-json\/wp\/v2\/product_brand?post=1923"},{"taxonomy":"product_cat","embeddable":true,"href":"https:\/\/comprehensiveliquor.com\/hu\/wp-json\/wp\/v2\/product_cat?post=1923"},{"taxonomy":"product_tag","embeddable":true,"href":"https:\/\/comprehensiveliquor.com\/hu\/wp-json\/wp\/v2\/product_tag?post=1923"}],"curies":[{"name":"wp","href":"https:\/\/api.w.org\/{rel}","templated":true}]}}