{"id":2288,"date":"2022-10-16T18:02:41","date_gmt":"2022-10-16T18:02:41","guid":{"rendered":"https:\/\/comprehensiveliquor.com\/?post_type=product&#038;p=2288"},"modified":"2023-12-09T14:03:36","modified_gmt":"2023-12-09T14:03:36","slug":"the-one-moscatel-wine-cask-finished-whisky-lakes-distillery-shipping-rate-3-%e2%93%98","status":"publish","type":"product","link":"https:\/\/comprehensiveliquor.com\/hu\/product\/the-one-moscatel-wine-cask-finished-whisky-lakes-distillery-shipping-rate-3-%e2%93%98\/","title":{"rendered":"The One Moscatel Wine Cask Finished Whisky | Lakes Distillery Shipping Rate: 3 \u24d8"},"content":{"rendered":"<h2 class=\"product-single__title\" style=\"color: #252525;\">The One Moscatel Wine Cask Finished Whisky<strong>\u00a070cl<\/strong><\/h2>\n<p style=\"color: #252525;\">The One Moscatel Wine Cask Finished Whisky is a limited edition blend from the English whisky distillery, The Lakes. Whiskymaker Dhavall Gandhi blends sherry-matured Lakes English single malt whisky with Scottish grain and malts from Speyside and Islay to create The One series of blends.<\/p>\n<p style=\"color: #252525;\">The One Moscatel Wine Cask Finished Whisky has been finished, as the name makes abundantly clear, in casks that previously held sweet Spanish Moscatel wine, which adds a layer of deliciously floral and fruity flavours to the blend.<\/p>\n<p>&nbsp;<\/p>\n<h5 style=\"color: #252525;\"><strong style=\"color: #252525;\">Official Tasting Notes:<\/strong><\/h5>\n<p style=\"color: #252525;\"><strong style=\"color: #252525;\">Orr:<\/strong> fragrant jasmine with honeyed fruits and undertones of sweet wood smoke<strong style=\"color: #252525;\">.\u00a0<br style=\"color: #252525;\" \/><br style=\"color: #252525;\" \/>Palate: <\/strong>Delicate and uplifting citrus, with notes of vanilla and manuka honey<strong style=\"color: #252525;\">.\u00a0<br style=\"color: #252525;\" \/><br style=\"color: #252525;\" \/>finish: <\/strong>is creamy, smooth, and long-lasting<\/p>\n<p>&nbsp;<\/p>\n<h5>Attrib\u00fatumok<\/h5>\n<table>\n<tbody>\n<tr>\n<td><strong>Distillery<\/strong><\/td>\n<td><a title=\"The Lakes Distillery\" href=\"https:\/\/www.visitlakedistrict.com\/things-to-do\/the-lakes-distillery-p1367311\" target=\"_blank\" rel=\"noopener\">The Lakes Distillery<\/a><\/td>\n<\/tr>\n<tr>\n<td><strong>Bottler<\/strong><\/td>\n<td>Distillery<\/td>\n<\/tr>\n<tr>\n<td><strong>Series<\/strong><\/td>\n<td>The One<\/td>\n<\/tr>\n<tr>\n<td><strong>Country<\/strong><\/td>\n<td>England<\/td>\n<\/tr>\n<tr>\n<td><strong>Limit\u00e1lt kiad\u00e1s<\/strong><\/td>\n<td>Yes<\/td>\n<\/tr>\n<tr>\n<td><strong>Bottles Produced<\/strong><\/td>\n<td>4822<\/td>\n<\/tr>\n<tr>\n<td><strong>Cask Type<\/strong><\/td>\n<td>Moscatel Wine Finish<\/td>\n<\/tr>\n<tr>\n<td><strong>Bottle Size<\/strong><\/td>\n<td>70cl<\/td>\n<\/tr>\n<tr>\n<td><strong>ABV<\/strong><\/td>\n<td>46.6%<\/td>\n<\/tr>\n<\/tbody>\n<\/table>","protected":false},"excerpt":{"rendered":"<p>The One Moscatel Wine Cask Finished Whisky\u00a070cl The One Moscatel Wine Cask Finished Whisky is a limited edition blend from the English whisky distillery, The Lakes. Whiskymaker Dhavall Gandhi blends sherry-matured Lakes English single malt whisky with Scottish grain and malts from Speyside and Islay to create The One series of blends. The One Moscatel [&hellip;]<\/p>\n","protected":false},"featured_media":2289,"comment_status":"open","ping_status":"closed","template":"","meta":{"site-sidebar-layout":"default","site-content-layout":"default","ast-site-content-layout":"default","site-content-style":"default","site-sidebar-style":"default","ast-global-header-display":"","ast-banner-title-visibility":"","ast-main-header-display":"","ast-hfb-above-header-display":"","ast-hfb-below-header-display":"","ast-hfb-mobile-header-display":"","site-post-title":"","ast-breadcrumbs-content":"","ast-featured-img":"","footer-sml-layout":"","ast-disable-related-posts":"","theme-transparent-header-meta":"default","adv-header-id-meta":"","stick-header-meta":"","header-above-stick-meta":"","header-main-stick-meta":"","header-below-stick-meta":"","astra-migrate-meta-layouts":"set","ast-page-background-enabled":"default","ast-page-background-meta":{"desktop":{"background-color":"","background-image":"","background-repeat":"repeat","background-position":"center center","background-size":"auto","background-attachment":"scroll","background-type":"","background-media":"","overlay-type":"","overlay-color":"","overlay-opacity":"","overlay-gradient":""},"tablet":{"background-color":"","background-image":"","background-repeat":"repeat","background-position":"center center","background-size":"auto","background-attachment":"scroll","background-type":"","background-media":"","overlay-type":"","overlay-color":"","overlay-opacity":"","overlay-gradient":""},"mobile":{"background-color":"","background-image":"","background-repeat":"repeat","background-position":"center center","background-size":"auto","background-attachment":"scroll","background-type":"","background-media":"","overlay-type":"","overlay-color":"","overlay-opacity":"","overlay-gradient":""}},"ast-content-background-meta":{"desktop":{"background-color":"var(--ast-global-color-5)","background-image":"","background-repeat":"repeat","background-position":"center center","background-size":"auto","background-attachment":"scroll","background-type":"","background-media":"","overlay-type":"","overlay-color":"","overlay-opacity":"","overlay-gradient":""},"tablet":{"background-color":"var(--ast-global-color-5)","background-image":"","background-repeat":"repeat","background-position":"center center","background-size":"auto","background-attachment":"scroll","background-type":"","background-media":"","overlay-type":"","overlay-color":"","overlay-opacity":"","overlay-gradient":""},"mobile":{"background-color":"var(--ast-global-color-5)","background-image":"","background-repeat":"repeat","background-position":"center center","background-size":"auto","background-attachment":"scroll","background-type":"","background-media":"","overlay-type":"","overlay-color":"","overlay-opacity":"","overlay-gradient":""}}},"product_brand":[],"product_cat":[43,46,27],"product_tag":[],"class_list":{"0":"post-2288","1":"product","2":"type-product","3":"status-publish","4":"has-post-thumbnail","6":"product_cat-english-whisky","7":"product_cat-whisky","8":"product_cat-world-whisky","9":"desktop-align-center","10":"tablet-align-left","11":"mobile-align-left","13":"first","14":"instock","15":"shipping-taxable","16":"purchasable","17":"product-type-simple"},"yoast_head":"<!-- This site is optimized with the Yoast SEO Premium plugin v24.7 (Yoast SEO v27.3) - https:\/\/yoast.com\/product\/yoast-seo-premium-wordpress\/ -->\n<title>The One Moscatel Wine Cask Finished Whisky | Lakes Distillery Shipping Rate: 3 \u24d8<\/title>\n<meta name=\"description\" content=\"The One Moscatel Wine Cask Finished Whisky\u00a070cl The One Moscatel Wine Cask Finished Whisky is a limited edition blend from the English whisky distillery,\" \/>\n<meta name=\"robots\" content=\"index, follow, max-snippet:-1, max-image-preview:large, max-video-preview:-1\" \/>\n<link rel=\"canonical\" href=\"https:\/\/comprehensiveliquor.com\/hu\/product\/the-one-moscatel-wine-cask-finished-whisky-lakes-distillery-shipping-rate-3-\u24d8\/\" \/>\n<meta property=\"og:locale\" content=\"hu_HU\" \/>\n<meta property=\"og:type\" content=\"article\" \/>\n<meta property=\"og:title\" content=\"The One Moscatel Wine Cask Finished Whisky | Lakes Distillery Shipping Rate: 3 \u24d8\" \/>\n<meta property=\"og:description\" content=\"The One Moscatel Wine Cask Finished Whisky\u00a070cl The One Moscatel Wine Cask Finished Whisky is a limited edition blend from the English whisky distillery,\" \/>\n<meta property=\"og:url\" content=\"https:\/\/comprehensiveliquor.com\/hu\/product\/the-one-moscatel-wine-cask-finished-whisky-lakes-distillery-shipping-rate-3-\u24d8\/\" \/>\n<meta property=\"og:site_name\" content=\"Comprehensive Liquor\" \/>\n<meta property=\"article:modified_time\" content=\"2023-12-09T14:03:36+00:00\" \/>\n<meta property=\"og:image\" content=\"https:\/\/comprehensiveliquor.com\/wp-content\/uploads\/2022\/10\/image_2022-10-16_185757462.png\" \/>\n\t<meta property=\"og:image:width\" content=\"360\" \/>\n\t<meta property=\"og:image:height\" content=\"541\" \/>\n\t<meta property=\"og:image:type\" content=\"image\/png\" \/>\n<meta name=\"twitter:card\" content=\"summary_large_image\" \/>\n<meta name=\"twitter:label1\" content=\"Becs\u00fclt olvas\u00e1si id\u0151\" \/>\n\t<meta name=\"twitter:data1\" content=\"1 perc\" \/>\n<script type=\"application\/ld+json\" class=\"yoast-schema-graph\">{\"@context\":\"https:\\\/\\\/schema.org\",\"@graph\":[{\"@type\":\"WebPage\",\"@id\":\"https:\\\/\\\/comprehensiveliquor.com\\\/product\\\/the-one-moscatel-wine-cask-finished-whisky-lakes-distillery-shipping-rate-3-%e2%93%98\\\/\",\"url\":\"https:\\\/\\\/comprehensiveliquor.com\\\/product\\\/the-one-moscatel-wine-cask-finished-whisky-lakes-distillery-shipping-rate-3-%e2%93%98\\\/\",\"name\":\"The One Moscatel Wine Cask Finished Whisky | Lakes Distillery Shipping Rate: 3 \u24d8\",\"isPartOf\":{\"@id\":\"https:\\\/\\\/comprehensiveliquor.com\\\/#website\"},\"primaryImageOfPage\":{\"@id\":\"https:\\\/\\\/comprehensiveliquor.com\\\/product\\\/the-one-moscatel-wine-cask-finished-whisky-lakes-distillery-shipping-rate-3-%e2%93%98\\\/#primaryimage\"},\"image\":{\"@id\":\"https:\\\/\\\/comprehensiveliquor.com\\\/product\\\/the-one-moscatel-wine-cask-finished-whisky-lakes-distillery-shipping-rate-3-%e2%93%98\\\/#primaryimage\"},\"thumbnailUrl\":\"https:\\\/\\\/comprehensiveliquor.com\\\/wp-content\\\/uploads\\\/2022\\\/10\\\/image_2022-10-16_185757462.png\",\"datePublished\":\"2022-10-16T18:02:41+00:00\",\"dateModified\":\"2023-12-09T14:03:36+00:00\",\"description\":\"The One Moscatel Wine Cask Finished Whisky\u00a070cl The One Moscatel Wine Cask Finished Whisky is a limited edition blend from the English whisky distillery,\",\"breadcrumb\":{\"@id\":\"https:\\\/\\\/comprehensiveliquor.com\\\/product\\\/the-one-moscatel-wine-cask-finished-whisky-lakes-distillery-shipping-rate-3-%e2%93%98\\\/#breadcrumb\"},\"inLanguage\":\"hu\",\"potentialAction\":[{\"@type\":\"ReadAction\",\"target\":[\"https:\\\/\\\/comprehensiveliquor.com\\\/product\\\/the-one-moscatel-wine-cask-finished-whisky-lakes-distillery-shipping-rate-3-%e2%93%98\\\/\"]}]},{\"@type\":\"ImageObject\",\"inLanguage\":\"hu\",\"@id\":\"https:\\\/\\\/comprehensiveliquor.com\\\/product\\\/the-one-moscatel-wine-cask-finished-whisky-lakes-distillery-shipping-rate-3-%e2%93%98\\\/#primaryimage\",\"url\":\"https:\\\/\\\/comprehensiveliquor.com\\\/wp-content\\\/uploads\\\/2022\\\/10\\\/image_2022-10-16_185757462.png\",\"contentUrl\":\"https:\\\/\\\/comprehensiveliquor.com\\\/wp-content\\\/uploads\\\/2022\\\/10\\\/image_2022-10-16_185757462.png\",\"width\":360,\"height\":541},{\"@type\":\"BreadcrumbList\",\"@id\":\"https:\\\/\\\/comprehensiveliquor.com\\\/product\\\/the-one-moscatel-wine-cask-finished-whisky-lakes-distillery-shipping-rate-3-%e2%93%98\\\/#breadcrumb\",\"itemListElement\":[{\"@type\":\"ListItem\",\"position\":1,\"name\":\"Home\",\"item\":\"https:\\\/\\\/comprehensiveliquor.com\\\/\"},{\"@type\":\"ListItem\",\"position\":2,\"name\":\"Shop\",\"item\":\"https:\\\/\\\/comprehensiveliquor.com\\\/shop\\\/\"},{\"@type\":\"ListItem\",\"position\":3,\"name\":\"The One Moscatel Wine Cask Finished Whisky | Lakes Distillery Shipping Rate: 3 \u24d8\"}]},{\"@type\":\"WebSite\",\"@id\":\"https:\\\/\\\/comprehensiveliquor.com\\\/#website\",\"url\":\"https:\\\/\\\/comprehensiveliquor.com\\\/\",\"name\":\"Comprehensive Liquor\",\"description\":\"Best Liquor Store\",\"publisher\":{\"@id\":\"https:\\\/\\\/comprehensiveliquor.com\\\/#organization\"},\"alternateName\":\"Comprehensive Liquor Store\",\"potentialAction\":[{\"@type\":\"SearchAction\",\"target\":{\"@type\":\"EntryPoint\",\"urlTemplate\":\"https:\\\/\\\/comprehensiveliquor.com\\\/?s={search_term_string}\"},\"query-input\":{\"@type\":\"PropertyValueSpecification\",\"valueRequired\":true,\"valueName\":\"search_term_string\"}}],\"inLanguage\":\"hu\"},{\"@type\":\"Organization\",\"@id\":\"https:\\\/\\\/comprehensiveliquor.com\\\/#organization\",\"name\":\"Comprehensive Liquor\",\"alternateName\":\"Comprehensive Liquor Store\",\"url\":\"https:\\\/\\\/comprehensiveliquor.com\\\/\",\"logo\":{\"@type\":\"ImageObject\",\"inLanguage\":\"hu\",\"@id\":\"https:\\\/\\\/comprehensiveliquor.com\\\/#\\\/schema\\\/logo\\\/image\\\/\",\"url\":\"https:\\\/\\\/comprehensiveliquor.com\\\/wp-content\\\/uploads\\\/2024\\\/03\\\/cropped-image_2024-03-26_131408877.png\",\"contentUrl\":\"https:\\\/\\\/comprehensiveliquor.com\\\/wp-content\\\/uploads\\\/2024\\\/03\\\/cropped-image_2024-03-26_131408877.png\",\"width\":378,\"height\":263,\"caption\":\"Comprehensive Liquor\"},\"image\":{\"@id\":\"https:\\\/\\\/comprehensiveliquor.com\\\/#\\\/schema\\\/logo\\\/image\\\/\"}}]}<\/script>\n<!-- \/ Yoast SEO Premium plugin. -->","yoast_head_json":{"title":"The One Moscatel Wine Cask Finished Whisky | Lakes Distillery Shipping Rate: 3 \u24d8","description":"The One Moscatel Wine Cask Finished Whisky\u00a070cl The One Moscatel Wine Cask Finished Whisky is a limited edition blend from the English whisky distillery,","robots":{"index":"index","follow":"follow","max-snippet":"max-snippet:-1","max-image-preview":"max-image-preview:large","max-video-preview":"max-video-preview:-1"},"canonical":"https:\/\/comprehensiveliquor.com\/hu\/product\/the-one-moscatel-wine-cask-finished-whisky-lakes-distillery-shipping-rate-3-\u24d8\/","og_locale":"hu_HU","og_type":"article","og_title":"The One Moscatel Wine Cask Finished Whisky | Lakes Distillery Shipping Rate: 3 \u24d8","og_description":"The One Moscatel Wine Cask Finished Whisky\u00a070cl The One Moscatel Wine Cask Finished Whisky is a limited edition blend from the English whisky distillery,","og_url":"https:\/\/comprehensiveliquor.com\/hu\/product\/the-one-moscatel-wine-cask-finished-whisky-lakes-distillery-shipping-rate-3-\u24d8\/","og_site_name":"Comprehensive Liquor","article_modified_time":"2023-12-09T14:03:36+00:00","og_image":[{"width":360,"height":541,"url":"https:\/\/comprehensiveliquor.com\/wp-content\/uploads\/2022\/10\/image_2022-10-16_185757462.png","type":"image\/png"}],"twitter_card":"summary_large_image","twitter_misc":{"Becs\u00fclt olvas\u00e1si id\u0151":"1 perc"},"schema":{"@context":"https:\/\/schema.org","@graph":[{"@type":"WebPage","@id":"https:\/\/comprehensiveliquor.com\/product\/the-one-moscatel-wine-cask-finished-whisky-lakes-distillery-shipping-rate-3-%e2%93%98\/","url":"https:\/\/comprehensiveliquor.com\/product\/the-one-moscatel-wine-cask-finished-whisky-lakes-distillery-shipping-rate-3-%e2%93%98\/","name":"The One Moscatel Wine Cask Finished Whisky | Lakes Distillery Shipping Rate: 3 \u24d8","isPartOf":{"@id":"https:\/\/comprehensiveliquor.com\/#website"},"primaryImageOfPage":{"@id":"https:\/\/comprehensiveliquor.com\/product\/the-one-moscatel-wine-cask-finished-whisky-lakes-distillery-shipping-rate-3-%e2%93%98\/#primaryimage"},"image":{"@id":"https:\/\/comprehensiveliquor.com\/product\/the-one-moscatel-wine-cask-finished-whisky-lakes-distillery-shipping-rate-3-%e2%93%98\/#primaryimage"},"thumbnailUrl":"https:\/\/comprehensiveliquor.com\/wp-content\/uploads\/2022\/10\/image_2022-10-16_185757462.png","datePublished":"2022-10-16T18:02:41+00:00","dateModified":"2023-12-09T14:03:36+00:00","description":"The One Moscatel Wine Cask Finished Whisky\u00a070cl The One Moscatel Wine Cask Finished Whisky is a limited edition blend from the English whisky distillery,","breadcrumb":{"@id":"https:\/\/comprehensiveliquor.com\/product\/the-one-moscatel-wine-cask-finished-whisky-lakes-distillery-shipping-rate-3-%e2%93%98\/#breadcrumb"},"inLanguage":"hu","potentialAction":[{"@type":"ReadAction","target":["https:\/\/comprehensiveliquor.com\/product\/the-one-moscatel-wine-cask-finished-whisky-lakes-distillery-shipping-rate-3-%e2%93%98\/"]}]},{"@type":"ImageObject","inLanguage":"hu","@id":"https:\/\/comprehensiveliquor.com\/product\/the-one-moscatel-wine-cask-finished-whisky-lakes-distillery-shipping-rate-3-%e2%93%98\/#primaryimage","url":"https:\/\/comprehensiveliquor.com\/wp-content\/uploads\/2022\/10\/image_2022-10-16_185757462.png","contentUrl":"https:\/\/comprehensiveliquor.com\/wp-content\/uploads\/2022\/10\/image_2022-10-16_185757462.png","width":360,"height":541},{"@type":"BreadcrumbList","@id":"https:\/\/comprehensiveliquor.com\/product\/the-one-moscatel-wine-cask-finished-whisky-lakes-distillery-shipping-rate-3-%e2%93%98\/#breadcrumb","itemListElement":[{"@type":"ListItem","position":1,"name":"Home","item":"https:\/\/comprehensiveliquor.com\/"},{"@type":"ListItem","position":2,"name":"Shop","item":"https:\/\/comprehensiveliquor.com\/shop\/"},{"@type":"ListItem","position":3,"name":"The One Moscatel Wine Cask Finished Whisky | Lakes Distillery Shipping Rate: 3 \u24d8"}]},{"@type":"WebSite","@id":"https:\/\/comprehensiveliquor.com\/#website","url":"https:\/\/comprehensiveliquor.com\/","name":"\u00c1tfog\u00f3 ital","description":"Best Liquor Store","publisher":{"@id":"https:\/\/comprehensiveliquor.com\/#organization"},"alternateName":"Comprehensive Liquor Store","potentialAction":[{"@type":"SearchAction","target":{"@type":"EntryPoint","urlTemplate":"https:\/\/comprehensiveliquor.com\/?s={search_term_string}"},"query-input":{"@type":"PropertyValueSpecification","valueRequired":true,"valueName":"search_term_string"}}],"inLanguage":"hu"},{"@type":"Organization","@id":"https:\/\/comprehensiveliquor.com\/#organization","name":"\u00c1tfog\u00f3 ital","alternateName":"Comprehensive Liquor Store","url":"https:\/\/comprehensiveliquor.com\/","logo":{"@type":"ImageObject","inLanguage":"hu","@id":"https:\/\/comprehensiveliquor.com\/#\/schema\/logo\/image\/","url":"https:\/\/comprehensiveliquor.com\/wp-content\/uploads\/2024\/03\/cropped-image_2024-03-26_131408877.png","contentUrl":"https:\/\/comprehensiveliquor.com\/wp-content\/uploads\/2024\/03\/cropped-image_2024-03-26_131408877.png","width":378,"height":263,"caption":"Comprehensive Liquor"},"image":{"@id":"https:\/\/comprehensiveliquor.com\/#\/schema\/logo\/image\/"}}]}},"_links":{"self":[{"href":"https:\/\/comprehensiveliquor.com\/hu\/wp-json\/wp\/v2\/product\/2288","targetHints":{"allow":["GET"]}}],"collection":[{"href":"https:\/\/comprehensiveliquor.com\/hu\/wp-json\/wp\/v2\/product"}],"about":[{"href":"https:\/\/comprehensiveliquor.com\/hu\/wp-json\/wp\/v2\/types\/product"}],"replies":[{"embeddable":true,"href":"https:\/\/comprehensiveliquor.com\/hu\/wp-json\/wp\/v2\/comments?post=2288"}],"wp:featuredmedia":[{"embeddable":true,"href":"https:\/\/comprehensiveliquor.com\/hu\/wp-json\/wp\/v2\/media\/2289"}],"wp:attachment":[{"href":"https:\/\/comprehensiveliquor.com\/hu\/wp-json\/wp\/v2\/media?parent=2288"}],"wp:term":[{"taxonomy":"product_brand","embeddable":true,"href":"https:\/\/comprehensiveliquor.com\/hu\/wp-json\/wp\/v2\/product_brand?post=2288"},{"taxonomy":"product_cat","embeddable":true,"href":"https:\/\/comprehensiveliquor.com\/hu\/wp-json\/wp\/v2\/product_cat?post=2288"},{"taxonomy":"product_tag","embeddable":true,"href":"https:\/\/comprehensiveliquor.com\/hu\/wp-json\/wp\/v2\/product_tag?post=2288"}],"curies":[{"name":"wp","href":"https:\/\/api.w.org\/{rel}","templated":true}]}}