{"id":2450,"date":"2022-10-17T19:48:59","date_gmt":"2022-10-17T19:48:59","guid":{"rendered":"https:\/\/comprehensiveliquor.com\/?post_type=product&#038;p=2450"},"modified":"2024-01-11T18:15:16","modified_gmt":"2024-01-11T18:15:16","slug":"hennessy-xo-70cl-flask-pack","status":"publish","type":"product","link":"https:\/\/comprehensiveliquor.com\/hu\/product\/hennessy-xo-70cl-flask-pack\/","title":{"rendered":"Hennessy XO 70cl Flask Pack"},"content":{"rendered":"<h2 style=\"color: #252525;\"><strong>Cognac Flask Pack Hennessy XO 70cl<\/strong><\/h2>\n<p style=\"color: #252525;\">A handsome gift pack from Hennessy, featuring their decadent XO Cognac, a hip flask shaped like the distinctive XO bottle, and a funnel, so you don&#8217;t end up with cognac on the floor when you try to fill the hip flask.<\/p>\n<p>&nbsp;<\/p>\n<ul>\n<li>\n<h4 class=\"product-notes__author\" style=\"color: #252525;\">Producer&#8217;s Tasting Notes<\/h4>\n<ul class=\"product-notes__list\" style=\"color: #252525;\">\n<li class=\"product-notes__item\" style=\"color: #252525;\">\n<h4 class=\"product-notes__title\" style=\"color: #252525;\">NOSE<\/h4>\n<p class=\"product-notes__copy\" style=\"color: #252525;\">The first wave, rich in dried-fruit aromas such as prunes and dried figs, overcomes you. The aromas evolve into more dense notes of chocolate and black pepper, mellowed by cinnamon, cloves, and cardamom.<\/p>\n<\/li>\n<li class=\"product-notes__item\" style=\"color: #252525;\">\n<h4 class=\"product-notes__title\" style=\"color: #252525;\">PALATE<\/h4>\n<p class=\"product-notes__copy\" style=\"color: #252525;\">Very balanced on the palate, XO confirms the aromas discovered by scent: dried fruit and chocolate. Elegant and robust, it reveals balance, roundness, and harmony among aromas underlined by the strength of peppery notes and vegetable fragrances from the oak.<\/p>\n<\/li>\n<li class=\"product-notes__item\" style=\"color: #252525;\">\n<h4 class=\"product-notes__title\" style=\"color: #252525;\">FINISH<\/h4>\n<p class=\"product-notes__copy\" style=\"color: #252525;\">A lovely, long aftertaste is enrobed in velvet, conferring the last sweet notes of cinnamon and vanilla.<\/p>\n<\/li>\n<\/ul>\n<\/li>\n<\/ul>\n<p>&nbsp;<\/p>\n<h5 class=\"beautify__page-heading _hasToggle\">Attrib\u00fatumok<\/h5>\n<div id=\"ih__addition-5906\" class=\"productView-addition-tabContent is-open\">\n<table class=\"productView-addition-table table\">\n<tbody class=\"table-tbody\">\n<tr class=\"productView-info-row--cfProductOf\">\n<td>\n<div class=\"productView-info-name productView-info-name--cfProductOf\">Product of:<\/div>\n<\/td>\n<td>\n<div class=\"productView-info-value productView-info-value--cfProductOf\">France<\/div>\n<\/td>\n<\/tr>\n<tr class=\"productView-info-row--cfVarietalType\">\n<td>\n<div class=\"productView-info-name productView-info-name--cfVarietalType\">Varietal\/Type:<\/div>\n<\/td>\n<td>\n<div class=\"productView-info-value productView-info-value--cfVarietalType\"><a title=\"Cognac\" href=\"https:\/\/en.wikipedia.org\/wiki\/Cognac\" target=\"_blank\" rel=\"noopener\">Cognac<\/a><\/div>\n<\/td>\n<\/tr>\n<tr class=\"productView-info-row--cfSize\">\n<td>\n<div class=\"productView-info-name productView-info-name--cfSize\">Size:<\/div>\n<\/td>\n<td>\n<div class=\"productView-info-value productView-info-value--cfSize\">70cl<\/div>\n<\/td>\n<\/tr>\n<\/tbody>\n<\/table>\n<\/div>","protected":false},"excerpt":{"rendered":"<p>A gift\u00a0<em style=\"color: #252525;\">pack<\/em>\u00a0of\u00a0<em style=\"color: #252525;\">Hennessy&#8217;s<\/em>\u00a0excellent\u00a0<em style=\"color: #252525;\">XO<\/em> Cognac, complete with an eye-catching shiny hip\u00a0<em style=\"color: #252525;\">flask<\/em>\u00a0in the iconic\u00a0<em style=\"color: #252525;\">Hennessy<\/em>\u00a0shape and metal filling funnel.<\/p>","protected":false},"featured_media":2451,"comment_status":"open","ping_status":"closed","template":"","meta":{"site-sidebar-layout":"default","site-content-layout":"default","ast-site-content-layout":"default","site-content-style":"default","site-sidebar-style":"default","ast-global-header-display":"","ast-banner-title-visibility":"","ast-main-header-display":"","ast-hfb-above-header-display":"","ast-hfb-below-header-display":"","ast-hfb-mobile-header-display":"","site-post-title":"","ast-breadcrumbs-content":"","ast-featured-img":"","footer-sml-layout":"","ast-disable-related-posts":"","theme-transparent-header-meta":"default","adv-header-id-meta":"","stick-header-meta":"","header-above-stick-meta":"","header-main-stick-meta":"","header-below-stick-meta":"","astra-migrate-meta-layouts":"set","ast-page-background-enabled":"default","ast-page-background-meta":{"desktop":{"background-color":"","background-image":"","background-repeat":"repeat","background-position":"center center","background-size":"auto","background-attachment":"scroll","background-type":"","background-media":"","overlay-type":"","overlay-color":"","overlay-opacity":"","overlay-gradient":""},"tablet":{"background-color":"","background-image":"","background-repeat":"repeat","background-position":"center center","background-size":"auto","background-attachment":"scroll","background-type":"","background-media":"","overlay-type":"","overlay-color":"","overlay-opacity":"","overlay-gradient":""},"mobile":{"background-color":"","background-image":"","background-repeat":"repeat","background-position":"center center","background-size":"auto","background-attachment":"scroll","background-type":"","background-media":"","overlay-type":"","overlay-color":"","overlay-opacity":"","overlay-gradient":""}},"ast-content-background-meta":{"desktop":{"background-color":"var(--ast-global-color-5)","background-image":"","background-repeat":"repeat","background-position":"center center","background-size":"auto","background-attachment":"scroll","background-type":"","background-media":"","overlay-type":"","overlay-color":"","overlay-opacity":"","overlay-gradient":""},"tablet":{"background-color":"var(--ast-global-color-5)","background-image":"","background-repeat":"repeat","background-position":"center center","background-size":"auto","background-attachment":"scroll","background-type":"","background-media":"","overlay-type":"","overlay-color":"","overlay-opacity":"","overlay-gradient":""},"mobile":{"background-color":"var(--ast-global-color-5)","background-image":"","background-repeat":"repeat","background-position":"center center","background-size":"auto","background-attachment":"scroll","background-type":"","background-media":"","overlay-type":"","overlay-color":"","overlay-opacity":"","overlay-gradient":""}}},"product_brand":[],"product_cat":[51,46,27],"product_tag":[],"class_list":{"0":"post-2450","1":"product","2":"type-product","3":"status-publish","4":"has-post-thumbnail","6":"product_cat-cognac-armagnac","7":"product_cat-whisky","8":"product_cat-world-whisky","9":"desktop-align-center","10":"tablet-align-left","11":"mobile-align-left","13":"first","14":"instock","15":"shipping-taxable","16":"purchasable","17":"product-type-simple"},"yoast_head":"<!-- This site is optimized with the Yoast SEO Premium plugin v24.7 (Yoast SEO v27.3) - https:\/\/yoast.com\/product\/yoast-seo-premium-wordpress\/ -->\n<title>Hennessy XO 70cl Flask Pack<\/title>\n<meta name=\"description\" content=\"A gift\u00a0pack\u00a0of\u00a0Hennessy&#039;s\u00a0excellent\u00a0XO Cognac, complete with an eye-catching shiny hip\u00a0flask\u00a0in the iconic\u00a0Hennessy\u00a0shape and metal filling funnel.\" \/>\n<meta name=\"robots\" content=\"index, follow, max-snippet:-1, max-image-preview:large, max-video-preview:-1\" \/>\n<link rel=\"canonical\" href=\"https:\/\/comprehensiveliquor.com\/hu\/product\/hennessy-xo-70cl-flask-pack\/\" \/>\n<meta property=\"og:locale\" content=\"hu_HU\" \/>\n<meta property=\"og:type\" content=\"article\" \/>\n<meta property=\"og:title\" content=\"Hennessy XO 70cl Flask Pack\" \/>\n<meta property=\"og:description\" content=\"A gift\u00a0pack\u00a0of\u00a0Hennessy&#039;s\u00a0excellent\u00a0XO Cognac, complete with an eye-catching shiny hip\u00a0flask\u00a0in the iconic\u00a0Hennessy\u00a0shape and metal filling funnel.\" \/>\n<meta property=\"og:url\" content=\"https:\/\/comprehensiveliquor.com\/hu\/product\/hennessy-xo-70cl-flask-pack\/\" \/>\n<meta property=\"og:site_name\" content=\"Comprehensive Liquor\" \/>\n<meta property=\"article:modified_time\" content=\"2024-01-11T18:15:16+00:00\" \/>\n<meta property=\"og:image\" content=\"https:\/\/comprehensiveliquor.com\/wp-content\/uploads\/2022\/10\/image_2022-10-17_204511626.png\" \/>\n\t<meta property=\"og:image:width\" content=\"640\" \/>\n\t<meta property=\"og:image:height\" content=\"896\" \/>\n\t<meta property=\"og:image:type\" content=\"image\/png\" \/>\n<meta name=\"twitter:card\" content=\"summary_large_image\" \/>\n<meta name=\"twitter:label1\" content=\"Becs\u00fclt olvas\u00e1si id\u0151\" \/>\n\t<meta name=\"twitter:data1\" content=\"1 perc\" \/>\n<script type=\"application\/ld+json\" class=\"yoast-schema-graph\">{\"@context\":\"https:\\\/\\\/schema.org\",\"@graph\":[{\"@type\":\"WebPage\",\"@id\":\"https:\\\/\\\/comprehensiveliquor.com\\\/product\\\/hennessy-xo-70cl-flask-pack\\\/\",\"url\":\"https:\\\/\\\/comprehensiveliquor.com\\\/product\\\/hennessy-xo-70cl-flask-pack\\\/\",\"name\":\"Hennessy XO 70cl Flask Pack\",\"isPartOf\":{\"@id\":\"https:\\\/\\\/comprehensiveliquor.com\\\/#website\"},\"primaryImageOfPage\":{\"@id\":\"https:\\\/\\\/comprehensiveliquor.com\\\/product\\\/hennessy-xo-70cl-flask-pack\\\/#primaryimage\"},\"image\":{\"@id\":\"https:\\\/\\\/comprehensiveliquor.com\\\/product\\\/hennessy-xo-70cl-flask-pack\\\/#primaryimage\"},\"thumbnailUrl\":\"https:\\\/\\\/comprehensiveliquor.com\\\/wp-content\\\/uploads\\\/2022\\\/10\\\/image_2022-10-17_204511626.png\",\"datePublished\":\"2022-10-17T19:48:59+00:00\",\"dateModified\":\"2024-01-11T18:15:16+00:00\",\"description\":\"A gift\u00a0pack\u00a0of\u00a0Hennessy's\u00a0excellent\u00a0XO Cognac, complete with an eye-catching shiny hip\u00a0flask\u00a0in the iconic\u00a0Hennessy\u00a0shape and metal filling funnel.\",\"breadcrumb\":{\"@id\":\"https:\\\/\\\/comprehensiveliquor.com\\\/product\\\/hennessy-xo-70cl-flask-pack\\\/#breadcrumb\"},\"inLanguage\":\"hu\",\"potentialAction\":[{\"@type\":\"ReadAction\",\"target\":[\"https:\\\/\\\/comprehensiveliquor.com\\\/product\\\/hennessy-xo-70cl-flask-pack\\\/\"]}]},{\"@type\":\"ImageObject\",\"inLanguage\":\"hu\",\"@id\":\"https:\\\/\\\/comprehensiveliquor.com\\\/product\\\/hennessy-xo-70cl-flask-pack\\\/#primaryimage\",\"url\":\"https:\\\/\\\/comprehensiveliquor.com\\\/wp-content\\\/uploads\\\/2022\\\/10\\\/image_2022-10-17_204511626.png\",\"contentUrl\":\"https:\\\/\\\/comprehensiveliquor.com\\\/wp-content\\\/uploads\\\/2022\\\/10\\\/image_2022-10-17_204511626.png\",\"width\":640,\"height\":896,\"caption\":\"Hennessy XO\"},{\"@type\":\"BreadcrumbList\",\"@id\":\"https:\\\/\\\/comprehensiveliquor.com\\\/product\\\/hennessy-xo-70cl-flask-pack\\\/#breadcrumb\",\"itemListElement\":[{\"@type\":\"ListItem\",\"position\":1,\"name\":\"Home\",\"item\":\"https:\\\/\\\/comprehensiveliquor.com\\\/\"},{\"@type\":\"ListItem\",\"position\":2,\"name\":\"Shop\",\"item\":\"https:\\\/\\\/comprehensiveliquor.com\\\/shop\\\/\"},{\"@type\":\"ListItem\",\"position\":3,\"name\":\"Hennessy XO 70cl Flask Pack\"}]},{\"@type\":\"WebSite\",\"@id\":\"https:\\\/\\\/comprehensiveliquor.com\\\/#website\",\"url\":\"https:\\\/\\\/comprehensiveliquor.com\\\/\",\"name\":\"Comprehensive Liquor\",\"description\":\"Best Liquor Store\",\"publisher\":{\"@id\":\"https:\\\/\\\/comprehensiveliquor.com\\\/#organization\"},\"alternateName\":\"Comprehensive Liquor Store\",\"potentialAction\":[{\"@type\":\"SearchAction\",\"target\":{\"@type\":\"EntryPoint\",\"urlTemplate\":\"https:\\\/\\\/comprehensiveliquor.com\\\/?s={search_term_string}\"},\"query-input\":{\"@type\":\"PropertyValueSpecification\",\"valueRequired\":true,\"valueName\":\"search_term_string\"}}],\"inLanguage\":\"hu\"},{\"@type\":\"Organization\",\"@id\":\"https:\\\/\\\/comprehensiveliquor.com\\\/#organization\",\"name\":\"Comprehensive Liquor\",\"alternateName\":\"Comprehensive Liquor Store\",\"url\":\"https:\\\/\\\/comprehensiveliquor.com\\\/\",\"logo\":{\"@type\":\"ImageObject\",\"inLanguage\":\"hu\",\"@id\":\"https:\\\/\\\/comprehensiveliquor.com\\\/#\\\/schema\\\/logo\\\/image\\\/\",\"url\":\"https:\\\/\\\/comprehensiveliquor.com\\\/wp-content\\\/uploads\\\/2024\\\/03\\\/cropped-image_2024-03-26_131408877.png\",\"contentUrl\":\"https:\\\/\\\/comprehensiveliquor.com\\\/wp-content\\\/uploads\\\/2024\\\/03\\\/cropped-image_2024-03-26_131408877.png\",\"width\":378,\"height\":263,\"caption\":\"Comprehensive Liquor\"},\"image\":{\"@id\":\"https:\\\/\\\/comprehensiveliquor.com\\\/#\\\/schema\\\/logo\\\/image\\\/\"}}]}<\/script>\n<!-- \/ Yoast SEO Premium plugin. -->","yoast_head_json":{"title":"Hennessy XO 70cl Flask Pack","description":"A gift\u00a0pack\u00a0of\u00a0Hennessy's\u00a0excellent\u00a0XO Cognac, complete with an eye-catching shiny hip\u00a0flask\u00a0in the iconic\u00a0Hennessy\u00a0shape and metal filling funnel.","robots":{"index":"index","follow":"follow","max-snippet":"max-snippet:-1","max-image-preview":"max-image-preview:large","max-video-preview":"max-video-preview:-1"},"canonical":"https:\/\/comprehensiveliquor.com\/hu\/product\/hennessy-xo-70cl-flask-pack\/","og_locale":"hu_HU","og_type":"article","og_title":"Hennessy XO 70cl Flask Pack","og_description":"A gift\u00a0pack\u00a0of\u00a0Hennessy's\u00a0excellent\u00a0XO Cognac, complete with an eye-catching shiny hip\u00a0flask\u00a0in the iconic\u00a0Hennessy\u00a0shape and metal filling funnel.","og_url":"https:\/\/comprehensiveliquor.com\/hu\/product\/hennessy-xo-70cl-flask-pack\/","og_site_name":"Comprehensive Liquor","article_modified_time":"2024-01-11T18:15:16+00:00","og_image":[{"width":640,"height":896,"url":"https:\/\/comprehensiveliquor.com\/wp-content\/uploads\/2022\/10\/image_2022-10-17_204511626.png","type":"image\/png"}],"twitter_card":"summary_large_image","twitter_misc":{"Becs\u00fclt olvas\u00e1si id\u0151":"1 perc"},"schema":{"@context":"https:\/\/schema.org","@graph":[{"@type":"WebPage","@id":"https:\/\/comprehensiveliquor.com\/product\/hennessy-xo-70cl-flask-pack\/","url":"https:\/\/comprehensiveliquor.com\/product\/hennessy-xo-70cl-flask-pack\/","name":"Hennessy XO 70cl Flask Pack","isPartOf":{"@id":"https:\/\/comprehensiveliquor.com\/#website"},"primaryImageOfPage":{"@id":"https:\/\/comprehensiveliquor.com\/product\/hennessy-xo-70cl-flask-pack\/#primaryimage"},"image":{"@id":"https:\/\/comprehensiveliquor.com\/product\/hennessy-xo-70cl-flask-pack\/#primaryimage"},"thumbnailUrl":"https:\/\/comprehensiveliquor.com\/wp-content\/uploads\/2022\/10\/image_2022-10-17_204511626.png","datePublished":"2022-10-17T19:48:59+00:00","dateModified":"2024-01-11T18:15:16+00:00","description":"A gift\u00a0pack\u00a0of\u00a0Hennessy's\u00a0excellent\u00a0XO Cognac, complete with an eye-catching shiny hip\u00a0flask\u00a0in the iconic\u00a0Hennessy\u00a0shape and metal filling funnel.","breadcrumb":{"@id":"https:\/\/comprehensiveliquor.com\/product\/hennessy-xo-70cl-flask-pack\/#breadcrumb"},"inLanguage":"hu","potentialAction":[{"@type":"ReadAction","target":["https:\/\/comprehensiveliquor.com\/product\/hennessy-xo-70cl-flask-pack\/"]}]},{"@type":"ImageObject","inLanguage":"hu","@id":"https:\/\/comprehensiveliquor.com\/product\/hennessy-xo-70cl-flask-pack\/#primaryimage","url":"https:\/\/comprehensiveliquor.com\/wp-content\/uploads\/2022\/10\/image_2022-10-17_204511626.png","contentUrl":"https:\/\/comprehensiveliquor.com\/wp-content\/uploads\/2022\/10\/image_2022-10-17_204511626.png","width":640,"height":896,"caption":"Hennessy XO"},{"@type":"BreadcrumbList","@id":"https:\/\/comprehensiveliquor.com\/product\/hennessy-xo-70cl-flask-pack\/#breadcrumb","itemListElement":[{"@type":"ListItem","position":1,"name":"Home","item":"https:\/\/comprehensiveliquor.com\/"},{"@type":"ListItem","position":2,"name":"Shop","item":"https:\/\/comprehensiveliquor.com\/shop\/"},{"@type":"ListItem","position":3,"name":"Hennessy XO 70cl Flask Pack"}]},{"@type":"WebSite","@id":"https:\/\/comprehensiveliquor.com\/#website","url":"https:\/\/comprehensiveliquor.com\/","name":"\u00c1tfog\u00f3 ital","description":"Best Liquor Store","publisher":{"@id":"https:\/\/comprehensiveliquor.com\/#organization"},"alternateName":"Comprehensive Liquor Store","potentialAction":[{"@type":"SearchAction","target":{"@type":"EntryPoint","urlTemplate":"https:\/\/comprehensiveliquor.com\/?s={search_term_string}"},"query-input":{"@type":"PropertyValueSpecification","valueRequired":true,"valueName":"search_term_string"}}],"inLanguage":"hu"},{"@type":"Organization","@id":"https:\/\/comprehensiveliquor.com\/#organization","name":"\u00c1tfog\u00f3 ital","alternateName":"Comprehensive Liquor Store","url":"https:\/\/comprehensiveliquor.com\/","logo":{"@type":"ImageObject","inLanguage":"hu","@id":"https:\/\/comprehensiveliquor.com\/#\/schema\/logo\/image\/","url":"https:\/\/comprehensiveliquor.com\/wp-content\/uploads\/2024\/03\/cropped-image_2024-03-26_131408877.png","contentUrl":"https:\/\/comprehensiveliquor.com\/wp-content\/uploads\/2024\/03\/cropped-image_2024-03-26_131408877.png","width":378,"height":263,"caption":"Comprehensive Liquor"},"image":{"@id":"https:\/\/comprehensiveliquor.com\/#\/schema\/logo\/image\/"}}]}},"_links":{"self":[{"href":"https:\/\/comprehensiveliquor.com\/hu\/wp-json\/wp\/v2\/product\/2450","targetHints":{"allow":["GET"]}}],"collection":[{"href":"https:\/\/comprehensiveliquor.com\/hu\/wp-json\/wp\/v2\/product"}],"about":[{"href":"https:\/\/comprehensiveliquor.com\/hu\/wp-json\/wp\/v2\/types\/product"}],"replies":[{"embeddable":true,"href":"https:\/\/comprehensiveliquor.com\/hu\/wp-json\/wp\/v2\/comments?post=2450"}],"wp:featuredmedia":[{"embeddable":true,"href":"https:\/\/comprehensiveliquor.com\/hu\/wp-json\/wp\/v2\/media\/2451"}],"wp:attachment":[{"href":"https:\/\/comprehensiveliquor.com\/hu\/wp-json\/wp\/v2\/media?parent=2450"}],"wp:term":[{"taxonomy":"product_brand","embeddable":true,"href":"https:\/\/comprehensiveliquor.com\/hu\/wp-json\/wp\/v2\/product_brand?post=2450"},{"taxonomy":"product_cat","embeddable":true,"href":"https:\/\/comprehensiveliquor.com\/hu\/wp-json\/wp\/v2\/product_cat?post=2450"},{"taxonomy":"product_tag","embeddable":true,"href":"https:\/\/comprehensiveliquor.com\/hu\/wp-json\/wp\/v2\/product_tag?post=2450"}],"curies":[{"name":"wp","href":"https:\/\/api.w.org\/{rel}","templated":true}]}}