{"id":2456,"date":"2022-10-17T19:59:18","date_gmt":"2022-10-17T19:59:18","guid":{"rendered":"https:\/\/comprehensiveliquor.com\/?post_type=product&#038;p=2456"},"modified":"2025-06-14T12:39:23","modified_gmt":"2025-06-14T12:39:23","slug":"martell-lor-de-jean-cognac-70cl","status":"publish","type":"product","link":"https:\/\/comprehensiveliquor.com\/hu\/product\/martell-lor-de-jean-cognac-70cl\/","title":{"rendered":"Martell L&#8217;Or De Jean Cognac 70cl"},"content":{"rendered":"<h2 style=\"color: #252525;\"><strong style=\"color: #252525;\">Martell L&#8217;Or De Jean Cognac 70cl, France<\/strong><\/h2>\n<p>A L\u2019Or de Jean Martell egy k\u00fcl\u00f6n\u00f6sen kiemelked\u0151 konyak. Ez a konyak a Grande Champagne \u00e9s a Borderies terroirjair\u00f3l sz\u00e1rmaz\u00f3 eaux-de-vie-kb\u0151l k\u00e9sz\u00fcl, \u00e9s legfeljebb 100 \u00e9ves eaux-de-vie-kb\u0151l \u00e1ll. A v\u00e9gterm\u00e9k egy \u00edzletesen \u00e9rlelt \u00edzkombin\u00e1ci\u00f3, amely \u00e9rz\u00e9ki utaz\u00e1sra viszi a sz\u00e1jpadl\u00e1st. Csod\u00e1lja meg a gondosan megmunk\u00e1lt palackba z\u00e1rt konyak m\u00e9ly, k\u00e1pr\u00e1zatos \u00e1rnyalatait els\u0151 pillant\u00e1sra. Majd, amikor megk\u00f3stolja, elb\u0171v\u00f6li majd a t\u00f6bb mint 400 k\u00fcl\u00f6nb\u00f6z\u0151 eaux-de-vie kever\u00e9k\u00e9ben rejl\u0151 t\u00f6k\u00e9letes harm\u00f3nia \u2013 sz\u00edntiszta var\u00e1zslat. Christophe Valtaud, pincemester, el\u00e1rulja:<\/p>\n<p style=\"color: #252525;\">\u201eV\u00e9lem\u00e9nyem szerint a L\u2019Or de Jean Martell a Martell konyak\u00e1nak kvintesszenci\u00e1ja.\u201d A L\u2019Or az aromagazdags\u00e1g \u00e9s az er\u0151 csod\u00e1latos kombin\u00e1ci\u00f3j\u00e1t k\u00edn\u00e1lja, a Borderies test\u00e9vel \u00e9s a Grande Champagne strukt\u00far\u00e1j\u00e1val.\u201d<\/p>\n<p>Az 1715-ben alap\u00edtott Martell az egyik legr\u00e9gebbi konyakh\u00e1z. Ma a m\u00e1rka a konyakgy\u00e1rt\u00e1s \u00e9lvonal\u00e1ba tartozik, er\u0151s nemzetk\u00f6zi h\u00edrn\u00e9vvel. A Martell \u00e1ltal alkalmazott jellegzetes lep\u00e1rl\u00e1si technika mentes a szennyez\u0151d\u00e9sekt\u0151l, lehet\u0151v\u00e9 t\u00e9ve, hogy az eaux-de-vie mag\u00e1ba sz\u00edvja a bourbon hord\u00f3 gazdag illatjegyeit.<\/p>\n<p>A palack bemutat\u00e1sa<\/p>\n<p>A kiv\u00e1l\u00f3 krist\u00e1ly dekanterbe, a L\u2019Or de Jean Martellbe \u00f6lt\u00f6ztetett palack t\u00e1lal\u00e1sa minden bizonnyal gy\u0171jt\u0151i darab a konyak\u00edn\u00e1l\u00f3k sz\u00e1m\u00e1ra. Ahogy a \u201eL\u2019Or de Jean Martell\u201d neve is testes\u00edti meg, ez a konyak a f\u00e9ny\u0171z\u00e9st \u00e9s a kifinomults\u00e1got testes\u00edti meg. K\u00f6nnycsepp alak\u00fa palackba z\u00e1rt, felt\u0171n\u0151 arany tokja teljes m\u00e9rt\u00e9kben kiemeli a konyakot. A hossz\u00fa arany nyak \u00e9s a krist\u00e1ly dug\u00f3 tov\u00e1bb hangs\u00falyozza elb\u0171v\u00f6l\u0151 eszt\u00e9tik\u00e1j\u00e1t. Az arany tokon \u00e9s \u00fcvegdug\u00f3n, valamint a hasonl\u00f3an pazar \u00e1llv\u00e1nyon \u00e9s dobozon k\u00e9zzel grav\u00edrozott \u00f6rv\u00e9nyek tal\u00e1lhat\u00f3k. Nyilv\u00e1nval\u00f3, hogy minden r\u00e9szletet figyelembe vettek. A dekanter tervez\u00e9s\u00e9t\u0151l a benne rejl\u0151 nekt\u00e1r k\u00e9zm\u0171ves elk\u00e9sz\u00edt\u00e9s\u00e9ig ez a konyak igazi m\u0171alkot\u00e1s.<\/p>\n<p>&nbsp;<\/p>\n<h5 class=\"beautify__page-heading _hasToggle\">Attrib\u00fatumok<\/h5>\n<div id=\"ih__addition-3418\" class=\"productView-addition-tabContent is-open\">\n<table class=\"productView-addition-table table\">\n<tbody class=\"table-tbody\">\n<tr class=\"productView-info-row--cfProductOf\">\n<td><strong>Kateg\u00f3ria<\/strong><\/td>\n<td>\n<div class=\"productView-info-value productView-info-value--cfProductOf\">\n<p class=\"woocommerce-products-header__title page-title\"><a title=\"Cognac-Armagnac\" href=\"https:\/\/comprehensiveliquor.com\/hu\/product-category\/cognac-armagnac\/\">Cognac-Armagnac<\/a><\/p>\n<\/div>\n<\/td>\n<\/tr>\n<tr class=\"productView-info-row--cfVarietalType\">\n<td>\n<div class=\"productView-info-name productView-info-name--cfVarietalType\"><strong>Fajta\/T\u00edpus<\/strong><\/div>\n<\/td>\n<td>\n<div class=\"productView-info-value productView-info-value--cfVarietalType\"><a title=\"cognac-brand\" href=\"https:\/\/www.spiritacademy.it\/en\/568-cognac-brand\" target=\"_blank\" rel=\"noopener\">Cognac<\/a><\/div>\n<\/td>\n<\/tr>\n<tr class=\"productView-info-row--cfSize\">\n<td>\n<div class=\"productView-info-name productView-info-name--cfSize\"><strong>Size<\/strong><\/div>\n<\/td>\n<td>\n<div class=\"productView-info-value productView-info-value--cfSize\">70cl<\/div>\n<\/td>\n<\/tr>\n<\/tbody>\n<\/table>\n<\/div>","protected":false},"excerpt":{"rendered":"<p>Martell L&#8217;Or De Jean Cognac 70cl, France L&#8217;Or de Jean Martell is a particularly outstanding Cognac. This Cognac is made from eaux-de-vie from the terroirs of Grande Champagne and Borderies and is composed of eaux-de-vie up to 100 years old. The end product is a delectably matured combination of flavors that takes the palate on [&hellip;]<\/p>\n","protected":false},"featured_media":2457,"comment_status":"open","ping_status":"closed","template":"","meta":{"site-sidebar-layout":"default","site-content-layout":"default","ast-site-content-layout":"default","site-content-style":"default","site-sidebar-style":"default","ast-global-header-display":"","ast-banner-title-visibility":"","ast-main-header-display":"","ast-hfb-above-header-display":"","ast-hfb-below-header-display":"","ast-hfb-mobile-header-display":"","site-post-title":"","ast-breadcrumbs-content":"","ast-featured-img":"","footer-sml-layout":"","ast-disable-related-posts":"","theme-transparent-header-meta":"default","adv-header-id-meta":"","stick-header-meta":"","header-above-stick-meta":"","header-main-stick-meta":"","header-below-stick-meta":"","astra-migrate-meta-layouts":"set","ast-page-background-enabled":"default","ast-page-background-meta":{"desktop":{"background-color":"","background-image":"","background-repeat":"repeat","background-position":"center center","background-size":"auto","background-attachment":"scroll","background-type":"","background-media":"","overlay-type":"","overlay-color":"","overlay-opacity":"","overlay-gradient":""},"tablet":{"background-color":"","background-image":"","background-repeat":"repeat","background-position":"center center","background-size":"auto","background-attachment":"scroll","background-type":"","background-media":"","overlay-type":"","overlay-color":"","overlay-opacity":"","overlay-gradient":""},"mobile":{"background-color":"","background-image":"","background-repeat":"repeat","background-position":"center center","background-size":"auto","background-attachment":"scroll","background-type":"","background-media":"","overlay-type":"","overlay-color":"","overlay-opacity":"","overlay-gradient":""}},"ast-content-background-meta":{"desktop":{"background-color":"var(--ast-global-color-5)","background-image":"","background-repeat":"repeat","background-position":"center center","background-size":"auto","background-attachment":"scroll","background-type":"","background-media":"","overlay-type":"","overlay-color":"","overlay-opacity":"","overlay-gradient":""},"tablet":{"background-color":"var(--ast-global-color-5)","background-image":"","background-repeat":"repeat","background-position":"center center","background-size":"auto","background-attachment":"scroll","background-type":"","background-media":"","overlay-type":"","overlay-color":"","overlay-opacity":"","overlay-gradient":""},"mobile":{"background-color":"var(--ast-global-color-5)","background-image":"","background-repeat":"repeat","background-position":"center center","background-size":"auto","background-attachment":"scroll","background-type":"","background-media":"","overlay-type":"","overlay-color":"","overlay-opacity":"","overlay-gradient":""}}},"product_brand":[],"product_cat":[51],"product_tag":[],"class_list":{"0":"post-2456","1":"product","2":"type-product","3":"status-publish","4":"has-post-thumbnail","6":"product_cat-cognac-armagnac","7":"desktop-align-center","8":"tablet-align-left","9":"mobile-align-left","11":"first","12":"instock","13":"shipping-taxable","14":"purchasable","15":"product-type-simple"},"yoast_head":"<!-- This site is optimized with the Yoast SEO Premium plugin v24.7 (Yoast SEO v27.3) - https:\/\/yoast.com\/product\/yoast-seo-premium-wordpress\/ -->\n<title>Martell L&#039;Or De Jean Cognac 70cl<\/title>\n<meta name=\"description\" content=\"Martell L&#039;Or de Jean Martell Cognac, This Cognac is made from eaux-de-vie from the terroirs of Grande Champagne and Borderies and is composed...\" \/>\n<meta name=\"robots\" content=\"index, follow, max-snippet:-1, max-image-preview:large, max-video-preview:-1\" \/>\n<link rel=\"canonical\" href=\"https:\/\/comprehensiveliquor.com\/hu\/product\/martell-lor-de-jean-cognac-70cl\/\" \/>\n<meta property=\"og:locale\" content=\"hu_HU\" \/>\n<meta property=\"og:type\" content=\"article\" \/>\n<meta property=\"og:title\" content=\"Martell L&#039;Or De Jean Cognac 70cl\" \/>\n<meta property=\"og:description\" content=\"Martell L&#039;Or de Jean Martell Cognac, This Cognac is made from eaux-de-vie from the terroirs of Grande Champagne and Borderies and is composed...\" \/>\n<meta property=\"og:url\" content=\"https:\/\/comprehensiveliquor.com\/hu\/product\/martell-lor-de-jean-cognac-70cl\/\" \/>\n<meta property=\"og:site_name\" content=\"Comprehensive Liquor\" \/>\n<meta property=\"article:modified_time\" content=\"2025-06-14T12:39:23+00:00\" \/>\n<meta property=\"og:image\" content=\"https:\/\/comprehensiveliquor.com\/wp-content\/uploads\/2022\/10\/image_2022-10-17_205653386.png\" \/>\n\t<meta property=\"og:image:width\" content=\"640\" \/>\n\t<meta property=\"og:image:height\" content=\"960\" \/>\n\t<meta property=\"og:image:type\" content=\"image\/png\" \/>\n<meta name=\"twitter:card\" content=\"summary_large_image\" \/>\n<meta name=\"twitter:label1\" content=\"Becs\u00fclt olvas\u00e1si id\u0151\" \/>\n\t<meta name=\"twitter:data1\" content=\"2 perc\" \/>\n<script type=\"application\/ld+json\" class=\"yoast-schema-graph\">{\"@context\":\"https:\\\/\\\/schema.org\",\"@graph\":[{\"@type\":\"WebPage\",\"@id\":\"https:\\\/\\\/comprehensiveliquor.com\\\/product\\\/martell-lor-de-jean-cognac-70cl\\\/\",\"url\":\"https:\\\/\\\/comprehensiveliquor.com\\\/product\\\/martell-lor-de-jean-cognac-70cl\\\/\",\"name\":\"Martell L'Or De Jean Cognac 70cl\",\"isPartOf\":{\"@id\":\"https:\\\/\\\/comprehensiveliquor.com\\\/#website\"},\"primaryImageOfPage\":{\"@id\":\"https:\\\/\\\/comprehensiveliquor.com\\\/product\\\/martell-lor-de-jean-cognac-70cl\\\/#primaryimage\"},\"image\":{\"@id\":\"https:\\\/\\\/comprehensiveliquor.com\\\/product\\\/martell-lor-de-jean-cognac-70cl\\\/#primaryimage\"},\"thumbnailUrl\":\"https:\\\/\\\/comprehensiveliquor.com\\\/wp-content\\\/uploads\\\/2022\\\/10\\\/image_2022-10-17_205653386.png\",\"datePublished\":\"2022-10-17T19:59:18+00:00\",\"dateModified\":\"2025-06-14T12:39:23+00:00\",\"description\":\"Martell L'Or de Jean Martell Cognac, This Cognac is made from eaux-de-vie from the terroirs of Grande Champagne and Borderies and is composed...\",\"breadcrumb\":{\"@id\":\"https:\\\/\\\/comprehensiveliquor.com\\\/product\\\/martell-lor-de-jean-cognac-70cl\\\/#breadcrumb\"},\"inLanguage\":\"hu\",\"potentialAction\":[{\"@type\":\"ReadAction\",\"target\":[\"https:\\\/\\\/comprehensiveliquor.com\\\/product\\\/martell-lor-de-jean-cognac-70cl\\\/\"]}]},{\"@type\":\"ImageObject\",\"inLanguage\":\"hu\",\"@id\":\"https:\\\/\\\/comprehensiveliquor.com\\\/product\\\/martell-lor-de-jean-cognac-70cl\\\/#primaryimage\",\"url\":\"https:\\\/\\\/comprehensiveliquor.com\\\/wp-content\\\/uploads\\\/2022\\\/10\\\/image_2022-10-17_205653386.png\",\"contentUrl\":\"https:\\\/\\\/comprehensiveliquor.com\\\/wp-content\\\/uploads\\\/2022\\\/10\\\/image_2022-10-17_205653386.png\",\"width\":640,\"height\":960,\"caption\":\"Martell L'Or De Jean\"},{\"@type\":\"BreadcrumbList\",\"@id\":\"https:\\\/\\\/comprehensiveliquor.com\\\/product\\\/martell-lor-de-jean-cognac-70cl\\\/#breadcrumb\",\"itemListElement\":[{\"@type\":\"ListItem\",\"position\":1,\"name\":\"Home\",\"item\":\"https:\\\/\\\/comprehensiveliquor.com\\\/\"},{\"@type\":\"ListItem\",\"position\":2,\"name\":\"Shop\",\"item\":\"https:\\\/\\\/comprehensiveliquor.com\\\/shop\\\/\"},{\"@type\":\"ListItem\",\"position\":3,\"name\":\"Martell L&#8217;Or De Jean Cognac 70cl\"}]},{\"@type\":\"WebSite\",\"@id\":\"https:\\\/\\\/comprehensiveliquor.com\\\/#website\",\"url\":\"https:\\\/\\\/comprehensiveliquor.com\\\/\",\"name\":\"Comprehensive Liquor\",\"description\":\"Best Liquor Store\",\"publisher\":{\"@id\":\"https:\\\/\\\/comprehensiveliquor.com\\\/#organization\"},\"alternateName\":\"Comprehensive Liquor Store\",\"potentialAction\":[{\"@type\":\"SearchAction\",\"target\":{\"@type\":\"EntryPoint\",\"urlTemplate\":\"https:\\\/\\\/comprehensiveliquor.com\\\/?s={search_term_string}\"},\"query-input\":{\"@type\":\"PropertyValueSpecification\",\"valueRequired\":true,\"valueName\":\"search_term_string\"}}],\"inLanguage\":\"hu\"},{\"@type\":\"Organization\",\"@id\":\"https:\\\/\\\/comprehensiveliquor.com\\\/#organization\",\"name\":\"Comprehensive Liquor\",\"alternateName\":\"Comprehensive Liquor Store\",\"url\":\"https:\\\/\\\/comprehensiveliquor.com\\\/\",\"logo\":{\"@type\":\"ImageObject\",\"inLanguage\":\"hu\",\"@id\":\"https:\\\/\\\/comprehensiveliquor.com\\\/#\\\/schema\\\/logo\\\/image\\\/\",\"url\":\"https:\\\/\\\/comprehensiveliquor.com\\\/wp-content\\\/uploads\\\/2024\\\/03\\\/cropped-image_2024-03-26_131408877.png\",\"contentUrl\":\"https:\\\/\\\/comprehensiveliquor.com\\\/wp-content\\\/uploads\\\/2024\\\/03\\\/cropped-image_2024-03-26_131408877.png\",\"width\":378,\"height\":263,\"caption\":\"Comprehensive Liquor\"},\"image\":{\"@id\":\"https:\\\/\\\/comprehensiveliquor.com\\\/#\\\/schema\\\/logo\\\/image\\\/\"}}]}<\/script>\n<!-- \/ Yoast SEO Premium plugin. -->","yoast_head_json":{"title":"Martell L'Or De Jean Cognac 70cl","description":"Martell L'Or de Jean Martell konyak, Ez a konyak a Grande Champagne \u00e9s a Borderies term\u0151helyekr\u0151l sz\u00e1rmaz\u00f3 p\u00e1rlatokb\u00f3l k\u00e9sz\u00fcl, \u00e9s...","robots":{"index":"index","follow":"follow","max-snippet":"max-snippet:-1","max-image-preview":"max-image-preview:large","max-video-preview":"max-video-preview:-1"},"canonical":"https:\/\/comprehensiveliquor.com\/hu\/product\/martell-lor-de-jean-cognac-70cl\/","og_locale":"hu_HU","og_type":"article","og_title":"Martell L'Or De Jean Cognac 70cl","og_description":"Martell L'Or de Jean Martell Cognac, This Cognac is made from eaux-de-vie from the terroirs of Grande Champagne and Borderies and is composed...","og_url":"https:\/\/comprehensiveliquor.com\/hu\/product\/martell-lor-de-jean-cognac-70cl\/","og_site_name":"Comprehensive Liquor","article_modified_time":"2025-06-14T12:39:23+00:00","og_image":[{"width":640,"height":960,"url":"https:\/\/comprehensiveliquor.com\/wp-content\/uploads\/2022\/10\/image_2022-10-17_205653386.png","type":"image\/png"}],"twitter_card":"summary_large_image","twitter_misc":{"Becs\u00fclt olvas\u00e1si id\u0151":"2 perc"},"schema":{"@context":"https:\/\/schema.org","@graph":[{"@type":"WebPage","@id":"https:\/\/comprehensiveliquor.com\/product\/martell-lor-de-jean-cognac-70cl\/","url":"https:\/\/comprehensiveliquor.com\/product\/martell-lor-de-jean-cognac-70cl\/","name":"Martell L'Or De Jean Cognac 70cl","isPartOf":{"@id":"https:\/\/comprehensiveliquor.com\/#website"},"primaryImageOfPage":{"@id":"https:\/\/comprehensiveliquor.com\/product\/martell-lor-de-jean-cognac-70cl\/#primaryimage"},"image":{"@id":"https:\/\/comprehensiveliquor.com\/product\/martell-lor-de-jean-cognac-70cl\/#primaryimage"},"thumbnailUrl":"https:\/\/comprehensiveliquor.com\/wp-content\/uploads\/2022\/10\/image_2022-10-17_205653386.png","datePublished":"2022-10-17T19:59:18+00:00","dateModified":"2025-06-14T12:39:23+00:00","description":"Martell L'Or de Jean Martell konyak, Ez a konyak a Grande Champagne \u00e9s a Borderies term\u0151helyekr\u0151l sz\u00e1rmaz\u00f3 p\u00e1rlatokb\u00f3l k\u00e9sz\u00fcl, \u00e9s...","breadcrumb":{"@id":"https:\/\/comprehensiveliquor.com\/product\/martell-lor-de-jean-cognac-70cl\/#breadcrumb"},"inLanguage":"hu","potentialAction":[{"@type":"ReadAction","target":["https:\/\/comprehensiveliquor.com\/product\/martell-lor-de-jean-cognac-70cl\/"]}]},{"@type":"ImageObject","inLanguage":"hu","@id":"https:\/\/comprehensiveliquor.com\/product\/martell-lor-de-jean-cognac-70cl\/#primaryimage","url":"https:\/\/comprehensiveliquor.com\/wp-content\/uploads\/2022\/10\/image_2022-10-17_205653386.png","contentUrl":"https:\/\/comprehensiveliquor.com\/wp-content\/uploads\/2022\/10\/image_2022-10-17_205653386.png","width":640,"height":960,"caption":"Martell L'Or De Jean"},{"@type":"BreadcrumbList","@id":"https:\/\/comprehensiveliquor.com\/product\/martell-lor-de-jean-cognac-70cl\/#breadcrumb","itemListElement":[{"@type":"ListItem","position":1,"name":"Home","item":"https:\/\/comprehensiveliquor.com\/"},{"@type":"ListItem","position":2,"name":"Shop","item":"https:\/\/comprehensiveliquor.com\/shop\/"},{"@type":"ListItem","position":3,"name":"Martell L&#8217;Or De Jean Cognac 70cl"}]},{"@type":"WebSite","@id":"https:\/\/comprehensiveliquor.com\/#website","url":"https:\/\/comprehensiveliquor.com\/","name":"\u00c1tfog\u00f3 ital","description":"Best Liquor Store","publisher":{"@id":"https:\/\/comprehensiveliquor.com\/#organization"},"alternateName":"Comprehensive Liquor Store","potentialAction":[{"@type":"SearchAction","target":{"@type":"EntryPoint","urlTemplate":"https:\/\/comprehensiveliquor.com\/?s={search_term_string}"},"query-input":{"@type":"PropertyValueSpecification","valueRequired":true,"valueName":"search_term_string"}}],"inLanguage":"hu"},{"@type":"Organization","@id":"https:\/\/comprehensiveliquor.com\/#organization","name":"\u00c1tfog\u00f3 ital","alternateName":"Comprehensive Liquor Store","url":"https:\/\/comprehensiveliquor.com\/","logo":{"@type":"ImageObject","inLanguage":"hu","@id":"https:\/\/comprehensiveliquor.com\/#\/schema\/logo\/image\/","url":"https:\/\/comprehensiveliquor.com\/wp-content\/uploads\/2024\/03\/cropped-image_2024-03-26_131408877.png","contentUrl":"https:\/\/comprehensiveliquor.com\/wp-content\/uploads\/2024\/03\/cropped-image_2024-03-26_131408877.png","width":378,"height":263,"caption":"Comprehensive Liquor"},"image":{"@id":"https:\/\/comprehensiveliquor.com\/#\/schema\/logo\/image\/"}}]}},"_links":{"self":[{"href":"https:\/\/comprehensiveliquor.com\/hu\/wp-json\/wp\/v2\/product\/2456","targetHints":{"allow":["GET"]}}],"collection":[{"href":"https:\/\/comprehensiveliquor.com\/hu\/wp-json\/wp\/v2\/product"}],"about":[{"href":"https:\/\/comprehensiveliquor.com\/hu\/wp-json\/wp\/v2\/types\/product"}],"replies":[{"embeddable":true,"href":"https:\/\/comprehensiveliquor.com\/hu\/wp-json\/wp\/v2\/comments?post=2456"}],"wp:featuredmedia":[{"embeddable":true,"href":"https:\/\/comprehensiveliquor.com\/hu\/wp-json\/wp\/v2\/media\/2457"}],"wp:attachment":[{"href":"https:\/\/comprehensiveliquor.com\/hu\/wp-json\/wp\/v2\/media?parent=2456"}],"wp:term":[{"taxonomy":"product_brand","embeddable":true,"href":"https:\/\/comprehensiveliquor.com\/hu\/wp-json\/wp\/v2\/product_brand?post=2456"},{"taxonomy":"product_cat","embeddable":true,"href":"https:\/\/comprehensiveliquor.com\/hu\/wp-json\/wp\/v2\/product_cat?post=2456"},{"taxonomy":"product_tag","embeddable":true,"href":"https:\/\/comprehensiveliquor.com\/hu\/wp-json\/wp\/v2\/product_tag?post=2456"}],"curies":[{"name":"wp","href":"https:\/\/api.w.org\/{rel}","templated":true}]}}