{"id":2824,"date":"2022-10-22T21:12:20","date_gmt":"2022-10-22T21:12:20","guid":{"rendered":"https:\/\/comprehensiveliquor.com\/?post_type=product&#038;p=2824"},"modified":"2025-11-13T14:28:43","modified_gmt":"2025-11-13T14:28:43","slug":"johnnie-walker-king-george-v-limited-edition-70cl","status":"publish","type":"product","link":"https:\/\/comprehensiveliquor.com\/hu\/product\/johnnie-walker-king-george-v-limited-edition-70cl\/","title":{"rendered":"Johnnie Walker King George V limit\u00e1lt kiad\u00e1s (70cl)"},"content":{"rendered":"<h2 class=\"product-single__title\" style=\"color: #252525;\">A Johnnie Walker King George V limit\u00e1lt kiad\u00e1s\u00fa hold\u00faj\u00e9v<\/h2>\n<p style=\"color: #252525;\">Johnnie Walker King George V, Limit\u00e1lt kiad\u00e1s. K\u00fcl\u00f6nleges, a hold\u00faj\u00e9vet \u00fcnnepl\u0151 diz\u00e1jnnal d\u00edsz\u00edtett. Ez az \u00fcnnepi kiad\u00e1s 2020 v\u00e9g\u00e9n jelent meg a 2021 febru\u00e1rj\u00e1ban bek\u00f6sz\u00f6nt\u0151 k\u00ednai hold\u00faj\u00e9v el\u0151est\u00e9j\u00e9n, amely a k\u00ednai asztrol\u00f3gi\u00e1ban az \u00d6k\u00f6r \u00e9v\u00e9t jelk\u00e9pezte.<\/p>\n<p style=\"color: #252525;\">A Johnnie Walker King George V Limited Edition hold\u00faj\u00e9vi ital\u00e1t hagyom\u00e1nyos k\u00ednai mint\u00e1k \u00e9s diz\u00e1jnok d\u00edsz\u00edtik, de ami m\u00e9g fontosabb, maga a kever\u00e9k \u00e1ll\u00edt\u00f3lag magas mal\u00e1tatartalma mellett jelent\u0151s mennyis\u00e9g\u0171 port ellennt is tartalmaz.<\/p>\n<p>&nbsp;<\/p>\n<h3><strong>Hivatalos k\u00f3stol\u00f3jegyzetek<\/strong><\/h3>\n<p><strong>Orr:\u00a0<\/strong>Port Ellen \u00e9des, f\u00fcst\u00f6s arom\u00e1i fogadnak. Ezt narancs, mazsola, f\u00fcge \u00e9s fah\u00e9j jegyei k\u00f6vetik.<\/p>\n<p><strong>Sz\u00e1jpadl\u00e1s<\/strong>A Speyside \u00e9s Highland whiskykb\u0151l sz\u00e1rmaz\u00f3 b\u0151s\u00e9ges f\u0171szer- \u00e9s aszalt gy\u00fcm\u00f6lcs\u00edz t\u00f6k\u00e9letesen kiegyens\u00falyozott a van\u00edli\u00e1val. \u00c9des gy\u00fcm\u00f6lcs\u00f6k, \u00e9tcsokol\u00e1d\u00e9, karamell \u00e9s p\u00f6rk\u00f6lt di\u00f3f\u00e9l\u00e9k r\u00e9tegeit szabad\u00edtja fel.<\/p>\n<p><strong>Befejez\u00e9s<\/strong>Port Ellen parti f\u00fcst\u00f6s \u00edzvil\u00e1got k\u00f6lcs\u00f6n\u00f6z, amely a hossz\u00fa lecseng\u00e9sben er\u0151s\u00f6dik fel.<\/p>\n<p>&nbsp;<\/p>\n<h4>Attrib\u00fatumok<\/h4>\n<table>\n<tbody>\n<tr>\n<td><b>Ctegory<\/b><\/td>\n<td><a title=\"Scotch Whiskey\" href=\"https:\/\/comprehensiveliquor.com\/hu\/product-category\/scotch-whisky\/\" target=\"_blank\" rel=\"noopener\">Scotch Whiskey<\/a><\/td>\n<\/tr>\n<tr>\n<td><strong>M\u00e1rka<\/strong><\/td>\n<td><a title=\"Johnnie Walker\" href=\"https:\/\/www.johnniewalker.com\/en\/\" target=\"_blank\" rel=\"noopener\">Johnnie Walker<\/a><\/td>\n<\/tr>\n<tr>\n<td><strong>Country<\/strong><\/td>\n<td>Scotland<\/td>\n<\/tr>\n<tr>\n<td><strong>Limit\u00e1lt kiad\u00e1s<\/strong><\/td>\n<td>Yes<\/td>\n<\/tr>\n<tr>\n<td><strong>Bottle Size<\/strong><\/td>\n<td>70cl<\/td>\n<\/tr>\n<tr>\n<td><strong>ABV<\/strong><\/td>\n<td>43%<\/td>\n<\/tr>\n<\/tbody>\n<\/table>","protected":false},"excerpt":{"rendered":"<p>The Johnnie Walker King George V Limited Edition Lunar New Year Johnnie Walker King George V, A limited edition It is decorated with a special design celebrating the Lunar New Year. This celebratory edition was launched at the end of 2020 in anticipation of the Chinese Lunar New Year in February 2021, which heralded the [&hellip;]<\/p>\n","protected":false},"featured_media":2825,"comment_status":"open","ping_status":"closed","template":"","meta":{"site-sidebar-layout":"default","site-content-layout":"default","ast-site-content-layout":"default","site-content-style":"default","site-sidebar-style":"default","ast-global-header-display":"","ast-banner-title-visibility":"","ast-main-header-display":"","ast-hfb-above-header-display":"","ast-hfb-below-header-display":"","ast-hfb-mobile-header-display":"","site-post-title":"","ast-breadcrumbs-content":"","ast-featured-img":"","footer-sml-layout":"","ast-disable-related-posts":"","theme-transparent-header-meta":"default","adv-header-id-meta":"","stick-header-meta":"","header-above-stick-meta":"","header-main-stick-meta":"","header-below-stick-meta":"","astra-migrate-meta-layouts":"set","ast-page-background-enabled":"default","ast-page-background-meta":{"desktop":{"background-color":"","background-image":"","background-repeat":"repeat","background-position":"center center","background-size":"auto","background-attachment":"scroll","background-type":"","background-media":"","overlay-type":"","overlay-color":"","overlay-opacity":"","overlay-gradient":""},"tablet":{"background-color":"","background-image":"","background-repeat":"repeat","background-position":"center center","background-size":"auto","background-attachment":"scroll","background-type":"","background-media":"","overlay-type":"","overlay-color":"","overlay-opacity":"","overlay-gradient":""},"mobile":{"background-color":"","background-image":"","background-repeat":"repeat","background-position":"center center","background-size":"auto","background-attachment":"scroll","background-type":"","background-media":"","overlay-type":"","overlay-color":"","overlay-opacity":"","overlay-gradient":""}},"ast-content-background-meta":{"desktop":{"background-color":"var(--ast-global-color-5)","background-image":"","background-repeat":"repeat","background-position":"center center","background-size":"auto","background-attachment":"scroll","background-type":"","background-media":"","overlay-type":"","overlay-color":"","overlay-opacity":"","overlay-gradient":""},"tablet":{"background-color":"var(--ast-global-color-5)","background-image":"","background-repeat":"repeat","background-position":"center center","background-size":"auto","background-attachment":"scroll","background-type":"","background-media":"","overlay-type":"","overlay-color":"","overlay-opacity":"","overlay-gradient":""},"mobile":{"background-color":"var(--ast-global-color-5)","background-image":"","background-repeat":"repeat","background-position":"center center","background-size":"auto","background-attachment":"scroll","background-type":"","background-media":"","overlay-type":"","overlay-color":"","overlay-opacity":"","overlay-gradient":""}}},"product_brand":[],"product_cat":[28,39,46],"product_tag":[104,106],"class_list":{"0":"post-2824","1":"product","2":"type-product","3":"status-publish","4":"has-post-thumbnail","6":"product_cat-blended-whisky","7":"product_cat-scotch-whisky","8":"product_cat-whisky","9":"product_tag-buy-scotch-whisky-online","10":"product_tag-johnnie-walker-whiskey","11":"desktop-align-center","12":"tablet-align-left","13":"mobile-align-left","15":"first","16":"instock","17":"shipping-taxable","18":"purchasable","19":"product-type-simple"},"yoast_head":"<!-- This site is optimized with the Yoast SEO Premium plugin v24.7 (Yoast SEO v27.3) - https:\/\/yoast.com\/product\/yoast-seo-premium-wordpress\/ -->\n<title>Johnnie Walker King George V | 70cl Limited Edition | Buy<\/title>\n<meta name=\"description\" content=\"Buy Johnnie Walker King George V Limited Edition 70cl. Ultra-premium blended Scotch whisky. Rare royal warrant blend. Collector&#039;s bottle. Order now.\" \/>\n<meta name=\"robots\" content=\"index, follow, max-snippet:-1, max-image-preview:large, max-video-preview:-1\" \/>\n<link rel=\"canonical\" href=\"https:\/\/comprehensiveliquor.com\/hu\/product\/johnnie-walker-king-george-v-limited-edition-70cl\/\" \/>\n<meta property=\"og:locale\" content=\"hu_HU\" \/>\n<meta property=\"og:type\" content=\"article\" \/>\n<meta property=\"og:title\" content=\"Johnnie Walker King George V Limited Edition (70cl)\" \/>\n<meta property=\"og:description\" content=\"Buy Johnnie Walker King George V Limited Edition 70cl. Ultra-premium blended Scotch whisky. Rare royal warrant blend. Collector&#039;s bottle. Order now.\" \/>\n<meta property=\"og:url\" content=\"https:\/\/comprehensiveliquor.com\/hu\/product\/johnnie-walker-king-george-v-limited-edition-70cl\/\" \/>\n<meta property=\"og:site_name\" content=\"Comprehensive Liquor\" \/>\n<meta property=\"article:modified_time\" content=\"2025-11-13T14:28:43+00:00\" \/>\n<meta property=\"og:image\" content=\"https:\/\/comprehensiveliquor.com\/wp-content\/uploads\/2022\/10\/image_2022-10-22_220713894.png\" \/>\n\t<meta property=\"og:image:width\" content=\"480\" \/>\n\t<meta property=\"og:image:height\" content=\"496\" \/>\n\t<meta property=\"og:image:type\" content=\"image\/png\" \/>\n<meta name=\"twitter:card\" content=\"summary_large_image\" \/>\n<meta name=\"twitter:label1\" content=\"Becs\u00fclt olvas\u00e1si id\u0151\" \/>\n\t<meta name=\"twitter:data1\" content=\"2 perc\" \/>\n<script type=\"application\/ld+json\" class=\"yoast-schema-graph\">{\"@context\":\"https:\\\/\\\/schema.org\",\"@graph\":[{\"@type\":\"WebPage\",\"@id\":\"https:\\\/\\\/comprehensiveliquor.com\\\/product\\\/johnnie-walker-king-george-v-limited-edition-70cl\\\/\",\"url\":\"https:\\\/\\\/comprehensiveliquor.com\\\/product\\\/johnnie-walker-king-george-v-limited-edition-70cl\\\/\",\"name\":\"Johnnie Walker King George V | 70cl Limited Edition | Buy\",\"isPartOf\":{\"@id\":\"https:\\\/\\\/comprehensiveliquor.com\\\/#website\"},\"primaryImageOfPage\":{\"@id\":\"https:\\\/\\\/comprehensiveliquor.com\\\/product\\\/johnnie-walker-king-george-v-limited-edition-70cl\\\/#primaryimage\"},\"image\":{\"@id\":\"https:\\\/\\\/comprehensiveliquor.com\\\/product\\\/johnnie-walker-king-george-v-limited-edition-70cl\\\/#primaryimage\"},\"thumbnailUrl\":\"https:\\\/\\\/comprehensiveliquor.com\\\/wp-content\\\/uploads\\\/2022\\\/10\\\/image_2022-10-22_220713894.png\",\"datePublished\":\"2022-10-22T21:12:20+00:00\",\"dateModified\":\"2025-11-13T14:28:43+00:00\",\"description\":\"Buy Johnnie Walker King George V Limited Edition 70cl. Ultra-premium blended Scotch whisky. Rare royal warrant blend. Collector's bottle. Order now.\",\"breadcrumb\":{\"@id\":\"https:\\\/\\\/comprehensiveliquor.com\\\/product\\\/johnnie-walker-king-george-v-limited-edition-70cl\\\/#breadcrumb\"},\"inLanguage\":\"hu\",\"potentialAction\":[{\"@type\":\"ReadAction\",\"target\":[\"https:\\\/\\\/comprehensiveliquor.com\\\/product\\\/johnnie-walker-king-george-v-limited-edition-70cl\\\/\"]}]},{\"@type\":\"ImageObject\",\"inLanguage\":\"hu\",\"@id\":\"https:\\\/\\\/comprehensiveliquor.com\\\/product\\\/johnnie-walker-king-george-v-limited-edition-70cl\\\/#primaryimage\",\"url\":\"https:\\\/\\\/comprehensiveliquor.com\\\/wp-content\\\/uploads\\\/2022\\\/10\\\/image_2022-10-22_220713894.png\",\"contentUrl\":\"https:\\\/\\\/comprehensiveliquor.com\\\/wp-content\\\/uploads\\\/2022\\\/10\\\/image_2022-10-22_220713894.png\",\"width\":480,\"height\":496,\"caption\":\"Johnnie Walker King\"},{\"@type\":\"BreadcrumbList\",\"@id\":\"https:\\\/\\\/comprehensiveliquor.com\\\/product\\\/johnnie-walker-king-george-v-limited-edition-70cl\\\/#breadcrumb\",\"itemListElement\":[{\"@type\":\"ListItem\",\"position\":1,\"name\":\"Home\",\"item\":\"https:\\\/\\\/comprehensiveliquor.com\\\/\"},{\"@type\":\"ListItem\",\"position\":2,\"name\":\"Shop\",\"item\":\"https:\\\/\\\/comprehensiveliquor.com\\\/shop\\\/\"},{\"@type\":\"ListItem\",\"position\":3,\"name\":\"Johnnie Walker King George V Limited Edition (70cl)\"}]},{\"@type\":\"WebSite\",\"@id\":\"https:\\\/\\\/comprehensiveliquor.com\\\/#website\",\"url\":\"https:\\\/\\\/comprehensiveliquor.com\\\/\",\"name\":\"Comprehensive Liquor\",\"description\":\"Best Liquor Store\",\"publisher\":{\"@id\":\"https:\\\/\\\/comprehensiveliquor.com\\\/#organization\"},\"alternateName\":\"Comprehensive Liquor Store\",\"potentialAction\":[{\"@type\":\"SearchAction\",\"target\":{\"@type\":\"EntryPoint\",\"urlTemplate\":\"https:\\\/\\\/comprehensiveliquor.com\\\/?s={search_term_string}\"},\"query-input\":{\"@type\":\"PropertyValueSpecification\",\"valueRequired\":true,\"valueName\":\"search_term_string\"}}],\"inLanguage\":\"hu\"},{\"@type\":\"Organization\",\"@id\":\"https:\\\/\\\/comprehensiveliquor.com\\\/#organization\",\"name\":\"Comprehensive Liquor\",\"alternateName\":\"Comprehensive Liquor Store\",\"url\":\"https:\\\/\\\/comprehensiveliquor.com\\\/\",\"logo\":{\"@type\":\"ImageObject\",\"inLanguage\":\"hu\",\"@id\":\"https:\\\/\\\/comprehensiveliquor.com\\\/#\\\/schema\\\/logo\\\/image\\\/\",\"url\":\"https:\\\/\\\/comprehensiveliquor.com\\\/wp-content\\\/uploads\\\/2024\\\/03\\\/cropped-image_2024-03-26_131408877.png\",\"contentUrl\":\"https:\\\/\\\/comprehensiveliquor.com\\\/wp-content\\\/uploads\\\/2024\\\/03\\\/cropped-image_2024-03-26_131408877.png\",\"width\":378,\"height\":263,\"caption\":\"Comprehensive Liquor\"},\"image\":{\"@id\":\"https:\\\/\\\/comprehensiveliquor.com\\\/#\\\/schema\\\/logo\\\/image\\\/\"}}]}<\/script>\n<!-- \/ Yoast SEO Premium plugin. -->","yoast_head_json":{"title":"Johnnie Walker King George V | 70cl Limit\u00e1lt Kiad\u00e1s | V\u00e1s\u00e1rl\u00e1s","description":"V\u00e1s\u00e1roljon Johnnie Walker King George V Limited Edition 70cl-es whiskyt. Ultrapr\u00e9mium sk\u00f3t whiskykever\u00e9k. Ritka kir\u00e1lyi whiskykever\u00e9k. Gy\u0171jt\u0151i palack. Rendelje meg most.","robots":{"index":"index","follow":"follow","max-snippet":"max-snippet:-1","max-image-preview":"max-image-preview:large","max-video-preview":"max-video-preview:-1"},"canonical":"https:\/\/comprehensiveliquor.com\/hu\/product\/johnnie-walker-king-george-v-limited-edition-70cl\/","og_locale":"hu_HU","og_type":"article","og_title":"Johnnie Walker King George V Limited Edition (70cl)","og_description":"Buy Johnnie Walker King George V Limited Edition 70cl. Ultra-premium blended Scotch whisky. Rare royal warrant blend. Collector's bottle. Order now.","og_url":"https:\/\/comprehensiveliquor.com\/hu\/product\/johnnie-walker-king-george-v-limited-edition-70cl\/","og_site_name":"Comprehensive Liquor","article_modified_time":"2025-11-13T14:28:43+00:00","og_image":[{"width":480,"height":496,"url":"https:\/\/comprehensiveliquor.com\/wp-content\/uploads\/2022\/10\/image_2022-10-22_220713894.png","type":"image\/png"}],"twitter_card":"summary_large_image","twitter_misc":{"Becs\u00fclt olvas\u00e1si id\u0151":"2 perc"},"schema":{"@context":"https:\/\/schema.org","@graph":[{"@type":"WebPage","@id":"https:\/\/comprehensiveliquor.com\/product\/johnnie-walker-king-george-v-limited-edition-70cl\/","url":"https:\/\/comprehensiveliquor.com\/product\/johnnie-walker-king-george-v-limited-edition-70cl\/","name":"Johnnie Walker King George V | 70cl Limit\u00e1lt Kiad\u00e1s | V\u00e1s\u00e1rl\u00e1s","isPartOf":{"@id":"https:\/\/comprehensiveliquor.com\/#website"},"primaryImageOfPage":{"@id":"https:\/\/comprehensiveliquor.com\/product\/johnnie-walker-king-george-v-limited-edition-70cl\/#primaryimage"},"image":{"@id":"https:\/\/comprehensiveliquor.com\/product\/johnnie-walker-king-george-v-limited-edition-70cl\/#primaryimage"},"thumbnailUrl":"https:\/\/comprehensiveliquor.com\/wp-content\/uploads\/2022\/10\/image_2022-10-22_220713894.png","datePublished":"2022-10-22T21:12:20+00:00","dateModified":"2025-11-13T14:28:43+00:00","description":"V\u00e1s\u00e1roljon Johnnie Walker King George V Limited Edition 70cl-es whiskyt. Ultrapr\u00e9mium sk\u00f3t whiskykever\u00e9k. Ritka kir\u00e1lyi whiskykever\u00e9k. Gy\u0171jt\u0151i palack. Rendelje meg most.","breadcrumb":{"@id":"https:\/\/comprehensiveliquor.com\/product\/johnnie-walker-king-george-v-limited-edition-70cl\/#breadcrumb"},"inLanguage":"hu","potentialAction":[{"@type":"ReadAction","target":["https:\/\/comprehensiveliquor.com\/product\/johnnie-walker-king-george-v-limited-edition-70cl\/"]}]},{"@type":"ImageObject","inLanguage":"hu","@id":"https:\/\/comprehensiveliquor.com\/product\/johnnie-walker-king-george-v-limited-edition-70cl\/#primaryimage","url":"https:\/\/comprehensiveliquor.com\/wp-content\/uploads\/2022\/10\/image_2022-10-22_220713894.png","contentUrl":"https:\/\/comprehensiveliquor.com\/wp-content\/uploads\/2022\/10\/image_2022-10-22_220713894.png","width":480,"height":496,"caption":"Johnnie Walker King"},{"@type":"BreadcrumbList","@id":"https:\/\/comprehensiveliquor.com\/product\/johnnie-walker-king-george-v-limited-edition-70cl\/#breadcrumb","itemListElement":[{"@type":"ListItem","position":1,"name":"Home","item":"https:\/\/comprehensiveliquor.com\/"},{"@type":"ListItem","position":2,"name":"Shop","item":"https:\/\/comprehensiveliquor.com\/shop\/"},{"@type":"ListItem","position":3,"name":"Johnnie Walker King George V Limited Edition (70cl)"}]},{"@type":"WebSite","@id":"https:\/\/comprehensiveliquor.com\/#website","url":"https:\/\/comprehensiveliquor.com\/","name":"\u00c1tfog\u00f3 ital","description":"Best Liquor Store","publisher":{"@id":"https:\/\/comprehensiveliquor.com\/#organization"},"alternateName":"Comprehensive Liquor Store","potentialAction":[{"@type":"SearchAction","target":{"@type":"EntryPoint","urlTemplate":"https:\/\/comprehensiveliquor.com\/?s={search_term_string}"},"query-input":{"@type":"PropertyValueSpecification","valueRequired":true,"valueName":"search_term_string"}}],"inLanguage":"hu"},{"@type":"Organization","@id":"https:\/\/comprehensiveliquor.com\/#organization","name":"\u00c1tfog\u00f3 ital","alternateName":"Comprehensive Liquor Store","url":"https:\/\/comprehensiveliquor.com\/","logo":{"@type":"ImageObject","inLanguage":"hu","@id":"https:\/\/comprehensiveliquor.com\/#\/schema\/logo\/image\/","url":"https:\/\/comprehensiveliquor.com\/wp-content\/uploads\/2024\/03\/cropped-image_2024-03-26_131408877.png","contentUrl":"https:\/\/comprehensiveliquor.com\/wp-content\/uploads\/2024\/03\/cropped-image_2024-03-26_131408877.png","width":378,"height":263,"caption":"Comprehensive Liquor"},"image":{"@id":"https:\/\/comprehensiveliquor.com\/#\/schema\/logo\/image\/"}}]}},"_links":{"self":[{"href":"https:\/\/comprehensiveliquor.com\/hu\/wp-json\/wp\/v2\/product\/2824","targetHints":{"allow":["GET"]}}],"collection":[{"href":"https:\/\/comprehensiveliquor.com\/hu\/wp-json\/wp\/v2\/product"}],"about":[{"href":"https:\/\/comprehensiveliquor.com\/hu\/wp-json\/wp\/v2\/types\/product"}],"replies":[{"embeddable":true,"href":"https:\/\/comprehensiveliquor.com\/hu\/wp-json\/wp\/v2\/comments?post=2824"}],"wp:featuredmedia":[{"embeddable":true,"href":"https:\/\/comprehensiveliquor.com\/hu\/wp-json\/wp\/v2\/media\/2825"}],"wp:attachment":[{"href":"https:\/\/comprehensiveliquor.com\/hu\/wp-json\/wp\/v2\/media?parent=2824"}],"wp:term":[{"taxonomy":"product_brand","embeddable":true,"href":"https:\/\/comprehensiveliquor.com\/hu\/wp-json\/wp\/v2\/product_brand?post=2824"},{"taxonomy":"product_cat","embeddable":true,"href":"https:\/\/comprehensiveliquor.com\/hu\/wp-json\/wp\/v2\/product_cat?post=2824"},{"taxonomy":"product_tag","embeddable":true,"href":"https:\/\/comprehensiveliquor.com\/hu\/wp-json\/wp\/v2\/product_tag?post=2824"}],"curies":[{"name":"wp","href":"https:\/\/api.w.org\/{rel}","templated":true}]}}