{"id":2847,"date":"2022-10-22T22:01:02","date_gmt":"2022-10-22T22:01:02","guid":{"rendered":"https:\/\/comprehensiveliquor.com\/?post_type=product&#038;p=2847"},"modified":"2025-11-13T22:31:05","modified_gmt":"2025-11-13T22:31:05","slug":"talisker-44-year-old-forests-of-the-deep","status":"publish","type":"product","link":"https:\/\/comprehensiveliquor.com\/hu\/product\/talisker-44-year-old-forests-of-the-deep\/","title":{"rendered":"Talisker 44 Year Old Forests Of The Deep"},"content":{"rendered":"<h2 class=\"product-single__title\" style=\"color: #252525;\">Talisker 44 Year Old<\/h2>\n<p>The limited-edition Talisker 44 Year Old Forests of the Deep is the second prestige release in the Xpedition series from Talisker. Produced in collaboration with the marine conservation charity Parley, it was created using oak staves from Talisker that were taken on an expedition to the underwater sea kelp forests off the Cape of Good Hope.<\/p>\n<p>Talisker Forests of the Deep comes from a small batch of 44-year-old Talisker finished in ten refill American and European oak hogsheads and butts that incorporated the staves. The barrels were then recharred with shavings from worn oak staves and a small amount of sustainably sourced Scottish sea kelp.<\/p>\n<p>This limited edition of the Talisker 44 Year Old Xpedition II Forests of the Deep is available worldwide in just 1,997 bottles.<\/p>\n<p>&nbsp;<\/p>\n<h5 style=\"color: #252525;\"><strong style=\"color: #252525;\">Official Tasting Notes:<\/strong><\/h5>\n<p style=\"color: #252525;\"><strong style=\"color: #252525;\">Appearance:\u00a0<\/strong>Deep clear amber, excellent beading.<\/p>\n<p style=\"color: #252525;\"><strong style=\"color: #252525;\">Orr:\u00a0<\/strong>Mellow overall, with a light peppery prickle at first. deep, dense and complex. The top notes speak of wood wreathed in fragrant smoke and rich maritime hints of ships and the sea, as enticing traces of seaweed, salt crystals, and warm sand mingle with sweeter hints of rich toffee.<\/p>\n<p style=\"color: #252525;\"><strong style=\"color: #252525;\">The palate:<\/strong> a big, wonderfully oily smooth texture and mouthwatering umami-rich taste, as waves of smoky sweet rich intensity meet the full force of the sea mid palate. The effect becomes savoury and lightly drying as a delicious peppery warmth surges forward to embrace these smooth, rich flavours of the deep.<\/p>\n<p style=\"color: #252525;\"><strong style=\"color: #252525;\">Finish:\u00a0<\/strong>really long, with soft traces of candle wax as a sweet chilli-pepper warmth suffuses the palate, becoming mouth-cooling if water is added.<\/p>\n<p>&nbsp;<\/p>\n<h5>Attrib\u00fatumok<\/h5>\n<table>\n<tbody>\n<tr>\n<td><strong>Kateg\u00f3ria<\/strong><\/td>\n<td><a title=\"Scotch whiskey\" href=\"https:\/\/comprehensiveliquor.com\/hu\/product-category\/scotch-whisky\/\" target=\"_blank\" rel=\"noopener\">Scotch whiskey<\/a><\/td>\n<\/tr>\n<tr>\n<td><strong>Distillery<\/strong><\/td>\n<td><a title=\"Talisker distilleries\" href=\"https:\/\/www.malts.com\/en-row\/distilleries\/talisker\" target=\"_blank\" rel=\"noopener\">Talisker<\/a><\/td>\n<\/tr>\n<tr>\n<td><strong>Series<\/strong><\/td>\n<td>Forests Of The Deep<\/td>\n<\/tr>\n<tr>\n<td><strong>Country<\/strong><\/td>\n<td>Scotland<\/td>\n<\/tr>\n<tr>\n<td><strong>Region<\/strong><\/td>\n<td>Island<\/td>\n<\/tr>\n<tr>\n<td><strong>Age<\/strong><\/td>\n<td>44<\/td>\n<\/tr>\n<tr>\n<td><strong>Limit\u00e1lt kiad\u00e1s<\/strong><\/td>\n<td>Yes<\/td>\n<\/tr>\n<tr>\n<td><strong>Bottles Produced<\/strong><\/td>\n<td>1997<\/td>\n<\/tr>\n<tr>\n<td><strong>Cask Type<\/strong><\/td>\n<td>American &amp; European Oak (Refill Hogsheads &amp; Butts)<\/td>\n<\/tr>\n<tr>\n<td><strong>Bottle Size<\/strong><\/td>\n<td>70cl<\/td>\n<\/tr>\n<tr>\n<td><strong>ABV<\/strong><\/td>\n<td>49.1%<\/td>\n<\/tr>\n<\/tbody>\n<\/table>","protected":false},"excerpt":{"rendered":"<p>Talisker 44 Year Old The limited-edition Talisker 44 Year Old Forests of the Deep is the second prestige release in the Xpedition series from Talisker. Produced in collaboration with the marine conservation charity Parley, it was created using oak staves from Talisker that were taken on an expedition to the underwater sea kelp forests off [&hellip;]<\/p>\n","protected":false},"featured_media":2848,"comment_status":"open","ping_status":"closed","template":"","meta":{"site-sidebar-layout":"default","site-content-layout":"default","ast-site-content-layout":"default","site-content-style":"default","site-sidebar-style":"default","ast-global-header-display":"","ast-banner-title-visibility":"","ast-main-header-display":"","ast-hfb-above-header-display":"","ast-hfb-below-header-display":"","ast-hfb-mobile-header-display":"","site-post-title":"","ast-breadcrumbs-content":"","ast-featured-img":"","footer-sml-layout":"","ast-disable-related-posts":"","theme-transparent-header-meta":"default","adv-header-id-meta":"","stick-header-meta":"","header-above-stick-meta":"","header-main-stick-meta":"","header-below-stick-meta":"","astra-migrate-meta-layouts":"set","ast-page-background-enabled":"default","ast-page-background-meta":{"desktop":{"background-color":"","background-image":"","background-repeat":"repeat","background-position":"center center","background-size":"auto","background-attachment":"scroll","background-type":"","background-media":"","overlay-type":"","overlay-color":"","overlay-opacity":"","overlay-gradient":""},"tablet":{"background-color":"","background-image":"","background-repeat":"repeat","background-position":"center center","background-size":"auto","background-attachment":"scroll","background-type":"","background-media":"","overlay-type":"","overlay-color":"","overlay-opacity":"","overlay-gradient":""},"mobile":{"background-color":"","background-image":"","background-repeat":"repeat","background-position":"center center","background-size":"auto","background-attachment":"scroll","background-type":"","background-media":"","overlay-type":"","overlay-color":"","overlay-opacity":"","overlay-gradient":""}},"ast-content-background-meta":{"desktop":{"background-color":"var(--ast-global-color-5)","background-image":"","background-repeat":"repeat","background-position":"center center","background-size":"auto","background-attachment":"scroll","background-type":"","background-media":"","overlay-type":"","overlay-color":"","overlay-opacity":"","overlay-gradient":""},"tablet":{"background-color":"var(--ast-global-color-5)","background-image":"","background-repeat":"repeat","background-position":"center center","background-size":"auto","background-attachment":"scroll","background-type":"","background-media":"","overlay-type":"","overlay-color":"","overlay-opacity":"","overlay-gradient":""},"mobile":{"background-color":"var(--ast-global-color-5)","background-image":"","background-repeat":"repeat","background-position":"center center","background-size":"auto","background-attachment":"scroll","background-type":"","background-media":"","overlay-type":"","overlay-color":"","overlay-opacity":"","overlay-gradient":""}}},"product_brand":[],"product_cat":[58,39,32],"product_tag":[],"class_list":{"0":"post-2847","1":"product","2":"type-product","3":"status-publish","4":"has-post-thumbnail","6":"product_cat-limited-edition","7":"product_cat-scotch-whisky","8":"product_cat-single-malt-whisky","9":"desktop-align-center","10":"tablet-align-left","11":"mobile-align-left","13":"first","14":"instock","15":"shipping-taxable","16":"purchasable","17":"product-type-simple"},"yoast_head":"<!-- This site is optimized with the Yoast SEO Premium plugin v24.7 (Yoast SEO v27.3) - https:\/\/yoast.com\/product\/yoast-seo-premium-wordpress\/ -->\n<title>Talisker 44 Year Old Forests of the Deep<\/title>\n<meta name=\"description\" content=\"Experience Talisker 44 Year Old Forests of the Deep, a rare luxury single malt crafted from ocean-inspired aging. Shop this exclusive release today.\" \/>\n<meta name=\"robots\" content=\"index, follow, max-snippet:-1, max-image-preview:large, max-video-preview:-1\" \/>\n<link rel=\"canonical\" href=\"https:\/\/comprehensiveliquor.com\/hu\/product\/talisker-44-year-old-forests-of-the-deep\/\" \/>\n<meta property=\"og:locale\" content=\"hu_HU\" \/>\n<meta property=\"og:type\" content=\"article\" \/>\n<meta property=\"og:title\" content=\"Talisker 44 Year Old Forests Of The Deep\" \/>\n<meta property=\"og:description\" content=\"Experience Talisker 44 Year Old Forests of the Deep, a rare luxury single malt crafted from ocean-inspired aging. Shop this exclusive release today.\" \/>\n<meta property=\"og:url\" content=\"https:\/\/comprehensiveliquor.com\/hu\/product\/talisker-44-year-old-forests-of-the-deep\/\" \/>\n<meta property=\"og:site_name\" content=\"Comprehensive Liquor\" \/>\n<meta property=\"article:modified_time\" content=\"2025-11-13T22:31:05+00:00\" \/>\n<meta property=\"og:image\" content=\"https:\/\/comprehensiveliquor.com\/wp-content\/uploads\/2022\/10\/image_2022-10-22_225627423.png\" \/>\n\t<meta property=\"og:image:width\" content=\"480\" \/>\n\t<meta property=\"og:image:height\" content=\"526\" \/>\n\t<meta property=\"og:image:type\" content=\"image\/png\" \/>\n<meta name=\"twitter:card\" content=\"summary_large_image\" \/>\n<meta name=\"twitter:label1\" content=\"Becs\u00fclt olvas\u00e1si id\u0151\" \/>\n\t<meta name=\"twitter:data1\" content=\"2 perc\" \/>\n<script type=\"application\/ld+json\" class=\"yoast-schema-graph\">{\"@context\":\"https:\\\/\\\/schema.org\",\"@graph\":[{\"@type\":\"WebPage\",\"@id\":\"https:\\\/\\\/comprehensiveliquor.com\\\/product\\\/talisker-44-year-old-forests-of-the-deep\\\/\",\"url\":\"https:\\\/\\\/comprehensiveliquor.com\\\/product\\\/talisker-44-year-old-forests-of-the-deep\\\/\",\"name\":\"Talisker 44 Year Old Forests of the Deep\",\"isPartOf\":{\"@id\":\"https:\\\/\\\/comprehensiveliquor.com\\\/#website\"},\"primaryImageOfPage\":{\"@id\":\"https:\\\/\\\/comprehensiveliquor.com\\\/product\\\/talisker-44-year-old-forests-of-the-deep\\\/#primaryimage\"},\"image\":{\"@id\":\"https:\\\/\\\/comprehensiveliquor.com\\\/product\\\/talisker-44-year-old-forests-of-the-deep\\\/#primaryimage\"},\"thumbnailUrl\":\"https:\\\/\\\/comprehensiveliquor.com\\\/wp-content\\\/uploads\\\/2022\\\/10\\\/image_2022-10-22_225627423.png\",\"datePublished\":\"2022-10-22T22:01:02+00:00\",\"dateModified\":\"2025-11-13T22:31:05+00:00\",\"description\":\"Experience Talisker 44 Year Old Forests of the Deep, a rare luxury single malt crafted from ocean-inspired aging. Shop this exclusive release today.\",\"breadcrumb\":{\"@id\":\"https:\\\/\\\/comprehensiveliquor.com\\\/product\\\/talisker-44-year-old-forests-of-the-deep\\\/#breadcrumb\"},\"inLanguage\":\"hu\",\"potentialAction\":[{\"@type\":\"ReadAction\",\"target\":[\"https:\\\/\\\/comprehensiveliquor.com\\\/product\\\/talisker-44-year-old-forests-of-the-deep\\\/\"]}]},{\"@type\":\"ImageObject\",\"inLanguage\":\"hu\",\"@id\":\"https:\\\/\\\/comprehensiveliquor.com\\\/product\\\/talisker-44-year-old-forests-of-the-deep\\\/#primaryimage\",\"url\":\"https:\\\/\\\/comprehensiveliquor.com\\\/wp-content\\\/uploads\\\/2022\\\/10\\\/image_2022-10-22_225627423.png\",\"contentUrl\":\"https:\\\/\\\/comprehensiveliquor.com\\\/wp-content\\\/uploads\\\/2022\\\/10\\\/image_2022-10-22_225627423.png\",\"width\":480,\"height\":526,\"caption\":\"Talisker 44 Year\"},{\"@type\":\"BreadcrumbList\",\"@id\":\"https:\\\/\\\/comprehensiveliquor.com\\\/product\\\/talisker-44-year-old-forests-of-the-deep\\\/#breadcrumb\",\"itemListElement\":[{\"@type\":\"ListItem\",\"position\":1,\"name\":\"Home\",\"item\":\"https:\\\/\\\/comprehensiveliquor.com\\\/\"},{\"@type\":\"ListItem\",\"position\":2,\"name\":\"Shop\",\"item\":\"https:\\\/\\\/comprehensiveliquor.com\\\/shop\\\/\"},{\"@type\":\"ListItem\",\"position\":3,\"name\":\"Talisker 44 Year Old Forests Of The Deep\"}]},{\"@type\":\"WebSite\",\"@id\":\"https:\\\/\\\/comprehensiveliquor.com\\\/#website\",\"url\":\"https:\\\/\\\/comprehensiveliquor.com\\\/\",\"name\":\"Comprehensive Liquor\",\"description\":\"Best Liquor Store\",\"publisher\":{\"@id\":\"https:\\\/\\\/comprehensiveliquor.com\\\/#organization\"},\"alternateName\":\"Comprehensive Liquor Store\",\"potentialAction\":[{\"@type\":\"SearchAction\",\"target\":{\"@type\":\"EntryPoint\",\"urlTemplate\":\"https:\\\/\\\/comprehensiveliquor.com\\\/?s={search_term_string}\"},\"query-input\":{\"@type\":\"PropertyValueSpecification\",\"valueRequired\":true,\"valueName\":\"search_term_string\"}}],\"inLanguage\":\"hu\"},{\"@type\":\"Organization\",\"@id\":\"https:\\\/\\\/comprehensiveliquor.com\\\/#organization\",\"name\":\"Comprehensive Liquor\",\"alternateName\":\"Comprehensive Liquor Store\",\"url\":\"https:\\\/\\\/comprehensiveliquor.com\\\/\",\"logo\":{\"@type\":\"ImageObject\",\"inLanguage\":\"hu\",\"@id\":\"https:\\\/\\\/comprehensiveliquor.com\\\/#\\\/schema\\\/logo\\\/image\\\/\",\"url\":\"https:\\\/\\\/comprehensiveliquor.com\\\/wp-content\\\/uploads\\\/2024\\\/03\\\/cropped-image_2024-03-26_131408877.png\",\"contentUrl\":\"https:\\\/\\\/comprehensiveliquor.com\\\/wp-content\\\/uploads\\\/2024\\\/03\\\/cropped-image_2024-03-26_131408877.png\",\"width\":378,\"height\":263,\"caption\":\"Comprehensive Liquor\"},\"image\":{\"@id\":\"https:\\\/\\\/comprehensiveliquor.com\\\/#\\\/schema\\\/logo\\\/image\\\/\"}}]}<\/script>\n<!-- \/ Yoast SEO Premium plugin. -->","yoast_head_json":{"title":"Talisker 44 Year Old Forests of the Deep","description":"Experience Talisker 44 Year Old Forests of the Deep, a rare luxury single malt crafted from ocean-inspired aging. Shop this exclusive release today.","robots":{"index":"index","follow":"follow","max-snippet":"max-snippet:-1","max-image-preview":"max-image-preview:large","max-video-preview":"max-video-preview:-1"},"canonical":"https:\/\/comprehensiveliquor.com\/hu\/product\/talisker-44-year-old-forests-of-the-deep\/","og_locale":"hu_HU","og_type":"article","og_title":"Talisker 44 Year Old Forests Of The Deep","og_description":"Experience Talisker 44 Year Old Forests of the Deep, a rare luxury single malt crafted from ocean-inspired aging. Shop this exclusive release today.","og_url":"https:\/\/comprehensiveliquor.com\/hu\/product\/talisker-44-year-old-forests-of-the-deep\/","og_site_name":"Comprehensive Liquor","article_modified_time":"2025-11-13T22:31:05+00:00","og_image":[{"width":480,"height":526,"url":"https:\/\/comprehensiveliquor.com\/wp-content\/uploads\/2022\/10\/image_2022-10-22_225627423.png","type":"image\/png"}],"twitter_card":"summary_large_image","twitter_misc":{"Becs\u00fclt olvas\u00e1si id\u0151":"2 perc"},"schema":{"@context":"https:\/\/schema.org","@graph":[{"@type":"WebPage","@id":"https:\/\/comprehensiveliquor.com\/product\/talisker-44-year-old-forests-of-the-deep\/","url":"https:\/\/comprehensiveliquor.com\/product\/talisker-44-year-old-forests-of-the-deep\/","name":"Talisker 44 Year Old Forests of the Deep","isPartOf":{"@id":"https:\/\/comprehensiveliquor.com\/#website"},"primaryImageOfPage":{"@id":"https:\/\/comprehensiveliquor.com\/product\/talisker-44-year-old-forests-of-the-deep\/#primaryimage"},"image":{"@id":"https:\/\/comprehensiveliquor.com\/product\/talisker-44-year-old-forests-of-the-deep\/#primaryimage"},"thumbnailUrl":"https:\/\/comprehensiveliquor.com\/wp-content\/uploads\/2022\/10\/image_2022-10-22_225627423.png","datePublished":"2022-10-22T22:01:02+00:00","dateModified":"2025-11-13T22:31:05+00:00","description":"Experience Talisker 44 Year Old Forests of the Deep, a rare luxury single malt crafted from ocean-inspired aging. Shop this exclusive release today.","breadcrumb":{"@id":"https:\/\/comprehensiveliquor.com\/product\/talisker-44-year-old-forests-of-the-deep\/#breadcrumb"},"inLanguage":"hu","potentialAction":[{"@type":"ReadAction","target":["https:\/\/comprehensiveliquor.com\/product\/talisker-44-year-old-forests-of-the-deep\/"]}]},{"@type":"ImageObject","inLanguage":"hu","@id":"https:\/\/comprehensiveliquor.com\/product\/talisker-44-year-old-forests-of-the-deep\/#primaryimage","url":"https:\/\/comprehensiveliquor.com\/wp-content\/uploads\/2022\/10\/image_2022-10-22_225627423.png","contentUrl":"https:\/\/comprehensiveliquor.com\/wp-content\/uploads\/2022\/10\/image_2022-10-22_225627423.png","width":480,"height":526,"caption":"Talisker 44 Year"},{"@type":"BreadcrumbList","@id":"https:\/\/comprehensiveliquor.com\/product\/talisker-44-year-old-forests-of-the-deep\/#breadcrumb","itemListElement":[{"@type":"ListItem","position":1,"name":"Home","item":"https:\/\/comprehensiveliquor.com\/"},{"@type":"ListItem","position":2,"name":"Shop","item":"https:\/\/comprehensiveliquor.com\/shop\/"},{"@type":"ListItem","position":3,"name":"Talisker 44 Year Old Forests Of The Deep"}]},{"@type":"WebSite","@id":"https:\/\/comprehensiveliquor.com\/#website","url":"https:\/\/comprehensiveliquor.com\/","name":"\u00c1tfog\u00f3 ital","description":"Best Liquor Store","publisher":{"@id":"https:\/\/comprehensiveliquor.com\/#organization"},"alternateName":"Comprehensive Liquor Store","potentialAction":[{"@type":"SearchAction","target":{"@type":"EntryPoint","urlTemplate":"https:\/\/comprehensiveliquor.com\/?s={search_term_string}"},"query-input":{"@type":"PropertyValueSpecification","valueRequired":true,"valueName":"search_term_string"}}],"inLanguage":"hu"},{"@type":"Organization","@id":"https:\/\/comprehensiveliquor.com\/#organization","name":"\u00c1tfog\u00f3 ital","alternateName":"Comprehensive Liquor Store","url":"https:\/\/comprehensiveliquor.com\/","logo":{"@type":"ImageObject","inLanguage":"hu","@id":"https:\/\/comprehensiveliquor.com\/#\/schema\/logo\/image\/","url":"https:\/\/comprehensiveliquor.com\/wp-content\/uploads\/2024\/03\/cropped-image_2024-03-26_131408877.png","contentUrl":"https:\/\/comprehensiveliquor.com\/wp-content\/uploads\/2024\/03\/cropped-image_2024-03-26_131408877.png","width":378,"height":263,"caption":"Comprehensive Liquor"},"image":{"@id":"https:\/\/comprehensiveliquor.com\/#\/schema\/logo\/image\/"}}]}},"_links":{"self":[{"href":"https:\/\/comprehensiveliquor.com\/hu\/wp-json\/wp\/v2\/product\/2847","targetHints":{"allow":["GET"]}}],"collection":[{"href":"https:\/\/comprehensiveliquor.com\/hu\/wp-json\/wp\/v2\/product"}],"about":[{"href":"https:\/\/comprehensiveliquor.com\/hu\/wp-json\/wp\/v2\/types\/product"}],"replies":[{"embeddable":true,"href":"https:\/\/comprehensiveliquor.com\/hu\/wp-json\/wp\/v2\/comments?post=2847"}],"wp:featuredmedia":[{"embeddable":true,"href":"https:\/\/comprehensiveliquor.com\/hu\/wp-json\/wp\/v2\/media\/2848"}],"wp:attachment":[{"href":"https:\/\/comprehensiveliquor.com\/hu\/wp-json\/wp\/v2\/media?parent=2847"}],"wp:term":[{"taxonomy":"product_brand","embeddable":true,"href":"https:\/\/comprehensiveliquor.com\/hu\/wp-json\/wp\/v2\/product_brand?post=2847"},{"taxonomy":"product_cat","embeddable":true,"href":"https:\/\/comprehensiveliquor.com\/hu\/wp-json\/wp\/v2\/product_cat?post=2847"},{"taxonomy":"product_tag","embeddable":true,"href":"https:\/\/comprehensiveliquor.com\/hu\/wp-json\/wp\/v2\/product_tag?post=2847"}],"curies":[{"name":"wp","href":"https:\/\/api.w.org\/{rel}","templated":true}]}}