{"id":2879,"date":"2022-10-22T23:04:52","date_gmt":"2022-10-22T23:04:52","guid":{"rendered":"https:\/\/comprehensiveliquor.com\/?post_type=product&#038;p=2879"},"modified":"2026-01-05T11:28:46","modified_gmt":"2026-01-05T11:28:46","slug":"macallan-x-sir-peter-blake-70cl","status":"publish","type":"product","link":"https:\/\/comprehensiveliquor.com\/hu\/product\/macallan-x-sir-peter-blake-70cl\/","title":{"rendered":"Macallan X Sir Peter Blake (70cl)"},"content":{"rendered":"<h2 class=\"product-single__title\" style=\"color: #252525;\">V\u00e1s\u00e1roljon Macallan X Sir Peter Blake-et online<\/h2>\n<p data-start=\"558\" data-end=\"881\"><strong data-start=\"558\" data-end=\"595\">Macallan X Sir Peter Blake (70cl)<\/strong> egy limit\u00e1lt kiad\u00e1s\u00fa single malt sk\u00f3t whisky, amely a Macallan \u00e9s a neves m\u0171v\u00e9sz, Sir Peter Blake egy\u00fcttm\u0171k\u00f6d\u00e9s\u00e9t \u00fcnnepli. Ez a kifejez\u00e9si forma a kiv\u00e9teles whisky-kidolgoz\u00e1st ikonikus vizu\u00e1lis diz\u00e1jnnal \u00f6tv\u00f6zi, \u00edgy rendk\u00edv\u00fcl vonz\u00f3 a gy\u0171jt\u0151k \u00e9s a whisky-rajong\u00f3k sz\u00e1m\u00e1ra.<\/p>\n<p data-start=\"883\" data-end=\"1167\">A whisky kifinomult jegyeket k\u00edn\u00e1l az aszalt gy\u00fcm\u00f6lcs\u00f6kre, az \u00e9des t\u00f6lgyre, a van\u00edli\u00e1ra \u00e9s a l\u00e1gy f\u0171szerekre, melyeket sima \u00e9s eleg\u00e1ns lecseng\u00e9s eg\u00e9sz\u00edt ki. A felt\u0171n\u0151, m\u0171v\u00e9sz \u00e1ltal tervezett palackban k\u00edn\u00e1lt Macallan X Sir Peter Blake egyar\u00e1nt kiemelkedik pr\u00e9mium kateg\u00f3ri\u00e1s kortyolgathat\u00f3 whiskyk\u00e9nt \u00e9s ki\u00e1ll\u00edt\u00e1sra m\u00e9lt\u00f3 gy\u0171jt\u0151i darabk\u00e9nt.<\/p>\n<p data-start=\"1169\" data-end=\"1233\">Ide\u00e1lis gy\u0171jt\u0151knek, aj\u00e1nd\u00e9koz\u00e1sra vagy k\u00fcl\u00f6nleges alkalmakra.<\/p>\n<p>&nbsp;<\/p>\n<h5>Attrib\u00fatumok<\/h5>\n<table>\n<tbody>\n<tr>\n<td><b>Kateg\u00f3ria<\/b><\/td>\n<td><a title=\"sk\u00f3t whisky\" href=\"https:\/\/comprehensiveliquor.com\/hu\/product-category\/scotch-whisky\/\">sk\u00f3t whisky<\/a><\/td>\n<\/tr>\n<tr>\n<td><strong>Series<\/strong><\/td>\n<td>Peter Blake Egy birtok, egy k\u00f6z\u00f6ss\u00e9g \u00e9s egy lep\u00e1rl\u00f3\u00fczem<\/td>\n<\/tr>\n<tr>\n<td><strong>Bottler<\/strong><\/td>\n<td>Distillery<\/td>\n<\/tr>\n<tr>\n<td><strong>Country<\/strong><\/td>\n<td>Scotland<\/td>\n<\/tr>\n<tr>\n<td><strong>Region<\/strong><\/td>\n<td><a title=\"Speyside\" href=\"https:\/\/fr.wikipedia.org\/wiki\/Speyside_(r\u00e9gion)\" target=\"_blank\" rel=\"noopener\">Speyside<\/a><\/td>\n<\/tr>\n<tr>\n<td><strong>Limit\u00e1lt kiad\u00e1s<\/strong><\/td>\n<td>Yes<\/td>\n<\/tr>\n<tr>\n<td><strong>Bottle Size<\/strong><\/td>\n<td>70cl<\/td>\n<\/tr>\n<tr>\n<td><strong>ABV<\/strong><\/td>\n<td>47.7%<\/td>\n<\/tr>\n<\/tbody>\n<\/table>","protected":false},"excerpt":{"rendered":"<p>Buy Macallan X Sir Peter Blake Online Macallan X Sir Peter Blake (70cl) is a limited-edition single malt Scotch whisky celebrating the collaboration between The Macallan and renowned artist Sir Peter Blake. This expression combines exceptional whisky craftsmanship with iconic visual design, making it highly desirable for collectors and whisky enthusiasts. The whisky delivers refined [&hellip;]<\/p>\n","protected":false},"featured_media":2880,"comment_status":"open","ping_status":"closed","template":"","meta":{"site-sidebar-layout":"default","site-content-layout":"default","ast-site-content-layout":"default","site-content-style":"default","site-sidebar-style":"default","ast-global-header-display":"","ast-banner-title-visibility":"","ast-main-header-display":"","ast-hfb-above-header-display":"","ast-hfb-below-header-display":"","ast-hfb-mobile-header-display":"","site-post-title":"","ast-breadcrumbs-content":"","ast-featured-img":"","footer-sml-layout":"","ast-disable-related-posts":"","theme-transparent-header-meta":"default","adv-header-id-meta":"","stick-header-meta":"","header-above-stick-meta":"","header-main-stick-meta":"","header-below-stick-meta":"","astra-migrate-meta-layouts":"set","ast-page-background-enabled":"default","ast-page-background-meta":{"desktop":{"background-color":"","background-image":"","background-repeat":"repeat","background-position":"center center","background-size":"auto","background-attachment":"scroll","background-type":"","background-media":"","overlay-type":"","overlay-color":"","overlay-opacity":"","overlay-gradient":""},"tablet":{"background-color":"","background-image":"","background-repeat":"repeat","background-position":"center center","background-size":"auto","background-attachment":"scroll","background-type":"","background-media":"","overlay-type":"","overlay-color":"","overlay-opacity":"","overlay-gradient":""},"mobile":{"background-color":"","background-image":"","background-repeat":"repeat","background-position":"center center","background-size":"auto","background-attachment":"scroll","background-type":"","background-media":"","overlay-type":"","overlay-color":"","overlay-opacity":"","overlay-gradient":""}},"ast-content-background-meta":{"desktop":{"background-color":"var(--ast-global-color-5)","background-image":"","background-repeat":"repeat","background-position":"center center","background-size":"auto","background-attachment":"scroll","background-type":"","background-media":"","overlay-type":"","overlay-color":"","overlay-opacity":"","overlay-gradient":""},"tablet":{"background-color":"var(--ast-global-color-5)","background-image":"","background-repeat":"repeat","background-position":"center center","background-size":"auto","background-attachment":"scroll","background-type":"","background-media":"","overlay-type":"","overlay-color":"","overlay-opacity":"","overlay-gradient":""},"mobile":{"background-color":"var(--ast-global-color-5)","background-image":"","background-repeat":"repeat","background-position":"center center","background-size":"auto","background-attachment":"scroll","background-type":"","background-media":"","overlay-type":"","overlay-color":"","overlay-opacity":"","overlay-gradient":""}}},"product_brand":[],"product_cat":[58,79,39,32],"product_tag":[],"class_list":{"0":"post-2879","1":"product","2":"type-product","3":"status-publish","4":"has-post-thumbnail","6":"product_cat-limited-edition","7":"product_cat-macallan","8":"product_cat-scotch-whisky","9":"product_cat-single-malt-whisky","10":"desktop-align-center","11":"tablet-align-left","12":"mobile-align-left","14":"first","15":"instock","16":"shipping-taxable","17":"purchasable","18":"product-type-simple"},"yoast_head":"<!-- This site is optimized with the Yoast SEO Premium plugin v24.7 (Yoast SEO v27.3) - https:\/\/yoast.com\/product\/yoast-seo-premium-wordpress\/ -->\n<title>Macallan X Sir Peter Blake 70cl Single Malt Whisky<\/title>\n<meta name=\"description\" content=\"Buy Macallan X Sir Peter Blake 70cl. A collectible single malt Scotch whisky with rich oak, dried fruit, and elegant design.\" \/>\n<meta name=\"robots\" content=\"index, follow, max-snippet:-1, max-image-preview:large, max-video-preview:-1\" \/>\n<link rel=\"canonical\" href=\"https:\/\/comprehensiveliquor.com\/hu\/product\/macallan-x-sir-peter-blake-70cl\/\" \/>\n<meta property=\"og:locale\" content=\"hu_HU\" \/>\n<meta property=\"og:type\" content=\"article\" \/>\n<meta property=\"og:title\" content=\"Macallan X Sir Peter Blake (70cl)\" \/>\n<meta property=\"og:description\" content=\"Buy Macallan X Sir Peter Blake 70cl. A collectible single malt Scotch whisky with rich oak, dried fruit, and elegant design.\" \/>\n<meta property=\"og:url\" content=\"https:\/\/comprehensiveliquor.com\/hu\/product\/macallan-x-sir-peter-blake-70cl\/\" \/>\n<meta property=\"og:site_name\" content=\"Comprehensive Liquor\" \/>\n<meta property=\"article:modified_time\" content=\"2026-01-05T11:28:46+00:00\" \/>\n<meta property=\"og:image\" content=\"https:\/\/comprehensiveliquor.com\/wp-content\/uploads\/2022\/10\/image_2022-10-23_000020659.png\" \/>\n\t<meta property=\"og:image:width\" content=\"480\" \/>\n\t<meta property=\"og:image:height\" content=\"505\" \/>\n\t<meta property=\"og:image:type\" content=\"image\/png\" \/>\n<meta name=\"twitter:card\" content=\"summary_large_image\" \/>\n<meta name=\"twitter:label1\" content=\"Becs\u00fclt olvas\u00e1si id\u0151\" \/>\n\t<meta name=\"twitter:data1\" content=\"1 perc\" \/>\n<script type=\"application\/ld+json\" class=\"yoast-schema-graph\">{\"@context\":\"https:\\\/\\\/schema.org\",\"@graph\":[{\"@type\":\"WebPage\",\"@id\":\"https:\\\/\\\/comprehensiveliquor.com\\\/product\\\/macallan-x-sir-peter-blake-70cl\\\/\",\"url\":\"https:\\\/\\\/comprehensiveliquor.com\\\/product\\\/macallan-x-sir-peter-blake-70cl\\\/\",\"name\":\"Macallan X Sir Peter Blake 70cl Single Malt Whisky\",\"isPartOf\":{\"@id\":\"https:\\\/\\\/comprehensiveliquor.com\\\/#website\"},\"primaryImageOfPage\":{\"@id\":\"https:\\\/\\\/comprehensiveliquor.com\\\/product\\\/macallan-x-sir-peter-blake-70cl\\\/#primaryimage\"},\"image\":{\"@id\":\"https:\\\/\\\/comprehensiveliquor.com\\\/product\\\/macallan-x-sir-peter-blake-70cl\\\/#primaryimage\"},\"thumbnailUrl\":\"https:\\\/\\\/comprehensiveliquor.com\\\/wp-content\\\/uploads\\\/2022\\\/10\\\/image_2022-10-23_000020659.png\",\"datePublished\":\"2022-10-22T23:04:52+00:00\",\"dateModified\":\"2026-01-05T11:28:46+00:00\",\"description\":\"Buy Macallan X Sir Peter Blake 70cl. A collectible single malt Scotch whisky with rich oak, dried fruit, and elegant design.\",\"breadcrumb\":{\"@id\":\"https:\\\/\\\/comprehensiveliquor.com\\\/product\\\/macallan-x-sir-peter-blake-70cl\\\/#breadcrumb\"},\"inLanguage\":\"hu\",\"potentialAction\":[{\"@type\":\"ReadAction\",\"target\":[\"https:\\\/\\\/comprehensiveliquor.com\\\/product\\\/macallan-x-sir-peter-blake-70cl\\\/\"]}]},{\"@type\":\"ImageObject\",\"inLanguage\":\"hu\",\"@id\":\"https:\\\/\\\/comprehensiveliquor.com\\\/product\\\/macallan-x-sir-peter-blake-70cl\\\/#primaryimage\",\"url\":\"https:\\\/\\\/comprehensiveliquor.com\\\/wp-content\\\/uploads\\\/2022\\\/10\\\/image_2022-10-23_000020659.png\",\"contentUrl\":\"https:\\\/\\\/comprehensiveliquor.com\\\/wp-content\\\/uploads\\\/2022\\\/10\\\/image_2022-10-23_000020659.png\",\"width\":480,\"height\":505,\"caption\":\"Macallan X Sir Peter Blake 70cl single malt Scotch whisky bottle\"},{\"@type\":\"BreadcrumbList\",\"@id\":\"https:\\\/\\\/comprehensiveliquor.com\\\/product\\\/macallan-x-sir-peter-blake-70cl\\\/#breadcrumb\",\"itemListElement\":[{\"@type\":\"ListItem\",\"position\":1,\"name\":\"Home\",\"item\":\"https:\\\/\\\/comprehensiveliquor.com\\\/\"},{\"@type\":\"ListItem\",\"position\":2,\"name\":\"Shop\",\"item\":\"https:\\\/\\\/comprehensiveliquor.com\\\/shop\\\/\"},{\"@type\":\"ListItem\",\"position\":3,\"name\":\"Macallan X Sir Peter Blake (70cl)\"}]},{\"@type\":\"WebSite\",\"@id\":\"https:\\\/\\\/comprehensiveliquor.com\\\/#website\",\"url\":\"https:\\\/\\\/comprehensiveliquor.com\\\/\",\"name\":\"Comprehensive Liquor\",\"description\":\"Best Liquor Store\",\"publisher\":{\"@id\":\"https:\\\/\\\/comprehensiveliquor.com\\\/#organization\"},\"alternateName\":\"Comprehensive Liquor Store\",\"potentialAction\":[{\"@type\":\"SearchAction\",\"target\":{\"@type\":\"EntryPoint\",\"urlTemplate\":\"https:\\\/\\\/comprehensiveliquor.com\\\/?s={search_term_string}\"},\"query-input\":{\"@type\":\"PropertyValueSpecification\",\"valueRequired\":true,\"valueName\":\"search_term_string\"}}],\"inLanguage\":\"hu\"},{\"@type\":\"Organization\",\"@id\":\"https:\\\/\\\/comprehensiveliquor.com\\\/#organization\",\"name\":\"Comprehensive Liquor\",\"alternateName\":\"Comprehensive Liquor Store\",\"url\":\"https:\\\/\\\/comprehensiveliquor.com\\\/\",\"logo\":{\"@type\":\"ImageObject\",\"inLanguage\":\"hu\",\"@id\":\"https:\\\/\\\/comprehensiveliquor.com\\\/#\\\/schema\\\/logo\\\/image\\\/\",\"url\":\"https:\\\/\\\/comprehensiveliquor.com\\\/wp-content\\\/uploads\\\/2024\\\/03\\\/cropped-image_2024-03-26_131408877.png\",\"contentUrl\":\"https:\\\/\\\/comprehensiveliquor.com\\\/wp-content\\\/uploads\\\/2024\\\/03\\\/cropped-image_2024-03-26_131408877.png\",\"width\":378,\"height\":263,\"caption\":\"Comprehensive Liquor\"},\"image\":{\"@id\":\"https:\\\/\\\/comprehensiveliquor.com\\\/#\\\/schema\\\/logo\\\/image\\\/\"}}]}<\/script>\n<!-- \/ Yoast SEO Premium plugin. -->","yoast_head_json":{"title":"Macallan X Sir Peter Blake 70cl Single Malt Whisky","description":"V\u00e1s\u00e1roljon Macallan X Sir Peter Blake 70cl-es whiskyt. Egy gy\u0171jthet\u0151 single malt sk\u00f3t whisky gazdag t\u00f6lgyfa arom\u00e1val, aszalt gy\u00fcm\u00f6lcs\u00f6kkel \u00e9s eleg\u00e1ns diz\u00e1jnnal.","robots":{"index":"index","follow":"follow","max-snippet":"max-snippet:-1","max-image-preview":"max-image-preview:large","max-video-preview":"max-video-preview:-1"},"canonical":"https:\/\/comprehensiveliquor.com\/hu\/product\/macallan-x-sir-peter-blake-70cl\/","og_locale":"hu_HU","og_type":"article","og_title":"Macallan X Sir Peter Blake (70cl)","og_description":"Buy Macallan X Sir Peter Blake 70cl. A collectible single malt Scotch whisky with rich oak, dried fruit, and elegant design.","og_url":"https:\/\/comprehensiveliquor.com\/hu\/product\/macallan-x-sir-peter-blake-70cl\/","og_site_name":"Comprehensive Liquor","article_modified_time":"2026-01-05T11:28:46+00:00","og_image":[{"width":480,"height":505,"url":"https:\/\/comprehensiveliquor.com\/wp-content\/uploads\/2022\/10\/image_2022-10-23_000020659.png","type":"image\/png"}],"twitter_card":"summary_large_image","twitter_misc":{"Becs\u00fclt olvas\u00e1si id\u0151":"1 perc"},"schema":{"@context":"https:\/\/schema.org","@graph":[{"@type":"WebPage","@id":"https:\/\/comprehensiveliquor.com\/product\/macallan-x-sir-peter-blake-70cl\/","url":"https:\/\/comprehensiveliquor.com\/product\/macallan-x-sir-peter-blake-70cl\/","name":"Macallan X Sir Peter Blake 70cl Single Malt Whisky","isPartOf":{"@id":"https:\/\/comprehensiveliquor.com\/#website"},"primaryImageOfPage":{"@id":"https:\/\/comprehensiveliquor.com\/product\/macallan-x-sir-peter-blake-70cl\/#primaryimage"},"image":{"@id":"https:\/\/comprehensiveliquor.com\/product\/macallan-x-sir-peter-blake-70cl\/#primaryimage"},"thumbnailUrl":"https:\/\/comprehensiveliquor.com\/wp-content\/uploads\/2022\/10\/image_2022-10-23_000020659.png","datePublished":"2022-10-22T23:04:52+00:00","dateModified":"2026-01-05T11:28:46+00:00","description":"V\u00e1s\u00e1roljon Macallan X Sir Peter Blake 70cl-es whiskyt. Egy gy\u0171jthet\u0151 single malt sk\u00f3t whisky gazdag t\u00f6lgyfa arom\u00e1val, aszalt gy\u00fcm\u00f6lcs\u00f6kkel \u00e9s eleg\u00e1ns diz\u00e1jnnal.","breadcrumb":{"@id":"https:\/\/comprehensiveliquor.com\/product\/macallan-x-sir-peter-blake-70cl\/#breadcrumb"},"inLanguage":"hu","potentialAction":[{"@type":"ReadAction","target":["https:\/\/comprehensiveliquor.com\/product\/macallan-x-sir-peter-blake-70cl\/"]}]},{"@type":"ImageObject","inLanguage":"hu","@id":"https:\/\/comprehensiveliquor.com\/product\/macallan-x-sir-peter-blake-70cl\/#primaryimage","url":"https:\/\/comprehensiveliquor.com\/wp-content\/uploads\/2022\/10\/image_2022-10-23_000020659.png","contentUrl":"https:\/\/comprehensiveliquor.com\/wp-content\/uploads\/2022\/10\/image_2022-10-23_000020659.png","width":480,"height":505,"caption":"Macallan X Sir Peter Blake 70cl single malt Scotch whisky bottle"},{"@type":"BreadcrumbList","@id":"https:\/\/comprehensiveliquor.com\/product\/macallan-x-sir-peter-blake-70cl\/#breadcrumb","itemListElement":[{"@type":"ListItem","position":1,"name":"Home","item":"https:\/\/comprehensiveliquor.com\/"},{"@type":"ListItem","position":2,"name":"Shop","item":"https:\/\/comprehensiveliquor.com\/shop\/"},{"@type":"ListItem","position":3,"name":"Macallan X Sir Peter Blake (70cl)"}]},{"@type":"WebSite","@id":"https:\/\/comprehensiveliquor.com\/#website","url":"https:\/\/comprehensiveliquor.com\/","name":"\u00c1tfog\u00f3 ital","description":"Best Liquor Store","publisher":{"@id":"https:\/\/comprehensiveliquor.com\/#organization"},"alternateName":"Comprehensive Liquor Store","potentialAction":[{"@type":"SearchAction","target":{"@type":"EntryPoint","urlTemplate":"https:\/\/comprehensiveliquor.com\/?s={search_term_string}"},"query-input":{"@type":"PropertyValueSpecification","valueRequired":true,"valueName":"search_term_string"}}],"inLanguage":"hu"},{"@type":"Organization","@id":"https:\/\/comprehensiveliquor.com\/#organization","name":"\u00c1tfog\u00f3 ital","alternateName":"Comprehensive Liquor Store","url":"https:\/\/comprehensiveliquor.com\/","logo":{"@type":"ImageObject","inLanguage":"hu","@id":"https:\/\/comprehensiveliquor.com\/#\/schema\/logo\/image\/","url":"https:\/\/comprehensiveliquor.com\/wp-content\/uploads\/2024\/03\/cropped-image_2024-03-26_131408877.png","contentUrl":"https:\/\/comprehensiveliquor.com\/wp-content\/uploads\/2024\/03\/cropped-image_2024-03-26_131408877.png","width":378,"height":263,"caption":"Comprehensive Liquor"},"image":{"@id":"https:\/\/comprehensiveliquor.com\/#\/schema\/logo\/image\/"}}]}},"_links":{"self":[{"href":"https:\/\/comprehensiveliquor.com\/hu\/wp-json\/wp\/v2\/product\/2879","targetHints":{"allow":["GET"]}}],"collection":[{"href":"https:\/\/comprehensiveliquor.com\/hu\/wp-json\/wp\/v2\/product"}],"about":[{"href":"https:\/\/comprehensiveliquor.com\/hu\/wp-json\/wp\/v2\/types\/product"}],"replies":[{"embeddable":true,"href":"https:\/\/comprehensiveliquor.com\/hu\/wp-json\/wp\/v2\/comments?post=2879"}],"wp:featuredmedia":[{"embeddable":true,"href":"https:\/\/comprehensiveliquor.com\/hu\/wp-json\/wp\/v2\/media\/2880"}],"wp:attachment":[{"href":"https:\/\/comprehensiveliquor.com\/hu\/wp-json\/wp\/v2\/media?parent=2879"}],"wp:term":[{"taxonomy":"product_brand","embeddable":true,"href":"https:\/\/comprehensiveliquor.com\/hu\/wp-json\/wp\/v2\/product_brand?post=2879"},{"taxonomy":"product_cat","embeddable":true,"href":"https:\/\/comprehensiveliquor.com\/hu\/wp-json\/wp\/v2\/product_cat?post=2879"},{"taxonomy":"product_tag","embeddable":true,"href":"https:\/\/comprehensiveliquor.com\/hu\/wp-json\/wp\/v2\/product_tag?post=2879"}],"curies":[{"name":"wp","href":"https:\/\/api.w.org\/{rel}","templated":true}]}}